{"id":1883729,"date":"2026-04-12T13:10:25","date_gmt":"2026-04-12T11:10:25","guid":{"rendered":"https:\/\/dev6.erresse-shop.it\/shop\/sin%20categor\u00eda\/le-creuset-tetera-traditional-azur\/"},"modified":"2025-11-27T17:02:17","modified_gmt":"2025-11-27T16:02:17","slug":"le-creuset-tetera-traditional-azur","status":"publish","type":"product","link":"https:\/\/dev6.erresse-shop.it\/es\/shop\/cocina\/hervidores\/le-creuset-tetera-traditional-azur\/","title":{"rendered":"LE CREUSET Tetera Traditional Azur"},"content":{"rendered":"<p>\u00bfQuieres una taza de t\u00e9?<br \/>\nA\u00f1ade un toque de estilo vintage a tu cocina con este cl\u00e1sico hervidor que silba cuando el agua est\u00e1 lista. La base resistente apta para inducci\u00f3n calienta el agua r\u00e1pidamente, mientras que el mango ergon\u00f3mico resistente al calor hace que verter sea f\u00e1cil y seguro. Fabricado en acero esmaltado, a\u00f1ade un toque de color a tu hogar.<\/p>\n<p>Detalles del producto<br \/>\nDetalles<br \/>\nUn arco iris de colores: disponible en una amplia variedad de colores, nuestra gama agregar\u00e1 un toque de color a su cocina.<br \/>\nEficiencia avanzada: Nuestros hervidores tienen una base amplia para un calentamiento m\u00e1s eficiente.<br \/>\nLo mejor en su clase: Nuestros productos est\u00e1n elaborados con los mejores materiales en f\u00e1bricas de todo el mundo para brindar la calidad que espera de Le Creuset.<\/p>\n<p>Material: Acero al carbono esmaltado<br \/>\nHecho en: Tailandia<br \/>\nGarant\u00eda: 5 a\u00f1os<\/p>\n<p>Fuente de calor<br \/>\nPlaca el\u00e9ctrica<br \/>\nCer\u00e1mica de vidrio<br \/>\nencimera de gas<br \/>\nPlaca de inducci\u00f3n<\/p>\n<p>Dimensiones<br \/>\nCapacidad: 2,1 L<br \/>\nLongitud: 27,6 cm<br \/>\nAncho: 20,9 cm<br \/>\nAltura: 25,2 cm<\/p>\n<p>Consejos de uso<br \/>\nAntes del primer uso<br \/>\n\u00a1Disfruta el momento de desembalar tu nueva compra! Y aseg\u00farese de quitar todas las etiquetas y el embalaje.<br \/>\nLave su producto Le Creuset con agua tibia y jab\u00f3n, luego enju\u00e1guelo y seque bien.<br \/>\nAntes de utilizar el hervidor por primera vez, retire la tapa, ll\u00e9nelo con agua limpia, ll\u00e9velo a ebullici\u00f3n y deseche el agua.<br \/>\nNo llene m\u00e1s all\u00e1 del indicador.<\/p>\n<p>Cocinar<br \/>\nPara las placas de inducci\u00f3n, evite utilizar la funci\u00f3n \u201cbooster\u201d, ya que solo debe utilizarse para calentar r\u00e1pidamente grandes vol\u00famenes de agua.<br \/>\nLevante el hervidor cuando lo mueva, no lo deslice sobre la superficie para evitar da\u00f1ar la base del hervidor o la superficie.<br \/>\nNo deslice el producto sobre una placa de vitrocer\u00e1mica, ya que podr\u00eda da\u00f1ar la base del producto y el cristal. Levante siempre el producto al colocarlo, moverlo o retirarlo de la superficie.<br \/>\nCuando est\u00e9 caliente, col\u00f3quelo sobre una superficie resistente al calor.<\/p>\n<p>Limpio<br \/>\nLimpie el hervidor despu\u00e9s de cada uso lav\u00e1ndolo a mano con un detergente neutro. Nunca utilice abrasivos o detergentes agresivos, ya que pueden da\u00f1ar la superficie. \u00bfHecho? Seque bien el hervidor para evitar dep\u00f3sitos minerales.<br \/>\nNo deje agua en el hervidor cuando no est\u00e9 en uso.<br \/>\nPara eliminar los dep\u00f3sitos minerales, llene el hervidor hasta el nivel m\u00e1ximo con una mezcla de 50% de agua y 50% de vinagre blanco y cocine a fuego lento durante 20 minutos. Si el dep\u00f3sito persiste, utilice un descalcificador suave.<br \/>\nDespu\u00e9s del lavado, seque bien el producto y gu\u00e1rdelo en un lugar seco.<\/p>\n<p>Uso<br \/>\nUtilice el producto sobre la placa de cocci\u00f3n m\u00e1s adecuada para evitar da\u00f1os o sobrecalentamiento.<br \/>\nEn las cocinas de inducci\u00f3n, no conf\u00ede en la funci\u00f3n de apagado autom\u00e1tico. En caso de mal funcionamiento, toda el agua del hervidor podr\u00eda evaporarse, causando da\u00f1os por sobrecalentamiento.<br \/>\nPara los hervidores con mango plegable, para evitar que el mango se sobrecaliente, aseg\u00farese de que est\u00e9 bien fijado en posici\u00f3n vertical antes de colocar el hervidor sobre la fuente de calor.<br \/>\nCierre bien la tapa para mantener el mango a salvo del vapor.<br \/>\nAseg\u00farese siempre de que las muescas del pico y de la tapa est\u00e9n orientadas en direcci\u00f3n opuesta a usted y a otras personas.<br \/>\nNo deje el hervidor sobre la fuente de calor hasta que se acabe el agua, ya que esto provocar\u00e1 un sobrecalentamiento r\u00e1pido.<br \/>\nRecuerde apagar la fuente de calor cuando el agua comience a hervir y retirar la tetera de la fuente de calor.<br \/>\n\u00bfEst\u00e1 hirviendo el agua? Espere entre 10 y 15 segundos antes de retirar el hervidor de la fuente de calor y luego vierta. Nunca ponga el hervidor boca abajo. Aseg\u00farese de cerrar la tapa presionando firmemente la perilla.<br \/>\nDeje que el hervidor se enfr\u00ede completamente antes de llenarlo con agua fr\u00eda.<\/p>\n","protected":false},"excerpt":{"rendered":"<p>\u00bfQuieres una taza de t\u00e9? A\u00f1ade un toque de estilo vintage a tu cocina con este cl\u00e1sico hervidor que silba cuando el agua est\u00e1 lista. La base resistente apta para inducci\u00f3n calienta el agua r\u00e1pidamente, mientras que el mango ergon\u00f3mico resistente al calor hace que verter sea f\u00e1cil y seguro. Fabricado en acero esmaltado, a\u00f1ade [&hellip;]<\/p>\n","protected":false},"featured_media":6376229,"template":"","meta":{"_acf_changed":false},"product_cat":[11884,11897],"product_tag":[],"class_list":{"0":"post-1883729","1":"product","2":"type-product","3":"status-publish","4":"has-post-thumbnail","6":"product_cat-cocina","7":"product_cat-hervidores","9":"first","10":"instock","11":"sale","12":"taxable","13":"shipping-taxable","14":"purchasable","15":"product-type-simple","swatches":"rey-swatches","show_selected":"","stretch_labels":"rey-swatches--stretch-labels"},"acf":[],"yoast_head":"<!-- This site is optimized with the Yoast SEO plugin v25.4 - https:\/\/yoast.com\/wordpress\/plugins\/seo\/ -->\n<title>LE CREUSET Tetera Traditional Azur - dev6 Erresse<\/title>\n<meta name=\"description\" content=\"\u00bfQuieres una taza de t\u00e9? A\u00f1ade un toque de estilo vintage a tu cocina con este cl\u00e1sico hervidor que silba cuando el agua est\u00e1 lista. La base resistente\" \/>\n<meta name=\"robots\" content=\"noindex, follow, max-snippet:-1, max-image-preview:large, max-video-preview:-1\" \/>\n<meta property=\"og:locale\" content=\"es_ES\" \/>\n<meta property=\"og:type\" content=\"article\" \/>\n<meta property=\"og:title\" content=\"LE CREUSET Tetera Traditional Azur - dev6 Erresse\" \/>\n<meta property=\"og:description\" content=\"\u00bfQuieres una taza de t\u00e9? A\u00f1ade un toque de estilo vintage a tu cocina con este cl\u00e1sico hervidor que silba cuando el agua est\u00e1 lista. La base resistente\" \/>\n<meta property=\"og:url\" content=\"https:\/\/dev6.erresse-shop.it\/es\/shop\/cocina\/hervidores\/le-creuset-tetera-traditional-azur\/\" \/>\n<meta property=\"og:site_name\" content=\"dev6 Erresse\" \/>\n<meta property=\"og:image\" content=\"https:\/\/interpim.erresse-shop.it\/Import\/Prodotti\/le-creuset-bollitore-tradition-azure.jpg\" \/><meta property=\"og:image\" content=\"https:\/\/interpim.erresse-shop.it\/Import\/Prodotti\/le-creuset-bollitore-tradition-azure.jpg\" \/>\n\t<meta property=\"og:image:width\" content=\"1024\" \/>\n\t<meta property=\"og:image:height\" content=\"1024\" \/>\n\t<meta property=\"og:image:type\" content=\"image\/jpeg\" \/>\n<meta name=\"twitter:card\" content=\"summary_large_image\" \/>\n<meta name=\"twitter:image\" content=\"https:\/\/interpim.erresse-shop.it\/Import\/Prodotti\/le-creuset-bollitore-tradition-azure.jpg\" \/>\n<script type=\"application\/ld+json\" class=\"yoast-schema-graph\">{\"@context\":\"https:\/\/schema.org\",\"@graph\":[{\"@type\":\"WebPage\",\"@id\":\"https:\/\/dev6.erresse-shop.it\/es\/shop\/cocina\/hervidores\/le-creuset-tetera-traditional-azur\/\",\"url\":\"https:\/\/dev6.erresse-shop.it\/es\/shop\/cocina\/hervidores\/le-creuset-tetera-traditional-azur\/\",\"name\":\"LE CREUSET Tetera Traditional Azur - dev6 Erresse\",\"isPartOf\":{\"@id\":\"https:\/\/dev6.erresse-shop.it\/#website\"},\"primaryImageOfPage\":{\"@id\":\"https:\/\/dev6.erresse-shop.it\/es\/shop\/cocina\/hervidores\/le-creuset-tetera-traditional-azur\/#primaryimage\"},\"image\":{\"@id\":\"https:\/\/dev6.erresse-shop.it\/es\/shop\/cocina\/hervidores\/le-creuset-tetera-traditional-azur\/#primaryimage\"},\"thumbnailUrl\":\"https:\/\/i0.wp.com\/interpim.erresse-shop.it\/Import\/Prodotti\/le-creuset-bollitore-tradition-azure.jpg?ssl=1\",\"datePublished\":\"2026-04-12T11:10:25+00:00\",\"description\":\"\u00bfQuieres una taza de t\u00e9? A\u00f1ade un toque de estilo vintage a tu cocina con este cl\u00e1sico hervidor que silba cuando el agua est\u00e1 lista. La base resistente\",\"breadcrumb\":{\"@id\":\"https:\/\/dev6.erresse-shop.it\/es\/shop\/cocina\/hervidores\/le-creuset-tetera-traditional-azur\/#breadcrumb\"},\"inLanguage\":\"es\",\"potentialAction\":[{\"@type\":\"ReadAction\",\"target\":[\"https:\/\/dev6.erresse-shop.it\/es\/shop\/cocina\/hervidores\/le-creuset-tetera-traditional-azur\/\"]}]},{\"@type\":\"ImageObject\",\"inLanguage\":\"es\",\"@id\":\"https:\/\/dev6.erresse-shop.it\/es\/shop\/cocina\/hervidores\/le-creuset-tetera-traditional-azur\/#primaryimage\",\"url\":\"https:\/\/i0.wp.com\/interpim.erresse-shop.it\/Import\/Prodotti\/le-creuset-bollitore-tradition-azure.jpg?ssl=1\",\"contentUrl\":\"https:\/\/i0.wp.com\/interpim.erresse-shop.it\/Import\/Prodotti\/le-creuset-bollitore-tradition-azure.jpg?ssl=1\"},{\"@type\":\"BreadcrumbList\",\"@id\":\"https:\/\/dev6.erresse-shop.it\/es\/shop\/cocina\/hervidores\/le-creuset-tetera-traditional-azur\/#breadcrumb\",\"itemListElement\":[{\"@type\":\"ListItem\",\"position\":1,\"name\":\"Home\",\"item\":\"https:\/\/dev6.erresse-shop.it\/\"},{\"@type\":\"ListItem\",\"position\":2,\"name\":\"Tienda\",\"item\":\"https:\/\/dev6.erresse-shop.it\/shop\/\"},{\"@type\":\"ListItem\",\"position\":3,\"name\":\"LE CREUSET Tetera Traditional Azur\"}]},{\"@type\":\"WebSite\",\"@id\":\"https:\/\/dev6.erresse-shop.it\/#website\",\"url\":\"https:\/\/dev6.erresse-shop.it\/\",\"name\":\"Erresse Shop\",\"description\":\"\",\"publisher\":{\"@id\":\"https:\/\/dev6.erresse-shop.it\/#organization\"},\"potentialAction\":[{\"@type\":\"SearchAction\",\"target\":{\"@type\":\"EntryPoint\",\"urlTemplate\":\"https:\/\/dev6.erresse-shop.it\/?s={search_term_string}\"},\"query-input\":{\"@type\":\"PropertyValueSpecification\",\"valueRequired\":true,\"valueName\":\"search_term_string\"}}],\"inLanguage\":\"es\"},{\"@type\":\"Organization\",\"@id\":\"https:\/\/dev6.erresse-shop.it\/#organization\",\"name\":\"Erresse Shop\",\"url\":\"https:\/\/dev6.erresse-shop.it\/\",\"logo\":{\"@type\":\"ImageObject\",\"inLanguage\":\"es\",\"@id\":\"https:\/\/dev6.erresse-shop.it\/#\/schema\/logo\/image\/\",\"url\":\"https:\/\/dev6.erresse-shop.it\/wp-content\/uploads\/2025\/01\/LOGO-ERRESSE-CLASSICO.svg\",\"contentUrl\":\"https:\/\/dev6.erresse-shop.it\/wp-content\/uploads\/2025\/01\/LOGO-ERRESSE-CLASSICO.svg\",\"caption\":\"Erresse Shop\"},\"image\":{\"@id\":\"https:\/\/dev6.erresse-shop.it\/#\/schema\/logo\/image\/\"}}]}<\/script>\n<!-- \/ Yoast SEO plugin. -->","yoast_head_json":{"title":"LE CREUSET Tetera Traditional Azur - dev6 Erresse","description":"\u00bfQuieres una taza de t\u00e9? A\u00f1ade un toque de estilo vintage a tu cocina con este cl\u00e1sico hervidor que silba cuando el agua est\u00e1 lista. La base resistente","robots":{"index":"noindex","follow":"follow","max-snippet":"max-snippet:-1","max-image-preview":"max-image-preview:large","max-video-preview":"max-video-preview:-1"},"og_locale":"es_ES","og_type":"article","og_title":"LE CREUSET Tetera Traditional Azur - dev6 Erresse","og_description":"\u00bfQuieres una taza de t\u00e9? A\u00f1ade un toque de estilo vintage a tu cocina con este cl\u00e1sico hervidor que silba cuando el agua est\u00e1 lista. La base resistente","og_url":"https:\/\/dev6.erresse-shop.it\/es\/shop\/cocina\/hervidores\/le-creuset-tetera-traditional-azur\/","og_site_name":"dev6 Erresse","og_image":[{"url":"https:\/\/interpim.erresse-shop.it\/Import\/Prodotti\/le-creuset-bollitore-tradition-azure.jpg","type":"","width":"","height":""},{"url":"https:\/\/interpim.erresse-shop.it\/Import\/Prodotti\/le-creuset-bollitore-tradition-azure.jpg","width":1024,"height":1024,"type":"image\/jpeg"}],"twitter_card":"summary_large_image","twitter_image":"https:\/\/interpim.erresse-shop.it\/Import\/Prodotti\/le-creuset-bollitore-tradition-azure.jpg","schema":{"@context":"https:\/\/schema.org","@graph":[{"@type":"WebPage","@id":"https:\/\/dev6.erresse-shop.it\/es\/shop\/cocina\/hervidores\/le-creuset-tetera-traditional-azur\/","url":"https:\/\/dev6.erresse-shop.it\/es\/shop\/cocina\/hervidores\/le-creuset-tetera-traditional-azur\/","name":"LE CREUSET Tetera Traditional Azur - dev6 Erresse","isPartOf":{"@id":"https:\/\/dev6.erresse-shop.it\/#website"},"primaryImageOfPage":{"@id":"https:\/\/dev6.erresse-shop.it\/es\/shop\/cocina\/hervidores\/le-creuset-tetera-traditional-azur\/#primaryimage"},"image":{"@id":"https:\/\/dev6.erresse-shop.it\/es\/shop\/cocina\/hervidores\/le-creuset-tetera-traditional-azur\/#primaryimage"},"thumbnailUrl":"https:\/\/i0.wp.com\/interpim.erresse-shop.it\/Import\/Prodotti\/le-creuset-bollitore-tradition-azure.jpg?ssl=1","datePublished":"2026-04-12T11:10:25+00:00","description":"\u00bfQuieres una taza de t\u00e9? A\u00f1ade un toque de estilo vintage a tu cocina con este cl\u00e1sico hervidor que silba cuando el agua est\u00e1 lista. La base resistente","breadcrumb":{"@id":"https:\/\/dev6.erresse-shop.it\/es\/shop\/cocina\/hervidores\/le-creuset-tetera-traditional-azur\/#breadcrumb"},"inLanguage":"es","potentialAction":[{"@type":"ReadAction","target":["https:\/\/dev6.erresse-shop.it\/es\/shop\/cocina\/hervidores\/le-creuset-tetera-traditional-azur\/"]}]},{"@type":"ImageObject","inLanguage":"es","@id":"https:\/\/dev6.erresse-shop.it\/es\/shop\/cocina\/hervidores\/le-creuset-tetera-traditional-azur\/#primaryimage","url":"https:\/\/i0.wp.com\/interpim.erresse-shop.it\/Import\/Prodotti\/le-creuset-bollitore-tradition-azure.jpg?ssl=1","contentUrl":"https:\/\/i0.wp.com\/interpim.erresse-shop.it\/Import\/Prodotti\/le-creuset-bollitore-tradition-azure.jpg?ssl=1"},{"@type":"BreadcrumbList","@id":"https:\/\/dev6.erresse-shop.it\/es\/shop\/cocina\/hervidores\/le-creuset-tetera-traditional-azur\/#breadcrumb","itemListElement":[{"@type":"ListItem","position":1,"name":"Home","item":"https:\/\/dev6.erresse-shop.it\/"},{"@type":"ListItem","position":2,"name":"Tienda","item":"https:\/\/dev6.erresse-shop.it\/shop\/"},{"@type":"ListItem","position":3,"name":"LE CREUSET Tetera Traditional Azur"}]},{"@type":"WebSite","@id":"https:\/\/dev6.erresse-shop.it\/#website","url":"https:\/\/dev6.erresse-shop.it\/","name":"Erresse Shop","description":"","publisher":{"@id":"https:\/\/dev6.erresse-shop.it\/#organization"},"potentialAction":[{"@type":"SearchAction","target":{"@type":"EntryPoint","urlTemplate":"https:\/\/dev6.erresse-shop.it\/?s={search_term_string}"},"query-input":{"@type":"PropertyValueSpecification","valueRequired":true,"valueName":"search_term_string"}}],"inLanguage":"es"},{"@type":"Organization","@id":"https:\/\/dev6.erresse-shop.it\/#organization","name":"Erresse Shop","url":"https:\/\/dev6.erresse-shop.it\/","logo":{"@type":"ImageObject","inLanguage":"es","@id":"https:\/\/dev6.erresse-shop.it\/#\/schema\/logo\/image\/","url":"https:\/\/dev6.erresse-shop.it\/wp-content\/uploads\/2025\/01\/LOGO-ERRESSE-CLASSICO.svg","contentUrl":"https:\/\/dev6.erresse-shop.it\/wp-content\/uploads\/2025\/01\/LOGO-ERRESSE-CLASSICO.svg","caption":"Erresse Shop"},"image":{"@id":"https:\/\/dev6.erresse-shop.it\/#\/schema\/logo\/image\/"}}]}},"df_price":106,"df_sale_price":106,"df_regular_price":135,"df_image_link":"https:\/\/i0.wp.com\/interpim.erresse-shop.it\/Import\/Prodotti\/le-creuset-bollitore-tradition-azure.jpg?resize=300,300&ssl=1","fifu_image_url":"https:\/\/interpim.erresse-shop.it\/Import\/Prodotti\/le-creuset-bollitore-tradition-azure.jpg","_links":{"self":[{"href":"https:\/\/dev6.erresse-shop.it\/es\/wp-json\/wp\/v2\/product\/1883729","targetHints":{"allow":["GET"]}}],"collection":[{"href":"https:\/\/dev6.erresse-shop.it\/es\/wp-json\/wp\/v2\/product"}],"about":[{"href":"https:\/\/dev6.erresse-shop.it\/es\/wp-json\/wp\/v2\/types\/product"}],"wp:featuredmedia":[{"embeddable":true,"href":"https:\/\/dev6.erresse-shop.it\/es\/wp-json\/wp\/v2\/media\/6376229"}],"wp:attachment":[{"href":"https:\/\/dev6.erresse-shop.it\/es\/wp-json\/wp\/v2\/media?parent=1883729"}],"wp:term":[{"taxonomy":"product_cat","embeddable":true,"href":"https:\/\/dev6.erresse-shop.it\/es\/wp-json\/wp\/v2\/product_cat?post=1883729"},{"taxonomy":"product_tag","embeddable":true,"href":"https:\/\/dev6.erresse-shop.it\/es\/wp-json\/wp\/v2\/product_tag?post=1883729"}],"curies":[{"name":"wp","href":"https:\/\/api.w.org\/{rel}","templated":true}]}}