{"id":1883693,"date":"2026-04-12T13:07:48","date_gmt":"2026-04-12T11:07:48","guid":{"rendered":"https:\/\/dev6.erresse-shop.it\/shop\/sin%20categor\u00eda\/cookvision-nesto-smart-kochgeschirr-set-10-teilig-schwarz\/"},"modified":"2025-09-14T10:21:45","modified_gmt":"2025-09-14T08:21:45","slug":"cookvision-nesto-smart-kochgeschirr-set-10-teilig-schwarz","status":"publish","type":"product","link":"https:\/\/dev6.erresse-shop.it\/es\/shop\/sartenes-y-ollas\/juegos-de-ollas\/cookvision-nesto-smart-kochgeschirr-set-10-teilig-schwarz\/","title":{"rendered":"COOKVISION Nesto Smart Kochgeschirr-Set, 10-teilig, Schwarz"},"content":{"rendered":"<p>ESPACIO Y ORDEN HASTA EN LA COCINA M\u00c1S PEQUE\u00d1A<\/p>\n<p>Nesto est\u00e1 dise\u00f1ado para que todas las ollas y sartenes se puedan apilar unas dentro de otras sin aumentar significativamente la altura. Incluso la sart\u00e9n m\u00e1s grande cabe en la m\u00e1s peque\u00f1a y los art\u00edculos del mismo tama\u00f1o no son un problema. \u00a1Nesto ahorra el m\u00e1ximo espacio en todos los aspectos!<\/p>\n<p>SERVIR Y SERVIR<\/p>\n<p>Los utensilios de cocina Nesto de acero inoxidable son tan elegantes y de tan alta calidad.<br \/>\nCualidades que tambi\u00e9n puedes utilizarlas directamente para servir.<\/p>\n<p>\u00a1Las ollas sin asas se transforman en elegantes y llamativos cuencos para ensaladas, verduras y guarniciones!<\/p>\n<p>COCINAR A NIVEL PROFESIONAL<\/p>\n<p>\u00bfQu\u00e9 distingue los equipos profesionales de las herramientas de hobby? El material y el acabado: Para Nesto utilizamos acero inoxidable de cromo-n\u00edquel 18\/10 extrafuerte. Nesto est\u00e1 equipado con una base t\u00e9rmica encapsulada de 6 mm de espesor con n\u00facleo de aluminio. Esto garantiza que los suelos no se hundan incluso en condiciones de calor extremo y, por tanto, garantiza una distribuci\u00f3n \u00f3ptima del calor.<\/p>\n<p>Tapa con salida de vapor<\/p>\n<p>Las tapas Nesto tienen una salida de vapor lateral y, por lo tanto, dirigen perfectamente el vapor que se escapa hacia los ventiladores Downdraft y las campanas extractoras.<\/p>\n<p>\u00a1Los olores, vapores y grasas de la cocina se eliminan continuamente y la zona de cocci\u00f3n permanece limpia!<\/p>\n<p>El juego de utensilios de cocina contiene:<\/p>\n<p>3 macetas:<\/p>\n<p>\u00f8 16 x 8,5 cm 1,3 l<br \/>\n\u00f8 20 x 11,4 cm 2,8 l<br \/>\n\u00f8 24 x 14,0 cm 5,1 l<\/p>\n<p>3 tapas de vidrio:<\/p>\n<p>\u00f8 16 cm<br \/>\n\u00f820cm<br \/>\n\u00f8 24 cm<\/p>\n<p>1 mango largo2 empu\u00f1aduras de silicona1 salvamanteles<\/p>\n","protected":false},"excerpt":{"rendered":"<p>ESPACIO Y ORDEN HASTA EN LA COCINA M\u00c1S PEQUE\u00d1A Nesto est\u00e1 dise\u00f1ado para que todas las ollas y sartenes se puedan apilar unas dentro de otras sin aumentar significativamente la altura. Incluso la sart\u00e9n m\u00e1s grande cabe en la m\u00e1s peque\u00f1a y los art\u00edculos del mismo tama\u00f1o no son un problema. \u00a1Nesto ahorra el m\u00e1ximo [&hellip;]<\/p>\n","protected":false},"featured_media":6376099,"template":"","meta":{"_acf_changed":false},"product_cat":[11916,11883],"product_tag":[],"class_list":{"0":"post-1883693","1":"product","2":"type-product","3":"status-publish","4":"has-post-thumbnail","6":"product_cat-juegos-de-ollas","7":"product_cat-sartenes-y-ollas","9":"first","10":"instock","11":"sale","12":"taxable","13":"shipping-taxable","14":"purchasable","15":"product-type-simple","swatches":"rey-swatches","show_selected":"","stretch_labels":"rey-swatches--stretch-labels"},"acf":[],"yoast_head":"<!-- This site is optimized with the Yoast SEO plugin v25.4 - https:\/\/yoast.com\/wordpress\/plugins\/seo\/ -->\n<title>COOKVISION Nesto Smart Kochgeschirr-Set, 10-teilig, Schwarz - dev6 Erresse<\/title>\n<meta name=\"description\" content=\"ESPACIO Y ORDEN HASTA EN LA COCINA M\u00c1S PEQUE\u00d1A Nesto est\u00e1 dise\u00f1ado para que todas las ollas y sartenes se puedan apilar unas dentro de otras sin aumentar\" \/>\n<meta name=\"robots\" content=\"noindex, follow, max-snippet:-1, max-image-preview:large, max-video-preview:-1\" \/>\n<meta property=\"og:locale\" content=\"es_ES\" \/>\n<meta property=\"og:type\" content=\"article\" \/>\n<meta property=\"og:title\" content=\"COOKVISION Nesto Smart Kochgeschirr-Set, 10-teilig, Schwarz - dev6 Erresse\" \/>\n<meta property=\"og:description\" content=\"ESPACIO Y ORDEN HASTA EN LA COCINA M\u00c1S PEQUE\u00d1A Nesto est\u00e1 dise\u00f1ado para que todas las ollas y sartenes se puedan apilar unas dentro de otras sin aumentar\" \/>\n<meta property=\"og:url\" content=\"https:\/\/dev6.erresse-shop.it\/es\/shop\/sartenes-y-ollas\/juegos-de-ollas\/cookvision-nesto-smart-kochgeschirr-set-10-teilig-schwarz\/\" \/>\n<meta property=\"og:site_name\" content=\"dev6 Erresse\" \/>\n<meta property=\"og:image\" content=\"https:\/\/interpim.erresse-shop.it\/Import\/Prodotti\/cookvision-set-pentole-smart-nesto-10-pezzi-nero.jpg\" \/><meta property=\"og:image\" content=\"https:\/\/interpim.erresse-shop.it\/Import\/Prodotti\/cookvision-set-pentole-smart-nesto-10-pezzi-nero.jpg\" \/>\n\t<meta property=\"og:image:width\" content=\"1024\" \/>\n\t<meta property=\"og:image:height\" content=\"1024\" \/>\n\t<meta property=\"og:image:type\" content=\"image\/jpeg\" \/>\n<meta name=\"twitter:card\" content=\"summary_large_image\" \/>\n<meta name=\"twitter:image\" content=\"https:\/\/interpim.erresse-shop.it\/Import\/Prodotti\/cookvision-set-pentole-smart-nesto-10-pezzi-nero.jpg\" \/>\n<script type=\"application\/ld+json\" class=\"yoast-schema-graph\">{\"@context\":\"https:\/\/schema.org\",\"@graph\":[{\"@type\":\"WebPage\",\"@id\":\"https:\/\/dev6.erresse-shop.it\/es\/shop\/sartenes-y-ollas\/juegos-de-ollas\/cookvision-nesto-smart-kochgeschirr-set-10-teilig-schwarz\/\",\"url\":\"https:\/\/dev6.erresse-shop.it\/es\/shop\/sartenes-y-ollas\/juegos-de-ollas\/cookvision-nesto-smart-kochgeschirr-set-10-teilig-schwarz\/\",\"name\":\"COOKVISION Nesto Smart Kochgeschirr-Set, 10-teilig, Schwarz - dev6 Erresse\",\"isPartOf\":{\"@id\":\"https:\/\/dev6.erresse-shop.it\/#website\"},\"primaryImageOfPage\":{\"@id\":\"https:\/\/dev6.erresse-shop.it\/es\/shop\/sartenes-y-ollas\/juegos-de-ollas\/cookvision-nesto-smart-kochgeschirr-set-10-teilig-schwarz\/#primaryimage\"},\"image\":{\"@id\":\"https:\/\/dev6.erresse-shop.it\/es\/shop\/sartenes-y-ollas\/juegos-de-ollas\/cookvision-nesto-smart-kochgeschirr-set-10-teilig-schwarz\/#primaryimage\"},\"thumbnailUrl\":\"https:\/\/i1.wp.com\/interpim.erresse-shop.it\/Import\/Prodotti\/cookvision-set-pentole-smart-nesto-10-pezzi-nero.jpg?ssl=1\",\"datePublished\":\"2026-04-12T11:07:48+00:00\",\"description\":\"ESPACIO Y ORDEN HASTA EN LA COCINA M\u00c1S PEQUE\u00d1A Nesto est\u00e1 dise\u00f1ado para que todas las ollas y sartenes se puedan apilar unas dentro de otras sin aumentar\",\"breadcrumb\":{\"@id\":\"https:\/\/dev6.erresse-shop.it\/es\/shop\/sartenes-y-ollas\/juegos-de-ollas\/cookvision-nesto-smart-kochgeschirr-set-10-teilig-schwarz\/#breadcrumb\"},\"inLanguage\":\"es\",\"potentialAction\":[{\"@type\":\"ReadAction\",\"target\":[\"https:\/\/dev6.erresse-shop.it\/es\/shop\/sartenes-y-ollas\/juegos-de-ollas\/cookvision-nesto-smart-kochgeschirr-set-10-teilig-schwarz\/\"]}]},{\"@type\":\"ImageObject\",\"inLanguage\":\"es\",\"@id\":\"https:\/\/dev6.erresse-shop.it\/es\/shop\/sartenes-y-ollas\/juegos-de-ollas\/cookvision-nesto-smart-kochgeschirr-set-10-teilig-schwarz\/#primaryimage\",\"url\":\"https:\/\/i1.wp.com\/interpim.erresse-shop.it\/Import\/Prodotti\/cookvision-set-pentole-smart-nesto-10-pezzi-nero.jpg?ssl=1\",\"contentUrl\":\"https:\/\/i1.wp.com\/interpim.erresse-shop.it\/Import\/Prodotti\/cookvision-set-pentole-smart-nesto-10-pezzi-nero.jpg?ssl=1\"},{\"@type\":\"BreadcrumbList\",\"@id\":\"https:\/\/dev6.erresse-shop.it\/es\/shop\/sartenes-y-ollas\/juegos-de-ollas\/cookvision-nesto-smart-kochgeschirr-set-10-teilig-schwarz\/#breadcrumb\",\"itemListElement\":[{\"@type\":\"ListItem\",\"position\":1,\"name\":\"Home\",\"item\":\"https:\/\/dev6.erresse-shop.it\/\"},{\"@type\":\"ListItem\",\"position\":2,\"name\":\"Tienda\",\"item\":\"https:\/\/dev6.erresse-shop.it\/shop\/\"},{\"@type\":\"ListItem\",\"position\":3,\"name\":\"COOKVISION Nesto Smart Kochgeschirr-Set, 10-teilig, Schwarz\"}]},{\"@type\":\"WebSite\",\"@id\":\"https:\/\/dev6.erresse-shop.it\/#website\",\"url\":\"https:\/\/dev6.erresse-shop.it\/\",\"name\":\"Erresse Shop\",\"description\":\"\",\"publisher\":{\"@id\":\"https:\/\/dev6.erresse-shop.it\/#organization\"},\"potentialAction\":[{\"@type\":\"SearchAction\",\"target\":{\"@type\":\"EntryPoint\",\"urlTemplate\":\"https:\/\/dev6.erresse-shop.it\/?s={search_term_string}\"},\"query-input\":{\"@type\":\"PropertyValueSpecification\",\"valueRequired\":true,\"valueName\":\"search_term_string\"}}],\"inLanguage\":\"es\"},{\"@type\":\"Organization\",\"@id\":\"https:\/\/dev6.erresse-shop.it\/#organization\",\"name\":\"Erresse Shop\",\"url\":\"https:\/\/dev6.erresse-shop.it\/\",\"logo\":{\"@type\":\"ImageObject\",\"inLanguage\":\"es\",\"@id\":\"https:\/\/dev6.erresse-shop.it\/#\/schema\/logo\/image\/\",\"url\":\"https:\/\/dev6.erresse-shop.it\/wp-content\/uploads\/2025\/01\/LOGO-ERRESSE-CLASSICO.svg\",\"contentUrl\":\"https:\/\/dev6.erresse-shop.it\/wp-content\/uploads\/2025\/01\/LOGO-ERRESSE-CLASSICO.svg\",\"caption\":\"Erresse Shop\"},\"image\":{\"@id\":\"https:\/\/dev6.erresse-shop.it\/#\/schema\/logo\/image\/\"}}]}<\/script>\n<!-- \/ Yoast SEO plugin. -->","yoast_head_json":{"title":"COOKVISION Nesto Smart Kochgeschirr-Set, 10-teilig, Schwarz - dev6 Erresse","description":"ESPACIO Y ORDEN HASTA EN LA COCINA M\u00c1S PEQUE\u00d1A Nesto est\u00e1 dise\u00f1ado para que todas las ollas y sartenes se puedan apilar unas dentro de otras sin aumentar","robots":{"index":"noindex","follow":"follow","max-snippet":"max-snippet:-1","max-image-preview":"max-image-preview:large","max-video-preview":"max-video-preview:-1"},"og_locale":"es_ES","og_type":"article","og_title":"COOKVISION Nesto Smart Kochgeschirr-Set, 10-teilig, Schwarz - dev6 Erresse","og_description":"ESPACIO Y ORDEN HASTA EN LA COCINA M\u00c1S PEQUE\u00d1A Nesto est\u00e1 dise\u00f1ado para que todas las ollas y sartenes se puedan apilar unas dentro de otras sin aumentar","og_url":"https:\/\/dev6.erresse-shop.it\/es\/shop\/sartenes-y-ollas\/juegos-de-ollas\/cookvision-nesto-smart-kochgeschirr-set-10-teilig-schwarz\/","og_site_name":"dev6 Erresse","og_image":[{"url":"https:\/\/interpim.erresse-shop.it\/Import\/Prodotti\/cookvision-set-pentole-smart-nesto-10-pezzi-nero.jpg","type":"","width":"","height":""},{"url":"https:\/\/interpim.erresse-shop.it\/Import\/Prodotti\/cookvision-set-pentole-smart-nesto-10-pezzi-nero.jpg","width":1024,"height":1024,"type":"image\/jpeg"}],"twitter_card":"summary_large_image","twitter_image":"https:\/\/interpim.erresse-shop.it\/Import\/Prodotti\/cookvision-set-pentole-smart-nesto-10-pezzi-nero.jpg","schema":{"@context":"https:\/\/schema.org","@graph":[{"@type":"WebPage","@id":"https:\/\/dev6.erresse-shop.it\/es\/shop\/sartenes-y-ollas\/juegos-de-ollas\/cookvision-nesto-smart-kochgeschirr-set-10-teilig-schwarz\/","url":"https:\/\/dev6.erresse-shop.it\/es\/shop\/sartenes-y-ollas\/juegos-de-ollas\/cookvision-nesto-smart-kochgeschirr-set-10-teilig-schwarz\/","name":"COOKVISION Nesto Smart Kochgeschirr-Set, 10-teilig, Schwarz - dev6 Erresse","isPartOf":{"@id":"https:\/\/dev6.erresse-shop.it\/#website"},"primaryImageOfPage":{"@id":"https:\/\/dev6.erresse-shop.it\/es\/shop\/sartenes-y-ollas\/juegos-de-ollas\/cookvision-nesto-smart-kochgeschirr-set-10-teilig-schwarz\/#primaryimage"},"image":{"@id":"https:\/\/dev6.erresse-shop.it\/es\/shop\/sartenes-y-ollas\/juegos-de-ollas\/cookvision-nesto-smart-kochgeschirr-set-10-teilig-schwarz\/#primaryimage"},"thumbnailUrl":"https:\/\/i1.wp.com\/interpim.erresse-shop.it\/Import\/Prodotti\/cookvision-set-pentole-smart-nesto-10-pezzi-nero.jpg?ssl=1","datePublished":"2026-04-12T11:07:48+00:00","description":"ESPACIO Y ORDEN HASTA EN LA COCINA M\u00c1S PEQUE\u00d1A Nesto est\u00e1 dise\u00f1ado para que todas las ollas y sartenes se puedan apilar unas dentro de otras sin aumentar","breadcrumb":{"@id":"https:\/\/dev6.erresse-shop.it\/es\/shop\/sartenes-y-ollas\/juegos-de-ollas\/cookvision-nesto-smart-kochgeschirr-set-10-teilig-schwarz\/#breadcrumb"},"inLanguage":"es","potentialAction":[{"@type":"ReadAction","target":["https:\/\/dev6.erresse-shop.it\/es\/shop\/sartenes-y-ollas\/juegos-de-ollas\/cookvision-nesto-smart-kochgeschirr-set-10-teilig-schwarz\/"]}]},{"@type":"ImageObject","inLanguage":"es","@id":"https:\/\/dev6.erresse-shop.it\/es\/shop\/sartenes-y-ollas\/juegos-de-ollas\/cookvision-nesto-smart-kochgeschirr-set-10-teilig-schwarz\/#primaryimage","url":"https:\/\/i1.wp.com\/interpim.erresse-shop.it\/Import\/Prodotti\/cookvision-set-pentole-smart-nesto-10-pezzi-nero.jpg?ssl=1","contentUrl":"https:\/\/i1.wp.com\/interpim.erresse-shop.it\/Import\/Prodotti\/cookvision-set-pentole-smart-nesto-10-pezzi-nero.jpg?ssl=1"},{"@type":"BreadcrumbList","@id":"https:\/\/dev6.erresse-shop.it\/es\/shop\/sartenes-y-ollas\/juegos-de-ollas\/cookvision-nesto-smart-kochgeschirr-set-10-teilig-schwarz\/#breadcrumb","itemListElement":[{"@type":"ListItem","position":1,"name":"Home","item":"https:\/\/dev6.erresse-shop.it\/"},{"@type":"ListItem","position":2,"name":"Tienda","item":"https:\/\/dev6.erresse-shop.it\/shop\/"},{"@type":"ListItem","position":3,"name":"COOKVISION Nesto Smart Kochgeschirr-Set, 10-teilig, Schwarz"}]},{"@type":"WebSite","@id":"https:\/\/dev6.erresse-shop.it\/#website","url":"https:\/\/dev6.erresse-shop.it\/","name":"Erresse Shop","description":"","publisher":{"@id":"https:\/\/dev6.erresse-shop.it\/#organization"},"potentialAction":[{"@type":"SearchAction","target":{"@type":"EntryPoint","urlTemplate":"https:\/\/dev6.erresse-shop.it\/?s={search_term_string}"},"query-input":{"@type":"PropertyValueSpecification","valueRequired":true,"valueName":"search_term_string"}}],"inLanguage":"es"},{"@type":"Organization","@id":"https:\/\/dev6.erresse-shop.it\/#organization","name":"Erresse Shop","url":"https:\/\/dev6.erresse-shop.it\/","logo":{"@type":"ImageObject","inLanguage":"es","@id":"https:\/\/dev6.erresse-shop.it\/#\/schema\/logo\/image\/","url":"https:\/\/dev6.erresse-shop.it\/wp-content\/uploads\/2025\/01\/LOGO-ERRESSE-CLASSICO.svg","contentUrl":"https:\/\/dev6.erresse-shop.it\/wp-content\/uploads\/2025\/01\/LOGO-ERRESSE-CLASSICO.svg","caption":"Erresse Shop"},"image":{"@id":"https:\/\/dev6.erresse-shop.it\/#\/schema\/logo\/image\/"}}]}},"df_price":199.95,"df_sale_price":199.95,"df_regular_price":263,"df_image_link":"https:\/\/i1.wp.com\/interpim.erresse-shop.it\/Import\/Prodotti\/cookvision-set-pentole-smart-nesto-10-pezzi-nero.jpg?resize=300,300&ssl=1","fifu_image_url":"https:\/\/interpim.erresse-shop.it\/Import\/Prodotti\/cookvision-set-pentole-smart-nesto-10-pezzi-nero.jpg","_links":{"self":[{"href":"https:\/\/dev6.erresse-shop.it\/es\/wp-json\/wp\/v2\/product\/1883693","targetHints":{"allow":["GET"]}}],"collection":[{"href":"https:\/\/dev6.erresse-shop.it\/es\/wp-json\/wp\/v2\/product"}],"about":[{"href":"https:\/\/dev6.erresse-shop.it\/es\/wp-json\/wp\/v2\/types\/product"}],"wp:featuredmedia":[{"embeddable":true,"href":"https:\/\/dev6.erresse-shop.it\/es\/wp-json\/wp\/v2\/media\/6376099"}],"wp:attachment":[{"href":"https:\/\/dev6.erresse-shop.it\/es\/wp-json\/wp\/v2\/media?parent=1883693"}],"wp:term":[{"taxonomy":"product_cat","embeddable":true,"href":"https:\/\/dev6.erresse-shop.it\/es\/wp-json\/wp\/v2\/product_cat?post=1883693"},{"taxonomy":"product_tag","embeddable":true,"href":"https:\/\/dev6.erresse-shop.it\/es\/wp-json\/wp\/v2\/product_tag?post=1883693"}],"curies":[{"name":"wp","href":"https:\/\/api.w.org\/{rel}","templated":true}]}}