{"id":1883691,"date":"2026-04-12T13:07:48","date_gmt":"2026-04-12T11:07:48","guid":{"rendered":"https:\/\/dev6.erresse-shop.it\/shop\/sin%20categor\u00eda\/coravin-timeless-ago-premium\/"},"modified":"2025-09-14T10:21:40","modified_gmt":"2025-09-14T08:21:40","slug":"coravin-timeless-ago-premium","status":"publish","type":"product","link":"https:\/\/dev6.erresse-shop.it\/es\/shop\/tabla\/vino\/aireadores\/coravin-timeless-ago-premium\/","title":{"rendered":"CORAVIN Timeless Ago Premium"},"content":{"rendered":"<p>Las agujas Coravin est\u00e1n dise\u00f1adas espec\u00edficamente para perforar corchos naturales o aglomerados y verter vino sin abrir la botella. La aguja Premium Coravin combina la delicadeza de la aguja para vino a\u00f1ejo con la velocidad de la aguja de vertido r\u00e1pido, para un flujo de vino a\u00fan m\u00e1s suave. Todas las agujas Coravin, fabricadas en acero inoxidable con revestimiento antiadherente, garantizan la m\u00e1xima durabilidad y una f\u00e1cil inserci\u00f3n para cientos de vertidos. No compatible con los sistemas de conservaci\u00f3n de vino Timeless Eleven o Pivot\u2122.<\/p>\n<p>Contenido del paquete:<\/p>\n<p>Aguja atemporal premium<br \/>\nCepillo de limpieza de agujas de primera calidad<\/p>\n","protected":false},"excerpt":{"rendered":"<p>Las agujas Coravin est\u00e1n dise\u00f1adas espec\u00edficamente para perforar corchos naturales o aglomerados y verter vino sin abrir la botella. La aguja Premium Coravin combina la delicadeza de la aguja para vino a\u00f1ejo con la velocidad de la aguja de vertido r\u00e1pido, para un flujo de vino a\u00fan m\u00e1s suave. Todas las agujas Coravin, fabricadas en [&hellip;]<\/p>\n","protected":false},"featured_media":6376090,"template":"","meta":{"_acf_changed":false},"product_cat":[11964,11887,11961],"product_tag":[],"class_list":{"0":"post-1883691","1":"product","2":"type-product","3":"status-publish","4":"has-post-thumbnail","6":"product_cat-aireadores","7":"product_cat-tabla","8":"product_cat-vino","10":"first","11":"instock","12":"sale","13":"taxable","14":"shipping-taxable","15":"purchasable","16":"product-type-simple","swatches":"rey-swatches","show_selected":"","stretch_labels":"rey-swatches--stretch-labels"},"acf":[],"yoast_head":"<!-- This site is optimized with the Yoast SEO plugin v25.4 - https:\/\/yoast.com\/wordpress\/plugins\/seo\/ -->\n<title>CORAVIN Timeless Ago Premium - dev6 Erresse<\/title>\n<meta name=\"description\" content=\"Las agujas Coravin est\u00e1n dise\u00f1adas espec\u00edficamente para perforar corchos naturales o aglomerados y verter vino sin abrir la botella. La aguja Premium\" \/>\n<meta name=\"robots\" content=\"noindex, follow, max-snippet:-1, max-image-preview:large, max-video-preview:-1\" \/>\n<meta property=\"og:locale\" content=\"es_ES\" \/>\n<meta property=\"og:type\" content=\"article\" \/>\n<meta property=\"og:title\" content=\"CORAVIN Timeless Ago Premium - dev6 Erresse\" \/>\n<meta property=\"og:description\" content=\"Las agujas Coravin est\u00e1n dise\u00f1adas espec\u00edficamente para perforar corchos naturales o aglomerados y verter vino sin abrir la botella. La aguja Premium\" \/>\n<meta property=\"og:url\" content=\"https:\/\/dev6.erresse-shop.it\/es\/shop\/tabla\/vino\/aireadores\/coravin-timeless-ago-premium\/\" \/>\n<meta property=\"og:site_name\" content=\"dev6 Erresse\" \/>\n<meta property=\"og:image\" content=\"https:\/\/interpim.erresse-shop.it\/Import\/Prodotti\/coravin-timeless-ago-premium.jpg\" \/><meta property=\"og:image\" content=\"https:\/\/interpim.erresse-shop.it\/Import\/Prodotti\/coravin-timeless-ago-premium.jpg\" \/>\n\t<meta property=\"og:image:width\" content=\"1024\" \/>\n\t<meta property=\"og:image:height\" content=\"1024\" \/>\n\t<meta property=\"og:image:type\" content=\"image\/jpeg\" \/>\n<meta name=\"twitter:card\" content=\"summary_large_image\" \/>\n<meta name=\"twitter:image\" content=\"https:\/\/interpim.erresse-shop.it\/Import\/Prodotti\/coravin-timeless-ago-premium.jpg\" \/>\n<script type=\"application\/ld+json\" class=\"yoast-schema-graph\">{\"@context\":\"https:\/\/schema.org\",\"@graph\":[{\"@type\":\"WebPage\",\"@id\":\"https:\/\/dev6.erresse-shop.it\/es\/shop\/tabla\/vino\/aireadores\/coravin-timeless-ago-premium\/\",\"url\":\"https:\/\/dev6.erresse-shop.it\/es\/shop\/tabla\/vino\/aireadores\/coravin-timeless-ago-premium\/\",\"name\":\"CORAVIN Timeless Ago Premium - dev6 Erresse\",\"isPartOf\":{\"@id\":\"https:\/\/dev6.erresse-shop.it\/#website\"},\"primaryImageOfPage\":{\"@id\":\"https:\/\/dev6.erresse-shop.it\/es\/shop\/tabla\/vino\/aireadores\/coravin-timeless-ago-premium\/#primaryimage\"},\"image\":{\"@id\":\"https:\/\/dev6.erresse-shop.it\/es\/shop\/tabla\/vino\/aireadores\/coravin-timeless-ago-premium\/#primaryimage\"},\"thumbnailUrl\":\"https:\/\/i3.wp.com\/interpim.erresse-shop.it\/Import\/Prodotti\/coravin-timeless-ago-premium.jpg?ssl=1\",\"datePublished\":\"2026-04-12T11:07:48+00:00\",\"description\":\"Las agujas Coravin est\u00e1n dise\u00f1adas espec\u00edficamente para perforar corchos naturales o aglomerados y verter vino sin abrir la botella. La aguja Premium\",\"breadcrumb\":{\"@id\":\"https:\/\/dev6.erresse-shop.it\/es\/shop\/tabla\/vino\/aireadores\/coravin-timeless-ago-premium\/#breadcrumb\"},\"inLanguage\":\"es\",\"potentialAction\":[{\"@type\":\"ReadAction\",\"target\":[\"https:\/\/dev6.erresse-shop.it\/es\/shop\/tabla\/vino\/aireadores\/coravin-timeless-ago-premium\/\"]}]},{\"@type\":\"ImageObject\",\"inLanguage\":\"es\",\"@id\":\"https:\/\/dev6.erresse-shop.it\/es\/shop\/tabla\/vino\/aireadores\/coravin-timeless-ago-premium\/#primaryimage\",\"url\":\"https:\/\/i3.wp.com\/interpim.erresse-shop.it\/Import\/Prodotti\/coravin-timeless-ago-premium.jpg?ssl=1\",\"contentUrl\":\"https:\/\/i3.wp.com\/interpim.erresse-shop.it\/Import\/Prodotti\/coravin-timeless-ago-premium.jpg?ssl=1\"},{\"@type\":\"BreadcrumbList\",\"@id\":\"https:\/\/dev6.erresse-shop.it\/es\/shop\/tabla\/vino\/aireadores\/coravin-timeless-ago-premium\/#breadcrumb\",\"itemListElement\":[{\"@type\":\"ListItem\",\"position\":1,\"name\":\"Home\",\"item\":\"https:\/\/dev6.erresse-shop.it\/\"},{\"@type\":\"ListItem\",\"position\":2,\"name\":\"Tienda\",\"item\":\"https:\/\/dev6.erresse-shop.it\/shop\/\"},{\"@type\":\"ListItem\",\"position\":3,\"name\":\"CORAVIN Timeless Ago Premium\"}]},{\"@type\":\"WebSite\",\"@id\":\"https:\/\/dev6.erresse-shop.it\/#website\",\"url\":\"https:\/\/dev6.erresse-shop.it\/\",\"name\":\"Erresse Shop\",\"description\":\"\",\"publisher\":{\"@id\":\"https:\/\/dev6.erresse-shop.it\/#organization\"},\"potentialAction\":[{\"@type\":\"SearchAction\",\"target\":{\"@type\":\"EntryPoint\",\"urlTemplate\":\"https:\/\/dev6.erresse-shop.it\/?s={search_term_string}\"},\"query-input\":{\"@type\":\"PropertyValueSpecification\",\"valueRequired\":true,\"valueName\":\"search_term_string\"}}],\"inLanguage\":\"es\"},{\"@type\":\"Organization\",\"@id\":\"https:\/\/dev6.erresse-shop.it\/#organization\",\"name\":\"Erresse Shop\",\"url\":\"https:\/\/dev6.erresse-shop.it\/\",\"logo\":{\"@type\":\"ImageObject\",\"inLanguage\":\"es\",\"@id\":\"https:\/\/dev6.erresse-shop.it\/#\/schema\/logo\/image\/\",\"url\":\"https:\/\/dev6.erresse-shop.it\/wp-content\/uploads\/2025\/01\/LOGO-ERRESSE-CLASSICO.svg\",\"contentUrl\":\"https:\/\/dev6.erresse-shop.it\/wp-content\/uploads\/2025\/01\/LOGO-ERRESSE-CLASSICO.svg\",\"caption\":\"Erresse Shop\"},\"image\":{\"@id\":\"https:\/\/dev6.erresse-shop.it\/#\/schema\/logo\/image\/\"}}]}<\/script>\n<!-- \/ Yoast SEO plugin. -->","yoast_head_json":{"title":"CORAVIN Timeless Ago Premium - dev6 Erresse","description":"Las agujas Coravin est\u00e1n dise\u00f1adas espec\u00edficamente para perforar corchos naturales o aglomerados y verter vino sin abrir la botella. La aguja Premium","robots":{"index":"noindex","follow":"follow","max-snippet":"max-snippet:-1","max-image-preview":"max-image-preview:large","max-video-preview":"max-video-preview:-1"},"og_locale":"es_ES","og_type":"article","og_title":"CORAVIN Timeless Ago Premium - dev6 Erresse","og_description":"Las agujas Coravin est\u00e1n dise\u00f1adas espec\u00edficamente para perforar corchos naturales o aglomerados y verter vino sin abrir la botella. La aguja Premium","og_url":"https:\/\/dev6.erresse-shop.it\/es\/shop\/tabla\/vino\/aireadores\/coravin-timeless-ago-premium\/","og_site_name":"dev6 Erresse","og_image":[{"url":"https:\/\/interpim.erresse-shop.it\/Import\/Prodotti\/coravin-timeless-ago-premium.jpg","type":"","width":"","height":""},{"url":"https:\/\/interpim.erresse-shop.it\/Import\/Prodotti\/coravin-timeless-ago-premium.jpg","width":1024,"height":1024,"type":"image\/jpeg"}],"twitter_card":"summary_large_image","twitter_image":"https:\/\/interpim.erresse-shop.it\/Import\/Prodotti\/coravin-timeless-ago-premium.jpg","schema":{"@context":"https:\/\/schema.org","@graph":[{"@type":"WebPage","@id":"https:\/\/dev6.erresse-shop.it\/es\/shop\/tabla\/vino\/aireadores\/coravin-timeless-ago-premium\/","url":"https:\/\/dev6.erresse-shop.it\/es\/shop\/tabla\/vino\/aireadores\/coravin-timeless-ago-premium\/","name":"CORAVIN Timeless Ago Premium - dev6 Erresse","isPartOf":{"@id":"https:\/\/dev6.erresse-shop.it\/#website"},"primaryImageOfPage":{"@id":"https:\/\/dev6.erresse-shop.it\/es\/shop\/tabla\/vino\/aireadores\/coravin-timeless-ago-premium\/#primaryimage"},"image":{"@id":"https:\/\/dev6.erresse-shop.it\/es\/shop\/tabla\/vino\/aireadores\/coravin-timeless-ago-premium\/#primaryimage"},"thumbnailUrl":"https:\/\/i3.wp.com\/interpim.erresse-shop.it\/Import\/Prodotti\/coravin-timeless-ago-premium.jpg?ssl=1","datePublished":"2026-04-12T11:07:48+00:00","description":"Las agujas Coravin est\u00e1n dise\u00f1adas espec\u00edficamente para perforar corchos naturales o aglomerados y verter vino sin abrir la botella. La aguja Premium","breadcrumb":{"@id":"https:\/\/dev6.erresse-shop.it\/es\/shop\/tabla\/vino\/aireadores\/coravin-timeless-ago-premium\/#breadcrumb"},"inLanguage":"es","potentialAction":[{"@type":"ReadAction","target":["https:\/\/dev6.erresse-shop.it\/es\/shop\/tabla\/vino\/aireadores\/coravin-timeless-ago-premium\/"]}]},{"@type":"ImageObject","inLanguage":"es","@id":"https:\/\/dev6.erresse-shop.it\/es\/shop\/tabla\/vino\/aireadores\/coravin-timeless-ago-premium\/#primaryimage","url":"https:\/\/i3.wp.com\/interpim.erresse-shop.it\/Import\/Prodotti\/coravin-timeless-ago-premium.jpg?ssl=1","contentUrl":"https:\/\/i3.wp.com\/interpim.erresse-shop.it\/Import\/Prodotti\/coravin-timeless-ago-premium.jpg?ssl=1"},{"@type":"BreadcrumbList","@id":"https:\/\/dev6.erresse-shop.it\/es\/shop\/tabla\/vino\/aireadores\/coravin-timeless-ago-premium\/#breadcrumb","itemListElement":[{"@type":"ListItem","position":1,"name":"Home","item":"https:\/\/dev6.erresse-shop.it\/"},{"@type":"ListItem","position":2,"name":"Tienda","item":"https:\/\/dev6.erresse-shop.it\/shop\/"},{"@type":"ListItem","position":3,"name":"CORAVIN Timeless Ago Premium"}]},{"@type":"WebSite","@id":"https:\/\/dev6.erresse-shop.it\/#website","url":"https:\/\/dev6.erresse-shop.it\/","name":"Erresse Shop","description":"","publisher":{"@id":"https:\/\/dev6.erresse-shop.it\/#organization"},"potentialAction":[{"@type":"SearchAction","target":{"@type":"EntryPoint","urlTemplate":"https:\/\/dev6.erresse-shop.it\/?s={search_term_string}"},"query-input":{"@type":"PropertyValueSpecification","valueRequired":true,"valueName":"search_term_string"}}],"inLanguage":"es"},{"@type":"Organization","@id":"https:\/\/dev6.erresse-shop.it\/#organization","name":"Erresse Shop","url":"https:\/\/dev6.erresse-shop.it\/","logo":{"@type":"ImageObject","inLanguage":"es","@id":"https:\/\/dev6.erresse-shop.it\/#\/schema\/logo\/image\/","url":"https:\/\/dev6.erresse-shop.it\/wp-content\/uploads\/2025\/01\/LOGO-ERRESSE-CLASSICO.svg","contentUrl":"https:\/\/dev6.erresse-shop.it\/wp-content\/uploads\/2025\/01\/LOGO-ERRESSE-CLASSICO.svg","caption":"Erresse Shop"},"image":{"@id":"https:\/\/dev6.erresse-shop.it\/#\/schema\/logo\/image\/"}}]}},"df_price":56.95,"df_sale_price":56.95,"df_regular_price":64.99,"df_image_link":"https:\/\/i3.wp.com\/interpim.erresse-shop.it\/Import\/Prodotti\/coravin-timeless-ago-premium.jpg?resize=300,300&ssl=1","fifu_image_url":"https:\/\/interpim.erresse-shop.it\/Import\/Prodotti\/coravin-timeless-ago-premium.jpg","_links":{"self":[{"href":"https:\/\/dev6.erresse-shop.it\/es\/wp-json\/wp\/v2\/product\/1883691","targetHints":{"allow":["GET"]}}],"collection":[{"href":"https:\/\/dev6.erresse-shop.it\/es\/wp-json\/wp\/v2\/product"}],"about":[{"href":"https:\/\/dev6.erresse-shop.it\/es\/wp-json\/wp\/v2\/types\/product"}],"wp:featuredmedia":[{"embeddable":true,"href":"https:\/\/dev6.erresse-shop.it\/es\/wp-json\/wp\/v2\/media\/6376090"}],"wp:attachment":[{"href":"https:\/\/dev6.erresse-shop.it\/es\/wp-json\/wp\/v2\/media?parent=1883691"}],"wp:term":[{"taxonomy":"product_cat","embeddable":true,"href":"https:\/\/dev6.erresse-shop.it\/es\/wp-json\/wp\/v2\/product_cat?post=1883691"},{"taxonomy":"product_tag","embeddable":true,"href":"https:\/\/dev6.erresse-shop.it\/es\/wp-json\/wp\/v2\/product_tag?post=1883691"}],"curies":[{"name":"wp","href":"https:\/\/api.w.org\/{rel}","templated":true}]}}