{"id":1883681,"date":"2026-04-04T13:05:19","date_gmt":"2026-04-04T11:05:19","guid":{"rendered":"https:\/\/dev6.erresse-shop.it\/shop\/sin%20categor\u00eda\/galateo-friends-codalunga-caja-de-regalo-1-botella-aceite-de-oliva-virgen-extra\/"},"modified":"2025-09-14T10:21:16","modified_gmt":"2025-09-14T08:21:16","slug":"galateo-friends-codalunga-caja-de-regalo-1-botella-aceite-de-oliva-virgen-extra","status":"publish","type":"product","link":"https:\/\/dev6.erresse-shop.it\/es\/shop\/tabla\/aceite-vinagre-sal\/galateo-friends-codalunga-caja-de-regalo-1-botella-aceite-de-oliva-virgen-extra\/","title":{"rendered":"GALATEO &#038; FRIENDS Codalunga Caja de regalo 1 botella Aceite de Oliva Virgen Extra"},"content":{"rendered":"<p>ACEITUNAS DE VAINILLA EN VILLAIN LOVE<\/p>\n<p>Descubre Vanilla Olive a Villain Love, el aceite de oliva virgen extra que combina tradici\u00f3n e innovaci\u00f3n en una experiencia de sabor inigualable. Cada botella contiene un aceite fino, obtenido de aceitunas seleccionadas con el m\u00e1ximo cuidado, prensadas en fr\u00edo para conservar mejor sus propiedades naturales. El resultado es un aceite con un sabor \u00fanico, que destaca por su armon\u00eda entre un delicado dulzor y una inconfundible nota de vainilla, creando un equilibrio perfecto para realzar cada plato.<\/p>\n<p>Este pack de 1 botella es ideal para quienes buscan un producto refinado, que no s\u00f3lo enriquezca las recetas diarias, sino que transforme cada preparaci\u00f3n en una experiencia gourmet. Perfecto para aderezar ensaladas frescas, carpaccio, bruschetta y platos de pescado, Vanilla Olive a Villain Love a\u00f1ade una profundidad de sabor que conquista incluso los paladares m\u00e1s exigentes.<\/p>\n<p>Aceite de Oliva Virgen Extra y Vainilla Bourbun de Madagascar 250 ml<\/p>\n","protected":false},"excerpt":{"rendered":"<p>ACEITUNAS DE VAINILLA EN VILLAIN LOVE Descubre Vanilla Olive a Villain Love, el aceite de oliva virgen extra que combina tradici\u00f3n e innovaci\u00f3n en una experiencia de sabor inigualable. Cada botella contiene un aceite fino, obtenido de aceitunas seleccionadas con el m\u00e1ximo cuidado, prensadas en fr\u00edo para conservar mejor sus propiedades naturales. El resultado es [&hellip;]<\/p>\n","protected":false},"featured_media":6292804,"template":"","meta":{"_acf_changed":false},"product_cat":[11936,11941,11887],"product_tag":[],"class_list":{"0":"post-1883681","1":"product","2":"type-product","3":"status-publish","4":"has-post-thumbnail","6":"product_cat-aceite-vinagre-sal","7":"product_cat-food-es","8":"product_cat-tabla","10":"first","11":"instock","12":"sale","13":"taxable","14":"shipping-taxable","15":"purchasable","16":"product-type-simple","swatches":"rey-swatches","show_selected":"","stretch_labels":"rey-swatches--stretch-labels"},"acf":[],"yoast_head":"<!-- This site is optimized with the Yoast SEO plugin v25.4 - https:\/\/yoast.com\/wordpress\/plugins\/seo\/ -->\n<title>GALATEO &#038; FRIENDS Codalunga Caja de regalo 1 botella Aceite de Oliva Virgen Extra - dev6 Erresse<\/title>\n<meta name=\"description\" content=\"ACEITUNAS DE VAINILLA EN VILLAIN LOVE Descubre Vanilla Olive a Villain Love, el aceite de oliva virgen extra que combina tradici\u00f3n e innovaci\u00f3n en una\" \/>\n<meta name=\"robots\" content=\"noindex, follow, max-snippet:-1, max-image-preview:large, max-video-preview:-1\" \/>\n<meta property=\"og:locale\" content=\"es_ES\" \/>\n<meta property=\"og:type\" content=\"article\" \/>\n<meta property=\"og:title\" content=\"GALATEO &#038; FRIENDS Codalunga Caja de regalo 1 botella Aceite de Oliva Virgen Extra - dev6 Erresse\" \/>\n<meta property=\"og:description\" content=\"ACEITUNAS DE VAINILLA EN VILLAIN LOVE Descubre Vanilla Olive a Villain Love, el aceite de oliva virgen extra que combina tradici\u00f3n e innovaci\u00f3n en una\" \/>\n<meta property=\"og:url\" content=\"https:\/\/dev6.erresse-shop.it\/es\/shop\/tabla\/aceite-vinagre-sal\/galateo-friends-codalunga-caja-de-regalo-1-botella-aceite-de-oliva-virgen-extra\/\" \/>\n<meta property=\"og:site_name\" content=\"dev6 Erresse\" \/>\n<meta property=\"og:image\" content=\"https:\/\/interpim.erresse-shop.it\/Import\/Prodotti\/galateo-friends-codalunga-confezione-regalo-1-bottiglia.jpg\" \/><meta property=\"og:image\" content=\"https:\/\/interpim.erresse-shop.it\/Import\/Prodotti\/galateo-friends-codalunga-confezione-regalo-1-bottiglia.jpg\" \/>\n\t<meta property=\"og:image:width\" content=\"1024\" \/>\n\t<meta property=\"og:image:height\" content=\"1024\" \/>\n\t<meta property=\"og:image:type\" content=\"image\/jpeg\" \/>\n<meta name=\"twitter:card\" content=\"summary_large_image\" \/>\n<meta name=\"twitter:image\" content=\"https:\/\/interpim.erresse-shop.it\/Import\/Prodotti\/galateo-friends-codalunga-confezione-regalo-1-bottiglia.jpg\" \/>\n<script type=\"application\/ld+json\" class=\"yoast-schema-graph\">{\"@context\":\"https:\/\/schema.org\",\"@graph\":[{\"@type\":\"WebPage\",\"@id\":\"https:\/\/dev6.erresse-shop.it\/es\/shop\/tabla\/aceite-vinagre-sal\/galateo-friends-codalunga-caja-de-regalo-1-botella-aceite-de-oliva-virgen-extra\/\",\"url\":\"https:\/\/dev6.erresse-shop.it\/es\/shop\/tabla\/aceite-vinagre-sal\/galateo-friends-codalunga-caja-de-regalo-1-botella-aceite-de-oliva-virgen-extra\/\",\"name\":\"GALATEO &#038; FRIENDS Codalunga Caja de regalo 1 botella Aceite de Oliva Virgen Extra - dev6 Erresse\",\"isPartOf\":{\"@id\":\"https:\/\/dev6.erresse-shop.it\/#website\"},\"primaryImageOfPage\":{\"@id\":\"https:\/\/dev6.erresse-shop.it\/es\/shop\/tabla\/aceite-vinagre-sal\/galateo-friends-codalunga-caja-de-regalo-1-botella-aceite-de-oliva-virgen-extra\/#primaryimage\"},\"image\":{\"@id\":\"https:\/\/dev6.erresse-shop.it\/es\/shop\/tabla\/aceite-vinagre-sal\/galateo-friends-codalunga-caja-de-regalo-1-botella-aceite-de-oliva-virgen-extra\/#primaryimage\"},\"thumbnailUrl\":\"https:\/\/i2.wp.com\/interpim.erresse-shop.it\/Import\/Prodotti\/galateo-friends-codalunga-confezione-regalo-1-bottiglia.jpg?ssl=1\",\"datePublished\":\"2026-04-04T11:05:19+00:00\",\"description\":\"ACEITUNAS DE VAINILLA EN VILLAIN LOVE Descubre Vanilla Olive a Villain Love, el aceite de oliva virgen extra que combina tradici\u00f3n e innovaci\u00f3n en una\",\"breadcrumb\":{\"@id\":\"https:\/\/dev6.erresse-shop.it\/es\/shop\/tabla\/aceite-vinagre-sal\/galateo-friends-codalunga-caja-de-regalo-1-botella-aceite-de-oliva-virgen-extra\/#breadcrumb\"},\"inLanguage\":\"es\",\"potentialAction\":[{\"@type\":\"ReadAction\",\"target\":[\"https:\/\/dev6.erresse-shop.it\/es\/shop\/tabla\/aceite-vinagre-sal\/galateo-friends-codalunga-caja-de-regalo-1-botella-aceite-de-oliva-virgen-extra\/\"]}]},{\"@type\":\"ImageObject\",\"inLanguage\":\"es\",\"@id\":\"https:\/\/dev6.erresse-shop.it\/es\/shop\/tabla\/aceite-vinagre-sal\/galateo-friends-codalunga-caja-de-regalo-1-botella-aceite-de-oliva-virgen-extra\/#primaryimage\",\"url\":\"https:\/\/i2.wp.com\/interpim.erresse-shop.it\/Import\/Prodotti\/galateo-friends-codalunga-confezione-regalo-1-bottiglia.jpg?ssl=1\",\"contentUrl\":\"https:\/\/i2.wp.com\/interpim.erresse-shop.it\/Import\/Prodotti\/galateo-friends-codalunga-confezione-regalo-1-bottiglia.jpg?ssl=1\"},{\"@type\":\"BreadcrumbList\",\"@id\":\"https:\/\/dev6.erresse-shop.it\/es\/shop\/tabla\/aceite-vinagre-sal\/galateo-friends-codalunga-caja-de-regalo-1-botella-aceite-de-oliva-virgen-extra\/#breadcrumb\",\"itemListElement\":[{\"@type\":\"ListItem\",\"position\":1,\"name\":\"Home\",\"item\":\"https:\/\/dev6.erresse-shop.it\/\"},{\"@type\":\"ListItem\",\"position\":2,\"name\":\"Tienda\",\"item\":\"https:\/\/dev6.erresse-shop.it\/shop\/\"},{\"@type\":\"ListItem\",\"position\":3,\"name\":\"GALATEO &#038; FRIENDS Codalunga Caja de regalo 1 botella Aceite de Oliva Virgen Extra\"}]},{\"@type\":\"WebSite\",\"@id\":\"https:\/\/dev6.erresse-shop.it\/#website\",\"url\":\"https:\/\/dev6.erresse-shop.it\/\",\"name\":\"Erresse Shop\",\"description\":\"\",\"publisher\":{\"@id\":\"https:\/\/dev6.erresse-shop.it\/#organization\"},\"potentialAction\":[{\"@type\":\"SearchAction\",\"target\":{\"@type\":\"EntryPoint\",\"urlTemplate\":\"https:\/\/dev6.erresse-shop.it\/?s={search_term_string}\"},\"query-input\":{\"@type\":\"PropertyValueSpecification\",\"valueRequired\":true,\"valueName\":\"search_term_string\"}}],\"inLanguage\":\"es\"},{\"@type\":\"Organization\",\"@id\":\"https:\/\/dev6.erresse-shop.it\/#organization\",\"name\":\"Erresse Shop\",\"url\":\"https:\/\/dev6.erresse-shop.it\/\",\"logo\":{\"@type\":\"ImageObject\",\"inLanguage\":\"es\",\"@id\":\"https:\/\/dev6.erresse-shop.it\/#\/schema\/logo\/image\/\",\"url\":\"https:\/\/dev6.erresse-shop.it\/wp-content\/uploads\/2025\/01\/LOGO-ERRESSE-CLASSICO.svg\",\"contentUrl\":\"https:\/\/dev6.erresse-shop.it\/wp-content\/uploads\/2025\/01\/LOGO-ERRESSE-CLASSICO.svg\",\"caption\":\"Erresse Shop\"},\"image\":{\"@id\":\"https:\/\/dev6.erresse-shop.it\/#\/schema\/logo\/image\/\"}}]}<\/script>\n<!-- \/ Yoast SEO plugin. -->","yoast_head_json":{"title":"GALATEO &#038; FRIENDS Codalunga Caja de regalo 1 botella Aceite de Oliva Virgen Extra - dev6 Erresse","description":"ACEITUNAS DE VAINILLA EN VILLAIN LOVE Descubre Vanilla Olive a Villain Love, el aceite de oliva virgen extra que combina tradici\u00f3n e innovaci\u00f3n en una","robots":{"index":"noindex","follow":"follow","max-snippet":"max-snippet:-1","max-image-preview":"max-image-preview:large","max-video-preview":"max-video-preview:-1"},"og_locale":"es_ES","og_type":"article","og_title":"GALATEO &#038; FRIENDS Codalunga Caja de regalo 1 botella Aceite de Oliva Virgen Extra - dev6 Erresse","og_description":"ACEITUNAS DE VAINILLA EN VILLAIN LOVE Descubre Vanilla Olive a Villain Love, el aceite de oliva virgen extra que combina tradici\u00f3n e innovaci\u00f3n en una","og_url":"https:\/\/dev6.erresse-shop.it\/es\/shop\/tabla\/aceite-vinagre-sal\/galateo-friends-codalunga-caja-de-regalo-1-botella-aceite-de-oliva-virgen-extra\/","og_site_name":"dev6 Erresse","og_image":[{"url":"https:\/\/interpim.erresse-shop.it\/Import\/Prodotti\/galateo-friends-codalunga-confezione-regalo-1-bottiglia.jpg","type":"","width":"","height":""},{"url":"https:\/\/interpim.erresse-shop.it\/Import\/Prodotti\/galateo-friends-codalunga-confezione-regalo-1-bottiglia.jpg","width":1024,"height":1024,"type":"image\/jpeg"}],"twitter_card":"summary_large_image","twitter_image":"https:\/\/interpim.erresse-shop.it\/Import\/Prodotti\/galateo-friends-codalunga-confezione-regalo-1-bottiglia.jpg","schema":{"@context":"https:\/\/schema.org","@graph":[{"@type":"WebPage","@id":"https:\/\/dev6.erresse-shop.it\/es\/shop\/tabla\/aceite-vinagre-sal\/galateo-friends-codalunga-caja-de-regalo-1-botella-aceite-de-oliva-virgen-extra\/","url":"https:\/\/dev6.erresse-shop.it\/es\/shop\/tabla\/aceite-vinagre-sal\/galateo-friends-codalunga-caja-de-regalo-1-botella-aceite-de-oliva-virgen-extra\/","name":"GALATEO &#038; FRIENDS Codalunga Caja de regalo 1 botella Aceite de Oliva Virgen Extra - dev6 Erresse","isPartOf":{"@id":"https:\/\/dev6.erresse-shop.it\/#website"},"primaryImageOfPage":{"@id":"https:\/\/dev6.erresse-shop.it\/es\/shop\/tabla\/aceite-vinagre-sal\/galateo-friends-codalunga-caja-de-regalo-1-botella-aceite-de-oliva-virgen-extra\/#primaryimage"},"image":{"@id":"https:\/\/dev6.erresse-shop.it\/es\/shop\/tabla\/aceite-vinagre-sal\/galateo-friends-codalunga-caja-de-regalo-1-botella-aceite-de-oliva-virgen-extra\/#primaryimage"},"thumbnailUrl":"https:\/\/i2.wp.com\/interpim.erresse-shop.it\/Import\/Prodotti\/galateo-friends-codalunga-confezione-regalo-1-bottiglia.jpg?ssl=1","datePublished":"2026-04-04T11:05:19+00:00","description":"ACEITUNAS DE VAINILLA EN VILLAIN LOVE Descubre Vanilla Olive a Villain Love, el aceite de oliva virgen extra que combina tradici\u00f3n e innovaci\u00f3n en una","breadcrumb":{"@id":"https:\/\/dev6.erresse-shop.it\/es\/shop\/tabla\/aceite-vinagre-sal\/galateo-friends-codalunga-caja-de-regalo-1-botella-aceite-de-oliva-virgen-extra\/#breadcrumb"},"inLanguage":"es","potentialAction":[{"@type":"ReadAction","target":["https:\/\/dev6.erresse-shop.it\/es\/shop\/tabla\/aceite-vinagre-sal\/galateo-friends-codalunga-caja-de-regalo-1-botella-aceite-de-oliva-virgen-extra\/"]}]},{"@type":"ImageObject","inLanguage":"es","@id":"https:\/\/dev6.erresse-shop.it\/es\/shop\/tabla\/aceite-vinagre-sal\/galateo-friends-codalunga-caja-de-regalo-1-botella-aceite-de-oliva-virgen-extra\/#primaryimage","url":"https:\/\/i2.wp.com\/interpim.erresse-shop.it\/Import\/Prodotti\/galateo-friends-codalunga-confezione-regalo-1-bottiglia.jpg?ssl=1","contentUrl":"https:\/\/i2.wp.com\/interpim.erresse-shop.it\/Import\/Prodotti\/galateo-friends-codalunga-confezione-regalo-1-bottiglia.jpg?ssl=1"},{"@type":"BreadcrumbList","@id":"https:\/\/dev6.erresse-shop.it\/es\/shop\/tabla\/aceite-vinagre-sal\/galateo-friends-codalunga-caja-de-regalo-1-botella-aceite-de-oliva-virgen-extra\/#breadcrumb","itemListElement":[{"@type":"ListItem","position":1,"name":"Home","item":"https:\/\/dev6.erresse-shop.it\/"},{"@type":"ListItem","position":2,"name":"Tienda","item":"https:\/\/dev6.erresse-shop.it\/shop\/"},{"@type":"ListItem","position":3,"name":"GALATEO &#038; FRIENDS Codalunga Caja de regalo 1 botella Aceite de Oliva Virgen Extra"}]},{"@type":"WebSite","@id":"https:\/\/dev6.erresse-shop.it\/#website","url":"https:\/\/dev6.erresse-shop.it\/","name":"Erresse Shop","description":"","publisher":{"@id":"https:\/\/dev6.erresse-shop.it\/#organization"},"potentialAction":[{"@type":"SearchAction","target":{"@type":"EntryPoint","urlTemplate":"https:\/\/dev6.erresse-shop.it\/?s={search_term_string}"},"query-input":{"@type":"PropertyValueSpecification","valueRequired":true,"valueName":"search_term_string"}}],"inLanguage":"es"},{"@type":"Organization","@id":"https:\/\/dev6.erresse-shop.it\/#organization","name":"Erresse Shop","url":"https:\/\/dev6.erresse-shop.it\/","logo":{"@type":"ImageObject","inLanguage":"es","@id":"https:\/\/dev6.erresse-shop.it\/#\/schema\/logo\/image\/","url":"https:\/\/dev6.erresse-shop.it\/wp-content\/uploads\/2025\/01\/LOGO-ERRESSE-CLASSICO.svg","contentUrl":"https:\/\/dev6.erresse-shop.it\/wp-content\/uploads\/2025\/01\/LOGO-ERRESSE-CLASSICO.svg","caption":"Erresse Shop"},"image":{"@id":"https:\/\/dev6.erresse-shop.it\/#\/schema\/logo\/image\/"}}]}},"df_price":49,"df_sale_price":49,"df_regular_price":58,"df_image_link":"https:\/\/i2.wp.com\/interpim.erresse-shop.it\/Import\/Prodotti\/galateo-friends-codalunga-confezione-regalo-1-bottiglia.jpg?resize=300,300&ssl=1","fifu_image_url":"https:\/\/interpim.erresse-shop.it\/Import\/Prodotti\/galateo-friends-codalunga-confezione-regalo-1-bottiglia.jpg","_links":{"self":[{"href":"https:\/\/dev6.erresse-shop.it\/es\/wp-json\/wp\/v2\/product\/1883681","targetHints":{"allow":["GET"]}}],"collection":[{"href":"https:\/\/dev6.erresse-shop.it\/es\/wp-json\/wp\/v2\/product"}],"about":[{"href":"https:\/\/dev6.erresse-shop.it\/es\/wp-json\/wp\/v2\/types\/product"}],"wp:featuredmedia":[{"embeddable":true,"href":"https:\/\/dev6.erresse-shop.it\/es\/wp-json\/wp\/v2\/media\/6292804"}],"wp:attachment":[{"href":"https:\/\/dev6.erresse-shop.it\/es\/wp-json\/wp\/v2\/media?parent=1883681"}],"wp:term":[{"taxonomy":"product_cat","embeddable":true,"href":"https:\/\/dev6.erresse-shop.it\/es\/wp-json\/wp\/v2\/product_cat?post=1883681"},{"taxonomy":"product_tag","embeddable":true,"href":"https:\/\/dev6.erresse-shop.it\/es\/wp-json\/wp\/v2\/product_tag?post=1883681"}],"curies":[{"name":"wp","href":"https:\/\/api.w.org\/{rel}","templated":true}]}}