{"id":1883675,"date":"2026-04-04T13:05:19","date_gmt":"2026-04-04T11:05:19","guid":{"rendered":"https:\/\/dev6.erresse-shop.it\/shop\/sin%20categor\u00eda\/galateo-friends-carlo-volpi-caja-de-regalo-4-botellas-aceite-y-vinagre\/"},"modified":"2025-09-14T10:21:01","modified_gmt":"2025-09-14T08:21:01","slug":"galateo-friends-carlo-volpi-caja-de-regalo-4-botellas-aceite-y-vinagre","status":"publish","type":"product","link":"https:\/\/dev6.erresse-shop.it\/es\/shop\/tabla\/aceite-vinagre-sal\/galateo-friends-carlo-volpi-caja-de-regalo-4-botellas-aceite-y-vinagre\/","title":{"rendered":"GALATEO &#038; FRIENDS Carlo Volpi Caja de regalo 4 botellas Aceite y Vinagre"},"content":{"rendered":"<p>Descubre la excelencia de la gastronom\u00eda italiana con el Caja Regalo Carlo Volpi, un exclusivo set que re\u00fane cuatro productos de alta calidad para enriquecer tu cocina con sabores aut\u00e9nticos y sofisticados. Perfecta para los amantes de la comida, esta caja es una idea de regalo ideal o una valiosa adici\u00f3n a su despensa.<\/p>\n<p>Establecer contenido:<\/p>\n<p>CARLO VOLPI Aceite de Oliva Virgen Extra Cultivar Taggiasca (250 ml): Un aceite de oliva de extraordinaria calidad, obtenido de las mejores aceitunas Taggiasca de Liguria. Su sabor afrutado y delicado, con notas amargas y picantes, lo hace perfecto para ali\u00f1ar ensaladas, platos de pescado y para realzar cualquier preparaci\u00f3n.<br \/>\nCARLO VOLPI Vinagre Bals\u00e1mico de M\u00f3dena (250 ml): Un vinagre de sabor rico y complejo, capaz de dar una nota de dulzor y acidez equilibrada a platos de carne, quesos, ensaladas y adobos. Su versatilidad tambi\u00e9n lo hace ideal para preparar salsas gourmet.<br \/>\nVinagre de Vino CARLO VOLPI (250 ml): Un vinagre de vino de sabor fuerte y fresco, perfecto para dar un toque extra a platos de carne, pescado o verduras. Ideal tambi\u00e9n para crear vinagretas y salsas sencillas, pero con car\u00e1cter.<br \/>\nAderezo a base de Vinagre de Manzana CARLO VOLPI (250 ml): Un aderezo vers\u00e1til y ligero, con el sabor dulce y refrescante del vinagre de manzana. Excelente para ensaladas, platos de pescado o como base para adobos ligeros. Una opci\u00f3n saludable para realzar cada plato.<\/p>\n<p>Caracter\u00edsticas:<\/p>\n<p>Un paquete refinado, perfecto para cualquier ocasi\u00f3n especial o como regalo para los amantes de la cocina.<br \/>\nProductos de la m\u00e1s alta calidad, procedentes de las mejores tradiciones italianas.<br \/>\nVersatilidad y sabor en cada botella, ideal para condimentar, marinar y enriquecer cada plato.<\/p>\n","protected":false},"excerpt":{"rendered":"<p>Descubre la excelencia de la gastronom\u00eda italiana con el Caja Regalo Carlo Volpi, un exclusivo set que re\u00fane cuatro productos de alta calidad para enriquecer tu cocina con sabores aut\u00e9nticos y sofisticados. Perfecta para los amantes de la comida, esta caja es una idea de regalo ideal o una valiosa adici\u00f3n a su despensa. Establecer [&hellip;]<\/p>\n","protected":false},"featured_media":6292801,"template":"","meta":{"_acf_changed":false},"product_cat":[11936,11941,11887],"product_tag":[],"class_list":{"0":"post-1883675","1":"product","2":"type-product","3":"status-publish","4":"has-post-thumbnail","6":"product_cat-aceite-vinagre-sal","7":"product_cat-food-es","8":"product_cat-tabla","10":"first","11":"instock","12":"sale","13":"taxable","14":"shipping-taxable","15":"purchasable","16":"product-type-simple","swatches":"rey-swatches","show_selected":"","stretch_labels":"rey-swatches--stretch-labels"},"acf":[],"yoast_head":"<!-- This site is optimized with the Yoast SEO plugin v25.4 - https:\/\/yoast.com\/wordpress\/plugins\/seo\/ -->\n<title>GALATEO &#038; FRIENDS Carlo Volpi Caja de regalo 4 botellas Aceite y Vinagre - dev6 Erresse<\/title>\n<meta name=\"description\" content=\"Descubre la excelencia de la gastronom\u00eda italiana con el Caja Regalo Carlo Volpi, un exclusivo set que re\u00fane cuatro productos de alta calidad para\" \/>\n<meta name=\"robots\" content=\"noindex, follow, max-snippet:-1, max-image-preview:large, max-video-preview:-1\" \/>\n<meta property=\"og:locale\" content=\"es_ES\" \/>\n<meta property=\"og:type\" content=\"article\" \/>\n<meta property=\"og:title\" content=\"GALATEO &#038; FRIENDS Carlo Volpi Caja de regalo 4 botellas Aceite y Vinagre - dev6 Erresse\" \/>\n<meta property=\"og:description\" content=\"Descubre la excelencia de la gastronom\u00eda italiana con el Caja Regalo Carlo Volpi, un exclusivo set que re\u00fane cuatro productos de alta calidad para\" \/>\n<meta property=\"og:url\" content=\"https:\/\/dev6.erresse-shop.it\/es\/shop\/tabla\/aceite-vinagre-sal\/galateo-friends-carlo-volpi-caja-de-regalo-4-botellas-aceite-y-vinagre\/\" \/>\n<meta property=\"og:site_name\" content=\"dev6 Erresse\" \/>\n<meta property=\"og:image\" content=\"https:\/\/interpim.erresse-shop.it\/Import\/Prodotti\/galateo-friends-carlo-volpi-confezione-regalo-4.jpg\" \/><meta property=\"og:image\" content=\"https:\/\/interpim.erresse-shop.it\/Import\/Prodotti\/galateo-friends-carlo-volpi-confezione-regalo-4.jpg\" \/>\n\t<meta property=\"og:image:width\" content=\"1024\" \/>\n\t<meta property=\"og:image:height\" content=\"1024\" \/>\n\t<meta property=\"og:image:type\" content=\"image\/jpeg\" \/>\n<meta name=\"twitter:card\" content=\"summary_large_image\" \/>\n<meta name=\"twitter:image\" content=\"https:\/\/interpim.erresse-shop.it\/Import\/Prodotti\/galateo-friends-carlo-volpi-confezione-regalo-4.jpg\" \/>\n<script type=\"application\/ld+json\" class=\"yoast-schema-graph\">{\"@context\":\"https:\/\/schema.org\",\"@graph\":[{\"@type\":\"WebPage\",\"@id\":\"https:\/\/dev6.erresse-shop.it\/es\/shop\/tabla\/aceite-vinagre-sal\/galateo-friends-carlo-volpi-caja-de-regalo-4-botellas-aceite-y-vinagre\/\",\"url\":\"https:\/\/dev6.erresse-shop.it\/es\/shop\/tabla\/aceite-vinagre-sal\/galateo-friends-carlo-volpi-caja-de-regalo-4-botellas-aceite-y-vinagre\/\",\"name\":\"GALATEO &#038; FRIENDS Carlo Volpi Caja de regalo 4 botellas Aceite y Vinagre - dev6 Erresse\",\"isPartOf\":{\"@id\":\"https:\/\/dev6.erresse-shop.it\/#website\"},\"primaryImageOfPage\":{\"@id\":\"https:\/\/dev6.erresse-shop.it\/es\/shop\/tabla\/aceite-vinagre-sal\/galateo-friends-carlo-volpi-caja-de-regalo-4-botellas-aceite-y-vinagre\/#primaryimage\"},\"image\":{\"@id\":\"https:\/\/dev6.erresse-shop.it\/es\/shop\/tabla\/aceite-vinagre-sal\/galateo-friends-carlo-volpi-caja-de-regalo-4-botellas-aceite-y-vinagre\/#primaryimage\"},\"thumbnailUrl\":\"https:\/\/i2.wp.com\/interpim.erresse-shop.it\/Import\/Prodotti\/galateo-friends-carlo-volpi-confezione-regalo-4.jpg?ssl=1\",\"datePublished\":\"2026-04-04T11:05:19+00:00\",\"description\":\"Descubre la excelencia de la gastronom\u00eda italiana con el Caja Regalo Carlo Volpi, un exclusivo set que re\u00fane cuatro productos de alta calidad para\",\"breadcrumb\":{\"@id\":\"https:\/\/dev6.erresse-shop.it\/es\/shop\/tabla\/aceite-vinagre-sal\/galateo-friends-carlo-volpi-caja-de-regalo-4-botellas-aceite-y-vinagre\/#breadcrumb\"},\"inLanguage\":\"es\",\"potentialAction\":[{\"@type\":\"ReadAction\",\"target\":[\"https:\/\/dev6.erresse-shop.it\/es\/shop\/tabla\/aceite-vinagre-sal\/galateo-friends-carlo-volpi-caja-de-regalo-4-botellas-aceite-y-vinagre\/\"]}]},{\"@type\":\"ImageObject\",\"inLanguage\":\"es\",\"@id\":\"https:\/\/dev6.erresse-shop.it\/es\/shop\/tabla\/aceite-vinagre-sal\/galateo-friends-carlo-volpi-caja-de-regalo-4-botellas-aceite-y-vinagre\/#primaryimage\",\"url\":\"https:\/\/i2.wp.com\/interpim.erresse-shop.it\/Import\/Prodotti\/galateo-friends-carlo-volpi-confezione-regalo-4.jpg?ssl=1\",\"contentUrl\":\"https:\/\/i2.wp.com\/interpim.erresse-shop.it\/Import\/Prodotti\/galateo-friends-carlo-volpi-confezione-regalo-4.jpg?ssl=1\"},{\"@type\":\"BreadcrumbList\",\"@id\":\"https:\/\/dev6.erresse-shop.it\/es\/shop\/tabla\/aceite-vinagre-sal\/galateo-friends-carlo-volpi-caja-de-regalo-4-botellas-aceite-y-vinagre\/#breadcrumb\",\"itemListElement\":[{\"@type\":\"ListItem\",\"position\":1,\"name\":\"Home\",\"item\":\"https:\/\/dev6.erresse-shop.it\/\"},{\"@type\":\"ListItem\",\"position\":2,\"name\":\"Tienda\",\"item\":\"https:\/\/dev6.erresse-shop.it\/shop\/\"},{\"@type\":\"ListItem\",\"position\":3,\"name\":\"GALATEO &#038; FRIENDS Carlo Volpi Caja de regalo 4 botellas Aceite y Vinagre\"}]},{\"@type\":\"WebSite\",\"@id\":\"https:\/\/dev6.erresse-shop.it\/#website\",\"url\":\"https:\/\/dev6.erresse-shop.it\/\",\"name\":\"Erresse Shop\",\"description\":\"\",\"publisher\":{\"@id\":\"https:\/\/dev6.erresse-shop.it\/#organization\"},\"potentialAction\":[{\"@type\":\"SearchAction\",\"target\":{\"@type\":\"EntryPoint\",\"urlTemplate\":\"https:\/\/dev6.erresse-shop.it\/?s={search_term_string}\"},\"query-input\":{\"@type\":\"PropertyValueSpecification\",\"valueRequired\":true,\"valueName\":\"search_term_string\"}}],\"inLanguage\":\"es\"},{\"@type\":\"Organization\",\"@id\":\"https:\/\/dev6.erresse-shop.it\/#organization\",\"name\":\"Erresse Shop\",\"url\":\"https:\/\/dev6.erresse-shop.it\/\",\"logo\":{\"@type\":\"ImageObject\",\"inLanguage\":\"es\",\"@id\":\"https:\/\/dev6.erresse-shop.it\/#\/schema\/logo\/image\/\",\"url\":\"https:\/\/dev6.erresse-shop.it\/wp-content\/uploads\/2025\/01\/LOGO-ERRESSE-CLASSICO.svg\",\"contentUrl\":\"https:\/\/dev6.erresse-shop.it\/wp-content\/uploads\/2025\/01\/LOGO-ERRESSE-CLASSICO.svg\",\"caption\":\"Erresse Shop\"},\"image\":{\"@id\":\"https:\/\/dev6.erresse-shop.it\/#\/schema\/logo\/image\/\"}}]}<\/script>\n<!-- \/ Yoast SEO plugin. -->","yoast_head_json":{"title":"GALATEO &#038; FRIENDS Carlo Volpi Caja de regalo 4 botellas Aceite y Vinagre - dev6 Erresse","description":"Descubre la excelencia de la gastronom\u00eda italiana con el Caja Regalo Carlo Volpi, un exclusivo set que re\u00fane cuatro productos de alta calidad para","robots":{"index":"noindex","follow":"follow","max-snippet":"max-snippet:-1","max-image-preview":"max-image-preview:large","max-video-preview":"max-video-preview:-1"},"og_locale":"es_ES","og_type":"article","og_title":"GALATEO &#038; FRIENDS Carlo Volpi Caja de regalo 4 botellas Aceite y Vinagre - dev6 Erresse","og_description":"Descubre la excelencia de la gastronom\u00eda italiana con el Caja Regalo Carlo Volpi, un exclusivo set que re\u00fane cuatro productos de alta calidad para","og_url":"https:\/\/dev6.erresse-shop.it\/es\/shop\/tabla\/aceite-vinagre-sal\/galateo-friends-carlo-volpi-caja-de-regalo-4-botellas-aceite-y-vinagre\/","og_site_name":"dev6 Erresse","og_image":[{"url":"https:\/\/interpim.erresse-shop.it\/Import\/Prodotti\/galateo-friends-carlo-volpi-confezione-regalo-4.jpg","type":"","width":"","height":""},{"url":"https:\/\/interpim.erresse-shop.it\/Import\/Prodotti\/galateo-friends-carlo-volpi-confezione-regalo-4.jpg","width":1024,"height":1024,"type":"image\/jpeg"}],"twitter_card":"summary_large_image","twitter_image":"https:\/\/interpim.erresse-shop.it\/Import\/Prodotti\/galateo-friends-carlo-volpi-confezione-regalo-4.jpg","schema":{"@context":"https:\/\/schema.org","@graph":[{"@type":"WebPage","@id":"https:\/\/dev6.erresse-shop.it\/es\/shop\/tabla\/aceite-vinagre-sal\/galateo-friends-carlo-volpi-caja-de-regalo-4-botellas-aceite-y-vinagre\/","url":"https:\/\/dev6.erresse-shop.it\/es\/shop\/tabla\/aceite-vinagre-sal\/galateo-friends-carlo-volpi-caja-de-regalo-4-botellas-aceite-y-vinagre\/","name":"GALATEO &#038; FRIENDS Carlo Volpi Caja de regalo 4 botellas Aceite y Vinagre - dev6 Erresse","isPartOf":{"@id":"https:\/\/dev6.erresse-shop.it\/#website"},"primaryImageOfPage":{"@id":"https:\/\/dev6.erresse-shop.it\/es\/shop\/tabla\/aceite-vinagre-sal\/galateo-friends-carlo-volpi-caja-de-regalo-4-botellas-aceite-y-vinagre\/#primaryimage"},"image":{"@id":"https:\/\/dev6.erresse-shop.it\/es\/shop\/tabla\/aceite-vinagre-sal\/galateo-friends-carlo-volpi-caja-de-regalo-4-botellas-aceite-y-vinagre\/#primaryimage"},"thumbnailUrl":"https:\/\/i2.wp.com\/interpim.erresse-shop.it\/Import\/Prodotti\/galateo-friends-carlo-volpi-confezione-regalo-4.jpg?ssl=1","datePublished":"2026-04-04T11:05:19+00:00","description":"Descubre la excelencia de la gastronom\u00eda italiana con el Caja Regalo Carlo Volpi, un exclusivo set que re\u00fane cuatro productos de alta calidad para","breadcrumb":{"@id":"https:\/\/dev6.erresse-shop.it\/es\/shop\/tabla\/aceite-vinagre-sal\/galateo-friends-carlo-volpi-caja-de-regalo-4-botellas-aceite-y-vinagre\/#breadcrumb"},"inLanguage":"es","potentialAction":[{"@type":"ReadAction","target":["https:\/\/dev6.erresse-shop.it\/es\/shop\/tabla\/aceite-vinagre-sal\/galateo-friends-carlo-volpi-caja-de-regalo-4-botellas-aceite-y-vinagre\/"]}]},{"@type":"ImageObject","inLanguage":"es","@id":"https:\/\/dev6.erresse-shop.it\/es\/shop\/tabla\/aceite-vinagre-sal\/galateo-friends-carlo-volpi-caja-de-regalo-4-botellas-aceite-y-vinagre\/#primaryimage","url":"https:\/\/i2.wp.com\/interpim.erresse-shop.it\/Import\/Prodotti\/galateo-friends-carlo-volpi-confezione-regalo-4.jpg?ssl=1","contentUrl":"https:\/\/i2.wp.com\/interpim.erresse-shop.it\/Import\/Prodotti\/galateo-friends-carlo-volpi-confezione-regalo-4.jpg?ssl=1"},{"@type":"BreadcrumbList","@id":"https:\/\/dev6.erresse-shop.it\/es\/shop\/tabla\/aceite-vinagre-sal\/galateo-friends-carlo-volpi-caja-de-regalo-4-botellas-aceite-y-vinagre\/#breadcrumb","itemListElement":[{"@type":"ListItem","position":1,"name":"Home","item":"https:\/\/dev6.erresse-shop.it\/"},{"@type":"ListItem","position":2,"name":"Tienda","item":"https:\/\/dev6.erresse-shop.it\/shop\/"},{"@type":"ListItem","position":3,"name":"GALATEO &#038; FRIENDS Carlo Volpi Caja de regalo 4 botellas Aceite y Vinagre"}]},{"@type":"WebSite","@id":"https:\/\/dev6.erresse-shop.it\/#website","url":"https:\/\/dev6.erresse-shop.it\/","name":"Erresse Shop","description":"","publisher":{"@id":"https:\/\/dev6.erresse-shop.it\/#organization"},"potentialAction":[{"@type":"SearchAction","target":{"@type":"EntryPoint","urlTemplate":"https:\/\/dev6.erresse-shop.it\/?s={search_term_string}"},"query-input":{"@type":"PropertyValueSpecification","valueRequired":true,"valueName":"search_term_string"}}],"inLanguage":"es"},{"@type":"Organization","@id":"https:\/\/dev6.erresse-shop.it\/#organization","name":"Erresse Shop","url":"https:\/\/dev6.erresse-shop.it\/","logo":{"@type":"ImageObject","inLanguage":"es","@id":"https:\/\/dev6.erresse-shop.it\/#\/schema\/logo\/image\/","url":"https:\/\/dev6.erresse-shop.it\/wp-content\/uploads\/2025\/01\/LOGO-ERRESSE-CLASSICO.svg","contentUrl":"https:\/\/dev6.erresse-shop.it\/wp-content\/uploads\/2025\/01\/LOGO-ERRESSE-CLASSICO.svg","caption":"Erresse Shop"},"image":{"@id":"https:\/\/dev6.erresse-shop.it\/#\/schema\/logo\/image\/"}}]}},"df_price":79,"df_sale_price":79,"df_regular_price":115,"df_image_link":"https:\/\/i2.wp.com\/interpim.erresse-shop.it\/Import\/Prodotti\/galateo-friends-carlo-volpi-confezione-regalo-4.jpg?resize=300,300&ssl=1","fifu_image_url":"https:\/\/interpim.erresse-shop.it\/Import\/Prodotti\/galateo-friends-carlo-volpi-confezione-regalo-4.jpg","_links":{"self":[{"href":"https:\/\/dev6.erresse-shop.it\/es\/wp-json\/wp\/v2\/product\/1883675","targetHints":{"allow":["GET"]}}],"collection":[{"href":"https:\/\/dev6.erresse-shop.it\/es\/wp-json\/wp\/v2\/product"}],"about":[{"href":"https:\/\/dev6.erresse-shop.it\/es\/wp-json\/wp\/v2\/types\/product"}],"wp:featuredmedia":[{"embeddable":true,"href":"https:\/\/dev6.erresse-shop.it\/es\/wp-json\/wp\/v2\/media\/6292801"}],"wp:attachment":[{"href":"https:\/\/dev6.erresse-shop.it\/es\/wp-json\/wp\/v2\/media?parent=1883675"}],"wp:term":[{"taxonomy":"product_cat","embeddable":true,"href":"https:\/\/dev6.erresse-shop.it\/es\/wp-json\/wp\/v2\/product_cat?post=1883675"},{"taxonomy":"product_tag","embeddable":true,"href":"https:\/\/dev6.erresse-shop.it\/es\/wp-json\/wp\/v2\/product_tag?post=1883675"}],"curies":[{"name":"wp","href":"https:\/\/api.w.org\/{rel}","templated":true}]}}