{"id":1883673,"date":"2026-04-04T13:05:19","date_gmt":"2026-04-04T11:05:19","guid":{"rendered":"https:\/\/dev6.erresse-shop.it\/shop\/sin%20categor\u00eda\/galateo-friends-carlo-volpi-caja-de-regalo-3-botellas-aceite-y-vinagre\/"},"modified":"2025-09-14T10:20:56","modified_gmt":"2025-09-14T08:20:56","slug":"galateo-friends-carlo-volpi-caja-de-regalo-3-botellas-aceite-y-vinagre","status":"publish","type":"product","link":"https:\/\/dev6.erresse-shop.it\/es\/shop\/tabla\/aceite-vinagre-sal\/galateo-friends-carlo-volpi-caja-de-regalo-3-botellas-aceite-y-vinagre\/","title":{"rendered":"GALATEO &#038; FRIENDS Carlo Volpi Caja de regalo 3 botellas Aceite y Vinagre"},"content":{"rendered":"<p>Realza tus platos con lo mejor de la tradici\u00f3n gastron\u00f3mica italiana gracias al Caja Regalo Carlo Volpi, un exclusivo set que incluye tres finos condimentos para enriquecer tu cocina con sabores aut\u00e9nticos y refinados. Ideal para quienes aman cocinar con ingredientes de calidad superior, este paquete tambi\u00e9n es un regalo perfecto para cualquier ocasi\u00f3n especial.<\/p>\n<p>Establecer contenido:<\/p>\n<p>CARLO VOLPI Aceite de Oliva Virgen Extra Taggiasca Cultivar (250 ml): De sabor afrutado y delicado, con un ligero regusto amargo y picante, este aceite es perfecto para ensaladas, platos de pescado, bruschetta y como condimento para verduras asadas.<br \/>\nVinagre de Vino CARLO VOLPI (250 ml): Un vinagre de sabor fuerte y equilibrado, perfecto para dar un toque extra a platos a base de carnes, pescados o ensaladas. Su frescura tambi\u00e9n lo hace ideal para preparar salsas, vinagretas o adobos que aporten car\u00e1cter y profundidad a tus platos.<br \/>\nVinagre de Vino CARLO VOLPI (250 ml): Otro extraordinario vinagre de vino, tambi\u00e9n de sabor fresco y robusto. Su versatilidad lo convierte en un ingrediente perfecto para multitud de preparaciones, desde aderezar platos fr\u00edos hasta crear salsas para segundos platos, sin olvidar su uso en adobos.<\/p>\n<p>Caracter\u00edsticas:<\/p>\n<p>Una refinada selecci\u00f3n de aceites y vinagres, ideal para cualquier aficionado a la cocina que busque calidad y autenticidad.<br \/>\nEmbalaje elegante y pr\u00e1ctico, perfecto como regalo o para enriquecer tu despensa.<br \/>\nProducido por una de las marcas m\u00e1s apreciadas de la tradici\u00f3n gastron\u00f3mica italiana.<\/p>\n<p>Elige el Caja Regalo Carlo Volpi para darle un toque de clase a tu cocina, con ingredientes aut\u00e9nticos que marcan la diferencia en cada plato. Un regalo especial o un lujo cotidiano para quienes aprecian lo mejor.<\/p>\n","protected":false},"excerpt":{"rendered":"<p>Realza tus platos con lo mejor de la tradici\u00f3n gastron\u00f3mica italiana gracias al Caja Regalo Carlo Volpi, un exclusivo set que incluye tres finos condimentos para enriquecer tu cocina con sabores aut\u00e9nticos y refinados. Ideal para quienes aman cocinar con ingredientes de calidad superior, este paquete tambi\u00e9n es un regalo perfecto para cualquier ocasi\u00f3n especial. [&hellip;]<\/p>\n","protected":false},"featured_media":6292800,"template":"","meta":{"_acf_changed":false},"product_cat":[11936,11941,11887],"product_tag":[],"class_list":{"0":"post-1883673","1":"product","2":"type-product","3":"status-publish","4":"has-post-thumbnail","6":"product_cat-aceite-vinagre-sal","7":"product_cat-food-es","8":"product_cat-tabla","10":"first","11":"instock","12":"sale","13":"taxable","14":"shipping-taxable","15":"purchasable","16":"product-type-simple","swatches":"rey-swatches","show_selected":"","stretch_labels":"rey-swatches--stretch-labels"},"acf":[],"yoast_head":"<!-- This site is optimized with the Yoast SEO plugin v25.4 - https:\/\/yoast.com\/wordpress\/plugins\/seo\/ -->\n<title>GALATEO &#038; FRIENDS Carlo Volpi Caja de regalo 3 botellas Aceite y Vinagre - dev6 Erresse<\/title>\n<meta name=\"description\" content=\"Realza tus platos con lo mejor de la tradici\u00f3n gastron\u00f3mica italiana gracias al Caja Regalo Carlo Volpi, un exclusivo set que incluye tres finos\" \/>\n<meta name=\"robots\" content=\"noindex, follow, max-snippet:-1, max-image-preview:large, max-video-preview:-1\" \/>\n<meta property=\"og:locale\" content=\"es_ES\" \/>\n<meta property=\"og:type\" content=\"article\" \/>\n<meta property=\"og:title\" content=\"GALATEO &#038; FRIENDS Carlo Volpi Caja de regalo 3 botellas Aceite y Vinagre - dev6 Erresse\" \/>\n<meta property=\"og:description\" content=\"Realza tus platos con lo mejor de la tradici\u00f3n gastron\u00f3mica italiana gracias al Caja Regalo Carlo Volpi, un exclusivo set que incluye tres finos\" \/>\n<meta property=\"og:url\" content=\"https:\/\/dev6.erresse-shop.it\/es\/shop\/tabla\/aceite-vinagre-sal\/galateo-friends-carlo-volpi-caja-de-regalo-3-botellas-aceite-y-vinagre\/\" \/>\n<meta property=\"og:site_name\" content=\"dev6 Erresse\" \/>\n<meta property=\"og:image\" content=\"https:\/\/interpim.erresse-shop.it\/Import\/Prodotti\/galateo-friends-carlo-volpi-confezione-regalo-3-bottiglie.jpg\" \/><meta property=\"og:image\" content=\"https:\/\/interpim.erresse-shop.it\/Import\/Prodotti\/galateo-friends-carlo-volpi-confezione-regalo-3-bottiglie.jpg\" \/>\n\t<meta property=\"og:image:width\" content=\"1024\" \/>\n\t<meta property=\"og:image:height\" content=\"1024\" \/>\n\t<meta property=\"og:image:type\" content=\"image\/jpeg\" \/>\n<meta name=\"twitter:card\" content=\"summary_large_image\" \/>\n<meta name=\"twitter:image\" content=\"https:\/\/interpim.erresse-shop.it\/Import\/Prodotti\/galateo-friends-carlo-volpi-confezione-regalo-3-bottiglie.jpg\" \/>\n<script type=\"application\/ld+json\" class=\"yoast-schema-graph\">{\"@context\":\"https:\/\/schema.org\",\"@graph\":[{\"@type\":\"WebPage\",\"@id\":\"https:\/\/dev6.erresse-shop.it\/es\/shop\/tabla\/aceite-vinagre-sal\/galateo-friends-carlo-volpi-caja-de-regalo-3-botellas-aceite-y-vinagre\/\",\"url\":\"https:\/\/dev6.erresse-shop.it\/es\/shop\/tabla\/aceite-vinagre-sal\/galateo-friends-carlo-volpi-caja-de-regalo-3-botellas-aceite-y-vinagre\/\",\"name\":\"GALATEO &#038; FRIENDS Carlo Volpi Caja de regalo 3 botellas Aceite y Vinagre - dev6 Erresse\",\"isPartOf\":{\"@id\":\"https:\/\/dev6.erresse-shop.it\/#website\"},\"primaryImageOfPage\":{\"@id\":\"https:\/\/dev6.erresse-shop.it\/es\/shop\/tabla\/aceite-vinagre-sal\/galateo-friends-carlo-volpi-caja-de-regalo-3-botellas-aceite-y-vinagre\/#primaryimage\"},\"image\":{\"@id\":\"https:\/\/dev6.erresse-shop.it\/es\/shop\/tabla\/aceite-vinagre-sal\/galateo-friends-carlo-volpi-caja-de-regalo-3-botellas-aceite-y-vinagre\/#primaryimage\"},\"thumbnailUrl\":\"https:\/\/i2.wp.com\/interpim.erresse-shop.it\/Import\/Prodotti\/galateo-friends-carlo-volpi-confezione-regalo-3-bottiglie.jpg?ssl=1\",\"datePublished\":\"2026-04-04T11:05:19+00:00\",\"description\":\"Realza tus platos con lo mejor de la tradici\u00f3n gastron\u00f3mica italiana gracias al Caja Regalo Carlo Volpi, un exclusivo set que incluye tres finos\",\"breadcrumb\":{\"@id\":\"https:\/\/dev6.erresse-shop.it\/es\/shop\/tabla\/aceite-vinagre-sal\/galateo-friends-carlo-volpi-caja-de-regalo-3-botellas-aceite-y-vinagre\/#breadcrumb\"},\"inLanguage\":\"es\",\"potentialAction\":[{\"@type\":\"ReadAction\",\"target\":[\"https:\/\/dev6.erresse-shop.it\/es\/shop\/tabla\/aceite-vinagre-sal\/galateo-friends-carlo-volpi-caja-de-regalo-3-botellas-aceite-y-vinagre\/\"]}]},{\"@type\":\"ImageObject\",\"inLanguage\":\"es\",\"@id\":\"https:\/\/dev6.erresse-shop.it\/es\/shop\/tabla\/aceite-vinagre-sal\/galateo-friends-carlo-volpi-caja-de-regalo-3-botellas-aceite-y-vinagre\/#primaryimage\",\"url\":\"https:\/\/i2.wp.com\/interpim.erresse-shop.it\/Import\/Prodotti\/galateo-friends-carlo-volpi-confezione-regalo-3-bottiglie.jpg?ssl=1\",\"contentUrl\":\"https:\/\/i2.wp.com\/interpim.erresse-shop.it\/Import\/Prodotti\/galateo-friends-carlo-volpi-confezione-regalo-3-bottiglie.jpg?ssl=1\"},{\"@type\":\"BreadcrumbList\",\"@id\":\"https:\/\/dev6.erresse-shop.it\/es\/shop\/tabla\/aceite-vinagre-sal\/galateo-friends-carlo-volpi-caja-de-regalo-3-botellas-aceite-y-vinagre\/#breadcrumb\",\"itemListElement\":[{\"@type\":\"ListItem\",\"position\":1,\"name\":\"Home\",\"item\":\"https:\/\/dev6.erresse-shop.it\/\"},{\"@type\":\"ListItem\",\"position\":2,\"name\":\"Tienda\",\"item\":\"https:\/\/dev6.erresse-shop.it\/shop\/\"},{\"@type\":\"ListItem\",\"position\":3,\"name\":\"GALATEO &#038; FRIENDS Carlo Volpi Caja de regalo 3 botellas Aceite y Vinagre\"}]},{\"@type\":\"WebSite\",\"@id\":\"https:\/\/dev6.erresse-shop.it\/#website\",\"url\":\"https:\/\/dev6.erresse-shop.it\/\",\"name\":\"Erresse Shop\",\"description\":\"\",\"publisher\":{\"@id\":\"https:\/\/dev6.erresse-shop.it\/#organization\"},\"potentialAction\":[{\"@type\":\"SearchAction\",\"target\":{\"@type\":\"EntryPoint\",\"urlTemplate\":\"https:\/\/dev6.erresse-shop.it\/?s={search_term_string}\"},\"query-input\":{\"@type\":\"PropertyValueSpecification\",\"valueRequired\":true,\"valueName\":\"search_term_string\"}}],\"inLanguage\":\"es\"},{\"@type\":\"Organization\",\"@id\":\"https:\/\/dev6.erresse-shop.it\/#organization\",\"name\":\"Erresse Shop\",\"url\":\"https:\/\/dev6.erresse-shop.it\/\",\"logo\":{\"@type\":\"ImageObject\",\"inLanguage\":\"es\",\"@id\":\"https:\/\/dev6.erresse-shop.it\/#\/schema\/logo\/image\/\",\"url\":\"https:\/\/dev6.erresse-shop.it\/wp-content\/uploads\/2025\/01\/LOGO-ERRESSE-CLASSICO.svg\",\"contentUrl\":\"https:\/\/dev6.erresse-shop.it\/wp-content\/uploads\/2025\/01\/LOGO-ERRESSE-CLASSICO.svg\",\"caption\":\"Erresse Shop\"},\"image\":{\"@id\":\"https:\/\/dev6.erresse-shop.it\/#\/schema\/logo\/image\/\"}}]}<\/script>\n<!-- \/ Yoast SEO plugin. -->","yoast_head_json":{"title":"GALATEO &#038; FRIENDS Carlo Volpi Caja de regalo 3 botellas Aceite y Vinagre - dev6 Erresse","description":"Realza tus platos con lo mejor de la tradici\u00f3n gastron\u00f3mica italiana gracias al Caja Regalo Carlo Volpi, un exclusivo set que incluye tres finos","robots":{"index":"noindex","follow":"follow","max-snippet":"max-snippet:-1","max-image-preview":"max-image-preview:large","max-video-preview":"max-video-preview:-1"},"og_locale":"es_ES","og_type":"article","og_title":"GALATEO &#038; FRIENDS Carlo Volpi Caja de regalo 3 botellas Aceite y Vinagre - dev6 Erresse","og_description":"Realza tus platos con lo mejor de la tradici\u00f3n gastron\u00f3mica italiana gracias al Caja Regalo Carlo Volpi, un exclusivo set que incluye tres finos","og_url":"https:\/\/dev6.erresse-shop.it\/es\/shop\/tabla\/aceite-vinagre-sal\/galateo-friends-carlo-volpi-caja-de-regalo-3-botellas-aceite-y-vinagre\/","og_site_name":"dev6 Erresse","og_image":[{"url":"https:\/\/interpim.erresse-shop.it\/Import\/Prodotti\/galateo-friends-carlo-volpi-confezione-regalo-3-bottiglie.jpg","type":"","width":"","height":""},{"url":"https:\/\/interpim.erresse-shop.it\/Import\/Prodotti\/galateo-friends-carlo-volpi-confezione-regalo-3-bottiglie.jpg","width":1024,"height":1024,"type":"image\/jpeg"}],"twitter_card":"summary_large_image","twitter_image":"https:\/\/interpim.erresse-shop.it\/Import\/Prodotti\/galateo-friends-carlo-volpi-confezione-regalo-3-bottiglie.jpg","schema":{"@context":"https:\/\/schema.org","@graph":[{"@type":"WebPage","@id":"https:\/\/dev6.erresse-shop.it\/es\/shop\/tabla\/aceite-vinagre-sal\/galateo-friends-carlo-volpi-caja-de-regalo-3-botellas-aceite-y-vinagre\/","url":"https:\/\/dev6.erresse-shop.it\/es\/shop\/tabla\/aceite-vinagre-sal\/galateo-friends-carlo-volpi-caja-de-regalo-3-botellas-aceite-y-vinagre\/","name":"GALATEO &#038; FRIENDS Carlo Volpi Caja de regalo 3 botellas Aceite y Vinagre - dev6 Erresse","isPartOf":{"@id":"https:\/\/dev6.erresse-shop.it\/#website"},"primaryImageOfPage":{"@id":"https:\/\/dev6.erresse-shop.it\/es\/shop\/tabla\/aceite-vinagre-sal\/galateo-friends-carlo-volpi-caja-de-regalo-3-botellas-aceite-y-vinagre\/#primaryimage"},"image":{"@id":"https:\/\/dev6.erresse-shop.it\/es\/shop\/tabla\/aceite-vinagre-sal\/galateo-friends-carlo-volpi-caja-de-regalo-3-botellas-aceite-y-vinagre\/#primaryimage"},"thumbnailUrl":"https:\/\/i2.wp.com\/interpim.erresse-shop.it\/Import\/Prodotti\/galateo-friends-carlo-volpi-confezione-regalo-3-bottiglie.jpg?ssl=1","datePublished":"2026-04-04T11:05:19+00:00","description":"Realza tus platos con lo mejor de la tradici\u00f3n gastron\u00f3mica italiana gracias al Caja Regalo Carlo Volpi, un exclusivo set que incluye tres finos","breadcrumb":{"@id":"https:\/\/dev6.erresse-shop.it\/es\/shop\/tabla\/aceite-vinagre-sal\/galateo-friends-carlo-volpi-caja-de-regalo-3-botellas-aceite-y-vinagre\/#breadcrumb"},"inLanguage":"es","potentialAction":[{"@type":"ReadAction","target":["https:\/\/dev6.erresse-shop.it\/es\/shop\/tabla\/aceite-vinagre-sal\/galateo-friends-carlo-volpi-caja-de-regalo-3-botellas-aceite-y-vinagre\/"]}]},{"@type":"ImageObject","inLanguage":"es","@id":"https:\/\/dev6.erresse-shop.it\/es\/shop\/tabla\/aceite-vinagre-sal\/galateo-friends-carlo-volpi-caja-de-regalo-3-botellas-aceite-y-vinagre\/#primaryimage","url":"https:\/\/i2.wp.com\/interpim.erresse-shop.it\/Import\/Prodotti\/galateo-friends-carlo-volpi-confezione-regalo-3-bottiglie.jpg?ssl=1","contentUrl":"https:\/\/i2.wp.com\/interpim.erresse-shop.it\/Import\/Prodotti\/galateo-friends-carlo-volpi-confezione-regalo-3-bottiglie.jpg?ssl=1"},{"@type":"BreadcrumbList","@id":"https:\/\/dev6.erresse-shop.it\/es\/shop\/tabla\/aceite-vinagre-sal\/galateo-friends-carlo-volpi-caja-de-regalo-3-botellas-aceite-y-vinagre\/#breadcrumb","itemListElement":[{"@type":"ListItem","position":1,"name":"Home","item":"https:\/\/dev6.erresse-shop.it\/"},{"@type":"ListItem","position":2,"name":"Tienda","item":"https:\/\/dev6.erresse-shop.it\/shop\/"},{"@type":"ListItem","position":3,"name":"GALATEO &#038; FRIENDS Carlo Volpi Caja de regalo 3 botellas Aceite y Vinagre"}]},{"@type":"WebSite","@id":"https:\/\/dev6.erresse-shop.it\/#website","url":"https:\/\/dev6.erresse-shop.it\/","name":"Erresse Shop","description":"","publisher":{"@id":"https:\/\/dev6.erresse-shop.it\/#organization"},"potentialAction":[{"@type":"SearchAction","target":{"@type":"EntryPoint","urlTemplate":"https:\/\/dev6.erresse-shop.it\/?s={search_term_string}"},"query-input":{"@type":"PropertyValueSpecification","valueRequired":true,"valueName":"search_term_string"}}],"inLanguage":"es"},{"@type":"Organization","@id":"https:\/\/dev6.erresse-shop.it\/#organization","name":"Erresse Shop","url":"https:\/\/dev6.erresse-shop.it\/","logo":{"@type":"ImageObject","inLanguage":"es","@id":"https:\/\/dev6.erresse-shop.it\/#\/schema\/logo\/image\/","url":"https:\/\/dev6.erresse-shop.it\/wp-content\/uploads\/2025\/01\/LOGO-ERRESSE-CLASSICO.svg","contentUrl":"https:\/\/dev6.erresse-shop.it\/wp-content\/uploads\/2025\/01\/LOGO-ERRESSE-CLASSICO.svg","caption":"Erresse Shop"},"image":{"@id":"https:\/\/dev6.erresse-shop.it\/#\/schema\/logo\/image\/"}}]}},"df_price":69,"df_sale_price":69,"df_regular_price":92,"df_image_link":"https:\/\/i2.wp.com\/interpim.erresse-shop.it\/Import\/Prodotti\/galateo-friends-carlo-volpi-confezione-regalo-3-bottiglie.jpg?resize=300,300&ssl=1","fifu_image_url":"https:\/\/interpim.erresse-shop.it\/Import\/Prodotti\/galateo-friends-carlo-volpi-confezione-regalo-3-bottiglie.jpg","_links":{"self":[{"href":"https:\/\/dev6.erresse-shop.it\/es\/wp-json\/wp\/v2\/product\/1883673","targetHints":{"allow":["GET"]}}],"collection":[{"href":"https:\/\/dev6.erresse-shop.it\/es\/wp-json\/wp\/v2\/product"}],"about":[{"href":"https:\/\/dev6.erresse-shop.it\/es\/wp-json\/wp\/v2\/types\/product"}],"wp:featuredmedia":[{"embeddable":true,"href":"https:\/\/dev6.erresse-shop.it\/es\/wp-json\/wp\/v2\/media\/6292800"}],"wp:attachment":[{"href":"https:\/\/dev6.erresse-shop.it\/es\/wp-json\/wp\/v2\/media?parent=1883673"}],"wp:term":[{"taxonomy":"product_cat","embeddable":true,"href":"https:\/\/dev6.erresse-shop.it\/es\/wp-json\/wp\/v2\/product_cat?post=1883673"},{"taxonomy":"product_tag","embeddable":true,"href":"https:\/\/dev6.erresse-shop.it\/es\/wp-json\/wp\/v2\/product_tag?post=1883673"}],"curies":[{"name":"wp","href":"https:\/\/api.w.org\/{rel}","templated":true}]}}