{"id":1883665,"date":"2026-04-04T13:05:19","date_gmt":"2026-04-04T11:05:19","guid":{"rendered":"https:\/\/dev6.erresse-shop.it\/shop\/sin%20categor\u00eda\/coravin-timeless-six-forest-green\/"},"modified":"2025-09-14T10:20:36","modified_gmt":"2025-09-14T08:20:36","slug":"coravin-timeless-six-forest-green","status":"publish","type":"product","link":"https:\/\/dev6.erresse-shop.it\/es\/shop\/tabla\/vino\/aireadores\/coravin-timeless-six-forest-green\/","title":{"rendered":"CORAVIN Timeless Six+ Forest Green"},"content":{"rendered":"<p>Sirva sus vinos favoritos sin quitar nunca el corcho. El Coravin Timeless Six lleva la elegancia al siguiente nivel al permitirle elegir entre una variedad de sofisticados colores, todos ellos con acabados brillantes, toques met\u00e1licos y una oferta de accesorios de primera calidad. Simplemente inserte, incline y vierta todo el vino que desee mientras guarda tranquilamente el resto de la botella durante semanas, meses o incluso a\u00f1os. Este elegante sistema de almacenamiento de vino es perfecto para los entendidos, pero tambi\u00e9n para todos los amantes del vino.<\/p>\n<p>Qu\u00e9 incluye<\/p>\n<p>Coravin Intemporal Seis<br \/>\nCon sus elegantes colores y acabados de alto brillo, este lujoso sistema permite servir el vino sin quitar nunca el corcho y guardar el resto de la botella durante meses o incluso a\u00f1os.<br \/>\nAireador intemporal<br \/>\nEl aireador Coravin crea peque\u00f1os chorros de vino durante el vertido, aireando r\u00e1pidamente el vino para proporcionar los mismos resultados que una decantaci\u00f3n de 60-90 minutos.<br \/>\nCoravin Pure\u2122 C\u00e1psulas de arg\u00f3n<br \/>\nLas c\u00e1psulas Coravin Pure\u2122 contienen gas arg\u00f3n puro y se fabrican e inspeccionan para garantizar el m\u00e1ximo nivel de conservaci\u00f3n sin afectar al sabor del vino.<br \/>\nTapones de rosca<br \/>\nEl tap\u00f3n de rosca Coravin se puede utilizar en cualquier botella con tap\u00f3n de rosca para su uso con todas las agujas Coravin. La silicona autosellante protege el vino hasta tres meses.<br \/>\nMalet\u00edn de transporte intemporal<br \/>\nEl estuche Coravin tiene dos bolsillos interiores para guardar las c\u00e1psulas Coravin Pure\u2122 o el aireador Coravin.<br \/>\nHerramienta de limpieza de agujas<br \/>\nSi la aguja del Coravin se obstruye, utilice la herramienta de limpieza de agujas para eliminar los restos de corcho.<br \/>\nTapas para botellas<br \/>\nLas botellas de vino da\u00f1adas o defectuosas pueden romperse al presurizarlas. El uso de la tapa para botellas Coravin ayuda a reducir el riesgo de lesiones causadas por la posible rotura del cristal.<\/p>\n<p>Una nueva forma de servir el vino<\/p>\n<p>Inserte<br \/>\nAlinee las SmartClamps\u2122 en el cuello de la botella y con un movimiento suave empuje firmemente el asa.<\/p>\n<p>Inclinar y verter<br \/>\nIncline la botella hasta que el pico est\u00e9 sobre el cristal. Presione y suelte r\u00e1pidamente la palanca para verter.<\/p>\n<p>Vida \u00fatil de la c\u00e1psula<br \/>\nCada c\u00e1psula le permitir\u00e1 servir hasta 15 copas de 150 ml (cinco onzas) de vino con los sistemas Timeless o 20 copas de 150 ml (cinco onzas) con los sistemas Pivot\u2122.<\/p>\n<p>Velocidad media de vertido<br \/>\nPor t\u00e9rmino medio, un vertido de 150 ml de vino con una aguja est\u00e1ndar tarda entre 25 y 29 segundos.<\/p>\n<p>Aguja descentrada<br \/>\nLa aguja del sistema Coravin est\u00e1 descentrada intencionadamente, por lo que la aguja se introduce en el corcho en un lugar diferente cada vez.<\/p>\n<p>Detalles del producto<\/p>\n<p>Asa y ca\u00f1o de metal<br \/>\nLa empu\u00f1adura de goma y el pitorro met\u00e1lico son algunos de los elegantes detalles que confieren a la Timeless Six su calidad superior.<br \/>\nSmartClamps\u2122 para mayor facilidad de uso<br \/>\nSmartClamps\u2122 facilitan la inserci\u00f3n del sistema Coravin con un movimiento r\u00e1pido y decidido para poder utilizarlo con seguridad.<br \/>\nC\u00e1psulas de gas arg\u00f3n Coravin Pure\u2122.<br \/>\nEl gas arg\u00f3n puro al 99,99% alimenta el sistema y preserva el vino.<\/p>\n","protected":false},"excerpt":{"rendered":"<p>Sirva sus vinos favoritos sin quitar nunca el corcho. El Coravin Timeless Six lleva la elegancia al siguiente nivel al permitirle elegir entre una variedad de sofisticados colores, todos ellos con acabados brillantes, toques met\u00e1licos y una oferta de accesorios de primera calidad. Simplemente inserte, incline y vierta todo el vino que desee mientras guarda [&hellip;]<\/p>\n","protected":false},"featured_media":6292778,"template":"","meta":{"_acf_changed":false},"product_cat":[11964,11887,11961],"product_tag":[],"class_list":{"0":"post-1883665","1":"product","2":"type-product","3":"status-publish","4":"has-post-thumbnail","6":"product_cat-aireadores","7":"product_cat-tabla","8":"product_cat-vino","10":"first","11":"instock","12":"sale","13":"taxable","14":"shipping-taxable","15":"purchasable","16":"product-type-simple","swatches":"rey-swatches","show_selected":"","stretch_labels":"rey-swatches--stretch-labels"},"acf":[],"yoast_head":"<!-- This site is optimized with the Yoast SEO plugin v25.4 - https:\/\/yoast.com\/wordpress\/plugins\/seo\/ -->\n<title>CORAVIN Timeless Six+ Forest Green - dev6 Erresse<\/title>\n<meta name=\"description\" content=\"Sirva sus vinos favoritos sin quitar nunca el corcho. El Coravin Timeless Six lleva la elegancia al siguiente nivel al permitirle elegir entre una\" \/>\n<meta name=\"robots\" content=\"noindex, follow, max-snippet:-1, max-image-preview:large, max-video-preview:-1\" \/>\n<meta property=\"og:locale\" content=\"es_ES\" \/>\n<meta property=\"og:type\" content=\"article\" \/>\n<meta property=\"og:title\" content=\"CORAVIN Timeless Six+ Forest Green - dev6 Erresse\" \/>\n<meta property=\"og:description\" content=\"Sirva sus vinos favoritos sin quitar nunca el corcho. El Coravin Timeless Six lleva la elegancia al siguiente nivel al permitirle elegir entre una\" \/>\n<meta property=\"og:url\" content=\"https:\/\/dev6.erresse-shop.it\/es\/shop\/tabla\/vino\/aireadores\/coravin-timeless-six-forest-green\/\" \/>\n<meta property=\"og:site_name\" content=\"dev6 Erresse\" \/>\n<meta property=\"og:image\" content=\"https:\/\/interpim.erresse-shop.it\/Import\/Prodotti\/coravin-timeless-six-forest-green.jpg\" \/><meta property=\"og:image\" content=\"https:\/\/interpim.erresse-shop.it\/Import\/Prodotti\/coravin-timeless-six-forest-green.jpg\" \/>\n\t<meta property=\"og:image:width\" content=\"1024\" \/>\n\t<meta property=\"og:image:height\" content=\"1024\" \/>\n\t<meta property=\"og:image:type\" content=\"image\/jpeg\" \/>\n<meta name=\"twitter:card\" content=\"summary_large_image\" \/>\n<meta name=\"twitter:image\" content=\"https:\/\/interpim.erresse-shop.it\/Import\/Prodotti\/coravin-timeless-six-forest-green.jpg\" \/>\n<script type=\"application\/ld+json\" class=\"yoast-schema-graph\">{\"@context\":\"https:\/\/schema.org\",\"@graph\":[{\"@type\":\"WebPage\",\"@id\":\"https:\/\/dev6.erresse-shop.it\/es\/shop\/tabla\/vino\/aireadores\/coravin-timeless-six-forest-green\/\",\"url\":\"https:\/\/dev6.erresse-shop.it\/es\/shop\/tabla\/vino\/aireadores\/coravin-timeless-six-forest-green\/\",\"name\":\"CORAVIN Timeless Six+ Forest Green - dev6 Erresse\",\"isPartOf\":{\"@id\":\"https:\/\/dev6.erresse-shop.it\/#website\"},\"primaryImageOfPage\":{\"@id\":\"https:\/\/dev6.erresse-shop.it\/es\/shop\/tabla\/vino\/aireadores\/coravin-timeless-six-forest-green\/#primaryimage\"},\"image\":{\"@id\":\"https:\/\/dev6.erresse-shop.it\/es\/shop\/tabla\/vino\/aireadores\/coravin-timeless-six-forest-green\/#primaryimage\"},\"thumbnailUrl\":\"https:\/\/i0.wp.com\/interpim.erresse-shop.it\/Import\/Prodotti\/coravin-timeless-six-forest-green.jpg?ssl=1\",\"datePublished\":\"2026-04-04T11:05:19+00:00\",\"description\":\"Sirva sus vinos favoritos sin quitar nunca el corcho. El Coravin Timeless Six lleva la elegancia al siguiente nivel al permitirle elegir entre una\",\"breadcrumb\":{\"@id\":\"https:\/\/dev6.erresse-shop.it\/es\/shop\/tabla\/vino\/aireadores\/coravin-timeless-six-forest-green\/#breadcrumb\"},\"inLanguage\":\"es\",\"potentialAction\":[{\"@type\":\"ReadAction\",\"target\":[\"https:\/\/dev6.erresse-shop.it\/es\/shop\/tabla\/vino\/aireadores\/coravin-timeless-six-forest-green\/\"]}]},{\"@type\":\"ImageObject\",\"inLanguage\":\"es\",\"@id\":\"https:\/\/dev6.erresse-shop.it\/es\/shop\/tabla\/vino\/aireadores\/coravin-timeless-six-forest-green\/#primaryimage\",\"url\":\"https:\/\/i0.wp.com\/interpim.erresse-shop.it\/Import\/Prodotti\/coravin-timeless-six-forest-green.jpg?ssl=1\",\"contentUrl\":\"https:\/\/i0.wp.com\/interpim.erresse-shop.it\/Import\/Prodotti\/coravin-timeless-six-forest-green.jpg?ssl=1\"},{\"@type\":\"BreadcrumbList\",\"@id\":\"https:\/\/dev6.erresse-shop.it\/es\/shop\/tabla\/vino\/aireadores\/coravin-timeless-six-forest-green\/#breadcrumb\",\"itemListElement\":[{\"@type\":\"ListItem\",\"position\":1,\"name\":\"Home\",\"item\":\"https:\/\/dev6.erresse-shop.it\/\"},{\"@type\":\"ListItem\",\"position\":2,\"name\":\"Tienda\",\"item\":\"https:\/\/dev6.erresse-shop.it\/shop\/\"},{\"@type\":\"ListItem\",\"position\":3,\"name\":\"CORAVIN Timeless Six+ Forest Green\"}]},{\"@type\":\"WebSite\",\"@id\":\"https:\/\/dev6.erresse-shop.it\/#website\",\"url\":\"https:\/\/dev6.erresse-shop.it\/\",\"name\":\"Erresse Shop\",\"description\":\"\",\"publisher\":{\"@id\":\"https:\/\/dev6.erresse-shop.it\/#organization\"},\"potentialAction\":[{\"@type\":\"SearchAction\",\"target\":{\"@type\":\"EntryPoint\",\"urlTemplate\":\"https:\/\/dev6.erresse-shop.it\/?s={search_term_string}\"},\"query-input\":{\"@type\":\"PropertyValueSpecification\",\"valueRequired\":true,\"valueName\":\"search_term_string\"}}],\"inLanguage\":\"es\"},{\"@type\":\"Organization\",\"@id\":\"https:\/\/dev6.erresse-shop.it\/#organization\",\"name\":\"Erresse Shop\",\"url\":\"https:\/\/dev6.erresse-shop.it\/\",\"logo\":{\"@type\":\"ImageObject\",\"inLanguage\":\"es\",\"@id\":\"https:\/\/dev6.erresse-shop.it\/#\/schema\/logo\/image\/\",\"url\":\"https:\/\/dev6.erresse-shop.it\/wp-content\/uploads\/2025\/01\/LOGO-ERRESSE-CLASSICO.svg\",\"contentUrl\":\"https:\/\/dev6.erresse-shop.it\/wp-content\/uploads\/2025\/01\/LOGO-ERRESSE-CLASSICO.svg\",\"caption\":\"Erresse Shop\"},\"image\":{\"@id\":\"https:\/\/dev6.erresse-shop.it\/#\/schema\/logo\/image\/\"}}]}<\/script>\n<!-- \/ Yoast SEO plugin. -->","yoast_head_json":{"title":"CORAVIN Timeless Six+ Forest Green - dev6 Erresse","description":"Sirva sus vinos favoritos sin quitar nunca el corcho. El Coravin Timeless Six lleva la elegancia al siguiente nivel al permitirle elegir entre una","robots":{"index":"noindex","follow":"follow","max-snippet":"max-snippet:-1","max-image-preview":"max-image-preview:large","max-video-preview":"max-video-preview:-1"},"og_locale":"es_ES","og_type":"article","og_title":"CORAVIN Timeless Six+ Forest Green - dev6 Erresse","og_description":"Sirva sus vinos favoritos sin quitar nunca el corcho. El Coravin Timeless Six lleva la elegancia al siguiente nivel al permitirle elegir entre una","og_url":"https:\/\/dev6.erresse-shop.it\/es\/shop\/tabla\/vino\/aireadores\/coravin-timeless-six-forest-green\/","og_site_name":"dev6 Erresse","og_image":[{"url":"https:\/\/interpim.erresse-shop.it\/Import\/Prodotti\/coravin-timeless-six-forest-green.jpg","type":"","width":"","height":""},{"url":"https:\/\/interpim.erresse-shop.it\/Import\/Prodotti\/coravin-timeless-six-forest-green.jpg","width":1024,"height":1024,"type":"image\/jpeg"}],"twitter_card":"summary_large_image","twitter_image":"https:\/\/interpim.erresse-shop.it\/Import\/Prodotti\/coravin-timeless-six-forest-green.jpg","schema":{"@context":"https:\/\/schema.org","@graph":[{"@type":"WebPage","@id":"https:\/\/dev6.erresse-shop.it\/es\/shop\/tabla\/vino\/aireadores\/coravin-timeless-six-forest-green\/","url":"https:\/\/dev6.erresse-shop.it\/es\/shop\/tabla\/vino\/aireadores\/coravin-timeless-six-forest-green\/","name":"CORAVIN Timeless Six+ Forest Green - dev6 Erresse","isPartOf":{"@id":"https:\/\/dev6.erresse-shop.it\/#website"},"primaryImageOfPage":{"@id":"https:\/\/dev6.erresse-shop.it\/es\/shop\/tabla\/vino\/aireadores\/coravin-timeless-six-forest-green\/#primaryimage"},"image":{"@id":"https:\/\/dev6.erresse-shop.it\/es\/shop\/tabla\/vino\/aireadores\/coravin-timeless-six-forest-green\/#primaryimage"},"thumbnailUrl":"https:\/\/i0.wp.com\/interpim.erresse-shop.it\/Import\/Prodotti\/coravin-timeless-six-forest-green.jpg?ssl=1","datePublished":"2026-04-04T11:05:19+00:00","description":"Sirva sus vinos favoritos sin quitar nunca el corcho. El Coravin Timeless Six lleva la elegancia al siguiente nivel al permitirle elegir entre una","breadcrumb":{"@id":"https:\/\/dev6.erresse-shop.it\/es\/shop\/tabla\/vino\/aireadores\/coravin-timeless-six-forest-green\/#breadcrumb"},"inLanguage":"es","potentialAction":[{"@type":"ReadAction","target":["https:\/\/dev6.erresse-shop.it\/es\/shop\/tabla\/vino\/aireadores\/coravin-timeless-six-forest-green\/"]}]},{"@type":"ImageObject","inLanguage":"es","@id":"https:\/\/dev6.erresse-shop.it\/es\/shop\/tabla\/vino\/aireadores\/coravin-timeless-six-forest-green\/#primaryimage","url":"https:\/\/i0.wp.com\/interpim.erresse-shop.it\/Import\/Prodotti\/coravin-timeless-six-forest-green.jpg?ssl=1","contentUrl":"https:\/\/i0.wp.com\/interpim.erresse-shop.it\/Import\/Prodotti\/coravin-timeless-six-forest-green.jpg?ssl=1"},{"@type":"BreadcrumbList","@id":"https:\/\/dev6.erresse-shop.it\/es\/shop\/tabla\/vino\/aireadores\/coravin-timeless-six-forest-green\/#breadcrumb","itemListElement":[{"@type":"ListItem","position":1,"name":"Home","item":"https:\/\/dev6.erresse-shop.it\/"},{"@type":"ListItem","position":2,"name":"Tienda","item":"https:\/\/dev6.erresse-shop.it\/shop\/"},{"@type":"ListItem","position":3,"name":"CORAVIN Timeless Six+ Forest Green"}]},{"@type":"WebSite","@id":"https:\/\/dev6.erresse-shop.it\/#website","url":"https:\/\/dev6.erresse-shop.it\/","name":"Erresse Shop","description":"","publisher":{"@id":"https:\/\/dev6.erresse-shop.it\/#organization"},"potentialAction":[{"@type":"SearchAction","target":{"@type":"EntryPoint","urlTemplate":"https:\/\/dev6.erresse-shop.it\/?s={search_term_string}"},"query-input":{"@type":"PropertyValueSpecification","valueRequired":true,"valueName":"search_term_string"}}],"inLanguage":"es"},{"@type":"Organization","@id":"https:\/\/dev6.erresse-shop.it\/#organization","name":"Erresse Shop","url":"https:\/\/dev6.erresse-shop.it\/","logo":{"@type":"ImageObject","inLanguage":"es","@id":"https:\/\/dev6.erresse-shop.it\/#\/schema\/logo\/image\/","url":"https:\/\/dev6.erresse-shop.it\/wp-content\/uploads\/2025\/01\/LOGO-ERRESSE-CLASSICO.svg","contentUrl":"https:\/\/dev6.erresse-shop.it\/wp-content\/uploads\/2025\/01\/LOGO-ERRESSE-CLASSICO.svg","caption":"Erresse Shop"},"image":{"@id":"https:\/\/dev6.erresse-shop.it\/#\/schema\/logo\/image\/"}}]}},"df_price":359.9,"df_sale_price":359.9,"df_regular_price":399.9,"df_image_link":"https:\/\/i0.wp.com\/interpim.erresse-shop.it\/Import\/Prodotti\/coravin-timeless-six-forest-green.jpg?resize=300,300&ssl=1","fifu_image_url":"https:\/\/interpim.erresse-shop.it\/Import\/Prodotti\/coravin-timeless-six-forest-green.jpg","_links":{"self":[{"href":"https:\/\/dev6.erresse-shop.it\/es\/wp-json\/wp\/v2\/product\/1883665","targetHints":{"allow":["GET"]}}],"collection":[{"href":"https:\/\/dev6.erresse-shop.it\/es\/wp-json\/wp\/v2\/product"}],"about":[{"href":"https:\/\/dev6.erresse-shop.it\/es\/wp-json\/wp\/v2\/types\/product"}],"wp:featuredmedia":[{"embeddable":true,"href":"https:\/\/dev6.erresse-shop.it\/es\/wp-json\/wp\/v2\/media\/6292778"}],"wp:attachment":[{"href":"https:\/\/dev6.erresse-shop.it\/es\/wp-json\/wp\/v2\/media?parent=1883665"}],"wp:term":[{"taxonomy":"product_cat","embeddable":true,"href":"https:\/\/dev6.erresse-shop.it\/es\/wp-json\/wp\/v2\/product_cat?post=1883665"},{"taxonomy":"product_tag","embeddable":true,"href":"https:\/\/dev6.erresse-shop.it\/es\/wp-json\/wp\/v2\/product_tag?post=1883665"}],"curies":[{"name":"wp","href":"https:\/\/api.w.org\/{rel}","templated":true}]}}