{"id":1883663,"date":"2026-04-12T13:07:48","date_gmt":"2026-04-12T11:07:48","guid":{"rendered":"https:\/\/dev6.erresse-shop.it\/shop\/sin%20categor\u00eda\/coravin-sparkling-negro-5-piezas\/"},"modified":"2025-09-14T10:20:31","modified_gmt":"2025-09-14T08:20:31","slug":"coravin-sparkling-negro-5-piezas","status":"publish","type":"product","link":"https:\/\/dev6.erresse-shop.it\/es\/shop\/tabla\/vino\/aireadores\/coravin-sparkling-negro-5-piezas\/","title":{"rendered":"CORAVIN Sparkling\u2122 Negro 5 piezas"},"content":{"rendered":"<p>Coravin Sparkling\u2122 conserva el sabor y la efervescencia de sus vinos espumosos favoritos hasta por 4 semanas, lo que garantiza que su \u00faltima copa siempre sepa tan bien como la primera.<\/p>\n<p>Qu\u00e9 est\u00e1 incluido<\/p>\n<p>Cargador brillante<br \/>\nGorra Coravin brillante<br \/>\nC\u00e1psulas de CO2 puro Coravin con gas<br \/>\nFunda para botella<\/p>\n<p>C\u00f3mo utilizar Coravin Sparkling<\/p>\n<p>Instalar la tapa Coravin Sparkling<br \/>\nDespu\u00e9s de servir la cantidad deseada de vino espumoso, levante la manija de bloqueo de la tapa hasta la posici\u00f3n desbloqueada. Coloque la tapa en la botella abierta y presione firmemente la manija de bloqueo hasta que quede al ras.<\/p>\n<p>Cargar la botella con CO2<br \/>\nVerifique el indicador de presi\u00f3n para verificar que est\u00e9 verde, lo que indica que tiene instalado un Coravin Pure\u2122 Sparkling CO2. Alinee el cargador con la tapa y presione firmemente. El indicador de presi\u00f3n se vuelve rojo, indicando que el cilindro est\u00e1 listo para ser llenado. Cuando el indicador se vuelve verde, el cilindro est\u00e1 completamente cargado.<\/p>\n","protected":false},"excerpt":{"rendered":"<p>Coravin Sparkling\u2122 conserva el sabor y la efervescencia de sus vinos espumosos favoritos hasta por 4 semanas, lo que garantiza que su \u00faltima copa siempre sepa tan bien como la primera. Qu\u00e9 est\u00e1 incluido Cargador brillante Gorra Coravin brillante C\u00e1psulas de CO2 puro Coravin con gas Funda para botella C\u00f3mo utilizar Coravin Sparkling Instalar la [&hellip;]<\/p>\n","protected":false},"featured_media":6376040,"template":"","meta":{"_acf_changed":false},"product_cat":[11964,11887,11961],"product_tag":[],"class_list":{"0":"post-1883663","1":"product","2":"type-product","3":"status-publish","4":"has-post-thumbnail","6":"product_cat-aireadores","7":"product_cat-tabla","8":"product_cat-vino","10":"first","11":"instock","12":"sale","13":"taxable","14":"shipping-taxable","15":"purchasable","16":"product-type-simple","swatches":"rey-swatches","show_selected":"","stretch_labels":"rey-swatches--stretch-labels"},"acf":[],"yoast_head":"<!-- This site is optimized with the Yoast SEO plugin v25.4 - https:\/\/yoast.com\/wordpress\/plugins\/seo\/ -->\n<title>CORAVIN Sparkling\u2122 Negro 5 piezas - dev6 Erresse<\/title>\n<meta name=\"description\" content=\"Coravin Sparkling\u2122 conserva el sabor y la efervescencia de sus vinos espumosos favoritos hasta por 4 semanas, lo que garantiza que su \u00faltima copa siempre\" \/>\n<meta name=\"robots\" content=\"noindex, follow, max-snippet:-1, max-image-preview:large, max-video-preview:-1\" \/>\n<meta property=\"og:locale\" content=\"es_ES\" \/>\n<meta property=\"og:type\" content=\"article\" \/>\n<meta property=\"og:title\" content=\"CORAVIN Sparkling\u2122 Negro 5 piezas - dev6 Erresse\" \/>\n<meta property=\"og:description\" content=\"Coravin Sparkling\u2122 conserva el sabor y la efervescencia de sus vinos espumosos favoritos hasta por 4 semanas, lo que garantiza que su \u00faltima copa siempre\" \/>\n<meta property=\"og:url\" content=\"https:\/\/dev6.erresse-shop.it\/es\/shop\/tabla\/vino\/aireadores\/coravin-sparkling-negro-5-piezas\/\" \/>\n<meta property=\"og:site_name\" content=\"dev6 Erresse\" \/>\n<meta property=\"og:image\" content=\"https:\/\/interpim.erresse-shop.it\/wp-content\/uploads\/2024\/10\/CORAVIN-Sparkling\u2122-Nero-5-pezzi.jpg\/coravin-sparkling-e2-84-a2-nero-5-pezzi.jpg\" \/><meta property=\"og:image\" content=\"https:\/\/interpim.erresse-shop.it\/wp-content\/uploads\/2024\/10\/CORAVIN-Sparkling\u2122-Nero-5-pezzi.jpg\/coravin-sparkling-e2-84-a2-nero-5-pezzi.jpg\" \/>\n\t<meta property=\"og:image:width\" content=\"1024\" \/>\n\t<meta property=\"og:image:height\" content=\"1024\" \/>\n\t<meta property=\"og:image:type\" content=\"image\/jpeg\" \/>\n<meta name=\"twitter:card\" content=\"summary_large_image\" \/>\n<meta name=\"twitter:image\" content=\"https:\/\/interpim.erresse-shop.it\/wp-content\/uploads\/2024\/10\/CORAVIN-Sparkling\u2122-Nero-5-pezzi.jpg\/coravin-sparkling-e2-84-a2-nero-5-pezzi.jpg\" \/>\n<script type=\"application\/ld+json\" class=\"yoast-schema-graph\">{\"@context\":\"https:\/\/schema.org\",\"@graph\":[{\"@type\":\"WebPage\",\"@id\":\"https:\/\/dev6.erresse-shop.it\/es\/shop\/tabla\/vino\/aireadores\/coravin-sparkling-negro-5-piezas\/\",\"url\":\"https:\/\/dev6.erresse-shop.it\/es\/shop\/tabla\/vino\/aireadores\/coravin-sparkling-negro-5-piezas\/\",\"name\":\"CORAVIN Sparkling\u2122 Negro 5 piezas - dev6 Erresse\",\"isPartOf\":{\"@id\":\"https:\/\/dev6.erresse-shop.it\/#website\"},\"primaryImageOfPage\":{\"@id\":\"https:\/\/dev6.erresse-shop.it\/es\/shop\/tabla\/vino\/aireadores\/coravin-sparkling-negro-5-piezas\/#primaryimage\"},\"image\":{\"@id\":\"https:\/\/dev6.erresse-shop.it\/es\/shop\/tabla\/vino\/aireadores\/coravin-sparkling-negro-5-piezas\/#primaryimage\"},\"thumbnailUrl\":\"https:\/\/i3.wp.com\/interpim.erresse-shop.it\/wp-content\/uploads\/2024\/10\/CORAVIN-Sparkling\u2122-Nero-5-pezzi.jpg\/coravin-sparkling-e2-84-a2-nero-5-pezzi.jpg?ssl=1\",\"datePublished\":\"2026-04-12T11:07:48+00:00\",\"description\":\"Coravin Sparkling\u2122 conserva el sabor y la efervescencia de sus vinos espumosos favoritos hasta por 4 semanas, lo que garantiza que su \u00faltima copa siempre\",\"breadcrumb\":{\"@id\":\"https:\/\/dev6.erresse-shop.it\/es\/shop\/tabla\/vino\/aireadores\/coravin-sparkling-negro-5-piezas\/#breadcrumb\"},\"inLanguage\":\"es\",\"potentialAction\":[{\"@type\":\"ReadAction\",\"target\":[\"https:\/\/dev6.erresse-shop.it\/es\/shop\/tabla\/vino\/aireadores\/coravin-sparkling-negro-5-piezas\/\"]}]},{\"@type\":\"ImageObject\",\"inLanguage\":\"es\",\"@id\":\"https:\/\/dev6.erresse-shop.it\/es\/shop\/tabla\/vino\/aireadores\/coravin-sparkling-negro-5-piezas\/#primaryimage\",\"url\":\"https:\/\/i3.wp.com\/interpim.erresse-shop.it\/wp-content\/uploads\/2024\/10\/CORAVIN-Sparkling\u2122-Nero-5-pezzi.jpg\/coravin-sparkling-e2-84-a2-nero-5-pezzi.jpg?ssl=1\",\"contentUrl\":\"https:\/\/i3.wp.com\/interpim.erresse-shop.it\/wp-content\/uploads\/2024\/10\/CORAVIN-Sparkling\u2122-Nero-5-pezzi.jpg\/coravin-sparkling-e2-84-a2-nero-5-pezzi.jpg?ssl=1\"},{\"@type\":\"BreadcrumbList\",\"@id\":\"https:\/\/dev6.erresse-shop.it\/es\/shop\/tabla\/vino\/aireadores\/coravin-sparkling-negro-5-piezas\/#breadcrumb\",\"itemListElement\":[{\"@type\":\"ListItem\",\"position\":1,\"name\":\"Home\",\"item\":\"https:\/\/dev6.erresse-shop.it\/\"},{\"@type\":\"ListItem\",\"position\":2,\"name\":\"Tienda\",\"item\":\"https:\/\/dev6.erresse-shop.it\/shop\/\"},{\"@type\":\"ListItem\",\"position\":3,\"name\":\"CORAVIN Sparkling\u2122 Negro 5 piezas\"}]},{\"@type\":\"WebSite\",\"@id\":\"https:\/\/dev6.erresse-shop.it\/#website\",\"url\":\"https:\/\/dev6.erresse-shop.it\/\",\"name\":\"Erresse Shop\",\"description\":\"\",\"publisher\":{\"@id\":\"https:\/\/dev6.erresse-shop.it\/#organization\"},\"potentialAction\":[{\"@type\":\"SearchAction\",\"target\":{\"@type\":\"EntryPoint\",\"urlTemplate\":\"https:\/\/dev6.erresse-shop.it\/?s={search_term_string}\"},\"query-input\":{\"@type\":\"PropertyValueSpecification\",\"valueRequired\":true,\"valueName\":\"search_term_string\"}}],\"inLanguage\":\"es\"},{\"@type\":\"Organization\",\"@id\":\"https:\/\/dev6.erresse-shop.it\/#organization\",\"name\":\"Erresse Shop\",\"url\":\"https:\/\/dev6.erresse-shop.it\/\",\"logo\":{\"@type\":\"ImageObject\",\"inLanguage\":\"es\",\"@id\":\"https:\/\/dev6.erresse-shop.it\/#\/schema\/logo\/image\/\",\"url\":\"https:\/\/dev6.erresse-shop.it\/wp-content\/uploads\/2025\/01\/LOGO-ERRESSE-CLASSICO.svg\",\"contentUrl\":\"https:\/\/dev6.erresse-shop.it\/wp-content\/uploads\/2025\/01\/LOGO-ERRESSE-CLASSICO.svg\",\"caption\":\"Erresse Shop\"},\"image\":{\"@id\":\"https:\/\/dev6.erresse-shop.it\/#\/schema\/logo\/image\/\"}}]}<\/script>\n<!-- \/ Yoast SEO plugin. -->","yoast_head_json":{"title":"CORAVIN Sparkling\u2122 Negro 5 piezas - dev6 Erresse","description":"Coravin Sparkling\u2122 conserva el sabor y la efervescencia de sus vinos espumosos favoritos hasta por 4 semanas, lo que garantiza que su \u00faltima copa siempre","robots":{"index":"noindex","follow":"follow","max-snippet":"max-snippet:-1","max-image-preview":"max-image-preview:large","max-video-preview":"max-video-preview:-1"},"og_locale":"es_ES","og_type":"article","og_title":"CORAVIN Sparkling\u2122 Negro 5 piezas - dev6 Erresse","og_description":"Coravin Sparkling\u2122 conserva el sabor y la efervescencia de sus vinos espumosos favoritos hasta por 4 semanas, lo que garantiza que su \u00faltima copa siempre","og_url":"https:\/\/dev6.erresse-shop.it\/es\/shop\/tabla\/vino\/aireadores\/coravin-sparkling-negro-5-piezas\/","og_site_name":"dev6 Erresse","og_image":[{"url":"https:\/\/interpim.erresse-shop.it\/wp-content\/uploads\/2024\/10\/CORAVIN-Sparkling\u2122-Nero-5-pezzi.jpg\/coravin-sparkling-e2-84-a2-nero-5-pezzi.jpg","type":"","width":"","height":""},{"url":"https:\/\/interpim.erresse-shop.it\/wp-content\/uploads\/2024\/10\/CORAVIN-Sparkling\u2122-Nero-5-pezzi.jpg\/coravin-sparkling-e2-84-a2-nero-5-pezzi.jpg","width":1024,"height":1024,"type":"image\/jpeg"}],"twitter_card":"summary_large_image","twitter_image":"https:\/\/interpim.erresse-shop.it\/wp-content\/uploads\/2024\/10\/CORAVIN-Sparkling\u2122-Nero-5-pezzi.jpg\/coravin-sparkling-e2-84-a2-nero-5-pezzi.jpg","schema":{"@context":"https:\/\/schema.org","@graph":[{"@type":"WebPage","@id":"https:\/\/dev6.erresse-shop.it\/es\/shop\/tabla\/vino\/aireadores\/coravin-sparkling-negro-5-piezas\/","url":"https:\/\/dev6.erresse-shop.it\/es\/shop\/tabla\/vino\/aireadores\/coravin-sparkling-negro-5-piezas\/","name":"CORAVIN Sparkling\u2122 Negro 5 piezas - dev6 Erresse","isPartOf":{"@id":"https:\/\/dev6.erresse-shop.it\/#website"},"primaryImageOfPage":{"@id":"https:\/\/dev6.erresse-shop.it\/es\/shop\/tabla\/vino\/aireadores\/coravin-sparkling-negro-5-piezas\/#primaryimage"},"image":{"@id":"https:\/\/dev6.erresse-shop.it\/es\/shop\/tabla\/vino\/aireadores\/coravin-sparkling-negro-5-piezas\/#primaryimage"},"thumbnailUrl":"https:\/\/i3.wp.com\/interpim.erresse-shop.it\/wp-content\/uploads\/2024\/10\/CORAVIN-Sparkling\u2122-Nero-5-pezzi.jpg\/coravin-sparkling-e2-84-a2-nero-5-pezzi.jpg?ssl=1","datePublished":"2026-04-12T11:07:48+00:00","description":"Coravin Sparkling\u2122 conserva el sabor y la efervescencia de sus vinos espumosos favoritos hasta por 4 semanas, lo que garantiza que su \u00faltima copa siempre","breadcrumb":{"@id":"https:\/\/dev6.erresse-shop.it\/es\/shop\/tabla\/vino\/aireadores\/coravin-sparkling-negro-5-piezas\/#breadcrumb"},"inLanguage":"es","potentialAction":[{"@type":"ReadAction","target":["https:\/\/dev6.erresse-shop.it\/es\/shop\/tabla\/vino\/aireadores\/coravin-sparkling-negro-5-piezas\/"]}]},{"@type":"ImageObject","inLanguage":"es","@id":"https:\/\/dev6.erresse-shop.it\/es\/shop\/tabla\/vino\/aireadores\/coravin-sparkling-negro-5-piezas\/#primaryimage","url":"https:\/\/i3.wp.com\/interpim.erresse-shop.it\/wp-content\/uploads\/2024\/10\/CORAVIN-Sparkling\u2122-Nero-5-pezzi.jpg\/coravin-sparkling-e2-84-a2-nero-5-pezzi.jpg?ssl=1","contentUrl":"https:\/\/i3.wp.com\/interpim.erresse-shop.it\/wp-content\/uploads\/2024\/10\/CORAVIN-Sparkling\u2122-Nero-5-pezzi.jpg\/coravin-sparkling-e2-84-a2-nero-5-pezzi.jpg?ssl=1"},{"@type":"BreadcrumbList","@id":"https:\/\/dev6.erresse-shop.it\/es\/shop\/tabla\/vino\/aireadores\/coravin-sparkling-negro-5-piezas\/#breadcrumb","itemListElement":[{"@type":"ListItem","position":1,"name":"Home","item":"https:\/\/dev6.erresse-shop.it\/"},{"@type":"ListItem","position":2,"name":"Tienda","item":"https:\/\/dev6.erresse-shop.it\/shop\/"},{"@type":"ListItem","position":3,"name":"CORAVIN Sparkling\u2122 Negro 5 piezas"}]},{"@type":"WebSite","@id":"https:\/\/dev6.erresse-shop.it\/#website","url":"https:\/\/dev6.erresse-shop.it\/","name":"Erresse Shop","description":"","publisher":{"@id":"https:\/\/dev6.erresse-shop.it\/#organization"},"potentialAction":[{"@type":"SearchAction","target":{"@type":"EntryPoint","urlTemplate":"https:\/\/dev6.erresse-shop.it\/?s={search_term_string}"},"query-input":{"@type":"PropertyValueSpecification","valueRequired":true,"valueName":"search_term_string"}}],"inLanguage":"es"},{"@type":"Organization","@id":"https:\/\/dev6.erresse-shop.it\/#organization","name":"Erresse Shop","url":"https:\/\/dev6.erresse-shop.it\/","logo":{"@type":"ImageObject","inLanguage":"es","@id":"https:\/\/dev6.erresse-shop.it\/#\/schema\/logo\/image\/","url":"https:\/\/dev6.erresse-shop.it\/wp-content\/uploads\/2025\/01\/LOGO-ERRESSE-CLASSICO.svg","contentUrl":"https:\/\/dev6.erresse-shop.it\/wp-content\/uploads\/2025\/01\/LOGO-ERRESSE-CLASSICO.svg","caption":"Erresse Shop"},"image":{"@id":"https:\/\/dev6.erresse-shop.it\/#\/schema\/logo\/image\/"}}]}},"df_price":379.95,"df_sale_price":379.95,"df_regular_price":449.99,"df_image_link":"https:\/\/i3.wp.com\/interpim.erresse-shop.it\/wp-content\/uploads\/2024\/10\/CORAVIN-Sparkling\u2122-Nero-5-pezzi.jpg\/coravin-sparkling-e2-84-a2-nero-5-pezzi.jpg?resize=300,300&ssl=1","fifu_image_url":"https:\/\/interpim.erresse-shop.it\/wp-content\/uploads\/2024\/10\/CORAVIN-Sparkling\u2122-Nero-5-pezzi.jpg\/coravin-sparkling-e2-84-a2-nero-5-pezzi.jpg","_links":{"self":[{"href":"https:\/\/dev6.erresse-shop.it\/es\/wp-json\/wp\/v2\/product\/1883663","targetHints":{"allow":["GET"]}}],"collection":[{"href":"https:\/\/dev6.erresse-shop.it\/es\/wp-json\/wp\/v2\/product"}],"about":[{"href":"https:\/\/dev6.erresse-shop.it\/es\/wp-json\/wp\/v2\/types\/product"}],"wp:featuredmedia":[{"embeddable":true,"href":"https:\/\/dev6.erresse-shop.it\/es\/wp-json\/wp\/v2\/media\/6376040"}],"wp:attachment":[{"href":"https:\/\/dev6.erresse-shop.it\/es\/wp-json\/wp\/v2\/media?parent=1883663"}],"wp:term":[{"taxonomy":"product_cat","embeddable":true,"href":"https:\/\/dev6.erresse-shop.it\/es\/wp-json\/wp\/v2\/product_cat?post=1883663"},{"taxonomy":"product_tag","embeddable":true,"href":"https:\/\/dev6.erresse-shop.it\/es\/wp-json\/wp\/v2\/product_tag?post=1883663"}],"curies":[{"name":"wp","href":"https:\/\/api.w.org\/{rel}","templated":true}]}}