{"id":1883647,"date":"2026-04-12T13:05:20","date_gmt":"2026-04-12T11:05:20","guid":{"rendered":"https:\/\/dev6.erresse-shop.it\/shop\/sin%20categor\u00eda\/coravin-aguja-y-pico-standard-para-timeless-eleven\/"},"modified":"2025-09-14T10:19:58","modified_gmt":"2025-09-14T08:19:58","slug":"coravin-aguja-y-pico-standard-para-timeless-eleven","status":"publish","type":"product","link":"https:\/\/dev6.erresse-shop.it\/es\/shop\/tabla\/vino\/aireadores\/coravin-aguja-y-pico-standard-para-timeless-eleven\/","title":{"rendered":"CORAVIN Aguja y Pico Standard para Timeless Eleven"},"content":{"rendered":"<p>Las agujas Timeless Eleven est\u00e1n especialmente dise\u00f1adas para permitir que el vino y el gas arg\u00f3n fluyan simult\u00e1neamente.<br \/>\nLa aguja est\u00e1ndar Timeless Eleven es un recambio directo para el sistema de almacenamiento de vino Timeless Eleven. Este kit incluye todas las piezas del sistema Timeless Eleven que entran en contacto con el vino, por lo que es f\u00e1cil y c\u00f3modo de sustituir cuando sea necesario.<\/p>\n<p>Contenido del paquete:<\/p>\n<p>Aguja Timeless Eleven<br \/>\nPitorro met\u00e1lico,<br \/>\nLimpiador para eliminar las part\u00edculas de corcho si la aguja Timeless Eleven se obstruye<\/p>\n","protected":false},"excerpt":{"rendered":"<p>Las agujas Timeless Eleven est\u00e1n especialmente dise\u00f1adas para permitir que el vino y el gas arg\u00f3n fluyan simult\u00e1neamente. La aguja est\u00e1ndar Timeless Eleven es un recambio directo para el sistema de almacenamiento de vino Timeless Eleven. Este kit incluye todas las piezas del sistema Timeless Eleven que entran en contacto con el vino, por lo [&hellip;]<\/p>\n","protected":false},"featured_media":6376009,"template":"","meta":{"_acf_changed":false},"product_cat":[11964,11887,11961],"product_tag":[],"class_list":{"0":"post-1883647","1":"product","2":"type-product","3":"status-publish","4":"has-post-thumbnail","6":"product_cat-aireadores","7":"product_cat-tabla","8":"product_cat-vino","10":"first","11":"instock","12":"sale","13":"taxable","14":"shipping-taxable","15":"purchasable","16":"product-type-simple","swatches":"rey-swatches","show_selected":"","stretch_labels":"rey-swatches--stretch-labels"},"acf":[],"yoast_head":"<!-- This site is optimized with the Yoast SEO plugin v25.4 - https:\/\/yoast.com\/wordpress\/plugins\/seo\/ -->\n<title>CORAVIN Aguja y Pico Standard para Timeless Eleven - dev6 Erresse<\/title>\n<meta name=\"description\" content=\"Las agujas Timeless Eleven est\u00e1n especialmente dise\u00f1adas para permitir que el vino y el gas arg\u00f3n fluyan simult\u00e1neamente. La aguja est\u00e1ndar Timeless\" \/>\n<meta name=\"robots\" content=\"noindex, follow, max-snippet:-1, max-image-preview:large, max-video-preview:-1\" \/>\n<meta property=\"og:locale\" content=\"es_ES\" \/>\n<meta property=\"og:type\" content=\"article\" \/>\n<meta property=\"og:title\" content=\"CORAVIN Aguja y Pico Standard para Timeless Eleven - dev6 Erresse\" \/>\n<meta property=\"og:description\" content=\"Las agujas Timeless Eleven est\u00e1n especialmente dise\u00f1adas para permitir que el vino y el gas arg\u00f3n fluyan simult\u00e1neamente. La aguja est\u00e1ndar Timeless\" \/>\n<meta property=\"og:url\" content=\"https:\/\/dev6.erresse-shop.it\/es\/shop\/tabla\/vino\/aireadores\/coravin-aguja-y-pico-standard-para-timeless-eleven\/\" \/>\n<meta property=\"og:site_name\" content=\"dev6 Erresse\" \/>\n<meta property=\"og:image\" content=\"https:\/\/interpim.erresse-shop.it\/Import\/Prodotti\/coravin-ago-e-beccuccio-standard-per-timeless-eleven.png\" \/><meta property=\"og:image\" content=\"https:\/\/interpim.erresse-shop.it\/Import\/Prodotti\/coravin-ago-e-beccuccio-standard-per-timeless-eleven.png\" \/>\n\t<meta property=\"og:image:width\" content=\"1024\" \/>\n\t<meta property=\"og:image:height\" content=\"1024\" \/>\n\t<meta property=\"og:image:type\" content=\"image\/jpeg\" \/>\n<meta name=\"twitter:card\" content=\"summary_large_image\" \/>\n<meta name=\"twitter:image\" content=\"https:\/\/interpim.erresse-shop.it\/Import\/Prodotti\/coravin-ago-e-beccuccio-standard-per-timeless-eleven.png\" \/>\n<script type=\"application\/ld+json\" class=\"yoast-schema-graph\">{\"@context\":\"https:\/\/schema.org\",\"@graph\":[{\"@type\":\"WebPage\",\"@id\":\"https:\/\/dev6.erresse-shop.it\/es\/shop\/tabla\/vino\/aireadores\/coravin-aguja-y-pico-standard-para-timeless-eleven\/\",\"url\":\"https:\/\/dev6.erresse-shop.it\/es\/shop\/tabla\/vino\/aireadores\/coravin-aguja-y-pico-standard-para-timeless-eleven\/\",\"name\":\"CORAVIN Aguja y Pico Standard para Timeless Eleven - dev6 Erresse\",\"isPartOf\":{\"@id\":\"https:\/\/dev6.erresse-shop.it\/#website\"},\"primaryImageOfPage\":{\"@id\":\"https:\/\/dev6.erresse-shop.it\/es\/shop\/tabla\/vino\/aireadores\/coravin-aguja-y-pico-standard-para-timeless-eleven\/#primaryimage\"},\"image\":{\"@id\":\"https:\/\/dev6.erresse-shop.it\/es\/shop\/tabla\/vino\/aireadores\/coravin-aguja-y-pico-standard-para-timeless-eleven\/#primaryimage\"},\"thumbnailUrl\":\"https:\/\/i1.wp.com\/interpim.erresse-shop.it\/Import\/Prodotti\/coravin-ago-e-beccuccio-standard-per-timeless-eleven.png?ssl=1\",\"datePublished\":\"2026-04-12T11:05:20+00:00\",\"description\":\"Las agujas Timeless Eleven est\u00e1n especialmente dise\u00f1adas para permitir que el vino y el gas arg\u00f3n fluyan simult\u00e1neamente. La aguja est\u00e1ndar Timeless\",\"breadcrumb\":{\"@id\":\"https:\/\/dev6.erresse-shop.it\/es\/shop\/tabla\/vino\/aireadores\/coravin-aguja-y-pico-standard-para-timeless-eleven\/#breadcrumb\"},\"inLanguage\":\"es\",\"potentialAction\":[{\"@type\":\"ReadAction\",\"target\":[\"https:\/\/dev6.erresse-shop.it\/es\/shop\/tabla\/vino\/aireadores\/coravin-aguja-y-pico-standard-para-timeless-eleven\/\"]}]},{\"@type\":\"ImageObject\",\"inLanguage\":\"es\",\"@id\":\"https:\/\/dev6.erresse-shop.it\/es\/shop\/tabla\/vino\/aireadores\/coravin-aguja-y-pico-standard-para-timeless-eleven\/#primaryimage\",\"url\":\"https:\/\/i1.wp.com\/interpim.erresse-shop.it\/Import\/Prodotti\/coravin-ago-e-beccuccio-standard-per-timeless-eleven.png?ssl=1\",\"contentUrl\":\"https:\/\/i1.wp.com\/interpim.erresse-shop.it\/Import\/Prodotti\/coravin-ago-e-beccuccio-standard-per-timeless-eleven.png?ssl=1\"},{\"@type\":\"BreadcrumbList\",\"@id\":\"https:\/\/dev6.erresse-shop.it\/es\/shop\/tabla\/vino\/aireadores\/coravin-aguja-y-pico-standard-para-timeless-eleven\/#breadcrumb\",\"itemListElement\":[{\"@type\":\"ListItem\",\"position\":1,\"name\":\"Home\",\"item\":\"https:\/\/dev6.erresse-shop.it\/\"},{\"@type\":\"ListItem\",\"position\":2,\"name\":\"Tienda\",\"item\":\"https:\/\/dev6.erresse-shop.it\/shop\/\"},{\"@type\":\"ListItem\",\"position\":3,\"name\":\"CORAVIN Aguja y Pico Standard para Timeless Eleven\"}]},{\"@type\":\"WebSite\",\"@id\":\"https:\/\/dev6.erresse-shop.it\/#website\",\"url\":\"https:\/\/dev6.erresse-shop.it\/\",\"name\":\"Erresse Shop\",\"description\":\"\",\"publisher\":{\"@id\":\"https:\/\/dev6.erresse-shop.it\/#organization\"},\"potentialAction\":[{\"@type\":\"SearchAction\",\"target\":{\"@type\":\"EntryPoint\",\"urlTemplate\":\"https:\/\/dev6.erresse-shop.it\/?s={search_term_string}\"},\"query-input\":{\"@type\":\"PropertyValueSpecification\",\"valueRequired\":true,\"valueName\":\"search_term_string\"}}],\"inLanguage\":\"es\"},{\"@type\":\"Organization\",\"@id\":\"https:\/\/dev6.erresse-shop.it\/#organization\",\"name\":\"Erresse Shop\",\"url\":\"https:\/\/dev6.erresse-shop.it\/\",\"logo\":{\"@type\":\"ImageObject\",\"inLanguage\":\"es\",\"@id\":\"https:\/\/dev6.erresse-shop.it\/#\/schema\/logo\/image\/\",\"url\":\"https:\/\/dev6.erresse-shop.it\/wp-content\/uploads\/2025\/01\/LOGO-ERRESSE-CLASSICO.svg\",\"contentUrl\":\"https:\/\/dev6.erresse-shop.it\/wp-content\/uploads\/2025\/01\/LOGO-ERRESSE-CLASSICO.svg\",\"caption\":\"Erresse Shop\"},\"image\":{\"@id\":\"https:\/\/dev6.erresse-shop.it\/#\/schema\/logo\/image\/\"}}]}<\/script>\n<!-- \/ Yoast SEO plugin. -->","yoast_head_json":{"title":"CORAVIN Aguja y Pico Standard para Timeless Eleven - dev6 Erresse","description":"Las agujas Timeless Eleven est\u00e1n especialmente dise\u00f1adas para permitir que el vino y el gas arg\u00f3n fluyan simult\u00e1neamente. La aguja est\u00e1ndar Timeless","robots":{"index":"noindex","follow":"follow","max-snippet":"max-snippet:-1","max-image-preview":"max-image-preview:large","max-video-preview":"max-video-preview:-1"},"og_locale":"es_ES","og_type":"article","og_title":"CORAVIN Aguja y Pico Standard para Timeless Eleven - dev6 Erresse","og_description":"Las agujas Timeless Eleven est\u00e1n especialmente dise\u00f1adas para permitir que el vino y el gas arg\u00f3n fluyan simult\u00e1neamente. La aguja est\u00e1ndar Timeless","og_url":"https:\/\/dev6.erresse-shop.it\/es\/shop\/tabla\/vino\/aireadores\/coravin-aguja-y-pico-standard-para-timeless-eleven\/","og_site_name":"dev6 Erresse","og_image":[{"url":"https:\/\/interpim.erresse-shop.it\/Import\/Prodotti\/coravin-ago-e-beccuccio-standard-per-timeless-eleven.png","type":"","width":"","height":""},{"url":"https:\/\/interpim.erresse-shop.it\/Import\/Prodotti\/coravin-ago-e-beccuccio-standard-per-timeless-eleven.png","width":1024,"height":1024,"type":"image\/jpeg"}],"twitter_card":"summary_large_image","twitter_image":"https:\/\/interpim.erresse-shop.it\/Import\/Prodotti\/coravin-ago-e-beccuccio-standard-per-timeless-eleven.png","schema":{"@context":"https:\/\/schema.org","@graph":[{"@type":"WebPage","@id":"https:\/\/dev6.erresse-shop.it\/es\/shop\/tabla\/vino\/aireadores\/coravin-aguja-y-pico-standard-para-timeless-eleven\/","url":"https:\/\/dev6.erresse-shop.it\/es\/shop\/tabla\/vino\/aireadores\/coravin-aguja-y-pico-standard-para-timeless-eleven\/","name":"CORAVIN Aguja y Pico Standard para Timeless Eleven - dev6 Erresse","isPartOf":{"@id":"https:\/\/dev6.erresse-shop.it\/#website"},"primaryImageOfPage":{"@id":"https:\/\/dev6.erresse-shop.it\/es\/shop\/tabla\/vino\/aireadores\/coravin-aguja-y-pico-standard-para-timeless-eleven\/#primaryimage"},"image":{"@id":"https:\/\/dev6.erresse-shop.it\/es\/shop\/tabla\/vino\/aireadores\/coravin-aguja-y-pico-standard-para-timeless-eleven\/#primaryimage"},"thumbnailUrl":"https:\/\/i1.wp.com\/interpim.erresse-shop.it\/Import\/Prodotti\/coravin-ago-e-beccuccio-standard-per-timeless-eleven.png?ssl=1","datePublished":"2026-04-12T11:05:20+00:00","description":"Las agujas Timeless Eleven est\u00e1n especialmente dise\u00f1adas para permitir que el vino y el gas arg\u00f3n fluyan simult\u00e1neamente. La aguja est\u00e1ndar Timeless","breadcrumb":{"@id":"https:\/\/dev6.erresse-shop.it\/es\/shop\/tabla\/vino\/aireadores\/coravin-aguja-y-pico-standard-para-timeless-eleven\/#breadcrumb"},"inLanguage":"es","potentialAction":[{"@type":"ReadAction","target":["https:\/\/dev6.erresse-shop.it\/es\/shop\/tabla\/vino\/aireadores\/coravin-aguja-y-pico-standard-para-timeless-eleven\/"]}]},{"@type":"ImageObject","inLanguage":"es","@id":"https:\/\/dev6.erresse-shop.it\/es\/shop\/tabla\/vino\/aireadores\/coravin-aguja-y-pico-standard-para-timeless-eleven\/#primaryimage","url":"https:\/\/i1.wp.com\/interpim.erresse-shop.it\/Import\/Prodotti\/coravin-ago-e-beccuccio-standard-per-timeless-eleven.png?ssl=1","contentUrl":"https:\/\/i1.wp.com\/interpim.erresse-shop.it\/Import\/Prodotti\/coravin-ago-e-beccuccio-standard-per-timeless-eleven.png?ssl=1"},{"@type":"BreadcrumbList","@id":"https:\/\/dev6.erresse-shop.it\/es\/shop\/tabla\/vino\/aireadores\/coravin-aguja-y-pico-standard-para-timeless-eleven\/#breadcrumb","itemListElement":[{"@type":"ListItem","position":1,"name":"Home","item":"https:\/\/dev6.erresse-shop.it\/"},{"@type":"ListItem","position":2,"name":"Tienda","item":"https:\/\/dev6.erresse-shop.it\/shop\/"},{"@type":"ListItem","position":3,"name":"CORAVIN Aguja y Pico Standard para Timeless Eleven"}]},{"@type":"WebSite","@id":"https:\/\/dev6.erresse-shop.it\/#website","url":"https:\/\/dev6.erresse-shop.it\/","name":"Erresse Shop","description":"","publisher":{"@id":"https:\/\/dev6.erresse-shop.it\/#organization"},"potentialAction":[{"@type":"SearchAction","target":{"@type":"EntryPoint","urlTemplate":"https:\/\/dev6.erresse-shop.it\/?s={search_term_string}"},"query-input":{"@type":"PropertyValueSpecification","valueRequired":true,"valueName":"search_term_string"}}],"inLanguage":"es"},{"@type":"Organization","@id":"https:\/\/dev6.erresse-shop.it\/#organization","name":"Erresse Shop","url":"https:\/\/dev6.erresse-shop.it\/","logo":{"@type":"ImageObject","inLanguage":"es","@id":"https:\/\/dev6.erresse-shop.it\/#\/schema\/logo\/image\/","url":"https:\/\/dev6.erresse-shop.it\/wp-content\/uploads\/2025\/01\/LOGO-ERRESSE-CLASSICO.svg","contentUrl":"https:\/\/dev6.erresse-shop.it\/wp-content\/uploads\/2025\/01\/LOGO-ERRESSE-CLASSICO.svg","caption":"Erresse Shop"},"image":{"@id":"https:\/\/dev6.erresse-shop.it\/#\/schema\/logo\/image\/"}}]}},"df_price":99,"df_sale_price":99,"df_regular_price":99.9,"df_image_link":"https:\/\/i1.wp.com\/interpim.erresse-shop.it\/Import\/Prodotti\/coravin-ago-e-beccuccio-standard-per-timeless-eleven.png?resize=300,300&ssl=1","fifu_image_url":"https:\/\/interpim.erresse-shop.it\/Import\/Prodotti\/coravin-ago-e-beccuccio-standard-per-timeless-eleven.png","_links":{"self":[{"href":"https:\/\/dev6.erresse-shop.it\/es\/wp-json\/wp\/v2\/product\/1883647","targetHints":{"allow":["GET"]}}],"collection":[{"href":"https:\/\/dev6.erresse-shop.it\/es\/wp-json\/wp\/v2\/product"}],"about":[{"href":"https:\/\/dev6.erresse-shop.it\/es\/wp-json\/wp\/v2\/types\/product"}],"wp:featuredmedia":[{"embeddable":true,"href":"https:\/\/dev6.erresse-shop.it\/es\/wp-json\/wp\/v2\/media\/6376009"}],"wp:attachment":[{"href":"https:\/\/dev6.erresse-shop.it\/es\/wp-json\/wp\/v2\/media?parent=1883647"}],"wp:term":[{"taxonomy":"product_cat","embeddable":true,"href":"https:\/\/dev6.erresse-shop.it\/es\/wp-json\/wp\/v2\/product_cat?post=1883647"},{"taxonomy":"product_tag","embeddable":true,"href":"https:\/\/dev6.erresse-shop.it\/es\/wp-json\/wp\/v2\/product_tag?post=1883647"}],"curies":[{"name":"wp","href":"https:\/\/api.w.org\/{rel}","templated":true}]}}