{"id":1883571,"date":"2026-04-12T13:00:11","date_gmt":"2026-04-12T11:00:11","guid":{"rendered":"https:\/\/dev6.erresse-shop.it\/shop\/sin%20categor\u00eda\/coravin-timeless-eleven-negro\/"},"modified":"2025-09-14T10:17:17","modified_gmt":"2025-09-14T08:17:17","slug":"coravin-timeless-eleven-negro","status":"publish","type":"product","link":"https:\/\/dev6.erresse-shop.it\/es\/shop\/tabla\/vino\/aireadores\/coravin-timeless-eleven-negro\/","title":{"rendered":"CORAVIN Timeless Eleven Negro"},"content":{"rendered":"<p>Timeless Eleven es el primer sistema de almacenamiento de vino autom\u00e1tico y conectado. Con\u00e9ctate a la app Coravin Moments para disfrutar de otras funciones, como velocidades de vertido personalizadas, comprobaciones del estado del sistema y recordatorios de sustituci\u00f3n de c\u00e1psulas. El Timeless Eleven es fruto de los \u00faltimos avances en el campo de la tecnolog\u00eda vitivin\u00edcola. El juego incluye accesorios clave ideales para coleccionistas, entendidos y expertos en tecnolog\u00eda.<\/p>\n<p>Qu\u00e9 incluye<\/p>\n<p>Sistema de conservaci\u00f3n de vino Timeless Eleven<br \/>\nEl sistema de conservaci\u00f3n de vino Timeless Eleven cuenta con activaci\u00f3n autom\u00e1tica del vertido, conectividad Bluetooth y una pantalla LED interactiva.<br \/>\nCoravin Pure\u2122 C\u00e1psulas de arg\u00f3n<br \/>\nLas c\u00e1psulas Coravin Pure\u2122 contienen gas arg\u00f3n puro y se fabrican e inspeccionan para garantizar el m\u00e1ximo nivel de conservaci\u00f3n sin afectar al sabor del vino.<br \/>\nAireador intemporal<br \/>\nEl aireador Coravin crea peque\u00f1os chorros de vino durante el vertido, aireando r\u00e1pidamente el vino para proporcionar los mismos resultados que una decantaci\u00f3n de 60-90 minutos.<br \/>\nTapones de rosca<br \/>\nEl tap\u00f3n de rosca Coravin se puede utilizar en cualquier botella con tap\u00f3n de rosca para su uso con todas las agujas Coravin. La silicona autosellante protege el vino hasta tres meses.<br \/>\nMalet\u00edn de transporte intemporal<br \/>\nEl estuche Coravin tiene dos bolsillos interiores para guardar las c\u00e1psulas Coravin Pure\u2122 o el aireador Coravin.<br \/>\nDetergente<br \/>\nSi la aguja de Timeless Eleven se obstruye, utilice esta herramienta especialmente dise\u00f1ada para eliminar las part\u00edculas de corcho.<br \/>\nTapa de la botella<br \/>\nLas botellas de vino da\u00f1adas o defectuosas pueden romperse al presurizarlas. El uso de la tapa para botellas Coravin ayuda a reducir el riesgo de lesiones causadas por la rotura de cristales.<\/p>\n<p>Una nueva forma de servir el vino<\/p>\n<p>Inserte<br \/>\nAlinee las SmartClamps\u2122 en el cuello de la botella y con un movimiento suave empuje firmemente el asa.<\/p>\n<p>Inclinar y verter<br \/>\nIncline la botella hasta que el pico quede sobre el cristal. El vino se verter\u00e1 autom\u00e1ticamente.<\/p>\n<p>Seguimiento del uso del sistema<br \/>\nDescargue la aplicaci\u00f3n Coravin Moments y conecte de forma inal\u00e1mbrica su sistema Model Eleven para realizar un seguimiento de las inserciones, el uso del gas y mucho m\u00e1s.<\/p>\n<p>Vertido autom\u00e1tico<br \/>\nVierta como lo har\u00eda de forma natural, simplemente inclinando el sistema y la botella sobre el vaso. El sistema verter\u00e1 autom\u00e1ticamente el vino por la boquilla.<\/p>\n<p>Caracter\u00edsticas principales<\/p>\n<p>Vertido autom\u00e1tico<br \/>\nInserta la aguja en el corcho e inclina la botella. El vino se derramar\u00e1 autom\u00e1ticamente.<br \/>\nPantalla LED en color<br \/>\nUnos iconos intuitivos te indican cu\u00e1ndo es el momento de cargar el sistema y cu\u00e1ndo est\u00e1s conectado a la app Coravin Moments.<\/p>\n<p>Aplicaci\u00f3n Coravin Moments<br \/>\nCon\u00e9ctate a la app Coravin Moments para gestionar el nivel de gas, la carga de la bater\u00eda, la velocidad de vertido y mucho m\u00e1s.<\/p>\n<p>\u00a0<\/p>\n","protected":false},"excerpt":{"rendered":"<p>Timeless Eleven es el primer sistema de almacenamiento de vino autom\u00e1tico y conectado. Con\u00e9ctate a la app Coravin Moments para disfrutar de otras funciones, como velocidades de vertido personalizadas, comprobaciones del estado del sistema y recordatorios de sustituci\u00f3n de c\u00e1psulas. El Timeless Eleven es fruto de los \u00faltimos avances en el campo de la tecnolog\u00eda [&hellip;]<\/p>\n","protected":false},"featured_media":6375656,"template":"","meta":{"_acf_changed":false},"product_cat":[11964,11887,11961],"product_tag":[],"class_list":{"0":"post-1883571","1":"product","2":"type-product","3":"status-publish","4":"has-post-thumbnail","6":"product_cat-aireadores","7":"product_cat-tabla","8":"product_cat-vino","10":"first","11":"outofstock","12":"sale","13":"taxable","14":"shipping-taxable","15":"purchasable","16":"product-type-simple","swatches":"rey-swatches","show_selected":"","stretch_labels":"rey-swatches--stretch-labels"},"acf":[],"yoast_head":"<!-- This site is optimized with the Yoast SEO plugin v25.4 - https:\/\/yoast.com\/wordpress\/plugins\/seo\/ -->\n<title>CORAVIN Timeless Eleven Negro - dev6 Erresse<\/title>\n<meta name=\"description\" content=\"Timeless Eleven es el primer sistema de almacenamiento de vino autom\u00e1tico y conectado. Con\u00e9ctate a la app Coravin Moments para disfrutar de otras\" \/>\n<meta name=\"robots\" content=\"noindex, follow, max-snippet:-1, max-image-preview:large, max-video-preview:-1\" \/>\n<meta property=\"og:locale\" content=\"es_ES\" \/>\n<meta property=\"og:type\" content=\"article\" \/>\n<meta property=\"og:title\" content=\"CORAVIN Timeless Eleven Negro - dev6 Erresse\" \/>\n<meta property=\"og:description\" content=\"Timeless Eleven es el primer sistema de almacenamiento de vino autom\u00e1tico y conectado. Con\u00e9ctate a la app Coravin Moments para disfrutar de otras\" \/>\n<meta property=\"og:url\" content=\"https:\/\/dev6.erresse-shop.it\/es\/shop\/tabla\/vino\/aireadores\/coravin-timeless-eleven-negro\/\" \/>\n<meta property=\"og:site_name\" content=\"dev6 Erresse\" \/>\n<meta property=\"og:image\" content=\"https:\/\/interpim.erresse-shop.it\/Import\/Prodotti\/img_model-eleven_wine-collectors-pack.jpeg\" \/><meta property=\"og:image\" content=\"https:\/\/interpim.erresse-shop.it\/Import\/Prodotti\/img_model-eleven_wine-collectors-pack.jpeg\" \/>\n\t<meta property=\"og:image:width\" content=\"1024\" \/>\n\t<meta property=\"og:image:height\" content=\"1024\" \/>\n\t<meta property=\"og:image:type\" content=\"image\/jpeg\" \/>\n<meta name=\"twitter:card\" content=\"summary_large_image\" \/>\n<meta name=\"twitter:image\" content=\"https:\/\/interpim.erresse-shop.it\/Import\/Prodotti\/img_model-eleven_wine-collectors-pack.jpeg\" \/>\n<script type=\"application\/ld+json\" class=\"yoast-schema-graph\">{\"@context\":\"https:\/\/schema.org\",\"@graph\":[{\"@type\":\"WebPage\",\"@id\":\"https:\/\/dev6.erresse-shop.it\/es\/shop\/tabla\/vino\/aireadores\/coravin-timeless-eleven-negro\/\",\"url\":\"https:\/\/dev6.erresse-shop.it\/es\/shop\/tabla\/vino\/aireadores\/coravin-timeless-eleven-negro\/\",\"name\":\"CORAVIN Timeless Eleven Negro - dev6 Erresse\",\"isPartOf\":{\"@id\":\"https:\/\/dev6.erresse-shop.it\/#website\"},\"primaryImageOfPage\":{\"@id\":\"https:\/\/dev6.erresse-shop.it\/es\/shop\/tabla\/vino\/aireadores\/coravin-timeless-eleven-negro\/#primaryimage\"},\"image\":{\"@id\":\"https:\/\/dev6.erresse-shop.it\/es\/shop\/tabla\/vino\/aireadores\/coravin-timeless-eleven-negro\/#primaryimage\"},\"thumbnailUrl\":\"https:\/\/i1.wp.com\/interpim.erresse-shop.it\/Import\/Prodotti\/img_model-eleven_wine-collectors-pack.jpeg?ssl=1\",\"datePublished\":\"2026-04-12T11:00:11+00:00\",\"description\":\"Timeless Eleven es el primer sistema de almacenamiento de vino autom\u00e1tico y conectado. Con\u00e9ctate a la app Coravin Moments para disfrutar de otras\",\"breadcrumb\":{\"@id\":\"https:\/\/dev6.erresse-shop.it\/es\/shop\/tabla\/vino\/aireadores\/coravin-timeless-eleven-negro\/#breadcrumb\"},\"inLanguage\":\"es\",\"potentialAction\":[{\"@type\":\"ReadAction\",\"target\":[\"https:\/\/dev6.erresse-shop.it\/es\/shop\/tabla\/vino\/aireadores\/coravin-timeless-eleven-negro\/\"]}]},{\"@type\":\"ImageObject\",\"inLanguage\":\"es\",\"@id\":\"https:\/\/dev6.erresse-shop.it\/es\/shop\/tabla\/vino\/aireadores\/coravin-timeless-eleven-negro\/#primaryimage\",\"url\":\"https:\/\/i1.wp.com\/interpim.erresse-shop.it\/Import\/Prodotti\/img_model-eleven_wine-collectors-pack.jpeg?ssl=1\",\"contentUrl\":\"https:\/\/i1.wp.com\/interpim.erresse-shop.it\/Import\/Prodotti\/img_model-eleven_wine-collectors-pack.jpeg?ssl=1\"},{\"@type\":\"BreadcrumbList\",\"@id\":\"https:\/\/dev6.erresse-shop.it\/es\/shop\/tabla\/vino\/aireadores\/coravin-timeless-eleven-negro\/#breadcrumb\",\"itemListElement\":[{\"@type\":\"ListItem\",\"position\":1,\"name\":\"Home\",\"item\":\"https:\/\/dev6.erresse-shop.it\/\"},{\"@type\":\"ListItem\",\"position\":2,\"name\":\"Tienda\",\"item\":\"https:\/\/dev6.erresse-shop.it\/shop\/\"},{\"@type\":\"ListItem\",\"position\":3,\"name\":\"CORAVIN Timeless Eleven Negro\"}]},{\"@type\":\"WebSite\",\"@id\":\"https:\/\/dev6.erresse-shop.it\/#website\",\"url\":\"https:\/\/dev6.erresse-shop.it\/\",\"name\":\"Erresse Shop\",\"description\":\"\",\"publisher\":{\"@id\":\"https:\/\/dev6.erresse-shop.it\/#organization\"},\"potentialAction\":[{\"@type\":\"SearchAction\",\"target\":{\"@type\":\"EntryPoint\",\"urlTemplate\":\"https:\/\/dev6.erresse-shop.it\/?s={search_term_string}\"},\"query-input\":{\"@type\":\"PropertyValueSpecification\",\"valueRequired\":true,\"valueName\":\"search_term_string\"}}],\"inLanguage\":\"es\"},{\"@type\":\"Organization\",\"@id\":\"https:\/\/dev6.erresse-shop.it\/#organization\",\"name\":\"Erresse Shop\",\"url\":\"https:\/\/dev6.erresse-shop.it\/\",\"logo\":{\"@type\":\"ImageObject\",\"inLanguage\":\"es\",\"@id\":\"https:\/\/dev6.erresse-shop.it\/#\/schema\/logo\/image\/\",\"url\":\"https:\/\/dev6.erresse-shop.it\/wp-content\/uploads\/2025\/01\/LOGO-ERRESSE-CLASSICO.svg\",\"contentUrl\":\"https:\/\/dev6.erresse-shop.it\/wp-content\/uploads\/2025\/01\/LOGO-ERRESSE-CLASSICO.svg\",\"caption\":\"Erresse Shop\"},\"image\":{\"@id\":\"https:\/\/dev6.erresse-shop.it\/#\/schema\/logo\/image\/\"}}]}<\/script>\n<!-- \/ Yoast SEO plugin. -->","yoast_head_json":{"title":"CORAVIN Timeless Eleven Negro - dev6 Erresse","description":"Timeless Eleven es el primer sistema de almacenamiento de vino autom\u00e1tico y conectado. Con\u00e9ctate a la app Coravin Moments para disfrutar de otras","robots":{"index":"noindex","follow":"follow","max-snippet":"max-snippet:-1","max-image-preview":"max-image-preview:large","max-video-preview":"max-video-preview:-1"},"og_locale":"es_ES","og_type":"article","og_title":"CORAVIN Timeless Eleven Negro - dev6 Erresse","og_description":"Timeless Eleven es el primer sistema de almacenamiento de vino autom\u00e1tico y conectado. Con\u00e9ctate a la app Coravin Moments para disfrutar de otras","og_url":"https:\/\/dev6.erresse-shop.it\/es\/shop\/tabla\/vino\/aireadores\/coravin-timeless-eleven-negro\/","og_site_name":"dev6 Erresse","og_image":[{"url":"https:\/\/interpim.erresse-shop.it\/Import\/Prodotti\/img_model-eleven_wine-collectors-pack.jpeg","type":"","width":"","height":""},{"url":"https:\/\/interpim.erresse-shop.it\/Import\/Prodotti\/img_model-eleven_wine-collectors-pack.jpeg","width":1024,"height":1024,"type":"image\/jpeg"}],"twitter_card":"summary_large_image","twitter_image":"https:\/\/interpim.erresse-shop.it\/Import\/Prodotti\/img_model-eleven_wine-collectors-pack.jpeg","schema":{"@context":"https:\/\/schema.org","@graph":[{"@type":"WebPage","@id":"https:\/\/dev6.erresse-shop.it\/es\/shop\/tabla\/vino\/aireadores\/coravin-timeless-eleven-negro\/","url":"https:\/\/dev6.erresse-shop.it\/es\/shop\/tabla\/vino\/aireadores\/coravin-timeless-eleven-negro\/","name":"CORAVIN Timeless Eleven Negro - dev6 Erresse","isPartOf":{"@id":"https:\/\/dev6.erresse-shop.it\/#website"},"primaryImageOfPage":{"@id":"https:\/\/dev6.erresse-shop.it\/es\/shop\/tabla\/vino\/aireadores\/coravin-timeless-eleven-negro\/#primaryimage"},"image":{"@id":"https:\/\/dev6.erresse-shop.it\/es\/shop\/tabla\/vino\/aireadores\/coravin-timeless-eleven-negro\/#primaryimage"},"thumbnailUrl":"https:\/\/i1.wp.com\/interpim.erresse-shop.it\/Import\/Prodotti\/img_model-eleven_wine-collectors-pack.jpeg?ssl=1","datePublished":"2026-04-12T11:00:11+00:00","description":"Timeless Eleven es el primer sistema de almacenamiento de vino autom\u00e1tico y conectado. Con\u00e9ctate a la app Coravin Moments para disfrutar de otras","breadcrumb":{"@id":"https:\/\/dev6.erresse-shop.it\/es\/shop\/tabla\/vino\/aireadores\/coravin-timeless-eleven-negro\/#breadcrumb"},"inLanguage":"es","potentialAction":[{"@type":"ReadAction","target":["https:\/\/dev6.erresse-shop.it\/es\/shop\/tabla\/vino\/aireadores\/coravin-timeless-eleven-negro\/"]}]},{"@type":"ImageObject","inLanguage":"es","@id":"https:\/\/dev6.erresse-shop.it\/es\/shop\/tabla\/vino\/aireadores\/coravin-timeless-eleven-negro\/#primaryimage","url":"https:\/\/i1.wp.com\/interpim.erresse-shop.it\/Import\/Prodotti\/img_model-eleven_wine-collectors-pack.jpeg?ssl=1","contentUrl":"https:\/\/i1.wp.com\/interpim.erresse-shop.it\/Import\/Prodotti\/img_model-eleven_wine-collectors-pack.jpeg?ssl=1"},{"@type":"BreadcrumbList","@id":"https:\/\/dev6.erresse-shop.it\/es\/shop\/tabla\/vino\/aireadores\/coravin-timeless-eleven-negro\/#breadcrumb","itemListElement":[{"@type":"ListItem","position":1,"name":"Home","item":"https:\/\/dev6.erresse-shop.it\/"},{"@type":"ListItem","position":2,"name":"Tienda","item":"https:\/\/dev6.erresse-shop.it\/shop\/"},{"@type":"ListItem","position":3,"name":"CORAVIN Timeless Eleven Negro"}]},{"@type":"WebSite","@id":"https:\/\/dev6.erresse-shop.it\/#website","url":"https:\/\/dev6.erresse-shop.it\/","name":"Erresse Shop","description":"","publisher":{"@id":"https:\/\/dev6.erresse-shop.it\/#organization"},"potentialAction":[{"@type":"SearchAction","target":{"@type":"EntryPoint","urlTemplate":"https:\/\/dev6.erresse-shop.it\/?s={search_term_string}"},"query-input":{"@type":"PropertyValueSpecification","valueRequired":true,"valueName":"search_term_string"}}],"inLanguage":"es"},{"@type":"Organization","@id":"https:\/\/dev6.erresse-shop.it\/#organization","name":"Erresse Shop","url":"https:\/\/dev6.erresse-shop.it\/","logo":{"@type":"ImageObject","inLanguage":"es","@id":"https:\/\/dev6.erresse-shop.it\/#\/schema\/logo\/image\/","url":"https:\/\/dev6.erresse-shop.it\/wp-content\/uploads\/2025\/01\/LOGO-ERRESSE-CLASSICO.svg","contentUrl":"https:\/\/dev6.erresse-shop.it\/wp-content\/uploads\/2025\/01\/LOGO-ERRESSE-CLASSICO.svg","caption":"Erresse Shop"},"image":{"@id":"https:\/\/dev6.erresse-shop.it\/#\/schema\/logo\/image\/"}}]}},"df_price":529,"df_sale_price":529,"df_regular_price":599.9,"df_image_link":"https:\/\/i1.wp.com\/interpim.erresse-shop.it\/Import\/Prodotti\/img_model-eleven_wine-collectors-pack.jpeg?resize=300,300&ssl=1","fifu_image_url":"https:\/\/interpim.erresse-shop.it\/Import\/Prodotti\/img_model-eleven_wine-collectors-pack.jpeg","_links":{"self":[{"href":"https:\/\/dev6.erresse-shop.it\/es\/wp-json\/wp\/v2\/product\/1883571","targetHints":{"allow":["GET"]}}],"collection":[{"href":"https:\/\/dev6.erresse-shop.it\/es\/wp-json\/wp\/v2\/product"}],"about":[{"href":"https:\/\/dev6.erresse-shop.it\/es\/wp-json\/wp\/v2\/types\/product"}],"wp:featuredmedia":[{"embeddable":true,"href":"https:\/\/dev6.erresse-shop.it\/es\/wp-json\/wp\/v2\/media\/6375656"}],"wp:attachment":[{"href":"https:\/\/dev6.erresse-shop.it\/es\/wp-json\/wp\/v2\/media?parent=1883571"}],"wp:term":[{"taxonomy":"product_cat","embeddable":true,"href":"https:\/\/dev6.erresse-shop.it\/es\/wp-json\/wp\/v2\/product_cat?post=1883571"},{"taxonomy":"product_tag","embeddable":true,"href":"https:\/\/dev6.erresse-shop.it\/es\/wp-json\/wp\/v2\/product_tag?post=1883571"}],"curies":[{"name":"wp","href":"https:\/\/api.w.org\/{rel}","templated":true}]}}