{"id":1883569,"date":"2026-04-12T13:00:11","date_gmt":"2026-04-12T11:00:11","guid":{"rendered":"https:\/\/dev6.erresse-shop.it\/shop\/sin%20categor\u00eda\/coravin-pivot-negro\/"},"modified":"2025-09-14T10:17:13","modified_gmt":"2025-09-14T08:17:13","slug":"coravin-pivot-negro","status":"publish","type":"product","link":"https:\/\/dev6.erresse-shop.it\/es\/shop\/tabla\/vino\/aireadores\/coravin-pivot-negro\/","title":{"rendered":"CORAVIN Pivot\u2122+ Negro"},"content":{"rendered":"<p>Sirva sus vinos favoritos sin quitar nunca el corcho. El Coravin Timeless Six lleva la elegancia al siguiente nivel al permitirle elegir entre una variedad de sofisticados colores, todos ellos con acabados brillantes, toques met\u00e1licos y una oferta de accesorios de primera calidad. Simplemente inserte, incline y vierta todo el vino que desee mientras guarda tranquilamente el resto de la botella durante semanas, meses o incluso a\u00f1os. Este elegante sistema de almacenamiento de vino es perfecto para los entendidos, pero tambi\u00e9n para todos los amantes del vino.<\/p>\n<p>SISTEMA DE CONSERVACI\u00d3N DE VINO: conserve el sabor, el color y el aroma de su vino tinto o blanco hasta 4 semanas con el sistema de conservaci\u00f3n de vino Pivot Plus y el accesorio aireador Pivot<br \/>\nDISFRUTA DEL VINO EN SUS PROPIAS CONDICIONES: los amantes del vino pueden disfrutar de tanto o tan poco vino como quieran sin la presi\u00f3n de acabarse la botella en una sola sesi\u00f3n \u2013 dura m\u00e1s tiempo<br \/>\nPROTEGE EL VINO DE LA OXIDACI\u00d3N: el sistema Pivot sustituye el ox\u00edgeno de una botella abierta por gas arg\u00f3n puro de calidad alimentaria, para que su vino se mantenga fresco durante m\u00e1s tiempo.<br \/>\nMANTIENE EL VINO FRESCO: simplemente sustituya el tap\u00f3n de corcho o de rosca por un tap\u00f3n, conecte el aireador al dispositivo pivotante y luego inserte el dispositivo cuando est\u00e9 listo para servir. Cuando haya terminado, retire el dispositivo y cierre el tap\u00f3n.<br \/>\nCONTENIDO DEL PAQUETE: 1 dispositivo pivotante, 2 tapones pivotantes, 2 tapones Coravin Pure y 1 aireador pivotante.<\/p>\n<p>El sistema Pivot\u2122&#43; combina la conservaci\u00f3n del vino con una oxigenaci\u00f3n perfecta. Gracias al aireador Pivot (incluido), se puede conseguir un efecto de decantaci\u00f3n de 90 minutos durante el escanciado, lo que potenciar\u00e1 el sabor y el aroma de nuestro vino. La cantidad restante en la botella puede consumirse durante las 4 semanas siguientes con la garant\u00eda de que la \u00faltima copa ser\u00e1 tan perfecta como la primera. Combine el vino con su estado de \u00e1nimo, el plato de la cena o el tiempo, usted elige.<\/p>\n<p>Para ne\u00f3fitos y entusiastas<br \/>\nEl sistema Pivot es la soluci\u00f3n ideal tanto para los \u201centusiastas ocasionales\u201d como para los \u201centusiastas en ciernes\u201d.<\/p>\n<p>Vida \u00fatil de la c\u00e1psula<br \/>\nCada c\u00e1psula permite servir hasta veinte vasos de vino de 150 ml.<\/p>\n<p>Dise\u00f1o exclusivo<br \/>\nAbra la botella, sustituya el tap\u00f3n original por el Stopper Pivot y disfrute de una o varias copas de vino s\u00f3lo cuando lo desee.<\/p>\n<p>Materiales<\/p>\n<p>Dispositivo Pivot\u2122: pl\u00e1stico moldeado por inyecci\u00f3n, acero inoxidable, elast\u00f3meros.<br \/>\nAireador Pivot\u2122: Elast\u00f3meros, acero inoxidable<br \/>\nPivot\u2122 Stopper: pl\u00e1stico moldeado por inyecci\u00f3n<br \/>\nC\u00e1psulas Coravin Pure\u2122 Argon: Acero reciclable, gas arg\u00f3n 100% puro, caucho sint\u00e9tico, nailon reforzado con fibra de vidrio.<br \/>\nFunda del biber\u00f3n: poli\u00e9ster<\/p>\n","protected":false},"excerpt":{"rendered":"<p>Sirva sus vinos favoritos sin quitar nunca el corcho. El Coravin Timeless Six lleva la elegancia al siguiente nivel al permitirle elegir entre una variedad de sofisticados colores, todos ellos con acabados brillantes, toques met\u00e1licos y una oferta de accesorios de primera calidad. Simplemente inserte, incline y vierta todo el vino que desee mientras guarda [&hellip;]<\/p>\n","protected":false},"featured_media":6375640,"template":"","meta":{"_acf_changed":false},"product_cat":[11964,11887,11961],"product_tag":[],"class_list":{"0":"post-1883569","1":"product","2":"type-product","3":"status-publish","4":"has-post-thumbnail","6":"product_cat-aireadores","7":"product_cat-tabla","8":"product_cat-vino","10":"first","11":"outofstock","12":"sale","13":"taxable","14":"shipping-taxable","15":"purchasable","16":"product-type-simple","swatches":"rey-swatches","show_selected":"","stretch_labels":"rey-swatches--stretch-labels"},"acf":[],"yoast_head":"<!-- This site is optimized with the Yoast SEO plugin v25.4 - https:\/\/yoast.com\/wordpress\/plugins\/seo\/ -->\n<title>CORAVIN Pivot\u2122+ Negro - dev6 Erresse<\/title>\n<meta name=\"description\" content=\"Sirva sus vinos favoritos sin quitar nunca el corcho. El Coravin Timeless Six lleva la elegancia al siguiente nivel al permitirle elegir entre una\" \/>\n<meta name=\"robots\" content=\"noindex, follow, max-snippet:-1, max-image-preview:large, max-video-preview:-1\" \/>\n<meta property=\"og:locale\" content=\"es_ES\" \/>\n<meta property=\"og:type\" content=\"article\" \/>\n<meta property=\"og:title\" content=\"CORAVIN Pivot\u2122+ Negro - dev6 Erresse\" \/>\n<meta property=\"og:description\" content=\"Sirva sus vinos favoritos sin quitar nunca el corcho. El Coravin Timeless Six lleva la elegancia al siguiente nivel al permitirle elegir entre una\" \/>\n<meta property=\"og:url\" content=\"https:\/\/dev6.erresse-shop.it\/es\/shop\/tabla\/vino\/aireadores\/coravin-pivot-negro\/\" \/>\n<meta property=\"og:site_name\" content=\"dev6 Erresse\" \/>\n<meta property=\"og:image\" content=\"https:\/\/interpim.erresse-shop.it\/Import\/Prodotti\/4631004-3.jpg\" \/><meta property=\"og:image\" content=\"https:\/\/interpim.erresse-shop.it\/Import\/Prodotti\/4631004-3.jpg\" \/>\n\t<meta property=\"og:image:width\" content=\"1024\" \/>\n\t<meta property=\"og:image:height\" content=\"1024\" \/>\n\t<meta property=\"og:image:type\" content=\"image\/jpeg\" \/>\n<meta name=\"twitter:card\" content=\"summary_large_image\" \/>\n<meta name=\"twitter:image\" content=\"https:\/\/interpim.erresse-shop.it\/Import\/Prodotti\/4631004-3.jpg\" \/>\n<script type=\"application\/ld+json\" class=\"yoast-schema-graph\">{\"@context\":\"https:\/\/schema.org\",\"@graph\":[{\"@type\":\"WebPage\",\"@id\":\"https:\/\/dev6.erresse-shop.it\/es\/shop\/tabla\/vino\/aireadores\/coravin-pivot-negro\/\",\"url\":\"https:\/\/dev6.erresse-shop.it\/es\/shop\/tabla\/vino\/aireadores\/coravin-pivot-negro\/\",\"name\":\"CORAVIN Pivot\u2122+ Negro - dev6 Erresse\",\"isPartOf\":{\"@id\":\"https:\/\/dev6.erresse-shop.it\/#website\"},\"primaryImageOfPage\":{\"@id\":\"https:\/\/dev6.erresse-shop.it\/es\/shop\/tabla\/vino\/aireadores\/coravin-pivot-negro\/#primaryimage\"},\"image\":{\"@id\":\"https:\/\/dev6.erresse-shop.it\/es\/shop\/tabla\/vino\/aireadores\/coravin-pivot-negro\/#primaryimage\"},\"thumbnailUrl\":\"https:\/\/i3.wp.com\/interpim.erresse-shop.it\/Import\/Prodotti\/4631004-3.jpg?ssl=1\",\"datePublished\":\"2026-04-12T11:00:11+00:00\",\"description\":\"Sirva sus vinos favoritos sin quitar nunca el corcho. El Coravin Timeless Six lleva la elegancia al siguiente nivel al permitirle elegir entre una\",\"breadcrumb\":{\"@id\":\"https:\/\/dev6.erresse-shop.it\/es\/shop\/tabla\/vino\/aireadores\/coravin-pivot-negro\/#breadcrumb\"},\"inLanguage\":\"es\",\"potentialAction\":[{\"@type\":\"ReadAction\",\"target\":[\"https:\/\/dev6.erresse-shop.it\/es\/shop\/tabla\/vino\/aireadores\/coravin-pivot-negro\/\"]}]},{\"@type\":\"ImageObject\",\"inLanguage\":\"es\",\"@id\":\"https:\/\/dev6.erresse-shop.it\/es\/shop\/tabla\/vino\/aireadores\/coravin-pivot-negro\/#primaryimage\",\"url\":\"https:\/\/i3.wp.com\/interpim.erresse-shop.it\/Import\/Prodotti\/4631004-3.jpg?ssl=1\",\"contentUrl\":\"https:\/\/i3.wp.com\/interpim.erresse-shop.it\/Import\/Prodotti\/4631004-3.jpg?ssl=1\"},{\"@type\":\"BreadcrumbList\",\"@id\":\"https:\/\/dev6.erresse-shop.it\/es\/shop\/tabla\/vino\/aireadores\/coravin-pivot-negro\/#breadcrumb\",\"itemListElement\":[{\"@type\":\"ListItem\",\"position\":1,\"name\":\"Home\",\"item\":\"https:\/\/dev6.erresse-shop.it\/\"},{\"@type\":\"ListItem\",\"position\":2,\"name\":\"Tienda\",\"item\":\"https:\/\/dev6.erresse-shop.it\/shop\/\"},{\"@type\":\"ListItem\",\"position\":3,\"name\":\"CORAVIN Pivot\u2122+ Negro\"}]},{\"@type\":\"WebSite\",\"@id\":\"https:\/\/dev6.erresse-shop.it\/#website\",\"url\":\"https:\/\/dev6.erresse-shop.it\/\",\"name\":\"Erresse Shop\",\"description\":\"\",\"publisher\":{\"@id\":\"https:\/\/dev6.erresse-shop.it\/#organization\"},\"potentialAction\":[{\"@type\":\"SearchAction\",\"target\":{\"@type\":\"EntryPoint\",\"urlTemplate\":\"https:\/\/dev6.erresse-shop.it\/?s={search_term_string}\"},\"query-input\":{\"@type\":\"PropertyValueSpecification\",\"valueRequired\":true,\"valueName\":\"search_term_string\"}}],\"inLanguage\":\"es\"},{\"@type\":\"Organization\",\"@id\":\"https:\/\/dev6.erresse-shop.it\/#organization\",\"name\":\"Erresse Shop\",\"url\":\"https:\/\/dev6.erresse-shop.it\/\",\"logo\":{\"@type\":\"ImageObject\",\"inLanguage\":\"es\",\"@id\":\"https:\/\/dev6.erresse-shop.it\/#\/schema\/logo\/image\/\",\"url\":\"https:\/\/dev6.erresse-shop.it\/wp-content\/uploads\/2025\/01\/LOGO-ERRESSE-CLASSICO.svg\",\"contentUrl\":\"https:\/\/dev6.erresse-shop.it\/wp-content\/uploads\/2025\/01\/LOGO-ERRESSE-CLASSICO.svg\",\"caption\":\"Erresse Shop\"},\"image\":{\"@id\":\"https:\/\/dev6.erresse-shop.it\/#\/schema\/logo\/image\/\"}}]}<\/script>\n<!-- \/ Yoast SEO plugin. -->","yoast_head_json":{"title":"CORAVIN Pivot\u2122+ Negro - dev6 Erresse","description":"Sirva sus vinos favoritos sin quitar nunca el corcho. El Coravin Timeless Six lleva la elegancia al siguiente nivel al permitirle elegir entre una","robots":{"index":"noindex","follow":"follow","max-snippet":"max-snippet:-1","max-image-preview":"max-image-preview:large","max-video-preview":"max-video-preview:-1"},"og_locale":"es_ES","og_type":"article","og_title":"CORAVIN Pivot\u2122+ Negro - dev6 Erresse","og_description":"Sirva sus vinos favoritos sin quitar nunca el corcho. El Coravin Timeless Six lleva la elegancia al siguiente nivel al permitirle elegir entre una","og_url":"https:\/\/dev6.erresse-shop.it\/es\/shop\/tabla\/vino\/aireadores\/coravin-pivot-negro\/","og_site_name":"dev6 Erresse","og_image":[{"url":"https:\/\/interpim.erresse-shop.it\/Import\/Prodotti\/4631004-3.jpg","type":"","width":"","height":""},{"url":"https:\/\/interpim.erresse-shop.it\/Import\/Prodotti\/4631004-3.jpg","width":1024,"height":1024,"type":"image\/jpeg"}],"twitter_card":"summary_large_image","twitter_image":"https:\/\/interpim.erresse-shop.it\/Import\/Prodotti\/4631004-3.jpg","schema":{"@context":"https:\/\/schema.org","@graph":[{"@type":"WebPage","@id":"https:\/\/dev6.erresse-shop.it\/es\/shop\/tabla\/vino\/aireadores\/coravin-pivot-negro\/","url":"https:\/\/dev6.erresse-shop.it\/es\/shop\/tabla\/vino\/aireadores\/coravin-pivot-negro\/","name":"CORAVIN Pivot\u2122+ Negro - dev6 Erresse","isPartOf":{"@id":"https:\/\/dev6.erresse-shop.it\/#website"},"primaryImageOfPage":{"@id":"https:\/\/dev6.erresse-shop.it\/es\/shop\/tabla\/vino\/aireadores\/coravin-pivot-negro\/#primaryimage"},"image":{"@id":"https:\/\/dev6.erresse-shop.it\/es\/shop\/tabla\/vino\/aireadores\/coravin-pivot-negro\/#primaryimage"},"thumbnailUrl":"https:\/\/i3.wp.com\/interpim.erresse-shop.it\/Import\/Prodotti\/4631004-3.jpg?ssl=1","datePublished":"2026-04-12T11:00:11+00:00","description":"Sirva sus vinos favoritos sin quitar nunca el corcho. El Coravin Timeless Six lleva la elegancia al siguiente nivel al permitirle elegir entre una","breadcrumb":{"@id":"https:\/\/dev6.erresse-shop.it\/es\/shop\/tabla\/vino\/aireadores\/coravin-pivot-negro\/#breadcrumb"},"inLanguage":"es","potentialAction":[{"@type":"ReadAction","target":["https:\/\/dev6.erresse-shop.it\/es\/shop\/tabla\/vino\/aireadores\/coravin-pivot-negro\/"]}]},{"@type":"ImageObject","inLanguage":"es","@id":"https:\/\/dev6.erresse-shop.it\/es\/shop\/tabla\/vino\/aireadores\/coravin-pivot-negro\/#primaryimage","url":"https:\/\/i3.wp.com\/interpim.erresse-shop.it\/Import\/Prodotti\/4631004-3.jpg?ssl=1","contentUrl":"https:\/\/i3.wp.com\/interpim.erresse-shop.it\/Import\/Prodotti\/4631004-3.jpg?ssl=1"},{"@type":"BreadcrumbList","@id":"https:\/\/dev6.erresse-shop.it\/es\/shop\/tabla\/vino\/aireadores\/coravin-pivot-negro\/#breadcrumb","itemListElement":[{"@type":"ListItem","position":1,"name":"Home","item":"https:\/\/dev6.erresse-shop.it\/"},{"@type":"ListItem","position":2,"name":"Tienda","item":"https:\/\/dev6.erresse-shop.it\/shop\/"},{"@type":"ListItem","position":3,"name":"CORAVIN Pivot\u2122+ Negro"}]},{"@type":"WebSite","@id":"https:\/\/dev6.erresse-shop.it\/#website","url":"https:\/\/dev6.erresse-shop.it\/","name":"Erresse Shop","description":"","publisher":{"@id":"https:\/\/dev6.erresse-shop.it\/#organization"},"potentialAction":[{"@type":"SearchAction","target":{"@type":"EntryPoint","urlTemplate":"https:\/\/dev6.erresse-shop.it\/?s={search_term_string}"},"query-input":{"@type":"PropertyValueSpecification","valueRequired":true,"valueName":"search_term_string"}}],"inLanguage":"es"},{"@type":"Organization","@id":"https:\/\/dev6.erresse-shop.it\/#organization","name":"Erresse Shop","url":"https:\/\/dev6.erresse-shop.it\/","logo":{"@type":"ImageObject","inLanguage":"es","@id":"https:\/\/dev6.erresse-shop.it\/#\/schema\/logo\/image\/","url":"https:\/\/dev6.erresse-shop.it\/wp-content\/uploads\/2025\/01\/LOGO-ERRESSE-CLASSICO.svg","contentUrl":"https:\/\/dev6.erresse-shop.it\/wp-content\/uploads\/2025\/01\/LOGO-ERRESSE-CLASSICO.svg","caption":"Erresse Shop"},"image":{"@id":"https:\/\/dev6.erresse-shop.it\/#\/schema\/logo\/image\/"}}]}},"df_price":169.95,"df_sale_price":169.95,"df_regular_price":199.99,"df_image_link":"https:\/\/i3.wp.com\/interpim.erresse-shop.it\/Import\/Prodotti\/4631004-3.jpg?resize=300,300&ssl=1","fifu_image_url":"https:\/\/interpim.erresse-shop.it\/Import\/Prodotti\/4631004-3.jpg","_links":{"self":[{"href":"https:\/\/dev6.erresse-shop.it\/es\/wp-json\/wp\/v2\/product\/1883569","targetHints":{"allow":["GET"]}}],"collection":[{"href":"https:\/\/dev6.erresse-shop.it\/es\/wp-json\/wp\/v2\/product"}],"about":[{"href":"https:\/\/dev6.erresse-shop.it\/es\/wp-json\/wp\/v2\/types\/product"}],"wp:featuredmedia":[{"embeddable":true,"href":"https:\/\/dev6.erresse-shop.it\/es\/wp-json\/wp\/v2\/media\/6375640"}],"wp:attachment":[{"href":"https:\/\/dev6.erresse-shop.it\/es\/wp-json\/wp\/v2\/media?parent=1883569"}],"wp:term":[{"taxonomy":"product_cat","embeddable":true,"href":"https:\/\/dev6.erresse-shop.it\/es\/wp-json\/wp\/v2\/product_cat?post=1883569"},{"taxonomy":"product_tag","embeddable":true,"href":"https:\/\/dev6.erresse-shop.it\/es\/wp-json\/wp\/v2\/product_tag?post=1883569"}],"curies":[{"name":"wp","href":"https:\/\/api.w.org\/{rel}","templated":true}]}}