{"id":1883567,"date":"2026-04-12T13:00:11","date_gmt":"2026-04-12T11:00:11","guid":{"rendered":"https:\/\/dev6.erresse-shop.it\/shop\/sin%20categor\u00eda\/le-creuset-tetera-drip-naranja\/"},"modified":"2025-07-05T01:19:54","modified_gmt":"2025-07-04T23:19:54","slug":"le-creuset-tetera-drip-naranja","status":"publish","type":"product","link":"https:\/\/dev6.erresse-shop.it\/es\/shop\/cocina\/hervidores\/le-creuset-tetera-drip-naranja\/","title":{"rendered":"LE CREUSET Tetera Drip naranja"},"content":{"rendered":"<p>\u00bfUn caf\u00e9?<br \/>\nPrepara la taza de caf\u00e9 perfecta con este elegante hervidor de agua. Ideal para preparar en casa un aut\u00e9ntico caf\u00e9 americano al estilo de una cafeter\u00eda, \u00a1como un aut\u00e9ntico experto! El ca\u00f1o estrecho y curvado permite verter el contenido de forma lenta y precisa.<\/p>\n<p>Detalles del Producto<br \/>\nCaracter\u00edsticas<br \/>\nLos mejores de su categor\u00eda: nuestros productos se fabrican con los mejores materiales en instalaciones de todo el mundo para garantizar la calidad que esperas de Le Creuset.<\/p>\n<p>Material: Acero al Carbono Esmaltado<br \/>\nFabricado en: Tailandia<br \/>\nGarant\u00eda: 5 A\u00f1os<\/p>\n<p>Fuente de Calor<br \/>\nPlaca el\u00e9ctrica<br \/>\nVitrocer\u00e1mica<br \/>\nGas<br \/>\nPlaca de inducci\u00f3n<\/p>\n<p>Dimensiones<br \/>\nCapacidad: 0,7 L<br \/>\nLongitud: 25,3 cm<br \/>\nAnchura: 13 cm<br \/>\nAltura: 19 cm<\/p>\n<p>Usos y Cuidados<br \/>\nAntes de empezar a utilizar<br \/>\n\u00a1Disfruta desempaquetando tu nueva adquisici\u00f3n! (Y aseg\u00farate de retirar todas las etiquetas y envoltorios).<br \/>\nLava tu producto Le Creuset con agua caliente y jab\u00f3n, acl\u00e1ralo y s\u00e9calo bien.<br \/>\nAntes de usar la tetera por primera vez, retira la tapa, llena el recipiente con agua limpia, hi\u00e9rvela y, a continuaci\u00f3n, des\u00e9chala.<br \/>\nNo la llenes por encima de la marca.<\/p>\n<p>Cocinando<br \/>\nSi usas una placa de inducci\u00f3n, evita la funci\u00f3n \u201cbooster\u201d, que solo debe usarse para calentar r\u00e1pidamente grandes vol\u00famenes de agua.<br \/>\nLevanta la tapa para moverla o cambiarla de lugar en vez de deslizarla para evitar da\u00f1ar tanto su base como la de la superficie donde repose.<br \/>\nNunca deslices el producto sobre unos fogones\/una placa con cubierta de cristal, ya que podr\u00edas da\u00f1ar tanto el producto como el cristal. En su lugar, levanta siempre el producto para ponerlo y quitarlo o cambiarlo de lugar.<br \/>\nCuando est\u00e9 caliente, p\u00f3sala \u00fanicamente sobre superficies resistentes al calor.<\/p>\n<p>Limpieza<br \/>\nLimpia la tetera tras cada uso: l\u00e1vala a mano con un jab\u00f3n neutro. No utilices estropajos ni detergentes abrasivos, ya que podr\u00edan da\u00f1ar la superficie. \u00bfHas terminado? Seca bien la tetera para evitar que se formen dep\u00f3sitos de cal.<br \/>\nNo dejes agua en el interior de la tetera si no est\u00e1 en uso.<br \/>\nPara eliminar los dep\u00f3sitos de cal, llena la tetera hasta el nivel m\u00e1ximo con una mezcla de agua y vinagre blanco al 50 % y cali\u00e9ntala a fuego lento durante 20 minutos. Si los dep\u00f3sitos persisten, usa un producto antical suave.<br \/>\nS\u00e9calo bien tras el lavado y gu\u00e1rdalo en un lugar seco.<\/p>\n<p>Usos<br \/>\nUtiliza el producto sobre el fog\u00f3n del tama\u00f1o m\u00e1s adecuado para evitar que se da\u00f1e o sobrecaliente.<br \/>\nEn el caso de placas vitrocer\u00e1micas o de inducci\u00f3n, no utilices la funci\u00f3n de apagado autom\u00e1tico. Si falla, el agua de la tetera podr\u00eda evaporarse completamente y causar da\u00f1os por sobrecalentamiento.<br \/>\nSi el asa de tu tetera es plegable, aseg\u00farate de colocarla firmemente en posici\u00f3n vertical antes de poner la tetera sobre una fuente de calor para evitar su posible sobrecalentamiento.<br \/>\nCierra la tapa bien para proteger el asa del vapor.<br \/>\nAseg\u00farate siempre de que la boquilla y las muescas de la tapa no apunten directamente hacia ti u otras personas.<br \/>\nNo permitas que el contenido de la tetera hierva hasta evaporarse, ya que se producir\u00e1 un sobrecalentamiento r\u00e1pido.<br \/>\nRecuerda apagar la fuente de calor en cuanto el agua comience a hervir y retirar la tetera de dicha fuente de calor.<br \/>\n\u00bfHas hervido agua? Espera de 10 a 15 segundos antes retirar la tetera de la fuente de calor y, a continuaci\u00f3n, vi\u00e9rtela. Nunca pongas la tetera bocabajo. Aseg\u00farate de que el pomo de la tapa est\u00e9 bien apretado.<br \/>\nDeja que la tetera se enfr\u00ede del todo antes de volver a llenarla de agua fr\u00eda.<\/p>\n","protected":false},"excerpt":{"rendered":"<p>\u00bfUn caf\u00e9? Prepara la taza de caf\u00e9 perfecta con este elegante hervidor de agua. Ideal para preparar en casa un aut\u00e9ntico caf\u00e9 americano al estilo de una cafeter\u00eda, \u00a1como un aut\u00e9ntico experto! El ca\u00f1o estrecho y curvado permite verter el contenido de forma lenta y precisa. Detalles del Producto Caracter\u00edsticas Los mejores de su categor\u00eda: [&hellip;]<\/p>\n","protected":false},"featured_media":6375625,"template":"","meta":{"_acf_changed":false},"product_cat":[11884,11897],"product_tag":[],"class_list":{"0":"post-1883567","1":"product","2":"type-product","3":"status-publish","4":"has-post-thumbnail","6":"product_cat-cocina","7":"product_cat-hervidores","9":"first","10":"instock","11":"sale","12":"taxable","13":"shipping-taxable","14":"purchasable","15":"product-type-simple","swatches":"rey-swatches","show_selected":"","stretch_labels":"rey-swatches--stretch-labels"},"acf":[],"yoast_head":"<!-- This site is optimized with the Yoast SEO plugin v25.4 - https:\/\/yoast.com\/wordpress\/plugins\/seo\/ -->\n<title>LE CREUSET Tetera Drip naranja - dev6 Erresse<\/title>\n<meta name=\"description\" content=\"\u00bfUn caf\u00e9? Prepara la taza de caf\u00e9 perfecta con este elegante hervidor de agua. Ideal para preparar en casa un aut\u00e9ntico caf\u00e9 americano al estilo de una\" \/>\n<meta name=\"robots\" content=\"noindex, follow, max-snippet:-1, max-image-preview:large, max-video-preview:-1\" \/>\n<meta property=\"og:locale\" content=\"es_ES\" \/>\n<meta property=\"og:type\" content=\"article\" \/>\n<meta property=\"og:title\" content=\"LE CREUSET Tetera Drip naranja - dev6 Erresse\" \/>\n<meta property=\"og:description\" content=\"\u00bfUn caf\u00e9? Prepara la taza de caf\u00e9 perfecta con este elegante hervidor de agua. Ideal para preparar en casa un aut\u00e9ntico caf\u00e9 americano al estilo de una\" \/>\n<meta property=\"og:url\" content=\"https:\/\/dev6.erresse-shop.it\/es\/shop\/cocina\/hervidores\/le-creuset-tetera-drip-naranja\/\" \/>\n<meta property=\"og:site_name\" content=\"dev6 Erresse\" \/>\n<meta property=\"og:image\" content=\"https:\/\/interpim.erresse-shop.it\/Import\/Prodotti\/bollitore-drip-arancio3.jpg\" \/><meta property=\"og:image\" content=\"https:\/\/interpim.erresse-shop.it\/Import\/Prodotti\/bollitore-drip-arancio3.jpg\" \/>\n\t<meta property=\"og:image:width\" content=\"1024\" \/>\n\t<meta property=\"og:image:height\" content=\"1024\" \/>\n\t<meta property=\"og:image:type\" content=\"image\/jpeg\" \/>\n<meta name=\"twitter:card\" content=\"summary_large_image\" \/>\n<meta name=\"twitter:image\" content=\"https:\/\/interpim.erresse-shop.it\/Import\/Prodotti\/bollitore-drip-arancio3.jpg\" \/>\n<script type=\"application\/ld+json\" class=\"yoast-schema-graph\">{\"@context\":\"https:\/\/schema.org\",\"@graph\":[{\"@type\":\"WebPage\",\"@id\":\"https:\/\/dev6.erresse-shop.it\/es\/shop\/cocina\/hervidores\/le-creuset-tetera-drip-naranja\/\",\"url\":\"https:\/\/dev6.erresse-shop.it\/es\/shop\/cocina\/hervidores\/le-creuset-tetera-drip-naranja\/\",\"name\":\"LE CREUSET Tetera Drip naranja - dev6 Erresse\",\"isPartOf\":{\"@id\":\"https:\/\/dev6.erresse-shop.it\/#website\"},\"primaryImageOfPage\":{\"@id\":\"https:\/\/dev6.erresse-shop.it\/es\/shop\/cocina\/hervidores\/le-creuset-tetera-drip-naranja\/#primaryimage\"},\"image\":{\"@id\":\"https:\/\/dev6.erresse-shop.it\/es\/shop\/cocina\/hervidores\/le-creuset-tetera-drip-naranja\/#primaryimage\"},\"thumbnailUrl\":\"https:\/\/i2.wp.com\/interpim.erresse-shop.it\/Import\/Prodotti\/bollitore-drip-arancio3.jpg?ssl=1\",\"datePublished\":\"2026-04-12T11:00:11+00:00\",\"description\":\"\u00bfUn caf\u00e9? Prepara la taza de caf\u00e9 perfecta con este elegante hervidor de agua. Ideal para preparar en casa un aut\u00e9ntico caf\u00e9 americano al estilo de una\",\"breadcrumb\":{\"@id\":\"https:\/\/dev6.erresse-shop.it\/es\/shop\/cocina\/hervidores\/le-creuset-tetera-drip-naranja\/#breadcrumb\"},\"inLanguage\":\"es\",\"potentialAction\":[{\"@type\":\"ReadAction\",\"target\":[\"https:\/\/dev6.erresse-shop.it\/es\/shop\/cocina\/hervidores\/le-creuset-tetera-drip-naranja\/\"]}]},{\"@type\":\"ImageObject\",\"inLanguage\":\"es\",\"@id\":\"https:\/\/dev6.erresse-shop.it\/es\/shop\/cocina\/hervidores\/le-creuset-tetera-drip-naranja\/#primaryimage\",\"url\":\"https:\/\/i2.wp.com\/interpim.erresse-shop.it\/Import\/Prodotti\/bollitore-drip-arancio3.jpg?ssl=1\",\"contentUrl\":\"https:\/\/i2.wp.com\/interpim.erresse-shop.it\/Import\/Prodotti\/bollitore-drip-arancio3.jpg?ssl=1\"},{\"@type\":\"BreadcrumbList\",\"@id\":\"https:\/\/dev6.erresse-shop.it\/es\/shop\/cocina\/hervidores\/le-creuset-tetera-drip-naranja\/#breadcrumb\",\"itemListElement\":[{\"@type\":\"ListItem\",\"position\":1,\"name\":\"Home\",\"item\":\"https:\/\/dev6.erresse-shop.it\/\"},{\"@type\":\"ListItem\",\"position\":2,\"name\":\"Tienda\",\"item\":\"https:\/\/dev6.erresse-shop.it\/shop\/\"},{\"@type\":\"ListItem\",\"position\":3,\"name\":\"LE CREUSET Tetera Drip naranja\"}]},{\"@type\":\"WebSite\",\"@id\":\"https:\/\/dev6.erresse-shop.it\/#website\",\"url\":\"https:\/\/dev6.erresse-shop.it\/\",\"name\":\"Erresse Shop\",\"description\":\"\",\"publisher\":{\"@id\":\"https:\/\/dev6.erresse-shop.it\/#organization\"},\"potentialAction\":[{\"@type\":\"SearchAction\",\"target\":{\"@type\":\"EntryPoint\",\"urlTemplate\":\"https:\/\/dev6.erresse-shop.it\/?s={search_term_string}\"},\"query-input\":{\"@type\":\"PropertyValueSpecification\",\"valueRequired\":true,\"valueName\":\"search_term_string\"}}],\"inLanguage\":\"es\"},{\"@type\":\"Organization\",\"@id\":\"https:\/\/dev6.erresse-shop.it\/#organization\",\"name\":\"Erresse Shop\",\"url\":\"https:\/\/dev6.erresse-shop.it\/\",\"logo\":{\"@type\":\"ImageObject\",\"inLanguage\":\"es\",\"@id\":\"https:\/\/dev6.erresse-shop.it\/#\/schema\/logo\/image\/\",\"url\":\"https:\/\/dev6.erresse-shop.it\/wp-content\/uploads\/2025\/01\/LOGO-ERRESSE-CLASSICO.svg\",\"contentUrl\":\"https:\/\/dev6.erresse-shop.it\/wp-content\/uploads\/2025\/01\/LOGO-ERRESSE-CLASSICO.svg\",\"caption\":\"Erresse Shop\"},\"image\":{\"@id\":\"https:\/\/dev6.erresse-shop.it\/#\/schema\/logo\/image\/\"}}]}<\/script>\n<!-- \/ Yoast SEO plugin. -->","yoast_head_json":{"title":"LE CREUSET Tetera Drip naranja - dev6 Erresse","description":"\u00bfUn caf\u00e9? Prepara la taza de caf\u00e9 perfecta con este elegante hervidor de agua. Ideal para preparar en casa un aut\u00e9ntico caf\u00e9 americano al estilo de una","robots":{"index":"noindex","follow":"follow","max-snippet":"max-snippet:-1","max-image-preview":"max-image-preview:large","max-video-preview":"max-video-preview:-1"},"og_locale":"es_ES","og_type":"article","og_title":"LE CREUSET Tetera Drip naranja - dev6 Erresse","og_description":"\u00bfUn caf\u00e9? Prepara la taza de caf\u00e9 perfecta con este elegante hervidor de agua. Ideal para preparar en casa un aut\u00e9ntico caf\u00e9 americano al estilo de una","og_url":"https:\/\/dev6.erresse-shop.it\/es\/shop\/cocina\/hervidores\/le-creuset-tetera-drip-naranja\/","og_site_name":"dev6 Erresse","og_image":[{"url":"https:\/\/interpim.erresse-shop.it\/Import\/Prodotti\/bollitore-drip-arancio3.jpg","type":"","width":"","height":""},{"url":"https:\/\/interpim.erresse-shop.it\/Import\/Prodotti\/bollitore-drip-arancio3.jpg","width":1024,"height":1024,"type":"image\/jpeg"}],"twitter_card":"summary_large_image","twitter_image":"https:\/\/interpim.erresse-shop.it\/Import\/Prodotti\/bollitore-drip-arancio3.jpg","schema":{"@context":"https:\/\/schema.org","@graph":[{"@type":"WebPage","@id":"https:\/\/dev6.erresse-shop.it\/es\/shop\/cocina\/hervidores\/le-creuset-tetera-drip-naranja\/","url":"https:\/\/dev6.erresse-shop.it\/es\/shop\/cocina\/hervidores\/le-creuset-tetera-drip-naranja\/","name":"LE CREUSET Tetera Drip naranja - dev6 Erresse","isPartOf":{"@id":"https:\/\/dev6.erresse-shop.it\/#website"},"primaryImageOfPage":{"@id":"https:\/\/dev6.erresse-shop.it\/es\/shop\/cocina\/hervidores\/le-creuset-tetera-drip-naranja\/#primaryimage"},"image":{"@id":"https:\/\/dev6.erresse-shop.it\/es\/shop\/cocina\/hervidores\/le-creuset-tetera-drip-naranja\/#primaryimage"},"thumbnailUrl":"https:\/\/i2.wp.com\/interpim.erresse-shop.it\/Import\/Prodotti\/bollitore-drip-arancio3.jpg?ssl=1","datePublished":"2026-04-12T11:00:11+00:00","description":"\u00bfUn caf\u00e9? Prepara la taza de caf\u00e9 perfecta con este elegante hervidor de agua. Ideal para preparar en casa un aut\u00e9ntico caf\u00e9 americano al estilo de una","breadcrumb":{"@id":"https:\/\/dev6.erresse-shop.it\/es\/shop\/cocina\/hervidores\/le-creuset-tetera-drip-naranja\/#breadcrumb"},"inLanguage":"es","potentialAction":[{"@type":"ReadAction","target":["https:\/\/dev6.erresse-shop.it\/es\/shop\/cocina\/hervidores\/le-creuset-tetera-drip-naranja\/"]}]},{"@type":"ImageObject","inLanguage":"es","@id":"https:\/\/dev6.erresse-shop.it\/es\/shop\/cocina\/hervidores\/le-creuset-tetera-drip-naranja\/#primaryimage","url":"https:\/\/i2.wp.com\/interpim.erresse-shop.it\/Import\/Prodotti\/bollitore-drip-arancio3.jpg?ssl=1","contentUrl":"https:\/\/i2.wp.com\/interpim.erresse-shop.it\/Import\/Prodotti\/bollitore-drip-arancio3.jpg?ssl=1"},{"@type":"BreadcrumbList","@id":"https:\/\/dev6.erresse-shop.it\/es\/shop\/cocina\/hervidores\/le-creuset-tetera-drip-naranja\/#breadcrumb","itemListElement":[{"@type":"ListItem","position":1,"name":"Home","item":"https:\/\/dev6.erresse-shop.it\/"},{"@type":"ListItem","position":2,"name":"Tienda","item":"https:\/\/dev6.erresse-shop.it\/shop\/"},{"@type":"ListItem","position":3,"name":"LE CREUSET Tetera Drip naranja"}]},{"@type":"WebSite","@id":"https:\/\/dev6.erresse-shop.it\/#website","url":"https:\/\/dev6.erresse-shop.it\/","name":"Erresse Shop","description":"","publisher":{"@id":"https:\/\/dev6.erresse-shop.it\/#organization"},"potentialAction":[{"@type":"SearchAction","target":{"@type":"EntryPoint","urlTemplate":"https:\/\/dev6.erresse-shop.it\/?s={search_term_string}"},"query-input":{"@type":"PropertyValueSpecification","valueRequired":true,"valueName":"search_term_string"}}],"inLanguage":"es"},{"@type":"Organization","@id":"https:\/\/dev6.erresse-shop.it\/#organization","name":"Erresse Shop","url":"https:\/\/dev6.erresse-shop.it\/","logo":{"@type":"ImageObject","inLanguage":"es","@id":"https:\/\/dev6.erresse-shop.it\/#\/schema\/logo\/image\/","url":"https:\/\/dev6.erresse-shop.it\/wp-content\/uploads\/2025\/01\/LOGO-ERRESSE-CLASSICO.svg","contentUrl":"https:\/\/dev6.erresse-shop.it\/wp-content\/uploads\/2025\/01\/LOGO-ERRESSE-CLASSICO.svg","caption":"Erresse Shop"},"image":{"@id":"https:\/\/dev6.erresse-shop.it\/#\/schema\/logo\/image\/"}}]}},"df_price":74.95,"df_sale_price":74.95,"df_regular_price":89,"df_image_link":"https:\/\/i2.wp.com\/interpim.erresse-shop.it\/Import\/Prodotti\/bollitore-drip-arancio3.jpg?resize=300,300&ssl=1","fifu_image_url":"https:\/\/interpim.erresse-shop.it\/Import\/Prodotti\/bollitore-drip-arancio3.jpg","_links":{"self":[{"href":"https:\/\/dev6.erresse-shop.it\/es\/wp-json\/wp\/v2\/product\/1883567","targetHints":{"allow":["GET"]}}],"collection":[{"href":"https:\/\/dev6.erresse-shop.it\/es\/wp-json\/wp\/v2\/product"}],"about":[{"href":"https:\/\/dev6.erresse-shop.it\/es\/wp-json\/wp\/v2\/types\/product"}],"wp:featuredmedia":[{"embeddable":true,"href":"https:\/\/dev6.erresse-shop.it\/es\/wp-json\/wp\/v2\/media\/6375625"}],"wp:attachment":[{"href":"https:\/\/dev6.erresse-shop.it\/es\/wp-json\/wp\/v2\/media?parent=1883567"}],"wp:term":[{"taxonomy":"product_cat","embeddable":true,"href":"https:\/\/dev6.erresse-shop.it\/es\/wp-json\/wp\/v2\/product_cat?post=1883567"},{"taxonomy":"product_tag","embeddable":true,"href":"https:\/\/dev6.erresse-shop.it\/es\/wp-json\/wp\/v2\/product_tag?post=1883567"}],"curies":[{"name":"wp","href":"https:\/\/api.w.org\/{rel}","templated":true}]}}