{"id":1883543,"date":"2026-04-12T13:00:11","date_gmt":"2026-04-12T11:00:11","guid":{"rendered":"https:\/\/dev6.erresse-shop.it\/shop\/sin%20categor\u00eda\/berkel-cortadora-de-volantes-b114-rojo\/"},"modified":"2025-09-14T10:16:09","modified_gmt":"2025-09-14T08:16:09","slug":"berkel-cortadora-de-volantes-b114-rojo","status":"publish","type":"product","link":"https:\/\/dev6.erresse-shop.it\/es\/shop\/pequenos-electrodomesticos\/cortadoras\/berkel-cortadora-de-volantes-b114-rojo\/","title":{"rendered":"BERKEL Cortadora de volantes B114 Rojo"},"content":{"rendered":"<p>LA LEYENDA DE LA SERIE HIST\u00d3RICA DE BERKEL 1898 REVIVE.<\/p>\n<p>Cortadora de fiambres B114, apta para todo tipo de embutidos. Equipada con una hoja de 31,9 cm, est\u00e1 hecha de aluminio pintado con detalles de acero inoxidable.<\/p>\n<p>RENDIMIENTO<\/p>\n<p>Estructura de la caja en aleaci\u00f3n especial de aluminio y acero inoxidable y pies de goma para una m\u00e1xima estabilidad durante el uso<br \/>\nLos pies se pueden montar en diferentes configuraciones<br \/>\nCuchilla de 319 mm en acero cromado 100cr6 con perfil profesional: reduce el desperdicio y asegura cortes uniformes<br \/>\nSistema de alimentaci\u00f3n r\u00e1pida y pomo de ajuste milim\u00e9trico de la placa para un perfecto posicionamiento del producto<br \/>\nDise\u00f1o cl\u00e1sico de torre Berkel, construcci\u00f3n robusta y elegancia combinadas<br \/>\nLas decoraciones doradas embellecen todas las partes pintadas<br \/>\nVolante cl\u00e1sico de Berkel con perfil cuadrado y equilibrado internamente para bloquear la rotaci\u00f3n en cualquier posici\u00f3n<br \/>\nEl afilador extra\u00edble ya se suministra con un sistema de afilado de un solo movimiento para una m\u00e1xima fiabilidad<br \/>\nPomo de ajuste del grosor de las rebanadas con 11 posiciones que ajustan el grosor de las rebanadas entre 0 mm y 1,5 mm<br \/>\nEspesor m\u00ednimo de la \u00faltima rebanada para minimizar el desperdicio de producto<br \/>\nGran protector de rebanada de acero con f\u00e1cil enganche para facilitar el desprendimiento de la rebanada<br \/>\nTAG NFC incrustado en la fundici\u00f3n de la caja como garant\u00eda de originalidad<\/p>\n<p>LIMPIEZA E HIGIENE<\/p>\n<p>Placa y bajoplato de acero inoxidable profesional con sistema de liberaci\u00f3n para una m\u00e1xima limpieza<br \/>\nEmpujador asistido de acero cromado para un \u00f3ptimo bloqueo del producto<br \/>\nAmplio espacio para la limpieza y recept\u00e1culo trasero para los desechos<br \/>\nSistema de extracci\u00f3n r\u00e1pida de la solapa para facilitar la limpieza<br \/>\nGuantes de acero inoxidable extra\u00edbles y aptos para el lavavajillas<\/p>\n<p>SEGURIDAD<\/p>\n<p>Anillo de protecci\u00f3n total de la hoja de acero cromado<br \/>\nSistema de liberaci\u00f3n del anillo de protecci\u00f3n de la cuchilla con palanca situada bajo la torre para garantizar la m\u00e1xima seguridad<br \/>\nMandos ergon\u00f3micos de aluminio anodizado negro para facilitar el agarre y minimizar el esfuerzo del operador<\/p>\n<p>ESPECIFICACIONES T\u00c9CNICAS<\/p>\n<p>Peso 55 kg<br \/>\nAltura [B] 700 mm<br \/>\nProfundidad [C] 825 mm<br \/>\nAncho [A] 670 mm<br \/>\nDi\u00e1metro de la cuchilla 319 mm<br \/>\nMaterial de la cuchilla de corte 100Cr6<br \/>\nEspesor de corte 0 \u2013 1,5 mm<br \/>\nCapacidad de corte (circular) 215 mm<br \/>\nCapacidad de corte (rectangular) 280\u00d7215 mm<br \/>\nDetalles: c\u00f3moda palanca lateral para el movimiento de la protecci\u00f3n de la hoja; decoraciones de berkel pintadas y firma<br \/>\nPiezas desmontables: protector de la cuchilla; guantera; placa superpuesta<br \/>\nAfilador: incluido, de un solo movimiento<\/p>\n<p>No se vende fuera de Europa<\/p>\n","protected":false},"excerpt":{"rendered":"<p>LA LEYENDA DE LA SERIE HIST\u00d3RICA DE BERKEL 1898 REVIVE. Cortadora de fiambres B114, apta para todo tipo de embutidos. Equipada con una hoja de 31,9 cm, est\u00e1 hecha de aluminio pintado con detalles de acero inoxidable. RENDIMIENTO Estructura de la caja en aleaci\u00f3n especial de aluminio y acero inoxidable y pies de goma para [&hellip;]<\/p>\n","protected":false},"featured_media":6375404,"template":"","meta":{"_acf_changed":false},"product_cat":[11965,11947],"product_tag":[],"class_list":{"0":"post-1883543","1":"product","2":"type-product","3":"status-publish","4":"has-post-thumbnail","6":"product_cat-cortadoras","7":"product_cat-pequenos-electrodomesticos","9":"first","10":"instock","11":"sale","12":"taxable","13":"shipping-taxable","14":"purchasable","15":"product-type-simple","swatches":"rey-swatches","show_selected":"","stretch_labels":"rey-swatches--stretch-labels"},"acf":[],"yoast_head":"<!-- This site is optimized with the Yoast SEO plugin v25.4 - https:\/\/yoast.com\/wordpress\/plugins\/seo\/ -->\n<title>BERKEL Cortadora de volantes B114 Rojo - dev6 Erresse<\/title>\n<meta name=\"description\" content=\"LA LEYENDA DE LA SERIE HIST\u00d3RICA DE BERKEL 1898 REVIVE. Cortadora de fiambres B114, apta para todo tipo de embutidos. Equipada con una hoja de 31,9 cm,\" \/>\n<meta name=\"robots\" content=\"noindex, follow, max-snippet:-1, max-image-preview:large, max-video-preview:-1\" \/>\n<meta property=\"og:locale\" content=\"es_ES\" \/>\n<meta property=\"og:type\" content=\"article\" \/>\n<meta property=\"og:title\" content=\"BERKEL Cortadora de volantes B114 Rojo - dev6 Erresse\" \/>\n<meta property=\"og:description\" content=\"LA LEYENDA DE LA SERIE HIST\u00d3RICA DE BERKEL 1898 REVIVE. Cortadora de fiambres B114, apta para todo tipo de embutidos. Equipada con una hoja de 31,9 cm,\" \/>\n<meta property=\"og:url\" content=\"https:\/\/dev6.erresse-shop.it\/es\/shop\/pequenos-electrodomesticos\/cortadoras\/berkel-cortadora-de-volantes-b114-rojo\/\" \/>\n<meta property=\"og:site_name\" content=\"dev6 Erresse\" \/>\n<meta property=\"og:image\" content=\"https:\/\/interpim.erresse-shop.it\/Import\/Prodotti\/berkel-affettatrice-volano-b114-8.jpg\" \/><meta property=\"og:image\" content=\"https:\/\/interpim.erresse-shop.it\/Import\/Prodotti\/berkel-affettatrice-volano-b114-8.jpg\" \/>\n\t<meta property=\"og:image:width\" content=\"1024\" \/>\n\t<meta property=\"og:image:height\" content=\"1024\" \/>\n\t<meta property=\"og:image:type\" content=\"image\/jpeg\" \/>\n<meta name=\"twitter:card\" content=\"summary_large_image\" \/>\n<meta name=\"twitter:image\" content=\"https:\/\/interpim.erresse-shop.it\/Import\/Prodotti\/berkel-affettatrice-volano-b114-8.jpg\" \/>\n<script type=\"application\/ld+json\" class=\"yoast-schema-graph\">{\"@context\":\"https:\/\/schema.org\",\"@graph\":[{\"@type\":\"WebPage\",\"@id\":\"https:\/\/dev6.erresse-shop.it\/es\/shop\/pequenos-electrodomesticos\/cortadoras\/berkel-cortadora-de-volantes-b114-rojo\/\",\"url\":\"https:\/\/dev6.erresse-shop.it\/es\/shop\/pequenos-electrodomesticos\/cortadoras\/berkel-cortadora-de-volantes-b114-rojo\/\",\"name\":\"BERKEL Cortadora de volantes B114 Rojo - dev6 Erresse\",\"isPartOf\":{\"@id\":\"https:\/\/dev6.erresse-shop.it\/#website\"},\"primaryImageOfPage\":{\"@id\":\"https:\/\/dev6.erresse-shop.it\/es\/shop\/pequenos-electrodomesticos\/cortadoras\/berkel-cortadora-de-volantes-b114-rojo\/#primaryimage\"},\"image\":{\"@id\":\"https:\/\/dev6.erresse-shop.it\/es\/shop\/pequenos-electrodomesticos\/cortadoras\/berkel-cortadora-de-volantes-b114-rojo\/#primaryimage\"},\"thumbnailUrl\":\"https:\/\/i3.wp.com\/interpim.erresse-shop.it\/Import\/Prodotti\/berkel-affettatrice-volano-b114-8.jpg?ssl=1\",\"datePublished\":\"2026-04-12T11:00:11+00:00\",\"description\":\"LA LEYENDA DE LA SERIE HIST\u00d3RICA DE BERKEL 1898 REVIVE. Cortadora de fiambres B114, apta para todo tipo de embutidos. Equipada con una hoja de 31,9 cm,\",\"breadcrumb\":{\"@id\":\"https:\/\/dev6.erresse-shop.it\/es\/shop\/pequenos-electrodomesticos\/cortadoras\/berkel-cortadora-de-volantes-b114-rojo\/#breadcrumb\"},\"inLanguage\":\"es\",\"potentialAction\":[{\"@type\":\"ReadAction\",\"target\":[\"https:\/\/dev6.erresse-shop.it\/es\/shop\/pequenos-electrodomesticos\/cortadoras\/berkel-cortadora-de-volantes-b114-rojo\/\"]}]},{\"@type\":\"ImageObject\",\"inLanguage\":\"es\",\"@id\":\"https:\/\/dev6.erresse-shop.it\/es\/shop\/pequenos-electrodomesticos\/cortadoras\/berkel-cortadora-de-volantes-b114-rojo\/#primaryimage\",\"url\":\"https:\/\/i3.wp.com\/interpim.erresse-shop.it\/Import\/Prodotti\/berkel-affettatrice-volano-b114-8.jpg?ssl=1\",\"contentUrl\":\"https:\/\/i3.wp.com\/interpim.erresse-shop.it\/Import\/Prodotti\/berkel-affettatrice-volano-b114-8.jpg?ssl=1\"},{\"@type\":\"BreadcrumbList\",\"@id\":\"https:\/\/dev6.erresse-shop.it\/es\/shop\/pequenos-electrodomesticos\/cortadoras\/berkel-cortadora-de-volantes-b114-rojo\/#breadcrumb\",\"itemListElement\":[{\"@type\":\"ListItem\",\"position\":1,\"name\":\"Home\",\"item\":\"https:\/\/dev6.erresse-shop.it\/\"},{\"@type\":\"ListItem\",\"position\":2,\"name\":\"Tienda\",\"item\":\"https:\/\/dev6.erresse-shop.it\/shop\/\"},{\"@type\":\"ListItem\",\"position\":3,\"name\":\"BERKEL Cortadora de volantes B114 Rojo\"}]},{\"@type\":\"WebSite\",\"@id\":\"https:\/\/dev6.erresse-shop.it\/#website\",\"url\":\"https:\/\/dev6.erresse-shop.it\/\",\"name\":\"Erresse Shop\",\"description\":\"\",\"publisher\":{\"@id\":\"https:\/\/dev6.erresse-shop.it\/#organization\"},\"potentialAction\":[{\"@type\":\"SearchAction\",\"target\":{\"@type\":\"EntryPoint\",\"urlTemplate\":\"https:\/\/dev6.erresse-shop.it\/?s={search_term_string}\"},\"query-input\":{\"@type\":\"PropertyValueSpecification\",\"valueRequired\":true,\"valueName\":\"search_term_string\"}}],\"inLanguage\":\"es\"},{\"@type\":\"Organization\",\"@id\":\"https:\/\/dev6.erresse-shop.it\/#organization\",\"name\":\"Erresse Shop\",\"url\":\"https:\/\/dev6.erresse-shop.it\/\",\"logo\":{\"@type\":\"ImageObject\",\"inLanguage\":\"es\",\"@id\":\"https:\/\/dev6.erresse-shop.it\/#\/schema\/logo\/image\/\",\"url\":\"https:\/\/dev6.erresse-shop.it\/wp-content\/uploads\/2025\/01\/LOGO-ERRESSE-CLASSICO.svg\",\"contentUrl\":\"https:\/\/dev6.erresse-shop.it\/wp-content\/uploads\/2025\/01\/LOGO-ERRESSE-CLASSICO.svg\",\"caption\":\"Erresse Shop\"},\"image\":{\"@id\":\"https:\/\/dev6.erresse-shop.it\/#\/schema\/logo\/image\/\"}}]}<\/script>\n<!-- \/ Yoast SEO plugin. -->","yoast_head_json":{"title":"BERKEL Cortadora de volantes B114 Rojo - dev6 Erresse","description":"LA LEYENDA DE LA SERIE HIST\u00d3RICA DE BERKEL 1898 REVIVE. Cortadora de fiambres B114, apta para todo tipo de embutidos. Equipada con una hoja de 31,9 cm,","robots":{"index":"noindex","follow":"follow","max-snippet":"max-snippet:-1","max-image-preview":"max-image-preview:large","max-video-preview":"max-video-preview:-1"},"og_locale":"es_ES","og_type":"article","og_title":"BERKEL Cortadora de volantes B114 Rojo - dev6 Erresse","og_description":"LA LEYENDA DE LA SERIE HIST\u00d3RICA DE BERKEL 1898 REVIVE. Cortadora de fiambres B114, apta para todo tipo de embutidos. Equipada con una hoja de 31,9 cm,","og_url":"https:\/\/dev6.erresse-shop.it\/es\/shop\/pequenos-electrodomesticos\/cortadoras\/berkel-cortadora-de-volantes-b114-rojo\/","og_site_name":"dev6 Erresse","og_image":[{"url":"https:\/\/interpim.erresse-shop.it\/Import\/Prodotti\/berkel-affettatrice-volano-b114-8.jpg","type":"","width":"","height":""},{"url":"https:\/\/interpim.erresse-shop.it\/Import\/Prodotti\/berkel-affettatrice-volano-b114-8.jpg","width":1024,"height":1024,"type":"image\/jpeg"}],"twitter_card":"summary_large_image","twitter_image":"https:\/\/interpim.erresse-shop.it\/Import\/Prodotti\/berkel-affettatrice-volano-b114-8.jpg","schema":{"@context":"https:\/\/schema.org","@graph":[{"@type":"WebPage","@id":"https:\/\/dev6.erresse-shop.it\/es\/shop\/pequenos-electrodomesticos\/cortadoras\/berkel-cortadora-de-volantes-b114-rojo\/","url":"https:\/\/dev6.erresse-shop.it\/es\/shop\/pequenos-electrodomesticos\/cortadoras\/berkel-cortadora-de-volantes-b114-rojo\/","name":"BERKEL Cortadora de volantes B114 Rojo - dev6 Erresse","isPartOf":{"@id":"https:\/\/dev6.erresse-shop.it\/#website"},"primaryImageOfPage":{"@id":"https:\/\/dev6.erresse-shop.it\/es\/shop\/pequenos-electrodomesticos\/cortadoras\/berkel-cortadora-de-volantes-b114-rojo\/#primaryimage"},"image":{"@id":"https:\/\/dev6.erresse-shop.it\/es\/shop\/pequenos-electrodomesticos\/cortadoras\/berkel-cortadora-de-volantes-b114-rojo\/#primaryimage"},"thumbnailUrl":"https:\/\/i3.wp.com\/interpim.erresse-shop.it\/Import\/Prodotti\/berkel-affettatrice-volano-b114-8.jpg?ssl=1","datePublished":"2026-04-12T11:00:11+00:00","description":"LA LEYENDA DE LA SERIE HIST\u00d3RICA DE BERKEL 1898 REVIVE. Cortadora de fiambres B114, apta para todo tipo de embutidos. Equipada con una hoja de 31,9 cm,","breadcrumb":{"@id":"https:\/\/dev6.erresse-shop.it\/es\/shop\/pequenos-electrodomesticos\/cortadoras\/berkel-cortadora-de-volantes-b114-rojo\/#breadcrumb"},"inLanguage":"es","potentialAction":[{"@type":"ReadAction","target":["https:\/\/dev6.erresse-shop.it\/es\/shop\/pequenos-electrodomesticos\/cortadoras\/berkel-cortadora-de-volantes-b114-rojo\/"]}]},{"@type":"ImageObject","inLanguage":"es","@id":"https:\/\/dev6.erresse-shop.it\/es\/shop\/pequenos-electrodomesticos\/cortadoras\/berkel-cortadora-de-volantes-b114-rojo\/#primaryimage","url":"https:\/\/i3.wp.com\/interpim.erresse-shop.it\/Import\/Prodotti\/berkel-affettatrice-volano-b114-8.jpg?ssl=1","contentUrl":"https:\/\/i3.wp.com\/interpim.erresse-shop.it\/Import\/Prodotti\/berkel-affettatrice-volano-b114-8.jpg?ssl=1"},{"@type":"BreadcrumbList","@id":"https:\/\/dev6.erresse-shop.it\/es\/shop\/pequenos-electrodomesticos\/cortadoras\/berkel-cortadora-de-volantes-b114-rojo\/#breadcrumb","itemListElement":[{"@type":"ListItem","position":1,"name":"Home","item":"https:\/\/dev6.erresse-shop.it\/"},{"@type":"ListItem","position":2,"name":"Tienda","item":"https:\/\/dev6.erresse-shop.it\/shop\/"},{"@type":"ListItem","position":3,"name":"BERKEL Cortadora de volantes B114 Rojo"}]},{"@type":"WebSite","@id":"https:\/\/dev6.erresse-shop.it\/#website","url":"https:\/\/dev6.erresse-shop.it\/","name":"Erresse Shop","description":"","publisher":{"@id":"https:\/\/dev6.erresse-shop.it\/#organization"},"potentialAction":[{"@type":"SearchAction","target":{"@type":"EntryPoint","urlTemplate":"https:\/\/dev6.erresse-shop.it\/?s={search_term_string}"},"query-input":{"@type":"PropertyValueSpecification","valueRequired":true,"valueName":"search_term_string"}}],"inLanguage":"es"},{"@type":"Organization","@id":"https:\/\/dev6.erresse-shop.it\/#organization","name":"Erresse Shop","url":"https:\/\/dev6.erresse-shop.it\/","logo":{"@type":"ImageObject","inLanguage":"es","@id":"https:\/\/dev6.erresse-shop.it\/#\/schema\/logo\/image\/","url":"https:\/\/dev6.erresse-shop.it\/wp-content\/uploads\/2025\/01\/LOGO-ERRESSE-CLASSICO.svg","contentUrl":"https:\/\/dev6.erresse-shop.it\/wp-content\/uploads\/2025\/01\/LOGO-ERRESSE-CLASSICO.svg","caption":"Erresse Shop"},"image":{"@id":"https:\/\/dev6.erresse-shop.it\/#\/schema\/logo\/image\/"}}]}},"df_price":7499,"df_sale_price":7499,"df_regular_price":9739,"df_image_link":"https:\/\/i3.wp.com\/interpim.erresse-shop.it\/Import\/Prodotti\/berkel-affettatrice-volano-b114-8.jpg?resize=300,300&ssl=1","fifu_image_url":"https:\/\/interpim.erresse-shop.it\/Import\/Prodotti\/berkel-affettatrice-volano-b114-8.jpg","_links":{"self":[{"href":"https:\/\/dev6.erresse-shop.it\/es\/wp-json\/wp\/v2\/product\/1883543","targetHints":{"allow":["GET"]}}],"collection":[{"href":"https:\/\/dev6.erresse-shop.it\/es\/wp-json\/wp\/v2\/product"}],"about":[{"href":"https:\/\/dev6.erresse-shop.it\/es\/wp-json\/wp\/v2\/types\/product"}],"wp:featuredmedia":[{"embeddable":true,"href":"https:\/\/dev6.erresse-shop.it\/es\/wp-json\/wp\/v2\/media\/6375404"}],"wp:attachment":[{"href":"https:\/\/dev6.erresse-shop.it\/es\/wp-json\/wp\/v2\/media?parent=1883543"}],"wp:term":[{"taxonomy":"product_cat","embeddable":true,"href":"https:\/\/dev6.erresse-shop.it\/es\/wp-json\/wp\/v2\/product_cat?post=1883543"},{"taxonomy":"product_tag","embeddable":true,"href":"https:\/\/dev6.erresse-shop.it\/es\/wp-json\/wp\/v2\/product_tag?post=1883543"}],"curies":[{"name":"wp","href":"https:\/\/api.w.org\/{rel}","templated":true}]}}