{"id":1883539,"date":"2026-04-12T13:00:11","date_gmt":"2026-04-12T11:00:11","guid":{"rendered":"https:\/\/dev6.erresse-shop.it\/shop\/sin%20categor\u00eda\/berkel-corta-volantes-domestico-b3-rojo\/"},"modified":"2025-09-14T10:15:57","modified_gmt":"2025-09-14T08:15:57","slug":"berkel-corta-volantes-domestico-b3-rojo","status":"publish","type":"product","link":"https:\/\/dev6.erresse-shop.it\/es\/shop\/pequenos-electrodomesticos\/cortadoras\/berkel-corta-volantes-domestico-b3-rojo\/","title":{"rendered":"BERKEL Corta Volantes Dom\u00e9stico B3 Rojo"},"content":{"rendered":"<p>GRAN CAPACIDAD DE CORTE CON UN DISE\u00d1O ELEGANTE<\/p>\n<p>Cortafiambres dom\u00e9stico con gran capacidad de corte y est\u00e9tica de inspiraci\u00f3n vintage, que garantiza un corte perfecto en un dise\u00f1o de \u00e9poca con un acabado de alta gama.<\/p>\n<p>RENDIMIENTO<\/p>\n<p>Pies de goma ajustables en diferentes configuraciones<br \/>\nCuchilla de 300mm en acero cromado 100cr6 con perfil profesional: reduce el desperdicio y garantiza cortes uniformes<br \/>\nSistema de alimentaci\u00f3n r\u00e1pida y pomo de ajuste milim\u00e9trico de la placa para un perfecto posicionamiento del producto<br \/>\nAfilador extra\u00edble suministrado con sistema de afilado de movimiento independiente para una m\u00e1xima precisi\u00f3n<br \/>\nPomo de ajuste del grosor de las lonchas entre 0 mm y 1,5 mm<br \/>\nEspesor m\u00ednimo de la \u00faltima rebanada para minimizar el desperdicio de producto<br \/>\nProtector de acero con f\u00e1cil enganche para facilitar el desprendimiento de la rodaja<br \/>\nTAG NFC incrustado en la fundici\u00f3n de la caja como garant\u00eda de originalidad<\/p>\n<p>LIMPIEZA E HIGIENE<\/p>\n<p>Placa con sistema de liberaci\u00f3n para una m\u00e1xima limpieza<br \/>\nAmplio espacio para la limpieza y recept\u00e1culo trasero para desechos<br \/>\nSistema de extracci\u00f3n r\u00e1pida de la placa frontal para facilitar la limpieza<br \/>\nGuantes de tecnopol\u00edmero extra\u00edbles y aptos para el lavavajillas<\/p>\n<p>SEGURIDAD<\/p>\n<p>Anillo de protecci\u00f3n de la hoja de acero total con sistema de liberaci\u00f3n manual para una m\u00e1xima seguridad<br \/>\nAnillo de protecci\u00f3n de la cuchilla trasera fijo para mayor seguridad<br \/>\nControles ergon\u00f3micos para facilitar el agarre y minimizar el esfuerzo del operador<\/p>\n<p>ESPECIFICACIONES T\u00c9CNICAS<\/p>\n<p>Peso 46 kg<br \/>\nAltura [B] 700 mm<br \/>\nProfundidad [C] 805 mm<br \/>\nAnchura [A] 670 mm<br \/>\nDi\u00e1metro de la cuchilla 300 mm<br \/>\nMaterial de la cuchilla de corte 100Cr6<br \/>\nEspesor de corte 0 \u2013 1,5 mm<br \/>\nCapacidad de corte (circular) 210 mm<br \/>\nCapacidad de corte (rectangular) 270\u00d7210 mm<br \/>\nDetalles: Mecanismo de tornillo para el movimiento de la protecci\u00f3n de la hoja; decoraci\u00f3n de berkel pintada y firma<br \/>\nPiezas desmontables: protector de la cuchilla; guantera; placa superpuesta<br \/>\nAfilador: incluido, dos movimientos<\/p>\n<p>No se vende fuera de Europa<\/p>\n","protected":false},"excerpt":{"rendered":"<p>GRAN CAPACIDAD DE CORTE CON UN DISE\u00d1O ELEGANTE Cortafiambres dom\u00e9stico con gran capacidad de corte y est\u00e9tica de inspiraci\u00f3n vintage, que garantiza un corte perfecto en un dise\u00f1o de \u00e9poca con un acabado de alta gama. RENDIMIENTO Pies de goma ajustables en diferentes configuraciones Cuchilla de 300mm en acero cromado 100cr6 con perfil profesional: reduce [&hellip;]<\/p>\n","protected":false},"featured_media":6375330,"template":"","meta":{"_acf_changed":false},"product_cat":[11965,11947],"product_tag":[],"class_list":{"0":"post-1883539","1":"product","2":"type-product","3":"status-publish","4":"has-post-thumbnail","6":"product_cat-cortadoras","7":"product_cat-pequenos-electrodomesticos","9":"first","10":"instock","11":"sale","12":"taxable","13":"shipping-taxable","14":"purchasable","15":"product-type-simple","swatches":"rey-swatches","show_selected":"","stretch_labels":"rey-swatches--stretch-labels"},"acf":[],"yoast_head":"<!-- This site is optimized with the Yoast SEO plugin v25.4 - https:\/\/yoast.com\/wordpress\/plugins\/seo\/ -->\n<title>BERKEL Corta Volantes Dom\u00e9stico B3 Rojo - dev6 Erresse<\/title>\n<meta name=\"description\" content=\"GRAN CAPACIDAD DE CORTE CON UN DISE\u00d1O ELEGANTE Cortafiambres dom\u00e9stico con gran capacidad de corte y est\u00e9tica de inspiraci\u00f3n vintage, que garantiza un\" \/>\n<meta name=\"robots\" content=\"noindex, follow, max-snippet:-1, max-image-preview:large, max-video-preview:-1\" \/>\n<meta property=\"og:locale\" content=\"es_ES\" \/>\n<meta property=\"og:type\" content=\"article\" \/>\n<meta property=\"og:title\" content=\"BERKEL Corta Volantes Dom\u00e9stico B3 Rojo - dev6 Erresse\" \/>\n<meta property=\"og:description\" content=\"GRAN CAPACIDAD DE CORTE CON UN DISE\u00d1O ELEGANTE Cortafiambres dom\u00e9stico con gran capacidad de corte y est\u00e9tica de inspiraci\u00f3n vintage, que garantiza un\" \/>\n<meta property=\"og:url\" content=\"https:\/\/dev6.erresse-shop.it\/es\/shop\/pequenos-electrodomesticos\/cortadoras\/berkel-corta-volantes-domestico-b3-rojo\/\" \/>\n<meta property=\"og:site_name\" content=\"dev6 Erresse\" \/>\n<meta property=\"og:image\" content=\"https:\/\/interpim.erresse-shop.it\/Import\/Prodotti\/berkel-affettatrice-volano-b3-rosso-1.jpg\" \/><meta property=\"og:image\" content=\"https:\/\/interpim.erresse-shop.it\/Import\/Prodotti\/berkel-affettatrice-volano-b3-rosso-1.jpg\" \/>\n\t<meta property=\"og:image:width\" content=\"1024\" \/>\n\t<meta property=\"og:image:height\" content=\"1024\" \/>\n\t<meta property=\"og:image:type\" content=\"image\/jpeg\" \/>\n<meta name=\"twitter:card\" content=\"summary_large_image\" \/>\n<meta name=\"twitter:image\" content=\"https:\/\/interpim.erresse-shop.it\/Import\/Prodotti\/berkel-affettatrice-volano-b3-rosso-1.jpg\" \/>\n<script type=\"application\/ld+json\" class=\"yoast-schema-graph\">{\"@context\":\"https:\/\/schema.org\",\"@graph\":[{\"@type\":\"WebPage\",\"@id\":\"https:\/\/dev6.erresse-shop.it\/es\/shop\/pequenos-electrodomesticos\/cortadoras\/berkel-corta-volantes-domestico-b3-rojo\/\",\"url\":\"https:\/\/dev6.erresse-shop.it\/es\/shop\/pequenos-electrodomesticos\/cortadoras\/berkel-corta-volantes-domestico-b3-rojo\/\",\"name\":\"BERKEL Corta Volantes Dom\u00e9stico B3 Rojo - dev6 Erresse\",\"isPartOf\":{\"@id\":\"https:\/\/dev6.erresse-shop.it\/#website\"},\"primaryImageOfPage\":{\"@id\":\"https:\/\/dev6.erresse-shop.it\/es\/shop\/pequenos-electrodomesticos\/cortadoras\/berkel-corta-volantes-domestico-b3-rojo\/#primaryimage\"},\"image\":{\"@id\":\"https:\/\/dev6.erresse-shop.it\/es\/shop\/pequenos-electrodomesticos\/cortadoras\/berkel-corta-volantes-domestico-b3-rojo\/#primaryimage\"},\"thumbnailUrl\":\"https:\/\/i3.wp.com\/interpim.erresse-shop.it\/Import\/Prodotti\/berkel-affettatrice-volano-b3-rosso-1.jpg?ssl=1\",\"datePublished\":\"2026-04-12T11:00:11+00:00\",\"description\":\"GRAN CAPACIDAD DE CORTE CON UN DISE\u00d1O ELEGANTE Cortafiambres dom\u00e9stico con gran capacidad de corte y est\u00e9tica de inspiraci\u00f3n vintage, que garantiza un\",\"breadcrumb\":{\"@id\":\"https:\/\/dev6.erresse-shop.it\/es\/shop\/pequenos-electrodomesticos\/cortadoras\/berkel-corta-volantes-domestico-b3-rojo\/#breadcrumb\"},\"inLanguage\":\"es\",\"potentialAction\":[{\"@type\":\"ReadAction\",\"target\":[\"https:\/\/dev6.erresse-shop.it\/es\/shop\/pequenos-electrodomesticos\/cortadoras\/berkel-corta-volantes-domestico-b3-rojo\/\"]}]},{\"@type\":\"ImageObject\",\"inLanguage\":\"es\",\"@id\":\"https:\/\/dev6.erresse-shop.it\/es\/shop\/pequenos-electrodomesticos\/cortadoras\/berkel-corta-volantes-domestico-b3-rojo\/#primaryimage\",\"url\":\"https:\/\/i3.wp.com\/interpim.erresse-shop.it\/Import\/Prodotti\/berkel-affettatrice-volano-b3-rosso-1.jpg?ssl=1\",\"contentUrl\":\"https:\/\/i3.wp.com\/interpim.erresse-shop.it\/Import\/Prodotti\/berkel-affettatrice-volano-b3-rosso-1.jpg?ssl=1\"},{\"@type\":\"BreadcrumbList\",\"@id\":\"https:\/\/dev6.erresse-shop.it\/es\/shop\/pequenos-electrodomesticos\/cortadoras\/berkel-corta-volantes-domestico-b3-rojo\/#breadcrumb\",\"itemListElement\":[{\"@type\":\"ListItem\",\"position\":1,\"name\":\"Home\",\"item\":\"https:\/\/dev6.erresse-shop.it\/\"},{\"@type\":\"ListItem\",\"position\":2,\"name\":\"Tienda\",\"item\":\"https:\/\/dev6.erresse-shop.it\/shop\/\"},{\"@type\":\"ListItem\",\"position\":3,\"name\":\"BERKEL Corta Volantes Dom\u00e9stico B3 Rojo\"}]},{\"@type\":\"WebSite\",\"@id\":\"https:\/\/dev6.erresse-shop.it\/#website\",\"url\":\"https:\/\/dev6.erresse-shop.it\/\",\"name\":\"Erresse Shop\",\"description\":\"\",\"publisher\":{\"@id\":\"https:\/\/dev6.erresse-shop.it\/#organization\"},\"potentialAction\":[{\"@type\":\"SearchAction\",\"target\":{\"@type\":\"EntryPoint\",\"urlTemplate\":\"https:\/\/dev6.erresse-shop.it\/?s={search_term_string}\"},\"query-input\":{\"@type\":\"PropertyValueSpecification\",\"valueRequired\":true,\"valueName\":\"search_term_string\"}}],\"inLanguage\":\"es\"},{\"@type\":\"Organization\",\"@id\":\"https:\/\/dev6.erresse-shop.it\/#organization\",\"name\":\"Erresse Shop\",\"url\":\"https:\/\/dev6.erresse-shop.it\/\",\"logo\":{\"@type\":\"ImageObject\",\"inLanguage\":\"es\",\"@id\":\"https:\/\/dev6.erresse-shop.it\/#\/schema\/logo\/image\/\",\"url\":\"https:\/\/dev6.erresse-shop.it\/wp-content\/uploads\/2025\/01\/LOGO-ERRESSE-CLASSICO.svg\",\"contentUrl\":\"https:\/\/dev6.erresse-shop.it\/wp-content\/uploads\/2025\/01\/LOGO-ERRESSE-CLASSICO.svg\",\"caption\":\"Erresse Shop\"},\"image\":{\"@id\":\"https:\/\/dev6.erresse-shop.it\/#\/schema\/logo\/image\/\"}}]}<\/script>\n<!-- \/ Yoast SEO plugin. -->","yoast_head_json":{"title":"BERKEL Corta Volantes Dom\u00e9stico B3 Rojo - dev6 Erresse","description":"GRAN CAPACIDAD DE CORTE CON UN DISE\u00d1O ELEGANTE Cortafiambres dom\u00e9stico con gran capacidad de corte y est\u00e9tica de inspiraci\u00f3n vintage, que garantiza un","robots":{"index":"noindex","follow":"follow","max-snippet":"max-snippet:-1","max-image-preview":"max-image-preview:large","max-video-preview":"max-video-preview:-1"},"og_locale":"es_ES","og_type":"article","og_title":"BERKEL Corta Volantes Dom\u00e9stico B3 Rojo - dev6 Erresse","og_description":"GRAN CAPACIDAD DE CORTE CON UN DISE\u00d1O ELEGANTE Cortafiambres dom\u00e9stico con gran capacidad de corte y est\u00e9tica de inspiraci\u00f3n vintage, que garantiza un","og_url":"https:\/\/dev6.erresse-shop.it\/es\/shop\/pequenos-electrodomesticos\/cortadoras\/berkel-corta-volantes-domestico-b3-rojo\/","og_site_name":"dev6 Erresse","og_image":[{"url":"https:\/\/interpim.erresse-shop.it\/Import\/Prodotti\/berkel-affettatrice-volano-b3-rosso-1.jpg","type":"","width":"","height":""},{"url":"https:\/\/interpim.erresse-shop.it\/Import\/Prodotti\/berkel-affettatrice-volano-b3-rosso-1.jpg","width":1024,"height":1024,"type":"image\/jpeg"}],"twitter_card":"summary_large_image","twitter_image":"https:\/\/interpim.erresse-shop.it\/Import\/Prodotti\/berkel-affettatrice-volano-b3-rosso-1.jpg","schema":{"@context":"https:\/\/schema.org","@graph":[{"@type":"WebPage","@id":"https:\/\/dev6.erresse-shop.it\/es\/shop\/pequenos-electrodomesticos\/cortadoras\/berkel-corta-volantes-domestico-b3-rojo\/","url":"https:\/\/dev6.erresse-shop.it\/es\/shop\/pequenos-electrodomesticos\/cortadoras\/berkel-corta-volantes-domestico-b3-rojo\/","name":"BERKEL Corta Volantes Dom\u00e9stico B3 Rojo - dev6 Erresse","isPartOf":{"@id":"https:\/\/dev6.erresse-shop.it\/#website"},"primaryImageOfPage":{"@id":"https:\/\/dev6.erresse-shop.it\/es\/shop\/pequenos-electrodomesticos\/cortadoras\/berkel-corta-volantes-domestico-b3-rojo\/#primaryimage"},"image":{"@id":"https:\/\/dev6.erresse-shop.it\/es\/shop\/pequenos-electrodomesticos\/cortadoras\/berkel-corta-volantes-domestico-b3-rojo\/#primaryimage"},"thumbnailUrl":"https:\/\/i3.wp.com\/interpim.erresse-shop.it\/Import\/Prodotti\/berkel-affettatrice-volano-b3-rosso-1.jpg?ssl=1","datePublished":"2026-04-12T11:00:11+00:00","description":"GRAN CAPACIDAD DE CORTE CON UN DISE\u00d1O ELEGANTE Cortafiambres dom\u00e9stico con gran capacidad de corte y est\u00e9tica de inspiraci\u00f3n vintage, que garantiza un","breadcrumb":{"@id":"https:\/\/dev6.erresse-shop.it\/es\/shop\/pequenos-electrodomesticos\/cortadoras\/berkel-corta-volantes-domestico-b3-rojo\/#breadcrumb"},"inLanguage":"es","potentialAction":[{"@type":"ReadAction","target":["https:\/\/dev6.erresse-shop.it\/es\/shop\/pequenos-electrodomesticos\/cortadoras\/berkel-corta-volantes-domestico-b3-rojo\/"]}]},{"@type":"ImageObject","inLanguage":"es","@id":"https:\/\/dev6.erresse-shop.it\/es\/shop\/pequenos-electrodomesticos\/cortadoras\/berkel-corta-volantes-domestico-b3-rojo\/#primaryimage","url":"https:\/\/i3.wp.com\/interpim.erresse-shop.it\/Import\/Prodotti\/berkel-affettatrice-volano-b3-rosso-1.jpg?ssl=1","contentUrl":"https:\/\/i3.wp.com\/interpim.erresse-shop.it\/Import\/Prodotti\/berkel-affettatrice-volano-b3-rosso-1.jpg?ssl=1"},{"@type":"BreadcrumbList","@id":"https:\/\/dev6.erresse-shop.it\/es\/shop\/pequenos-electrodomesticos\/cortadoras\/berkel-corta-volantes-domestico-b3-rojo\/#breadcrumb","itemListElement":[{"@type":"ListItem","position":1,"name":"Home","item":"https:\/\/dev6.erresse-shop.it\/"},{"@type":"ListItem","position":2,"name":"Tienda","item":"https:\/\/dev6.erresse-shop.it\/shop\/"},{"@type":"ListItem","position":3,"name":"BERKEL Corta Volantes Dom\u00e9stico B3 Rojo"}]},{"@type":"WebSite","@id":"https:\/\/dev6.erresse-shop.it\/#website","url":"https:\/\/dev6.erresse-shop.it\/","name":"Erresse Shop","description":"","publisher":{"@id":"https:\/\/dev6.erresse-shop.it\/#organization"},"potentialAction":[{"@type":"SearchAction","target":{"@type":"EntryPoint","urlTemplate":"https:\/\/dev6.erresse-shop.it\/?s={search_term_string}"},"query-input":{"@type":"PropertyValueSpecification","valueRequired":true,"valueName":"search_term_string"}}],"inLanguage":"es"},{"@type":"Organization","@id":"https:\/\/dev6.erresse-shop.it\/#organization","name":"Erresse Shop","url":"https:\/\/dev6.erresse-shop.it\/","logo":{"@type":"ImageObject","inLanguage":"es","@id":"https:\/\/dev6.erresse-shop.it\/#\/schema\/logo\/image\/","url":"https:\/\/dev6.erresse-shop.it\/wp-content\/uploads\/2025\/01\/LOGO-ERRESSE-CLASSICO.svg","contentUrl":"https:\/\/dev6.erresse-shop.it\/wp-content\/uploads\/2025\/01\/LOGO-ERRESSE-CLASSICO.svg","caption":"Erresse Shop"},"image":{"@id":"https:\/\/dev6.erresse-shop.it\/#\/schema\/logo\/image\/"}}]}},"df_price":5999,"df_sale_price":5999,"df_regular_price":7749,"df_image_link":"https:\/\/i3.wp.com\/interpim.erresse-shop.it\/Import\/Prodotti\/berkel-affettatrice-volano-b3-rosso-1.jpg?resize=300,300&ssl=1","fifu_image_url":"https:\/\/interpim.erresse-shop.it\/Import\/Prodotti\/berkel-affettatrice-volano-b3-rosso-1.jpg","_links":{"self":[{"href":"https:\/\/dev6.erresse-shop.it\/es\/wp-json\/wp\/v2\/product\/1883539","targetHints":{"allow":["GET"]}}],"collection":[{"href":"https:\/\/dev6.erresse-shop.it\/es\/wp-json\/wp\/v2\/product"}],"about":[{"href":"https:\/\/dev6.erresse-shop.it\/es\/wp-json\/wp\/v2\/types\/product"}],"wp:featuredmedia":[{"embeddable":true,"href":"https:\/\/dev6.erresse-shop.it\/es\/wp-json\/wp\/v2\/media\/6375330"}],"wp:attachment":[{"href":"https:\/\/dev6.erresse-shop.it\/es\/wp-json\/wp\/v2\/media?parent=1883539"}],"wp:term":[{"taxonomy":"product_cat","embeddable":true,"href":"https:\/\/dev6.erresse-shop.it\/es\/wp-json\/wp\/v2\/product_cat?post=1883539"},{"taxonomy":"product_tag","embeddable":true,"href":"https:\/\/dev6.erresse-shop.it\/es\/wp-json\/wp\/v2\/product_tag?post=1883539"}],"curies":[{"name":"wp","href":"https:\/\/api.w.org\/{rel}","templated":true}]}}