{"id":1883521,"date":"2026-04-12T12:57:42","date_gmt":"2026-04-12T10:57:42","guid":{"rendered":"https:\/\/dev6.erresse-shop.it\/shop\/sin%20categor\u00eda\/berkel-juego-de-6-cuchillos-dentados-para-carne-adhoc-negro\/"},"modified":"2025-09-14T10:15:15","modified_gmt":"2025-09-14T08:15:15","slug":"berkel-juego-de-6-cuchillos-dentados-para-carne-adhoc-negro","status":"publish","type":"product","link":"https:\/\/dev6.erresse-shop.it\/es\/shop\/cocina\/cuchillos\/cuchillos-de-mesa\/berkel-juego-de-6-cuchillos-dentados-para-carne-adhoc-negro\/","title":{"rendered":"BERKEL Juego de 6 Cuchillos Dentados para Carne Adhoc Negro"},"content":{"rendered":"<p>JUEGO DE 6 CUCHILLOS DE MESA PARA PLATOS DE CARNE<\/p>\n<p>El cuchillo para carne es corto y manejable, con una hoja dentada que desliza el acero inoxidable sobre la carne dando un corte limpio y preciso gracias a su afilado. Este juego de cuchillos para carne est\u00e1 dise\u00f1ado para resistir la corrosi\u00f3n y el roce con la placa de cer\u00e1mica, por lo que es perfecto para el uso diario.<\/p>\n<p>Hoja de acero al cromo-molibdeno-vanadio de alta calidad 1.4116-X50 Cr Mo V15<br \/>\nHoja cortada con l\u00e1ser<br \/>\nEmpu\u00f1adura compuesta por asas de resina ensambladas con remaches de acero AISI 304 sin ranuras para evitar la acumulaci\u00f3n de residuos<br \/>\nNudo de acero para garantizar la m\u00e1xima adherencia entre la hoja y el mango y el perfecto equilibrio del cuchillo durante su uso<br \/>\nLogotipo de Berkel grabado en la hoja<\/p>\n<p>CARACTER\u00cdSTICAS<\/p>\n<p>Peso: 390 gr<br \/>\nTama\u00f1o de la hoja: 11 cm<br \/>\nLongitud total: 22 cm<br \/>\nMaterial de la hoja: Acero inoxidable 1.4116-X50 Cr Mo V15; Dureza despu\u00e9s del T.T: 53-54 HRC; Papel: Bueno; Remaches: Acero AISI 304<br \/>\nEmpu\u00f1adura: Empu\u00f1aduras de resina ensambladas con remaches<br \/>\nUso y mantenimiento: Recomendamos encarecidamente el lavado manual en agua caliente para garantizar la integridad y la durabilidad del producto. En cualquier caso, se aconseja secar el cuchillo despu\u00e9s de cada lavado. No utilice tejidos o esponjas abrasivas.<\/p>\n","protected":false},"excerpt":{"rendered":"<p>JUEGO DE 6 CUCHILLOS DE MESA PARA PLATOS DE CARNE El cuchillo para carne es corto y manejable, con una hoja dentada que desliza el acero inoxidable sobre la carne dando un corte limpio y preciso gracias a su afilado. Este juego de cuchillos para carne est\u00e1 dise\u00f1ado para resistir la corrosi\u00f3n y el roce [&hellip;]<\/p>\n","protected":false},"featured_media":6375069,"template":"","meta":{"_acf_changed":false},"product_cat":[11884,11886],"product_tag":[],"class_list":{"0":"post-1883521","1":"product","2":"type-product","3":"status-publish","4":"has-post-thumbnail","6":"product_cat-cocina","7":"product_cat-cuchillos-de-mesa","9":"first","10":"instock","11":"sale","12":"taxable","13":"shipping-taxable","14":"purchasable","15":"product-type-simple","swatches":"rey-swatches","show_selected":"","stretch_labels":"rey-swatches--stretch-labels"},"acf":[],"yoast_head":"<!-- This site is optimized with the Yoast SEO plugin v25.4 - https:\/\/yoast.com\/wordpress\/plugins\/seo\/ -->\n<title>BERKEL Juego de 6 Cuchillos Dentados para Carne Adhoc Negro - dev6 Erresse<\/title>\n<meta name=\"description\" content=\"JUEGO DE 6 CUCHILLOS DE MESA PARA PLATOS DE CARNE El cuchillo para carne es corto y manejable, con una hoja dentada que desliza el acero inoxidable sobre\" \/>\n<meta name=\"robots\" content=\"noindex, follow, max-snippet:-1, max-image-preview:large, max-video-preview:-1\" \/>\n<meta property=\"og:locale\" content=\"es_ES\" \/>\n<meta property=\"og:type\" content=\"article\" \/>\n<meta property=\"og:title\" content=\"BERKEL Juego de 6 Cuchillos Dentados para Carne Adhoc Negro - dev6 Erresse\" \/>\n<meta property=\"og:description\" content=\"JUEGO DE 6 CUCHILLOS DE MESA PARA PLATOS DE CARNE El cuchillo para carne es corto y manejable, con una hoja dentada que desliza el acero inoxidable sobre\" \/>\n<meta property=\"og:url\" content=\"https:\/\/dev6.erresse-shop.it\/es\/shop\/cocina\/cuchillos\/cuchillos-de-mesa\/berkel-juego-de-6-cuchillos-dentados-para-carne-adhoc-negro\/\" \/>\n<meta property=\"og:site_name\" content=\"dev6 Erresse\" \/>\n<meta property=\"og:image\" content=\"https:\/\/interpim.erresse-shop.it\/Import\/Prodotti\/berkel-set-6-coltelli-bistecca-seghettati-nero.jpg\" \/><meta property=\"og:image\" content=\"https:\/\/interpim.erresse-shop.it\/Import\/Prodotti\/berkel-set-6-coltelli-bistecca-seghettati-nero.jpg\" \/>\n\t<meta property=\"og:image:width\" content=\"1024\" \/>\n\t<meta property=\"og:image:height\" content=\"1024\" \/>\n\t<meta property=\"og:image:type\" content=\"image\/jpeg\" \/>\n<meta name=\"twitter:card\" content=\"summary_large_image\" \/>\n<meta name=\"twitter:image\" content=\"https:\/\/interpim.erresse-shop.it\/Import\/Prodotti\/berkel-set-6-coltelli-bistecca-seghettati-nero.jpg\" \/>\n<script type=\"application\/ld+json\" class=\"yoast-schema-graph\">{\"@context\":\"https:\/\/schema.org\",\"@graph\":[{\"@type\":\"WebPage\",\"@id\":\"https:\/\/dev6.erresse-shop.it\/es\/shop\/cocina\/cuchillos\/cuchillos-de-mesa\/berkel-juego-de-6-cuchillos-dentados-para-carne-adhoc-negro\/\",\"url\":\"https:\/\/dev6.erresse-shop.it\/es\/shop\/cocina\/cuchillos\/cuchillos-de-mesa\/berkel-juego-de-6-cuchillos-dentados-para-carne-adhoc-negro\/\",\"name\":\"BERKEL Juego de 6 Cuchillos Dentados para Carne Adhoc Negro - dev6 Erresse\",\"isPartOf\":{\"@id\":\"https:\/\/dev6.erresse-shop.it\/#website\"},\"primaryImageOfPage\":{\"@id\":\"https:\/\/dev6.erresse-shop.it\/es\/shop\/cocina\/cuchillos\/cuchillos-de-mesa\/berkel-juego-de-6-cuchillos-dentados-para-carne-adhoc-negro\/#primaryimage\"},\"image\":{\"@id\":\"https:\/\/dev6.erresse-shop.it\/es\/shop\/cocina\/cuchillos\/cuchillos-de-mesa\/berkel-juego-de-6-cuchillos-dentados-para-carne-adhoc-negro\/#primaryimage\"},\"thumbnailUrl\":\"https:\/\/i2.wp.com\/interpim.erresse-shop.it\/Import\/Prodotti\/berkel-set-6-coltelli-bistecca-seghettati-nero.jpg?ssl=1\",\"datePublished\":\"2026-04-12T10:57:42+00:00\",\"description\":\"JUEGO DE 6 CUCHILLOS DE MESA PARA PLATOS DE CARNE El cuchillo para carne es corto y manejable, con una hoja dentada que desliza el acero inoxidable sobre\",\"breadcrumb\":{\"@id\":\"https:\/\/dev6.erresse-shop.it\/es\/shop\/cocina\/cuchillos\/cuchillos-de-mesa\/berkel-juego-de-6-cuchillos-dentados-para-carne-adhoc-negro\/#breadcrumb\"},\"inLanguage\":\"es\",\"potentialAction\":[{\"@type\":\"ReadAction\",\"target\":[\"https:\/\/dev6.erresse-shop.it\/es\/shop\/cocina\/cuchillos\/cuchillos-de-mesa\/berkel-juego-de-6-cuchillos-dentados-para-carne-adhoc-negro\/\"]}]},{\"@type\":\"ImageObject\",\"inLanguage\":\"es\",\"@id\":\"https:\/\/dev6.erresse-shop.it\/es\/shop\/cocina\/cuchillos\/cuchillos-de-mesa\/berkel-juego-de-6-cuchillos-dentados-para-carne-adhoc-negro\/#primaryimage\",\"url\":\"https:\/\/i2.wp.com\/interpim.erresse-shop.it\/Import\/Prodotti\/berkel-set-6-coltelli-bistecca-seghettati-nero.jpg?ssl=1\",\"contentUrl\":\"https:\/\/i2.wp.com\/interpim.erresse-shop.it\/Import\/Prodotti\/berkel-set-6-coltelli-bistecca-seghettati-nero.jpg?ssl=1\"},{\"@type\":\"BreadcrumbList\",\"@id\":\"https:\/\/dev6.erresse-shop.it\/es\/shop\/cocina\/cuchillos\/cuchillos-de-mesa\/berkel-juego-de-6-cuchillos-dentados-para-carne-adhoc-negro\/#breadcrumb\",\"itemListElement\":[{\"@type\":\"ListItem\",\"position\":1,\"name\":\"Home\",\"item\":\"https:\/\/dev6.erresse-shop.it\/\"},{\"@type\":\"ListItem\",\"position\":2,\"name\":\"Tienda\",\"item\":\"https:\/\/dev6.erresse-shop.it\/shop\/\"},{\"@type\":\"ListItem\",\"position\":3,\"name\":\"BERKEL Juego de 6 Cuchillos Dentados para Carne Adhoc Negro\"}]},{\"@type\":\"WebSite\",\"@id\":\"https:\/\/dev6.erresse-shop.it\/#website\",\"url\":\"https:\/\/dev6.erresse-shop.it\/\",\"name\":\"Erresse Shop\",\"description\":\"\",\"publisher\":{\"@id\":\"https:\/\/dev6.erresse-shop.it\/#organization\"},\"potentialAction\":[{\"@type\":\"SearchAction\",\"target\":{\"@type\":\"EntryPoint\",\"urlTemplate\":\"https:\/\/dev6.erresse-shop.it\/?s={search_term_string}\"},\"query-input\":{\"@type\":\"PropertyValueSpecification\",\"valueRequired\":true,\"valueName\":\"search_term_string\"}}],\"inLanguage\":\"es\"},{\"@type\":\"Organization\",\"@id\":\"https:\/\/dev6.erresse-shop.it\/#organization\",\"name\":\"Erresse Shop\",\"url\":\"https:\/\/dev6.erresse-shop.it\/\",\"logo\":{\"@type\":\"ImageObject\",\"inLanguage\":\"es\",\"@id\":\"https:\/\/dev6.erresse-shop.it\/#\/schema\/logo\/image\/\",\"url\":\"https:\/\/dev6.erresse-shop.it\/wp-content\/uploads\/2025\/01\/LOGO-ERRESSE-CLASSICO.svg\",\"contentUrl\":\"https:\/\/dev6.erresse-shop.it\/wp-content\/uploads\/2025\/01\/LOGO-ERRESSE-CLASSICO.svg\",\"caption\":\"Erresse Shop\"},\"image\":{\"@id\":\"https:\/\/dev6.erresse-shop.it\/#\/schema\/logo\/image\/\"}}]}<\/script>\n<!-- \/ Yoast SEO plugin. -->","yoast_head_json":{"title":"BERKEL Juego de 6 Cuchillos Dentados para Carne Adhoc Negro - dev6 Erresse","description":"JUEGO DE 6 CUCHILLOS DE MESA PARA PLATOS DE CARNE El cuchillo para carne es corto y manejable, con una hoja dentada que desliza el acero inoxidable sobre","robots":{"index":"noindex","follow":"follow","max-snippet":"max-snippet:-1","max-image-preview":"max-image-preview:large","max-video-preview":"max-video-preview:-1"},"og_locale":"es_ES","og_type":"article","og_title":"BERKEL Juego de 6 Cuchillos Dentados para Carne Adhoc Negro - dev6 Erresse","og_description":"JUEGO DE 6 CUCHILLOS DE MESA PARA PLATOS DE CARNE El cuchillo para carne es corto y manejable, con una hoja dentada que desliza el acero inoxidable sobre","og_url":"https:\/\/dev6.erresse-shop.it\/es\/shop\/cocina\/cuchillos\/cuchillos-de-mesa\/berkel-juego-de-6-cuchillos-dentados-para-carne-adhoc-negro\/","og_site_name":"dev6 Erresse","og_image":[{"url":"https:\/\/interpim.erresse-shop.it\/Import\/Prodotti\/berkel-set-6-coltelli-bistecca-seghettati-nero.jpg","type":"","width":"","height":""},{"url":"https:\/\/interpim.erresse-shop.it\/Import\/Prodotti\/berkel-set-6-coltelli-bistecca-seghettati-nero.jpg","width":1024,"height":1024,"type":"image\/jpeg"}],"twitter_card":"summary_large_image","twitter_image":"https:\/\/interpim.erresse-shop.it\/Import\/Prodotti\/berkel-set-6-coltelli-bistecca-seghettati-nero.jpg","schema":{"@context":"https:\/\/schema.org","@graph":[{"@type":"WebPage","@id":"https:\/\/dev6.erresse-shop.it\/es\/shop\/cocina\/cuchillos\/cuchillos-de-mesa\/berkel-juego-de-6-cuchillos-dentados-para-carne-adhoc-negro\/","url":"https:\/\/dev6.erresse-shop.it\/es\/shop\/cocina\/cuchillos\/cuchillos-de-mesa\/berkel-juego-de-6-cuchillos-dentados-para-carne-adhoc-negro\/","name":"BERKEL Juego de 6 Cuchillos Dentados para Carne Adhoc Negro - dev6 Erresse","isPartOf":{"@id":"https:\/\/dev6.erresse-shop.it\/#website"},"primaryImageOfPage":{"@id":"https:\/\/dev6.erresse-shop.it\/es\/shop\/cocina\/cuchillos\/cuchillos-de-mesa\/berkel-juego-de-6-cuchillos-dentados-para-carne-adhoc-negro\/#primaryimage"},"image":{"@id":"https:\/\/dev6.erresse-shop.it\/es\/shop\/cocina\/cuchillos\/cuchillos-de-mesa\/berkel-juego-de-6-cuchillos-dentados-para-carne-adhoc-negro\/#primaryimage"},"thumbnailUrl":"https:\/\/i2.wp.com\/interpim.erresse-shop.it\/Import\/Prodotti\/berkel-set-6-coltelli-bistecca-seghettati-nero.jpg?ssl=1","datePublished":"2026-04-12T10:57:42+00:00","description":"JUEGO DE 6 CUCHILLOS DE MESA PARA PLATOS DE CARNE El cuchillo para carne es corto y manejable, con una hoja dentada que desliza el acero inoxidable sobre","breadcrumb":{"@id":"https:\/\/dev6.erresse-shop.it\/es\/shop\/cocina\/cuchillos\/cuchillos-de-mesa\/berkel-juego-de-6-cuchillos-dentados-para-carne-adhoc-negro\/#breadcrumb"},"inLanguage":"es","potentialAction":[{"@type":"ReadAction","target":["https:\/\/dev6.erresse-shop.it\/es\/shop\/cocina\/cuchillos\/cuchillos-de-mesa\/berkel-juego-de-6-cuchillos-dentados-para-carne-adhoc-negro\/"]}]},{"@type":"ImageObject","inLanguage":"es","@id":"https:\/\/dev6.erresse-shop.it\/es\/shop\/cocina\/cuchillos\/cuchillos-de-mesa\/berkel-juego-de-6-cuchillos-dentados-para-carne-adhoc-negro\/#primaryimage","url":"https:\/\/i2.wp.com\/interpim.erresse-shop.it\/Import\/Prodotti\/berkel-set-6-coltelli-bistecca-seghettati-nero.jpg?ssl=1","contentUrl":"https:\/\/i2.wp.com\/interpim.erresse-shop.it\/Import\/Prodotti\/berkel-set-6-coltelli-bistecca-seghettati-nero.jpg?ssl=1"},{"@type":"BreadcrumbList","@id":"https:\/\/dev6.erresse-shop.it\/es\/shop\/cocina\/cuchillos\/cuchillos-de-mesa\/berkel-juego-de-6-cuchillos-dentados-para-carne-adhoc-negro\/#breadcrumb","itemListElement":[{"@type":"ListItem","position":1,"name":"Home","item":"https:\/\/dev6.erresse-shop.it\/"},{"@type":"ListItem","position":2,"name":"Tienda","item":"https:\/\/dev6.erresse-shop.it\/shop\/"},{"@type":"ListItem","position":3,"name":"BERKEL Juego de 6 Cuchillos Dentados para Carne Adhoc Negro"}]},{"@type":"WebSite","@id":"https:\/\/dev6.erresse-shop.it\/#website","url":"https:\/\/dev6.erresse-shop.it\/","name":"Erresse Shop","description":"","publisher":{"@id":"https:\/\/dev6.erresse-shop.it\/#organization"},"potentialAction":[{"@type":"SearchAction","target":{"@type":"EntryPoint","urlTemplate":"https:\/\/dev6.erresse-shop.it\/?s={search_term_string}"},"query-input":{"@type":"PropertyValueSpecification","valueRequired":true,"valueName":"search_term_string"}}],"inLanguage":"es"},{"@type":"Organization","@id":"https:\/\/dev6.erresse-shop.it\/#organization","name":"Erresse Shop","url":"https:\/\/dev6.erresse-shop.it\/","logo":{"@type":"ImageObject","inLanguage":"es","@id":"https:\/\/dev6.erresse-shop.it\/#\/schema\/logo\/image\/","url":"https:\/\/dev6.erresse-shop.it\/wp-content\/uploads\/2025\/01\/LOGO-ERRESSE-CLASSICO.svg","contentUrl":"https:\/\/dev6.erresse-shop.it\/wp-content\/uploads\/2025\/01\/LOGO-ERRESSE-CLASSICO.svg","caption":"Erresse Shop"},"image":{"@id":"https:\/\/dev6.erresse-shop.it\/#\/schema\/logo\/image\/"}}]}},"df_price":92,"df_sale_price":92,"df_regular_price":130,"df_image_link":"https:\/\/i2.wp.com\/interpim.erresse-shop.it\/Import\/Prodotti\/berkel-set-6-coltelli-bistecca-seghettati-nero.jpg?resize=300,300&ssl=1","fifu_image_url":"https:\/\/interpim.erresse-shop.it\/Import\/Prodotti\/berkel-set-6-coltelli-bistecca-seghettati-nero.jpg","_links":{"self":[{"href":"https:\/\/dev6.erresse-shop.it\/es\/wp-json\/wp\/v2\/product\/1883521","targetHints":{"allow":["GET"]}}],"collection":[{"href":"https:\/\/dev6.erresse-shop.it\/es\/wp-json\/wp\/v2\/product"}],"about":[{"href":"https:\/\/dev6.erresse-shop.it\/es\/wp-json\/wp\/v2\/types\/product"}],"wp:featuredmedia":[{"embeddable":true,"href":"https:\/\/dev6.erresse-shop.it\/es\/wp-json\/wp\/v2\/media\/6375069"}],"wp:attachment":[{"href":"https:\/\/dev6.erresse-shop.it\/es\/wp-json\/wp\/v2\/media?parent=1883521"}],"wp:term":[{"taxonomy":"product_cat","embeddable":true,"href":"https:\/\/dev6.erresse-shop.it\/es\/wp-json\/wp\/v2\/product_cat?post=1883521"},{"taxonomy":"product_tag","embeddable":true,"href":"https:\/\/dev6.erresse-shop.it\/es\/wp-json\/wp\/v2\/product_tag?post=1883521"}],"curies":[{"name":"wp","href":"https:\/\/api.w.org\/{rel}","templated":true}]}}