{"id":1883449,"date":"2026-04-12T12:52:51","date_gmt":"2026-04-12T10:52:51","guid":{"rendered":"https:\/\/dev6.erresse-shop.it\/shop\/sin%20categor\u00eda\/alessi-edo-ollas-y-sartenes-set-de-7-piezas\/"},"modified":"2025-07-05T01:12:58","modified_gmt":"2025-07-04T23:12:58","slug":"alessi-edo-ollas-y-sartenes-set-de-7-piezas","status":"publish","type":"product","link":"https:\/\/dev6.erresse-shop.it\/es\/shop\/sartenes-y-ollas\/juegos-de-ollas\/alessi-edo-ollas-y-sartenes-set-de-7-piezas\/","title":{"rendered":"ALESSI Edo Ollas y sartenes Set de 7 piezas"},"content":{"rendered":"<p>La colecci\u00f3n Edo de ollas y sartenes de Alessi fue dise\u00f1ada por Patricia Urquiola y debe su nombre a la palabra latina \u00abedere\u00bb (comer). Edo es tambi\u00e9n el antiguo nombre de la ciudad de Tokio. Las tradiciones italianas y las influencias japonesas se unen en esta colecci\u00f3n caracterizada por l\u00edneas sencillas y elegantes. El origen vasco del dise\u00f1ador se aprecia en las tapas con forma vasca. Todas las ollas de la colecci\u00f3n se caracterizan por sus asas curvadas de color marr\u00f3n que recuerdan a cintas de tela. Con Edo tendr\u00e1 la libertad de experimentar con diferentes recetas gracias a una colecci\u00f3n funcional y armoniosa.<br \/>\nApta para todas las fuentes de calor, incluida la inducci\u00f3n.<\/p>\n<p>El Set se compone de:<br \/>\nCacerola 24 cm, 8,5 L<br \/>\nCacerola con asas 20 cm, 2,8 L<br \/>\nCacerola baja con asas 24 cm, 3,25 L<br \/>\nCacerola con asas largas 16 cm, 1,3 L<br \/>\nTapas de 16 cm, 20 cm y 24 cm<\/p>\n<p>Apto para lavavajillas<\/p>\n","protected":false},"excerpt":{"rendered":"<p>La colecci\u00f3n Edo de ollas y sartenes de Alessi fue dise\u00f1ada por Patricia Urquiola y debe su nombre a la palabra latina \u00abedere\u00bb (comer). Edo es tambi\u00e9n el antiguo nombre de la ciudad de Tokio. Las tradiciones italianas y las influencias japonesas se unen en esta colecci\u00f3n caracterizada por l\u00edneas sencillas y elegantes. El origen [&hellip;]<\/p>\n","protected":false},"featured_media":6374777,"template":"","meta":{"_acf_changed":false},"product_cat":[11916,11883],"product_tag":[],"class_list":{"0":"post-1883449","1":"product","2":"type-product","3":"status-publish","4":"has-post-thumbnail","6":"product_cat-juegos-de-ollas","7":"product_cat-sartenes-y-ollas","9":"first","10":"instock","11":"sale","12":"taxable","13":"shipping-taxable","14":"purchasable","15":"product-type-simple","swatches":"rey-swatches","show_selected":"","stretch_labels":"rey-swatches--stretch-labels"},"acf":[],"yoast_head":"<!-- This site is optimized with the Yoast SEO plugin v25.4 - https:\/\/yoast.com\/wordpress\/plugins\/seo\/ -->\n<title>ALESSI Edo Ollas y sartenes Set de 7 piezas - dev6 Erresse<\/title>\n<meta name=\"description\" content=\"La colecci\u00f3n Edo de ollas y sartenes de Alessi fue dise\u00f1ada por Patricia Urquiola y debe su nombre a la palabra latina \u00abedere\u00bb (comer). Edo es tambi\u00e9n el\" \/>\n<meta name=\"robots\" content=\"noindex, follow, max-snippet:-1, max-image-preview:large, max-video-preview:-1\" \/>\n<meta property=\"og:locale\" content=\"es_ES\" \/>\n<meta property=\"og:type\" content=\"article\" \/>\n<meta property=\"og:title\" content=\"ALESSI Edo Ollas y sartenes Set de 7 piezas - dev6 Erresse\" \/>\n<meta property=\"og:description\" content=\"La colecci\u00f3n Edo de ollas y sartenes de Alessi fue dise\u00f1ada por Patricia Urquiola y debe su nombre a la palabra latina \u00abedere\u00bb (comer). Edo es tambi\u00e9n el\" \/>\n<meta property=\"og:url\" content=\"https:\/\/dev6.erresse-shop.it\/es\/shop\/sartenes-y-ollas\/juegos-de-ollas\/alessi-edo-ollas-y-sartenes-set-de-7-piezas\/\" \/>\n<meta property=\"og:site_name\" content=\"dev6 Erresse\" \/>\n<meta property=\"og:image\" content=\"https:\/\/interpim.erresse-shop.it\/Import\/Prodotti\/alessi-edo-pentole-e-padelle-set-7-pz.jpg\" \/><meta property=\"og:image\" content=\"https:\/\/interpim.erresse-shop.it\/Import\/Prodotti\/alessi-edo-pentole-e-padelle-set-7-pz.jpg\" \/>\n\t<meta property=\"og:image:width\" content=\"1024\" \/>\n\t<meta property=\"og:image:height\" content=\"1024\" \/>\n\t<meta property=\"og:image:type\" content=\"image\/jpeg\" \/>\n<meta name=\"twitter:card\" content=\"summary_large_image\" \/>\n<meta name=\"twitter:image\" content=\"https:\/\/interpim.erresse-shop.it\/Import\/Prodotti\/alessi-edo-pentole-e-padelle-set-7-pz.jpg\" \/>\n<script type=\"application\/ld+json\" class=\"yoast-schema-graph\">{\"@context\":\"https:\/\/schema.org\",\"@graph\":[{\"@type\":\"WebPage\",\"@id\":\"https:\/\/dev6.erresse-shop.it\/es\/shop\/sartenes-y-ollas\/juegos-de-ollas\/alessi-edo-ollas-y-sartenes-set-de-7-piezas\/\",\"url\":\"https:\/\/dev6.erresse-shop.it\/es\/shop\/sartenes-y-ollas\/juegos-de-ollas\/alessi-edo-ollas-y-sartenes-set-de-7-piezas\/\",\"name\":\"ALESSI Edo Ollas y sartenes Set de 7 piezas - dev6 Erresse\",\"isPartOf\":{\"@id\":\"https:\/\/dev6.erresse-shop.it\/#website\"},\"primaryImageOfPage\":{\"@id\":\"https:\/\/dev6.erresse-shop.it\/es\/shop\/sartenes-y-ollas\/juegos-de-ollas\/alessi-edo-ollas-y-sartenes-set-de-7-piezas\/#primaryimage\"},\"image\":{\"@id\":\"https:\/\/dev6.erresse-shop.it\/es\/shop\/sartenes-y-ollas\/juegos-de-ollas\/alessi-edo-ollas-y-sartenes-set-de-7-piezas\/#primaryimage\"},\"thumbnailUrl\":\"https:\/\/i0.wp.com\/interpim.erresse-shop.it\/Import\/Prodotti\/alessi-edo-pentole-e-padelle-set-7-pz.jpg?ssl=1\",\"datePublished\":\"2026-04-12T10:52:51+00:00\",\"description\":\"La colecci\u00f3n Edo de ollas y sartenes de Alessi fue dise\u00f1ada por Patricia Urquiola y debe su nombre a la palabra latina \u00abedere\u00bb (comer). Edo es tambi\u00e9n el\",\"breadcrumb\":{\"@id\":\"https:\/\/dev6.erresse-shop.it\/es\/shop\/sartenes-y-ollas\/juegos-de-ollas\/alessi-edo-ollas-y-sartenes-set-de-7-piezas\/#breadcrumb\"},\"inLanguage\":\"es\",\"potentialAction\":[{\"@type\":\"ReadAction\",\"target\":[\"https:\/\/dev6.erresse-shop.it\/es\/shop\/sartenes-y-ollas\/juegos-de-ollas\/alessi-edo-ollas-y-sartenes-set-de-7-piezas\/\"]}]},{\"@type\":\"ImageObject\",\"inLanguage\":\"es\",\"@id\":\"https:\/\/dev6.erresse-shop.it\/es\/shop\/sartenes-y-ollas\/juegos-de-ollas\/alessi-edo-ollas-y-sartenes-set-de-7-piezas\/#primaryimage\",\"url\":\"https:\/\/i0.wp.com\/interpim.erresse-shop.it\/Import\/Prodotti\/alessi-edo-pentole-e-padelle-set-7-pz.jpg?ssl=1\",\"contentUrl\":\"https:\/\/i0.wp.com\/interpim.erresse-shop.it\/Import\/Prodotti\/alessi-edo-pentole-e-padelle-set-7-pz.jpg?ssl=1\"},{\"@type\":\"BreadcrumbList\",\"@id\":\"https:\/\/dev6.erresse-shop.it\/es\/shop\/sartenes-y-ollas\/juegos-de-ollas\/alessi-edo-ollas-y-sartenes-set-de-7-piezas\/#breadcrumb\",\"itemListElement\":[{\"@type\":\"ListItem\",\"position\":1,\"name\":\"Home\",\"item\":\"https:\/\/dev6.erresse-shop.it\/\"},{\"@type\":\"ListItem\",\"position\":2,\"name\":\"Tienda\",\"item\":\"https:\/\/dev6.erresse-shop.it\/shop\/\"},{\"@type\":\"ListItem\",\"position\":3,\"name\":\"ALESSI Edo Ollas y sartenes Set de 7 piezas\"}]},{\"@type\":\"WebSite\",\"@id\":\"https:\/\/dev6.erresse-shop.it\/#website\",\"url\":\"https:\/\/dev6.erresse-shop.it\/\",\"name\":\"Erresse Shop\",\"description\":\"\",\"publisher\":{\"@id\":\"https:\/\/dev6.erresse-shop.it\/#organization\"},\"potentialAction\":[{\"@type\":\"SearchAction\",\"target\":{\"@type\":\"EntryPoint\",\"urlTemplate\":\"https:\/\/dev6.erresse-shop.it\/?s={search_term_string}\"},\"query-input\":{\"@type\":\"PropertyValueSpecification\",\"valueRequired\":true,\"valueName\":\"search_term_string\"}}],\"inLanguage\":\"es\"},{\"@type\":\"Organization\",\"@id\":\"https:\/\/dev6.erresse-shop.it\/#organization\",\"name\":\"Erresse Shop\",\"url\":\"https:\/\/dev6.erresse-shop.it\/\",\"logo\":{\"@type\":\"ImageObject\",\"inLanguage\":\"es\",\"@id\":\"https:\/\/dev6.erresse-shop.it\/#\/schema\/logo\/image\/\",\"url\":\"https:\/\/dev6.erresse-shop.it\/wp-content\/uploads\/2025\/01\/LOGO-ERRESSE-CLASSICO.svg\",\"contentUrl\":\"https:\/\/dev6.erresse-shop.it\/wp-content\/uploads\/2025\/01\/LOGO-ERRESSE-CLASSICO.svg\",\"caption\":\"Erresse Shop\"},\"image\":{\"@id\":\"https:\/\/dev6.erresse-shop.it\/#\/schema\/logo\/image\/\"}}]}<\/script>\n<!-- \/ Yoast SEO plugin. -->","yoast_head_json":{"title":"ALESSI Edo Ollas y sartenes Set de 7 piezas - dev6 Erresse","description":"La colecci\u00f3n Edo de ollas y sartenes de Alessi fue dise\u00f1ada por Patricia Urquiola y debe su nombre a la palabra latina \u00abedere\u00bb (comer). Edo es tambi\u00e9n el","robots":{"index":"noindex","follow":"follow","max-snippet":"max-snippet:-1","max-image-preview":"max-image-preview:large","max-video-preview":"max-video-preview:-1"},"og_locale":"es_ES","og_type":"article","og_title":"ALESSI Edo Ollas y sartenes Set de 7 piezas - dev6 Erresse","og_description":"La colecci\u00f3n Edo de ollas y sartenes de Alessi fue dise\u00f1ada por Patricia Urquiola y debe su nombre a la palabra latina \u00abedere\u00bb (comer). Edo es tambi\u00e9n el","og_url":"https:\/\/dev6.erresse-shop.it\/es\/shop\/sartenes-y-ollas\/juegos-de-ollas\/alessi-edo-ollas-y-sartenes-set-de-7-piezas\/","og_site_name":"dev6 Erresse","og_image":[{"url":"https:\/\/interpim.erresse-shop.it\/Import\/Prodotti\/alessi-edo-pentole-e-padelle-set-7-pz.jpg","type":"","width":"","height":""},{"url":"https:\/\/interpim.erresse-shop.it\/Import\/Prodotti\/alessi-edo-pentole-e-padelle-set-7-pz.jpg","width":1024,"height":1024,"type":"image\/jpeg"}],"twitter_card":"summary_large_image","twitter_image":"https:\/\/interpim.erresse-shop.it\/Import\/Prodotti\/alessi-edo-pentole-e-padelle-set-7-pz.jpg","schema":{"@context":"https:\/\/schema.org","@graph":[{"@type":"WebPage","@id":"https:\/\/dev6.erresse-shop.it\/es\/shop\/sartenes-y-ollas\/juegos-de-ollas\/alessi-edo-ollas-y-sartenes-set-de-7-piezas\/","url":"https:\/\/dev6.erresse-shop.it\/es\/shop\/sartenes-y-ollas\/juegos-de-ollas\/alessi-edo-ollas-y-sartenes-set-de-7-piezas\/","name":"ALESSI Edo Ollas y sartenes Set de 7 piezas - dev6 Erresse","isPartOf":{"@id":"https:\/\/dev6.erresse-shop.it\/#website"},"primaryImageOfPage":{"@id":"https:\/\/dev6.erresse-shop.it\/es\/shop\/sartenes-y-ollas\/juegos-de-ollas\/alessi-edo-ollas-y-sartenes-set-de-7-piezas\/#primaryimage"},"image":{"@id":"https:\/\/dev6.erresse-shop.it\/es\/shop\/sartenes-y-ollas\/juegos-de-ollas\/alessi-edo-ollas-y-sartenes-set-de-7-piezas\/#primaryimage"},"thumbnailUrl":"https:\/\/i0.wp.com\/interpim.erresse-shop.it\/Import\/Prodotti\/alessi-edo-pentole-e-padelle-set-7-pz.jpg?ssl=1","datePublished":"2026-04-12T10:52:51+00:00","description":"La colecci\u00f3n Edo de ollas y sartenes de Alessi fue dise\u00f1ada por Patricia Urquiola y debe su nombre a la palabra latina \u00abedere\u00bb (comer). Edo es tambi\u00e9n el","breadcrumb":{"@id":"https:\/\/dev6.erresse-shop.it\/es\/shop\/sartenes-y-ollas\/juegos-de-ollas\/alessi-edo-ollas-y-sartenes-set-de-7-piezas\/#breadcrumb"},"inLanguage":"es","potentialAction":[{"@type":"ReadAction","target":["https:\/\/dev6.erresse-shop.it\/es\/shop\/sartenes-y-ollas\/juegos-de-ollas\/alessi-edo-ollas-y-sartenes-set-de-7-piezas\/"]}]},{"@type":"ImageObject","inLanguage":"es","@id":"https:\/\/dev6.erresse-shop.it\/es\/shop\/sartenes-y-ollas\/juegos-de-ollas\/alessi-edo-ollas-y-sartenes-set-de-7-piezas\/#primaryimage","url":"https:\/\/i0.wp.com\/interpim.erresse-shop.it\/Import\/Prodotti\/alessi-edo-pentole-e-padelle-set-7-pz.jpg?ssl=1","contentUrl":"https:\/\/i0.wp.com\/interpim.erresse-shop.it\/Import\/Prodotti\/alessi-edo-pentole-e-padelle-set-7-pz.jpg?ssl=1"},{"@type":"BreadcrumbList","@id":"https:\/\/dev6.erresse-shop.it\/es\/shop\/sartenes-y-ollas\/juegos-de-ollas\/alessi-edo-ollas-y-sartenes-set-de-7-piezas\/#breadcrumb","itemListElement":[{"@type":"ListItem","position":1,"name":"Home","item":"https:\/\/dev6.erresse-shop.it\/"},{"@type":"ListItem","position":2,"name":"Tienda","item":"https:\/\/dev6.erresse-shop.it\/shop\/"},{"@type":"ListItem","position":3,"name":"ALESSI Edo Ollas y sartenes Set de 7 piezas"}]},{"@type":"WebSite","@id":"https:\/\/dev6.erresse-shop.it\/#website","url":"https:\/\/dev6.erresse-shop.it\/","name":"Erresse Shop","description":"","publisher":{"@id":"https:\/\/dev6.erresse-shop.it\/#organization"},"potentialAction":[{"@type":"SearchAction","target":{"@type":"EntryPoint","urlTemplate":"https:\/\/dev6.erresse-shop.it\/?s={search_term_string}"},"query-input":{"@type":"PropertyValueSpecification","valueRequired":true,"valueName":"search_term_string"}}],"inLanguage":"es"},{"@type":"Organization","@id":"https:\/\/dev6.erresse-shop.it\/#organization","name":"Erresse Shop","url":"https:\/\/dev6.erresse-shop.it\/","logo":{"@type":"ImageObject","inLanguage":"es","@id":"https:\/\/dev6.erresse-shop.it\/#\/schema\/logo\/image\/","url":"https:\/\/dev6.erresse-shop.it\/wp-content\/uploads\/2025\/01\/LOGO-ERRESSE-CLASSICO.svg","contentUrl":"https:\/\/dev6.erresse-shop.it\/wp-content\/uploads\/2025\/01\/LOGO-ERRESSE-CLASSICO.svg","caption":"Erresse Shop"},"image":{"@id":"https:\/\/dev6.erresse-shop.it\/#\/schema\/logo\/image\/"}}]}},"df_price":355.5,"df_sale_price":355.5,"df_regular_price":395,"df_image_link":"https:\/\/i0.wp.com\/interpim.erresse-shop.it\/Import\/Prodotti\/alessi-edo-pentole-e-padelle-set-7-pz.jpg?resize=300,300&ssl=1","fifu_image_url":"https:\/\/interpim.erresse-shop.it\/Import\/Prodotti\/alessi-edo-pentole-e-padelle-set-7-pz.jpg","_links":{"self":[{"href":"https:\/\/dev6.erresse-shop.it\/es\/wp-json\/wp\/v2\/product\/1883449","targetHints":{"allow":["GET"]}}],"collection":[{"href":"https:\/\/dev6.erresse-shop.it\/es\/wp-json\/wp\/v2\/product"}],"about":[{"href":"https:\/\/dev6.erresse-shop.it\/es\/wp-json\/wp\/v2\/types\/product"}],"wp:featuredmedia":[{"embeddable":true,"href":"https:\/\/dev6.erresse-shop.it\/es\/wp-json\/wp\/v2\/media\/6374777"}],"wp:attachment":[{"href":"https:\/\/dev6.erresse-shop.it\/es\/wp-json\/wp\/v2\/media?parent=1883449"}],"wp:term":[{"taxonomy":"product_cat","embeddable":true,"href":"https:\/\/dev6.erresse-shop.it\/es\/wp-json\/wp\/v2\/product_cat?post=1883449"},{"taxonomy":"product_tag","embeddable":true,"href":"https:\/\/dev6.erresse-shop.it\/es\/wp-json\/wp\/v2\/product_tag?post=1883449"}],"curies":[{"name":"wp","href":"https:\/\/api.w.org\/{rel}","templated":true}]}}