{"id":1883399,"date":"2026-04-12T12:50:19","date_gmt":"2026-04-12T10:50:19","guid":{"rendered":"https:\/\/dev6.erresse-shop.it\/shop\/sin%20categor\u00eda\/alessi-pulcina-cafetera-de-induccion-rojo\/"},"modified":"2025-09-17T18:39:58","modified_gmt":"2025-09-17T16:39:58","slug":"alessi-pulcina-cafetera-de-induccion-rojo","status":"publish","type":"product","link":"https:\/\/dev6.erresse-shop.it\/es\/shop\/cocina\/cafeteras\/alessi-pulcina-cafetera-de-induccion-rojo\/","title":{"rendered":"ALESSI Pulcina Cafetera de inducci\u00f3n Rojo"},"content":{"rendered":"<p>Una moka revolucionaria que combina la tecnolog\u00eda desarrollada por illycaff\u00e8 y la experiencia en dise\u00f1o de Alessi. Dise\u00f1ada por Michele de Lucchi, Pulcina incorpora una peque\u00f1a pero sustancial innovaci\u00f3n de dise\u00f1o que interrumpe la erogaci\u00f3n de la bebida en el momento justo, antes de que el caf\u00e9 adquiera un regusto amargo. Esto realza el aroma redondo y con cuerpo de esta bebida. La boquilla, que recuerda el pico de un pollito (de ah\u00ed el nombre de la cafetera) permite cortar perfectamente la gota.<\/p>\n<p>Cafetera de aluminio fundido. Asa y pomo en PA, de color rojo. Base magn\u00e9tica de acero apta tambi\u00e9n para cocinas de inducci\u00f3n.<\/p>\n<p>Atenci\u00f3n: compruebe que su placa de inducci\u00f3n admite cocciones con un di\u00e1metro m\u00ednimo de 90 mm.<\/p>\n<p>Caracter\u00edsticas:<br \/>\n\u2013 Capacidad: 3 tazas<br \/>\n\u2013 Altura: 20 cm<br \/>\n\u2013 Anchura: 9,2 cm<\/p>\n","protected":false},"excerpt":{"rendered":"<p>Una moka revolucionaria que combina la tecnolog\u00eda desarrollada por illycaff\u00e8 y la experiencia en dise\u00f1o de Alessi. Dise\u00f1ada por Michele de Lucchi, Pulcina incorpora una peque\u00f1a pero sustancial innovaci\u00f3n de dise\u00f1o que interrumpe la erogaci\u00f3n de la bebida en el momento justo, antes de que el caf\u00e9 adquiera un regusto amargo. Esto realza el aroma [&hellip;]<\/p>\n","protected":false},"featured_media":6374593,"template":"","meta":{"_acf_changed":false},"product_cat":[11894,11884,11887],"product_tag":[],"class_list":{"0":"post-1883399","1":"product","2":"type-product","3":"status-publish","4":"has-post-thumbnail","6":"product_cat-cafeteras","7":"product_cat-cocina","8":"product_cat-tabla","10":"first","11":"instock","12":"sale","13":"taxable","14":"shipping-taxable","15":"purchasable","16":"product-type-simple","swatches":"rey-swatches","show_selected":"","stretch_labels":"rey-swatches--stretch-labels"},"acf":[],"yoast_head":"<!-- This site is optimized with the Yoast SEO plugin v25.4 - https:\/\/yoast.com\/wordpress\/plugins\/seo\/ -->\n<title>ALESSI Pulcina Cafetera de inducci\u00f3n Rojo - dev6 Erresse<\/title>\n<meta name=\"description\" content=\"Una moka revolucionaria que combina la tecnolog\u00eda desarrollada por illycaff\u00e8 y la experiencia en dise\u00f1o de Alessi. Dise\u00f1ada por Michele de Lucchi, Pulcina\" \/>\n<meta name=\"robots\" content=\"noindex, follow, max-snippet:-1, max-image-preview:large, max-video-preview:-1\" \/>\n<meta property=\"og:locale\" content=\"es_ES\" \/>\n<meta property=\"og:type\" content=\"article\" \/>\n<meta property=\"og:title\" content=\"ALESSI Pulcina Cafetera de inducci\u00f3n Rojo - dev6 Erresse\" \/>\n<meta property=\"og:description\" content=\"Una moka revolucionaria que combina la tecnolog\u00eda desarrollada por illycaff\u00e8 y la experiencia en dise\u00f1o de Alessi. Dise\u00f1ada por Michele de Lucchi, Pulcina\" \/>\n<meta property=\"og:url\" content=\"https:\/\/dev6.erresse-shop.it\/es\/shop\/cocina\/cafeteras\/alessi-pulcina-cafetera-de-induccion-rojo\/\" \/>\n<meta property=\"og:site_name\" content=\"dev6 Erresse\" \/>\n<meta property=\"og:image\" content=\"https:\/\/interpim.erresse-shop.it\/Import\/Prodotti\/alessi-pulcina-caffettiera-a-induzione-rosso-3-tazze.jpg\" \/><meta property=\"og:image\" content=\"https:\/\/interpim.erresse-shop.it\/Import\/Prodotti\/alessi-pulcina-caffettiera-a-induzione-rosso-3-tazze.jpg\" \/>\n\t<meta property=\"og:image:width\" content=\"1024\" \/>\n\t<meta property=\"og:image:height\" content=\"1024\" \/>\n\t<meta property=\"og:image:type\" content=\"image\/jpeg\" \/>\n<meta name=\"twitter:card\" content=\"summary_large_image\" \/>\n<meta name=\"twitter:image\" content=\"https:\/\/interpim.erresse-shop.it\/Import\/Prodotti\/alessi-pulcina-caffettiera-a-induzione-rosso-3-tazze.jpg\" \/>\n<script type=\"application\/ld+json\" class=\"yoast-schema-graph\">{\"@context\":\"https:\/\/schema.org\",\"@graph\":[{\"@type\":\"WebPage\",\"@id\":\"https:\/\/dev6.erresse-shop.it\/es\/shop\/cocina\/cafeteras\/alessi-pulcina-cafetera-de-induccion-rojo\/\",\"url\":\"https:\/\/dev6.erresse-shop.it\/es\/shop\/cocina\/cafeteras\/alessi-pulcina-cafetera-de-induccion-rojo\/\",\"name\":\"ALESSI Pulcina Cafetera de inducci\u00f3n Rojo - dev6 Erresse\",\"isPartOf\":{\"@id\":\"https:\/\/dev6.erresse-shop.it\/#website\"},\"primaryImageOfPage\":{\"@id\":\"https:\/\/dev6.erresse-shop.it\/es\/shop\/cocina\/cafeteras\/alessi-pulcina-cafetera-de-induccion-rojo\/#primaryimage\"},\"image\":{\"@id\":\"https:\/\/dev6.erresse-shop.it\/es\/shop\/cocina\/cafeteras\/alessi-pulcina-cafetera-de-induccion-rojo\/#primaryimage\"},\"thumbnailUrl\":\"https:\/\/i1.wp.com\/interpim.erresse-shop.it\/Import\/Prodotti\/alessi-pulcina-caffettiera-a-induzione-rosso-3-tazze.jpg?ssl=1\",\"datePublished\":\"2026-04-12T10:50:19+00:00\",\"description\":\"Una moka revolucionaria que combina la tecnolog\u00eda desarrollada por illycaff\u00e8 y la experiencia en dise\u00f1o de Alessi. Dise\u00f1ada por Michele de Lucchi, Pulcina\",\"breadcrumb\":{\"@id\":\"https:\/\/dev6.erresse-shop.it\/es\/shop\/cocina\/cafeteras\/alessi-pulcina-cafetera-de-induccion-rojo\/#breadcrumb\"},\"inLanguage\":\"es\",\"potentialAction\":[{\"@type\":\"ReadAction\",\"target\":[\"https:\/\/dev6.erresse-shop.it\/es\/shop\/cocina\/cafeteras\/alessi-pulcina-cafetera-de-induccion-rojo\/\"]}]},{\"@type\":\"ImageObject\",\"inLanguage\":\"es\",\"@id\":\"https:\/\/dev6.erresse-shop.it\/es\/shop\/cocina\/cafeteras\/alessi-pulcina-cafetera-de-induccion-rojo\/#primaryimage\",\"url\":\"https:\/\/i1.wp.com\/interpim.erresse-shop.it\/Import\/Prodotti\/alessi-pulcina-caffettiera-a-induzione-rosso-3-tazze.jpg?ssl=1\",\"contentUrl\":\"https:\/\/i1.wp.com\/interpim.erresse-shop.it\/Import\/Prodotti\/alessi-pulcina-caffettiera-a-induzione-rosso-3-tazze.jpg?ssl=1\"},{\"@type\":\"BreadcrumbList\",\"@id\":\"https:\/\/dev6.erresse-shop.it\/es\/shop\/cocina\/cafeteras\/alessi-pulcina-cafetera-de-induccion-rojo\/#breadcrumb\",\"itemListElement\":[{\"@type\":\"ListItem\",\"position\":1,\"name\":\"Home\",\"item\":\"https:\/\/dev6.erresse-shop.it\/\"},{\"@type\":\"ListItem\",\"position\":2,\"name\":\"Tienda\",\"item\":\"https:\/\/dev6.erresse-shop.it\/shop\/\"},{\"@type\":\"ListItem\",\"position\":3,\"name\":\"ALESSI Pulcina Cafetera de inducci\u00f3n Rojo\"}]},{\"@type\":\"WebSite\",\"@id\":\"https:\/\/dev6.erresse-shop.it\/#website\",\"url\":\"https:\/\/dev6.erresse-shop.it\/\",\"name\":\"Erresse Shop\",\"description\":\"\",\"publisher\":{\"@id\":\"https:\/\/dev6.erresse-shop.it\/#organization\"},\"potentialAction\":[{\"@type\":\"SearchAction\",\"target\":{\"@type\":\"EntryPoint\",\"urlTemplate\":\"https:\/\/dev6.erresse-shop.it\/?s={search_term_string}\"},\"query-input\":{\"@type\":\"PropertyValueSpecification\",\"valueRequired\":true,\"valueName\":\"search_term_string\"}}],\"inLanguage\":\"es\"},{\"@type\":\"Organization\",\"@id\":\"https:\/\/dev6.erresse-shop.it\/#organization\",\"name\":\"Erresse Shop\",\"url\":\"https:\/\/dev6.erresse-shop.it\/\",\"logo\":{\"@type\":\"ImageObject\",\"inLanguage\":\"es\",\"@id\":\"https:\/\/dev6.erresse-shop.it\/#\/schema\/logo\/image\/\",\"url\":\"https:\/\/dev6.erresse-shop.it\/wp-content\/uploads\/2025\/01\/LOGO-ERRESSE-CLASSICO.svg\",\"contentUrl\":\"https:\/\/dev6.erresse-shop.it\/wp-content\/uploads\/2025\/01\/LOGO-ERRESSE-CLASSICO.svg\",\"caption\":\"Erresse Shop\"},\"image\":{\"@id\":\"https:\/\/dev6.erresse-shop.it\/#\/schema\/logo\/image\/\"}}]}<\/script>\n<!-- \/ Yoast SEO plugin. -->","yoast_head_json":{"title":"ALESSI Pulcina Cafetera de inducci\u00f3n Rojo - dev6 Erresse","description":"Una moka revolucionaria que combina la tecnolog\u00eda desarrollada por illycaff\u00e8 y la experiencia en dise\u00f1o de Alessi. Dise\u00f1ada por Michele de Lucchi, Pulcina","robots":{"index":"noindex","follow":"follow","max-snippet":"max-snippet:-1","max-image-preview":"max-image-preview:large","max-video-preview":"max-video-preview:-1"},"og_locale":"es_ES","og_type":"article","og_title":"ALESSI Pulcina Cafetera de inducci\u00f3n Rojo - dev6 Erresse","og_description":"Una moka revolucionaria que combina la tecnolog\u00eda desarrollada por illycaff\u00e8 y la experiencia en dise\u00f1o de Alessi. Dise\u00f1ada por Michele de Lucchi, Pulcina","og_url":"https:\/\/dev6.erresse-shop.it\/es\/shop\/cocina\/cafeteras\/alessi-pulcina-cafetera-de-induccion-rojo\/","og_site_name":"dev6 Erresse","og_image":[{"url":"https:\/\/interpim.erresse-shop.it\/Import\/Prodotti\/alessi-pulcina-caffettiera-a-induzione-rosso-3-tazze.jpg","type":"","width":"","height":""},{"url":"https:\/\/interpim.erresse-shop.it\/Import\/Prodotti\/alessi-pulcina-caffettiera-a-induzione-rosso-3-tazze.jpg","width":1024,"height":1024,"type":"image\/jpeg"}],"twitter_card":"summary_large_image","twitter_image":"https:\/\/interpim.erresse-shop.it\/Import\/Prodotti\/alessi-pulcina-caffettiera-a-induzione-rosso-3-tazze.jpg","schema":{"@context":"https:\/\/schema.org","@graph":[{"@type":"WebPage","@id":"https:\/\/dev6.erresse-shop.it\/es\/shop\/cocina\/cafeteras\/alessi-pulcina-cafetera-de-induccion-rojo\/","url":"https:\/\/dev6.erresse-shop.it\/es\/shop\/cocina\/cafeteras\/alessi-pulcina-cafetera-de-induccion-rojo\/","name":"ALESSI Pulcina Cafetera de inducci\u00f3n Rojo - dev6 Erresse","isPartOf":{"@id":"https:\/\/dev6.erresse-shop.it\/#website"},"primaryImageOfPage":{"@id":"https:\/\/dev6.erresse-shop.it\/es\/shop\/cocina\/cafeteras\/alessi-pulcina-cafetera-de-induccion-rojo\/#primaryimage"},"image":{"@id":"https:\/\/dev6.erresse-shop.it\/es\/shop\/cocina\/cafeteras\/alessi-pulcina-cafetera-de-induccion-rojo\/#primaryimage"},"thumbnailUrl":"https:\/\/i1.wp.com\/interpim.erresse-shop.it\/Import\/Prodotti\/alessi-pulcina-caffettiera-a-induzione-rosso-3-tazze.jpg?ssl=1","datePublished":"2026-04-12T10:50:19+00:00","description":"Una moka revolucionaria que combina la tecnolog\u00eda desarrollada por illycaff\u00e8 y la experiencia en dise\u00f1o de Alessi. Dise\u00f1ada por Michele de Lucchi, Pulcina","breadcrumb":{"@id":"https:\/\/dev6.erresse-shop.it\/es\/shop\/cocina\/cafeteras\/alessi-pulcina-cafetera-de-induccion-rojo\/#breadcrumb"},"inLanguage":"es","potentialAction":[{"@type":"ReadAction","target":["https:\/\/dev6.erresse-shop.it\/es\/shop\/cocina\/cafeteras\/alessi-pulcina-cafetera-de-induccion-rojo\/"]}]},{"@type":"ImageObject","inLanguage":"es","@id":"https:\/\/dev6.erresse-shop.it\/es\/shop\/cocina\/cafeteras\/alessi-pulcina-cafetera-de-induccion-rojo\/#primaryimage","url":"https:\/\/i1.wp.com\/interpim.erresse-shop.it\/Import\/Prodotti\/alessi-pulcina-caffettiera-a-induzione-rosso-3-tazze.jpg?ssl=1","contentUrl":"https:\/\/i1.wp.com\/interpim.erresse-shop.it\/Import\/Prodotti\/alessi-pulcina-caffettiera-a-induzione-rosso-3-tazze.jpg?ssl=1"},{"@type":"BreadcrumbList","@id":"https:\/\/dev6.erresse-shop.it\/es\/shop\/cocina\/cafeteras\/alessi-pulcina-cafetera-de-induccion-rojo\/#breadcrumb","itemListElement":[{"@type":"ListItem","position":1,"name":"Home","item":"https:\/\/dev6.erresse-shop.it\/"},{"@type":"ListItem","position":2,"name":"Tienda","item":"https:\/\/dev6.erresse-shop.it\/shop\/"},{"@type":"ListItem","position":3,"name":"ALESSI Pulcina Cafetera de inducci\u00f3n Rojo"}]},{"@type":"WebSite","@id":"https:\/\/dev6.erresse-shop.it\/#website","url":"https:\/\/dev6.erresse-shop.it\/","name":"Erresse Shop","description":"","publisher":{"@id":"https:\/\/dev6.erresse-shop.it\/#organization"},"potentialAction":[{"@type":"SearchAction","target":{"@type":"EntryPoint","urlTemplate":"https:\/\/dev6.erresse-shop.it\/?s={search_term_string}"},"query-input":{"@type":"PropertyValueSpecification","valueRequired":true,"valueName":"search_term_string"}}],"inLanguage":"es"},{"@type":"Organization","@id":"https:\/\/dev6.erresse-shop.it\/#organization","name":"Erresse Shop","url":"https:\/\/dev6.erresse-shop.it\/","logo":{"@type":"ImageObject","inLanguage":"es","@id":"https:\/\/dev6.erresse-shop.it\/#\/schema\/logo\/image\/","url":"https:\/\/dev6.erresse-shop.it\/wp-content\/uploads\/2025\/01\/LOGO-ERRESSE-CLASSICO.svg","contentUrl":"https:\/\/dev6.erresse-shop.it\/wp-content\/uploads\/2025\/01\/LOGO-ERRESSE-CLASSICO.svg","caption":"Erresse Shop"},"image":{"@id":"https:\/\/dev6.erresse-shop.it\/#\/schema\/logo\/image\/"}}]}},"df_price":89.9,"df_sale_price":89.9,"df_regular_price":100,"df_image_link":"https:\/\/i1.wp.com\/interpim.erresse-shop.it\/Import\/Prodotti\/alessi-pulcina-caffettiera-a-induzione-rosso-3-tazze.jpg?resize=300,300&ssl=1","fifu_image_url":"https:\/\/interpim.erresse-shop.it\/Import\/Prodotti\/alessi-pulcina-caffettiera-a-induzione-rosso-3-tazze.jpg","_links":{"self":[{"href":"https:\/\/dev6.erresse-shop.it\/es\/wp-json\/wp\/v2\/product\/1883399","targetHints":{"allow":["GET"]}}],"collection":[{"href":"https:\/\/dev6.erresse-shop.it\/es\/wp-json\/wp\/v2\/product"}],"about":[{"href":"https:\/\/dev6.erresse-shop.it\/es\/wp-json\/wp\/v2\/types\/product"}],"wp:featuredmedia":[{"embeddable":true,"href":"https:\/\/dev6.erresse-shop.it\/es\/wp-json\/wp\/v2\/media\/6374593"}],"wp:attachment":[{"href":"https:\/\/dev6.erresse-shop.it\/es\/wp-json\/wp\/v2\/media?parent=1883399"}],"wp:term":[{"taxonomy":"product_cat","embeddable":true,"href":"https:\/\/dev6.erresse-shop.it\/es\/wp-json\/wp\/v2\/product_cat?post=1883399"},{"taxonomy":"product_tag","embeddable":true,"href":"https:\/\/dev6.erresse-shop.it\/es\/wp-json\/wp\/v2\/product_tag?post=1883399"}],"curies":[{"name":"wp","href":"https:\/\/api.w.org\/{rel}","templated":true}]}}