{"id":1883391,"date":"2026-04-12T12:50:19","date_gmt":"2026-04-12T10:50:19","guid":{"rendered":"https:\/\/dev6.erresse-shop.it\/shop\/sin%20categor\u00eda\/alessi-tetera-con-pajaro-blanco\/"},"modified":"2025-09-17T18:39:56","modified_gmt":"2025-09-17T16:39:56","slug":"alessi-tetera-con-pajaro-blanco","status":"publish","type":"product","link":"https:\/\/dev6.erresse-shop.it\/es\/shop\/cocina\/hervidores\/alessi-tetera-con-pajaro-blanco\/","title":{"rendered":"ALESSI Tetera con p\u00e1jaro Blanco"},"content":{"rendered":"<p>La tetera 9093 con silbato en forma de p\u00e1jaro es uno de los objetos m\u00e1s vendidos de Alessi en todo el mundo. El dise\u00f1o de esta tetera, creado por Michael Graves en 1985, mezcla influencias cultas del arte europeo, el pop americano y referencias a las culturas precolombinas. Este personal\u00edsimo lenguaje visual de Graves es el responsable del extraordinario \u00e9xito que la tetera ha cosechado desde el a\u00f1o de su producci\u00f3n. Un objeto culto y elegante, pero al mismo tiempo juguet\u00f3n y divertido: cuando el agua hierve, el p\u00e1jaro canta, arrancando inevitablemente una sonrisa.<\/p>\n<p>Caracter\u00edsticas<br \/>\n\u2013 Capacidad: 2 L<br \/>\n\u2013 Di\u00e1metro: 22 cm<br \/>\n\u2013 Altura: 22,50 cm<\/p>\n<p>Apta para inducci\u00f3n<\/p>\n<p>Not for sale outside from Europe<\/p>\n","protected":false},"excerpt":{"rendered":"<p>La tetera 9093 con silbato en forma de p\u00e1jaro es uno de los objetos m\u00e1s vendidos de Alessi en todo el mundo. El dise\u00f1o de esta tetera, creado por Michael Graves en 1985, mezcla influencias cultas del arte europeo, el pop americano y referencias a las culturas precolombinas. Este personal\u00edsimo lenguaje visual de Graves es [&hellip;]<\/p>\n","protected":false},"featured_media":6374565,"template":"","meta":{"_acf_changed":false},"product_cat":[11884,11897],"product_tag":[],"class_list":{"0":"post-1883391","1":"product","2":"type-product","3":"status-publish","4":"has-post-thumbnail","6":"product_cat-cocina","7":"product_cat-hervidores","9":"first","10":"instock","11":"sale","12":"taxable","13":"shipping-taxable","14":"purchasable","15":"product-type-simple","swatches":"rey-swatches","show_selected":"","stretch_labels":"rey-swatches--stretch-labels"},"acf":[],"yoast_head":"<!-- This site is optimized with the Yoast SEO plugin v25.4 - https:\/\/yoast.com\/wordpress\/plugins\/seo\/ -->\n<title>ALESSI Tetera con p\u00e1jaro Blanco - dev6 Erresse<\/title>\n<meta name=\"description\" content=\"La tetera 9093 con silbato en forma de p\u00e1jaro es uno de los objetos m\u00e1s vendidos de Alessi en todo el mundo. El dise\u00f1o de esta tetera, creado por Michael\" \/>\n<meta name=\"robots\" content=\"noindex, follow, max-snippet:-1, max-image-preview:large, max-video-preview:-1\" \/>\n<meta property=\"og:locale\" content=\"es_ES\" \/>\n<meta property=\"og:type\" content=\"article\" \/>\n<meta property=\"og:title\" content=\"ALESSI Tetera con p\u00e1jaro Blanco - dev6 Erresse\" \/>\n<meta property=\"og:description\" content=\"La tetera 9093 con silbato en forma de p\u00e1jaro es uno de los objetos m\u00e1s vendidos de Alessi en todo el mundo. El dise\u00f1o de esta tetera, creado por Michael\" \/>\n<meta property=\"og:url\" content=\"https:\/\/dev6.erresse-shop.it\/es\/shop\/cocina\/hervidores\/alessi-tetera-con-pajaro-blanco\/\" \/>\n<meta property=\"og:site_name\" content=\"dev6 Erresse\" \/>\n<meta property=\"og:image\" content=\"https:\/\/interpim.erresse-shop.it\/Import\/Prodotti\/alessi-bollitore-con-uccellino-bianco.jpg\" \/><meta property=\"og:image\" content=\"https:\/\/interpim.erresse-shop.it\/Import\/Prodotti\/alessi-bollitore-con-uccellino-bianco.jpg\" \/>\n\t<meta property=\"og:image:width\" content=\"1024\" \/>\n\t<meta property=\"og:image:height\" content=\"1024\" \/>\n\t<meta property=\"og:image:type\" content=\"image\/jpeg\" \/>\n<meta name=\"twitter:card\" content=\"summary_large_image\" \/>\n<meta name=\"twitter:image\" content=\"https:\/\/interpim.erresse-shop.it\/Import\/Prodotti\/alessi-bollitore-con-uccellino-bianco.jpg\" \/>\n<script type=\"application\/ld+json\" class=\"yoast-schema-graph\">{\"@context\":\"https:\/\/schema.org\",\"@graph\":[{\"@type\":\"WebPage\",\"@id\":\"https:\/\/dev6.erresse-shop.it\/es\/shop\/cocina\/hervidores\/alessi-tetera-con-pajaro-blanco\/\",\"url\":\"https:\/\/dev6.erresse-shop.it\/es\/shop\/cocina\/hervidores\/alessi-tetera-con-pajaro-blanco\/\",\"name\":\"ALESSI Tetera con p\u00e1jaro Blanco - dev6 Erresse\",\"isPartOf\":{\"@id\":\"https:\/\/dev6.erresse-shop.it\/#website\"},\"primaryImageOfPage\":{\"@id\":\"https:\/\/dev6.erresse-shop.it\/es\/shop\/cocina\/hervidores\/alessi-tetera-con-pajaro-blanco\/#primaryimage\"},\"image\":{\"@id\":\"https:\/\/dev6.erresse-shop.it\/es\/shop\/cocina\/hervidores\/alessi-tetera-con-pajaro-blanco\/#primaryimage\"},\"thumbnailUrl\":\"https:\/\/i0.wp.com\/interpim.erresse-shop.it\/Import\/Prodotti\/alessi-bollitore-con-uccellino-bianco.jpg?ssl=1\",\"datePublished\":\"2026-04-12T10:50:19+00:00\",\"description\":\"La tetera 9093 con silbato en forma de p\u00e1jaro es uno de los objetos m\u00e1s vendidos de Alessi en todo el mundo. El dise\u00f1o de esta tetera, creado por Michael\",\"breadcrumb\":{\"@id\":\"https:\/\/dev6.erresse-shop.it\/es\/shop\/cocina\/hervidores\/alessi-tetera-con-pajaro-blanco\/#breadcrumb\"},\"inLanguage\":\"es\",\"potentialAction\":[{\"@type\":\"ReadAction\",\"target\":[\"https:\/\/dev6.erresse-shop.it\/es\/shop\/cocina\/hervidores\/alessi-tetera-con-pajaro-blanco\/\"]}]},{\"@type\":\"ImageObject\",\"inLanguage\":\"es\",\"@id\":\"https:\/\/dev6.erresse-shop.it\/es\/shop\/cocina\/hervidores\/alessi-tetera-con-pajaro-blanco\/#primaryimage\",\"url\":\"https:\/\/i0.wp.com\/interpim.erresse-shop.it\/Import\/Prodotti\/alessi-bollitore-con-uccellino-bianco.jpg?ssl=1\",\"contentUrl\":\"https:\/\/i0.wp.com\/interpim.erresse-shop.it\/Import\/Prodotti\/alessi-bollitore-con-uccellino-bianco.jpg?ssl=1\"},{\"@type\":\"BreadcrumbList\",\"@id\":\"https:\/\/dev6.erresse-shop.it\/es\/shop\/cocina\/hervidores\/alessi-tetera-con-pajaro-blanco\/#breadcrumb\",\"itemListElement\":[{\"@type\":\"ListItem\",\"position\":1,\"name\":\"Home\",\"item\":\"https:\/\/dev6.erresse-shop.it\/\"},{\"@type\":\"ListItem\",\"position\":2,\"name\":\"Tienda\",\"item\":\"https:\/\/dev6.erresse-shop.it\/shop\/\"},{\"@type\":\"ListItem\",\"position\":3,\"name\":\"ALESSI Tetera con p\u00e1jaro Blanco\"}]},{\"@type\":\"WebSite\",\"@id\":\"https:\/\/dev6.erresse-shop.it\/#website\",\"url\":\"https:\/\/dev6.erresse-shop.it\/\",\"name\":\"Erresse Shop\",\"description\":\"\",\"publisher\":{\"@id\":\"https:\/\/dev6.erresse-shop.it\/#organization\"},\"potentialAction\":[{\"@type\":\"SearchAction\",\"target\":{\"@type\":\"EntryPoint\",\"urlTemplate\":\"https:\/\/dev6.erresse-shop.it\/?s={search_term_string}\"},\"query-input\":{\"@type\":\"PropertyValueSpecification\",\"valueRequired\":true,\"valueName\":\"search_term_string\"}}],\"inLanguage\":\"es\"},{\"@type\":\"Organization\",\"@id\":\"https:\/\/dev6.erresse-shop.it\/#organization\",\"name\":\"Erresse Shop\",\"url\":\"https:\/\/dev6.erresse-shop.it\/\",\"logo\":{\"@type\":\"ImageObject\",\"inLanguage\":\"es\",\"@id\":\"https:\/\/dev6.erresse-shop.it\/#\/schema\/logo\/image\/\",\"url\":\"https:\/\/dev6.erresse-shop.it\/wp-content\/uploads\/2025\/01\/LOGO-ERRESSE-CLASSICO.svg\",\"contentUrl\":\"https:\/\/dev6.erresse-shop.it\/wp-content\/uploads\/2025\/01\/LOGO-ERRESSE-CLASSICO.svg\",\"caption\":\"Erresse Shop\"},\"image\":{\"@id\":\"https:\/\/dev6.erresse-shop.it\/#\/schema\/logo\/image\/\"}}]}<\/script>\n<!-- \/ Yoast SEO plugin. -->","yoast_head_json":{"title":"ALESSI Tetera con p\u00e1jaro Blanco - dev6 Erresse","description":"La tetera 9093 con silbato en forma de p\u00e1jaro es uno de los objetos m\u00e1s vendidos de Alessi en todo el mundo. El dise\u00f1o de esta tetera, creado por Michael","robots":{"index":"noindex","follow":"follow","max-snippet":"max-snippet:-1","max-image-preview":"max-image-preview:large","max-video-preview":"max-video-preview:-1"},"og_locale":"es_ES","og_type":"article","og_title":"ALESSI Tetera con p\u00e1jaro Blanco - dev6 Erresse","og_description":"La tetera 9093 con silbato en forma de p\u00e1jaro es uno de los objetos m\u00e1s vendidos de Alessi en todo el mundo. El dise\u00f1o de esta tetera, creado por Michael","og_url":"https:\/\/dev6.erresse-shop.it\/es\/shop\/cocina\/hervidores\/alessi-tetera-con-pajaro-blanco\/","og_site_name":"dev6 Erresse","og_image":[{"url":"https:\/\/interpim.erresse-shop.it\/Import\/Prodotti\/alessi-bollitore-con-uccellino-bianco.jpg","type":"","width":"","height":""},{"url":"https:\/\/interpim.erresse-shop.it\/Import\/Prodotti\/alessi-bollitore-con-uccellino-bianco.jpg","width":1024,"height":1024,"type":"image\/jpeg"}],"twitter_card":"summary_large_image","twitter_image":"https:\/\/interpim.erresse-shop.it\/Import\/Prodotti\/alessi-bollitore-con-uccellino-bianco.jpg","schema":{"@context":"https:\/\/schema.org","@graph":[{"@type":"WebPage","@id":"https:\/\/dev6.erresse-shop.it\/es\/shop\/cocina\/hervidores\/alessi-tetera-con-pajaro-blanco\/","url":"https:\/\/dev6.erresse-shop.it\/es\/shop\/cocina\/hervidores\/alessi-tetera-con-pajaro-blanco\/","name":"ALESSI Tetera con p\u00e1jaro Blanco - dev6 Erresse","isPartOf":{"@id":"https:\/\/dev6.erresse-shop.it\/#website"},"primaryImageOfPage":{"@id":"https:\/\/dev6.erresse-shop.it\/es\/shop\/cocina\/hervidores\/alessi-tetera-con-pajaro-blanco\/#primaryimage"},"image":{"@id":"https:\/\/dev6.erresse-shop.it\/es\/shop\/cocina\/hervidores\/alessi-tetera-con-pajaro-blanco\/#primaryimage"},"thumbnailUrl":"https:\/\/i0.wp.com\/interpim.erresse-shop.it\/Import\/Prodotti\/alessi-bollitore-con-uccellino-bianco.jpg?ssl=1","datePublished":"2026-04-12T10:50:19+00:00","description":"La tetera 9093 con silbato en forma de p\u00e1jaro es uno de los objetos m\u00e1s vendidos de Alessi en todo el mundo. El dise\u00f1o de esta tetera, creado por Michael","breadcrumb":{"@id":"https:\/\/dev6.erresse-shop.it\/es\/shop\/cocina\/hervidores\/alessi-tetera-con-pajaro-blanco\/#breadcrumb"},"inLanguage":"es","potentialAction":[{"@type":"ReadAction","target":["https:\/\/dev6.erresse-shop.it\/es\/shop\/cocina\/hervidores\/alessi-tetera-con-pajaro-blanco\/"]}]},{"@type":"ImageObject","inLanguage":"es","@id":"https:\/\/dev6.erresse-shop.it\/es\/shop\/cocina\/hervidores\/alessi-tetera-con-pajaro-blanco\/#primaryimage","url":"https:\/\/i0.wp.com\/interpim.erresse-shop.it\/Import\/Prodotti\/alessi-bollitore-con-uccellino-bianco.jpg?ssl=1","contentUrl":"https:\/\/i0.wp.com\/interpim.erresse-shop.it\/Import\/Prodotti\/alessi-bollitore-con-uccellino-bianco.jpg?ssl=1"},{"@type":"BreadcrumbList","@id":"https:\/\/dev6.erresse-shop.it\/es\/shop\/cocina\/hervidores\/alessi-tetera-con-pajaro-blanco\/#breadcrumb","itemListElement":[{"@type":"ListItem","position":1,"name":"Home","item":"https:\/\/dev6.erresse-shop.it\/"},{"@type":"ListItem","position":2,"name":"Tienda","item":"https:\/\/dev6.erresse-shop.it\/shop\/"},{"@type":"ListItem","position":3,"name":"ALESSI Tetera con p\u00e1jaro Blanco"}]},{"@type":"WebSite","@id":"https:\/\/dev6.erresse-shop.it\/#website","url":"https:\/\/dev6.erresse-shop.it\/","name":"Erresse Shop","description":"","publisher":{"@id":"https:\/\/dev6.erresse-shop.it\/#organization"},"potentialAction":[{"@type":"SearchAction","target":{"@type":"EntryPoint","urlTemplate":"https:\/\/dev6.erresse-shop.it\/?s={search_term_string}"},"query-input":{"@type":"PropertyValueSpecification","valueRequired":true,"valueName":"search_term_string"}}],"inLanguage":"es"},{"@type":"Organization","@id":"https:\/\/dev6.erresse-shop.it\/#organization","name":"Erresse Shop","url":"https:\/\/dev6.erresse-shop.it\/","logo":{"@type":"ImageObject","inLanguage":"es","@id":"https:\/\/dev6.erresse-shop.it\/#\/schema\/logo\/image\/","url":"https:\/\/dev6.erresse-shop.it\/wp-content\/uploads\/2025\/01\/LOGO-ERRESSE-CLASSICO.svg","contentUrl":"https:\/\/dev6.erresse-shop.it\/wp-content\/uploads\/2025\/01\/LOGO-ERRESSE-CLASSICO.svg","caption":"Erresse Shop"},"image":{"@id":"https:\/\/dev6.erresse-shop.it\/#\/schema\/logo\/image\/"}}]}},"df_price":126,"df_sale_price":126,"df_regular_price":158,"df_image_link":"https:\/\/i0.wp.com\/interpim.erresse-shop.it\/Import\/Prodotti\/alessi-bollitore-con-uccellino-bianco.jpg?resize=300,300&ssl=1","fifu_image_url":"https:\/\/interpim.erresse-shop.it\/Import\/Prodotti\/alessi-bollitore-con-uccellino-bianco.jpg","_links":{"self":[{"href":"https:\/\/dev6.erresse-shop.it\/es\/wp-json\/wp\/v2\/product\/1883391","targetHints":{"allow":["GET"]}}],"collection":[{"href":"https:\/\/dev6.erresse-shop.it\/es\/wp-json\/wp\/v2\/product"}],"about":[{"href":"https:\/\/dev6.erresse-shop.it\/es\/wp-json\/wp\/v2\/types\/product"}],"wp:featuredmedia":[{"embeddable":true,"href":"https:\/\/dev6.erresse-shop.it\/es\/wp-json\/wp\/v2\/media\/6374565"}],"wp:attachment":[{"href":"https:\/\/dev6.erresse-shop.it\/es\/wp-json\/wp\/v2\/media?parent=1883391"}],"wp:term":[{"taxonomy":"product_cat","embeddable":true,"href":"https:\/\/dev6.erresse-shop.it\/es\/wp-json\/wp\/v2\/product_cat?post=1883391"},{"taxonomy":"product_tag","embeddable":true,"href":"https:\/\/dev6.erresse-shop.it\/es\/wp-json\/wp\/v2\/product_tag?post=1883391"}],"curies":[{"name":"wp","href":"https:\/\/api.w.org\/{rel}","templated":true}]}}