{"id":1883301,"date":"2026-04-04T12:42:27","date_gmt":"2026-04-04T10:42:27","guid":{"rendered":"https:\/\/dev6.erresse-shop.it\/shop\/sin%20categor\u00eda\/mario-luca-giusti-jarra-federica-verde\/"},"modified":"2026-01-09T02:23:52","modified_gmt":"2026-01-09T01:23:52","slug":"mario-luca-giusti-jarra-federica-verde","status":"publish","type":"product","link":"https:\/\/dev6.erresse-shop.it\/es\/shop\/tabla\/jarras-garaffas-botellas\/mario-luca-giusti-jarra-federica-verde\/","title":{"rendered":"MARIO LUCA GIUSTI Jarra Federica Verde"},"content":{"rendered":"<p>Objetos bellos, limpios, sencillos y elegantes, de dise\u00f1o, coloridos: dise\u00f1ados y elaborados por el dise\u00f1ador de Florencia Mario Luca Giusti.<\/p>\n<p>Una nueva y moderna forma de pensar en vasos, jarras, elevadores y accesorios de mesa en material pl\u00e1stico: acr\u00edlico y policarbonato.<\/p>\n<p>Las colecciones, dise\u00f1adas y concebidas por el propio Giusti, se enriquecen cada a\u00f1o con nuevos modelos, a\u00f1adiendo objetos con formas imaginativas y colores que van del blanco al negro, de los transparentes a los m\u00e1s brillantes. La inspiraci\u00f3n viene de la naturaleza, del paisaje, del arte italiano; para hacer una copa nos fijamos en una colina o en las facetas de un diamante, para un juego de platos robamos un dibujo del siglo XIX, las plantas de la selva ecuatorial, las flores de un jard\u00edn ingl\u00e9s, el manto de los animales de la sabana. Los colores est\u00e1n tomados del arco iris y m\u00e1s.<\/p>\n","protected":false},"excerpt":{"rendered":"<p>Objetos bellos, limpios, sencillos y elegantes, de dise\u00f1o, coloridos: dise\u00f1ados y elaborados por el dise\u00f1ador de Florencia Mario Luca Giusti. Una nueva y moderna forma de pensar en vasos, jarras, elevadores y accesorios de mesa en material pl\u00e1stico: acr\u00edlico y policarbonato. Las colecciones, dise\u00f1adas y concebidas por el propio Giusti, se enriquecen cada a\u00f1o con [&hellip;]<\/p>\n","protected":false},"featured_media":6290858,"template":"","meta":{"_acf_changed":false},"product_cat":[11899,11887,11671],"product_tag":[],"class_list":{"0":"post-1883301","1":"product","2":"type-product","3":"status-publish","4":"has-post-thumbnail","6":"product_cat-jarras-garaffas-botellas","7":"product_cat-tabla","8":"product_cat-tavola","10":"first","11":"instock","12":"sale","13":"taxable","14":"shipping-taxable","15":"purchasable","16":"product-type-simple","swatches":"rey-swatches","show_selected":"","stretch_labels":"rey-swatches--stretch-labels"},"acf":[],"yoast_head":"<!-- This site is optimized with the Yoast SEO plugin v25.4 - https:\/\/yoast.com\/wordpress\/plugins\/seo\/ -->\n<title>MARIO LUCA GIUSTI Jarra Federica Verde - dev6 Erresse<\/title>\n<meta name=\"description\" content=\"Objetos bellos, limpios, sencillos y elegantes, de dise\u00f1o, coloridos: dise\u00f1ados y elaborados por el dise\u00f1ador de Florencia Mario Luca Giusti. Una nueva y\" \/>\n<meta name=\"robots\" content=\"noindex, follow, max-snippet:-1, max-image-preview:large, max-video-preview:-1\" \/>\n<meta property=\"og:locale\" content=\"es_ES\" \/>\n<meta property=\"og:type\" content=\"article\" \/>\n<meta property=\"og:title\" content=\"MARIO LUCA GIUSTI Jarra Federica Verde - dev6 Erresse\" \/>\n<meta property=\"og:description\" content=\"Objetos bellos, limpios, sencillos y elegantes, de dise\u00f1o, coloridos: dise\u00f1ados y elaborados por el dise\u00f1ador de Florencia Mario Luca Giusti. Una nueva y\" \/>\n<meta property=\"og:url\" content=\"https:\/\/dev6.erresse-shop.it\/es\/shop\/tabla\/jarras-garaffas-botellas\/mario-luca-giusti-jarra-federica-verde\/\" \/>\n<meta property=\"og:site_name\" content=\"dev6 Erresse\" \/>\n<meta property=\"og:image\" content=\"https:\/\/interpim.erresse-shop.it\/Import\/Prodotti\/mario-luca-giusti-brocca-federica-verde-1.jpg\" \/><meta property=\"og:image\" content=\"https:\/\/interpim.erresse-shop.it\/Import\/Prodotti\/mario-luca-giusti-brocca-federica-verde-1.jpg\" \/>\n\t<meta property=\"og:image:width\" content=\"1024\" \/>\n\t<meta property=\"og:image:height\" content=\"1024\" \/>\n\t<meta property=\"og:image:type\" content=\"image\/jpeg\" \/>\n<meta name=\"twitter:card\" content=\"summary_large_image\" \/>\n<meta name=\"twitter:image\" content=\"https:\/\/interpim.erresse-shop.it\/Import\/Prodotti\/mario-luca-giusti-brocca-federica-verde-1.jpg\" \/>\n<script type=\"application\/ld+json\" class=\"yoast-schema-graph\">{\"@context\":\"https:\/\/schema.org\",\"@graph\":[{\"@type\":\"WebPage\",\"@id\":\"https:\/\/dev6.erresse-shop.it\/es\/shop\/tabla\/jarras-garaffas-botellas\/mario-luca-giusti-jarra-federica-verde\/\",\"url\":\"https:\/\/dev6.erresse-shop.it\/es\/shop\/tabla\/jarras-garaffas-botellas\/mario-luca-giusti-jarra-federica-verde\/\",\"name\":\"MARIO LUCA GIUSTI Jarra Federica Verde - dev6 Erresse\",\"isPartOf\":{\"@id\":\"https:\/\/dev6.erresse-shop.it\/#website\"},\"primaryImageOfPage\":{\"@id\":\"https:\/\/dev6.erresse-shop.it\/es\/shop\/tabla\/jarras-garaffas-botellas\/mario-luca-giusti-jarra-federica-verde\/#primaryimage\"},\"image\":{\"@id\":\"https:\/\/dev6.erresse-shop.it\/es\/shop\/tabla\/jarras-garaffas-botellas\/mario-luca-giusti-jarra-federica-verde\/#primaryimage\"},\"thumbnailUrl\":\"https:\/\/i0.wp.com\/interpim.erresse-shop.it\/Import\/Prodotti\/mario-luca-giusti-brocca-federica-verde-1.jpg?ssl=1\",\"datePublished\":\"2026-04-04T10:42:27+00:00\",\"description\":\"Objetos bellos, limpios, sencillos y elegantes, de dise\u00f1o, coloridos: dise\u00f1ados y elaborados por el dise\u00f1ador de Florencia Mario Luca Giusti. Una nueva y\",\"breadcrumb\":{\"@id\":\"https:\/\/dev6.erresse-shop.it\/es\/shop\/tabla\/jarras-garaffas-botellas\/mario-luca-giusti-jarra-federica-verde\/#breadcrumb\"},\"inLanguage\":\"es\",\"potentialAction\":[{\"@type\":\"ReadAction\",\"target\":[\"https:\/\/dev6.erresse-shop.it\/es\/shop\/tabla\/jarras-garaffas-botellas\/mario-luca-giusti-jarra-federica-verde\/\"]}]},{\"@type\":\"ImageObject\",\"inLanguage\":\"es\",\"@id\":\"https:\/\/dev6.erresse-shop.it\/es\/shop\/tabla\/jarras-garaffas-botellas\/mario-luca-giusti-jarra-federica-verde\/#primaryimage\",\"url\":\"https:\/\/i0.wp.com\/interpim.erresse-shop.it\/Import\/Prodotti\/mario-luca-giusti-brocca-federica-verde-1.jpg?ssl=1\",\"contentUrl\":\"https:\/\/i0.wp.com\/interpim.erresse-shop.it\/Import\/Prodotti\/mario-luca-giusti-brocca-federica-verde-1.jpg?ssl=1\"},{\"@type\":\"BreadcrumbList\",\"@id\":\"https:\/\/dev6.erresse-shop.it\/es\/shop\/tabla\/jarras-garaffas-botellas\/mario-luca-giusti-jarra-federica-verde\/#breadcrumb\",\"itemListElement\":[{\"@type\":\"ListItem\",\"position\":1,\"name\":\"Home\",\"item\":\"https:\/\/dev6.erresse-shop.it\/\"},{\"@type\":\"ListItem\",\"position\":2,\"name\":\"Tienda\",\"item\":\"https:\/\/dev6.erresse-shop.it\/shop\/\"},{\"@type\":\"ListItem\",\"position\":3,\"name\":\"MARIO LUCA GIUSTI Jarra Federica Verde\"}]},{\"@type\":\"WebSite\",\"@id\":\"https:\/\/dev6.erresse-shop.it\/#website\",\"url\":\"https:\/\/dev6.erresse-shop.it\/\",\"name\":\"Erresse Shop\",\"description\":\"\",\"publisher\":{\"@id\":\"https:\/\/dev6.erresse-shop.it\/#organization\"},\"potentialAction\":[{\"@type\":\"SearchAction\",\"target\":{\"@type\":\"EntryPoint\",\"urlTemplate\":\"https:\/\/dev6.erresse-shop.it\/?s={search_term_string}\"},\"query-input\":{\"@type\":\"PropertyValueSpecification\",\"valueRequired\":true,\"valueName\":\"search_term_string\"}}],\"inLanguage\":\"es\"},{\"@type\":\"Organization\",\"@id\":\"https:\/\/dev6.erresse-shop.it\/#organization\",\"name\":\"Erresse Shop\",\"url\":\"https:\/\/dev6.erresse-shop.it\/\",\"logo\":{\"@type\":\"ImageObject\",\"inLanguage\":\"es\",\"@id\":\"https:\/\/dev6.erresse-shop.it\/#\/schema\/logo\/image\/\",\"url\":\"https:\/\/dev6.erresse-shop.it\/wp-content\/uploads\/2025\/01\/LOGO-ERRESSE-CLASSICO.svg\",\"contentUrl\":\"https:\/\/dev6.erresse-shop.it\/wp-content\/uploads\/2025\/01\/LOGO-ERRESSE-CLASSICO.svg\",\"caption\":\"Erresse Shop\"},\"image\":{\"@id\":\"https:\/\/dev6.erresse-shop.it\/#\/schema\/logo\/image\/\"}}]}<\/script>\n<!-- \/ Yoast SEO plugin. -->","yoast_head_json":{"title":"MARIO LUCA GIUSTI Jarra Federica Verde - dev6 Erresse","description":"Objetos bellos, limpios, sencillos y elegantes, de dise\u00f1o, coloridos: dise\u00f1ados y elaborados por el dise\u00f1ador de Florencia Mario Luca Giusti. Una nueva y","robots":{"index":"noindex","follow":"follow","max-snippet":"max-snippet:-1","max-image-preview":"max-image-preview:large","max-video-preview":"max-video-preview:-1"},"og_locale":"es_ES","og_type":"article","og_title":"MARIO LUCA GIUSTI Jarra Federica Verde - dev6 Erresse","og_description":"Objetos bellos, limpios, sencillos y elegantes, de dise\u00f1o, coloridos: dise\u00f1ados y elaborados por el dise\u00f1ador de Florencia Mario Luca Giusti. Una nueva y","og_url":"https:\/\/dev6.erresse-shop.it\/es\/shop\/tabla\/jarras-garaffas-botellas\/mario-luca-giusti-jarra-federica-verde\/","og_site_name":"dev6 Erresse","og_image":[{"url":"https:\/\/interpim.erresse-shop.it\/Import\/Prodotti\/mario-luca-giusti-brocca-federica-verde-1.jpg","type":"","width":"","height":""},{"url":"https:\/\/interpim.erresse-shop.it\/Import\/Prodotti\/mario-luca-giusti-brocca-federica-verde-1.jpg","width":1024,"height":1024,"type":"image\/jpeg"}],"twitter_card":"summary_large_image","twitter_image":"https:\/\/interpim.erresse-shop.it\/Import\/Prodotti\/mario-luca-giusti-brocca-federica-verde-1.jpg","schema":{"@context":"https:\/\/schema.org","@graph":[{"@type":"WebPage","@id":"https:\/\/dev6.erresse-shop.it\/es\/shop\/tabla\/jarras-garaffas-botellas\/mario-luca-giusti-jarra-federica-verde\/","url":"https:\/\/dev6.erresse-shop.it\/es\/shop\/tabla\/jarras-garaffas-botellas\/mario-luca-giusti-jarra-federica-verde\/","name":"MARIO LUCA GIUSTI Jarra Federica Verde - dev6 Erresse","isPartOf":{"@id":"https:\/\/dev6.erresse-shop.it\/#website"},"primaryImageOfPage":{"@id":"https:\/\/dev6.erresse-shop.it\/es\/shop\/tabla\/jarras-garaffas-botellas\/mario-luca-giusti-jarra-federica-verde\/#primaryimage"},"image":{"@id":"https:\/\/dev6.erresse-shop.it\/es\/shop\/tabla\/jarras-garaffas-botellas\/mario-luca-giusti-jarra-federica-verde\/#primaryimage"},"thumbnailUrl":"https:\/\/i0.wp.com\/interpim.erresse-shop.it\/Import\/Prodotti\/mario-luca-giusti-brocca-federica-verde-1.jpg?ssl=1","datePublished":"2026-04-04T10:42:27+00:00","description":"Objetos bellos, limpios, sencillos y elegantes, de dise\u00f1o, coloridos: dise\u00f1ados y elaborados por el dise\u00f1ador de Florencia Mario Luca Giusti. Una nueva y","breadcrumb":{"@id":"https:\/\/dev6.erresse-shop.it\/es\/shop\/tabla\/jarras-garaffas-botellas\/mario-luca-giusti-jarra-federica-verde\/#breadcrumb"},"inLanguage":"es","potentialAction":[{"@type":"ReadAction","target":["https:\/\/dev6.erresse-shop.it\/es\/shop\/tabla\/jarras-garaffas-botellas\/mario-luca-giusti-jarra-federica-verde\/"]}]},{"@type":"ImageObject","inLanguage":"es","@id":"https:\/\/dev6.erresse-shop.it\/es\/shop\/tabla\/jarras-garaffas-botellas\/mario-luca-giusti-jarra-federica-verde\/#primaryimage","url":"https:\/\/i0.wp.com\/interpim.erresse-shop.it\/Import\/Prodotti\/mario-luca-giusti-brocca-federica-verde-1.jpg?ssl=1","contentUrl":"https:\/\/i0.wp.com\/interpim.erresse-shop.it\/Import\/Prodotti\/mario-luca-giusti-brocca-federica-verde-1.jpg?ssl=1"},{"@type":"BreadcrumbList","@id":"https:\/\/dev6.erresse-shop.it\/es\/shop\/tabla\/jarras-garaffas-botellas\/mario-luca-giusti-jarra-federica-verde\/#breadcrumb","itemListElement":[{"@type":"ListItem","position":1,"name":"Home","item":"https:\/\/dev6.erresse-shop.it\/"},{"@type":"ListItem","position":2,"name":"Tienda","item":"https:\/\/dev6.erresse-shop.it\/shop\/"},{"@type":"ListItem","position":3,"name":"MARIO LUCA GIUSTI Jarra Federica Verde"}]},{"@type":"WebSite","@id":"https:\/\/dev6.erresse-shop.it\/#website","url":"https:\/\/dev6.erresse-shop.it\/","name":"Erresse Shop","description":"","publisher":{"@id":"https:\/\/dev6.erresse-shop.it\/#organization"},"potentialAction":[{"@type":"SearchAction","target":{"@type":"EntryPoint","urlTemplate":"https:\/\/dev6.erresse-shop.it\/?s={search_term_string}"},"query-input":{"@type":"PropertyValueSpecification","valueRequired":true,"valueName":"search_term_string"}}],"inLanguage":"es"},{"@type":"Organization","@id":"https:\/\/dev6.erresse-shop.it\/#organization","name":"Erresse Shop","url":"https:\/\/dev6.erresse-shop.it\/","logo":{"@type":"ImageObject","inLanguage":"es","@id":"https:\/\/dev6.erresse-shop.it\/#\/schema\/logo\/image\/","url":"https:\/\/dev6.erresse-shop.it\/wp-content\/uploads\/2025\/01\/LOGO-ERRESSE-CLASSICO.svg","contentUrl":"https:\/\/dev6.erresse-shop.it\/wp-content\/uploads\/2025\/01\/LOGO-ERRESSE-CLASSICO.svg","caption":"Erresse Shop"},"image":{"@id":"https:\/\/dev6.erresse-shop.it\/#\/schema\/logo\/image\/"}}]}},"df_price":72,"df_sale_price":72,"df_regular_price":80,"df_image_link":"https:\/\/i0.wp.com\/interpim.erresse-shop.it\/Import\/Prodotti\/mario-luca-giusti-brocca-federica-verde-1.jpg?resize=300,300&ssl=1","fifu_image_url":"https:\/\/interpim.erresse-shop.it\/Import\/Prodotti\/mario-luca-giusti-brocca-federica-verde-1.jpg","_links":{"self":[{"href":"https:\/\/dev6.erresse-shop.it\/es\/wp-json\/wp\/v2\/product\/1883301","targetHints":{"allow":["GET"]}}],"collection":[{"href":"https:\/\/dev6.erresse-shop.it\/es\/wp-json\/wp\/v2\/product"}],"about":[{"href":"https:\/\/dev6.erresse-shop.it\/es\/wp-json\/wp\/v2\/types\/product"}],"wp:featuredmedia":[{"embeddable":true,"href":"https:\/\/dev6.erresse-shop.it\/es\/wp-json\/wp\/v2\/media\/6290858"}],"wp:attachment":[{"href":"https:\/\/dev6.erresse-shop.it\/es\/wp-json\/wp\/v2\/media?parent=1883301"}],"wp:term":[{"taxonomy":"product_cat","embeddable":true,"href":"https:\/\/dev6.erresse-shop.it\/es\/wp-json\/wp\/v2\/product_cat?post=1883301"},{"taxonomy":"product_tag","embeddable":true,"href":"https:\/\/dev6.erresse-shop.it\/es\/wp-json\/wp\/v2\/product_tag?post=1883301"}],"curies":[{"name":"wp","href":"https:\/\/api.w.org\/{rel}","templated":true}]}}