{"id":1883221,"date":"2026-04-10T13:18:40","date_gmt":"2026-04-10T11:18:40","guid":{"rendered":"https:\/\/dev6.erresse-shop.it\/shop\/sin%20categor\u00eda\/staub-cocotte-redonda-de-hierro-fundido-22-cm-negro\/"},"modified":"2025-09-14T10:05:00","modified_gmt":"2025-09-14T08:05:00","slug":"staub-cocotte-redonda-de-hierro-fundido-22-cm-negro","status":"publish","type":"product","link":"https:\/\/dev6.erresse-shop.it\/es\/shop\/sartenes-y-ollas\/marmitas-y-cocottes\/staub-cocotte-redonda-de-hierro-fundido-22-cm-negro\/","title":{"rendered":"STAUB Cocotte redonda de hierro fundido 22 cm negro"},"content":{"rendered":"<p>Esta cocotte forma parte de la serie La Cocotte y es perfecta para cocinar platos estofados y guisados, tanto si eres un principiante, un cocinero aficionado experimentado o un chef galardonado. El material de hierro fundido facilita una cocci\u00f3n sana y suave, ya que retiene el calor absorbido durante mucho tiempo y lo distribuye uniformemente durante m\u00e1s tiempo. El revestimiento de esmalte negro mate en el interior de la cocotte acent\u00faa este efecto y realza el sabor natural de los platos preparados. La particularidad del hierro fundido esmaltado es que sus propiedades mejoran progresivamente con el uso. Nada te impedir\u00e1 experimentar intensas sensaciones de sabor con esta cocotte negra. La bandeja para asar redonda tiene un di\u00e1metro de 22 cm y puede contener hasta 2,6 litros, por lo que es ideal para porciones m\u00e1s grandes cuando tienes invitados, amigos o familiares. Como el hierro fundido tarda un tiempo en calentarse nuevamente despu\u00e9s de enfriarse, incluso los alimentos parcialmente congelados permanecen fr\u00edos. Adem\u00e1s, el hierro fundido es f\u00e1cil de limpiar y es muy duradero. Es apto para su uso en todo tipo de fuegos, incluida la inducci\u00f3n. Con esta cocotte de Staub podr\u00e1s preparar deliciosos platos guisados \u200b\u200by estofados en un abrir y cerrar de ojos.<\/p>\n<p>Ideal para sellar y cocinar lentamente carne, pescado o verduras<br \/>\nPara un resultado de cocci\u00f3n jugoso y tierno gracias a la tapa<br \/>\nEl esmalte interior negro mate es ideal para dorar de forma especialmente crujiente y es muy resistente<br \/>\nApto para todo tipo de fuegos, incluida inducci\u00f3n, tambi\u00e9n se puede colocar en el horno\/grill<\/p>\n<p>Caracter\u00edsticas del producto:<\/p>\n<p>Resistencia al calor: 260 \u00baC<br \/>\nMaterial: hierro fundido<br \/>\nRecubrimiento interno: esmalte<br \/>\nTapa existente: s\u00ed<br \/>\nInducci\u00f3n: S\u00ed<br \/>\nApto para horno: S\u00ed<br \/>\nApto para congelador: S\u00ed<br \/>\nApto para estufa: S\u00ed<br \/>\nApto para lavavajillas: S\u00ed<\/p>\n<p>Dimensiones:<\/p>\n<p>Peso neto: 3,81 kg<br \/>\nCapacidad: 2,60 l<br \/>\nLongitud del producto: 28,40 cm<br \/>\nAncho del producto: 22,00 cm<br \/>\nAltura del producto: 14,70 cm<br \/>\nAltura sin tapa: 9,90 cm<br \/>\nDi\u00e1metro superior: 22,00 cm<br \/>\nDi\u00e1metro del fondo: 17,10 cm<br \/>\nLongitud del mango: 3,00 cm<\/p>\n","protected":false},"excerpt":{"rendered":"<p>Esta cocotte forma parte de la serie La Cocotte y es perfecta para cocinar platos estofados y guisados, tanto si eres un principiante, un cocinero aficionado experimentado o un chef galardonado. El material de hierro fundido facilita una cocci\u00f3n sana y suave, ya que retiene el calor absorbido durante mucho tiempo y lo distribuye uniformemente [&hellip;]<\/p>\n","protected":false},"featured_media":6332138,"template":"","meta":{"_acf_changed":false},"product_cat":[11884,11668,11892,11883],"product_tag":[],"class_list":{"0":"post-1883221","1":"product","2":"type-product","3":"status-publish","4":"has-post-thumbnail","6":"product_cat-cocina","7":"product_cat-cucina","8":"product_cat-marmitas-y-cocottes","9":"product_cat-sartenes-y-ollas","11":"first","12":"instock","13":"sale","14":"taxable","15":"shipping-taxable","16":"purchasable","17":"product-type-simple","swatches":"rey-swatches","show_selected":"","stretch_labels":"rey-swatches--stretch-labels"},"acf":[],"yoast_head":"<!-- This site is optimized with the Yoast SEO plugin v25.4 - https:\/\/yoast.com\/wordpress\/plugins\/seo\/ -->\n<title>STAUB Cocotte redonda de hierro fundido 22 cm negro - dev6 Erresse<\/title>\n<meta name=\"description\" content=\"Esta cocotte forma parte de la serie La Cocotte y es perfecta para cocinar platos estofados y guisados, tanto si eres un principiante, un cocinero\" \/>\n<meta name=\"robots\" content=\"noindex, follow, max-snippet:-1, max-image-preview:large, max-video-preview:-1\" \/>\n<meta property=\"og:locale\" content=\"es_ES\" \/>\n<meta property=\"og:type\" content=\"article\" \/>\n<meta property=\"og:title\" content=\"STAUB Cocotte redonda de hierro fundido 22 cm negro - dev6 Erresse\" \/>\n<meta property=\"og:description\" content=\"Esta cocotte forma parte de la serie La Cocotte y es perfecta para cocinar platos estofados y guisados, tanto si eres un principiante, un cocinero\" \/>\n<meta property=\"og:url\" content=\"https:\/\/dev6.erresse-shop.it\/es\/shop\/sartenes-y-ollas\/marmitas-y-cocottes\/staub-cocotte-redonda-de-hierro-fundido-22-cm-negro\/\" \/>\n<meta property=\"og:site_name\" content=\"dev6 Erresse\" \/>\n<meta property=\"og:image\" content=\"https:\/\/interpim.erresse-shop.it\/Import\/Prodotti\/staub-cocotte-tonda-ghisa-22cm-nero.jpg\" \/><meta property=\"og:image\" content=\"https:\/\/interpim.erresse-shop.it\/Import\/Prodotti\/staub-cocotte-tonda-ghisa-22cm-nero.jpg\" \/>\n\t<meta property=\"og:image:width\" content=\"1024\" \/>\n\t<meta property=\"og:image:height\" content=\"1024\" \/>\n\t<meta property=\"og:image:type\" content=\"image\/jpeg\" \/>\n<meta name=\"twitter:card\" content=\"summary_large_image\" \/>\n<meta name=\"twitter:image\" content=\"https:\/\/interpim.erresse-shop.it\/Import\/Prodotti\/staub-cocotte-tonda-ghisa-22cm-nero.jpg\" \/>\n<script type=\"application\/ld+json\" class=\"yoast-schema-graph\">{\"@context\":\"https:\/\/schema.org\",\"@graph\":[{\"@type\":\"WebPage\",\"@id\":\"https:\/\/dev6.erresse-shop.it\/es\/shop\/sartenes-y-ollas\/marmitas-y-cocottes\/staub-cocotte-redonda-de-hierro-fundido-22-cm-negro\/\",\"url\":\"https:\/\/dev6.erresse-shop.it\/es\/shop\/sartenes-y-ollas\/marmitas-y-cocottes\/staub-cocotte-redonda-de-hierro-fundido-22-cm-negro\/\",\"name\":\"STAUB Cocotte redonda de hierro fundido 22 cm negro - dev6 Erresse\",\"isPartOf\":{\"@id\":\"https:\/\/dev6.erresse-shop.it\/#website\"},\"primaryImageOfPage\":{\"@id\":\"https:\/\/dev6.erresse-shop.it\/es\/shop\/sartenes-y-ollas\/marmitas-y-cocottes\/staub-cocotte-redonda-de-hierro-fundido-22-cm-negro\/#primaryimage\"},\"image\":{\"@id\":\"https:\/\/dev6.erresse-shop.it\/es\/shop\/sartenes-y-ollas\/marmitas-y-cocottes\/staub-cocotte-redonda-de-hierro-fundido-22-cm-negro\/#primaryimage\"},\"thumbnailUrl\":\"https:\/\/i1.wp.com\/interpim.erresse-shop.it\/Import\/Prodotti\/staub-cocotte-tonda-ghisa-22cm-nero.jpg?ssl=1\",\"datePublished\":\"2026-04-10T11:18:40+00:00\",\"description\":\"Esta cocotte forma parte de la serie La Cocotte y es perfecta para cocinar platos estofados y guisados, tanto si eres un principiante, un cocinero\",\"breadcrumb\":{\"@id\":\"https:\/\/dev6.erresse-shop.it\/es\/shop\/sartenes-y-ollas\/marmitas-y-cocottes\/staub-cocotte-redonda-de-hierro-fundido-22-cm-negro\/#breadcrumb\"},\"inLanguage\":\"es\",\"potentialAction\":[{\"@type\":\"ReadAction\",\"target\":[\"https:\/\/dev6.erresse-shop.it\/es\/shop\/sartenes-y-ollas\/marmitas-y-cocottes\/staub-cocotte-redonda-de-hierro-fundido-22-cm-negro\/\"]}]},{\"@type\":\"ImageObject\",\"inLanguage\":\"es\",\"@id\":\"https:\/\/dev6.erresse-shop.it\/es\/shop\/sartenes-y-ollas\/marmitas-y-cocottes\/staub-cocotte-redonda-de-hierro-fundido-22-cm-negro\/#primaryimage\",\"url\":\"https:\/\/i1.wp.com\/interpim.erresse-shop.it\/Import\/Prodotti\/staub-cocotte-tonda-ghisa-22cm-nero.jpg?ssl=1\",\"contentUrl\":\"https:\/\/i1.wp.com\/interpim.erresse-shop.it\/Import\/Prodotti\/staub-cocotte-tonda-ghisa-22cm-nero.jpg?ssl=1\"},{\"@type\":\"BreadcrumbList\",\"@id\":\"https:\/\/dev6.erresse-shop.it\/es\/shop\/sartenes-y-ollas\/marmitas-y-cocottes\/staub-cocotte-redonda-de-hierro-fundido-22-cm-negro\/#breadcrumb\",\"itemListElement\":[{\"@type\":\"ListItem\",\"position\":1,\"name\":\"Home\",\"item\":\"https:\/\/dev6.erresse-shop.it\/\"},{\"@type\":\"ListItem\",\"position\":2,\"name\":\"Tienda\",\"item\":\"https:\/\/dev6.erresse-shop.it\/shop\/\"},{\"@type\":\"ListItem\",\"position\":3,\"name\":\"STAUB Cocotte redonda de hierro fundido 22 cm negro\"}]},{\"@type\":\"WebSite\",\"@id\":\"https:\/\/dev6.erresse-shop.it\/#website\",\"url\":\"https:\/\/dev6.erresse-shop.it\/\",\"name\":\"Erresse Shop\",\"description\":\"\",\"publisher\":{\"@id\":\"https:\/\/dev6.erresse-shop.it\/#organization\"},\"potentialAction\":[{\"@type\":\"SearchAction\",\"target\":{\"@type\":\"EntryPoint\",\"urlTemplate\":\"https:\/\/dev6.erresse-shop.it\/?s={search_term_string}\"},\"query-input\":{\"@type\":\"PropertyValueSpecification\",\"valueRequired\":true,\"valueName\":\"search_term_string\"}}],\"inLanguage\":\"es\"},{\"@type\":\"Organization\",\"@id\":\"https:\/\/dev6.erresse-shop.it\/#organization\",\"name\":\"Erresse Shop\",\"url\":\"https:\/\/dev6.erresse-shop.it\/\",\"logo\":{\"@type\":\"ImageObject\",\"inLanguage\":\"es\",\"@id\":\"https:\/\/dev6.erresse-shop.it\/#\/schema\/logo\/image\/\",\"url\":\"https:\/\/dev6.erresse-shop.it\/wp-content\/uploads\/2025\/01\/LOGO-ERRESSE-CLASSICO.svg\",\"contentUrl\":\"https:\/\/dev6.erresse-shop.it\/wp-content\/uploads\/2025\/01\/LOGO-ERRESSE-CLASSICO.svg\",\"caption\":\"Erresse Shop\"},\"image\":{\"@id\":\"https:\/\/dev6.erresse-shop.it\/#\/schema\/logo\/image\/\"}}]}<\/script>\n<!-- \/ Yoast SEO plugin. -->","yoast_head_json":{"title":"STAUB Cocotte redonda de hierro fundido 22 cm negro - dev6 Erresse","description":"Esta cocotte forma parte de la serie La Cocotte y es perfecta para cocinar platos estofados y guisados, tanto si eres un principiante, un cocinero","robots":{"index":"noindex","follow":"follow","max-snippet":"max-snippet:-1","max-image-preview":"max-image-preview:large","max-video-preview":"max-video-preview:-1"},"og_locale":"es_ES","og_type":"article","og_title":"STAUB Cocotte redonda de hierro fundido 22 cm negro - dev6 Erresse","og_description":"Esta cocotte forma parte de la serie La Cocotte y es perfecta para cocinar platos estofados y guisados, tanto si eres un principiante, un cocinero","og_url":"https:\/\/dev6.erresse-shop.it\/es\/shop\/sartenes-y-ollas\/marmitas-y-cocottes\/staub-cocotte-redonda-de-hierro-fundido-22-cm-negro\/","og_site_name":"dev6 Erresse","og_image":[{"url":"https:\/\/interpim.erresse-shop.it\/Import\/Prodotti\/staub-cocotte-tonda-ghisa-22cm-nero.jpg","type":"","width":"","height":""},{"url":"https:\/\/interpim.erresse-shop.it\/Import\/Prodotti\/staub-cocotte-tonda-ghisa-22cm-nero.jpg","width":1024,"height":1024,"type":"image\/jpeg"}],"twitter_card":"summary_large_image","twitter_image":"https:\/\/interpim.erresse-shop.it\/Import\/Prodotti\/staub-cocotte-tonda-ghisa-22cm-nero.jpg","schema":{"@context":"https:\/\/schema.org","@graph":[{"@type":"WebPage","@id":"https:\/\/dev6.erresse-shop.it\/es\/shop\/sartenes-y-ollas\/marmitas-y-cocottes\/staub-cocotte-redonda-de-hierro-fundido-22-cm-negro\/","url":"https:\/\/dev6.erresse-shop.it\/es\/shop\/sartenes-y-ollas\/marmitas-y-cocottes\/staub-cocotte-redonda-de-hierro-fundido-22-cm-negro\/","name":"STAUB Cocotte redonda de hierro fundido 22 cm negro - dev6 Erresse","isPartOf":{"@id":"https:\/\/dev6.erresse-shop.it\/#website"},"primaryImageOfPage":{"@id":"https:\/\/dev6.erresse-shop.it\/es\/shop\/sartenes-y-ollas\/marmitas-y-cocottes\/staub-cocotte-redonda-de-hierro-fundido-22-cm-negro\/#primaryimage"},"image":{"@id":"https:\/\/dev6.erresse-shop.it\/es\/shop\/sartenes-y-ollas\/marmitas-y-cocottes\/staub-cocotte-redonda-de-hierro-fundido-22-cm-negro\/#primaryimage"},"thumbnailUrl":"https:\/\/i1.wp.com\/interpim.erresse-shop.it\/Import\/Prodotti\/staub-cocotte-tonda-ghisa-22cm-nero.jpg?ssl=1","datePublished":"2026-04-10T11:18:40+00:00","description":"Esta cocotte forma parte de la serie La Cocotte y es perfecta para cocinar platos estofados y guisados, tanto si eres un principiante, un cocinero","breadcrumb":{"@id":"https:\/\/dev6.erresse-shop.it\/es\/shop\/sartenes-y-ollas\/marmitas-y-cocottes\/staub-cocotte-redonda-de-hierro-fundido-22-cm-negro\/#breadcrumb"},"inLanguage":"es","potentialAction":[{"@type":"ReadAction","target":["https:\/\/dev6.erresse-shop.it\/es\/shop\/sartenes-y-ollas\/marmitas-y-cocottes\/staub-cocotte-redonda-de-hierro-fundido-22-cm-negro\/"]}]},{"@type":"ImageObject","inLanguage":"es","@id":"https:\/\/dev6.erresse-shop.it\/es\/shop\/sartenes-y-ollas\/marmitas-y-cocottes\/staub-cocotte-redonda-de-hierro-fundido-22-cm-negro\/#primaryimage","url":"https:\/\/i1.wp.com\/interpim.erresse-shop.it\/Import\/Prodotti\/staub-cocotte-tonda-ghisa-22cm-nero.jpg?ssl=1","contentUrl":"https:\/\/i1.wp.com\/interpim.erresse-shop.it\/Import\/Prodotti\/staub-cocotte-tonda-ghisa-22cm-nero.jpg?ssl=1"},{"@type":"BreadcrumbList","@id":"https:\/\/dev6.erresse-shop.it\/es\/shop\/sartenes-y-ollas\/marmitas-y-cocottes\/staub-cocotte-redonda-de-hierro-fundido-22-cm-negro\/#breadcrumb","itemListElement":[{"@type":"ListItem","position":1,"name":"Home","item":"https:\/\/dev6.erresse-shop.it\/"},{"@type":"ListItem","position":2,"name":"Tienda","item":"https:\/\/dev6.erresse-shop.it\/shop\/"},{"@type":"ListItem","position":3,"name":"STAUB Cocotte redonda de hierro fundido 22 cm negro"}]},{"@type":"WebSite","@id":"https:\/\/dev6.erresse-shop.it\/#website","url":"https:\/\/dev6.erresse-shop.it\/","name":"Erresse Shop","description":"","publisher":{"@id":"https:\/\/dev6.erresse-shop.it\/#organization"},"potentialAction":[{"@type":"SearchAction","target":{"@type":"EntryPoint","urlTemplate":"https:\/\/dev6.erresse-shop.it\/?s={search_term_string}"},"query-input":{"@type":"PropertyValueSpecification","valueRequired":true,"valueName":"search_term_string"}}],"inLanguage":"es"},{"@type":"Organization","@id":"https:\/\/dev6.erresse-shop.it\/#organization","name":"Erresse Shop","url":"https:\/\/dev6.erresse-shop.it\/","logo":{"@type":"ImageObject","inLanguage":"es","@id":"https:\/\/dev6.erresse-shop.it\/#\/schema\/logo\/image\/","url":"https:\/\/dev6.erresse-shop.it\/wp-content\/uploads\/2025\/01\/LOGO-ERRESSE-CLASSICO.svg","contentUrl":"https:\/\/dev6.erresse-shop.it\/wp-content\/uploads\/2025\/01\/LOGO-ERRESSE-CLASSICO.svg","caption":"Erresse Shop"},"image":{"@id":"https:\/\/dev6.erresse-shop.it\/#\/schema\/logo\/image\/"}}]}},"df_price":159.95,"df_sale_price":159.95,"df_regular_price":249,"df_image_link":"https:\/\/i1.wp.com\/interpim.erresse-shop.it\/Import\/Prodotti\/staub-cocotte-tonda-ghisa-22cm-nero.jpg?resize=300,300&ssl=1","fifu_image_url":"https:\/\/interpim.erresse-shop.it\/Import\/Prodotti\/staub-cocotte-tonda-ghisa-22cm-nero.jpg","_links":{"self":[{"href":"https:\/\/dev6.erresse-shop.it\/es\/wp-json\/wp\/v2\/product\/1883221","targetHints":{"allow":["GET"]}}],"collection":[{"href":"https:\/\/dev6.erresse-shop.it\/es\/wp-json\/wp\/v2\/product"}],"about":[{"href":"https:\/\/dev6.erresse-shop.it\/es\/wp-json\/wp\/v2\/types\/product"}],"wp:featuredmedia":[{"embeddable":true,"href":"https:\/\/dev6.erresse-shop.it\/es\/wp-json\/wp\/v2\/media\/6332138"}],"wp:attachment":[{"href":"https:\/\/dev6.erresse-shop.it\/es\/wp-json\/wp\/v2\/media?parent=1883221"}],"wp:term":[{"taxonomy":"product_cat","embeddable":true,"href":"https:\/\/dev6.erresse-shop.it\/es\/wp-json\/wp\/v2\/product_cat?post=1883221"},{"taxonomy":"product_tag","embeddable":true,"href":"https:\/\/dev6.erresse-shop.it\/es\/wp-json\/wp\/v2\/product_tag?post=1883221"}],"curies":[{"name":"wp","href":"https:\/\/api.w.org\/{rel}","templated":true}]}}