{"id":1883219,"date":"2026-04-10T13:18:40","date_gmt":"2026-04-10T11:18:40","guid":{"rendered":"https:\/\/dev6.erresse-shop.it\/shop\/sin%20categor\u00eda\/staub-sarten-ovalada-para-mejillones-con-tapa-25-cm-negro\/"},"modified":"2025-09-14T10:04:55","modified_gmt":"2025-09-14T08:04:55","slug":"staub-sarten-ovalada-para-mejillones-con-tapa-25-cm-negro","status":"publish","type":"product","link":"https:\/\/dev6.erresse-shop.it\/es\/shop\/sartenes-y-ollas\/ollas-y-cacerolas\/staub-sarten-ovalada-para-mejillones-con-tapa-25-cm-negro\/","title":{"rendered":"STAUB Sart\u00e9n Ovalada para Mejillones con tapa 25 cm Negro"},"content":{"rendered":"<p>Los platos de mejillones no s\u00f3lo se pueden disfrutar en vacaciones, quiz\u00e1 en la terraza de un restaurante de un puerto bret\u00f3n, sino que tambi\u00e9n se pueden preparar f\u00e1cilmente en casa. La fuente para mejillones negros ovalada de Staub est\u00e1 especialmente dise\u00f1ada para preparar platos de mejillones y tambi\u00e9n es un atractivo recipiente para servir en el que presentar dos o tres porciones de mejillones. Esta olla para mariscos Staub est\u00e1 hecha de hierro fundido, un material que mantiene calientes sus platos de mariscos incluso en la mesa. El calor se distribuye uniformemente durante la cocci\u00f3n. La olla tiene un di\u00e1metro de 25 cm, 17,8 cm de ancho, 16,9 cm de alto incluida la tapa y tiene una capacidad de 2 litros. Una rejilla divide el espacio interior en dos partes, una de las cuales est\u00e1 destinada a a\u00f1adir especias y l\u00edquidos. La rejilla de acero inoxidable mantiene los mejillones firmes mientras se vierte el caldo. Puedes utilizar la tapa de la olla para recoger las c\u00e1scaras de los mariscos en la mesa. La olla de hierro fundido para mejillones tiene la forma t\u00edpica de los mejillones. Sirva a sus invitados deliciosos platos en una olla de hierro fundido de estilo \u00fanico dise\u00f1ada para cocinar mejillones.<\/p>\n<p>Una olla ideal para los amantes de los mejillones<br \/>\nColador extra\u00edble para verter salsa<br \/>\nRetenci\u00f3n prolongada del calor<\/p>\n<p>Caracter\u00edsticas del producto:<\/p>\n<p>Resistencia al calor:260 \u00baC<br \/>\nMaterial: hierro fundido<br \/>\nRecubrimiento interno: esmalte<br \/>\nInducci\u00f3n: S\u00ed<br \/>\nApto para horno: S\u00ed<br \/>\nApto para estufa: S\u00ed<br \/>\nApto para lavavajillas: S\u00ed<\/p>\n<p>Dimensiones:<\/p>\n<p>Peso neto: 3,25 kg<br \/>\nCapacidad: 2,00 l<br \/>\nLongitud del producto: 27,70 cm<br \/>\nAncho del producto: 18,00 cm<br \/>\nAltura del producto: 16,90 cm<br \/>\nAltura sin tapa: 9,20 cm<br \/>\nDi\u00e1metro superior: 25,00 cm<br \/>\nDi\u00e1metro del fondo: 9,00 cm<\/p>\n","protected":false},"excerpt":{"rendered":"<p>Los platos de mejillones no s\u00f3lo se pueden disfrutar en vacaciones, quiz\u00e1 en la terraza de un restaurante de un puerto bret\u00f3n, sino que tambi\u00e9n se pueden preparar f\u00e1cilmente en casa. La fuente para mejillones negros ovalada de Staub est\u00e1 especialmente dise\u00f1ada para preparar platos de mejillones y tambi\u00e9n es un atractivo recipiente para servir [&hellip;]<\/p>\n","protected":false},"featured_media":6332129,"template":"","meta":{"_acf_changed":false},"product_cat":[11884,11668,11893,11883],"product_tag":[],"class_list":{"0":"post-1883219","1":"product","2":"type-product","3":"status-publish","4":"has-post-thumbnail","6":"product_cat-cocina","7":"product_cat-cucina","8":"product_cat-ollas-y-cacerolas","9":"product_cat-sartenes-y-ollas","11":"first","12":"instock","13":"sale","14":"taxable","15":"shipping-taxable","16":"purchasable","17":"product-type-simple","swatches":"rey-swatches","show_selected":"","stretch_labels":"rey-swatches--stretch-labels"},"acf":[],"yoast_head":"<!-- This site is optimized with the Yoast SEO plugin v25.4 - https:\/\/yoast.com\/wordpress\/plugins\/seo\/ -->\n<title>STAUB Sart\u00e9n Ovalada para Mejillones con tapa 25 cm Negro - dev6 Erresse<\/title>\n<meta name=\"description\" content=\"Los platos de mejillones no s\u00f3lo se pueden disfrutar en vacaciones, quiz\u00e1 en la terraza de un restaurante de un puerto bret\u00f3n, sino que tambi\u00e9n se pueden\" \/>\n<meta name=\"robots\" content=\"noindex, follow, max-snippet:-1, max-image-preview:large, max-video-preview:-1\" \/>\n<meta property=\"og:locale\" content=\"es_ES\" \/>\n<meta property=\"og:type\" content=\"article\" \/>\n<meta property=\"og:title\" content=\"STAUB Sart\u00e9n Ovalada para Mejillones con tapa 25 cm Negro - dev6 Erresse\" \/>\n<meta property=\"og:description\" content=\"Los platos de mejillones no s\u00f3lo se pueden disfrutar en vacaciones, quiz\u00e1 en la terraza de un restaurante de un puerto bret\u00f3n, sino que tambi\u00e9n se pueden\" \/>\n<meta property=\"og:url\" content=\"https:\/\/dev6.erresse-shop.it\/es\/shop\/sartenes-y-ollas\/ollas-y-cacerolas\/staub-sarten-ovalada-para-mejillones-con-tapa-25-cm-negro\/\" \/>\n<meta property=\"og:site_name\" content=\"dev6 Erresse\" \/>\n<meta property=\"og:image\" content=\"https:\/\/interpim.erresse-shop.it\/Import\/Prodotti\/staub-cozziera-ovale-con-coperchio-25-cm-nero.jpg\" \/><meta property=\"og:image\" content=\"https:\/\/interpim.erresse-shop.it\/Import\/Prodotti\/staub-cozziera-ovale-con-coperchio-25-cm-nero.jpg\" \/>\n\t<meta property=\"og:image:width\" content=\"1024\" \/>\n\t<meta property=\"og:image:height\" content=\"1024\" \/>\n\t<meta property=\"og:image:type\" content=\"image\/jpeg\" \/>\n<meta name=\"twitter:card\" content=\"summary_large_image\" \/>\n<meta name=\"twitter:image\" content=\"https:\/\/interpim.erresse-shop.it\/Import\/Prodotti\/staub-cozziera-ovale-con-coperchio-25-cm-nero.jpg\" \/>\n<script type=\"application\/ld+json\" class=\"yoast-schema-graph\">{\"@context\":\"https:\/\/schema.org\",\"@graph\":[{\"@type\":\"WebPage\",\"@id\":\"https:\/\/dev6.erresse-shop.it\/es\/shop\/sartenes-y-ollas\/ollas-y-cacerolas\/staub-sarten-ovalada-para-mejillones-con-tapa-25-cm-negro\/\",\"url\":\"https:\/\/dev6.erresse-shop.it\/es\/shop\/sartenes-y-ollas\/ollas-y-cacerolas\/staub-sarten-ovalada-para-mejillones-con-tapa-25-cm-negro\/\",\"name\":\"STAUB Sart\u00e9n Ovalada para Mejillones con tapa 25 cm Negro - dev6 Erresse\",\"isPartOf\":{\"@id\":\"https:\/\/dev6.erresse-shop.it\/#website\"},\"primaryImageOfPage\":{\"@id\":\"https:\/\/dev6.erresse-shop.it\/es\/shop\/sartenes-y-ollas\/ollas-y-cacerolas\/staub-sarten-ovalada-para-mejillones-con-tapa-25-cm-negro\/#primaryimage\"},\"image\":{\"@id\":\"https:\/\/dev6.erresse-shop.it\/es\/shop\/sartenes-y-ollas\/ollas-y-cacerolas\/staub-sarten-ovalada-para-mejillones-con-tapa-25-cm-negro\/#primaryimage\"},\"thumbnailUrl\":\"https:\/\/i0.wp.com\/interpim.erresse-shop.it\/Import\/Prodotti\/staub-cozziera-ovale-con-coperchio-25-cm-nero.jpg?ssl=1\",\"datePublished\":\"2026-04-10T11:18:40+00:00\",\"description\":\"Los platos de mejillones no s\u00f3lo se pueden disfrutar en vacaciones, quiz\u00e1 en la terraza de un restaurante de un puerto bret\u00f3n, sino que tambi\u00e9n se pueden\",\"breadcrumb\":{\"@id\":\"https:\/\/dev6.erresse-shop.it\/es\/shop\/sartenes-y-ollas\/ollas-y-cacerolas\/staub-sarten-ovalada-para-mejillones-con-tapa-25-cm-negro\/#breadcrumb\"},\"inLanguage\":\"es\",\"potentialAction\":[{\"@type\":\"ReadAction\",\"target\":[\"https:\/\/dev6.erresse-shop.it\/es\/shop\/sartenes-y-ollas\/ollas-y-cacerolas\/staub-sarten-ovalada-para-mejillones-con-tapa-25-cm-negro\/\"]}]},{\"@type\":\"ImageObject\",\"inLanguage\":\"es\",\"@id\":\"https:\/\/dev6.erresse-shop.it\/es\/shop\/sartenes-y-ollas\/ollas-y-cacerolas\/staub-sarten-ovalada-para-mejillones-con-tapa-25-cm-negro\/#primaryimage\",\"url\":\"https:\/\/i0.wp.com\/interpim.erresse-shop.it\/Import\/Prodotti\/staub-cozziera-ovale-con-coperchio-25-cm-nero.jpg?ssl=1\",\"contentUrl\":\"https:\/\/i0.wp.com\/interpim.erresse-shop.it\/Import\/Prodotti\/staub-cozziera-ovale-con-coperchio-25-cm-nero.jpg?ssl=1\"},{\"@type\":\"BreadcrumbList\",\"@id\":\"https:\/\/dev6.erresse-shop.it\/es\/shop\/sartenes-y-ollas\/ollas-y-cacerolas\/staub-sarten-ovalada-para-mejillones-con-tapa-25-cm-negro\/#breadcrumb\",\"itemListElement\":[{\"@type\":\"ListItem\",\"position\":1,\"name\":\"Home\",\"item\":\"https:\/\/dev6.erresse-shop.it\/\"},{\"@type\":\"ListItem\",\"position\":2,\"name\":\"Tienda\",\"item\":\"https:\/\/dev6.erresse-shop.it\/shop\/\"},{\"@type\":\"ListItem\",\"position\":3,\"name\":\"STAUB Sart\u00e9n Ovalada para Mejillones con tapa 25 cm Negro\"}]},{\"@type\":\"WebSite\",\"@id\":\"https:\/\/dev6.erresse-shop.it\/#website\",\"url\":\"https:\/\/dev6.erresse-shop.it\/\",\"name\":\"Erresse Shop\",\"description\":\"\",\"publisher\":{\"@id\":\"https:\/\/dev6.erresse-shop.it\/#organization\"},\"potentialAction\":[{\"@type\":\"SearchAction\",\"target\":{\"@type\":\"EntryPoint\",\"urlTemplate\":\"https:\/\/dev6.erresse-shop.it\/?s={search_term_string}\"},\"query-input\":{\"@type\":\"PropertyValueSpecification\",\"valueRequired\":true,\"valueName\":\"search_term_string\"}}],\"inLanguage\":\"es\"},{\"@type\":\"Organization\",\"@id\":\"https:\/\/dev6.erresse-shop.it\/#organization\",\"name\":\"Erresse Shop\",\"url\":\"https:\/\/dev6.erresse-shop.it\/\",\"logo\":{\"@type\":\"ImageObject\",\"inLanguage\":\"es\",\"@id\":\"https:\/\/dev6.erresse-shop.it\/#\/schema\/logo\/image\/\",\"url\":\"https:\/\/dev6.erresse-shop.it\/wp-content\/uploads\/2025\/01\/LOGO-ERRESSE-CLASSICO.svg\",\"contentUrl\":\"https:\/\/dev6.erresse-shop.it\/wp-content\/uploads\/2025\/01\/LOGO-ERRESSE-CLASSICO.svg\",\"caption\":\"Erresse Shop\"},\"image\":{\"@id\":\"https:\/\/dev6.erresse-shop.it\/#\/schema\/logo\/image\/\"}}]}<\/script>\n<!-- \/ Yoast SEO plugin. -->","yoast_head_json":{"title":"STAUB Sart\u00e9n Ovalada para Mejillones con tapa 25 cm Negro - dev6 Erresse","description":"Los platos de mejillones no s\u00f3lo se pueden disfrutar en vacaciones, quiz\u00e1 en la terraza de un restaurante de un puerto bret\u00f3n, sino que tambi\u00e9n se pueden","robots":{"index":"noindex","follow":"follow","max-snippet":"max-snippet:-1","max-image-preview":"max-image-preview:large","max-video-preview":"max-video-preview:-1"},"og_locale":"es_ES","og_type":"article","og_title":"STAUB Sart\u00e9n Ovalada para Mejillones con tapa 25 cm Negro - dev6 Erresse","og_description":"Los platos de mejillones no s\u00f3lo se pueden disfrutar en vacaciones, quiz\u00e1 en la terraza de un restaurante de un puerto bret\u00f3n, sino que tambi\u00e9n se pueden","og_url":"https:\/\/dev6.erresse-shop.it\/es\/shop\/sartenes-y-ollas\/ollas-y-cacerolas\/staub-sarten-ovalada-para-mejillones-con-tapa-25-cm-negro\/","og_site_name":"dev6 Erresse","og_image":[{"url":"https:\/\/interpim.erresse-shop.it\/Import\/Prodotti\/staub-cozziera-ovale-con-coperchio-25-cm-nero.jpg","type":"","width":"","height":""},{"url":"https:\/\/interpim.erresse-shop.it\/Import\/Prodotti\/staub-cozziera-ovale-con-coperchio-25-cm-nero.jpg","width":1024,"height":1024,"type":"image\/jpeg"}],"twitter_card":"summary_large_image","twitter_image":"https:\/\/interpim.erresse-shop.it\/Import\/Prodotti\/staub-cozziera-ovale-con-coperchio-25-cm-nero.jpg","schema":{"@context":"https:\/\/schema.org","@graph":[{"@type":"WebPage","@id":"https:\/\/dev6.erresse-shop.it\/es\/shop\/sartenes-y-ollas\/ollas-y-cacerolas\/staub-sarten-ovalada-para-mejillones-con-tapa-25-cm-negro\/","url":"https:\/\/dev6.erresse-shop.it\/es\/shop\/sartenes-y-ollas\/ollas-y-cacerolas\/staub-sarten-ovalada-para-mejillones-con-tapa-25-cm-negro\/","name":"STAUB Sart\u00e9n Ovalada para Mejillones con tapa 25 cm Negro - dev6 Erresse","isPartOf":{"@id":"https:\/\/dev6.erresse-shop.it\/#website"},"primaryImageOfPage":{"@id":"https:\/\/dev6.erresse-shop.it\/es\/shop\/sartenes-y-ollas\/ollas-y-cacerolas\/staub-sarten-ovalada-para-mejillones-con-tapa-25-cm-negro\/#primaryimage"},"image":{"@id":"https:\/\/dev6.erresse-shop.it\/es\/shop\/sartenes-y-ollas\/ollas-y-cacerolas\/staub-sarten-ovalada-para-mejillones-con-tapa-25-cm-negro\/#primaryimage"},"thumbnailUrl":"https:\/\/i0.wp.com\/interpim.erresse-shop.it\/Import\/Prodotti\/staub-cozziera-ovale-con-coperchio-25-cm-nero.jpg?ssl=1","datePublished":"2026-04-10T11:18:40+00:00","description":"Los platos de mejillones no s\u00f3lo se pueden disfrutar en vacaciones, quiz\u00e1 en la terraza de un restaurante de un puerto bret\u00f3n, sino que tambi\u00e9n se pueden","breadcrumb":{"@id":"https:\/\/dev6.erresse-shop.it\/es\/shop\/sartenes-y-ollas\/ollas-y-cacerolas\/staub-sarten-ovalada-para-mejillones-con-tapa-25-cm-negro\/#breadcrumb"},"inLanguage":"es","potentialAction":[{"@type":"ReadAction","target":["https:\/\/dev6.erresse-shop.it\/es\/shop\/sartenes-y-ollas\/ollas-y-cacerolas\/staub-sarten-ovalada-para-mejillones-con-tapa-25-cm-negro\/"]}]},{"@type":"ImageObject","inLanguage":"es","@id":"https:\/\/dev6.erresse-shop.it\/es\/shop\/sartenes-y-ollas\/ollas-y-cacerolas\/staub-sarten-ovalada-para-mejillones-con-tapa-25-cm-negro\/#primaryimage","url":"https:\/\/i0.wp.com\/interpim.erresse-shop.it\/Import\/Prodotti\/staub-cozziera-ovale-con-coperchio-25-cm-nero.jpg?ssl=1","contentUrl":"https:\/\/i0.wp.com\/interpim.erresse-shop.it\/Import\/Prodotti\/staub-cozziera-ovale-con-coperchio-25-cm-nero.jpg?ssl=1"},{"@type":"BreadcrumbList","@id":"https:\/\/dev6.erresse-shop.it\/es\/shop\/sartenes-y-ollas\/ollas-y-cacerolas\/staub-sarten-ovalada-para-mejillones-con-tapa-25-cm-negro\/#breadcrumb","itemListElement":[{"@type":"ListItem","position":1,"name":"Home","item":"https:\/\/dev6.erresse-shop.it\/"},{"@type":"ListItem","position":2,"name":"Tienda","item":"https:\/\/dev6.erresse-shop.it\/shop\/"},{"@type":"ListItem","position":3,"name":"STAUB Sart\u00e9n Ovalada para Mejillones con tapa 25 cm Negro"}]},{"@type":"WebSite","@id":"https:\/\/dev6.erresse-shop.it\/#website","url":"https:\/\/dev6.erresse-shop.it\/","name":"Erresse Shop","description":"","publisher":{"@id":"https:\/\/dev6.erresse-shop.it\/#organization"},"potentialAction":[{"@type":"SearchAction","target":{"@type":"EntryPoint","urlTemplate":"https:\/\/dev6.erresse-shop.it\/?s={search_term_string}"},"query-input":{"@type":"PropertyValueSpecification","valueRequired":true,"valueName":"search_term_string"}}],"inLanguage":"es"},{"@type":"Organization","@id":"https:\/\/dev6.erresse-shop.it\/#organization","name":"Erresse Shop","url":"https:\/\/dev6.erresse-shop.it\/","logo":{"@type":"ImageObject","inLanguage":"es","@id":"https:\/\/dev6.erresse-shop.it\/#\/schema\/logo\/image\/","url":"https:\/\/dev6.erresse-shop.it\/wp-content\/uploads\/2025\/01\/LOGO-ERRESSE-CLASSICO.svg","contentUrl":"https:\/\/dev6.erresse-shop.it\/wp-content\/uploads\/2025\/01\/LOGO-ERRESSE-CLASSICO.svg","caption":"Erresse Shop"},"image":{"@id":"https:\/\/dev6.erresse-shop.it\/#\/schema\/logo\/image\/"}}]}},"df_price":119.95,"df_sale_price":119.95,"df_regular_price":179,"df_image_link":"https:\/\/i0.wp.com\/interpim.erresse-shop.it\/Import\/Prodotti\/staub-cozziera-ovale-con-coperchio-25-cm-nero.jpg?resize=300,300&ssl=1","fifu_image_url":"https:\/\/interpim.erresse-shop.it\/Import\/Prodotti\/staub-cozziera-ovale-con-coperchio-25-cm-nero.jpg","_links":{"self":[{"href":"https:\/\/dev6.erresse-shop.it\/es\/wp-json\/wp\/v2\/product\/1883219","targetHints":{"allow":["GET"]}}],"collection":[{"href":"https:\/\/dev6.erresse-shop.it\/es\/wp-json\/wp\/v2\/product"}],"about":[{"href":"https:\/\/dev6.erresse-shop.it\/es\/wp-json\/wp\/v2\/types\/product"}],"wp:featuredmedia":[{"embeddable":true,"href":"https:\/\/dev6.erresse-shop.it\/es\/wp-json\/wp\/v2\/media\/6332129"}],"wp:attachment":[{"href":"https:\/\/dev6.erresse-shop.it\/es\/wp-json\/wp\/v2\/media?parent=1883219"}],"wp:term":[{"taxonomy":"product_cat","embeddable":true,"href":"https:\/\/dev6.erresse-shop.it\/es\/wp-json\/wp\/v2\/product_cat?post=1883219"},{"taxonomy":"product_tag","embeddable":true,"href":"https:\/\/dev6.erresse-shop.it\/es\/wp-json\/wp\/v2\/product_tag?post=1883219"}],"curies":[{"name":"wp","href":"https:\/\/api.w.org\/{rel}","templated":true}]}}