{"id":1883217,"date":"2026-04-12T12:40:07","date_gmt":"2026-04-12T10:40:07","guid":{"rendered":"https:\/\/dev6.erresse-shop.it\/shop\/sin%20categor\u00eda\/outdoorchef-minichef-barbacoa-de-gas-420-g\/"},"modified":"2026-01-16T22:21:00","modified_gmt":"2026-01-16T21:21:00","slug":"outdoorchef-minichef-barbacoa-de-gas-420-g","status":"publish","type":"product","link":"https:\/\/dev6.erresse-shop.it\/es\/shop\/pequenos-electrodomesticos\/parrillas-y-barbacoas\/outdoorchef-minichef-barbacoa-de-gas-420-g\/","title":{"rendered":"Outdoorchef Minichef Barbacoa de gas 420 G"},"content":{"rendered":"<p>La parrilla compacta perfecta para cualquier ocasi\u00f3n<br \/>\nLa parrilla a gas Outdoorchef Minichef 420 es la soluci\u00f3n ideal para aquellos que buscan un dispositivo compacto sin renunciar a la calidad de la cocci\u00f3n. Gracias a su dise\u00f1o esf\u00e9rico y a la temperatura ajustable entre 180\u00b0C y 340\u00b0C, permite preparar filetes tiernos, hamburguesas jugosas, pescado fino y verduras sabrosas, adem\u00e1s de postres, pan y pizza.<\/p>\n<p>Expandable para una versatilidad ilimitada<br \/>\nA pesar de su tama\u00f1o reducido, esta parrilla puede expandirse con la Minichef Station, una base estable que la hace a\u00fan m\u00e1s pr\u00e1ctica y adecuada para cualquier necesidad culinaria. Perfecta para quienes desean una soluci\u00f3n flexible, es el aliado ideal para balcones, terrazas y peque\u00f1os espacios exteriores.<\/p>\n<p>Materiales de alta calidad para una larga durabilidad<br \/>\nFabricada en porcelana resistente, la Minichef 420 est\u00e1 dise\u00f1ada para garantizar una larga durabilidad y un excelente rendimiento. La potencia del quemador de 4,3 kW asegura una cocci\u00f3n uniforme y \u00f3ptima para cualquier platillo.<\/p>\n<p>Facilidad de limpieza y mantenimiento<br \/>\nUno de los puntos fuertes de esta parrilla es su pr\u00e1ctico sistema de embudo, que facilita la limpieza evitando la acumulaci\u00f3n de grasa y residuos de comida. Gracias a esta tecnolog\u00eda, el mantenimiento es r\u00e1pido y eficaz, permiti\u00e9ndote dedicar m\u00e1s tiempo al placer de asar.<\/p>\n<p>Tama\u00f1o compacto y m\u00e1xima practicidad<br \/>\nCon un di\u00e1metro de parrilla de 39,5 cm y un peso de solo 13,8 kg, la Minichef 420 es f\u00e1cil de transportar y colocar. Su tama\u00f1o compacto la hace perfecta para quienes buscan una parrilla de calidad que no ocupe demasiado espacio, pero que a\u00fan ofrezca un alto rendimiento en cualquier ocasi\u00f3n.<\/p>\n<p>Caracter\u00edsticas t\u00e9cnicas<\/p>\n<p>180-340 \u00b0C para filetes tiernos, hamburguesas jugosas, pescado fino, verduras deliciosas, adem\u00e1s de postres, pan y pizza<br \/>\nExpandable a gusto con la Minichef Station (base estable)<br \/>\nLimpieza f\u00e1cil y r\u00e1pida gracias al pr\u00e1ctico sistema de embudo<br \/>\nMateriales de alta calidad y construcci\u00f3n robusta<\/p>\n<p>Dimensiones:<\/p>\n<p>Ancho: 43 cm<br \/>\nAltura: 78 cm<br \/>\nProfundidad: 53 cm<\/p>\n","protected":false},"excerpt":{"rendered":"<p>La parrilla compacta perfecta para cualquier ocasi\u00f3n La parrilla a gas Outdoorchef Minichef 420 es la soluci\u00f3n ideal para aquellos que buscan un dispositivo compacto sin renunciar a la calidad de la cocci\u00f3n. Gracias a su dise\u00f1o esf\u00e9rico y a la temperatura ajustable entre 180\u00b0C y 340\u00b0C, permite preparar filetes tiernos, hamburguesas jugosas, pescado fino [&hellip;]<\/p>\n","protected":false},"featured_media":6373757,"template":"","meta":{"_acf_changed":false},"product_cat":[11979,11947],"product_tag":[],"class_list":{"0":"post-1883217","1":"product","2":"type-product","3":"status-publish","4":"has-post-thumbnail","6":"product_cat-parrillas-y-barbacoas","7":"product_cat-pequenos-electrodomesticos","9":"first","10":"instock","11":"sale","12":"taxable","13":"shipping-taxable","14":"purchasable","15":"product-type-simple","swatches":"rey-swatches","show_selected":"","stretch_labels":"rey-swatches--stretch-labels"},"acf":[],"yoast_head":"<!-- This site is optimized with the Yoast SEO plugin v25.4 - https:\/\/yoast.com\/wordpress\/plugins\/seo\/ -->\n<title>Outdoorchef Minichef Barbacoa de gas 420 G - dev6 Erresse<\/title>\n<meta name=\"description\" content=\"La parrilla compacta perfecta para cualquier ocasi\u00f3n La parrilla a gas Outdoorchef Minichef 420 es la soluci\u00f3n ideal para aquellos que buscan un\" \/>\n<meta name=\"robots\" content=\"noindex, follow, max-snippet:-1, max-image-preview:large, max-video-preview:-1\" \/>\n<meta property=\"og:locale\" content=\"es_ES\" \/>\n<meta property=\"og:type\" content=\"article\" \/>\n<meta property=\"og:title\" content=\"Outdoorchef Minichef Barbacoa de gas 420 G - dev6 Erresse\" \/>\n<meta property=\"og:description\" content=\"La parrilla compacta perfecta para cualquier ocasi\u00f3n La parrilla a gas Outdoorchef Minichef 420 es la soluci\u00f3n ideal para aquellos que buscan un\" \/>\n<meta property=\"og:url\" content=\"https:\/\/dev6.erresse-shop.it\/es\/shop\/pequenos-electrodomesticos\/parrillas-y-barbacoas\/outdoorchef-minichef-barbacoa-de-gas-420-g\/\" \/>\n<meta property=\"og:site_name\" content=\"dev6 Erresse\" \/>\n<meta property=\"og:image\" content=\"https:\/\/interpim.erresse-shop.it\/Import\/Prodotti\/outdoorchef-minichef-barbecue-a-gas-420-g.jpg\" \/><meta property=\"og:image\" content=\"https:\/\/interpim.erresse-shop.it\/Import\/Prodotti\/outdoorchef-minichef-barbecue-a-gas-420-g.jpg\" \/>\n\t<meta property=\"og:image:width\" content=\"1024\" \/>\n\t<meta property=\"og:image:height\" content=\"1024\" \/>\n\t<meta property=\"og:image:type\" content=\"image\/jpeg\" \/>\n<meta name=\"twitter:card\" content=\"summary_large_image\" \/>\n<meta name=\"twitter:image\" content=\"https:\/\/interpim.erresse-shop.it\/Import\/Prodotti\/outdoorchef-minichef-barbecue-a-gas-420-g.jpg\" \/>\n<script type=\"application\/ld+json\" class=\"yoast-schema-graph\">{\"@context\":\"https:\/\/schema.org\",\"@graph\":[{\"@type\":\"WebPage\",\"@id\":\"https:\/\/dev6.erresse-shop.it\/es\/shop\/pequenos-electrodomesticos\/parrillas-y-barbacoas\/outdoorchef-minichef-barbacoa-de-gas-420-g\/\",\"url\":\"https:\/\/dev6.erresse-shop.it\/es\/shop\/pequenos-electrodomesticos\/parrillas-y-barbacoas\/outdoorchef-minichef-barbacoa-de-gas-420-g\/\",\"name\":\"Outdoorchef Minichef Barbacoa de gas 420 G - dev6 Erresse\",\"isPartOf\":{\"@id\":\"https:\/\/dev6.erresse-shop.it\/#website\"},\"primaryImageOfPage\":{\"@id\":\"https:\/\/dev6.erresse-shop.it\/es\/shop\/pequenos-electrodomesticos\/parrillas-y-barbacoas\/outdoorchef-minichef-barbacoa-de-gas-420-g\/#primaryimage\"},\"image\":{\"@id\":\"https:\/\/dev6.erresse-shop.it\/es\/shop\/pequenos-electrodomesticos\/parrillas-y-barbacoas\/outdoorchef-minichef-barbacoa-de-gas-420-g\/#primaryimage\"},\"thumbnailUrl\":\"https:\/\/i1.wp.com\/interpim.erresse-shop.it\/Import\/Prodotti\/outdoorchef-minichef-barbecue-a-gas-420-g.jpg?ssl=1\",\"datePublished\":\"2026-04-12T10:40:07+00:00\",\"description\":\"La parrilla compacta perfecta para cualquier ocasi\u00f3n La parrilla a gas Outdoorchef Minichef 420 es la soluci\u00f3n ideal para aquellos que buscan un\",\"breadcrumb\":{\"@id\":\"https:\/\/dev6.erresse-shop.it\/es\/shop\/pequenos-electrodomesticos\/parrillas-y-barbacoas\/outdoorchef-minichef-barbacoa-de-gas-420-g\/#breadcrumb\"},\"inLanguage\":\"es\",\"potentialAction\":[{\"@type\":\"ReadAction\",\"target\":[\"https:\/\/dev6.erresse-shop.it\/es\/shop\/pequenos-electrodomesticos\/parrillas-y-barbacoas\/outdoorchef-minichef-barbacoa-de-gas-420-g\/\"]}]},{\"@type\":\"ImageObject\",\"inLanguage\":\"es\",\"@id\":\"https:\/\/dev6.erresse-shop.it\/es\/shop\/pequenos-electrodomesticos\/parrillas-y-barbacoas\/outdoorchef-minichef-barbacoa-de-gas-420-g\/#primaryimage\",\"url\":\"https:\/\/i1.wp.com\/interpim.erresse-shop.it\/Import\/Prodotti\/outdoorchef-minichef-barbecue-a-gas-420-g.jpg?ssl=1\",\"contentUrl\":\"https:\/\/i1.wp.com\/interpim.erresse-shop.it\/Import\/Prodotti\/outdoorchef-minichef-barbecue-a-gas-420-g.jpg?ssl=1\"},{\"@type\":\"BreadcrumbList\",\"@id\":\"https:\/\/dev6.erresse-shop.it\/es\/shop\/pequenos-electrodomesticos\/parrillas-y-barbacoas\/outdoorchef-minichef-barbacoa-de-gas-420-g\/#breadcrumb\",\"itemListElement\":[{\"@type\":\"ListItem\",\"position\":1,\"name\":\"Home\",\"item\":\"https:\/\/dev6.erresse-shop.it\/\"},{\"@type\":\"ListItem\",\"position\":2,\"name\":\"Tienda\",\"item\":\"https:\/\/dev6.erresse-shop.it\/shop\/\"},{\"@type\":\"ListItem\",\"position\":3,\"name\":\"Outdoorchef Minichef Barbacoa de gas 420 G\"}]},{\"@type\":\"WebSite\",\"@id\":\"https:\/\/dev6.erresse-shop.it\/#website\",\"url\":\"https:\/\/dev6.erresse-shop.it\/\",\"name\":\"Erresse Shop\",\"description\":\"\",\"publisher\":{\"@id\":\"https:\/\/dev6.erresse-shop.it\/#organization\"},\"potentialAction\":[{\"@type\":\"SearchAction\",\"target\":{\"@type\":\"EntryPoint\",\"urlTemplate\":\"https:\/\/dev6.erresse-shop.it\/?s={search_term_string}\"},\"query-input\":{\"@type\":\"PropertyValueSpecification\",\"valueRequired\":true,\"valueName\":\"search_term_string\"}}],\"inLanguage\":\"es\"},{\"@type\":\"Organization\",\"@id\":\"https:\/\/dev6.erresse-shop.it\/#organization\",\"name\":\"Erresse Shop\",\"url\":\"https:\/\/dev6.erresse-shop.it\/\",\"logo\":{\"@type\":\"ImageObject\",\"inLanguage\":\"es\",\"@id\":\"https:\/\/dev6.erresse-shop.it\/#\/schema\/logo\/image\/\",\"url\":\"https:\/\/dev6.erresse-shop.it\/wp-content\/uploads\/2025\/01\/LOGO-ERRESSE-CLASSICO.svg\",\"contentUrl\":\"https:\/\/dev6.erresse-shop.it\/wp-content\/uploads\/2025\/01\/LOGO-ERRESSE-CLASSICO.svg\",\"caption\":\"Erresse Shop\"},\"image\":{\"@id\":\"https:\/\/dev6.erresse-shop.it\/#\/schema\/logo\/image\/\"}}]}<\/script>\n<!-- \/ Yoast SEO plugin. -->","yoast_head_json":{"title":"Outdoorchef Minichef Barbacoa de gas 420 G - dev6 Erresse","description":"La parrilla compacta perfecta para cualquier ocasi\u00f3n La parrilla a gas Outdoorchef Minichef 420 es la soluci\u00f3n ideal para aquellos que buscan un","robots":{"index":"noindex","follow":"follow","max-snippet":"max-snippet:-1","max-image-preview":"max-image-preview:large","max-video-preview":"max-video-preview:-1"},"og_locale":"es_ES","og_type":"article","og_title":"Outdoorchef Minichef Barbacoa de gas 420 G - dev6 Erresse","og_description":"La parrilla compacta perfecta para cualquier ocasi\u00f3n La parrilla a gas Outdoorchef Minichef 420 es la soluci\u00f3n ideal para aquellos que buscan un","og_url":"https:\/\/dev6.erresse-shop.it\/es\/shop\/pequenos-electrodomesticos\/parrillas-y-barbacoas\/outdoorchef-minichef-barbacoa-de-gas-420-g\/","og_site_name":"dev6 Erresse","og_image":[{"url":"https:\/\/interpim.erresse-shop.it\/Import\/Prodotti\/outdoorchef-minichef-barbecue-a-gas-420-g.jpg","type":"","width":"","height":""},{"url":"https:\/\/interpim.erresse-shop.it\/Import\/Prodotti\/outdoorchef-minichef-barbecue-a-gas-420-g.jpg","width":1024,"height":1024,"type":"image\/jpeg"}],"twitter_card":"summary_large_image","twitter_image":"https:\/\/interpim.erresse-shop.it\/Import\/Prodotti\/outdoorchef-minichef-barbecue-a-gas-420-g.jpg","schema":{"@context":"https:\/\/schema.org","@graph":[{"@type":"WebPage","@id":"https:\/\/dev6.erresse-shop.it\/es\/shop\/pequenos-electrodomesticos\/parrillas-y-barbacoas\/outdoorchef-minichef-barbacoa-de-gas-420-g\/","url":"https:\/\/dev6.erresse-shop.it\/es\/shop\/pequenos-electrodomesticos\/parrillas-y-barbacoas\/outdoorchef-minichef-barbacoa-de-gas-420-g\/","name":"Outdoorchef Minichef Barbacoa de gas 420 G - dev6 Erresse","isPartOf":{"@id":"https:\/\/dev6.erresse-shop.it\/#website"},"primaryImageOfPage":{"@id":"https:\/\/dev6.erresse-shop.it\/es\/shop\/pequenos-electrodomesticos\/parrillas-y-barbacoas\/outdoorchef-minichef-barbacoa-de-gas-420-g\/#primaryimage"},"image":{"@id":"https:\/\/dev6.erresse-shop.it\/es\/shop\/pequenos-electrodomesticos\/parrillas-y-barbacoas\/outdoorchef-minichef-barbacoa-de-gas-420-g\/#primaryimage"},"thumbnailUrl":"https:\/\/i1.wp.com\/interpim.erresse-shop.it\/Import\/Prodotti\/outdoorchef-minichef-barbecue-a-gas-420-g.jpg?ssl=1","datePublished":"2026-04-12T10:40:07+00:00","description":"La parrilla compacta perfecta para cualquier ocasi\u00f3n La parrilla a gas Outdoorchef Minichef 420 es la soluci\u00f3n ideal para aquellos que buscan un","breadcrumb":{"@id":"https:\/\/dev6.erresse-shop.it\/es\/shop\/pequenos-electrodomesticos\/parrillas-y-barbacoas\/outdoorchef-minichef-barbacoa-de-gas-420-g\/#breadcrumb"},"inLanguage":"es","potentialAction":[{"@type":"ReadAction","target":["https:\/\/dev6.erresse-shop.it\/es\/shop\/pequenos-electrodomesticos\/parrillas-y-barbacoas\/outdoorchef-minichef-barbacoa-de-gas-420-g\/"]}]},{"@type":"ImageObject","inLanguage":"es","@id":"https:\/\/dev6.erresse-shop.it\/es\/shop\/pequenos-electrodomesticos\/parrillas-y-barbacoas\/outdoorchef-minichef-barbacoa-de-gas-420-g\/#primaryimage","url":"https:\/\/i1.wp.com\/interpim.erresse-shop.it\/Import\/Prodotti\/outdoorchef-minichef-barbecue-a-gas-420-g.jpg?ssl=1","contentUrl":"https:\/\/i1.wp.com\/interpim.erresse-shop.it\/Import\/Prodotti\/outdoorchef-minichef-barbecue-a-gas-420-g.jpg?ssl=1"},{"@type":"BreadcrumbList","@id":"https:\/\/dev6.erresse-shop.it\/es\/shop\/pequenos-electrodomesticos\/parrillas-y-barbacoas\/outdoorchef-minichef-barbacoa-de-gas-420-g\/#breadcrumb","itemListElement":[{"@type":"ListItem","position":1,"name":"Home","item":"https:\/\/dev6.erresse-shop.it\/"},{"@type":"ListItem","position":2,"name":"Tienda","item":"https:\/\/dev6.erresse-shop.it\/shop\/"},{"@type":"ListItem","position":3,"name":"Outdoorchef Minichef Barbacoa de gas 420 G"}]},{"@type":"WebSite","@id":"https:\/\/dev6.erresse-shop.it\/#website","url":"https:\/\/dev6.erresse-shop.it\/","name":"Erresse Shop","description":"","publisher":{"@id":"https:\/\/dev6.erresse-shop.it\/#organization"},"potentialAction":[{"@type":"SearchAction","target":{"@type":"EntryPoint","urlTemplate":"https:\/\/dev6.erresse-shop.it\/?s={search_term_string}"},"query-input":{"@type":"PropertyValueSpecification","valueRequired":true,"valueName":"search_term_string"}}],"inLanguage":"es"},{"@type":"Organization","@id":"https:\/\/dev6.erresse-shop.it\/#organization","name":"Erresse Shop","url":"https:\/\/dev6.erresse-shop.it\/","logo":{"@type":"ImageObject","inLanguage":"es","@id":"https:\/\/dev6.erresse-shop.it\/#\/schema\/logo\/image\/","url":"https:\/\/dev6.erresse-shop.it\/wp-content\/uploads\/2025\/01\/LOGO-ERRESSE-CLASSICO.svg","contentUrl":"https:\/\/dev6.erresse-shop.it\/wp-content\/uploads\/2025\/01\/LOGO-ERRESSE-CLASSICO.svg","caption":"Erresse Shop"},"image":{"@id":"https:\/\/dev6.erresse-shop.it\/#\/schema\/logo\/image\/"}}]}},"df_price":319,"df_sale_price":319,"df_regular_price":399,"df_image_link":"https:\/\/i1.wp.com\/interpim.erresse-shop.it\/Import\/Prodotti\/outdoorchef-minichef-barbecue-a-gas-420-g.jpg?resize=300,300&ssl=1","fifu_image_url":"https:\/\/interpim.erresse-shop.it\/Import\/Prodotti\/outdoorchef-minichef-barbecue-a-gas-420-g.jpg","_links":{"self":[{"href":"https:\/\/dev6.erresse-shop.it\/es\/wp-json\/wp\/v2\/product\/1883217","targetHints":{"allow":["GET"]}}],"collection":[{"href":"https:\/\/dev6.erresse-shop.it\/es\/wp-json\/wp\/v2\/product"}],"about":[{"href":"https:\/\/dev6.erresse-shop.it\/es\/wp-json\/wp\/v2\/types\/product"}],"wp:featuredmedia":[{"embeddable":true,"href":"https:\/\/dev6.erresse-shop.it\/es\/wp-json\/wp\/v2\/media\/6373757"}],"wp:attachment":[{"href":"https:\/\/dev6.erresse-shop.it\/es\/wp-json\/wp\/v2\/media?parent=1883217"}],"wp:term":[{"taxonomy":"product_cat","embeddable":true,"href":"https:\/\/dev6.erresse-shop.it\/es\/wp-json\/wp\/v2\/product_cat?post=1883217"},{"taxonomy":"product_tag","embeddable":true,"href":"https:\/\/dev6.erresse-shop.it\/es\/wp-json\/wp\/v2\/product_tag?post=1883217"}],"curies":[{"name":"wp","href":"https:\/\/api.w.org\/{rel}","templated":true}]}}