{"id":1883211,"date":"2026-04-04T12:34:53","date_gmt":"2026-04-04T10:34:53","guid":{"rendered":"https:\/\/dev6.erresse-shop.it\/shop\/sin%20categor\u00eda\/outdoorchef-minichef-barbacoa-electrica-420-e\/"},"modified":"2026-01-16T22:20:59","modified_gmt":"2026-01-16T21:20:59","slug":"outdoorchef-minichef-barbacoa-electrica-420-e","status":"publish","type":"product","link":"https:\/\/dev6.erresse-shop.it\/es\/shop\/pequenos-electrodomesticos\/parrillas-y-barbacoas\/outdoorchef-minichef-barbacoa-electrica-420-e\/","title":{"rendered":"Outdoorchef Minichef Barbacoa El\u00e9ctrica 420 E"},"content":{"rendered":"<p>Listo para enfrentar cualquier desaf\u00edo<br \/>\nEl barbecue el\u00e9ctrico Outdoorchef Minichef 420 E es la soluci\u00f3n perfecta para quienes desean una experiencia de parrillada sin gas ni carb\u00f3n. Con una temperatura ajustable entre 120\u00b0C y 300\u00b0C y 7 niveles de calor, permite cocinar carne, pescado, verduras e incluso pan y pizza con resultados excepcionales.Innovaci\u00f3n tecnol\u00f3gica para una cocci\u00f3n perfecta<\/p>\n<p>Gracias a su innovadora protecci\u00f3n de aluminio, este barbecue alcanza temperaturas superiores a la media, garantizando una distribuci\u00f3n uniforme del calor. La espiral calefactora de 2 kW asegura una cocci\u00f3n r\u00e1pida y eficiente, ideal para quienes disfrutan de la parrillada sin largas esperas.<\/p>\n<p>Dise\u00f1o compacto y vers\u00e1til<\/p>\n<p>El Minichef 420 E es compacto y f\u00e1cil de ubicar, perfecto para balcones, terrazas y espacios peque\u00f1os. Se puede expandir con la Minichef Station, una base estable que ofrece mayor comodidad durante la cocci\u00f3n y espacio extra para accesorios.<\/p>\n<p>Limpieza f\u00e1cil con el sistema de embudo<\/p>\n<p>\u00a1Olv\u00eddate de la molestia de la limpieza! El sistema de embudo previene el goteo de grasa y reduce la formaci\u00f3n de humo, haciendo que el mantenimiento sea r\u00e1pido y sin esfuerzo. Este mecanismo innovador garantiza una cocci\u00f3n m\u00e1s limpia y segura.<\/p>\n<p>Calidad y durabilidad para cada parrillada<\/p>\n<p>Fabricado en porcelanato y con una construcci\u00f3n robusta, el Minichef 420 E est\u00e1 dise\u00f1ado para durar. Con una parrilla de 39,5 cm de di\u00e1metro y un peso de 13,7 kg, es la elecci\u00f3n ideal para quienes buscan un barbecue el\u00e9ctrico pr\u00e1ctico y de alto rendimiento.<\/p>\n<p>Caracter\u00edsticas t\u00e9cnicas<\/p>\n<p>120-300 \u00b0C para excepcionales bisteques, pescado y verduras a la parrilla, incluso pan o pizza crujiente<br \/>\nTemperatura superior a la media gracias a la innovadora protecci\u00f3n de aluminio, 7 niveles de calor<br \/>\nExpansible seg\u00fan se desee con la Minichef Station (base estable)<br \/>\nLimpieza f\u00e1cil y r\u00e1pida gracias al pr\u00e1ctico sistema de embudo<br \/>\nAlta calidad de materiales y construcci\u00f3n robusta<\/p>\n<p>Detalles de la parrilla:<\/p>\n<p>Di\u00e1metro de la superficie de la parrilla: 39,5 cm<br \/>\n\u00c1rea de la parrilla: 1225 cm\u00b2<br \/>\nMaterial de la parrilla: acero esmaltado en porcelana<\/p>\n<p>Dimensiones:<\/p>\n<p>Ancho: 78 cm<br \/>\nAltura: 94 cm<br \/>\nProfundidad: 52 cm<br \/>\nAncho de la parrilla con estantes laterales abatidos: 43 cm<br \/>\nAltura de trabajo: 30 cm<br \/>\nPeso del producto: 13,7 kg<\/p>\n<p>Material:<\/p>\n<p>Material de la c\u00e1mara del quemador: acero esmaltado en porcelana<br \/>\nMaterial de la tapa: acero esmaltado en porcelana<br \/>\nMaterial de la base m\u00f3vil \/ estructura de la base: pl\u00e1stico<\/p>\n","protected":false},"excerpt":{"rendered":"<p>Listo para enfrentar cualquier desaf\u00edo El barbecue el\u00e9ctrico Outdoorchef Minichef 420 E es la soluci\u00f3n perfecta para quienes desean una experiencia de parrillada sin gas ni carb\u00f3n. Con una temperatura ajustable entre 120\u00b0C y 300\u00b0C y 7 niveles de calor, permite cocinar carne, pescado, verduras e incluso pan y pizza con resultados excepcionales.Innovaci\u00f3n tecnol\u00f3gica para [&hellip;]<\/p>\n","protected":false},"featured_media":6290463,"template":"","meta":{"_acf_changed":false},"product_cat":[11979,11947],"product_tag":[],"class_list":{"0":"post-1883211","1":"product","2":"type-product","3":"status-publish","4":"has-post-thumbnail","6":"product_cat-parrillas-y-barbacoas","7":"product_cat-pequenos-electrodomesticos","9":"first","10":"instock","11":"sale","12":"taxable","13":"shipping-taxable","14":"purchasable","15":"product-type-simple","swatches":"rey-swatches","show_selected":"","stretch_labels":"rey-swatches--stretch-labels"},"acf":[],"yoast_head":"<!-- This site is optimized with the Yoast SEO plugin v25.4 - https:\/\/yoast.com\/wordpress\/plugins\/seo\/ -->\n<title>Outdoorchef Minichef Barbacoa El\u00e9ctrica 420 E - dev6 Erresse<\/title>\n<meta name=\"description\" content=\"Listo para enfrentar cualquier desaf\u00edo El barbecue el\u00e9ctrico Outdoorchef Minichef 420 E es la soluci\u00f3n perfecta para quienes desean una experiencia de\" \/>\n<meta name=\"robots\" content=\"noindex, follow, max-snippet:-1, max-image-preview:large, max-video-preview:-1\" \/>\n<meta property=\"og:locale\" content=\"es_ES\" \/>\n<meta property=\"og:type\" content=\"article\" \/>\n<meta property=\"og:title\" content=\"Outdoorchef Minichef Barbacoa El\u00e9ctrica 420 E - dev6 Erresse\" \/>\n<meta property=\"og:description\" content=\"Listo para enfrentar cualquier desaf\u00edo El barbecue el\u00e9ctrico Outdoorchef Minichef 420 E es la soluci\u00f3n perfecta para quienes desean una experiencia de\" \/>\n<meta property=\"og:url\" content=\"https:\/\/dev6.erresse-shop.it\/es\/shop\/pequenos-electrodomesticos\/parrillas-y-barbacoas\/outdoorchef-minichef-barbacoa-electrica-420-e\/\" \/>\n<meta property=\"og:site_name\" content=\"dev6 Erresse\" \/>\n<meta property=\"og:image\" content=\"https:\/\/interpim.erresse-shop.it\/Import\/Prodotti\/outdoorchef-minichef-barbecue-elettrico-420-e.jpg\" \/><meta property=\"og:image\" content=\"https:\/\/interpim.erresse-shop.it\/Import\/Prodotti\/outdoorchef-minichef-barbecue-elettrico-420-e.jpg\" \/>\n\t<meta property=\"og:image:width\" content=\"1024\" \/>\n\t<meta property=\"og:image:height\" content=\"1024\" \/>\n\t<meta property=\"og:image:type\" content=\"image\/jpeg\" \/>\n<meta name=\"twitter:card\" content=\"summary_large_image\" \/>\n<meta name=\"twitter:image\" content=\"https:\/\/interpim.erresse-shop.it\/Import\/Prodotti\/outdoorchef-minichef-barbecue-elettrico-420-e.jpg\" \/>\n<script type=\"application\/ld+json\" class=\"yoast-schema-graph\">{\"@context\":\"https:\/\/schema.org\",\"@graph\":[{\"@type\":\"WebPage\",\"@id\":\"https:\/\/dev6.erresse-shop.it\/es\/shop\/pequenos-electrodomesticos\/parrillas-y-barbacoas\/outdoorchef-minichef-barbacoa-electrica-420-e\/\",\"url\":\"https:\/\/dev6.erresse-shop.it\/es\/shop\/pequenos-electrodomesticos\/parrillas-y-barbacoas\/outdoorchef-minichef-barbacoa-electrica-420-e\/\",\"name\":\"Outdoorchef Minichef Barbacoa El\u00e9ctrica 420 E - dev6 Erresse\",\"isPartOf\":{\"@id\":\"https:\/\/dev6.erresse-shop.it\/#website\"},\"primaryImageOfPage\":{\"@id\":\"https:\/\/dev6.erresse-shop.it\/es\/shop\/pequenos-electrodomesticos\/parrillas-y-barbacoas\/outdoorchef-minichef-barbacoa-electrica-420-e\/#primaryimage\"},\"image\":{\"@id\":\"https:\/\/dev6.erresse-shop.it\/es\/shop\/pequenos-electrodomesticos\/parrillas-y-barbacoas\/outdoorchef-minichef-barbacoa-electrica-420-e\/#primaryimage\"},\"thumbnailUrl\":\"https:\/\/i3.wp.com\/interpim.erresse-shop.it\/Import\/Prodotti\/outdoorchef-minichef-barbecue-elettrico-420-e.jpg?ssl=1\",\"datePublished\":\"2026-04-04T10:34:53+00:00\",\"description\":\"Listo para enfrentar cualquier desaf\u00edo El barbecue el\u00e9ctrico Outdoorchef Minichef 420 E es la soluci\u00f3n perfecta para quienes desean una experiencia de\",\"breadcrumb\":{\"@id\":\"https:\/\/dev6.erresse-shop.it\/es\/shop\/pequenos-electrodomesticos\/parrillas-y-barbacoas\/outdoorchef-minichef-barbacoa-electrica-420-e\/#breadcrumb\"},\"inLanguage\":\"es\",\"potentialAction\":[{\"@type\":\"ReadAction\",\"target\":[\"https:\/\/dev6.erresse-shop.it\/es\/shop\/pequenos-electrodomesticos\/parrillas-y-barbacoas\/outdoorchef-minichef-barbacoa-electrica-420-e\/\"]}]},{\"@type\":\"ImageObject\",\"inLanguage\":\"es\",\"@id\":\"https:\/\/dev6.erresse-shop.it\/es\/shop\/pequenos-electrodomesticos\/parrillas-y-barbacoas\/outdoorchef-minichef-barbacoa-electrica-420-e\/#primaryimage\",\"url\":\"https:\/\/i3.wp.com\/interpim.erresse-shop.it\/Import\/Prodotti\/outdoorchef-minichef-barbecue-elettrico-420-e.jpg?ssl=1\",\"contentUrl\":\"https:\/\/i3.wp.com\/interpim.erresse-shop.it\/Import\/Prodotti\/outdoorchef-minichef-barbecue-elettrico-420-e.jpg?ssl=1\"},{\"@type\":\"BreadcrumbList\",\"@id\":\"https:\/\/dev6.erresse-shop.it\/es\/shop\/pequenos-electrodomesticos\/parrillas-y-barbacoas\/outdoorchef-minichef-barbacoa-electrica-420-e\/#breadcrumb\",\"itemListElement\":[{\"@type\":\"ListItem\",\"position\":1,\"name\":\"Home\",\"item\":\"https:\/\/dev6.erresse-shop.it\/\"},{\"@type\":\"ListItem\",\"position\":2,\"name\":\"Tienda\",\"item\":\"https:\/\/dev6.erresse-shop.it\/shop\/\"},{\"@type\":\"ListItem\",\"position\":3,\"name\":\"Outdoorchef Minichef Barbacoa El\u00e9ctrica 420 E\"}]},{\"@type\":\"WebSite\",\"@id\":\"https:\/\/dev6.erresse-shop.it\/#website\",\"url\":\"https:\/\/dev6.erresse-shop.it\/\",\"name\":\"Erresse Shop\",\"description\":\"\",\"publisher\":{\"@id\":\"https:\/\/dev6.erresse-shop.it\/#organization\"},\"potentialAction\":[{\"@type\":\"SearchAction\",\"target\":{\"@type\":\"EntryPoint\",\"urlTemplate\":\"https:\/\/dev6.erresse-shop.it\/?s={search_term_string}\"},\"query-input\":{\"@type\":\"PropertyValueSpecification\",\"valueRequired\":true,\"valueName\":\"search_term_string\"}}],\"inLanguage\":\"es\"},{\"@type\":\"Organization\",\"@id\":\"https:\/\/dev6.erresse-shop.it\/#organization\",\"name\":\"Erresse Shop\",\"url\":\"https:\/\/dev6.erresse-shop.it\/\",\"logo\":{\"@type\":\"ImageObject\",\"inLanguage\":\"es\",\"@id\":\"https:\/\/dev6.erresse-shop.it\/#\/schema\/logo\/image\/\",\"url\":\"https:\/\/dev6.erresse-shop.it\/wp-content\/uploads\/2025\/01\/LOGO-ERRESSE-CLASSICO.svg\",\"contentUrl\":\"https:\/\/dev6.erresse-shop.it\/wp-content\/uploads\/2025\/01\/LOGO-ERRESSE-CLASSICO.svg\",\"caption\":\"Erresse Shop\"},\"image\":{\"@id\":\"https:\/\/dev6.erresse-shop.it\/#\/schema\/logo\/image\/\"}}]}<\/script>\n<!-- \/ Yoast SEO plugin. -->","yoast_head_json":{"title":"Outdoorchef Minichef Barbacoa El\u00e9ctrica 420 E - dev6 Erresse","description":"Listo para enfrentar cualquier desaf\u00edo El barbecue el\u00e9ctrico Outdoorchef Minichef 420 E es la soluci\u00f3n perfecta para quienes desean una experiencia de","robots":{"index":"noindex","follow":"follow","max-snippet":"max-snippet:-1","max-image-preview":"max-image-preview:large","max-video-preview":"max-video-preview:-1"},"og_locale":"es_ES","og_type":"article","og_title":"Outdoorchef Minichef Barbacoa El\u00e9ctrica 420 E - dev6 Erresse","og_description":"Listo para enfrentar cualquier desaf\u00edo El barbecue el\u00e9ctrico Outdoorchef Minichef 420 E es la soluci\u00f3n perfecta para quienes desean una experiencia de","og_url":"https:\/\/dev6.erresse-shop.it\/es\/shop\/pequenos-electrodomesticos\/parrillas-y-barbacoas\/outdoorchef-minichef-barbacoa-electrica-420-e\/","og_site_name":"dev6 Erresse","og_image":[{"url":"https:\/\/interpim.erresse-shop.it\/Import\/Prodotti\/outdoorchef-minichef-barbecue-elettrico-420-e.jpg","type":"","width":"","height":""},{"url":"https:\/\/interpim.erresse-shop.it\/Import\/Prodotti\/outdoorchef-minichef-barbecue-elettrico-420-e.jpg","width":1024,"height":1024,"type":"image\/jpeg"}],"twitter_card":"summary_large_image","twitter_image":"https:\/\/interpim.erresse-shop.it\/Import\/Prodotti\/outdoorchef-minichef-barbecue-elettrico-420-e.jpg","schema":{"@context":"https:\/\/schema.org","@graph":[{"@type":"WebPage","@id":"https:\/\/dev6.erresse-shop.it\/es\/shop\/pequenos-electrodomesticos\/parrillas-y-barbacoas\/outdoorchef-minichef-barbacoa-electrica-420-e\/","url":"https:\/\/dev6.erresse-shop.it\/es\/shop\/pequenos-electrodomesticos\/parrillas-y-barbacoas\/outdoorchef-minichef-barbacoa-electrica-420-e\/","name":"Outdoorchef Minichef Barbacoa El\u00e9ctrica 420 E - dev6 Erresse","isPartOf":{"@id":"https:\/\/dev6.erresse-shop.it\/#website"},"primaryImageOfPage":{"@id":"https:\/\/dev6.erresse-shop.it\/es\/shop\/pequenos-electrodomesticos\/parrillas-y-barbacoas\/outdoorchef-minichef-barbacoa-electrica-420-e\/#primaryimage"},"image":{"@id":"https:\/\/dev6.erresse-shop.it\/es\/shop\/pequenos-electrodomesticos\/parrillas-y-barbacoas\/outdoorchef-minichef-barbacoa-electrica-420-e\/#primaryimage"},"thumbnailUrl":"https:\/\/i3.wp.com\/interpim.erresse-shop.it\/Import\/Prodotti\/outdoorchef-minichef-barbecue-elettrico-420-e.jpg?ssl=1","datePublished":"2026-04-04T10:34:53+00:00","description":"Listo para enfrentar cualquier desaf\u00edo El barbecue el\u00e9ctrico Outdoorchef Minichef 420 E es la soluci\u00f3n perfecta para quienes desean una experiencia de","breadcrumb":{"@id":"https:\/\/dev6.erresse-shop.it\/es\/shop\/pequenos-electrodomesticos\/parrillas-y-barbacoas\/outdoorchef-minichef-barbacoa-electrica-420-e\/#breadcrumb"},"inLanguage":"es","potentialAction":[{"@type":"ReadAction","target":["https:\/\/dev6.erresse-shop.it\/es\/shop\/pequenos-electrodomesticos\/parrillas-y-barbacoas\/outdoorchef-minichef-barbacoa-electrica-420-e\/"]}]},{"@type":"ImageObject","inLanguage":"es","@id":"https:\/\/dev6.erresse-shop.it\/es\/shop\/pequenos-electrodomesticos\/parrillas-y-barbacoas\/outdoorchef-minichef-barbacoa-electrica-420-e\/#primaryimage","url":"https:\/\/i3.wp.com\/interpim.erresse-shop.it\/Import\/Prodotti\/outdoorchef-minichef-barbecue-elettrico-420-e.jpg?ssl=1","contentUrl":"https:\/\/i3.wp.com\/interpim.erresse-shop.it\/Import\/Prodotti\/outdoorchef-minichef-barbecue-elettrico-420-e.jpg?ssl=1"},{"@type":"BreadcrumbList","@id":"https:\/\/dev6.erresse-shop.it\/es\/shop\/pequenos-electrodomesticos\/parrillas-y-barbacoas\/outdoorchef-minichef-barbacoa-electrica-420-e\/#breadcrumb","itemListElement":[{"@type":"ListItem","position":1,"name":"Home","item":"https:\/\/dev6.erresse-shop.it\/"},{"@type":"ListItem","position":2,"name":"Tienda","item":"https:\/\/dev6.erresse-shop.it\/shop\/"},{"@type":"ListItem","position":3,"name":"Outdoorchef Minichef Barbacoa El\u00e9ctrica 420 E"}]},{"@type":"WebSite","@id":"https:\/\/dev6.erresse-shop.it\/#website","url":"https:\/\/dev6.erresse-shop.it\/","name":"Erresse Shop","description":"","publisher":{"@id":"https:\/\/dev6.erresse-shop.it\/#organization"},"potentialAction":[{"@type":"SearchAction","target":{"@type":"EntryPoint","urlTemplate":"https:\/\/dev6.erresse-shop.it\/?s={search_term_string}"},"query-input":{"@type":"PropertyValueSpecification","valueRequired":true,"valueName":"search_term_string"}}],"inLanguage":"es"},{"@type":"Organization","@id":"https:\/\/dev6.erresse-shop.it\/#organization","name":"Erresse Shop","url":"https:\/\/dev6.erresse-shop.it\/","logo":{"@type":"ImageObject","inLanguage":"es","@id":"https:\/\/dev6.erresse-shop.it\/#\/schema\/logo\/image\/","url":"https:\/\/dev6.erresse-shop.it\/wp-content\/uploads\/2025\/01\/LOGO-ERRESSE-CLASSICO.svg","contentUrl":"https:\/\/dev6.erresse-shop.it\/wp-content\/uploads\/2025\/01\/LOGO-ERRESSE-CLASSICO.svg","caption":"Erresse Shop"},"image":{"@id":"https:\/\/dev6.erresse-shop.it\/#\/schema\/logo\/image\/"}}]}},"df_price":319,"df_sale_price":319,"df_regular_price":399,"df_image_link":"https:\/\/i3.wp.com\/interpim.erresse-shop.it\/Import\/Prodotti\/outdoorchef-minichef-barbecue-elettrico-420-e.jpg?resize=300,300&ssl=1","fifu_image_url":"https:\/\/interpim.erresse-shop.it\/Import\/Prodotti\/outdoorchef-minichef-barbecue-elettrico-420-e.jpg","_links":{"self":[{"href":"https:\/\/dev6.erresse-shop.it\/es\/wp-json\/wp\/v2\/product\/1883211","targetHints":{"allow":["GET"]}}],"collection":[{"href":"https:\/\/dev6.erresse-shop.it\/es\/wp-json\/wp\/v2\/product"}],"about":[{"href":"https:\/\/dev6.erresse-shop.it\/es\/wp-json\/wp\/v2\/types\/product"}],"wp:featuredmedia":[{"embeddable":true,"href":"https:\/\/dev6.erresse-shop.it\/es\/wp-json\/wp\/v2\/media\/6290463"}],"wp:attachment":[{"href":"https:\/\/dev6.erresse-shop.it\/es\/wp-json\/wp\/v2\/media?parent=1883211"}],"wp:term":[{"taxonomy":"product_cat","embeddable":true,"href":"https:\/\/dev6.erresse-shop.it\/es\/wp-json\/wp\/v2\/product_cat?post=1883211"},{"taxonomy":"product_tag","embeddable":true,"href":"https:\/\/dev6.erresse-shop.it\/es\/wp-json\/wp\/v2\/product_tag?post=1883211"}],"curies":[{"name":"wp","href":"https:\/\/api.w.org\/{rel}","templated":true}]}}