{"id":1883209,"date":"2026-04-12T12:37:37","date_gmt":"2026-04-12T10:37:37","guid":{"rendered":"https:\/\/dev6.erresse-shop.it\/shop\/sin%20categor\u00eda\/jura-cafetera-giga-ena-5-night-inox\/"},"modified":"2026-01-29T19:21:35","modified_gmt":"2026-01-29T18:21:35","slug":"jura-maquina-de-cafe-ena-5-night-inox","status":"publish","type":"product","link":"https:\/\/dev6.erresse-shop.it\/es\/shop\/pequenos-electrodomesticos\/maquinas-de-cafe\/automatico\/jura-maquina-de-cafe-ena-5-night-inox\/","title":{"rendered":"JURA M\u00e1quina de caf\u00e9 ENA 5 Night Inox"},"content":{"rendered":"<p>Cl\u00e1sico: Caf\u00e9 Caliente<\/p>\n<p>Espresso intenso y caf\u00e9 caliente: la ENA 5 prepara estos dos cl\u00e1sicos de manera impecable. Para acentuar perfectamente el perfil matizado del espresso, utiliza el proceso de extracci\u00f3n pulsada P.E.P.\u00ae, que optimiza el tiempo de extracci\u00f3n y libera m\u00e1s sustancias arom\u00e1ticas del caf\u00e9 reci\u00e9n molido: para un espresso con una extraordinaria calidad Barista. En el proceso de preparaci\u00f3n est\u00e1ndar, el caf\u00e9 adquiere su excelente nota caracter\u00edstica. Ambas especialidades se pueden adaptar f\u00e1cilmente a los gustos y preferencias individuales.<\/p>\n<p>Especial: Caf\u00e9 fr\u00edo<br \/>\nLa ENA 5 tambi\u00e9n tiene la vista puesta en el mundo de las especialidades de caf\u00e9 fr\u00edo de moda. Prepare caf\u00e9 fr\u00edo con s\u00f3lo tocar un bot\u00f3n con el proceso de extracci\u00f3n en fr\u00edo. Con la extracci\u00f3n en fr\u00edo totalmente autom\u00e1tica, el agua fr\u00eda pasa a trav\u00e9s del caf\u00e9 reci\u00e9n molido en r\u00e1fagas lentas e intermitentes a una alta presi\u00f3n t\u00edpica del m\u00e9todo espresso. As\u00ed se desarrollan los caracter\u00edsticos aromas frutales del energizante y delicioso Cold Brew.<br \/>\nNuevo Placer: Cerveza Ligera<\/p>\n<p>JURA presenta el nuevo proceso de extracci\u00f3n Light y lo integra en la ENA 5. El Light Brew se dispensa a unos 60 \u00b0C y se prepara con menos caf\u00e9 que el Hot Brew cl\u00e1sico. El resultado es un perfil de sabor completamente nuevo y \u00fanico, que Light Brew ofrece en una forma bien templada y lista para beber. Los conocedores aprecian Light Brew por su nota ligera y aireada y su delicado aroma.<\/p>\n<p>Especificaciones t\u00e9cnicas<\/p>\n<p>Capacidad del tanque de agua: 1,1 l<br \/>\nCapacidad del contenedor de granos de caf\u00e9: 125 g<br \/>\nRecipiente para posos de caf\u00e9: (porciones aproximadas) 10<br \/>\nLongitud del cable: 1,1 m<br \/>\nVoltaje\/Potencia: 230 V ~ \/ 1450 W<br \/>\nPeso: 8,7 kg<br \/>\nDimensiones (An \u00d7 Al \u00d7 Pr): 27,1 \u00d7 32,3 \u00d7 44,5 cm<\/p>\n<p>Ventajas espec\u00edficas:<\/p>\n<p>Proceso de extracci\u00f3n en fr\u00edo: Para aut\u00e9nticas especialidades Cold Brew. Con esta cafetera autom\u00e1tica, la extracci\u00f3n para especialidades de caf\u00e9 fr\u00edo se realiza con agua fr\u00eda.<br \/>\nProceso de extracci\u00f3n ligero: Light Brew es un caf\u00e9 ligero preparado con menos caf\u00e9 molido, listo para beber inmediatamente gracias a la temperatura de preparaci\u00f3n reducida.<br \/>\nConexi\u00f3n Wi-Fi a la red dom\u00e9stica: El transmisor correspondiente debe suministrarse o pedirse por separado.<br \/>\nTransmisor suministrado<\/p>\n<p>N\u00famero de especialidades: 6<\/p>\n<p>Espresso<br \/>\nEspresso fr\u00edo<br \/>\nEspresso ligero<br \/>\nCaf\u00e9<br \/>\nCaf\u00e9 fr\u00edo<br \/>\nCaf\u00e9 ligero<\/p>\n<p>\u00a0<\/p>\n","protected":false},"excerpt":{"rendered":"<p>Cl\u00e1sico: Caf\u00e9 Caliente Espresso intenso y caf\u00e9 caliente: la ENA 5 prepara estos dos cl\u00e1sicos de manera impecable. Para acentuar perfectamente el perfil matizado del espresso, utiliza el proceso de extracci\u00f3n pulsada P.E.P.\u00ae, que optimiza el tiempo de extracci\u00f3n y libera m\u00e1s sustancias arom\u00e1ticas del caf\u00e9 reci\u00e9n molido: para un espresso con una extraordinaria calidad [&hellip;]<\/p>\n","protected":false},"featured_media":6373724,"template":"","meta":{"_acf_changed":false},"product_cat":[11968,11955,11947],"product_tag":[],"class_list":{"0":"post-1883209","1":"product","2":"type-product","3":"status-publish","4":"has-post-thumbnail","6":"product_cat-automatico","7":"product_cat-maquinas-de-cafe","8":"product_cat-pequenos-electrodomesticos","10":"first","11":"instock","12":"sale","13":"taxable","14":"shipping-taxable","15":"purchasable","16":"product-type-simple","swatches":"rey-swatches","show_selected":"","stretch_labels":"rey-swatches--stretch-labels"},"acf":[],"yoast_head":"<!-- This site is optimized with the Yoast SEO plugin v25.4 - https:\/\/yoast.com\/wordpress\/plugins\/seo\/ -->\n<title>JURA M\u00e1quina de caf\u00e9 ENA 5 Night Inox - dev6 Erresse<\/title>\n<meta name=\"description\" content=\"Cl\u00e1sico: Caf\u00e9 Caliente Espresso intenso y caf\u00e9 caliente: la ENA 5 prepara estos dos cl\u00e1sicos de manera impecable. Para acentuar perfectamente el perfil\" \/>\n<meta name=\"robots\" content=\"noindex, follow, max-snippet:-1, max-image-preview:large, max-video-preview:-1\" \/>\n<meta property=\"og:locale\" content=\"es_ES\" \/>\n<meta property=\"og:type\" content=\"article\" \/>\n<meta property=\"og:title\" content=\"JURA M\u00e1quina de caf\u00e9 ENA 5 Night Inox - dev6 Erresse\" \/>\n<meta property=\"og:description\" content=\"Cl\u00e1sico: Caf\u00e9 Caliente Espresso intenso y caf\u00e9 caliente: la ENA 5 prepara estos dos cl\u00e1sicos de manera impecable. Para acentuar perfectamente el perfil\" \/>\n<meta property=\"og:url\" content=\"https:\/\/dev6.erresse-shop.it\/es\/shop\/pequenos-electrodomesticos\/maquinas-de-cafe\/automatico\/jura-maquina-de-cafe-ena-5-night-inox\/\" \/>\n<meta property=\"og:site_name\" content=\"dev6 Erresse\" \/>\n<meta property=\"og:image\" content=\"https:\/\/interpim.erresse-shop.it\/Import\/Prodotti\/jura-macchina-da-caffe-ena-5-night-inox.jpg\" \/><meta property=\"og:image\" content=\"https:\/\/interpim.erresse-shop.it\/Import\/Prodotti\/jura-macchina-da-caffe-ena-5-night-inox.jpg\" \/>\n\t<meta property=\"og:image:width\" content=\"1024\" \/>\n\t<meta property=\"og:image:height\" content=\"1024\" \/>\n\t<meta property=\"og:image:type\" content=\"image\/jpeg\" \/>\n<meta name=\"twitter:card\" content=\"summary_large_image\" \/>\n<meta name=\"twitter:image\" content=\"https:\/\/interpim.erresse-shop.it\/Import\/Prodotti\/jura-macchina-da-caffe-ena-5-night-inox.jpg\" \/>\n<script type=\"application\/ld+json\" class=\"yoast-schema-graph\">{\"@context\":\"https:\/\/schema.org\",\"@graph\":[{\"@type\":\"WebPage\",\"@id\":\"https:\/\/dev6.erresse-shop.it\/es\/shop\/pequenos-electrodomesticos\/maquinas-de-cafe\/automatico\/jura-maquina-de-cafe-ena-5-night-inox\/\",\"url\":\"https:\/\/dev6.erresse-shop.it\/es\/shop\/pequenos-electrodomesticos\/maquinas-de-cafe\/automatico\/jura-maquina-de-cafe-ena-5-night-inox\/\",\"name\":\"JURA M\u00e1quina de caf\u00e9 ENA 5 Night Inox - dev6 Erresse\",\"isPartOf\":{\"@id\":\"https:\/\/dev6.erresse-shop.it\/#website\"},\"primaryImageOfPage\":{\"@id\":\"https:\/\/dev6.erresse-shop.it\/es\/shop\/pequenos-electrodomesticos\/maquinas-de-cafe\/automatico\/jura-maquina-de-cafe-ena-5-night-inox\/#primaryimage\"},\"image\":{\"@id\":\"https:\/\/dev6.erresse-shop.it\/es\/shop\/pequenos-electrodomesticos\/maquinas-de-cafe\/automatico\/jura-maquina-de-cafe-ena-5-night-inox\/#primaryimage\"},\"thumbnailUrl\":\"https:\/\/i2.wp.com\/interpim.erresse-shop.it\/Import\/Prodotti\/jura-macchina-da-caffe-ena-5-night-inox.jpg?ssl=1\",\"datePublished\":\"2026-04-12T10:37:37+00:00\",\"description\":\"Cl\u00e1sico: Caf\u00e9 Caliente Espresso intenso y caf\u00e9 caliente: la ENA 5 prepara estos dos cl\u00e1sicos de manera impecable. Para acentuar perfectamente el perfil\",\"breadcrumb\":{\"@id\":\"https:\/\/dev6.erresse-shop.it\/es\/shop\/pequenos-electrodomesticos\/maquinas-de-cafe\/automatico\/jura-maquina-de-cafe-ena-5-night-inox\/#breadcrumb\"},\"inLanguage\":\"es\",\"potentialAction\":[{\"@type\":\"ReadAction\",\"target\":[\"https:\/\/dev6.erresse-shop.it\/es\/shop\/pequenos-electrodomesticos\/maquinas-de-cafe\/automatico\/jura-maquina-de-cafe-ena-5-night-inox\/\"]}]},{\"@type\":\"ImageObject\",\"inLanguage\":\"es\",\"@id\":\"https:\/\/dev6.erresse-shop.it\/es\/shop\/pequenos-electrodomesticos\/maquinas-de-cafe\/automatico\/jura-maquina-de-cafe-ena-5-night-inox\/#primaryimage\",\"url\":\"https:\/\/i2.wp.com\/interpim.erresse-shop.it\/Import\/Prodotti\/jura-macchina-da-caffe-ena-5-night-inox.jpg?ssl=1\",\"contentUrl\":\"https:\/\/i2.wp.com\/interpim.erresse-shop.it\/Import\/Prodotti\/jura-macchina-da-caffe-ena-5-night-inox.jpg?ssl=1\"},{\"@type\":\"BreadcrumbList\",\"@id\":\"https:\/\/dev6.erresse-shop.it\/es\/shop\/pequenos-electrodomesticos\/maquinas-de-cafe\/automatico\/jura-maquina-de-cafe-ena-5-night-inox\/#breadcrumb\",\"itemListElement\":[{\"@type\":\"ListItem\",\"position\":1,\"name\":\"Home\",\"item\":\"https:\/\/dev6.erresse-shop.it\/\"},{\"@type\":\"ListItem\",\"position\":2,\"name\":\"Tienda\",\"item\":\"https:\/\/dev6.erresse-shop.it\/shop\/\"},{\"@type\":\"ListItem\",\"position\":3,\"name\":\"JURA M\u00e1quina de caf\u00e9 ENA 5 Night Inox\"}]},{\"@type\":\"WebSite\",\"@id\":\"https:\/\/dev6.erresse-shop.it\/#website\",\"url\":\"https:\/\/dev6.erresse-shop.it\/\",\"name\":\"Erresse Shop\",\"description\":\"\",\"publisher\":{\"@id\":\"https:\/\/dev6.erresse-shop.it\/#organization\"},\"potentialAction\":[{\"@type\":\"SearchAction\",\"target\":{\"@type\":\"EntryPoint\",\"urlTemplate\":\"https:\/\/dev6.erresse-shop.it\/?s={search_term_string}\"},\"query-input\":{\"@type\":\"PropertyValueSpecification\",\"valueRequired\":true,\"valueName\":\"search_term_string\"}}],\"inLanguage\":\"es\"},{\"@type\":\"Organization\",\"@id\":\"https:\/\/dev6.erresse-shop.it\/#organization\",\"name\":\"Erresse Shop\",\"url\":\"https:\/\/dev6.erresse-shop.it\/\",\"logo\":{\"@type\":\"ImageObject\",\"inLanguage\":\"es\",\"@id\":\"https:\/\/dev6.erresse-shop.it\/#\/schema\/logo\/image\/\",\"url\":\"https:\/\/dev6.erresse-shop.it\/wp-content\/uploads\/2025\/01\/LOGO-ERRESSE-CLASSICO.svg\",\"contentUrl\":\"https:\/\/dev6.erresse-shop.it\/wp-content\/uploads\/2025\/01\/LOGO-ERRESSE-CLASSICO.svg\",\"caption\":\"Erresse Shop\"},\"image\":{\"@id\":\"https:\/\/dev6.erresse-shop.it\/#\/schema\/logo\/image\/\"}}]}<\/script>\n<!-- \/ Yoast SEO plugin. -->","yoast_head_json":{"title":"JURA M\u00e1quina de caf\u00e9 ENA 5 Night Inox - dev6 Erresse","description":"Cl\u00e1sico: Caf\u00e9 Caliente Espresso intenso y caf\u00e9 caliente: la ENA 5 prepara estos dos cl\u00e1sicos de manera impecable. Para acentuar perfectamente el perfil","robots":{"index":"noindex","follow":"follow","max-snippet":"max-snippet:-1","max-image-preview":"max-image-preview:large","max-video-preview":"max-video-preview:-1"},"og_locale":"es_ES","og_type":"article","og_title":"JURA M\u00e1quina de caf\u00e9 ENA 5 Night Inox - dev6 Erresse","og_description":"Cl\u00e1sico: Caf\u00e9 Caliente Espresso intenso y caf\u00e9 caliente: la ENA 5 prepara estos dos cl\u00e1sicos de manera impecable. Para acentuar perfectamente el perfil","og_url":"https:\/\/dev6.erresse-shop.it\/es\/shop\/pequenos-electrodomesticos\/maquinas-de-cafe\/automatico\/jura-maquina-de-cafe-ena-5-night-inox\/","og_site_name":"dev6 Erresse","og_image":[{"url":"https:\/\/interpim.erresse-shop.it\/Import\/Prodotti\/jura-macchina-da-caffe-ena-5-night-inox.jpg","type":"","width":"","height":""},{"url":"https:\/\/interpim.erresse-shop.it\/Import\/Prodotti\/jura-macchina-da-caffe-ena-5-night-inox.jpg","width":1024,"height":1024,"type":"image\/jpeg"}],"twitter_card":"summary_large_image","twitter_image":"https:\/\/interpim.erresse-shop.it\/Import\/Prodotti\/jura-macchina-da-caffe-ena-5-night-inox.jpg","schema":{"@context":"https:\/\/schema.org","@graph":[{"@type":"WebPage","@id":"https:\/\/dev6.erresse-shop.it\/es\/shop\/pequenos-electrodomesticos\/maquinas-de-cafe\/automatico\/jura-maquina-de-cafe-ena-5-night-inox\/","url":"https:\/\/dev6.erresse-shop.it\/es\/shop\/pequenos-electrodomesticos\/maquinas-de-cafe\/automatico\/jura-maquina-de-cafe-ena-5-night-inox\/","name":"JURA M\u00e1quina de caf\u00e9 ENA 5 Night Inox - dev6 Erresse","isPartOf":{"@id":"https:\/\/dev6.erresse-shop.it\/#website"},"primaryImageOfPage":{"@id":"https:\/\/dev6.erresse-shop.it\/es\/shop\/pequenos-electrodomesticos\/maquinas-de-cafe\/automatico\/jura-maquina-de-cafe-ena-5-night-inox\/#primaryimage"},"image":{"@id":"https:\/\/dev6.erresse-shop.it\/es\/shop\/pequenos-electrodomesticos\/maquinas-de-cafe\/automatico\/jura-maquina-de-cafe-ena-5-night-inox\/#primaryimage"},"thumbnailUrl":"https:\/\/i2.wp.com\/interpim.erresse-shop.it\/Import\/Prodotti\/jura-macchina-da-caffe-ena-5-night-inox.jpg?ssl=1","datePublished":"2026-04-12T10:37:37+00:00","description":"Cl\u00e1sico: Caf\u00e9 Caliente Espresso intenso y caf\u00e9 caliente: la ENA 5 prepara estos dos cl\u00e1sicos de manera impecable. Para acentuar perfectamente el perfil","breadcrumb":{"@id":"https:\/\/dev6.erresse-shop.it\/es\/shop\/pequenos-electrodomesticos\/maquinas-de-cafe\/automatico\/jura-maquina-de-cafe-ena-5-night-inox\/#breadcrumb"},"inLanguage":"es","potentialAction":[{"@type":"ReadAction","target":["https:\/\/dev6.erresse-shop.it\/es\/shop\/pequenos-electrodomesticos\/maquinas-de-cafe\/automatico\/jura-maquina-de-cafe-ena-5-night-inox\/"]}]},{"@type":"ImageObject","inLanguage":"es","@id":"https:\/\/dev6.erresse-shop.it\/es\/shop\/pequenos-electrodomesticos\/maquinas-de-cafe\/automatico\/jura-maquina-de-cafe-ena-5-night-inox\/#primaryimage","url":"https:\/\/i2.wp.com\/interpim.erresse-shop.it\/Import\/Prodotti\/jura-macchina-da-caffe-ena-5-night-inox.jpg?ssl=1","contentUrl":"https:\/\/i2.wp.com\/interpim.erresse-shop.it\/Import\/Prodotti\/jura-macchina-da-caffe-ena-5-night-inox.jpg?ssl=1"},{"@type":"BreadcrumbList","@id":"https:\/\/dev6.erresse-shop.it\/es\/shop\/pequenos-electrodomesticos\/maquinas-de-cafe\/automatico\/jura-maquina-de-cafe-ena-5-night-inox\/#breadcrumb","itemListElement":[{"@type":"ListItem","position":1,"name":"Home","item":"https:\/\/dev6.erresse-shop.it\/"},{"@type":"ListItem","position":2,"name":"Tienda","item":"https:\/\/dev6.erresse-shop.it\/shop\/"},{"@type":"ListItem","position":3,"name":"JURA M\u00e1quina de caf\u00e9 ENA 5 Night Inox"}]},{"@type":"WebSite","@id":"https:\/\/dev6.erresse-shop.it\/#website","url":"https:\/\/dev6.erresse-shop.it\/","name":"Erresse Shop","description":"","publisher":{"@id":"https:\/\/dev6.erresse-shop.it\/#organization"},"potentialAction":[{"@type":"SearchAction","target":{"@type":"EntryPoint","urlTemplate":"https:\/\/dev6.erresse-shop.it\/?s={search_term_string}"},"query-input":{"@type":"PropertyValueSpecification","valueRequired":true,"valueName":"search_term_string"}}],"inLanguage":"es"},{"@type":"Organization","@id":"https:\/\/dev6.erresse-shop.it\/#organization","name":"Erresse Shop","url":"https:\/\/dev6.erresse-shop.it\/","logo":{"@type":"ImageObject","inLanguage":"es","@id":"https:\/\/dev6.erresse-shop.it\/#\/schema\/logo\/image\/","url":"https:\/\/dev6.erresse-shop.it\/wp-content\/uploads\/2025\/01\/LOGO-ERRESSE-CLASSICO.svg","contentUrl":"https:\/\/dev6.erresse-shop.it\/wp-content\/uploads\/2025\/01\/LOGO-ERRESSE-CLASSICO.svg","caption":"Erresse Shop"},"image":{"@id":"https:\/\/dev6.erresse-shop.it\/#\/schema\/logo\/image\/"}}]}},"df_price":849.95,"df_sale_price":849.95,"df_regular_price":1199,"df_image_link":"https:\/\/i2.wp.com\/interpim.erresse-shop.it\/Import\/Prodotti\/jura-macchina-da-caffe-ena-5-night-inox.jpg?resize=300,300&ssl=1","fifu_image_url":"https:\/\/interpim.erresse-shop.it\/Import\/Prodotti\/jura-macchina-da-caffe-ena-5-night-inox.jpg","_links":{"self":[{"href":"https:\/\/dev6.erresse-shop.it\/es\/wp-json\/wp\/v2\/product\/1883209","targetHints":{"allow":["GET"]}}],"collection":[{"href":"https:\/\/dev6.erresse-shop.it\/es\/wp-json\/wp\/v2\/product"}],"about":[{"href":"https:\/\/dev6.erresse-shop.it\/es\/wp-json\/wp\/v2\/types\/product"}],"wp:featuredmedia":[{"embeddable":true,"href":"https:\/\/dev6.erresse-shop.it\/es\/wp-json\/wp\/v2\/media\/6373724"}],"wp:attachment":[{"href":"https:\/\/dev6.erresse-shop.it\/es\/wp-json\/wp\/v2\/media?parent=1883209"}],"wp:term":[{"taxonomy":"product_cat","embeddable":true,"href":"https:\/\/dev6.erresse-shop.it\/es\/wp-json\/wp\/v2\/product_cat?post=1883209"},{"taxonomy":"product_tag","embeddable":true,"href":"https:\/\/dev6.erresse-shop.it\/es\/wp-json\/wp\/v2\/product_tag?post=1883209"}],"curies":[{"name":"wp","href":"https:\/\/api.w.org\/{rel}","templated":true}]}}