{"id":1883207,"date":"2026-04-12T12:37:37","date_gmt":"2026-04-12T10:37:37","guid":{"rendered":"https:\/\/dev6.erresse-shop.it\/shop\/sin%20categor\u00eda\/instant-pot-multicooker-xl-rio-71-l-negro\/"},"modified":"2025-09-14T10:04:27","modified_gmt":"2025-09-14T08:04:27","slug":"instant-pot-multicooker-xl-rio-71-l-negro","status":"publish","type":"product","link":"https:\/\/dev6.erresse-shop.it\/es\/shop\/pequenos-electrodomesticos\/procesadores-de-alimentos\/instant-pot-multicooker-xl-rio-71-l-negro\/","title":{"rendered":"INSTANT POT Multicooker XL Rio 7,1 L Negro"},"content":{"rendered":"<p>Instant Pot RIO, el compa\u00f1ero vers\u00e1til para la cocina moderna<\/p>\n<p>La olla multifunci\u00f3n Instant Pot\u00ae RIO\u2122 combina siete electrodom\u00e9sticos en una soluci\u00f3n compacta y funcional. Sustituye a la olla a presi\u00f3n, la sart\u00e9n, la vaporera, la olla de cocci\u00f3n lenta, la arrocera, el calentador y la yogurtera. Ofrece una amplia gama de funciones que la hacen indispensable en la cocina, ahorrando espacio y simplificando la preparaci\u00f3n de comidas.<\/p>\n<p>Dise\u00f1o elegante y funcionalidad mejorada<br \/>\nEsta versi\u00f3n RIO\u2122 mejorada del modelo Duo\u2122 de 5,7 litros destaca por su dise\u00f1o elegante y compacto, ideal para cualquier cocina. Con una superficie de cocci\u00f3n un 35 % m\u00e1s grande, est\u00e1 dise\u00f1ada para cocinar m\u00e1s alimentos y m\u00e1s r\u00e1pido, ideal para familias numerosas o para organizar cenas.<\/p>\n<p>F\u00e1cil de usar con una interfaz actualizada<br \/>\nRIO\u2122 cuenta con una interfaz de usuario simplificada que incluye cuatro preajustes para tus recetas favoritas y un pr\u00e1ctico bot\u00f3n de inicio. La nueva v\u00e1lvula de liberaci\u00f3n de vapor permite un control preciso de la presi\u00f3n, lo que mejora la seguridad y reduce el riesgo de derrames.<\/p>\n<p>7 Programas Inteligentes de Un Solo Toque<br \/>\nCon 7 programas preestablecidos, la Multicocina RIO\u2122 te permite cocinar sopas, guisos, arroz, multicereales, legumbres y mucho m\u00e1s, todo con solo pulsar un bot\u00f3n. Estos programas incluyen opciones vers\u00e1tiles como cocci\u00f3n lenta, salteado, cocci\u00f3n al vapor y yogur, lo que te da la libertad de experimentar con nuevas recetas y t\u00e9cnicas de cocina.<\/p>\n<p>Materiales de calidad para preparaciones impecables en todo momento<br \/>\nLa construcci\u00f3n de acero inoxidable, tanto de la tapa como del recipiente interior, garantiza una distribuci\u00f3n uniforme del calor y una excelente durabilidad. F\u00e1cil de limpiar y resistente al desgaste, la Instant Pot\u00ae Multicooker RIO\u2122 est\u00e1 dise\u00f1ada para resistir el uso diario, ofreciendo platos sabrosos y bien cocinados en todo momento.<\/p>\n<p>Especificaciones t\u00e9cnicas:<\/p>\n<p>Capacidad: 7,1 l<br \/>\nMaterial de la tapa y el recipiente interior: acero inoxidable. Olla exterior de acero inoxidable cepillado con acabado negro.<br \/>\nGarant\u00eda de 2 a\u00f1os<br \/>\nDimensiones: 30,9 x 41,5 x 29,8 cm<br \/>\nPeso: 8,1 kg<br \/>\nN\u00famero de funciones: 13 \u2013 programas de un solo toque<\/p>\n<p>Not for sale outside Europe<\/p>\n","protected":false},"excerpt":{"rendered":"<p>Instant Pot RIO, el compa\u00f1ero vers\u00e1til para la cocina moderna La olla multifunci\u00f3n Instant Pot\u00ae RIO\u2122 combina siete electrodom\u00e9sticos en una soluci\u00f3n compacta y funcional. Sustituye a la olla a presi\u00f3n, la sart\u00e9n, la vaporera, la olla de cocci\u00f3n lenta, la arrocera, el calentador y la yogurtera. Ofrece una amplia gama de funciones que la [&hellip;]<\/p>\n","protected":false},"featured_media":6373714,"template":"","meta":{"_acf_changed":false},"product_cat":[11947,11958],"product_tag":[],"class_list":{"0":"post-1883207","1":"product","2":"type-product","3":"status-publish","4":"has-post-thumbnail","6":"product_cat-pequenos-electrodomesticos","7":"product_cat-procesadores-de-alimentos","9":"first","10":"instock","11":"sale","12":"taxable","13":"shipping-taxable","14":"purchasable","15":"product-type-simple","swatches":"rey-swatches","show_selected":"","stretch_labels":"rey-swatches--stretch-labels"},"acf":[],"yoast_head":"<!-- This site is optimized with the Yoast SEO plugin v25.4 - https:\/\/yoast.com\/wordpress\/plugins\/seo\/ -->\n<title>INSTANT POT Multicooker XL Rio 7,1 L Negro - dev6 Erresse<\/title>\n<meta name=\"description\" content=\"Instant Pot RIO, el compa\u00f1ero vers\u00e1til para la cocina moderna La olla multifunci\u00f3n Instant Pot\u00ae RIO\u2122 combina siete electrodom\u00e9sticos en una soluci\u00f3n\" \/>\n<meta name=\"robots\" content=\"noindex, follow, max-snippet:-1, max-image-preview:large, max-video-preview:-1\" \/>\n<meta property=\"og:locale\" content=\"es_ES\" \/>\n<meta property=\"og:type\" content=\"article\" \/>\n<meta property=\"og:title\" content=\"INSTANT POT Multicooker XL Rio 7,1 L Negro - dev6 Erresse\" \/>\n<meta property=\"og:description\" content=\"Instant Pot RIO, el compa\u00f1ero vers\u00e1til para la cocina moderna La olla multifunci\u00f3n Instant Pot\u00ae RIO\u2122 combina siete electrodom\u00e9sticos en una soluci\u00f3n\" \/>\n<meta property=\"og:url\" content=\"https:\/\/dev6.erresse-shop.it\/es\/shop\/pequenos-electrodomesticos\/procesadores-de-alimentos\/instant-pot-multicooker-xl-rio-71-l-negro\/\" \/>\n<meta property=\"og:site_name\" content=\"dev6 Erresse\" \/>\n<meta property=\"og:image\" content=\"https:\/\/interpim.erresse-shop.it\/Import\/Prodotti\/instant-pot-multicooker-xl-rio-71-l-nero.jpg\" \/><meta property=\"og:image\" content=\"https:\/\/interpim.erresse-shop.it\/Import\/Prodotti\/instant-pot-multicooker-xl-rio-71-l-nero.jpg\" \/>\n\t<meta property=\"og:image:width\" content=\"1024\" \/>\n\t<meta property=\"og:image:height\" content=\"1024\" \/>\n\t<meta property=\"og:image:type\" content=\"image\/jpeg\" \/>\n<meta name=\"twitter:card\" content=\"summary_large_image\" \/>\n<meta name=\"twitter:image\" content=\"https:\/\/interpim.erresse-shop.it\/Import\/Prodotti\/instant-pot-multicooker-xl-rio-71-l-nero.jpg\" \/>\n<script type=\"application\/ld+json\" class=\"yoast-schema-graph\">{\"@context\":\"https:\/\/schema.org\",\"@graph\":[{\"@type\":\"WebPage\",\"@id\":\"https:\/\/dev6.erresse-shop.it\/es\/shop\/pequenos-electrodomesticos\/procesadores-de-alimentos\/instant-pot-multicooker-xl-rio-71-l-negro\/\",\"url\":\"https:\/\/dev6.erresse-shop.it\/es\/shop\/pequenos-electrodomesticos\/procesadores-de-alimentos\/instant-pot-multicooker-xl-rio-71-l-negro\/\",\"name\":\"INSTANT POT Multicooker XL Rio 7,1 L Negro - dev6 Erresse\",\"isPartOf\":{\"@id\":\"https:\/\/dev6.erresse-shop.it\/#website\"},\"primaryImageOfPage\":{\"@id\":\"https:\/\/dev6.erresse-shop.it\/es\/shop\/pequenos-electrodomesticos\/procesadores-de-alimentos\/instant-pot-multicooker-xl-rio-71-l-negro\/#primaryimage\"},\"image\":{\"@id\":\"https:\/\/dev6.erresse-shop.it\/es\/shop\/pequenos-electrodomesticos\/procesadores-de-alimentos\/instant-pot-multicooker-xl-rio-71-l-negro\/#primaryimage\"},\"thumbnailUrl\":\"https:\/\/i2.wp.com\/interpim.erresse-shop.it\/Import\/Prodotti\/instant-pot-multicooker-xl-rio-71-l-nero.jpg?ssl=1\",\"datePublished\":\"2026-04-12T10:37:37+00:00\",\"description\":\"Instant Pot RIO, el compa\u00f1ero vers\u00e1til para la cocina moderna La olla multifunci\u00f3n Instant Pot\u00ae RIO\u2122 combina siete electrodom\u00e9sticos en una soluci\u00f3n\",\"breadcrumb\":{\"@id\":\"https:\/\/dev6.erresse-shop.it\/es\/shop\/pequenos-electrodomesticos\/procesadores-de-alimentos\/instant-pot-multicooker-xl-rio-71-l-negro\/#breadcrumb\"},\"inLanguage\":\"es\",\"potentialAction\":[{\"@type\":\"ReadAction\",\"target\":[\"https:\/\/dev6.erresse-shop.it\/es\/shop\/pequenos-electrodomesticos\/procesadores-de-alimentos\/instant-pot-multicooker-xl-rio-71-l-negro\/\"]}]},{\"@type\":\"ImageObject\",\"inLanguage\":\"es\",\"@id\":\"https:\/\/dev6.erresse-shop.it\/es\/shop\/pequenos-electrodomesticos\/procesadores-de-alimentos\/instant-pot-multicooker-xl-rio-71-l-negro\/#primaryimage\",\"url\":\"https:\/\/i2.wp.com\/interpim.erresse-shop.it\/Import\/Prodotti\/instant-pot-multicooker-xl-rio-71-l-nero.jpg?ssl=1\",\"contentUrl\":\"https:\/\/i2.wp.com\/interpim.erresse-shop.it\/Import\/Prodotti\/instant-pot-multicooker-xl-rio-71-l-nero.jpg?ssl=1\"},{\"@type\":\"BreadcrumbList\",\"@id\":\"https:\/\/dev6.erresse-shop.it\/es\/shop\/pequenos-electrodomesticos\/procesadores-de-alimentos\/instant-pot-multicooker-xl-rio-71-l-negro\/#breadcrumb\",\"itemListElement\":[{\"@type\":\"ListItem\",\"position\":1,\"name\":\"Home\",\"item\":\"https:\/\/dev6.erresse-shop.it\/\"},{\"@type\":\"ListItem\",\"position\":2,\"name\":\"Tienda\",\"item\":\"https:\/\/dev6.erresse-shop.it\/shop\/\"},{\"@type\":\"ListItem\",\"position\":3,\"name\":\"INSTANT POT Multicooker XL Rio 7,1 L Negro\"}]},{\"@type\":\"WebSite\",\"@id\":\"https:\/\/dev6.erresse-shop.it\/#website\",\"url\":\"https:\/\/dev6.erresse-shop.it\/\",\"name\":\"Erresse Shop\",\"description\":\"\",\"publisher\":{\"@id\":\"https:\/\/dev6.erresse-shop.it\/#organization\"},\"potentialAction\":[{\"@type\":\"SearchAction\",\"target\":{\"@type\":\"EntryPoint\",\"urlTemplate\":\"https:\/\/dev6.erresse-shop.it\/?s={search_term_string}\"},\"query-input\":{\"@type\":\"PropertyValueSpecification\",\"valueRequired\":true,\"valueName\":\"search_term_string\"}}],\"inLanguage\":\"es\"},{\"@type\":\"Organization\",\"@id\":\"https:\/\/dev6.erresse-shop.it\/#organization\",\"name\":\"Erresse Shop\",\"url\":\"https:\/\/dev6.erresse-shop.it\/\",\"logo\":{\"@type\":\"ImageObject\",\"inLanguage\":\"es\",\"@id\":\"https:\/\/dev6.erresse-shop.it\/#\/schema\/logo\/image\/\",\"url\":\"https:\/\/dev6.erresse-shop.it\/wp-content\/uploads\/2025\/01\/LOGO-ERRESSE-CLASSICO.svg\",\"contentUrl\":\"https:\/\/dev6.erresse-shop.it\/wp-content\/uploads\/2025\/01\/LOGO-ERRESSE-CLASSICO.svg\",\"caption\":\"Erresse Shop\"},\"image\":{\"@id\":\"https:\/\/dev6.erresse-shop.it\/#\/schema\/logo\/image\/\"}}]}<\/script>\n<!-- \/ Yoast SEO plugin. -->","yoast_head_json":{"title":"INSTANT POT Multicooker XL Rio 7,1 L Negro - dev6 Erresse","description":"Instant Pot RIO, el compa\u00f1ero vers\u00e1til para la cocina moderna La olla multifunci\u00f3n Instant Pot\u00ae RIO\u2122 combina siete electrodom\u00e9sticos en una soluci\u00f3n","robots":{"index":"noindex","follow":"follow","max-snippet":"max-snippet:-1","max-image-preview":"max-image-preview:large","max-video-preview":"max-video-preview:-1"},"og_locale":"es_ES","og_type":"article","og_title":"INSTANT POT Multicooker XL Rio 7,1 L Negro - dev6 Erresse","og_description":"Instant Pot RIO, el compa\u00f1ero vers\u00e1til para la cocina moderna La olla multifunci\u00f3n Instant Pot\u00ae RIO\u2122 combina siete electrodom\u00e9sticos en una soluci\u00f3n","og_url":"https:\/\/dev6.erresse-shop.it\/es\/shop\/pequenos-electrodomesticos\/procesadores-de-alimentos\/instant-pot-multicooker-xl-rio-71-l-negro\/","og_site_name":"dev6 Erresse","og_image":[{"url":"https:\/\/interpim.erresse-shop.it\/Import\/Prodotti\/instant-pot-multicooker-xl-rio-71-l-nero.jpg","type":"","width":"","height":""},{"url":"https:\/\/interpim.erresse-shop.it\/Import\/Prodotti\/instant-pot-multicooker-xl-rio-71-l-nero.jpg","width":1024,"height":1024,"type":"image\/jpeg"}],"twitter_card":"summary_large_image","twitter_image":"https:\/\/interpim.erresse-shop.it\/Import\/Prodotti\/instant-pot-multicooker-xl-rio-71-l-nero.jpg","schema":{"@context":"https:\/\/schema.org","@graph":[{"@type":"WebPage","@id":"https:\/\/dev6.erresse-shop.it\/es\/shop\/pequenos-electrodomesticos\/procesadores-de-alimentos\/instant-pot-multicooker-xl-rio-71-l-negro\/","url":"https:\/\/dev6.erresse-shop.it\/es\/shop\/pequenos-electrodomesticos\/procesadores-de-alimentos\/instant-pot-multicooker-xl-rio-71-l-negro\/","name":"INSTANT POT Multicooker XL Rio 7,1 L Negro - dev6 Erresse","isPartOf":{"@id":"https:\/\/dev6.erresse-shop.it\/#website"},"primaryImageOfPage":{"@id":"https:\/\/dev6.erresse-shop.it\/es\/shop\/pequenos-electrodomesticos\/procesadores-de-alimentos\/instant-pot-multicooker-xl-rio-71-l-negro\/#primaryimage"},"image":{"@id":"https:\/\/dev6.erresse-shop.it\/es\/shop\/pequenos-electrodomesticos\/procesadores-de-alimentos\/instant-pot-multicooker-xl-rio-71-l-negro\/#primaryimage"},"thumbnailUrl":"https:\/\/i2.wp.com\/interpim.erresse-shop.it\/Import\/Prodotti\/instant-pot-multicooker-xl-rio-71-l-nero.jpg?ssl=1","datePublished":"2026-04-12T10:37:37+00:00","description":"Instant Pot RIO, el compa\u00f1ero vers\u00e1til para la cocina moderna La olla multifunci\u00f3n Instant Pot\u00ae RIO\u2122 combina siete electrodom\u00e9sticos en una soluci\u00f3n","breadcrumb":{"@id":"https:\/\/dev6.erresse-shop.it\/es\/shop\/pequenos-electrodomesticos\/procesadores-de-alimentos\/instant-pot-multicooker-xl-rio-71-l-negro\/#breadcrumb"},"inLanguage":"es","potentialAction":[{"@type":"ReadAction","target":["https:\/\/dev6.erresse-shop.it\/es\/shop\/pequenos-electrodomesticos\/procesadores-de-alimentos\/instant-pot-multicooker-xl-rio-71-l-negro\/"]}]},{"@type":"ImageObject","inLanguage":"es","@id":"https:\/\/dev6.erresse-shop.it\/es\/shop\/pequenos-electrodomesticos\/procesadores-de-alimentos\/instant-pot-multicooker-xl-rio-71-l-negro\/#primaryimage","url":"https:\/\/i2.wp.com\/interpim.erresse-shop.it\/Import\/Prodotti\/instant-pot-multicooker-xl-rio-71-l-nero.jpg?ssl=1","contentUrl":"https:\/\/i2.wp.com\/interpim.erresse-shop.it\/Import\/Prodotti\/instant-pot-multicooker-xl-rio-71-l-nero.jpg?ssl=1"},{"@type":"BreadcrumbList","@id":"https:\/\/dev6.erresse-shop.it\/es\/shop\/pequenos-electrodomesticos\/procesadores-de-alimentos\/instant-pot-multicooker-xl-rio-71-l-negro\/#breadcrumb","itemListElement":[{"@type":"ListItem","position":1,"name":"Home","item":"https:\/\/dev6.erresse-shop.it\/"},{"@type":"ListItem","position":2,"name":"Tienda","item":"https:\/\/dev6.erresse-shop.it\/shop\/"},{"@type":"ListItem","position":3,"name":"INSTANT POT Multicooker XL Rio 7,1 L Negro"}]},{"@type":"WebSite","@id":"https:\/\/dev6.erresse-shop.it\/#website","url":"https:\/\/dev6.erresse-shop.it\/","name":"Erresse Shop","description":"","publisher":{"@id":"https:\/\/dev6.erresse-shop.it\/#organization"},"potentialAction":[{"@type":"SearchAction","target":{"@type":"EntryPoint","urlTemplate":"https:\/\/dev6.erresse-shop.it\/?s={search_term_string}"},"query-input":{"@type":"PropertyValueSpecification","valueRequired":true,"valueName":"search_term_string"}}],"inLanguage":"es"},{"@type":"Organization","@id":"https:\/\/dev6.erresse-shop.it\/#organization","name":"Erresse Shop","url":"https:\/\/dev6.erresse-shop.it\/","logo":{"@type":"ImageObject","inLanguage":"es","@id":"https:\/\/dev6.erresse-shop.it\/#\/schema\/logo\/image\/","url":"https:\/\/dev6.erresse-shop.it\/wp-content\/uploads\/2025\/01\/LOGO-ERRESSE-CLASSICO.svg","contentUrl":"https:\/\/dev6.erresse-shop.it\/wp-content\/uploads\/2025\/01\/LOGO-ERRESSE-CLASSICO.svg","caption":"Erresse Shop"},"image":{"@id":"https:\/\/dev6.erresse-shop.it\/#\/schema\/logo\/image\/"}}]}},"df_price":122.95,"df_sale_price":122.95,"df_regular_price":169,"df_image_link":"https:\/\/i2.wp.com\/interpim.erresse-shop.it\/Import\/Prodotti\/instant-pot-multicooker-xl-rio-71-l-nero.jpg?resize=300,300&ssl=1","fifu_image_url":"https:\/\/interpim.erresse-shop.it\/Import\/Prodotti\/instant-pot-multicooker-xl-rio-71-l-nero.jpg","_links":{"self":[{"href":"https:\/\/dev6.erresse-shop.it\/es\/wp-json\/wp\/v2\/product\/1883207","targetHints":{"allow":["GET"]}}],"collection":[{"href":"https:\/\/dev6.erresse-shop.it\/es\/wp-json\/wp\/v2\/product"}],"about":[{"href":"https:\/\/dev6.erresse-shop.it\/es\/wp-json\/wp\/v2\/types\/product"}],"wp:featuredmedia":[{"embeddable":true,"href":"https:\/\/dev6.erresse-shop.it\/es\/wp-json\/wp\/v2\/media\/6373714"}],"wp:attachment":[{"href":"https:\/\/dev6.erresse-shop.it\/es\/wp-json\/wp\/v2\/media?parent=1883207"}],"wp:term":[{"taxonomy":"product_cat","embeddable":true,"href":"https:\/\/dev6.erresse-shop.it\/es\/wp-json\/wp\/v2\/product_cat?post=1883207"},{"taxonomy":"product_tag","embeddable":true,"href":"https:\/\/dev6.erresse-shop.it\/es\/wp-json\/wp\/v2\/product_tag?post=1883207"}],"curies":[{"name":"wp","href":"https:\/\/api.w.org\/{rel}","templated":true}]}}