{"id":1883175,"date":"2026-04-04T12:34:53","date_gmt":"2026-04-04T10:34:53","guid":{"rendered":"https:\/\/dev6.erresse-shop.it\/shop\/sin%20categor\u00eda\/alessi-plisse-calentador-de-brioche-negro\/"},"modified":"2025-09-14T10:03:10","modified_gmt":"2025-09-14T08:03:10","slug":"alessi-plisse-calentador-de-brioche-negro","status":"publish","type":"product","link":"https:\/\/dev6.erresse-shop.it\/es\/shop\/pequenos-electrodomesticos\/tostadoras\/alessi-plisse-calentador-de-brioche-negro\/","title":{"rendered":"ALESSI Plisse Calentador de brioche negro"},"content":{"rendered":"<p>El calentador de brioche Pliss\u00e9 de Alessi es un accesorio peque\u00f1o pero indispensable, perfecto para calentar croissants, brioches y pasteles y para mantener caliente el pan tostado. \u00a1Absolutamente brillante! La rejilla de acero inoxidable se ajusta simplemente sobre el aparato y est\u00e1 dise\u00f1ada para tostadoras Pliss\u00e9 de tama\u00f1o est\u00e1ndar.<\/p>\n<p>Los ic\u00f3nicos tejidos plisados \u200b\u200bde la alta costura visten la serie de peque\u00f1os electrodom\u00e9sticos dise\u00f1ados por Michele De Lucchi. La colecci\u00f3n Pliss\u00e8 aporta al ambiente dom\u00e9stico un toque de ligereza refinada.<\/p>\n<p>Caracter\u00edsticas:<\/p>\n<p>Altura (cm): 10,5<br \/>\nLongitud (cm):\u00a026<br \/>\nAncho (cm): 5,5<\/p>\n","protected":false},"excerpt":{"rendered":"<p>El calentador de brioche Pliss\u00e9 de Alessi es un accesorio peque\u00f1o pero indispensable, perfecto para calentar croissants, brioches y pasteles y para mantener caliente el pan tostado. \u00a1Absolutamente brillante! La rejilla de acero inoxidable se ajusta simplemente sobre el aparato y est\u00e1 dise\u00f1ada para tostadoras Pliss\u00e9 de tama\u00f1o est\u00e1ndar. Los ic\u00f3nicos tejidos plisados \u200b\u200bde la [&hellip;]<\/p>\n","protected":false},"featured_media":6290308,"template":"","meta":{"_acf_changed":false},"product_cat":[11947,11960],"product_tag":[],"class_list":{"0":"post-1883175","1":"product","2":"type-product","3":"status-publish","4":"has-post-thumbnail","6":"product_cat-pequenos-electrodomesticos","7":"product_cat-tostadoras","9":"first","10":"instock","11":"taxable","12":"shipping-taxable","13":"purchasable","14":"product-type-simple","swatches":"rey-swatches","show_selected":"","stretch_labels":"rey-swatches--stretch-labels"},"acf":[],"yoast_head":"<!-- This site is optimized with the Yoast SEO plugin v25.4 - https:\/\/yoast.com\/wordpress\/plugins\/seo\/ -->\n<title>ALESSI Plisse Calentador de brioche negro - dev6 Erresse<\/title>\n<meta name=\"description\" content=\"El calentador de brioche Pliss\u00e9 de Alessi es un accesorio peque\u00f1o pero indispensable, perfecto para calentar croissants, brioches y pasteles y para\" \/>\n<meta name=\"robots\" content=\"noindex, follow, max-snippet:-1, max-image-preview:large, max-video-preview:-1\" \/>\n<meta property=\"og:locale\" content=\"es_ES\" \/>\n<meta property=\"og:type\" content=\"article\" \/>\n<meta property=\"og:title\" content=\"ALESSI Plisse Calentador de brioche negro - dev6 Erresse\" \/>\n<meta property=\"og:description\" content=\"El calentador de brioche Pliss\u00e9 de Alessi es un accesorio peque\u00f1o pero indispensable, perfecto para calentar croissants, brioches y pasteles y para\" \/>\n<meta property=\"og:url\" content=\"https:\/\/dev6.erresse-shop.it\/es\/shop\/pequenos-electrodomesticos\/tostadoras\/alessi-plisse-calentador-de-brioche-negro\/\" \/>\n<meta property=\"og:site_name\" content=\"dev6 Erresse\" \/>\n<meta property=\"og:image\" content=\"https:\/\/interpim.erresse-shop.it\/Import\/Prodotti\/alessi-plisse-scalda-brioche-nero1.jpg\" \/><meta property=\"og:image\" content=\"https:\/\/interpim.erresse-shop.it\/Import\/Prodotti\/alessi-plisse-scalda-brioche-nero1.jpg\" \/>\n\t<meta property=\"og:image:width\" content=\"1024\" \/>\n\t<meta property=\"og:image:height\" content=\"1024\" \/>\n\t<meta property=\"og:image:type\" content=\"image\/jpeg\" \/>\n<meta name=\"twitter:card\" content=\"summary_large_image\" \/>\n<meta name=\"twitter:image\" content=\"https:\/\/interpim.erresse-shop.it\/Import\/Prodotti\/alessi-plisse-scalda-brioche-nero1.jpg\" \/>\n<script type=\"application\/ld+json\" class=\"yoast-schema-graph\">{\"@context\":\"https:\/\/schema.org\",\"@graph\":[{\"@type\":\"WebPage\",\"@id\":\"https:\/\/dev6.erresse-shop.it\/es\/shop\/pequenos-electrodomesticos\/tostadoras\/alessi-plisse-calentador-de-brioche-negro\/\",\"url\":\"https:\/\/dev6.erresse-shop.it\/es\/shop\/pequenos-electrodomesticos\/tostadoras\/alessi-plisse-calentador-de-brioche-negro\/\",\"name\":\"ALESSI Plisse Calentador de brioche negro - dev6 Erresse\",\"isPartOf\":{\"@id\":\"https:\/\/dev6.erresse-shop.it\/#website\"},\"primaryImageOfPage\":{\"@id\":\"https:\/\/dev6.erresse-shop.it\/es\/shop\/pequenos-electrodomesticos\/tostadoras\/alessi-plisse-calentador-de-brioche-negro\/#primaryimage\"},\"image\":{\"@id\":\"https:\/\/dev6.erresse-shop.it\/es\/shop\/pequenos-electrodomesticos\/tostadoras\/alessi-plisse-calentador-de-brioche-negro\/#primaryimage\"},\"thumbnailUrl\":\"https:\/\/i0.wp.com\/interpim.erresse-shop.it\/Import\/Prodotti\/alessi-plisse-scalda-brioche-nero1.jpg?ssl=1\",\"datePublished\":\"2026-04-04T10:34:53+00:00\",\"description\":\"El calentador de brioche Pliss\u00e9 de Alessi es un accesorio peque\u00f1o pero indispensable, perfecto para calentar croissants, brioches y pasteles y para\",\"breadcrumb\":{\"@id\":\"https:\/\/dev6.erresse-shop.it\/es\/shop\/pequenos-electrodomesticos\/tostadoras\/alessi-plisse-calentador-de-brioche-negro\/#breadcrumb\"},\"inLanguage\":\"es\",\"potentialAction\":[{\"@type\":\"ReadAction\",\"target\":[\"https:\/\/dev6.erresse-shop.it\/es\/shop\/pequenos-electrodomesticos\/tostadoras\/alessi-plisse-calentador-de-brioche-negro\/\"]}]},{\"@type\":\"ImageObject\",\"inLanguage\":\"es\",\"@id\":\"https:\/\/dev6.erresse-shop.it\/es\/shop\/pequenos-electrodomesticos\/tostadoras\/alessi-plisse-calentador-de-brioche-negro\/#primaryimage\",\"url\":\"https:\/\/i0.wp.com\/interpim.erresse-shop.it\/Import\/Prodotti\/alessi-plisse-scalda-brioche-nero1.jpg?ssl=1\",\"contentUrl\":\"https:\/\/i0.wp.com\/interpim.erresse-shop.it\/Import\/Prodotti\/alessi-plisse-scalda-brioche-nero1.jpg?ssl=1\"},{\"@type\":\"BreadcrumbList\",\"@id\":\"https:\/\/dev6.erresse-shop.it\/es\/shop\/pequenos-electrodomesticos\/tostadoras\/alessi-plisse-calentador-de-brioche-negro\/#breadcrumb\",\"itemListElement\":[{\"@type\":\"ListItem\",\"position\":1,\"name\":\"Home\",\"item\":\"https:\/\/dev6.erresse-shop.it\/\"},{\"@type\":\"ListItem\",\"position\":2,\"name\":\"Tienda\",\"item\":\"https:\/\/dev6.erresse-shop.it\/shop\/\"},{\"@type\":\"ListItem\",\"position\":3,\"name\":\"ALESSI Plisse Calentador de brioche negro\"}]},{\"@type\":\"WebSite\",\"@id\":\"https:\/\/dev6.erresse-shop.it\/#website\",\"url\":\"https:\/\/dev6.erresse-shop.it\/\",\"name\":\"Erresse Shop\",\"description\":\"\",\"publisher\":{\"@id\":\"https:\/\/dev6.erresse-shop.it\/#organization\"},\"potentialAction\":[{\"@type\":\"SearchAction\",\"target\":{\"@type\":\"EntryPoint\",\"urlTemplate\":\"https:\/\/dev6.erresse-shop.it\/?s={search_term_string}\"},\"query-input\":{\"@type\":\"PropertyValueSpecification\",\"valueRequired\":true,\"valueName\":\"search_term_string\"}}],\"inLanguage\":\"es\"},{\"@type\":\"Organization\",\"@id\":\"https:\/\/dev6.erresse-shop.it\/#organization\",\"name\":\"Erresse Shop\",\"url\":\"https:\/\/dev6.erresse-shop.it\/\",\"logo\":{\"@type\":\"ImageObject\",\"inLanguage\":\"es\",\"@id\":\"https:\/\/dev6.erresse-shop.it\/#\/schema\/logo\/image\/\",\"url\":\"https:\/\/dev6.erresse-shop.it\/wp-content\/uploads\/2025\/01\/LOGO-ERRESSE-CLASSICO.svg\",\"contentUrl\":\"https:\/\/dev6.erresse-shop.it\/wp-content\/uploads\/2025\/01\/LOGO-ERRESSE-CLASSICO.svg\",\"caption\":\"Erresse Shop\"},\"image\":{\"@id\":\"https:\/\/dev6.erresse-shop.it\/#\/schema\/logo\/image\/\"}}]}<\/script>\n<!-- \/ Yoast SEO plugin. -->","yoast_head_json":{"title":"ALESSI Plisse Calentador de brioche negro - dev6 Erresse","description":"El calentador de brioche Pliss\u00e9 de Alessi es un accesorio peque\u00f1o pero indispensable, perfecto para calentar croissants, brioches y pasteles y para","robots":{"index":"noindex","follow":"follow","max-snippet":"max-snippet:-1","max-image-preview":"max-image-preview:large","max-video-preview":"max-video-preview:-1"},"og_locale":"es_ES","og_type":"article","og_title":"ALESSI Plisse Calentador de brioche negro - dev6 Erresse","og_description":"El calentador de brioche Pliss\u00e9 de Alessi es un accesorio peque\u00f1o pero indispensable, perfecto para calentar croissants, brioches y pasteles y para","og_url":"https:\/\/dev6.erresse-shop.it\/es\/shop\/pequenos-electrodomesticos\/tostadoras\/alessi-plisse-calentador-de-brioche-negro\/","og_site_name":"dev6 Erresse","og_image":[{"url":"https:\/\/interpim.erresse-shop.it\/Import\/Prodotti\/alessi-plisse-scalda-brioche-nero1.jpg","type":"","width":"","height":""},{"url":"https:\/\/interpim.erresse-shop.it\/Import\/Prodotti\/alessi-plisse-scalda-brioche-nero1.jpg","width":1024,"height":1024,"type":"image\/jpeg"}],"twitter_card":"summary_large_image","twitter_image":"https:\/\/interpim.erresse-shop.it\/Import\/Prodotti\/alessi-plisse-scalda-brioche-nero1.jpg","schema":{"@context":"https:\/\/schema.org","@graph":[{"@type":"WebPage","@id":"https:\/\/dev6.erresse-shop.it\/es\/shop\/pequenos-electrodomesticos\/tostadoras\/alessi-plisse-calentador-de-brioche-negro\/","url":"https:\/\/dev6.erresse-shop.it\/es\/shop\/pequenos-electrodomesticos\/tostadoras\/alessi-plisse-calentador-de-brioche-negro\/","name":"ALESSI Plisse Calentador de brioche negro - dev6 Erresse","isPartOf":{"@id":"https:\/\/dev6.erresse-shop.it\/#website"},"primaryImageOfPage":{"@id":"https:\/\/dev6.erresse-shop.it\/es\/shop\/pequenos-electrodomesticos\/tostadoras\/alessi-plisse-calentador-de-brioche-negro\/#primaryimage"},"image":{"@id":"https:\/\/dev6.erresse-shop.it\/es\/shop\/pequenos-electrodomesticos\/tostadoras\/alessi-plisse-calentador-de-brioche-negro\/#primaryimage"},"thumbnailUrl":"https:\/\/i0.wp.com\/interpim.erresse-shop.it\/Import\/Prodotti\/alessi-plisse-scalda-brioche-nero1.jpg?ssl=1","datePublished":"2026-04-04T10:34:53+00:00","description":"El calentador de brioche Pliss\u00e9 de Alessi es un accesorio peque\u00f1o pero indispensable, perfecto para calentar croissants, brioches y pasteles y para","breadcrumb":{"@id":"https:\/\/dev6.erresse-shop.it\/es\/shop\/pequenos-electrodomesticos\/tostadoras\/alessi-plisse-calentador-de-brioche-negro\/#breadcrumb"},"inLanguage":"es","potentialAction":[{"@type":"ReadAction","target":["https:\/\/dev6.erresse-shop.it\/es\/shop\/pequenos-electrodomesticos\/tostadoras\/alessi-plisse-calentador-de-brioche-negro\/"]}]},{"@type":"ImageObject","inLanguage":"es","@id":"https:\/\/dev6.erresse-shop.it\/es\/shop\/pequenos-electrodomesticos\/tostadoras\/alessi-plisse-calentador-de-brioche-negro\/#primaryimage","url":"https:\/\/i0.wp.com\/interpim.erresse-shop.it\/Import\/Prodotti\/alessi-plisse-scalda-brioche-nero1.jpg?ssl=1","contentUrl":"https:\/\/i0.wp.com\/interpim.erresse-shop.it\/Import\/Prodotti\/alessi-plisse-scalda-brioche-nero1.jpg?ssl=1"},{"@type":"BreadcrumbList","@id":"https:\/\/dev6.erresse-shop.it\/es\/shop\/pequenos-electrodomesticos\/tostadoras\/alessi-plisse-calentador-de-brioche-negro\/#breadcrumb","itemListElement":[{"@type":"ListItem","position":1,"name":"Home","item":"https:\/\/dev6.erresse-shop.it\/"},{"@type":"ListItem","position":2,"name":"Tienda","item":"https:\/\/dev6.erresse-shop.it\/shop\/"},{"@type":"ListItem","position":3,"name":"ALESSI Plisse Calentador de brioche negro"}]},{"@type":"WebSite","@id":"https:\/\/dev6.erresse-shop.it\/#website","url":"https:\/\/dev6.erresse-shop.it\/","name":"Erresse Shop","description":"","publisher":{"@id":"https:\/\/dev6.erresse-shop.it\/#organization"},"potentialAction":[{"@type":"SearchAction","target":{"@type":"EntryPoint","urlTemplate":"https:\/\/dev6.erresse-shop.it\/?s={search_term_string}"},"query-input":{"@type":"PropertyValueSpecification","valueRequired":true,"valueName":"search_term_string"}}],"inLanguage":"es"},{"@type":"Organization","@id":"https:\/\/dev6.erresse-shop.it\/#organization","name":"Erresse Shop","url":"https:\/\/dev6.erresse-shop.it\/","logo":{"@type":"ImageObject","inLanguage":"es","@id":"https:\/\/dev6.erresse-shop.it\/#\/schema\/logo\/image\/","url":"https:\/\/dev6.erresse-shop.it\/wp-content\/uploads\/2025\/01\/LOGO-ERRESSE-CLASSICO.svg","contentUrl":"https:\/\/dev6.erresse-shop.it\/wp-content\/uploads\/2025\/01\/LOGO-ERRESSE-CLASSICO.svg","caption":"Erresse Shop"},"image":{"@id":"https:\/\/dev6.erresse-shop.it\/#\/schema\/logo\/image\/"}}]}},"df_price":15,"df_sale_price":"","df_regular_price":15,"df_image_link":"https:\/\/i0.wp.com\/interpim.erresse-shop.it\/Import\/Prodotti\/alessi-plisse-scalda-brioche-nero1.jpg?resize=300,300&ssl=1","fifu_image_url":"https:\/\/interpim.erresse-shop.it\/Import\/Prodotti\/alessi-plisse-scalda-brioche-nero1.jpg","_links":{"self":[{"href":"https:\/\/dev6.erresse-shop.it\/es\/wp-json\/wp\/v2\/product\/1883175","targetHints":{"allow":["GET"]}}],"collection":[{"href":"https:\/\/dev6.erresse-shop.it\/es\/wp-json\/wp\/v2\/product"}],"about":[{"href":"https:\/\/dev6.erresse-shop.it\/es\/wp-json\/wp\/v2\/types\/product"}],"wp:featuredmedia":[{"embeddable":true,"href":"https:\/\/dev6.erresse-shop.it\/es\/wp-json\/wp\/v2\/media\/6290308"}],"wp:attachment":[{"href":"https:\/\/dev6.erresse-shop.it\/es\/wp-json\/wp\/v2\/media?parent=1883175"}],"wp:term":[{"taxonomy":"product_cat","embeddable":true,"href":"https:\/\/dev6.erresse-shop.it\/es\/wp-json\/wp\/v2\/product_cat?post=1883175"},{"taxonomy":"product_tag","embeddable":true,"href":"https:\/\/dev6.erresse-shop.it\/es\/wp-json\/wp\/v2\/product_tag?post=1883175"}],"curies":[{"name":"wp","href":"https:\/\/api.w.org\/{rel}","templated":true}]}}