{"id":1883169,"date":"2026-04-12T12:35:07","date_gmt":"2026-04-12T10:35:07","guid":{"rendered":"https:\/\/dev6.erresse-shop.it\/shop\/sin%20categor\u00eda\/alessi-plisse-maquina-de-cafe-en-capsulas-blanco\/"},"modified":"2025-07-19T04:23:00","modified_gmt":"2025-07-19T02:23:00","slug":"alessi-plisse-maquina-de-cafe-en-capsulas-blanco","status":"publish","type":"product","link":"https:\/\/dev6.erresse-shop.it\/es\/shop\/pequenos-electrodomesticos\/maquinas-de-cafe\/capsulas\/alessi-plisse-maquina-de-cafe-en-capsulas-blanco\/","title":{"rendered":"ALESSI Pliss\u00e9 M\u00e1quina de caf\u00e9 en c\u00e1psulas Blanco"},"content":{"rendered":"<p>Una m\u00e1quina de caf\u00e9 de c\u00e1psulas ampl\u00eda la exitosa colecci\u00f3n Pliss\u00e9 adoptando el aspecto ahora ic\u00f3nico dise\u00f1ado por Michele De Lucchi. El proyecto ha sido desarrollado en colaboraci\u00f3n con L\u2019OR y se basa en el modelo consolidado \u201cBarista\u201d, creado por Versuni. En un elegante juego de vol\u00famenes plisados, la m\u00e1quina propuesta por Alessi toma forma, exaltando sus prestaciones funcionales en un refinado dise\u00f1o de derivaci\u00f3n arquitect\u00f3nica.<\/p>\n<p>Cafetera de c\u00e1psulas en resina termopl\u00e1stica y acero inoxidable, de color blanco.<\/p>\n<p>Altura (cm):\u00a027,60<br \/>\nLongitud (cm):\u00a015,70<br \/>\nAncho (cm):\u00a040,20<\/p>\n<p>Not for sale outside Europe<\/p>\n","protected":false},"excerpt":{"rendered":"<p>Una m\u00e1quina de caf\u00e9 de c\u00e1psulas ampl\u00eda la exitosa colecci\u00f3n Pliss\u00e9 adoptando el aspecto ahora ic\u00f3nico dise\u00f1ado por Michele De Lucchi. El proyecto ha sido desarrollado en colaboraci\u00f3n con L\u2019OR y se basa en el modelo consolidado \u201cBarista\u201d, creado por Versuni. En un elegante juego de vol\u00famenes plisados, la m\u00e1quina propuesta por Alessi toma forma, [&hellip;]<\/p>\n","protected":false},"featured_media":6373560,"template":"","meta":{"_acf_changed":false},"product_cat":[11973,11955,11947],"product_tag":[],"class_list":{"0":"post-1883169","1":"product","2":"type-product","3":"status-publish","4":"has-post-thumbnail","6":"product_cat-capsulas","7":"product_cat-maquinas-de-cafe","8":"product_cat-pequenos-electrodomesticos","10":"first","11":"instock","12":"sale","13":"taxable","14":"shipping-taxable","15":"purchasable","16":"product-type-simple","swatches":"rey-swatches","show_selected":"","stretch_labels":"rey-swatches--stretch-labels"},"acf":[],"yoast_head":"<!-- This site is optimized with the Yoast SEO plugin v25.4 - https:\/\/yoast.com\/wordpress\/plugins\/seo\/ -->\n<title>ALESSI Pliss\u00e9 M\u00e1quina de caf\u00e9 en c\u00e1psulas Blanco - dev6 Erresse<\/title>\n<meta name=\"description\" content=\"Una m\u00e1quina de caf\u00e9 de c\u00e1psulas ampl\u00eda la exitosa colecci\u00f3n Pliss\u00e9 adoptando el aspecto ahora ic\u00f3nico dise\u00f1ado por Michele De Lucchi. El proyecto ha sido\" \/>\n<meta name=\"robots\" content=\"noindex, follow, max-snippet:-1, max-image-preview:large, max-video-preview:-1\" \/>\n<meta property=\"og:locale\" content=\"es_ES\" \/>\n<meta property=\"og:type\" content=\"article\" \/>\n<meta property=\"og:title\" content=\"ALESSI Pliss\u00e9 M\u00e1quina de caf\u00e9 en c\u00e1psulas Blanco - dev6 Erresse\" \/>\n<meta property=\"og:description\" content=\"Una m\u00e1quina de caf\u00e9 de c\u00e1psulas ampl\u00eda la exitosa colecci\u00f3n Pliss\u00e9 adoptando el aspecto ahora ic\u00f3nico dise\u00f1ado por Michele De Lucchi. El proyecto ha sido\" \/>\n<meta property=\"og:url\" content=\"https:\/\/dev6.erresse-shop.it\/es\/shop\/pequenos-electrodomesticos\/maquinas-de-cafe\/capsulas\/alessi-plisse-maquina-de-cafe-en-capsulas-blanco\/\" \/>\n<meta property=\"og:site_name\" content=\"dev6 Erresse\" \/>\n<meta property=\"og:image\" content=\"https:\/\/interpim.erresse-shop.it\/Import\/Prodotti\/alessi-plisse-macchina-per-caffe-in-capsule-bianco.jpg\" \/><meta property=\"og:image\" content=\"https:\/\/interpim.erresse-shop.it\/Import\/Prodotti\/alessi-plisse-macchina-per-caffe-in-capsule-bianco.jpg\" \/>\n\t<meta property=\"og:image:width\" content=\"1024\" \/>\n\t<meta property=\"og:image:height\" content=\"1024\" \/>\n\t<meta property=\"og:image:type\" content=\"image\/jpeg\" \/>\n<meta name=\"twitter:card\" content=\"summary_large_image\" \/>\n<meta name=\"twitter:image\" content=\"https:\/\/interpim.erresse-shop.it\/Import\/Prodotti\/alessi-plisse-macchina-per-caffe-in-capsule-bianco.jpg\" \/>\n<script type=\"application\/ld+json\" class=\"yoast-schema-graph\">{\"@context\":\"https:\/\/schema.org\",\"@graph\":[{\"@type\":\"WebPage\",\"@id\":\"https:\/\/dev6.erresse-shop.it\/es\/shop\/pequenos-electrodomesticos\/maquinas-de-cafe\/capsulas\/alessi-plisse-maquina-de-cafe-en-capsulas-blanco\/\",\"url\":\"https:\/\/dev6.erresse-shop.it\/es\/shop\/pequenos-electrodomesticos\/maquinas-de-cafe\/capsulas\/alessi-plisse-maquina-de-cafe-en-capsulas-blanco\/\",\"name\":\"ALESSI Pliss\u00e9 M\u00e1quina de caf\u00e9 en c\u00e1psulas Blanco - dev6 Erresse\",\"isPartOf\":{\"@id\":\"https:\/\/dev6.erresse-shop.it\/#website\"},\"primaryImageOfPage\":{\"@id\":\"https:\/\/dev6.erresse-shop.it\/es\/shop\/pequenos-electrodomesticos\/maquinas-de-cafe\/capsulas\/alessi-plisse-maquina-de-cafe-en-capsulas-blanco\/#primaryimage\"},\"image\":{\"@id\":\"https:\/\/dev6.erresse-shop.it\/es\/shop\/pequenos-electrodomesticos\/maquinas-de-cafe\/capsulas\/alessi-plisse-maquina-de-cafe-en-capsulas-blanco\/#primaryimage\"},\"thumbnailUrl\":\"https:\/\/i0.wp.com\/interpim.erresse-shop.it\/Import\/Prodotti\/alessi-plisse-macchina-per-caffe-in-capsule-bianco.jpg?ssl=1\",\"datePublished\":\"2026-04-12T10:35:07+00:00\",\"description\":\"Una m\u00e1quina de caf\u00e9 de c\u00e1psulas ampl\u00eda la exitosa colecci\u00f3n Pliss\u00e9 adoptando el aspecto ahora ic\u00f3nico dise\u00f1ado por Michele De Lucchi. El proyecto ha sido\",\"breadcrumb\":{\"@id\":\"https:\/\/dev6.erresse-shop.it\/es\/shop\/pequenos-electrodomesticos\/maquinas-de-cafe\/capsulas\/alessi-plisse-maquina-de-cafe-en-capsulas-blanco\/#breadcrumb\"},\"inLanguage\":\"es\",\"potentialAction\":[{\"@type\":\"ReadAction\",\"target\":[\"https:\/\/dev6.erresse-shop.it\/es\/shop\/pequenos-electrodomesticos\/maquinas-de-cafe\/capsulas\/alessi-plisse-maquina-de-cafe-en-capsulas-blanco\/\"]}]},{\"@type\":\"ImageObject\",\"inLanguage\":\"es\",\"@id\":\"https:\/\/dev6.erresse-shop.it\/es\/shop\/pequenos-electrodomesticos\/maquinas-de-cafe\/capsulas\/alessi-plisse-maquina-de-cafe-en-capsulas-blanco\/#primaryimage\",\"url\":\"https:\/\/i0.wp.com\/interpim.erresse-shop.it\/Import\/Prodotti\/alessi-plisse-macchina-per-caffe-in-capsule-bianco.jpg?ssl=1\",\"contentUrl\":\"https:\/\/i0.wp.com\/interpim.erresse-shop.it\/Import\/Prodotti\/alessi-plisse-macchina-per-caffe-in-capsule-bianco.jpg?ssl=1\"},{\"@type\":\"BreadcrumbList\",\"@id\":\"https:\/\/dev6.erresse-shop.it\/es\/shop\/pequenos-electrodomesticos\/maquinas-de-cafe\/capsulas\/alessi-plisse-maquina-de-cafe-en-capsulas-blanco\/#breadcrumb\",\"itemListElement\":[{\"@type\":\"ListItem\",\"position\":1,\"name\":\"Home\",\"item\":\"https:\/\/dev6.erresse-shop.it\/\"},{\"@type\":\"ListItem\",\"position\":2,\"name\":\"Tienda\",\"item\":\"https:\/\/dev6.erresse-shop.it\/shop\/\"},{\"@type\":\"ListItem\",\"position\":3,\"name\":\"ALESSI Pliss\u00e9 M\u00e1quina de caf\u00e9 en c\u00e1psulas Blanco\"}]},{\"@type\":\"WebSite\",\"@id\":\"https:\/\/dev6.erresse-shop.it\/#website\",\"url\":\"https:\/\/dev6.erresse-shop.it\/\",\"name\":\"Erresse Shop\",\"description\":\"\",\"publisher\":{\"@id\":\"https:\/\/dev6.erresse-shop.it\/#organization\"},\"potentialAction\":[{\"@type\":\"SearchAction\",\"target\":{\"@type\":\"EntryPoint\",\"urlTemplate\":\"https:\/\/dev6.erresse-shop.it\/?s={search_term_string}\"},\"query-input\":{\"@type\":\"PropertyValueSpecification\",\"valueRequired\":true,\"valueName\":\"search_term_string\"}}],\"inLanguage\":\"es\"},{\"@type\":\"Organization\",\"@id\":\"https:\/\/dev6.erresse-shop.it\/#organization\",\"name\":\"Erresse Shop\",\"url\":\"https:\/\/dev6.erresse-shop.it\/\",\"logo\":{\"@type\":\"ImageObject\",\"inLanguage\":\"es\",\"@id\":\"https:\/\/dev6.erresse-shop.it\/#\/schema\/logo\/image\/\",\"url\":\"https:\/\/dev6.erresse-shop.it\/wp-content\/uploads\/2025\/01\/LOGO-ERRESSE-CLASSICO.svg\",\"contentUrl\":\"https:\/\/dev6.erresse-shop.it\/wp-content\/uploads\/2025\/01\/LOGO-ERRESSE-CLASSICO.svg\",\"caption\":\"Erresse Shop\"},\"image\":{\"@id\":\"https:\/\/dev6.erresse-shop.it\/#\/schema\/logo\/image\/\"}}]}<\/script>\n<!-- \/ Yoast SEO plugin. -->","yoast_head_json":{"title":"ALESSI Pliss\u00e9 M\u00e1quina de caf\u00e9 en c\u00e1psulas Blanco - dev6 Erresse","description":"Una m\u00e1quina de caf\u00e9 de c\u00e1psulas ampl\u00eda la exitosa colecci\u00f3n Pliss\u00e9 adoptando el aspecto ahora ic\u00f3nico dise\u00f1ado por Michele De Lucchi. El proyecto ha sido","robots":{"index":"noindex","follow":"follow","max-snippet":"max-snippet:-1","max-image-preview":"max-image-preview:large","max-video-preview":"max-video-preview:-1"},"og_locale":"es_ES","og_type":"article","og_title":"ALESSI Pliss\u00e9 M\u00e1quina de caf\u00e9 en c\u00e1psulas Blanco - dev6 Erresse","og_description":"Una m\u00e1quina de caf\u00e9 de c\u00e1psulas ampl\u00eda la exitosa colecci\u00f3n Pliss\u00e9 adoptando el aspecto ahora ic\u00f3nico dise\u00f1ado por Michele De Lucchi. El proyecto ha sido","og_url":"https:\/\/dev6.erresse-shop.it\/es\/shop\/pequenos-electrodomesticos\/maquinas-de-cafe\/capsulas\/alessi-plisse-maquina-de-cafe-en-capsulas-blanco\/","og_site_name":"dev6 Erresse","og_image":[{"url":"https:\/\/interpim.erresse-shop.it\/Import\/Prodotti\/alessi-plisse-macchina-per-caffe-in-capsule-bianco.jpg","type":"","width":"","height":""},{"url":"https:\/\/interpim.erresse-shop.it\/Import\/Prodotti\/alessi-plisse-macchina-per-caffe-in-capsule-bianco.jpg","width":1024,"height":1024,"type":"image\/jpeg"}],"twitter_card":"summary_large_image","twitter_image":"https:\/\/interpim.erresse-shop.it\/Import\/Prodotti\/alessi-plisse-macchina-per-caffe-in-capsule-bianco.jpg","schema":{"@context":"https:\/\/schema.org","@graph":[{"@type":"WebPage","@id":"https:\/\/dev6.erresse-shop.it\/es\/shop\/pequenos-electrodomesticos\/maquinas-de-cafe\/capsulas\/alessi-plisse-maquina-de-cafe-en-capsulas-blanco\/","url":"https:\/\/dev6.erresse-shop.it\/es\/shop\/pequenos-electrodomesticos\/maquinas-de-cafe\/capsulas\/alessi-plisse-maquina-de-cafe-en-capsulas-blanco\/","name":"ALESSI Pliss\u00e9 M\u00e1quina de caf\u00e9 en c\u00e1psulas Blanco - dev6 Erresse","isPartOf":{"@id":"https:\/\/dev6.erresse-shop.it\/#website"},"primaryImageOfPage":{"@id":"https:\/\/dev6.erresse-shop.it\/es\/shop\/pequenos-electrodomesticos\/maquinas-de-cafe\/capsulas\/alessi-plisse-maquina-de-cafe-en-capsulas-blanco\/#primaryimage"},"image":{"@id":"https:\/\/dev6.erresse-shop.it\/es\/shop\/pequenos-electrodomesticos\/maquinas-de-cafe\/capsulas\/alessi-plisse-maquina-de-cafe-en-capsulas-blanco\/#primaryimage"},"thumbnailUrl":"https:\/\/i0.wp.com\/interpim.erresse-shop.it\/Import\/Prodotti\/alessi-plisse-macchina-per-caffe-in-capsule-bianco.jpg?ssl=1","datePublished":"2026-04-12T10:35:07+00:00","description":"Una m\u00e1quina de caf\u00e9 de c\u00e1psulas ampl\u00eda la exitosa colecci\u00f3n Pliss\u00e9 adoptando el aspecto ahora ic\u00f3nico dise\u00f1ado por Michele De Lucchi. El proyecto ha sido","breadcrumb":{"@id":"https:\/\/dev6.erresse-shop.it\/es\/shop\/pequenos-electrodomesticos\/maquinas-de-cafe\/capsulas\/alessi-plisse-maquina-de-cafe-en-capsulas-blanco\/#breadcrumb"},"inLanguage":"es","potentialAction":[{"@type":"ReadAction","target":["https:\/\/dev6.erresse-shop.it\/es\/shop\/pequenos-electrodomesticos\/maquinas-de-cafe\/capsulas\/alessi-plisse-maquina-de-cafe-en-capsulas-blanco\/"]}]},{"@type":"ImageObject","inLanguage":"es","@id":"https:\/\/dev6.erresse-shop.it\/es\/shop\/pequenos-electrodomesticos\/maquinas-de-cafe\/capsulas\/alessi-plisse-maquina-de-cafe-en-capsulas-blanco\/#primaryimage","url":"https:\/\/i0.wp.com\/interpim.erresse-shop.it\/Import\/Prodotti\/alessi-plisse-macchina-per-caffe-in-capsule-bianco.jpg?ssl=1","contentUrl":"https:\/\/i0.wp.com\/interpim.erresse-shop.it\/Import\/Prodotti\/alessi-plisse-macchina-per-caffe-in-capsule-bianco.jpg?ssl=1"},{"@type":"BreadcrumbList","@id":"https:\/\/dev6.erresse-shop.it\/es\/shop\/pequenos-electrodomesticos\/maquinas-de-cafe\/capsulas\/alessi-plisse-maquina-de-cafe-en-capsulas-blanco\/#breadcrumb","itemListElement":[{"@type":"ListItem","position":1,"name":"Home","item":"https:\/\/dev6.erresse-shop.it\/"},{"@type":"ListItem","position":2,"name":"Tienda","item":"https:\/\/dev6.erresse-shop.it\/shop\/"},{"@type":"ListItem","position":3,"name":"ALESSI Pliss\u00e9 M\u00e1quina de caf\u00e9 en c\u00e1psulas Blanco"}]},{"@type":"WebSite","@id":"https:\/\/dev6.erresse-shop.it\/#website","url":"https:\/\/dev6.erresse-shop.it\/","name":"Erresse Shop","description":"","publisher":{"@id":"https:\/\/dev6.erresse-shop.it\/#organization"},"potentialAction":[{"@type":"SearchAction","target":{"@type":"EntryPoint","urlTemplate":"https:\/\/dev6.erresse-shop.it\/?s={search_term_string}"},"query-input":{"@type":"PropertyValueSpecification","valueRequired":true,"valueName":"search_term_string"}}],"inLanguage":"es"},{"@type":"Organization","@id":"https:\/\/dev6.erresse-shop.it\/#organization","name":"Erresse Shop","url":"https:\/\/dev6.erresse-shop.it\/","logo":{"@type":"ImageObject","inLanguage":"es","@id":"https:\/\/dev6.erresse-shop.it\/#\/schema\/logo\/image\/","url":"https:\/\/dev6.erresse-shop.it\/wp-content\/uploads\/2025\/01\/LOGO-ERRESSE-CLASSICO.svg","contentUrl":"https:\/\/dev6.erresse-shop.it\/wp-content\/uploads\/2025\/01\/LOGO-ERRESSE-CLASSICO.svg","caption":"Erresse Shop"},"image":{"@id":"https:\/\/dev6.erresse-shop.it\/#\/schema\/logo\/image\/"}}]}},"df_price":159,"df_sale_price":159,"df_regular_price":179.99,"df_image_link":"https:\/\/i0.wp.com\/interpim.erresse-shop.it\/Import\/Prodotti\/alessi-plisse-macchina-per-caffe-in-capsule-bianco.jpg?resize=300,300&ssl=1","fifu_image_url":"https:\/\/interpim.erresse-shop.it\/Import\/Prodotti\/alessi-plisse-macchina-per-caffe-in-capsule-bianco.jpg","_links":{"self":[{"href":"https:\/\/dev6.erresse-shop.it\/es\/wp-json\/wp\/v2\/product\/1883169","targetHints":{"allow":["GET"]}}],"collection":[{"href":"https:\/\/dev6.erresse-shop.it\/es\/wp-json\/wp\/v2\/product"}],"about":[{"href":"https:\/\/dev6.erresse-shop.it\/es\/wp-json\/wp\/v2\/types\/product"}],"wp:featuredmedia":[{"embeddable":true,"href":"https:\/\/dev6.erresse-shop.it\/es\/wp-json\/wp\/v2\/media\/6373560"}],"wp:attachment":[{"href":"https:\/\/dev6.erresse-shop.it\/es\/wp-json\/wp\/v2\/media?parent=1883169"}],"wp:term":[{"taxonomy":"product_cat","embeddable":true,"href":"https:\/\/dev6.erresse-shop.it\/es\/wp-json\/wp\/v2\/product_cat?post=1883169"},{"taxonomy":"product_tag","embeddable":true,"href":"https:\/\/dev6.erresse-shop.it\/es\/wp-json\/wp\/v2\/product_tag?post=1883169"}],"curies":[{"name":"wp","href":"https:\/\/api.w.org\/{rel}","templated":true}]}}