{"id":1883167,"date":"2026-04-04T12:32:24","date_gmt":"2026-04-04T10:32:24","guid":{"rendered":"https:\/\/dev6.erresse-shop.it\/shop\/sin%20categor\u00eda\/alessi-plisse-exprimidor-electrico-negro\/"},"modified":"2025-07-19T04:22:58","modified_gmt":"2025-07-19T02:22:58","slug":"alessi-plisse-exprimidor-electrico-negro","status":"publish","type":"product","link":"https:\/\/dev6.erresse-shop.it\/es\/shop\/pequenos-electrodomesticos\/exprimidores\/alessi-plisse-exprimidor-electrico-negro\/","title":{"rendered":"ALESSI Pliss\u00e9 Exprimidor el\u00e9ctrico Negro"},"content":{"rendered":"<p>El exprimidor el\u00e9ctrico de dise\u00f1o Pliss\u00e9 es mucho m\u00e1s que un simple electrodom\u00e9stico: es una peque\u00f1a arquitectura dom\u00e9stica que a\u00f1ade un toque de elegancia a tu cocina. Su refinado dise\u00f1o representa una feliz uni\u00f3n entre moda y dise\u00f1o, transformando cada pisada en una experiencia de alta costura. Pr\u00e1ctico de utilizar y f\u00e1cil de limpiar, el exprimidor Pliss\u00e9 se convierte en un objeto imprescindible para quienes aman rodearse de belleza y cuidar cada detalle de su hogar. A\u00f1ade un toque de estilo y cu\u00eddate con el exprimidor el\u00e9ctrico de dise\u00f1o Pliss\u00e9.<\/p>\n<p>Exprimidor El\u00e9ctrico de C\u00edtricos en Resina Termopl\u00e1stica<\/p>\n<p>Caracter\u00edsticas:<\/p>\n<p>Di\u00e1metro (cm): 18,50<br \/>\nAltura (cm): 28:00<\/p>\n<p>Not for sale outside Europe<\/p>\n","protected":false},"excerpt":{"rendered":"<p>El exprimidor el\u00e9ctrico de dise\u00f1o Pliss\u00e9 es mucho m\u00e1s que un simple electrodom\u00e9stico: es una peque\u00f1a arquitectura dom\u00e9stica que a\u00f1ade un toque de elegancia a tu cocina. Su refinado dise\u00f1o representa una feliz uni\u00f3n entre moda y dise\u00f1o, transformando cada pisada en una experiencia de alta costura. Pr\u00e1ctico de utilizar y f\u00e1cil de limpiar, el [&hellip;]<\/p>\n","protected":false},"featured_media":6290282,"template":"","meta":{"_acf_changed":false},"product_cat":[11959,11947],"product_tag":[],"class_list":{"0":"post-1883167","1":"product","2":"type-product","3":"status-publish","4":"has-post-thumbnail","6":"product_cat-exprimidores","7":"product_cat-pequenos-electrodomesticos","9":"first","10":"instock","11":"sale","12":"taxable","13":"shipping-taxable","14":"purchasable","15":"product-type-simple","swatches":"rey-swatches","show_selected":"","stretch_labels":"rey-swatches--stretch-labels"},"acf":[],"yoast_head":"<!-- This site is optimized with the Yoast SEO plugin v25.4 - https:\/\/yoast.com\/wordpress\/plugins\/seo\/ -->\n<title>ALESSI Pliss\u00e9 Exprimidor el\u00e9ctrico Negro - dev6 Erresse<\/title>\n<meta name=\"description\" content=\"El exprimidor el\u00e9ctrico de dise\u00f1o Pliss\u00e9 es mucho m\u00e1s que un simple electrodom\u00e9stico: es una peque\u00f1a arquitectura dom\u00e9stica que a\u00f1ade un toque de\" \/>\n<meta name=\"robots\" content=\"noindex, follow, max-snippet:-1, max-image-preview:large, max-video-preview:-1\" \/>\n<meta property=\"og:locale\" content=\"es_ES\" \/>\n<meta property=\"og:type\" content=\"article\" \/>\n<meta property=\"og:title\" content=\"ALESSI Pliss\u00e9 Exprimidor el\u00e9ctrico Negro - dev6 Erresse\" \/>\n<meta property=\"og:description\" content=\"El exprimidor el\u00e9ctrico de dise\u00f1o Pliss\u00e9 es mucho m\u00e1s que un simple electrodom\u00e9stico: es una peque\u00f1a arquitectura dom\u00e9stica que a\u00f1ade un toque de\" \/>\n<meta property=\"og:url\" content=\"https:\/\/dev6.erresse-shop.it\/es\/shop\/pequenos-electrodomesticos\/exprimidores\/alessi-plisse-exprimidor-electrico-negro\/\" \/>\n<meta property=\"og:site_name\" content=\"dev6 Erresse\" \/>\n<meta property=\"og:image\" content=\"https:\/\/interpim.erresse-shop.it\/Import\/Prodotti\/alessi-plisse-spremiagrumi-elettrico-nero.jpg\" \/><meta property=\"og:image\" content=\"https:\/\/interpim.erresse-shop.it\/Import\/Prodotti\/alessi-plisse-spremiagrumi-elettrico-nero.jpg\" \/>\n\t<meta property=\"og:image:width\" content=\"1024\" \/>\n\t<meta property=\"og:image:height\" content=\"1024\" \/>\n\t<meta property=\"og:image:type\" content=\"image\/jpeg\" \/>\n<meta name=\"twitter:card\" content=\"summary_large_image\" \/>\n<meta name=\"twitter:image\" content=\"https:\/\/interpim.erresse-shop.it\/Import\/Prodotti\/alessi-plisse-spremiagrumi-elettrico-nero.jpg\" \/>\n<script type=\"application\/ld+json\" class=\"yoast-schema-graph\">{\"@context\":\"https:\/\/schema.org\",\"@graph\":[{\"@type\":\"WebPage\",\"@id\":\"https:\/\/dev6.erresse-shop.it\/es\/shop\/pequenos-electrodomesticos\/exprimidores\/alessi-plisse-exprimidor-electrico-negro\/\",\"url\":\"https:\/\/dev6.erresse-shop.it\/es\/shop\/pequenos-electrodomesticos\/exprimidores\/alessi-plisse-exprimidor-electrico-negro\/\",\"name\":\"ALESSI Pliss\u00e9 Exprimidor el\u00e9ctrico Negro - dev6 Erresse\",\"isPartOf\":{\"@id\":\"https:\/\/dev6.erresse-shop.it\/#website\"},\"primaryImageOfPage\":{\"@id\":\"https:\/\/dev6.erresse-shop.it\/es\/shop\/pequenos-electrodomesticos\/exprimidores\/alessi-plisse-exprimidor-electrico-negro\/#primaryimage\"},\"image\":{\"@id\":\"https:\/\/dev6.erresse-shop.it\/es\/shop\/pequenos-electrodomesticos\/exprimidores\/alessi-plisse-exprimidor-electrico-negro\/#primaryimage\"},\"thumbnailUrl\":\"https:\/\/i3.wp.com\/interpim.erresse-shop.it\/Import\/Prodotti\/alessi-plisse-spremiagrumi-elettrico-nero.jpg?ssl=1\",\"datePublished\":\"2026-04-04T10:32:24+00:00\",\"description\":\"El exprimidor el\u00e9ctrico de dise\u00f1o Pliss\u00e9 es mucho m\u00e1s que un simple electrodom\u00e9stico: es una peque\u00f1a arquitectura dom\u00e9stica que a\u00f1ade un toque de\",\"breadcrumb\":{\"@id\":\"https:\/\/dev6.erresse-shop.it\/es\/shop\/pequenos-electrodomesticos\/exprimidores\/alessi-plisse-exprimidor-electrico-negro\/#breadcrumb\"},\"inLanguage\":\"es\",\"potentialAction\":[{\"@type\":\"ReadAction\",\"target\":[\"https:\/\/dev6.erresse-shop.it\/es\/shop\/pequenos-electrodomesticos\/exprimidores\/alessi-plisse-exprimidor-electrico-negro\/\"]}]},{\"@type\":\"ImageObject\",\"inLanguage\":\"es\",\"@id\":\"https:\/\/dev6.erresse-shop.it\/es\/shop\/pequenos-electrodomesticos\/exprimidores\/alessi-plisse-exprimidor-electrico-negro\/#primaryimage\",\"url\":\"https:\/\/i3.wp.com\/interpim.erresse-shop.it\/Import\/Prodotti\/alessi-plisse-spremiagrumi-elettrico-nero.jpg?ssl=1\",\"contentUrl\":\"https:\/\/i3.wp.com\/interpim.erresse-shop.it\/Import\/Prodotti\/alessi-plisse-spremiagrumi-elettrico-nero.jpg?ssl=1\"},{\"@type\":\"BreadcrumbList\",\"@id\":\"https:\/\/dev6.erresse-shop.it\/es\/shop\/pequenos-electrodomesticos\/exprimidores\/alessi-plisse-exprimidor-electrico-negro\/#breadcrumb\",\"itemListElement\":[{\"@type\":\"ListItem\",\"position\":1,\"name\":\"Home\",\"item\":\"https:\/\/dev6.erresse-shop.it\/\"},{\"@type\":\"ListItem\",\"position\":2,\"name\":\"Tienda\",\"item\":\"https:\/\/dev6.erresse-shop.it\/shop\/\"},{\"@type\":\"ListItem\",\"position\":3,\"name\":\"ALESSI Pliss\u00e9 Exprimidor el\u00e9ctrico Negro\"}]},{\"@type\":\"WebSite\",\"@id\":\"https:\/\/dev6.erresse-shop.it\/#website\",\"url\":\"https:\/\/dev6.erresse-shop.it\/\",\"name\":\"Erresse Shop\",\"description\":\"\",\"publisher\":{\"@id\":\"https:\/\/dev6.erresse-shop.it\/#organization\"},\"potentialAction\":[{\"@type\":\"SearchAction\",\"target\":{\"@type\":\"EntryPoint\",\"urlTemplate\":\"https:\/\/dev6.erresse-shop.it\/?s={search_term_string}\"},\"query-input\":{\"@type\":\"PropertyValueSpecification\",\"valueRequired\":true,\"valueName\":\"search_term_string\"}}],\"inLanguage\":\"es\"},{\"@type\":\"Organization\",\"@id\":\"https:\/\/dev6.erresse-shop.it\/#organization\",\"name\":\"Erresse Shop\",\"url\":\"https:\/\/dev6.erresse-shop.it\/\",\"logo\":{\"@type\":\"ImageObject\",\"inLanguage\":\"es\",\"@id\":\"https:\/\/dev6.erresse-shop.it\/#\/schema\/logo\/image\/\",\"url\":\"https:\/\/dev6.erresse-shop.it\/wp-content\/uploads\/2025\/01\/LOGO-ERRESSE-CLASSICO.svg\",\"contentUrl\":\"https:\/\/dev6.erresse-shop.it\/wp-content\/uploads\/2025\/01\/LOGO-ERRESSE-CLASSICO.svg\",\"caption\":\"Erresse Shop\"},\"image\":{\"@id\":\"https:\/\/dev6.erresse-shop.it\/#\/schema\/logo\/image\/\"}}]}<\/script>\n<!-- \/ Yoast SEO plugin. -->","yoast_head_json":{"title":"ALESSI Pliss\u00e9 Exprimidor el\u00e9ctrico Negro - dev6 Erresse","description":"El exprimidor el\u00e9ctrico de dise\u00f1o Pliss\u00e9 es mucho m\u00e1s que un simple electrodom\u00e9stico: es una peque\u00f1a arquitectura dom\u00e9stica que a\u00f1ade un toque de","robots":{"index":"noindex","follow":"follow","max-snippet":"max-snippet:-1","max-image-preview":"max-image-preview:large","max-video-preview":"max-video-preview:-1"},"og_locale":"es_ES","og_type":"article","og_title":"ALESSI Pliss\u00e9 Exprimidor el\u00e9ctrico Negro - dev6 Erresse","og_description":"El exprimidor el\u00e9ctrico de dise\u00f1o Pliss\u00e9 es mucho m\u00e1s que un simple electrodom\u00e9stico: es una peque\u00f1a arquitectura dom\u00e9stica que a\u00f1ade un toque de","og_url":"https:\/\/dev6.erresse-shop.it\/es\/shop\/pequenos-electrodomesticos\/exprimidores\/alessi-plisse-exprimidor-electrico-negro\/","og_site_name":"dev6 Erresse","og_image":[{"url":"https:\/\/interpim.erresse-shop.it\/Import\/Prodotti\/alessi-plisse-spremiagrumi-elettrico-nero.jpg","type":"","width":"","height":""},{"url":"https:\/\/interpim.erresse-shop.it\/Import\/Prodotti\/alessi-plisse-spremiagrumi-elettrico-nero.jpg","width":1024,"height":1024,"type":"image\/jpeg"}],"twitter_card":"summary_large_image","twitter_image":"https:\/\/interpim.erresse-shop.it\/Import\/Prodotti\/alessi-plisse-spremiagrumi-elettrico-nero.jpg","schema":{"@context":"https:\/\/schema.org","@graph":[{"@type":"WebPage","@id":"https:\/\/dev6.erresse-shop.it\/es\/shop\/pequenos-electrodomesticos\/exprimidores\/alessi-plisse-exprimidor-electrico-negro\/","url":"https:\/\/dev6.erresse-shop.it\/es\/shop\/pequenos-electrodomesticos\/exprimidores\/alessi-plisse-exprimidor-electrico-negro\/","name":"ALESSI Pliss\u00e9 Exprimidor el\u00e9ctrico Negro - dev6 Erresse","isPartOf":{"@id":"https:\/\/dev6.erresse-shop.it\/#website"},"primaryImageOfPage":{"@id":"https:\/\/dev6.erresse-shop.it\/es\/shop\/pequenos-electrodomesticos\/exprimidores\/alessi-plisse-exprimidor-electrico-negro\/#primaryimage"},"image":{"@id":"https:\/\/dev6.erresse-shop.it\/es\/shop\/pequenos-electrodomesticos\/exprimidores\/alessi-plisse-exprimidor-electrico-negro\/#primaryimage"},"thumbnailUrl":"https:\/\/i3.wp.com\/interpim.erresse-shop.it\/Import\/Prodotti\/alessi-plisse-spremiagrumi-elettrico-nero.jpg?ssl=1","datePublished":"2026-04-04T10:32:24+00:00","description":"El exprimidor el\u00e9ctrico de dise\u00f1o Pliss\u00e9 es mucho m\u00e1s que un simple electrodom\u00e9stico: es una peque\u00f1a arquitectura dom\u00e9stica que a\u00f1ade un toque de","breadcrumb":{"@id":"https:\/\/dev6.erresse-shop.it\/es\/shop\/pequenos-electrodomesticos\/exprimidores\/alessi-plisse-exprimidor-electrico-negro\/#breadcrumb"},"inLanguage":"es","potentialAction":[{"@type":"ReadAction","target":["https:\/\/dev6.erresse-shop.it\/es\/shop\/pequenos-electrodomesticos\/exprimidores\/alessi-plisse-exprimidor-electrico-negro\/"]}]},{"@type":"ImageObject","inLanguage":"es","@id":"https:\/\/dev6.erresse-shop.it\/es\/shop\/pequenos-electrodomesticos\/exprimidores\/alessi-plisse-exprimidor-electrico-negro\/#primaryimage","url":"https:\/\/i3.wp.com\/interpim.erresse-shop.it\/Import\/Prodotti\/alessi-plisse-spremiagrumi-elettrico-nero.jpg?ssl=1","contentUrl":"https:\/\/i3.wp.com\/interpim.erresse-shop.it\/Import\/Prodotti\/alessi-plisse-spremiagrumi-elettrico-nero.jpg?ssl=1"},{"@type":"BreadcrumbList","@id":"https:\/\/dev6.erresse-shop.it\/es\/shop\/pequenos-electrodomesticos\/exprimidores\/alessi-plisse-exprimidor-electrico-negro\/#breadcrumb","itemListElement":[{"@type":"ListItem","position":1,"name":"Home","item":"https:\/\/dev6.erresse-shop.it\/"},{"@type":"ListItem","position":2,"name":"Tienda","item":"https:\/\/dev6.erresse-shop.it\/shop\/"},{"@type":"ListItem","position":3,"name":"ALESSI Pliss\u00e9 Exprimidor el\u00e9ctrico Negro"}]},{"@type":"WebSite","@id":"https:\/\/dev6.erresse-shop.it\/#website","url":"https:\/\/dev6.erresse-shop.it\/","name":"Erresse Shop","description":"","publisher":{"@id":"https:\/\/dev6.erresse-shop.it\/#organization"},"potentialAction":[{"@type":"SearchAction","target":{"@type":"EntryPoint","urlTemplate":"https:\/\/dev6.erresse-shop.it\/?s={search_term_string}"},"query-input":{"@type":"PropertyValueSpecification","valueRequired":true,"valueName":"search_term_string"}}],"inLanguage":"es"},{"@type":"Organization","@id":"https:\/\/dev6.erresse-shop.it\/#organization","name":"Erresse Shop","url":"https:\/\/dev6.erresse-shop.it\/","logo":{"@type":"ImageObject","inLanguage":"es","@id":"https:\/\/dev6.erresse-shop.it\/#\/schema\/logo\/image\/","url":"https:\/\/dev6.erresse-shop.it\/wp-content\/uploads\/2025\/01\/LOGO-ERRESSE-CLASSICO.svg","contentUrl":"https:\/\/dev6.erresse-shop.it\/wp-content\/uploads\/2025\/01\/LOGO-ERRESSE-CLASSICO.svg","caption":"Erresse Shop"},"image":{"@id":"https:\/\/dev6.erresse-shop.it\/#\/schema\/logo\/image\/"}}]}},"df_price":99.95,"df_sale_price":99.95,"df_regular_price":115,"df_image_link":"https:\/\/i3.wp.com\/interpim.erresse-shop.it\/Import\/Prodotti\/alessi-plisse-spremiagrumi-elettrico-nero.jpg?resize=300,300&ssl=1","fifu_image_url":"https:\/\/interpim.erresse-shop.it\/Import\/Prodotti\/alessi-plisse-spremiagrumi-elettrico-nero.jpg","_links":{"self":[{"href":"https:\/\/dev6.erresse-shop.it\/es\/wp-json\/wp\/v2\/product\/1883167","targetHints":{"allow":["GET"]}}],"collection":[{"href":"https:\/\/dev6.erresse-shop.it\/es\/wp-json\/wp\/v2\/product"}],"about":[{"href":"https:\/\/dev6.erresse-shop.it\/es\/wp-json\/wp\/v2\/types\/product"}],"wp:featuredmedia":[{"embeddable":true,"href":"https:\/\/dev6.erresse-shop.it\/es\/wp-json\/wp\/v2\/media\/6290282"}],"wp:attachment":[{"href":"https:\/\/dev6.erresse-shop.it\/es\/wp-json\/wp\/v2\/media?parent=1883167"}],"wp:term":[{"taxonomy":"product_cat","embeddable":true,"href":"https:\/\/dev6.erresse-shop.it\/es\/wp-json\/wp\/v2\/product_cat?post=1883167"},{"taxonomy":"product_tag","embeddable":true,"href":"https:\/\/dev6.erresse-shop.it\/es\/wp-json\/wp\/v2\/product_tag?post=1883167"}],"curies":[{"name":"wp","href":"https:\/\/api.w.org\/{rel}","templated":true}]}}