{"id":1883145,"date":"2026-04-12T12:35:07","date_gmt":"2026-04-12T10:35:07","guid":{"rendered":"https:\/\/dev6.erresse-shop.it\/shop\/sin%20categor\u00eda\/alessi-plisse-tostadora-rojo\/"},"modified":"2025-07-05T00:57:36","modified_gmt":"2025-07-04T22:57:36","slug":"alessi-plisse-tostadora-rojo","status":"publish","type":"product","link":"https:\/\/dev6.erresse-shop.it\/es\/shop\/pequenos-electrodomesticos\/tostadoras\/alessi-plisse-tostadora-rojo\/","title":{"rendered":"ALESSI Pliss\u00e9 Tostadora Rojo"},"content":{"rendered":"<p>Descubra la tostadora de dise\u00f1o de la colecci\u00f3n Pliss\u00e9: una sofisticada obra de arte para las encimeras de su cocina. Los elegantes pliegues recuerdan al mundo de la alta moda, transformando tu cocina en una pasarela de alta costura. Con m\u00faltiples funciones para un uso f\u00e1cil y seguro, esta tostadora ofrece 6 niveles de tostado, perfectos para crear deliciosos desayunos, brunchs y aperitivos. Agrada a la vista incluso antes que al gusto, a\u00f1adiendo un toque de originalidad a tu cocina. C\u00f3mpralo ahora y disfruta del placer de preparar delicias para cada ocasi\u00f3n.<\/p>\n<p>Tostadora fabricada en resina termopl\u00e1stica.<\/p>\n<p>Caracter\u00edsticas:<\/p>\n<p>Altura (cm):\u00a025,00<br \/>\nLongitud (cm):\u00a034,00<br \/>\nAncho (cm):\u00a018,50<\/p>\n","protected":false},"excerpt":{"rendered":"<p>Descubra la tostadora de dise\u00f1o de la colecci\u00f3n Pliss\u00e9: una sofisticada obra de arte para las encimeras de su cocina. Los elegantes pliegues recuerdan al mundo de la alta moda, transformando tu cocina en una pasarela de alta costura. Con m\u00faltiples funciones para un uso f\u00e1cil y seguro, esta tostadora ofrece 6 niveles de tostado, [&hellip;]<\/p>\n","protected":false},"featured_media":6373498,"template":"","meta":{"_acf_changed":false},"product_cat":[11947,11960],"product_tag":[],"class_list":{"0":"post-1883145","1":"product","2":"type-product","3":"status-publish","4":"has-post-thumbnail","6":"product_cat-pequenos-electrodomesticos","7":"product_cat-tostadoras","9":"first","10":"instock","11":"sale","12":"taxable","13":"shipping-taxable","14":"purchasable","15":"product-type-simple","swatches":"rey-swatches","show_selected":"","stretch_labels":"rey-swatches--stretch-labels"},"acf":[],"yoast_head":"<!-- This site is optimized with the Yoast SEO plugin v25.4 - https:\/\/yoast.com\/wordpress\/plugins\/seo\/ -->\n<title>ALESSI Pliss\u00e9 Tostadora Rojo - dev6 Erresse<\/title>\n<meta name=\"description\" content=\"Descubra la tostadora de dise\u00f1o de la colecci\u00f3n Pliss\u00e9: una sofisticada obra de arte para las encimeras de su cocina. Los elegantes pliegues recuerdan al\" \/>\n<meta name=\"robots\" content=\"noindex, follow, max-snippet:-1, max-image-preview:large, max-video-preview:-1\" \/>\n<meta property=\"og:locale\" content=\"es_ES\" \/>\n<meta property=\"og:type\" content=\"article\" \/>\n<meta property=\"og:title\" content=\"ALESSI Pliss\u00e9 Tostadora Rojo - dev6 Erresse\" \/>\n<meta property=\"og:description\" content=\"Descubra la tostadora de dise\u00f1o de la colecci\u00f3n Pliss\u00e9: una sofisticada obra de arte para las encimeras de su cocina. Los elegantes pliegues recuerdan al\" \/>\n<meta property=\"og:url\" content=\"https:\/\/dev6.erresse-shop.it\/es\/shop\/pequenos-electrodomesticos\/tostadoras\/alessi-plisse-tostadora-rojo\/\" \/>\n<meta property=\"og:site_name\" content=\"dev6 Erresse\" \/>\n<meta property=\"og:image\" content=\"https:\/\/interpim.erresse-shop.it\/Import\/Prodotti\/alessi-plisse-tostapane-rosso.jpg\" \/><meta property=\"og:image\" content=\"https:\/\/interpim.erresse-shop.it\/Import\/Prodotti\/alessi-plisse-tostapane-rosso.jpg\" \/>\n\t<meta property=\"og:image:width\" content=\"1024\" \/>\n\t<meta property=\"og:image:height\" content=\"1024\" \/>\n\t<meta property=\"og:image:type\" content=\"image\/jpeg\" \/>\n<meta name=\"twitter:card\" content=\"summary_large_image\" \/>\n<meta name=\"twitter:image\" content=\"https:\/\/interpim.erresse-shop.it\/Import\/Prodotti\/alessi-plisse-tostapane-rosso.jpg\" \/>\n<script type=\"application\/ld+json\" class=\"yoast-schema-graph\">{\"@context\":\"https:\/\/schema.org\",\"@graph\":[{\"@type\":\"WebPage\",\"@id\":\"https:\/\/dev6.erresse-shop.it\/es\/shop\/pequenos-electrodomesticos\/tostadoras\/alessi-plisse-tostadora-rojo\/\",\"url\":\"https:\/\/dev6.erresse-shop.it\/es\/shop\/pequenos-electrodomesticos\/tostadoras\/alessi-plisse-tostadora-rojo\/\",\"name\":\"ALESSI Pliss\u00e9 Tostadora Rojo - dev6 Erresse\",\"isPartOf\":{\"@id\":\"https:\/\/dev6.erresse-shop.it\/#website\"},\"primaryImageOfPage\":{\"@id\":\"https:\/\/dev6.erresse-shop.it\/es\/shop\/pequenos-electrodomesticos\/tostadoras\/alessi-plisse-tostadora-rojo\/#primaryimage\"},\"image\":{\"@id\":\"https:\/\/dev6.erresse-shop.it\/es\/shop\/pequenos-electrodomesticos\/tostadoras\/alessi-plisse-tostadora-rojo\/#primaryimage\"},\"thumbnailUrl\":\"https:\/\/i2.wp.com\/interpim.erresse-shop.it\/Import\/Prodotti\/alessi-plisse-tostapane-rosso.jpg?ssl=1\",\"datePublished\":\"2026-04-12T10:35:07+00:00\",\"description\":\"Descubra la tostadora de dise\u00f1o de la colecci\u00f3n Pliss\u00e9: una sofisticada obra de arte para las encimeras de su cocina. Los elegantes pliegues recuerdan al\",\"breadcrumb\":{\"@id\":\"https:\/\/dev6.erresse-shop.it\/es\/shop\/pequenos-electrodomesticos\/tostadoras\/alessi-plisse-tostadora-rojo\/#breadcrumb\"},\"inLanguage\":\"es\",\"potentialAction\":[{\"@type\":\"ReadAction\",\"target\":[\"https:\/\/dev6.erresse-shop.it\/es\/shop\/pequenos-electrodomesticos\/tostadoras\/alessi-plisse-tostadora-rojo\/\"]}]},{\"@type\":\"ImageObject\",\"inLanguage\":\"es\",\"@id\":\"https:\/\/dev6.erresse-shop.it\/es\/shop\/pequenos-electrodomesticos\/tostadoras\/alessi-plisse-tostadora-rojo\/#primaryimage\",\"url\":\"https:\/\/i2.wp.com\/interpim.erresse-shop.it\/Import\/Prodotti\/alessi-plisse-tostapane-rosso.jpg?ssl=1\",\"contentUrl\":\"https:\/\/i2.wp.com\/interpim.erresse-shop.it\/Import\/Prodotti\/alessi-plisse-tostapane-rosso.jpg?ssl=1\"},{\"@type\":\"BreadcrumbList\",\"@id\":\"https:\/\/dev6.erresse-shop.it\/es\/shop\/pequenos-electrodomesticos\/tostadoras\/alessi-plisse-tostadora-rojo\/#breadcrumb\",\"itemListElement\":[{\"@type\":\"ListItem\",\"position\":1,\"name\":\"Home\",\"item\":\"https:\/\/dev6.erresse-shop.it\/\"},{\"@type\":\"ListItem\",\"position\":2,\"name\":\"Tienda\",\"item\":\"https:\/\/dev6.erresse-shop.it\/shop\/\"},{\"@type\":\"ListItem\",\"position\":3,\"name\":\"ALESSI Pliss\u00e9 Tostadora Rojo\"}]},{\"@type\":\"WebSite\",\"@id\":\"https:\/\/dev6.erresse-shop.it\/#website\",\"url\":\"https:\/\/dev6.erresse-shop.it\/\",\"name\":\"Erresse Shop\",\"description\":\"\",\"publisher\":{\"@id\":\"https:\/\/dev6.erresse-shop.it\/#organization\"},\"potentialAction\":[{\"@type\":\"SearchAction\",\"target\":{\"@type\":\"EntryPoint\",\"urlTemplate\":\"https:\/\/dev6.erresse-shop.it\/?s={search_term_string}\"},\"query-input\":{\"@type\":\"PropertyValueSpecification\",\"valueRequired\":true,\"valueName\":\"search_term_string\"}}],\"inLanguage\":\"es\"},{\"@type\":\"Organization\",\"@id\":\"https:\/\/dev6.erresse-shop.it\/#organization\",\"name\":\"Erresse Shop\",\"url\":\"https:\/\/dev6.erresse-shop.it\/\",\"logo\":{\"@type\":\"ImageObject\",\"inLanguage\":\"es\",\"@id\":\"https:\/\/dev6.erresse-shop.it\/#\/schema\/logo\/image\/\",\"url\":\"https:\/\/dev6.erresse-shop.it\/wp-content\/uploads\/2025\/01\/LOGO-ERRESSE-CLASSICO.svg\",\"contentUrl\":\"https:\/\/dev6.erresse-shop.it\/wp-content\/uploads\/2025\/01\/LOGO-ERRESSE-CLASSICO.svg\",\"caption\":\"Erresse Shop\"},\"image\":{\"@id\":\"https:\/\/dev6.erresse-shop.it\/#\/schema\/logo\/image\/\"}}]}<\/script>\n<!-- \/ Yoast SEO plugin. -->","yoast_head_json":{"title":"ALESSI Pliss\u00e9 Tostadora Rojo - dev6 Erresse","description":"Descubra la tostadora de dise\u00f1o de la colecci\u00f3n Pliss\u00e9: una sofisticada obra de arte para las encimeras de su cocina. Los elegantes pliegues recuerdan al","robots":{"index":"noindex","follow":"follow","max-snippet":"max-snippet:-1","max-image-preview":"max-image-preview:large","max-video-preview":"max-video-preview:-1"},"og_locale":"es_ES","og_type":"article","og_title":"ALESSI Pliss\u00e9 Tostadora Rojo - dev6 Erresse","og_description":"Descubra la tostadora de dise\u00f1o de la colecci\u00f3n Pliss\u00e9: una sofisticada obra de arte para las encimeras de su cocina. Los elegantes pliegues recuerdan al","og_url":"https:\/\/dev6.erresse-shop.it\/es\/shop\/pequenos-electrodomesticos\/tostadoras\/alessi-plisse-tostadora-rojo\/","og_site_name":"dev6 Erresse","og_image":[{"url":"https:\/\/interpim.erresse-shop.it\/Import\/Prodotti\/alessi-plisse-tostapane-rosso.jpg","type":"","width":"","height":""},{"url":"https:\/\/interpim.erresse-shop.it\/Import\/Prodotti\/alessi-plisse-tostapane-rosso.jpg","width":1024,"height":1024,"type":"image\/jpeg"}],"twitter_card":"summary_large_image","twitter_image":"https:\/\/interpim.erresse-shop.it\/Import\/Prodotti\/alessi-plisse-tostapane-rosso.jpg","schema":{"@context":"https:\/\/schema.org","@graph":[{"@type":"WebPage","@id":"https:\/\/dev6.erresse-shop.it\/es\/shop\/pequenos-electrodomesticos\/tostadoras\/alessi-plisse-tostadora-rojo\/","url":"https:\/\/dev6.erresse-shop.it\/es\/shop\/pequenos-electrodomesticos\/tostadoras\/alessi-plisse-tostadora-rojo\/","name":"ALESSI Pliss\u00e9 Tostadora Rojo - dev6 Erresse","isPartOf":{"@id":"https:\/\/dev6.erresse-shop.it\/#website"},"primaryImageOfPage":{"@id":"https:\/\/dev6.erresse-shop.it\/es\/shop\/pequenos-electrodomesticos\/tostadoras\/alessi-plisse-tostadora-rojo\/#primaryimage"},"image":{"@id":"https:\/\/dev6.erresse-shop.it\/es\/shop\/pequenos-electrodomesticos\/tostadoras\/alessi-plisse-tostadora-rojo\/#primaryimage"},"thumbnailUrl":"https:\/\/i2.wp.com\/interpim.erresse-shop.it\/Import\/Prodotti\/alessi-plisse-tostapane-rosso.jpg?ssl=1","datePublished":"2026-04-12T10:35:07+00:00","description":"Descubra la tostadora de dise\u00f1o de la colecci\u00f3n Pliss\u00e9: una sofisticada obra de arte para las encimeras de su cocina. Los elegantes pliegues recuerdan al","breadcrumb":{"@id":"https:\/\/dev6.erresse-shop.it\/es\/shop\/pequenos-electrodomesticos\/tostadoras\/alessi-plisse-tostadora-rojo\/#breadcrumb"},"inLanguage":"es","potentialAction":[{"@type":"ReadAction","target":["https:\/\/dev6.erresse-shop.it\/es\/shop\/pequenos-electrodomesticos\/tostadoras\/alessi-plisse-tostadora-rojo\/"]}]},{"@type":"ImageObject","inLanguage":"es","@id":"https:\/\/dev6.erresse-shop.it\/es\/shop\/pequenos-electrodomesticos\/tostadoras\/alessi-plisse-tostadora-rojo\/#primaryimage","url":"https:\/\/i2.wp.com\/interpim.erresse-shop.it\/Import\/Prodotti\/alessi-plisse-tostapane-rosso.jpg?ssl=1","contentUrl":"https:\/\/i2.wp.com\/interpim.erresse-shop.it\/Import\/Prodotti\/alessi-plisse-tostapane-rosso.jpg?ssl=1"},{"@type":"BreadcrumbList","@id":"https:\/\/dev6.erresse-shop.it\/es\/shop\/pequenos-electrodomesticos\/tostadoras\/alessi-plisse-tostadora-rojo\/#breadcrumb","itemListElement":[{"@type":"ListItem","position":1,"name":"Home","item":"https:\/\/dev6.erresse-shop.it\/"},{"@type":"ListItem","position":2,"name":"Tienda","item":"https:\/\/dev6.erresse-shop.it\/shop\/"},{"@type":"ListItem","position":3,"name":"ALESSI Pliss\u00e9 Tostadora Rojo"}]},{"@type":"WebSite","@id":"https:\/\/dev6.erresse-shop.it\/#website","url":"https:\/\/dev6.erresse-shop.it\/","name":"Erresse Shop","description":"","publisher":{"@id":"https:\/\/dev6.erresse-shop.it\/#organization"},"potentialAction":[{"@type":"SearchAction","target":{"@type":"EntryPoint","urlTemplate":"https:\/\/dev6.erresse-shop.it\/?s={search_term_string}"},"query-input":{"@type":"PropertyValueSpecification","valueRequired":true,"valueName":"search_term_string"}}],"inLanguage":"es"},{"@type":"Organization","@id":"https:\/\/dev6.erresse-shop.it\/#organization","name":"Erresse Shop","url":"https:\/\/dev6.erresse-shop.it\/","logo":{"@type":"ImageObject","inLanguage":"es","@id":"https:\/\/dev6.erresse-shop.it\/#\/schema\/logo\/image\/","url":"https:\/\/dev6.erresse-shop.it\/wp-content\/uploads\/2025\/01\/LOGO-ERRESSE-CLASSICO.svg","contentUrl":"https:\/\/dev6.erresse-shop.it\/wp-content\/uploads\/2025\/01\/LOGO-ERRESSE-CLASSICO.svg","caption":"Erresse Shop"},"image":{"@id":"https:\/\/dev6.erresse-shop.it\/#\/schema\/logo\/image\/"}}]}},"df_price":94.5,"df_sale_price":94.5,"df_regular_price":105,"df_image_link":"https:\/\/i2.wp.com\/interpim.erresse-shop.it\/Import\/Prodotti\/alessi-plisse-tostapane-rosso.jpg?resize=300,300&ssl=1","fifu_image_url":"https:\/\/interpim.erresse-shop.it\/Import\/Prodotti\/alessi-plisse-tostapane-rosso.jpg","_links":{"self":[{"href":"https:\/\/dev6.erresse-shop.it\/es\/wp-json\/wp\/v2\/product\/1883145","targetHints":{"allow":["GET"]}}],"collection":[{"href":"https:\/\/dev6.erresse-shop.it\/es\/wp-json\/wp\/v2\/product"}],"about":[{"href":"https:\/\/dev6.erresse-shop.it\/es\/wp-json\/wp\/v2\/types\/product"}],"wp:featuredmedia":[{"embeddable":true,"href":"https:\/\/dev6.erresse-shop.it\/es\/wp-json\/wp\/v2\/media\/6373498"}],"wp:attachment":[{"href":"https:\/\/dev6.erresse-shop.it\/es\/wp-json\/wp\/v2\/media?parent=1883145"}],"wp:term":[{"taxonomy":"product_cat","embeddable":true,"href":"https:\/\/dev6.erresse-shop.it\/es\/wp-json\/wp\/v2\/product_cat?post=1883145"},{"taxonomy":"product_tag","embeddable":true,"href":"https:\/\/dev6.erresse-shop.it\/es\/wp-json\/wp\/v2\/product_tag?post=1883145"}],"curies":[{"name":"wp","href":"https:\/\/api.w.org\/{rel}","templated":true}]}}