{"id":1883119,"date":"2026-04-04T12:29:51","date_gmt":"2026-04-04T10:29:51","guid":{"rendered":"https:\/\/dev6.erresse-shop.it\/shop\/sin%20categor\u00eda\/stockli-set-de-fondue-titlis-big-21-cm\/"},"modified":"2025-09-14T10:01:08","modified_gmt":"2025-09-14T08:01:08","slug":"stockli-set-de-fondue-titlis-big-21-cm","status":"publish","type":"product","link":"https:\/\/dev6.erresse-shop.it\/es\/shop\/cocina\/stockli-set-de-fondue-titlis-big-21-cm\/","title":{"rendered":"STOCKLI Set de fondue Titlis Big 21 cm"},"content":{"rendered":"<p>Compartir juntos, sentirse bien juntos<\/p>\n<p>Inspirado en el impresionante paisaje alpino y el pico nevado del monte Titlis en el centro de Suiza, este innovador conjunto lleva su nombre. Al igual que el macizo monta\u00f1oso, llama la atenci\u00f3n y te invita a disfrutar de una deliciosa fondue. No es s\u00f3lo una experiencia fant\u00e1stica cuando los copos de nieve bailan afuera. Celebrado al aire libre en una c\u00e1lida tarde de verano, trae una sonrisa a los rostros de todos los invitados. Pru\u00e9balo, \u00a1te sorprender\u00e1s!<\/p>\n<p>Olla para fondue esmaltada y rechaud en robusto hierro fundido. Asas y base en madera maciza de haya. Estos crean un contraste armonioso con el elegante color negro y le dan al conjunto un car\u00e1cter inconfundible. La olla compatible con inducci\u00f3n se puede colocar en el rechaud para ahorrar espacio, con quemador de seguridad en pasta. Incluye 6 tenedores para fondue de queso con mangos de madera. Capacidad 3,2 litros para 6 personas.<\/p>\n<p>Especificaciones t\u00e9cnicas<\/p>\n<p>Tipo de quemador: Pasta combustible<br \/>\nDi\u00e1metro: 21 cm<br \/>\nTipo de fondue: Queso<br \/>\nColor: Negro<br \/>\nN\u00famero m\u00e1ximo de personas: 6<br \/>\nPeso: 5,1 kg<\/p>\n","protected":false},"excerpt":{"rendered":"<p>Compartir juntos, sentirse bien juntos Inspirado en el impresionante paisaje alpino y el pico nevado del monte Titlis en el centro de Suiza, este innovador conjunto lleva su nombre. Al igual que el macizo monta\u00f1oso, llama la atenci\u00f3n y te invita a disfrutar de una deliciosa fondue. No es s\u00f3lo una experiencia fant\u00e1stica cuando los [&hellip;]<\/p>\n","protected":false},"featured_media":6290147,"template":"","meta":{"_acf_changed":false},"product_cat":[11884],"product_tag":[],"class_list":{"0":"post-1883119","1":"product","2":"type-product","3":"status-publish","4":"has-post-thumbnail","6":"product_cat-cocina","8":"first","9":"instock","10":"sale","11":"taxable","12":"shipping-taxable","13":"purchasable","14":"product-type-simple","swatches":"rey-swatches","show_selected":"","stretch_labels":"rey-swatches--stretch-labels"},"acf":[],"yoast_head":"<!-- This site is optimized with the Yoast SEO plugin v25.4 - https:\/\/yoast.com\/wordpress\/plugins\/seo\/ -->\n<title>STOCKLI Set de fondue Titlis Big 21 cm - dev6 Erresse<\/title>\n<meta name=\"description\" content=\"Compartir juntos, sentirse bien juntos Inspirado en el impresionante paisaje alpino y el pico nevado del monte Titlis en el centro de Suiza, este\" \/>\n<meta name=\"robots\" content=\"noindex, follow, max-snippet:-1, max-image-preview:large, max-video-preview:-1\" \/>\n<meta property=\"og:locale\" content=\"es_ES\" \/>\n<meta property=\"og:type\" content=\"article\" \/>\n<meta property=\"og:title\" content=\"STOCKLI Set de fondue Titlis Big 21 cm - dev6 Erresse\" \/>\n<meta property=\"og:description\" content=\"Compartir juntos, sentirse bien juntos Inspirado en el impresionante paisaje alpino y el pico nevado del monte Titlis en el centro de Suiza, este\" \/>\n<meta property=\"og:url\" content=\"https:\/\/dev6.erresse-shop.it\/es\/shop\/cocina\/stockli-set-de-fondue-titlis-big-21-cm\/\" \/>\n<meta property=\"og:site_name\" content=\"dev6 Erresse\" \/>\n<meta property=\"og:image\" content=\"https:\/\/interpim.erresse-shop.it\/Import\/Prodotti\/stockli-set-fonduta-di-formaggio-titlis-big-21-cm.jpg\" \/><meta property=\"og:image\" content=\"https:\/\/interpim.erresse-shop.it\/Import\/Prodotti\/stockli-set-fonduta-di-formaggio-titlis-big-21-cm.jpg\" \/>\n\t<meta property=\"og:image:width\" content=\"1024\" \/>\n\t<meta property=\"og:image:height\" content=\"1024\" \/>\n\t<meta property=\"og:image:type\" content=\"image\/jpeg\" \/>\n<meta name=\"twitter:card\" content=\"summary_large_image\" \/>\n<meta name=\"twitter:image\" content=\"https:\/\/interpim.erresse-shop.it\/Import\/Prodotti\/stockli-set-fonduta-di-formaggio-titlis-big-21-cm.jpg\" \/>\n<script type=\"application\/ld+json\" class=\"yoast-schema-graph\">{\"@context\":\"https:\/\/schema.org\",\"@graph\":[{\"@type\":\"WebPage\",\"@id\":\"https:\/\/dev6.erresse-shop.it\/es\/shop\/cocina\/stockli-set-de-fondue-titlis-big-21-cm\/\",\"url\":\"https:\/\/dev6.erresse-shop.it\/es\/shop\/cocina\/stockli-set-de-fondue-titlis-big-21-cm\/\",\"name\":\"STOCKLI Set de fondue Titlis Big 21 cm - dev6 Erresse\",\"isPartOf\":{\"@id\":\"https:\/\/dev6.erresse-shop.it\/#website\"},\"primaryImageOfPage\":{\"@id\":\"https:\/\/dev6.erresse-shop.it\/es\/shop\/cocina\/stockli-set-de-fondue-titlis-big-21-cm\/#primaryimage\"},\"image\":{\"@id\":\"https:\/\/dev6.erresse-shop.it\/es\/shop\/cocina\/stockli-set-de-fondue-titlis-big-21-cm\/#primaryimage\"},\"thumbnailUrl\":\"https:\/\/i3.wp.com\/interpim.erresse-shop.it\/Import\/Prodotti\/stockli-set-fonduta-di-formaggio-titlis-big-21-cm.jpg?ssl=1\",\"datePublished\":\"2026-04-04T10:29:51+00:00\",\"description\":\"Compartir juntos, sentirse bien juntos Inspirado en el impresionante paisaje alpino y el pico nevado del monte Titlis en el centro de Suiza, este\",\"breadcrumb\":{\"@id\":\"https:\/\/dev6.erresse-shop.it\/es\/shop\/cocina\/stockli-set-de-fondue-titlis-big-21-cm\/#breadcrumb\"},\"inLanguage\":\"es\",\"potentialAction\":[{\"@type\":\"ReadAction\",\"target\":[\"https:\/\/dev6.erresse-shop.it\/es\/shop\/cocina\/stockli-set-de-fondue-titlis-big-21-cm\/\"]}]},{\"@type\":\"ImageObject\",\"inLanguage\":\"es\",\"@id\":\"https:\/\/dev6.erresse-shop.it\/es\/shop\/cocina\/stockli-set-de-fondue-titlis-big-21-cm\/#primaryimage\",\"url\":\"https:\/\/i3.wp.com\/interpim.erresse-shop.it\/Import\/Prodotti\/stockli-set-fonduta-di-formaggio-titlis-big-21-cm.jpg?ssl=1\",\"contentUrl\":\"https:\/\/i3.wp.com\/interpim.erresse-shop.it\/Import\/Prodotti\/stockli-set-fonduta-di-formaggio-titlis-big-21-cm.jpg?ssl=1\"},{\"@type\":\"BreadcrumbList\",\"@id\":\"https:\/\/dev6.erresse-shop.it\/es\/shop\/cocina\/stockli-set-de-fondue-titlis-big-21-cm\/#breadcrumb\",\"itemListElement\":[{\"@type\":\"ListItem\",\"position\":1,\"name\":\"Home\",\"item\":\"https:\/\/dev6.erresse-shop.it\/\"},{\"@type\":\"ListItem\",\"position\":2,\"name\":\"Tienda\",\"item\":\"https:\/\/dev6.erresse-shop.it\/shop\/\"},{\"@type\":\"ListItem\",\"position\":3,\"name\":\"STOCKLI Set de fondue Titlis Big 21 cm\"}]},{\"@type\":\"WebSite\",\"@id\":\"https:\/\/dev6.erresse-shop.it\/#website\",\"url\":\"https:\/\/dev6.erresse-shop.it\/\",\"name\":\"Erresse Shop\",\"description\":\"\",\"publisher\":{\"@id\":\"https:\/\/dev6.erresse-shop.it\/#organization\"},\"potentialAction\":[{\"@type\":\"SearchAction\",\"target\":{\"@type\":\"EntryPoint\",\"urlTemplate\":\"https:\/\/dev6.erresse-shop.it\/?s={search_term_string}\"},\"query-input\":{\"@type\":\"PropertyValueSpecification\",\"valueRequired\":true,\"valueName\":\"search_term_string\"}}],\"inLanguage\":\"es\"},{\"@type\":\"Organization\",\"@id\":\"https:\/\/dev6.erresse-shop.it\/#organization\",\"name\":\"Erresse Shop\",\"url\":\"https:\/\/dev6.erresse-shop.it\/\",\"logo\":{\"@type\":\"ImageObject\",\"inLanguage\":\"es\",\"@id\":\"https:\/\/dev6.erresse-shop.it\/#\/schema\/logo\/image\/\",\"url\":\"https:\/\/dev6.erresse-shop.it\/wp-content\/uploads\/2025\/01\/LOGO-ERRESSE-CLASSICO.svg\",\"contentUrl\":\"https:\/\/dev6.erresse-shop.it\/wp-content\/uploads\/2025\/01\/LOGO-ERRESSE-CLASSICO.svg\",\"caption\":\"Erresse Shop\"},\"image\":{\"@id\":\"https:\/\/dev6.erresse-shop.it\/#\/schema\/logo\/image\/\"}}]}<\/script>\n<!-- \/ Yoast SEO plugin. -->","yoast_head_json":{"title":"STOCKLI Set de fondue Titlis Big 21 cm - dev6 Erresse","description":"Compartir juntos, sentirse bien juntos Inspirado en el impresionante paisaje alpino y el pico nevado del monte Titlis en el centro de Suiza, este","robots":{"index":"noindex","follow":"follow","max-snippet":"max-snippet:-1","max-image-preview":"max-image-preview:large","max-video-preview":"max-video-preview:-1"},"og_locale":"es_ES","og_type":"article","og_title":"STOCKLI Set de fondue Titlis Big 21 cm - dev6 Erresse","og_description":"Compartir juntos, sentirse bien juntos Inspirado en el impresionante paisaje alpino y el pico nevado del monte Titlis en el centro de Suiza, este","og_url":"https:\/\/dev6.erresse-shop.it\/es\/shop\/cocina\/stockli-set-de-fondue-titlis-big-21-cm\/","og_site_name":"dev6 Erresse","og_image":[{"url":"https:\/\/interpim.erresse-shop.it\/Import\/Prodotti\/stockli-set-fonduta-di-formaggio-titlis-big-21-cm.jpg","type":"","width":"","height":""},{"url":"https:\/\/interpim.erresse-shop.it\/Import\/Prodotti\/stockli-set-fonduta-di-formaggio-titlis-big-21-cm.jpg","width":1024,"height":1024,"type":"image\/jpeg"}],"twitter_card":"summary_large_image","twitter_image":"https:\/\/interpim.erresse-shop.it\/Import\/Prodotti\/stockli-set-fonduta-di-formaggio-titlis-big-21-cm.jpg","schema":{"@context":"https:\/\/schema.org","@graph":[{"@type":"WebPage","@id":"https:\/\/dev6.erresse-shop.it\/es\/shop\/cocina\/stockli-set-de-fondue-titlis-big-21-cm\/","url":"https:\/\/dev6.erresse-shop.it\/es\/shop\/cocina\/stockli-set-de-fondue-titlis-big-21-cm\/","name":"STOCKLI Set de fondue Titlis Big 21 cm - dev6 Erresse","isPartOf":{"@id":"https:\/\/dev6.erresse-shop.it\/#website"},"primaryImageOfPage":{"@id":"https:\/\/dev6.erresse-shop.it\/es\/shop\/cocina\/stockli-set-de-fondue-titlis-big-21-cm\/#primaryimage"},"image":{"@id":"https:\/\/dev6.erresse-shop.it\/es\/shop\/cocina\/stockli-set-de-fondue-titlis-big-21-cm\/#primaryimage"},"thumbnailUrl":"https:\/\/i3.wp.com\/interpim.erresse-shop.it\/Import\/Prodotti\/stockli-set-fonduta-di-formaggio-titlis-big-21-cm.jpg?ssl=1","datePublished":"2026-04-04T10:29:51+00:00","description":"Compartir juntos, sentirse bien juntos Inspirado en el impresionante paisaje alpino y el pico nevado del monte Titlis en el centro de Suiza, este","breadcrumb":{"@id":"https:\/\/dev6.erresse-shop.it\/es\/shop\/cocina\/stockli-set-de-fondue-titlis-big-21-cm\/#breadcrumb"},"inLanguage":"es","potentialAction":[{"@type":"ReadAction","target":["https:\/\/dev6.erresse-shop.it\/es\/shop\/cocina\/stockli-set-de-fondue-titlis-big-21-cm\/"]}]},{"@type":"ImageObject","inLanguage":"es","@id":"https:\/\/dev6.erresse-shop.it\/es\/shop\/cocina\/stockli-set-de-fondue-titlis-big-21-cm\/#primaryimage","url":"https:\/\/i3.wp.com\/interpim.erresse-shop.it\/Import\/Prodotti\/stockli-set-fonduta-di-formaggio-titlis-big-21-cm.jpg?ssl=1","contentUrl":"https:\/\/i3.wp.com\/interpim.erresse-shop.it\/Import\/Prodotti\/stockli-set-fonduta-di-formaggio-titlis-big-21-cm.jpg?ssl=1"},{"@type":"BreadcrumbList","@id":"https:\/\/dev6.erresse-shop.it\/es\/shop\/cocina\/stockli-set-de-fondue-titlis-big-21-cm\/#breadcrumb","itemListElement":[{"@type":"ListItem","position":1,"name":"Home","item":"https:\/\/dev6.erresse-shop.it\/"},{"@type":"ListItem","position":2,"name":"Tienda","item":"https:\/\/dev6.erresse-shop.it\/shop\/"},{"@type":"ListItem","position":3,"name":"STOCKLI Set de fondue Titlis Big 21 cm"}]},{"@type":"WebSite","@id":"https:\/\/dev6.erresse-shop.it\/#website","url":"https:\/\/dev6.erresse-shop.it\/","name":"Erresse Shop","description":"","publisher":{"@id":"https:\/\/dev6.erresse-shop.it\/#organization"},"potentialAction":[{"@type":"SearchAction","target":{"@type":"EntryPoint","urlTemplate":"https:\/\/dev6.erresse-shop.it\/?s={search_term_string}"},"query-input":{"@type":"PropertyValueSpecification","valueRequired":true,"valueName":"search_term_string"}}],"inLanguage":"es"},{"@type":"Organization","@id":"https:\/\/dev6.erresse-shop.it\/#organization","name":"Erresse Shop","url":"https:\/\/dev6.erresse-shop.it\/","logo":{"@type":"ImageObject","inLanguage":"es","@id":"https:\/\/dev6.erresse-shop.it\/#\/schema\/logo\/image\/","url":"https:\/\/dev6.erresse-shop.it\/wp-content\/uploads\/2025\/01\/LOGO-ERRESSE-CLASSICO.svg","contentUrl":"https:\/\/dev6.erresse-shop.it\/wp-content\/uploads\/2025\/01\/LOGO-ERRESSE-CLASSICO.svg","caption":"Erresse Shop"},"image":{"@id":"https:\/\/dev6.erresse-shop.it\/#\/schema\/logo\/image\/"}}]}},"df_price":139,"df_sale_price":139,"df_regular_price":177,"df_image_link":"https:\/\/i3.wp.com\/interpim.erresse-shop.it\/Import\/Prodotti\/stockli-set-fonduta-di-formaggio-titlis-big-21-cm.jpg?resize=300,300&ssl=1","fifu_image_url":"https:\/\/interpim.erresse-shop.it\/Import\/Prodotti\/stockli-set-fonduta-di-formaggio-titlis-big-21-cm.jpg","_links":{"self":[{"href":"https:\/\/dev6.erresse-shop.it\/es\/wp-json\/wp\/v2\/product\/1883119","targetHints":{"allow":["GET"]}}],"collection":[{"href":"https:\/\/dev6.erresse-shop.it\/es\/wp-json\/wp\/v2\/product"}],"about":[{"href":"https:\/\/dev6.erresse-shop.it\/es\/wp-json\/wp\/v2\/types\/product"}],"wp:featuredmedia":[{"embeddable":true,"href":"https:\/\/dev6.erresse-shop.it\/es\/wp-json\/wp\/v2\/media\/6290147"}],"wp:attachment":[{"href":"https:\/\/dev6.erresse-shop.it\/es\/wp-json\/wp\/v2\/media?parent=1883119"}],"wp:term":[{"taxonomy":"product_cat","embeddable":true,"href":"https:\/\/dev6.erresse-shop.it\/es\/wp-json\/wp\/v2\/product_cat?post=1883119"},{"taxonomy":"product_tag","embeddable":true,"href":"https:\/\/dev6.erresse-shop.it\/es\/wp-json\/wp\/v2\/product_tag?post=1883119"}],"curies":[{"name":"wp","href":"https:\/\/api.w.org\/{rel}","templated":true}]}}