{"id":1883115,"date":"2026-04-12T12:32:36","date_gmt":"2026-04-12T10:32:36","guid":{"rendered":"https:\/\/dev6.erresse-shop.it\/shop\/sin%20categor\u00eda\/jura-cafetera-giga-we8-chrome\/"},"modified":"2025-07-05T00:56:14","modified_gmt":"2025-07-04T22:56:14","slug":"jura-cafetera-giga-we8-chrome","status":"publish","type":"product","link":"https:\/\/dev6.erresse-shop.it\/es\/shop\/pequenos-electrodomesticos\/maquinas-de-cafe\/automatico\/jura-cafetera-giga-we8-chrome\/","title":{"rendered":"JURA Cafetera GIGA WE8 Chrome"},"content":{"rendered":"<p>Caf\u00e9 de especialidad para el lugar de trabajo<\/p>\n<p>Donde los clientes, empleados e invitados disfrutan del caf\u00e9, se crea un ambiente agradable: el caf\u00e9 contribuye a que el ambiente sea sereno, comunicativo y productivo.<\/p>\n<p>Aquellos que eligen el disfrute, la variedad en cuanto a especialidades de caf\u00e9 y la elegancia est\u00e9tica no quedar\u00e1n decepcionados con el WE8. El dep\u00f3sito de agua con una capacidad de 3 l, el contenedor de caf\u00e9 para 500 g de granos de caf\u00e9 y el contenedor de posos de caf\u00e9 con una capacidad de 25 porciones hacen de esta elegante m\u00e1quina autom\u00e1tica profesional la soluci\u00f3n ideal para lugares donde se necesitan aprox. 30 especialidades de caf\u00e9.<\/p>\n<p>Tecnolog\u00edas innovadoras revolucionan el placer del caf\u00e9. La funci\u00f3n One-Touch te permite crear especialidades de moda como latte macchiato, flat white o cappuccino simplemente tocando un bot\u00f3n. Los botones dispuestos en el panel frontal y una moderna pantalla TFT hacen que su uso sea sencillo e intuitivo incluso para usuarios inexpertos.<\/p>\n<p>El dise\u00f1o simple y esencial, acentuado por elegantes inserciones cromadas, hace del WE8 la joya de la corona de cualquier cocina.<\/p>\n<p>Tecnolog\u00edas de vanguardia para un placer perfecto<\/p>\n<p>El molinillo de caf\u00e9 profesional Aroma garantiza un 12,2%* m\u00e1s de aroma y una alta calidad de molienda que se mantiene inalterada durante toda la vida \u00fatil de la m\u00e1quina. Su geometr\u00eda perfeccionada consigue la curva de rectificado \u00f3ptima. Esto significa que el mayor porcentaje de part\u00edculas finas permite que los aromas se liberen en toda su intensidad.<\/p>\n<p>* Molinillo de caf\u00e9 arom\u00e1tico profesional en comparaci\u00f3n con los molinillos de caf\u00e9 convencionales<\/p>\n<p>Para los amantes de las especialidades<\/p>\n<p>La exitosa m\u00e1quina autom\u00e1tica de oficina ha sido mejorada a\u00fan m\u00e1s. El WE8 ahora prepara 16 especialidades diferentes con solo tocar un bot\u00f3n. La gama se ha ampliado con la incorporaci\u00f3n de espresso macchiato, espresso doppio, caf\u00e9 especial y agua de t\u00e9 verde con solo tocar un bot\u00f3n.<\/p>\n<p>Boquilla de microespuma G2<\/p>\n<p>La nueva boquilla de microespuma G2 est\u00e1 fabricada con materiales de la m\u00e1s alta calidad para lograr la m\u00e1xima belleza est\u00e9tica y placer t\u00e1ctil. El espumador multifuncional fue desarrollado especialmente para la preparaci\u00f3n de especialidades de caf\u00e9 con espuma de leche y prepara m\u00e1gicamente capuchinos y mucho m\u00e1s, garantizando una microespuma de excelente calidad en todo momento.<\/p>\n<p>Tan individual como tus necesidades<\/p>\n<p>Los requisitos var\u00edan seg\u00fan el \u00e1rea de aplicaci\u00f3n: por este motivo, el WE8 ofrece una programaci\u00f3n y personalizaci\u00f3n vers\u00e1tiles. Por ejemplo, la cantidad de agua y caf\u00e9 en polvo se puede adaptar perfectamente a las preferencias individuales y a los platos utilizados. De manera similar, al bloquear otras especialidades, es posible favorecer ciertas especialidades de caf\u00e9. Si lo desea, tambi\u00e9n hay varios modos disponibles que le permiten cambiar la configuraci\u00f3n predeterminada o la cantidad de caf\u00e9 dispensado en la taza solo despu\u00e9s de ingresar una combinaci\u00f3n de teclas espec\u00edfica.<\/p>\n<p>Especificaciones t\u00e9cnicas<\/p>\n<p>Capacidad del tanque de agua:3\u00a0l<br \/>\nCapacidad del contenedor de granos de caf\u00e9: 500 g<br \/>\nContenedor de posos de caf\u00e9: (porciones aprox.) 25<br \/>\nLongitud del cable: 1,1 m<br \/>\nVoltaje \/ Potencia: 230 V ~ \/ 1450 W<br \/>\nPeso: 10 kg<br \/>\nDimensiones (An \u00d7 Al \u00d7 Pr): 29,5 \u00d7 41,9 \u00d7 44,4 cm<\/p>\n","protected":false},"excerpt":{"rendered":"<p>Caf\u00e9 de especialidad para el lugar de trabajo Donde los clientes, empleados e invitados disfrutan del caf\u00e9, se crea un ambiente agradable: el caf\u00e9 contribuye a que el ambiente sea sereno, comunicativo y productivo. Aquellos que eligen el disfrute, la variedad en cuanto a especialidades de caf\u00e9 y la elegancia est\u00e9tica no quedar\u00e1n decepcionados con [&hellip;]<\/p>\n","protected":false},"featured_media":6373393,"template":"","meta":{"_acf_changed":false},"product_cat":[11968,11955,11947],"product_tag":[],"class_list":{"0":"post-1883115","1":"product","2":"type-product","3":"status-publish","4":"has-post-thumbnail","6":"product_cat-automatico","7":"product_cat-maquinas-de-cafe","8":"product_cat-pequenos-electrodomesticos","10":"first","11":"instock","12":"sale","13":"taxable","14":"shipping-taxable","15":"purchasable","16":"product-type-simple","swatches":"rey-swatches","show_selected":"","stretch_labels":"rey-swatches--stretch-labels"},"acf":[],"yoast_head":"<!-- This site is optimized with the Yoast SEO plugin v25.4 - https:\/\/yoast.com\/wordpress\/plugins\/seo\/ -->\n<title>JURA Cafetera GIGA WE8 Chrome - dev6 Erresse<\/title>\n<meta name=\"description\" content=\"Caf\u00e9 de especialidad para el lugar de trabajo Donde los clientes, empleados e invitados disfrutan del caf\u00e9, se crea un ambiente agradable: el caf\u00e9\" \/>\n<meta name=\"robots\" content=\"noindex, follow, max-snippet:-1, max-image-preview:large, max-video-preview:-1\" \/>\n<meta property=\"og:locale\" content=\"es_ES\" \/>\n<meta property=\"og:type\" content=\"article\" \/>\n<meta property=\"og:title\" content=\"JURA Cafetera GIGA WE8 Chrome - dev6 Erresse\" \/>\n<meta property=\"og:description\" content=\"Caf\u00e9 de especialidad para el lugar de trabajo Donde los clientes, empleados e invitados disfrutan del caf\u00e9, se crea un ambiente agradable: el caf\u00e9\" \/>\n<meta property=\"og:url\" content=\"https:\/\/dev6.erresse-shop.it\/es\/shop\/pequenos-electrodomesticos\/maquinas-de-cafe\/automatico\/jura-cafetera-giga-we8-chrome\/\" \/>\n<meta property=\"og:site_name\" content=\"dev6 Erresse\" \/>\n<meta property=\"og:image\" content=\"https:\/\/interpim.erresse-shop.it\/Import\/Prodotti\/jura-macchina-da-caffe-giga-we8-cromo.jpg\" \/><meta property=\"og:image\" content=\"https:\/\/interpim.erresse-shop.it\/Import\/Prodotti\/jura-macchina-da-caffe-giga-we8-cromo.jpg\" \/>\n\t<meta property=\"og:image:width\" content=\"1024\" \/>\n\t<meta property=\"og:image:height\" content=\"1024\" \/>\n\t<meta property=\"og:image:type\" content=\"image\/jpeg\" \/>\n<meta name=\"twitter:card\" content=\"summary_large_image\" \/>\n<meta name=\"twitter:image\" content=\"https:\/\/interpim.erresse-shop.it\/Import\/Prodotti\/jura-macchina-da-caffe-giga-we8-cromo.jpg\" \/>\n<script type=\"application\/ld+json\" class=\"yoast-schema-graph\">{\"@context\":\"https:\/\/schema.org\",\"@graph\":[{\"@type\":\"WebPage\",\"@id\":\"https:\/\/dev6.erresse-shop.it\/es\/shop\/pequenos-electrodomesticos\/maquinas-de-cafe\/automatico\/jura-cafetera-giga-we8-chrome\/\",\"url\":\"https:\/\/dev6.erresse-shop.it\/es\/shop\/pequenos-electrodomesticos\/maquinas-de-cafe\/automatico\/jura-cafetera-giga-we8-chrome\/\",\"name\":\"JURA Cafetera GIGA WE8 Chrome - dev6 Erresse\",\"isPartOf\":{\"@id\":\"https:\/\/dev6.erresse-shop.it\/#website\"},\"primaryImageOfPage\":{\"@id\":\"https:\/\/dev6.erresse-shop.it\/es\/shop\/pequenos-electrodomesticos\/maquinas-de-cafe\/automatico\/jura-cafetera-giga-we8-chrome\/#primaryimage\"},\"image\":{\"@id\":\"https:\/\/dev6.erresse-shop.it\/es\/shop\/pequenos-electrodomesticos\/maquinas-de-cafe\/automatico\/jura-cafetera-giga-we8-chrome\/#primaryimage\"},\"thumbnailUrl\":\"https:\/\/i3.wp.com\/interpim.erresse-shop.it\/Import\/Prodotti\/jura-macchina-da-caffe-giga-we8-cromo.jpg?ssl=1\",\"datePublished\":\"2026-04-12T10:32:36+00:00\",\"description\":\"Caf\u00e9 de especialidad para el lugar de trabajo Donde los clientes, empleados e invitados disfrutan del caf\u00e9, se crea un ambiente agradable: el caf\u00e9\",\"breadcrumb\":{\"@id\":\"https:\/\/dev6.erresse-shop.it\/es\/shop\/pequenos-electrodomesticos\/maquinas-de-cafe\/automatico\/jura-cafetera-giga-we8-chrome\/#breadcrumb\"},\"inLanguage\":\"es\",\"potentialAction\":[{\"@type\":\"ReadAction\",\"target\":[\"https:\/\/dev6.erresse-shop.it\/es\/shop\/pequenos-electrodomesticos\/maquinas-de-cafe\/automatico\/jura-cafetera-giga-we8-chrome\/\"]}]},{\"@type\":\"ImageObject\",\"inLanguage\":\"es\",\"@id\":\"https:\/\/dev6.erresse-shop.it\/es\/shop\/pequenos-electrodomesticos\/maquinas-de-cafe\/automatico\/jura-cafetera-giga-we8-chrome\/#primaryimage\",\"url\":\"https:\/\/i3.wp.com\/interpim.erresse-shop.it\/Import\/Prodotti\/jura-macchina-da-caffe-giga-we8-cromo.jpg?ssl=1\",\"contentUrl\":\"https:\/\/i3.wp.com\/interpim.erresse-shop.it\/Import\/Prodotti\/jura-macchina-da-caffe-giga-we8-cromo.jpg?ssl=1\"},{\"@type\":\"BreadcrumbList\",\"@id\":\"https:\/\/dev6.erresse-shop.it\/es\/shop\/pequenos-electrodomesticos\/maquinas-de-cafe\/automatico\/jura-cafetera-giga-we8-chrome\/#breadcrumb\",\"itemListElement\":[{\"@type\":\"ListItem\",\"position\":1,\"name\":\"Home\",\"item\":\"https:\/\/dev6.erresse-shop.it\/\"},{\"@type\":\"ListItem\",\"position\":2,\"name\":\"Tienda\",\"item\":\"https:\/\/dev6.erresse-shop.it\/shop\/\"},{\"@type\":\"ListItem\",\"position\":3,\"name\":\"JURA Cafetera GIGA WE8 Chrome\"}]},{\"@type\":\"WebSite\",\"@id\":\"https:\/\/dev6.erresse-shop.it\/#website\",\"url\":\"https:\/\/dev6.erresse-shop.it\/\",\"name\":\"Erresse Shop\",\"description\":\"\",\"publisher\":{\"@id\":\"https:\/\/dev6.erresse-shop.it\/#organization\"},\"potentialAction\":[{\"@type\":\"SearchAction\",\"target\":{\"@type\":\"EntryPoint\",\"urlTemplate\":\"https:\/\/dev6.erresse-shop.it\/?s={search_term_string}\"},\"query-input\":{\"@type\":\"PropertyValueSpecification\",\"valueRequired\":true,\"valueName\":\"search_term_string\"}}],\"inLanguage\":\"es\"},{\"@type\":\"Organization\",\"@id\":\"https:\/\/dev6.erresse-shop.it\/#organization\",\"name\":\"Erresse Shop\",\"url\":\"https:\/\/dev6.erresse-shop.it\/\",\"logo\":{\"@type\":\"ImageObject\",\"inLanguage\":\"es\",\"@id\":\"https:\/\/dev6.erresse-shop.it\/#\/schema\/logo\/image\/\",\"url\":\"https:\/\/dev6.erresse-shop.it\/wp-content\/uploads\/2025\/01\/LOGO-ERRESSE-CLASSICO.svg\",\"contentUrl\":\"https:\/\/dev6.erresse-shop.it\/wp-content\/uploads\/2025\/01\/LOGO-ERRESSE-CLASSICO.svg\",\"caption\":\"Erresse Shop\"},\"image\":{\"@id\":\"https:\/\/dev6.erresse-shop.it\/#\/schema\/logo\/image\/\"}}]}<\/script>\n<!-- \/ Yoast SEO plugin. -->","yoast_head_json":{"title":"JURA Cafetera GIGA WE8 Chrome - dev6 Erresse","description":"Caf\u00e9 de especialidad para el lugar de trabajo Donde los clientes, empleados e invitados disfrutan del caf\u00e9, se crea un ambiente agradable: el caf\u00e9","robots":{"index":"noindex","follow":"follow","max-snippet":"max-snippet:-1","max-image-preview":"max-image-preview:large","max-video-preview":"max-video-preview:-1"},"og_locale":"es_ES","og_type":"article","og_title":"JURA Cafetera GIGA WE8 Chrome - dev6 Erresse","og_description":"Caf\u00e9 de especialidad para el lugar de trabajo Donde los clientes, empleados e invitados disfrutan del caf\u00e9, se crea un ambiente agradable: el caf\u00e9","og_url":"https:\/\/dev6.erresse-shop.it\/es\/shop\/pequenos-electrodomesticos\/maquinas-de-cafe\/automatico\/jura-cafetera-giga-we8-chrome\/","og_site_name":"dev6 Erresse","og_image":[{"url":"https:\/\/interpim.erresse-shop.it\/Import\/Prodotti\/jura-macchina-da-caffe-giga-we8-cromo.jpg","type":"","width":"","height":""},{"url":"https:\/\/interpim.erresse-shop.it\/Import\/Prodotti\/jura-macchina-da-caffe-giga-we8-cromo.jpg","width":1024,"height":1024,"type":"image\/jpeg"}],"twitter_card":"summary_large_image","twitter_image":"https:\/\/interpim.erresse-shop.it\/Import\/Prodotti\/jura-macchina-da-caffe-giga-we8-cromo.jpg","schema":{"@context":"https:\/\/schema.org","@graph":[{"@type":"WebPage","@id":"https:\/\/dev6.erresse-shop.it\/es\/shop\/pequenos-electrodomesticos\/maquinas-de-cafe\/automatico\/jura-cafetera-giga-we8-chrome\/","url":"https:\/\/dev6.erresse-shop.it\/es\/shop\/pequenos-electrodomesticos\/maquinas-de-cafe\/automatico\/jura-cafetera-giga-we8-chrome\/","name":"JURA Cafetera GIGA WE8 Chrome - dev6 Erresse","isPartOf":{"@id":"https:\/\/dev6.erresse-shop.it\/#website"},"primaryImageOfPage":{"@id":"https:\/\/dev6.erresse-shop.it\/es\/shop\/pequenos-electrodomesticos\/maquinas-de-cafe\/automatico\/jura-cafetera-giga-we8-chrome\/#primaryimage"},"image":{"@id":"https:\/\/dev6.erresse-shop.it\/es\/shop\/pequenos-electrodomesticos\/maquinas-de-cafe\/automatico\/jura-cafetera-giga-we8-chrome\/#primaryimage"},"thumbnailUrl":"https:\/\/i3.wp.com\/interpim.erresse-shop.it\/Import\/Prodotti\/jura-macchina-da-caffe-giga-we8-cromo.jpg?ssl=1","datePublished":"2026-04-12T10:32:36+00:00","description":"Caf\u00e9 de especialidad para el lugar de trabajo Donde los clientes, empleados e invitados disfrutan del caf\u00e9, se crea un ambiente agradable: el caf\u00e9","breadcrumb":{"@id":"https:\/\/dev6.erresse-shop.it\/es\/shop\/pequenos-electrodomesticos\/maquinas-de-cafe\/automatico\/jura-cafetera-giga-we8-chrome\/#breadcrumb"},"inLanguage":"es","potentialAction":[{"@type":"ReadAction","target":["https:\/\/dev6.erresse-shop.it\/es\/shop\/pequenos-electrodomesticos\/maquinas-de-cafe\/automatico\/jura-cafetera-giga-we8-chrome\/"]}]},{"@type":"ImageObject","inLanguage":"es","@id":"https:\/\/dev6.erresse-shop.it\/es\/shop\/pequenos-electrodomesticos\/maquinas-de-cafe\/automatico\/jura-cafetera-giga-we8-chrome\/#primaryimage","url":"https:\/\/i3.wp.com\/interpim.erresse-shop.it\/Import\/Prodotti\/jura-macchina-da-caffe-giga-we8-cromo.jpg?ssl=1","contentUrl":"https:\/\/i3.wp.com\/interpim.erresse-shop.it\/Import\/Prodotti\/jura-macchina-da-caffe-giga-we8-cromo.jpg?ssl=1"},{"@type":"BreadcrumbList","@id":"https:\/\/dev6.erresse-shop.it\/es\/shop\/pequenos-electrodomesticos\/maquinas-de-cafe\/automatico\/jura-cafetera-giga-we8-chrome\/#breadcrumb","itemListElement":[{"@type":"ListItem","position":1,"name":"Home","item":"https:\/\/dev6.erresse-shop.it\/"},{"@type":"ListItem","position":2,"name":"Tienda","item":"https:\/\/dev6.erresse-shop.it\/shop\/"},{"@type":"ListItem","position":3,"name":"JURA Cafetera GIGA WE8 Chrome"}]},{"@type":"WebSite","@id":"https:\/\/dev6.erresse-shop.it\/#website","url":"https:\/\/dev6.erresse-shop.it\/","name":"Erresse Shop","description":"","publisher":{"@id":"https:\/\/dev6.erresse-shop.it\/#organization"},"potentialAction":[{"@type":"SearchAction","target":{"@type":"EntryPoint","urlTemplate":"https:\/\/dev6.erresse-shop.it\/?s={search_term_string}"},"query-input":{"@type":"PropertyValueSpecification","valueRequired":true,"valueName":"search_term_string"}}],"inLanguage":"es"},{"@type":"Organization","@id":"https:\/\/dev6.erresse-shop.it\/#organization","name":"Erresse Shop","url":"https:\/\/dev6.erresse-shop.it\/","logo":{"@type":"ImageObject","inLanguage":"es","@id":"https:\/\/dev6.erresse-shop.it\/#\/schema\/logo\/image\/","url":"https:\/\/dev6.erresse-shop.it\/wp-content\/uploads\/2025\/01\/LOGO-ERRESSE-CLASSICO.svg","contentUrl":"https:\/\/dev6.erresse-shop.it\/wp-content\/uploads\/2025\/01\/LOGO-ERRESSE-CLASSICO.svg","caption":"Erresse Shop"},"image":{"@id":"https:\/\/dev6.erresse-shop.it\/#\/schema\/logo\/image\/"}}]}},"df_price":1798.81,"df_sale_price":1798.81,"df_regular_price":2079,"df_image_link":"https:\/\/i3.wp.com\/interpim.erresse-shop.it\/Import\/Prodotti\/jura-macchina-da-caffe-giga-we8-cromo.jpg?resize=300,300&ssl=1","fifu_image_url":"https:\/\/interpim.erresse-shop.it\/Import\/Prodotti\/jura-macchina-da-caffe-giga-we8-cromo.jpg","_links":{"self":[{"href":"https:\/\/dev6.erresse-shop.it\/es\/wp-json\/wp\/v2\/product\/1883115","targetHints":{"allow":["GET"]}}],"collection":[{"href":"https:\/\/dev6.erresse-shop.it\/es\/wp-json\/wp\/v2\/product"}],"about":[{"href":"https:\/\/dev6.erresse-shop.it\/es\/wp-json\/wp\/v2\/types\/product"}],"wp:featuredmedia":[{"embeddable":true,"href":"https:\/\/dev6.erresse-shop.it\/es\/wp-json\/wp\/v2\/media\/6373393"}],"wp:attachment":[{"href":"https:\/\/dev6.erresse-shop.it\/es\/wp-json\/wp\/v2\/media?parent=1883115"}],"wp:term":[{"taxonomy":"product_cat","embeddable":true,"href":"https:\/\/dev6.erresse-shop.it\/es\/wp-json\/wp\/v2\/product_cat?post=1883115"},{"taxonomy":"product_tag","embeddable":true,"href":"https:\/\/dev6.erresse-shop.it\/es\/wp-json\/wp\/v2\/product_tag?post=1883115"}],"curies":[{"name":"wp","href":"https:\/\/api.w.org\/{rel}","templated":true}]}}