{"id":1883109,"date":"2026-04-12T12:32:36","date_gmt":"2026-04-12T10:32:36","guid":{"rendered":"https:\/\/dev6.erresse-shop.it\/shop\/sin%20categor\u00eda\/miyabi-5000-mcd-gyutoh-24-cm\/"},"modified":"2025-09-14T10:00:55","modified_gmt":"2025-09-14T08:00:55","slug":"miyabi-5000-mcd-gyutoh-24-cm","status":"publish","type":"product","link":"https:\/\/dev6.erresse-shop.it\/es\/shop\/cocina\/cuchillos\/cuchillos-de-cocina\/miyabi-5000-mcd-gyutoh-24-cm\/","title":{"rendered":"MIYABI 5000 MCD Gyutoh 24 cm"},"content":{"rendered":"<p>El cuchillo Miyabi Black 5000MCD es una aut\u00e9ntica obra de arte. La hoja est\u00e1 hecha de acero en polvo de microcarburo MC66, endurecido en hielo a unos impresionantes 66 HRC. De esta manera obtendr\u00e1s un filo excepcionalmente afilado y duradero. La hoja est\u00e1 envuelta en 132 capas adicionales de acero, creando un hermoso patr\u00f3n floral de damasco. El mango de la serie Miyabi Black est\u00e1 fabricado con madera de fresno negro \u00fanica en su tipo. La veta y el color de la madera de fresno negro contrastan con el patr\u00f3n de damasco de la hoja. El mango est\u00e1 fabricado en la tradicional forma de \u201cD\u201d, que ofrece una ergonom\u00eda \u00f3ptima para cortar sin esfuerzo. Hecho a mano en Seki, Jap\u00f3n<\/p>\n<p>La hoja est\u00e1 hecha de 133 capas de acero, que crean un patr\u00f3n de damasco floral.<br \/>\nEl acero de microcarburo MC66 est\u00e1 endurecido a 66 HRC<br \/>\nMango en forma de D en hermosa madera de fresno negro<br \/>\nAfilado con el m\u00e9todo tradicional Honbazuke de tres pasos<br \/>\nHecho a mano en Seki, Jap\u00f3n<\/p>\n<p>CARACTER\u00cdSTICAS<\/p>\n<p>Color: Marr\u00f3n<br \/>\nMaterial: MC63<br \/>\nTipo de mango: espiga oculta<br \/>\nTipo de borde: liso<\/p>\n<p>Acabado de los bordes: afilado Honbazuke<\/p>\n<p>M\u00e9todo de producci\u00f3n: soldado<br \/>\nDureza de la hoja (HRC): 63 HRC<br \/>\nColor del mango: marr\u00f3n-negro<br \/>\nMaterial del mango: Arce negro<\/p>\n<p>DIMENSIONES<\/p>\n<p>Peso neto:0,22 kg<br \/>\nLongitud del producto:37,70 cm<br \/>\nAncho del producto:2,20 cm<br \/>\nAltura del producto:5,30 cm<br \/>\nLongitud de la hoja:24,00 cm<br \/>\nLongitud del mango:13,70 cm<br \/>\nAncho del mango:2,30 cm<br \/>\nAncho de la hoja:0,20 cm<br \/>\nGrosor de la hoja:0,20 cm<\/p>\n","protected":false},"excerpt":{"rendered":"<p>El cuchillo Miyabi Black 5000MCD es una aut\u00e9ntica obra de arte. La hoja est\u00e1 hecha de acero en polvo de microcarburo MC66, endurecido en hielo a unos impresionantes 66 HRC. De esta manera obtendr\u00e1s un filo excepcionalmente afilado y duradero. La hoja est\u00e1 envuelta en 132 capas adicionales de acero, creando un hermoso patr\u00f3n floral [&hellip;]<\/p>\n","protected":false},"featured_media":6373370,"template":"","meta":{"_acf_changed":false},"product_cat":[11889],"product_tag":[],"class_list":{"0":"post-1883109","1":"product","2":"type-product","3":"status-publish","4":"has-post-thumbnail","6":"product_cat-cuchillos-de-cocina","8":"first","9":"instock","10":"sale","11":"taxable","12":"shipping-taxable","13":"purchasable","14":"product-type-simple","swatches":"rey-swatches","show_selected":"","stretch_labels":"rey-swatches--stretch-labels"},"acf":[],"yoast_head":"<!-- This site is optimized with the Yoast SEO plugin v25.4 - https:\/\/yoast.com\/wordpress\/plugins\/seo\/ -->\n<title>MIYABI 5000 MCD Gyutoh 24 cm - dev6 Erresse<\/title>\n<meta name=\"description\" content=\"El cuchillo Miyabi Black 5000MCD es una aut\u00e9ntica obra de arte. La hoja est\u00e1 hecha de acero en polvo de microcarburo MC66, endurecido en hielo a unos\" \/>\n<meta name=\"robots\" content=\"noindex, follow, max-snippet:-1, max-image-preview:large, max-video-preview:-1\" \/>\n<meta property=\"og:locale\" content=\"es_ES\" \/>\n<meta property=\"og:type\" content=\"article\" \/>\n<meta property=\"og:title\" content=\"MIYABI 5000 MCD Gyutoh 24 cm - dev6 Erresse\" \/>\n<meta property=\"og:description\" content=\"El cuchillo Miyabi Black 5000MCD es una aut\u00e9ntica obra de arte. La hoja est\u00e1 hecha de acero en polvo de microcarburo MC66, endurecido en hielo a unos\" \/>\n<meta property=\"og:url\" content=\"https:\/\/dev6.erresse-shop.it\/es\/shop\/cocina\/cuchillos\/cuchillos-de-cocina\/miyabi-5000-mcd-gyutoh-24-cm\/\" \/>\n<meta property=\"og:site_name\" content=\"dev6 Erresse\" \/>\n<meta property=\"og:image\" content=\"https:\/\/interpim.erresse-shop.it\/Import\/Prodotti\/miyabi-5000-mcd-gyutoh-24-cm.jpg\" \/><meta property=\"og:image\" content=\"https:\/\/interpim.erresse-shop.it\/Import\/Prodotti\/miyabi-5000-mcd-gyutoh-24-cm.jpg\" \/>\n\t<meta property=\"og:image:width\" content=\"1024\" \/>\n\t<meta property=\"og:image:height\" content=\"1024\" \/>\n\t<meta property=\"og:image:type\" content=\"image\/jpeg\" \/>\n<meta name=\"twitter:card\" content=\"summary_large_image\" \/>\n<meta name=\"twitter:image\" content=\"https:\/\/interpim.erresse-shop.it\/Import\/Prodotti\/miyabi-5000-mcd-gyutoh-24-cm.jpg\" \/>\n<script type=\"application\/ld+json\" class=\"yoast-schema-graph\">{\"@context\":\"https:\/\/schema.org\",\"@graph\":[{\"@type\":\"WebPage\",\"@id\":\"https:\/\/dev6.erresse-shop.it\/es\/shop\/cocina\/cuchillos\/cuchillos-de-cocina\/miyabi-5000-mcd-gyutoh-24-cm\/\",\"url\":\"https:\/\/dev6.erresse-shop.it\/es\/shop\/cocina\/cuchillos\/cuchillos-de-cocina\/miyabi-5000-mcd-gyutoh-24-cm\/\",\"name\":\"MIYABI 5000 MCD Gyutoh 24 cm - dev6 Erresse\",\"isPartOf\":{\"@id\":\"https:\/\/dev6.erresse-shop.it\/#website\"},\"primaryImageOfPage\":{\"@id\":\"https:\/\/dev6.erresse-shop.it\/es\/shop\/cocina\/cuchillos\/cuchillos-de-cocina\/miyabi-5000-mcd-gyutoh-24-cm\/#primaryimage\"},\"image\":{\"@id\":\"https:\/\/dev6.erresse-shop.it\/es\/shop\/cocina\/cuchillos\/cuchillos-de-cocina\/miyabi-5000-mcd-gyutoh-24-cm\/#primaryimage\"},\"thumbnailUrl\":\"https:\/\/i2.wp.com\/interpim.erresse-shop.it\/Import\/Prodotti\/miyabi-5000-mcd-gyutoh-24-cm.jpg?ssl=1\",\"datePublished\":\"2026-04-12T10:32:36+00:00\",\"description\":\"El cuchillo Miyabi Black 5000MCD es una aut\u00e9ntica obra de arte. La hoja est\u00e1 hecha de acero en polvo de microcarburo MC66, endurecido en hielo a unos\",\"breadcrumb\":{\"@id\":\"https:\/\/dev6.erresse-shop.it\/es\/shop\/cocina\/cuchillos\/cuchillos-de-cocina\/miyabi-5000-mcd-gyutoh-24-cm\/#breadcrumb\"},\"inLanguage\":\"es\",\"potentialAction\":[{\"@type\":\"ReadAction\",\"target\":[\"https:\/\/dev6.erresse-shop.it\/es\/shop\/cocina\/cuchillos\/cuchillos-de-cocina\/miyabi-5000-mcd-gyutoh-24-cm\/\"]}]},{\"@type\":\"ImageObject\",\"inLanguage\":\"es\",\"@id\":\"https:\/\/dev6.erresse-shop.it\/es\/shop\/cocina\/cuchillos\/cuchillos-de-cocina\/miyabi-5000-mcd-gyutoh-24-cm\/#primaryimage\",\"url\":\"https:\/\/i2.wp.com\/interpim.erresse-shop.it\/Import\/Prodotti\/miyabi-5000-mcd-gyutoh-24-cm.jpg?ssl=1\",\"contentUrl\":\"https:\/\/i2.wp.com\/interpim.erresse-shop.it\/Import\/Prodotti\/miyabi-5000-mcd-gyutoh-24-cm.jpg?ssl=1\"},{\"@type\":\"BreadcrumbList\",\"@id\":\"https:\/\/dev6.erresse-shop.it\/es\/shop\/cocina\/cuchillos\/cuchillos-de-cocina\/miyabi-5000-mcd-gyutoh-24-cm\/#breadcrumb\",\"itemListElement\":[{\"@type\":\"ListItem\",\"position\":1,\"name\":\"Home\",\"item\":\"https:\/\/dev6.erresse-shop.it\/\"},{\"@type\":\"ListItem\",\"position\":2,\"name\":\"Tienda\",\"item\":\"https:\/\/dev6.erresse-shop.it\/shop\/\"},{\"@type\":\"ListItem\",\"position\":3,\"name\":\"MIYABI 5000 MCD Gyutoh 24 cm\"}]},{\"@type\":\"WebSite\",\"@id\":\"https:\/\/dev6.erresse-shop.it\/#website\",\"url\":\"https:\/\/dev6.erresse-shop.it\/\",\"name\":\"Erresse Shop\",\"description\":\"\",\"publisher\":{\"@id\":\"https:\/\/dev6.erresse-shop.it\/#organization\"},\"potentialAction\":[{\"@type\":\"SearchAction\",\"target\":{\"@type\":\"EntryPoint\",\"urlTemplate\":\"https:\/\/dev6.erresse-shop.it\/?s={search_term_string}\"},\"query-input\":{\"@type\":\"PropertyValueSpecification\",\"valueRequired\":true,\"valueName\":\"search_term_string\"}}],\"inLanguage\":\"es\"},{\"@type\":\"Organization\",\"@id\":\"https:\/\/dev6.erresse-shop.it\/#organization\",\"name\":\"Erresse Shop\",\"url\":\"https:\/\/dev6.erresse-shop.it\/\",\"logo\":{\"@type\":\"ImageObject\",\"inLanguage\":\"es\",\"@id\":\"https:\/\/dev6.erresse-shop.it\/#\/schema\/logo\/image\/\",\"url\":\"https:\/\/dev6.erresse-shop.it\/wp-content\/uploads\/2025\/01\/LOGO-ERRESSE-CLASSICO.svg\",\"contentUrl\":\"https:\/\/dev6.erresse-shop.it\/wp-content\/uploads\/2025\/01\/LOGO-ERRESSE-CLASSICO.svg\",\"caption\":\"Erresse Shop\"},\"image\":{\"@id\":\"https:\/\/dev6.erresse-shop.it\/#\/schema\/logo\/image\/\"}}]}<\/script>\n<!-- \/ Yoast SEO plugin. -->","yoast_head_json":{"title":"MIYABI 5000 MCD Gyutoh 24 cm - dev6 Erresse","description":"El cuchillo Miyabi Black 5000MCD es una aut\u00e9ntica obra de arte. La hoja est\u00e1 hecha de acero en polvo de microcarburo MC66, endurecido en hielo a unos","robots":{"index":"noindex","follow":"follow","max-snippet":"max-snippet:-1","max-image-preview":"max-image-preview:large","max-video-preview":"max-video-preview:-1"},"og_locale":"es_ES","og_type":"article","og_title":"MIYABI 5000 MCD Gyutoh 24 cm - dev6 Erresse","og_description":"El cuchillo Miyabi Black 5000MCD es una aut\u00e9ntica obra de arte. La hoja est\u00e1 hecha de acero en polvo de microcarburo MC66, endurecido en hielo a unos","og_url":"https:\/\/dev6.erresse-shop.it\/es\/shop\/cocina\/cuchillos\/cuchillos-de-cocina\/miyabi-5000-mcd-gyutoh-24-cm\/","og_site_name":"dev6 Erresse","og_image":[{"url":"https:\/\/interpim.erresse-shop.it\/Import\/Prodotti\/miyabi-5000-mcd-gyutoh-24-cm.jpg","type":"","width":"","height":""},{"url":"https:\/\/interpim.erresse-shop.it\/Import\/Prodotti\/miyabi-5000-mcd-gyutoh-24-cm.jpg","width":1024,"height":1024,"type":"image\/jpeg"}],"twitter_card":"summary_large_image","twitter_image":"https:\/\/interpim.erresse-shop.it\/Import\/Prodotti\/miyabi-5000-mcd-gyutoh-24-cm.jpg","schema":{"@context":"https:\/\/schema.org","@graph":[{"@type":"WebPage","@id":"https:\/\/dev6.erresse-shop.it\/es\/shop\/cocina\/cuchillos\/cuchillos-de-cocina\/miyabi-5000-mcd-gyutoh-24-cm\/","url":"https:\/\/dev6.erresse-shop.it\/es\/shop\/cocina\/cuchillos\/cuchillos-de-cocina\/miyabi-5000-mcd-gyutoh-24-cm\/","name":"MIYABI 5000 MCD Gyutoh 24 cm - dev6 Erresse","isPartOf":{"@id":"https:\/\/dev6.erresse-shop.it\/#website"},"primaryImageOfPage":{"@id":"https:\/\/dev6.erresse-shop.it\/es\/shop\/cocina\/cuchillos\/cuchillos-de-cocina\/miyabi-5000-mcd-gyutoh-24-cm\/#primaryimage"},"image":{"@id":"https:\/\/dev6.erresse-shop.it\/es\/shop\/cocina\/cuchillos\/cuchillos-de-cocina\/miyabi-5000-mcd-gyutoh-24-cm\/#primaryimage"},"thumbnailUrl":"https:\/\/i2.wp.com\/interpim.erresse-shop.it\/Import\/Prodotti\/miyabi-5000-mcd-gyutoh-24-cm.jpg?ssl=1","datePublished":"2026-04-12T10:32:36+00:00","description":"El cuchillo Miyabi Black 5000MCD es una aut\u00e9ntica obra de arte. La hoja est\u00e1 hecha de acero en polvo de microcarburo MC66, endurecido en hielo a unos","breadcrumb":{"@id":"https:\/\/dev6.erresse-shop.it\/es\/shop\/cocina\/cuchillos\/cuchillos-de-cocina\/miyabi-5000-mcd-gyutoh-24-cm\/#breadcrumb"},"inLanguage":"es","potentialAction":[{"@type":"ReadAction","target":["https:\/\/dev6.erresse-shop.it\/es\/shop\/cocina\/cuchillos\/cuchillos-de-cocina\/miyabi-5000-mcd-gyutoh-24-cm\/"]}]},{"@type":"ImageObject","inLanguage":"es","@id":"https:\/\/dev6.erresse-shop.it\/es\/shop\/cocina\/cuchillos\/cuchillos-de-cocina\/miyabi-5000-mcd-gyutoh-24-cm\/#primaryimage","url":"https:\/\/i2.wp.com\/interpim.erresse-shop.it\/Import\/Prodotti\/miyabi-5000-mcd-gyutoh-24-cm.jpg?ssl=1","contentUrl":"https:\/\/i2.wp.com\/interpim.erresse-shop.it\/Import\/Prodotti\/miyabi-5000-mcd-gyutoh-24-cm.jpg?ssl=1"},{"@type":"BreadcrumbList","@id":"https:\/\/dev6.erresse-shop.it\/es\/shop\/cocina\/cuchillos\/cuchillos-de-cocina\/miyabi-5000-mcd-gyutoh-24-cm\/#breadcrumb","itemListElement":[{"@type":"ListItem","position":1,"name":"Home","item":"https:\/\/dev6.erresse-shop.it\/"},{"@type":"ListItem","position":2,"name":"Tienda","item":"https:\/\/dev6.erresse-shop.it\/shop\/"},{"@type":"ListItem","position":3,"name":"MIYABI 5000 MCD Gyutoh 24 cm"}]},{"@type":"WebSite","@id":"https:\/\/dev6.erresse-shop.it\/#website","url":"https:\/\/dev6.erresse-shop.it\/","name":"Erresse Shop","description":"","publisher":{"@id":"https:\/\/dev6.erresse-shop.it\/#organization"},"potentialAction":[{"@type":"SearchAction","target":{"@type":"EntryPoint","urlTemplate":"https:\/\/dev6.erresse-shop.it\/?s={search_term_string}"},"query-input":{"@type":"PropertyValueSpecification","valueRequired":true,"valueName":"search_term_string"}}],"inLanguage":"es"},{"@type":"Organization","@id":"https:\/\/dev6.erresse-shop.it\/#organization","name":"Erresse Shop","url":"https:\/\/dev6.erresse-shop.it\/","logo":{"@type":"ImageObject","inLanguage":"es","@id":"https:\/\/dev6.erresse-shop.it\/#\/schema\/logo\/image\/","url":"https:\/\/dev6.erresse-shop.it\/wp-content\/uploads\/2025\/01\/LOGO-ERRESSE-CLASSICO.svg","contentUrl":"https:\/\/dev6.erresse-shop.it\/wp-content\/uploads\/2025\/01\/LOGO-ERRESSE-CLASSICO.svg","caption":"Erresse Shop"},"image":{"@id":"https:\/\/dev6.erresse-shop.it\/#\/schema\/logo\/image\/"}}]}},"df_price":319,"df_sale_price":319,"df_regular_price":479,"df_image_link":"https:\/\/i2.wp.com\/interpim.erresse-shop.it\/Import\/Prodotti\/miyabi-5000-mcd-gyutoh-24-cm.jpg?resize=300,300&ssl=1","fifu_image_url":"https:\/\/interpim.erresse-shop.it\/Import\/Prodotti\/miyabi-5000-mcd-gyutoh-24-cm.jpg","_links":{"self":[{"href":"https:\/\/dev6.erresse-shop.it\/es\/wp-json\/wp\/v2\/product\/1883109","targetHints":{"allow":["GET"]}}],"collection":[{"href":"https:\/\/dev6.erresse-shop.it\/es\/wp-json\/wp\/v2\/product"}],"about":[{"href":"https:\/\/dev6.erresse-shop.it\/es\/wp-json\/wp\/v2\/types\/product"}],"wp:featuredmedia":[{"embeddable":true,"href":"https:\/\/dev6.erresse-shop.it\/es\/wp-json\/wp\/v2\/media\/6373370"}],"wp:attachment":[{"href":"https:\/\/dev6.erresse-shop.it\/es\/wp-json\/wp\/v2\/media?parent=1883109"}],"wp:term":[{"taxonomy":"product_cat","embeddable":true,"href":"https:\/\/dev6.erresse-shop.it\/es\/wp-json\/wp\/v2\/product_cat?post=1883109"},{"taxonomy":"product_tag","embeddable":true,"href":"https:\/\/dev6.erresse-shop.it\/es\/wp-json\/wp\/v2\/product_tag?post=1883109"}],"curies":[{"name":"wp","href":"https:\/\/api.w.org\/{rel}","templated":true}]}}