{"id":1883095,"date":"2026-04-10T13:11:09","date_gmt":"2026-04-10T11:11:09","guid":{"rendered":"https:\/\/dev6.erresse-shop.it\/shop\/sin%20categor\u00eda\/zwilling-set-de-cuchillos-gourmet-con-bloque-marron\/"},"modified":"2025-09-14T10:00:30","modified_gmt":"2025-09-14T08:00:30","slug":"zwilling-set-de-cuchillos-gourmet-con-bloque-marron","status":"publish","type":"product","link":"https:\/\/dev6.erresse-shop.it\/es\/shop\/cocina\/cuchillos\/cuchillos-de-cocina\/zwilling-set-de-cuchillos-gourmet-con-bloque-marron\/","title":{"rendered":"ZWILLING Set de cuchillos Gourmet con bloque marr\u00f3n"},"content":{"rendered":"<p>Los cuchillos afilados son cuchillos seguros. Por eso, el bloque de cuchillos ZWILLING SharpBlock de la serie GOURMET, con tecnolog\u00eda KIS (Keep It Sharp), garantiza un afilado \u00f3ptimo en cada uso. De esta manera, se requiere menos fuerza y \u200b\u200bno se resbalan. El bloque autoafilante evita la necesidad de afilar a mano y protege los cuchillos de da\u00f1os. El secreto del bloque se guarda en el interior: en los compartimentos para los cuchillos de hoja lisa (cuchillo pelador, cuchillo para trinchar y cuchillo de cocinero) hay dos ruedas de cer\u00e1mica integradas, colocadas en el \u00e1ngulo de afilado \u00f3ptimo. Cada vez que se inserta o se retira un cuchillo GOURMET del bloque, la hoja recupera autom\u00e1ticamente su filo, para que los cuchillos est\u00e9n siempre afilados y listos para usar. Gracias a su elegante dise\u00f1o con aspecto de fresno con vetas caracter\u00edsticas y a su acabado en acero inoxidable para una mayor durabilidad, el bloque de cuchillos de 7 piezas llama la atenci\u00f3n en cualquier cocina.<\/p>\n<p>Caracter\u00edsticas<\/p>\n<p>Material de stock: madera<br \/>\nM\u00e9todo de producci\u00f3n:Corte por l\u00e1ser<br \/>\nN\u00famero de piezas: 7<br \/>\nColor del mango:negro<br \/>\nMaterial del mango:pl\u00e1stico<\/p>\n<p>TAMA\u00d1O<\/p>\n<p>Peso neto: 2,51 kg<br \/>\nLongitud del producto: 41 cm<br \/>\nAncho del producto: 17,50 cm<br \/>\nAltura del producto: 20.00 cm<\/p>\n","protected":false},"excerpt":{"rendered":"<p>Los cuchillos afilados son cuchillos seguros. Por eso, el bloque de cuchillos ZWILLING SharpBlock de la serie GOURMET, con tecnolog\u00eda KIS (Keep It Sharp), garantiza un afilado \u00f3ptimo en cada uso. De esta manera, se requiere menos fuerza y \u200b\u200bno se resbalan. El bloque autoafilante evita la necesidad de afilar a mano y protege los [&hellip;]<\/p>\n","protected":false},"featured_media":6331676,"template":"","meta":{"_acf_changed":false},"product_cat":[11889],"product_tag":[],"class_list":{"0":"post-1883095","1":"product","2":"type-product","3":"status-publish","4":"has-post-thumbnail","6":"product_cat-cuchillos-de-cocina","8":"first","9":"instock","10":"sale","11":"taxable","12":"shipping-taxable","13":"purchasable","14":"product-type-simple","swatches":"rey-swatches","show_selected":"","stretch_labels":"rey-swatches--stretch-labels"},"acf":[],"yoast_head":"<!-- This site is optimized with the Yoast SEO plugin v25.4 - https:\/\/yoast.com\/wordpress\/plugins\/seo\/ -->\n<title>ZWILLING Set de cuchillos Gourmet con bloque marr\u00f3n - dev6 Erresse<\/title>\n<meta name=\"description\" content=\"Los cuchillos afilados son cuchillos seguros. Por eso, el bloque de cuchillos ZWILLING SharpBlock de la serie GOURMET, con tecnolog\u00eda KIS (Keep It Sharp),\" \/>\n<meta name=\"robots\" content=\"noindex, follow, max-snippet:-1, max-image-preview:large, max-video-preview:-1\" \/>\n<meta property=\"og:locale\" content=\"es_ES\" \/>\n<meta property=\"og:type\" content=\"article\" \/>\n<meta property=\"og:title\" content=\"ZWILLING Set de cuchillos Gourmet con bloque marr\u00f3n - dev6 Erresse\" \/>\n<meta property=\"og:description\" content=\"Los cuchillos afilados son cuchillos seguros. Por eso, el bloque de cuchillos ZWILLING SharpBlock de la serie GOURMET, con tecnolog\u00eda KIS (Keep It Sharp),\" \/>\n<meta property=\"og:url\" content=\"https:\/\/dev6.erresse-shop.it\/es\/shop\/cocina\/cuchillos\/cuchillos-de-cocina\/zwilling-set-de-cuchillos-gourmet-con-bloque-marron\/\" \/>\n<meta property=\"og:site_name\" content=\"dev6 Erresse\" \/>\n<meta property=\"og:image\" content=\"https:\/\/interpim.erresse-shop.it\/Import\/Prodotti\/zwilling-set-coltelli-gourmet-con-ceppo-marrone.jpg\" \/><meta property=\"og:image\" content=\"https:\/\/interpim.erresse-shop.it\/Import\/Prodotti\/zwilling-set-coltelli-gourmet-con-ceppo-marrone.jpg\" \/>\n\t<meta property=\"og:image:width\" content=\"1024\" \/>\n\t<meta property=\"og:image:height\" content=\"1024\" \/>\n\t<meta property=\"og:image:type\" content=\"image\/jpeg\" \/>\n<meta name=\"twitter:card\" content=\"summary_large_image\" \/>\n<meta name=\"twitter:image\" content=\"https:\/\/interpim.erresse-shop.it\/Import\/Prodotti\/zwilling-set-coltelli-gourmet-con-ceppo-marrone.jpg\" \/>\n<script type=\"application\/ld+json\" class=\"yoast-schema-graph\">{\"@context\":\"https:\/\/schema.org\",\"@graph\":[{\"@type\":\"WebPage\",\"@id\":\"https:\/\/dev6.erresse-shop.it\/es\/shop\/cocina\/cuchillos\/cuchillos-de-cocina\/zwilling-set-de-cuchillos-gourmet-con-bloque-marron\/\",\"url\":\"https:\/\/dev6.erresse-shop.it\/es\/shop\/cocina\/cuchillos\/cuchillos-de-cocina\/zwilling-set-de-cuchillos-gourmet-con-bloque-marron\/\",\"name\":\"ZWILLING Set de cuchillos Gourmet con bloque marr\u00f3n - dev6 Erresse\",\"isPartOf\":{\"@id\":\"https:\/\/dev6.erresse-shop.it\/#website\"},\"primaryImageOfPage\":{\"@id\":\"https:\/\/dev6.erresse-shop.it\/es\/shop\/cocina\/cuchillos\/cuchillos-de-cocina\/zwilling-set-de-cuchillos-gourmet-con-bloque-marron\/#primaryimage\"},\"image\":{\"@id\":\"https:\/\/dev6.erresse-shop.it\/es\/shop\/cocina\/cuchillos\/cuchillos-de-cocina\/zwilling-set-de-cuchillos-gourmet-con-bloque-marron\/#primaryimage\"},\"thumbnailUrl\":\"https:\/\/i2.wp.com\/interpim.erresse-shop.it\/Import\/Prodotti\/zwilling-set-coltelli-gourmet-con-ceppo-marrone.jpg?ssl=1\",\"datePublished\":\"2026-04-10T11:11:09+00:00\",\"description\":\"Los cuchillos afilados son cuchillos seguros. Por eso, el bloque de cuchillos ZWILLING SharpBlock de la serie GOURMET, con tecnolog\u00eda KIS (Keep It Sharp),\",\"breadcrumb\":{\"@id\":\"https:\/\/dev6.erresse-shop.it\/es\/shop\/cocina\/cuchillos\/cuchillos-de-cocina\/zwilling-set-de-cuchillos-gourmet-con-bloque-marron\/#breadcrumb\"},\"inLanguage\":\"es\",\"potentialAction\":[{\"@type\":\"ReadAction\",\"target\":[\"https:\/\/dev6.erresse-shop.it\/es\/shop\/cocina\/cuchillos\/cuchillos-de-cocina\/zwilling-set-de-cuchillos-gourmet-con-bloque-marron\/\"]}]},{\"@type\":\"ImageObject\",\"inLanguage\":\"es\",\"@id\":\"https:\/\/dev6.erresse-shop.it\/es\/shop\/cocina\/cuchillos\/cuchillos-de-cocina\/zwilling-set-de-cuchillos-gourmet-con-bloque-marron\/#primaryimage\",\"url\":\"https:\/\/i2.wp.com\/interpim.erresse-shop.it\/Import\/Prodotti\/zwilling-set-coltelli-gourmet-con-ceppo-marrone.jpg?ssl=1\",\"contentUrl\":\"https:\/\/i2.wp.com\/interpim.erresse-shop.it\/Import\/Prodotti\/zwilling-set-coltelli-gourmet-con-ceppo-marrone.jpg?ssl=1\"},{\"@type\":\"BreadcrumbList\",\"@id\":\"https:\/\/dev6.erresse-shop.it\/es\/shop\/cocina\/cuchillos\/cuchillos-de-cocina\/zwilling-set-de-cuchillos-gourmet-con-bloque-marron\/#breadcrumb\",\"itemListElement\":[{\"@type\":\"ListItem\",\"position\":1,\"name\":\"Home\",\"item\":\"https:\/\/dev6.erresse-shop.it\/\"},{\"@type\":\"ListItem\",\"position\":2,\"name\":\"Tienda\",\"item\":\"https:\/\/dev6.erresse-shop.it\/shop\/\"},{\"@type\":\"ListItem\",\"position\":3,\"name\":\"ZWILLING Set de cuchillos Gourmet con bloque marr\u00f3n\"}]},{\"@type\":\"WebSite\",\"@id\":\"https:\/\/dev6.erresse-shop.it\/#website\",\"url\":\"https:\/\/dev6.erresse-shop.it\/\",\"name\":\"Erresse Shop\",\"description\":\"\",\"publisher\":{\"@id\":\"https:\/\/dev6.erresse-shop.it\/#organization\"},\"potentialAction\":[{\"@type\":\"SearchAction\",\"target\":{\"@type\":\"EntryPoint\",\"urlTemplate\":\"https:\/\/dev6.erresse-shop.it\/?s={search_term_string}\"},\"query-input\":{\"@type\":\"PropertyValueSpecification\",\"valueRequired\":true,\"valueName\":\"search_term_string\"}}],\"inLanguage\":\"es\"},{\"@type\":\"Organization\",\"@id\":\"https:\/\/dev6.erresse-shop.it\/#organization\",\"name\":\"Erresse Shop\",\"url\":\"https:\/\/dev6.erresse-shop.it\/\",\"logo\":{\"@type\":\"ImageObject\",\"inLanguage\":\"es\",\"@id\":\"https:\/\/dev6.erresse-shop.it\/#\/schema\/logo\/image\/\",\"url\":\"https:\/\/dev6.erresse-shop.it\/wp-content\/uploads\/2025\/01\/LOGO-ERRESSE-CLASSICO.svg\",\"contentUrl\":\"https:\/\/dev6.erresse-shop.it\/wp-content\/uploads\/2025\/01\/LOGO-ERRESSE-CLASSICO.svg\",\"caption\":\"Erresse Shop\"},\"image\":{\"@id\":\"https:\/\/dev6.erresse-shop.it\/#\/schema\/logo\/image\/\"}}]}<\/script>\n<!-- \/ Yoast SEO plugin. -->","yoast_head_json":{"title":"ZWILLING Set de cuchillos Gourmet con bloque marr\u00f3n - dev6 Erresse","description":"Los cuchillos afilados son cuchillos seguros. Por eso, el bloque de cuchillos ZWILLING SharpBlock de la serie GOURMET, con tecnolog\u00eda KIS (Keep It Sharp),","robots":{"index":"noindex","follow":"follow","max-snippet":"max-snippet:-1","max-image-preview":"max-image-preview:large","max-video-preview":"max-video-preview:-1"},"og_locale":"es_ES","og_type":"article","og_title":"ZWILLING Set de cuchillos Gourmet con bloque marr\u00f3n - dev6 Erresse","og_description":"Los cuchillos afilados son cuchillos seguros. Por eso, el bloque de cuchillos ZWILLING SharpBlock de la serie GOURMET, con tecnolog\u00eda KIS (Keep It Sharp),","og_url":"https:\/\/dev6.erresse-shop.it\/es\/shop\/cocina\/cuchillos\/cuchillos-de-cocina\/zwilling-set-de-cuchillos-gourmet-con-bloque-marron\/","og_site_name":"dev6 Erresse","og_image":[{"url":"https:\/\/interpim.erresse-shop.it\/Import\/Prodotti\/zwilling-set-coltelli-gourmet-con-ceppo-marrone.jpg","type":"","width":"","height":""},{"url":"https:\/\/interpim.erresse-shop.it\/Import\/Prodotti\/zwilling-set-coltelli-gourmet-con-ceppo-marrone.jpg","width":1024,"height":1024,"type":"image\/jpeg"}],"twitter_card":"summary_large_image","twitter_image":"https:\/\/interpim.erresse-shop.it\/Import\/Prodotti\/zwilling-set-coltelli-gourmet-con-ceppo-marrone.jpg","schema":{"@context":"https:\/\/schema.org","@graph":[{"@type":"WebPage","@id":"https:\/\/dev6.erresse-shop.it\/es\/shop\/cocina\/cuchillos\/cuchillos-de-cocina\/zwilling-set-de-cuchillos-gourmet-con-bloque-marron\/","url":"https:\/\/dev6.erresse-shop.it\/es\/shop\/cocina\/cuchillos\/cuchillos-de-cocina\/zwilling-set-de-cuchillos-gourmet-con-bloque-marron\/","name":"ZWILLING Set de cuchillos Gourmet con bloque marr\u00f3n - dev6 Erresse","isPartOf":{"@id":"https:\/\/dev6.erresse-shop.it\/#website"},"primaryImageOfPage":{"@id":"https:\/\/dev6.erresse-shop.it\/es\/shop\/cocina\/cuchillos\/cuchillos-de-cocina\/zwilling-set-de-cuchillos-gourmet-con-bloque-marron\/#primaryimage"},"image":{"@id":"https:\/\/dev6.erresse-shop.it\/es\/shop\/cocina\/cuchillos\/cuchillos-de-cocina\/zwilling-set-de-cuchillos-gourmet-con-bloque-marron\/#primaryimage"},"thumbnailUrl":"https:\/\/i2.wp.com\/interpim.erresse-shop.it\/Import\/Prodotti\/zwilling-set-coltelli-gourmet-con-ceppo-marrone.jpg?ssl=1","datePublished":"2026-04-10T11:11:09+00:00","description":"Los cuchillos afilados son cuchillos seguros. Por eso, el bloque de cuchillos ZWILLING SharpBlock de la serie GOURMET, con tecnolog\u00eda KIS (Keep It Sharp),","breadcrumb":{"@id":"https:\/\/dev6.erresse-shop.it\/es\/shop\/cocina\/cuchillos\/cuchillos-de-cocina\/zwilling-set-de-cuchillos-gourmet-con-bloque-marron\/#breadcrumb"},"inLanguage":"es","potentialAction":[{"@type":"ReadAction","target":["https:\/\/dev6.erresse-shop.it\/es\/shop\/cocina\/cuchillos\/cuchillos-de-cocina\/zwilling-set-de-cuchillos-gourmet-con-bloque-marron\/"]}]},{"@type":"ImageObject","inLanguage":"es","@id":"https:\/\/dev6.erresse-shop.it\/es\/shop\/cocina\/cuchillos\/cuchillos-de-cocina\/zwilling-set-de-cuchillos-gourmet-con-bloque-marron\/#primaryimage","url":"https:\/\/i2.wp.com\/interpim.erresse-shop.it\/Import\/Prodotti\/zwilling-set-coltelli-gourmet-con-ceppo-marrone.jpg?ssl=1","contentUrl":"https:\/\/i2.wp.com\/interpim.erresse-shop.it\/Import\/Prodotti\/zwilling-set-coltelli-gourmet-con-ceppo-marrone.jpg?ssl=1"},{"@type":"BreadcrumbList","@id":"https:\/\/dev6.erresse-shop.it\/es\/shop\/cocina\/cuchillos\/cuchillos-de-cocina\/zwilling-set-de-cuchillos-gourmet-con-bloque-marron\/#breadcrumb","itemListElement":[{"@type":"ListItem","position":1,"name":"Home","item":"https:\/\/dev6.erresse-shop.it\/"},{"@type":"ListItem","position":2,"name":"Tienda","item":"https:\/\/dev6.erresse-shop.it\/shop\/"},{"@type":"ListItem","position":3,"name":"ZWILLING Set de cuchillos Gourmet con bloque marr\u00f3n"}]},{"@type":"WebSite","@id":"https:\/\/dev6.erresse-shop.it\/#website","url":"https:\/\/dev6.erresse-shop.it\/","name":"Erresse Shop","description":"","publisher":{"@id":"https:\/\/dev6.erresse-shop.it\/#organization"},"potentialAction":[{"@type":"SearchAction","target":{"@type":"EntryPoint","urlTemplate":"https:\/\/dev6.erresse-shop.it\/?s={search_term_string}"},"query-input":{"@type":"PropertyValueSpecification","valueRequired":true,"valueName":"search_term_string"}}],"inLanguage":"es"},{"@type":"Organization","@id":"https:\/\/dev6.erresse-shop.it\/#organization","name":"Erresse Shop","url":"https:\/\/dev6.erresse-shop.it\/","logo":{"@type":"ImageObject","inLanguage":"es","@id":"https:\/\/dev6.erresse-shop.it\/#\/schema\/logo\/image\/","url":"https:\/\/dev6.erresse-shop.it\/wp-content\/uploads\/2025\/01\/LOGO-ERRESSE-CLASSICO.svg","contentUrl":"https:\/\/dev6.erresse-shop.it\/wp-content\/uploads\/2025\/01\/LOGO-ERRESSE-CLASSICO.svg","caption":"Erresse Shop"},"image":{"@id":"https:\/\/dev6.erresse-shop.it\/#\/schema\/logo\/image\/"}}]}},"df_price":189.95,"df_sale_price":189.95,"df_regular_price":279,"df_image_link":"https:\/\/i2.wp.com\/interpim.erresse-shop.it\/Import\/Prodotti\/zwilling-set-coltelli-gourmet-con-ceppo-marrone.jpg?resize=300,300&ssl=1","fifu_image_url":"https:\/\/interpim.erresse-shop.it\/Import\/Prodotti\/zwilling-set-coltelli-gourmet-con-ceppo-marrone.jpg","_links":{"self":[{"href":"https:\/\/dev6.erresse-shop.it\/es\/wp-json\/wp\/v2\/product\/1883095","targetHints":{"allow":["GET"]}}],"collection":[{"href":"https:\/\/dev6.erresse-shop.it\/es\/wp-json\/wp\/v2\/product"}],"about":[{"href":"https:\/\/dev6.erresse-shop.it\/es\/wp-json\/wp\/v2\/types\/product"}],"wp:featuredmedia":[{"embeddable":true,"href":"https:\/\/dev6.erresse-shop.it\/es\/wp-json\/wp\/v2\/media\/6331676"}],"wp:attachment":[{"href":"https:\/\/dev6.erresse-shop.it\/es\/wp-json\/wp\/v2\/media?parent=1883095"}],"wp:term":[{"taxonomy":"product_cat","embeddable":true,"href":"https:\/\/dev6.erresse-shop.it\/es\/wp-json\/wp\/v2\/product_cat?post=1883095"},{"taxonomy":"product_tag","embeddable":true,"href":"https:\/\/dev6.erresse-shop.it\/es\/wp-json\/wp\/v2\/product_tag?post=1883095"}],"curies":[{"name":"wp","href":"https:\/\/api.w.org\/{rel}","templated":true}]}}