{"id":1883089,"date":"2026-04-12T12:30:20","date_gmt":"2026-04-12T10:30:20","guid":{"rendered":"https:\/\/dev6.erresse-shop.it\/shop\/sin%20categor\u00eda\/jura-cafetera-giga-x8-aluminium-black\/"},"modified":"2025-11-30T17:56:26","modified_gmt":"2025-11-30T16:56:26","slug":"jura-cafetera-giga-x8-aluminium-black","status":"publish","type":"product","link":"https:\/\/dev6.erresse-shop.it\/es\/shop\/pequenos-electrodomesticos\/maquinas-de-cafe\/automatico\/jura-cafetera-giga-x8-aluminium-black\/","title":{"rendered":"JURA Cafetera GIGA X8 Aluminium Black"},"content":{"rendered":"<p>Creado para ofrecer lo \u00faltimo en rendimiento<\/p>\n<p>La GIGA X8 es la expresi\u00f3n tangible de la fuerza innovadora y la profesionalidad suiza de JURA hasta el m\u00e1s m\u00ednimo detalle. Destaca por su calidad, funcionalidad y fiabilidad all\u00ed donde se requieran capacidades diarias de hasta 200 tazas. A esto se suman unas excelentes prestaciones en todos los aspectos, que hacen de la GIGA X8 una m\u00e1quina autom\u00e1tica de alta tecnolog\u00eda ideal para soluciones en edificios de varias plantas, seminarios, catering o Coffee to Go.<\/p>\n<p>Tecnolog\u00edas de vanguardia para un placer perfecto<\/p>\n<p>El nuevo GIGA X8: rendimiento r\u00e9cord: dos molinillos de caf\u00e9 con cuchillas cer\u00e1micas de alto rendimiento garantizan una molienda precisa, constante y uniforme durante a\u00f1os gracias a una innovaci\u00f3n extraordinaria: el sistema A.G.A. (Ajuste autom\u00e1tico del molinillo), el ajuste autom\u00e1tico controlado electr\u00f3nicamente. El proceso de extracci\u00f3n pulsada (P.E.P.\u00ae) optimiza el tiempo de extracci\u00f3n para especialidades cortas y CLARIS Pro Smart, en combinaci\u00f3n con el sistema de agua inteligente (I.W.S.), garantiza una calidad de agua perfecta para un sabor aut\u00e9ntico.<\/p>\n<p>La GIGA X8 cuenta con un ca\u00f1o combinado de altura regulable y meticulosamente dise\u00f1ado que, gracias a la tecnolog\u00eda de microespuma, permite la preparaci\u00f3n de especialidades de moda con leche y espuma de leche insuperables. La funci\u00f3n Speed \u200b\u200bgarantiza la preparaci\u00f3n de especialidades de caf\u00e9 en un tiempo r\u00e9cord.<\/p>\n<p>Un mayor rendimiento y una optimizaci\u00f3n simult\u00e1nea de la calidad distinguen al nuevo GIGA X8. La pantalla t\u00e1ctil a color de alta resoluci\u00f3n de 4,3\u2033 permite un uso sencillo y completamente intuitivo. La bandeja recolectora de agua, apta para lavavajillas, se puede quitar, vaciar y reemplazar f\u00e1cilmente con una sola mano. La posici\u00f3n \u00f3ptima del centro de gravedad evita que el agua se desborde. Sencillez, higiene, rapidez, comodidad: el concepto de cinco estrellas se aplica hasta el m\u00e1s m\u00ednimo detalle.<\/p>\n<p>Garant\u00eda de higiene certificada por T\u00dcV<\/p>\n<p>El mantenimiento del nuevo GIGA X8, as\u00ed como su uso, es sencillo, l\u00f3gico e intuitivo. Los programas de enjuague y limpieza integrados, combinados con los productos de mantenimiento originales de JURA, garantizan una higiene certificada por T\u00dcV con solo pulsar un bot\u00f3n. Incluso la limpieza del sistema de leche ha sido estudiada hasta el m\u00e1s m\u00ednimo detalle. Totalmente autom\u00e1tico y operable con un toque en la pantalla, garantiza una limpieza impecable en el tratamiento de la leche. El enorme dispensador combinado se puede desmontar en tan solo unos sencillos pasos. Los dispensadores de leche situados en la parte frontal interior son f\u00e1cilmente accesibles y se pueden sustituir sin problemas en caso de necesidad.<\/p>\n<p>Tan individual como tus necesidades<\/p>\n<p>Utilizada individualmente o con accesorios como calienta tazas, sistema de facturaci\u00f3n, etc., la GIGA X8 permite configurar la soluci\u00f3n de caf\u00e9 completa, ideal para cualquier campo de aplicaci\u00f3n y, si es necesario, adaptable a las necesidades cambiantes.<\/p>\n<p>Soluci\u00f3n de pago m\u00f3vil JURA<\/p>\n<p>La GIGA X8 incorpora el nuevo sistema de pago y gesti\u00f3n Pocket Pilot 2.0. Con Pocket Pilot 2.0, tanto el pago sin efectivo como la supervisi\u00f3n centralizada de las m\u00e1quinas se realizan sin infraestructura adicional gracias a \u00abPayment Connect\u00bb, que se puede utilizar c\u00f3modamente en el GIGA X8. El sistema basado en web es gratuito y no requiere ninguna instalaci\u00f3n de software. Simplemente cree una cuenta en JURA Pocket Pilot 2.0 para tener un sistema de gesti\u00f3n de m\u00e1quinas totalmente autom\u00e1tico que satisfaga todas sus necesidades.<\/p>\n<p>Especificaciones t\u00e9cnicas<\/p>\n<p>Capacidad del dep\u00f3sito de agua: 5 l<br \/>\nCapacidad del recipiente para granos de caf\u00e9: 650 g<br \/>\nContenedor de posos de caf\u00e9: (porciones aprox.) 40<br \/>\nLongitud del cable: 1,1 m<br \/>\nVoltaje\/Potencia: 220 \u2013 240 V<br \/>\nConsumo en espera: \u2264 0,5 W<br \/>\nPeso: 19 kg<br \/>\nDimensiones (An \u00d7 Al \u00d7 Pr): 37 \u00d7 49,5 \u00d7 56,5 cm<\/p>\n","protected":false},"excerpt":{"rendered":"<p>Creado para ofrecer lo \u00faltimo en rendimiento La GIGA X8 es la expresi\u00f3n tangible de la fuerza innovadora y la profesionalidad suiza de JURA hasta el m\u00e1s m\u00ednimo detalle. Destaca por su calidad, funcionalidad y fiabilidad all\u00ed donde se requieran capacidades diarias de hasta 200 tazas. A esto se suman unas excelentes prestaciones en todos [&hellip;]<\/p>\n","protected":false},"featured_media":6373283,"template":"","meta":{"_acf_changed":false},"product_cat":[11968,11955,11947],"product_tag":[],"class_list":{"0":"post-1883089","1":"product","2":"type-product","3":"status-publish","4":"has-post-thumbnail","6":"product_cat-automatico","7":"product_cat-maquinas-de-cafe","8":"product_cat-pequenos-electrodomesticos","10":"first","11":"instock","12":"sale","13":"taxable","14":"shipping-taxable","15":"purchasable","16":"product-type-simple","swatches":"rey-swatches","show_selected":"","stretch_labels":"rey-swatches--stretch-labels"},"acf":[],"yoast_head":"<!-- This site is optimized with the Yoast SEO plugin v25.4 - https:\/\/yoast.com\/wordpress\/plugins\/seo\/ -->\n<title>JURA Cafetera GIGA X8 Aluminium Black - dev6 Erresse<\/title>\n<meta name=\"description\" content=\"Creado para ofrecer lo \u00faltimo en rendimiento La GIGA X8 es la expresi\u00f3n tangible de la fuerza innovadora y la profesionalidad suiza de JURA hasta el m\u00e1s\" \/>\n<meta name=\"robots\" content=\"noindex, follow, max-snippet:-1, max-image-preview:large, max-video-preview:-1\" \/>\n<meta property=\"og:locale\" content=\"es_ES\" \/>\n<meta property=\"og:type\" content=\"article\" \/>\n<meta property=\"og:title\" content=\"JURA Cafetera GIGA X8 Aluminium Black - dev6 Erresse\" \/>\n<meta property=\"og:description\" content=\"Creado para ofrecer lo \u00faltimo en rendimiento La GIGA X8 es la expresi\u00f3n tangible de la fuerza innovadora y la profesionalidad suiza de JURA hasta el m\u00e1s\" \/>\n<meta property=\"og:url\" content=\"https:\/\/dev6.erresse-shop.it\/es\/shop\/pequenos-electrodomesticos\/maquinas-de-cafe\/automatico\/jura-cafetera-giga-x8-aluminium-black\/\" \/>\n<meta property=\"og:site_name\" content=\"dev6 Erresse\" \/>\n<meta property=\"og:image\" content=\"https:\/\/interpim.erresse-shop.it\/Import\/Prodotti\/jura-macchina-da-caffe-giga-x8-aluminium-black.jpg\" \/><meta property=\"og:image\" content=\"https:\/\/interpim.erresse-shop.it\/Import\/Prodotti\/jura-macchina-da-caffe-giga-x8-aluminium-black.jpg\" \/>\n\t<meta property=\"og:image:width\" content=\"1024\" \/>\n\t<meta property=\"og:image:height\" content=\"1024\" \/>\n\t<meta property=\"og:image:type\" content=\"image\/jpeg\" \/>\n<meta name=\"twitter:card\" content=\"summary_large_image\" \/>\n<meta name=\"twitter:image\" content=\"https:\/\/interpim.erresse-shop.it\/Import\/Prodotti\/jura-macchina-da-caffe-giga-x8-aluminium-black.jpg\" \/>\n<script type=\"application\/ld+json\" class=\"yoast-schema-graph\">{\"@context\":\"https:\/\/schema.org\",\"@graph\":[{\"@type\":\"WebPage\",\"@id\":\"https:\/\/dev6.erresse-shop.it\/es\/shop\/pequenos-electrodomesticos\/maquinas-de-cafe\/automatico\/jura-cafetera-giga-x8-aluminium-black\/\",\"url\":\"https:\/\/dev6.erresse-shop.it\/es\/shop\/pequenos-electrodomesticos\/maquinas-de-cafe\/automatico\/jura-cafetera-giga-x8-aluminium-black\/\",\"name\":\"JURA Cafetera GIGA X8 Aluminium Black - dev6 Erresse\",\"isPartOf\":{\"@id\":\"https:\/\/dev6.erresse-shop.it\/#website\"},\"primaryImageOfPage\":{\"@id\":\"https:\/\/dev6.erresse-shop.it\/es\/shop\/pequenos-electrodomesticos\/maquinas-de-cafe\/automatico\/jura-cafetera-giga-x8-aluminium-black\/#primaryimage\"},\"image\":{\"@id\":\"https:\/\/dev6.erresse-shop.it\/es\/shop\/pequenos-electrodomesticos\/maquinas-de-cafe\/automatico\/jura-cafetera-giga-x8-aluminium-black\/#primaryimage\"},\"thumbnailUrl\":\"https:\/\/i0.wp.com\/interpim.erresse-shop.it\/Import\/Prodotti\/jura-macchina-da-caffe-giga-x8-aluminium-black.jpg?ssl=1\",\"datePublished\":\"2026-04-12T10:30:20+00:00\",\"description\":\"Creado para ofrecer lo \u00faltimo en rendimiento La GIGA X8 es la expresi\u00f3n tangible de la fuerza innovadora y la profesionalidad suiza de JURA hasta el m\u00e1s\",\"breadcrumb\":{\"@id\":\"https:\/\/dev6.erresse-shop.it\/es\/shop\/pequenos-electrodomesticos\/maquinas-de-cafe\/automatico\/jura-cafetera-giga-x8-aluminium-black\/#breadcrumb\"},\"inLanguage\":\"es\",\"potentialAction\":[{\"@type\":\"ReadAction\",\"target\":[\"https:\/\/dev6.erresse-shop.it\/es\/shop\/pequenos-electrodomesticos\/maquinas-de-cafe\/automatico\/jura-cafetera-giga-x8-aluminium-black\/\"]}]},{\"@type\":\"ImageObject\",\"inLanguage\":\"es\",\"@id\":\"https:\/\/dev6.erresse-shop.it\/es\/shop\/pequenos-electrodomesticos\/maquinas-de-cafe\/automatico\/jura-cafetera-giga-x8-aluminium-black\/#primaryimage\",\"url\":\"https:\/\/i0.wp.com\/interpim.erresse-shop.it\/Import\/Prodotti\/jura-macchina-da-caffe-giga-x8-aluminium-black.jpg?ssl=1\",\"contentUrl\":\"https:\/\/i0.wp.com\/interpim.erresse-shop.it\/Import\/Prodotti\/jura-macchina-da-caffe-giga-x8-aluminium-black.jpg?ssl=1\"},{\"@type\":\"BreadcrumbList\",\"@id\":\"https:\/\/dev6.erresse-shop.it\/es\/shop\/pequenos-electrodomesticos\/maquinas-de-cafe\/automatico\/jura-cafetera-giga-x8-aluminium-black\/#breadcrumb\",\"itemListElement\":[{\"@type\":\"ListItem\",\"position\":1,\"name\":\"Home\",\"item\":\"https:\/\/dev6.erresse-shop.it\/\"},{\"@type\":\"ListItem\",\"position\":2,\"name\":\"Tienda\",\"item\":\"https:\/\/dev6.erresse-shop.it\/shop\/\"},{\"@type\":\"ListItem\",\"position\":3,\"name\":\"JURA Cafetera GIGA X8 Aluminium Black\"}]},{\"@type\":\"WebSite\",\"@id\":\"https:\/\/dev6.erresse-shop.it\/#website\",\"url\":\"https:\/\/dev6.erresse-shop.it\/\",\"name\":\"Erresse Shop\",\"description\":\"\",\"publisher\":{\"@id\":\"https:\/\/dev6.erresse-shop.it\/#organization\"},\"potentialAction\":[{\"@type\":\"SearchAction\",\"target\":{\"@type\":\"EntryPoint\",\"urlTemplate\":\"https:\/\/dev6.erresse-shop.it\/?s={search_term_string}\"},\"query-input\":{\"@type\":\"PropertyValueSpecification\",\"valueRequired\":true,\"valueName\":\"search_term_string\"}}],\"inLanguage\":\"es\"},{\"@type\":\"Organization\",\"@id\":\"https:\/\/dev6.erresse-shop.it\/#organization\",\"name\":\"Erresse Shop\",\"url\":\"https:\/\/dev6.erresse-shop.it\/\",\"logo\":{\"@type\":\"ImageObject\",\"inLanguage\":\"es\",\"@id\":\"https:\/\/dev6.erresse-shop.it\/#\/schema\/logo\/image\/\",\"url\":\"https:\/\/dev6.erresse-shop.it\/wp-content\/uploads\/2025\/01\/LOGO-ERRESSE-CLASSICO.svg\",\"contentUrl\":\"https:\/\/dev6.erresse-shop.it\/wp-content\/uploads\/2025\/01\/LOGO-ERRESSE-CLASSICO.svg\",\"caption\":\"Erresse Shop\"},\"image\":{\"@id\":\"https:\/\/dev6.erresse-shop.it\/#\/schema\/logo\/image\/\"}}]}<\/script>\n<!-- \/ Yoast SEO plugin. -->","yoast_head_json":{"title":"JURA Cafetera GIGA X8 Aluminium Black - dev6 Erresse","description":"Creado para ofrecer lo \u00faltimo en rendimiento La GIGA X8 es la expresi\u00f3n tangible de la fuerza innovadora y la profesionalidad suiza de JURA hasta el m\u00e1s","robots":{"index":"noindex","follow":"follow","max-snippet":"max-snippet:-1","max-image-preview":"max-image-preview:large","max-video-preview":"max-video-preview:-1"},"og_locale":"es_ES","og_type":"article","og_title":"JURA Cafetera GIGA X8 Aluminium Black - dev6 Erresse","og_description":"Creado para ofrecer lo \u00faltimo en rendimiento La GIGA X8 es la expresi\u00f3n tangible de la fuerza innovadora y la profesionalidad suiza de JURA hasta el m\u00e1s","og_url":"https:\/\/dev6.erresse-shop.it\/es\/shop\/pequenos-electrodomesticos\/maquinas-de-cafe\/automatico\/jura-cafetera-giga-x8-aluminium-black\/","og_site_name":"dev6 Erresse","og_image":[{"url":"https:\/\/interpim.erresse-shop.it\/Import\/Prodotti\/jura-macchina-da-caffe-giga-x8-aluminium-black.jpg","type":"","width":"","height":""},{"url":"https:\/\/interpim.erresse-shop.it\/Import\/Prodotti\/jura-macchina-da-caffe-giga-x8-aluminium-black.jpg","width":1024,"height":1024,"type":"image\/jpeg"}],"twitter_card":"summary_large_image","twitter_image":"https:\/\/interpim.erresse-shop.it\/Import\/Prodotti\/jura-macchina-da-caffe-giga-x8-aluminium-black.jpg","schema":{"@context":"https:\/\/schema.org","@graph":[{"@type":"WebPage","@id":"https:\/\/dev6.erresse-shop.it\/es\/shop\/pequenos-electrodomesticos\/maquinas-de-cafe\/automatico\/jura-cafetera-giga-x8-aluminium-black\/","url":"https:\/\/dev6.erresse-shop.it\/es\/shop\/pequenos-electrodomesticos\/maquinas-de-cafe\/automatico\/jura-cafetera-giga-x8-aluminium-black\/","name":"JURA Cafetera GIGA X8 Aluminium Black - dev6 Erresse","isPartOf":{"@id":"https:\/\/dev6.erresse-shop.it\/#website"},"primaryImageOfPage":{"@id":"https:\/\/dev6.erresse-shop.it\/es\/shop\/pequenos-electrodomesticos\/maquinas-de-cafe\/automatico\/jura-cafetera-giga-x8-aluminium-black\/#primaryimage"},"image":{"@id":"https:\/\/dev6.erresse-shop.it\/es\/shop\/pequenos-electrodomesticos\/maquinas-de-cafe\/automatico\/jura-cafetera-giga-x8-aluminium-black\/#primaryimage"},"thumbnailUrl":"https:\/\/i0.wp.com\/interpim.erresse-shop.it\/Import\/Prodotti\/jura-macchina-da-caffe-giga-x8-aluminium-black.jpg?ssl=1","datePublished":"2026-04-12T10:30:20+00:00","description":"Creado para ofrecer lo \u00faltimo en rendimiento La GIGA X8 es la expresi\u00f3n tangible de la fuerza innovadora y la profesionalidad suiza de JURA hasta el m\u00e1s","breadcrumb":{"@id":"https:\/\/dev6.erresse-shop.it\/es\/shop\/pequenos-electrodomesticos\/maquinas-de-cafe\/automatico\/jura-cafetera-giga-x8-aluminium-black\/#breadcrumb"},"inLanguage":"es","potentialAction":[{"@type":"ReadAction","target":["https:\/\/dev6.erresse-shop.it\/es\/shop\/pequenos-electrodomesticos\/maquinas-de-cafe\/automatico\/jura-cafetera-giga-x8-aluminium-black\/"]}]},{"@type":"ImageObject","inLanguage":"es","@id":"https:\/\/dev6.erresse-shop.it\/es\/shop\/pequenos-electrodomesticos\/maquinas-de-cafe\/automatico\/jura-cafetera-giga-x8-aluminium-black\/#primaryimage","url":"https:\/\/i0.wp.com\/interpim.erresse-shop.it\/Import\/Prodotti\/jura-macchina-da-caffe-giga-x8-aluminium-black.jpg?ssl=1","contentUrl":"https:\/\/i0.wp.com\/interpim.erresse-shop.it\/Import\/Prodotti\/jura-macchina-da-caffe-giga-x8-aluminium-black.jpg?ssl=1"},{"@type":"BreadcrumbList","@id":"https:\/\/dev6.erresse-shop.it\/es\/shop\/pequenos-electrodomesticos\/maquinas-de-cafe\/automatico\/jura-cafetera-giga-x8-aluminium-black\/#breadcrumb","itemListElement":[{"@type":"ListItem","position":1,"name":"Home","item":"https:\/\/dev6.erresse-shop.it\/"},{"@type":"ListItem","position":2,"name":"Tienda","item":"https:\/\/dev6.erresse-shop.it\/shop\/"},{"@type":"ListItem","position":3,"name":"JURA Cafetera GIGA X8 Aluminium Black"}]},{"@type":"WebSite","@id":"https:\/\/dev6.erresse-shop.it\/#website","url":"https:\/\/dev6.erresse-shop.it\/","name":"Erresse Shop","description":"","publisher":{"@id":"https:\/\/dev6.erresse-shop.it\/#organization"},"potentialAction":[{"@type":"SearchAction","target":{"@type":"EntryPoint","urlTemplate":"https:\/\/dev6.erresse-shop.it\/?s={search_term_string}"},"query-input":{"@type":"PropertyValueSpecification","valueRequired":true,"valueName":"search_term_string"}}],"inLanguage":"es"},{"@type":"Organization","@id":"https:\/\/dev6.erresse-shop.it\/#organization","name":"Erresse Shop","url":"https:\/\/dev6.erresse-shop.it\/","logo":{"@type":"ImageObject","inLanguage":"es","@id":"https:\/\/dev6.erresse-shop.it\/#\/schema\/logo\/image\/","url":"https:\/\/dev6.erresse-shop.it\/wp-content\/uploads\/2025\/01\/LOGO-ERRESSE-CLASSICO.svg","contentUrl":"https:\/\/dev6.erresse-shop.it\/wp-content\/uploads\/2025\/01\/LOGO-ERRESSE-CLASSICO.svg","caption":"Erresse Shop"},"image":{"@id":"https:\/\/dev6.erresse-shop.it\/#\/schema\/logo\/image\/"}}]}},"df_price":6299,"df_sale_price":6299,"df_regular_price":7299,"df_image_link":"https:\/\/i0.wp.com\/interpim.erresse-shop.it\/Import\/Prodotti\/jura-macchina-da-caffe-giga-x8-aluminium-black.jpg?resize=300,300&ssl=1","fifu_image_url":"https:\/\/interpim.erresse-shop.it\/Import\/Prodotti\/jura-macchina-da-caffe-giga-x8-aluminium-black.jpg","_links":{"self":[{"href":"https:\/\/dev6.erresse-shop.it\/es\/wp-json\/wp\/v2\/product\/1883089","targetHints":{"allow":["GET"]}}],"collection":[{"href":"https:\/\/dev6.erresse-shop.it\/es\/wp-json\/wp\/v2\/product"}],"about":[{"href":"https:\/\/dev6.erresse-shop.it\/es\/wp-json\/wp\/v2\/types\/product"}],"wp:featuredmedia":[{"embeddable":true,"href":"https:\/\/dev6.erresse-shop.it\/es\/wp-json\/wp\/v2\/media\/6373283"}],"wp:attachment":[{"href":"https:\/\/dev6.erresse-shop.it\/es\/wp-json\/wp\/v2\/media?parent=1883089"}],"wp:term":[{"taxonomy":"product_cat","embeddable":true,"href":"https:\/\/dev6.erresse-shop.it\/es\/wp-json\/wp\/v2\/product_cat?post=1883089"},{"taxonomy":"product_tag","embeddable":true,"href":"https:\/\/dev6.erresse-shop.it\/es\/wp-json\/wp\/v2\/product_tag?post=1883089"}],"curies":[{"name":"wp","href":"https:\/\/api.w.org\/{rel}","templated":true}]}}