{"id":1883085,"date":"2026-04-12T12:30:20","date_gmt":"2026-04-12T10:30:20","guid":{"rendered":"https:\/\/dev6.erresse-shop.it\/shop\/sin%20categor\u00eda\/santos-horno-de-pizza-o-120\/"},"modified":"2025-09-14T10:00:18","modified_gmt":"2025-09-14T08:00:18","slug":"santos-horno-de-pizza-o-120","status":"publish","type":"product","link":"https:\/\/dev6.erresse-shop.it\/es\/shop\/pequenos-electrodomesticos\/hornos\/santos-horno-de-pizza-o-120\/","title":{"rendered":"SANTOS Horno de pizza O-120"},"content":{"rendered":"<p>El nuevo horno de pizza SANTOS O-120 en color negro es el complemento ideal para tu cocina exterior. Con una potencia calor\u00edfica de 4,4KW podr\u00e1s alcanzar temperaturas ideales para cocinar pizzas crujientes. La piedra para pizza de 30,5 cm de di\u00e1metro incluida en el env\u00edo es suficiente para una pizza que podr\u00e1s adornar con lo que prefieras.<\/p>\n<p>Una novedad absoluta del horno de pizza SANTOS es el innovador plato giratorio. Esto le permite rotar su pizza de forma segura para lograr un dorado perfecto de 360\u00b0. El pomo resistente al calor con cojinete de bolas se encuentra debajo del horno de pizza y, por tanto, se puede accionar sin accidentes incluso durante el funcionamiento.<\/p>\n<p>Especificaciones t\u00e9cnicas<\/p>\n<p>Material: Acero<br \/>\nDimensiones: (Ancho x Alto x Profundidad) 35,9 x 34,7 x 64,7 cm<br \/>\nAltura de apertura 6,5 \u200b\u200bcm \/ Ancho 36 cm<br \/>\nPeso: 11,3 kg<br \/>\nRegulador de gas: 1,5 kg\/hora 50 mbar<br \/>\nTubo de gas: 80 cm<br \/>\nDimensiones de la piedra para pizza: \u2300 30,5 x H 1,2 cm<\/p>\n<p>Nota: No apto para uso en interiores, no apto para uso con gas natural<\/p>\n<p>Not for sale outside Europe<\/p>\n","protected":false},"excerpt":{"rendered":"<p>El nuevo horno de pizza SANTOS O-120 en color negro es el complemento ideal para tu cocina exterior. Con una potencia calor\u00edfica de 4,4KW podr\u00e1s alcanzar temperaturas ideales para cocinar pizzas crujientes. La piedra para pizza de 30,5 cm de di\u00e1metro incluida en el env\u00edo es suficiente para una pizza que podr\u00e1s adornar con lo [&hellip;]<\/p>\n","protected":false},"featured_media":6373258,"template":"","meta":{"_acf_changed":false},"product_cat":[11977,11947],"product_tag":[],"class_list":{"0":"post-1883085","1":"product","2":"type-product","3":"status-publish","4":"has-post-thumbnail","6":"product_cat-hornos","7":"product_cat-pequenos-electrodomesticos","9":"first","10":"instock","11":"sale","12":"taxable","13":"shipping-taxable","14":"purchasable","15":"product-type-simple","swatches":"rey-swatches","show_selected":"","stretch_labels":"rey-swatches--stretch-labels"},"acf":[],"yoast_head":"<!-- This site is optimized with the Yoast SEO plugin v25.4 - https:\/\/yoast.com\/wordpress\/plugins\/seo\/ -->\n<title>SANTOS Horno de pizza O-120 - dev6 Erresse<\/title>\n<meta name=\"description\" content=\"El nuevo horno de pizza SANTOS O-120 en color negro es el complemento ideal para tu cocina exterior. Con una potencia calor\u00edfica de 4,4KW podr\u00e1s alcanzar\" \/>\n<meta name=\"robots\" content=\"noindex, follow, max-snippet:-1, max-image-preview:large, max-video-preview:-1\" \/>\n<meta property=\"og:locale\" content=\"es_ES\" \/>\n<meta property=\"og:type\" content=\"article\" \/>\n<meta property=\"og:title\" content=\"SANTOS Horno de pizza O-120 - dev6 Erresse\" \/>\n<meta property=\"og:description\" content=\"El nuevo horno de pizza SANTOS O-120 en color negro es el complemento ideal para tu cocina exterior. Con una potencia calor\u00edfica de 4,4KW podr\u00e1s alcanzar\" \/>\n<meta property=\"og:url\" content=\"https:\/\/dev6.erresse-shop.it\/es\/shop\/pequenos-electrodomesticos\/hornos\/santos-horno-de-pizza-o-120\/\" \/>\n<meta property=\"og:site_name\" content=\"dev6 Erresse\" \/>\n<meta property=\"og:image\" content=\"https:\/\/interpim.erresse-shop.it\/Import\/Prodotti\/santos-forno-per-pizza-o-120.jpg\" \/><meta property=\"og:image\" content=\"https:\/\/interpim.erresse-shop.it\/Import\/Prodotti\/santos-forno-per-pizza-o-120.jpg\" \/>\n\t<meta property=\"og:image:width\" content=\"1024\" \/>\n\t<meta property=\"og:image:height\" content=\"1024\" \/>\n\t<meta property=\"og:image:type\" content=\"image\/jpeg\" \/>\n<meta name=\"twitter:card\" content=\"summary_large_image\" \/>\n<meta name=\"twitter:image\" content=\"https:\/\/interpim.erresse-shop.it\/Import\/Prodotti\/santos-forno-per-pizza-o-120.jpg\" \/>\n<script type=\"application\/ld+json\" class=\"yoast-schema-graph\">{\"@context\":\"https:\/\/schema.org\",\"@graph\":[{\"@type\":\"WebPage\",\"@id\":\"https:\/\/dev6.erresse-shop.it\/es\/shop\/pequenos-electrodomesticos\/hornos\/santos-horno-de-pizza-o-120\/\",\"url\":\"https:\/\/dev6.erresse-shop.it\/es\/shop\/pequenos-electrodomesticos\/hornos\/santos-horno-de-pizza-o-120\/\",\"name\":\"SANTOS Horno de pizza O-120 - dev6 Erresse\",\"isPartOf\":{\"@id\":\"https:\/\/dev6.erresse-shop.it\/#website\"},\"primaryImageOfPage\":{\"@id\":\"https:\/\/dev6.erresse-shop.it\/es\/shop\/pequenos-electrodomesticos\/hornos\/santos-horno-de-pizza-o-120\/#primaryimage\"},\"image\":{\"@id\":\"https:\/\/dev6.erresse-shop.it\/es\/shop\/pequenos-electrodomesticos\/hornos\/santos-horno-de-pizza-o-120\/#primaryimage\"},\"thumbnailUrl\":\"https:\/\/i2.wp.com\/interpim.erresse-shop.it\/Import\/Prodotti\/santos-forno-per-pizza-o-120.jpg?ssl=1\",\"datePublished\":\"2026-04-12T10:30:20+00:00\",\"description\":\"El nuevo horno de pizza SANTOS O-120 en color negro es el complemento ideal para tu cocina exterior. Con una potencia calor\u00edfica de 4,4KW podr\u00e1s alcanzar\",\"breadcrumb\":{\"@id\":\"https:\/\/dev6.erresse-shop.it\/es\/shop\/pequenos-electrodomesticos\/hornos\/santos-horno-de-pizza-o-120\/#breadcrumb\"},\"inLanguage\":\"es\",\"potentialAction\":[{\"@type\":\"ReadAction\",\"target\":[\"https:\/\/dev6.erresse-shop.it\/es\/shop\/pequenos-electrodomesticos\/hornos\/santos-horno-de-pizza-o-120\/\"]}]},{\"@type\":\"ImageObject\",\"inLanguage\":\"es\",\"@id\":\"https:\/\/dev6.erresse-shop.it\/es\/shop\/pequenos-electrodomesticos\/hornos\/santos-horno-de-pizza-o-120\/#primaryimage\",\"url\":\"https:\/\/i2.wp.com\/interpim.erresse-shop.it\/Import\/Prodotti\/santos-forno-per-pizza-o-120.jpg?ssl=1\",\"contentUrl\":\"https:\/\/i2.wp.com\/interpim.erresse-shop.it\/Import\/Prodotti\/santos-forno-per-pizza-o-120.jpg?ssl=1\"},{\"@type\":\"BreadcrumbList\",\"@id\":\"https:\/\/dev6.erresse-shop.it\/es\/shop\/pequenos-electrodomesticos\/hornos\/santos-horno-de-pizza-o-120\/#breadcrumb\",\"itemListElement\":[{\"@type\":\"ListItem\",\"position\":1,\"name\":\"Home\",\"item\":\"https:\/\/dev6.erresse-shop.it\/\"},{\"@type\":\"ListItem\",\"position\":2,\"name\":\"Tienda\",\"item\":\"https:\/\/dev6.erresse-shop.it\/shop\/\"},{\"@type\":\"ListItem\",\"position\":3,\"name\":\"SANTOS Horno de pizza O-120\"}]},{\"@type\":\"WebSite\",\"@id\":\"https:\/\/dev6.erresse-shop.it\/#website\",\"url\":\"https:\/\/dev6.erresse-shop.it\/\",\"name\":\"Erresse Shop\",\"description\":\"\",\"publisher\":{\"@id\":\"https:\/\/dev6.erresse-shop.it\/#organization\"},\"potentialAction\":[{\"@type\":\"SearchAction\",\"target\":{\"@type\":\"EntryPoint\",\"urlTemplate\":\"https:\/\/dev6.erresse-shop.it\/?s={search_term_string}\"},\"query-input\":{\"@type\":\"PropertyValueSpecification\",\"valueRequired\":true,\"valueName\":\"search_term_string\"}}],\"inLanguage\":\"es\"},{\"@type\":\"Organization\",\"@id\":\"https:\/\/dev6.erresse-shop.it\/#organization\",\"name\":\"Erresse Shop\",\"url\":\"https:\/\/dev6.erresse-shop.it\/\",\"logo\":{\"@type\":\"ImageObject\",\"inLanguage\":\"es\",\"@id\":\"https:\/\/dev6.erresse-shop.it\/#\/schema\/logo\/image\/\",\"url\":\"https:\/\/dev6.erresse-shop.it\/wp-content\/uploads\/2025\/01\/LOGO-ERRESSE-CLASSICO.svg\",\"contentUrl\":\"https:\/\/dev6.erresse-shop.it\/wp-content\/uploads\/2025\/01\/LOGO-ERRESSE-CLASSICO.svg\",\"caption\":\"Erresse Shop\"},\"image\":{\"@id\":\"https:\/\/dev6.erresse-shop.it\/#\/schema\/logo\/image\/\"}}]}<\/script>\n<!-- \/ Yoast SEO plugin. -->","yoast_head_json":{"title":"SANTOS Horno de pizza O-120 - dev6 Erresse","description":"El nuevo horno de pizza SANTOS O-120 en color negro es el complemento ideal para tu cocina exterior. Con una potencia calor\u00edfica de 4,4KW podr\u00e1s alcanzar","robots":{"index":"noindex","follow":"follow","max-snippet":"max-snippet:-1","max-image-preview":"max-image-preview:large","max-video-preview":"max-video-preview:-1"},"og_locale":"es_ES","og_type":"article","og_title":"SANTOS Horno de pizza O-120 - dev6 Erresse","og_description":"El nuevo horno de pizza SANTOS O-120 en color negro es el complemento ideal para tu cocina exterior. Con una potencia calor\u00edfica de 4,4KW podr\u00e1s alcanzar","og_url":"https:\/\/dev6.erresse-shop.it\/es\/shop\/pequenos-electrodomesticos\/hornos\/santos-horno-de-pizza-o-120\/","og_site_name":"dev6 Erresse","og_image":[{"url":"https:\/\/interpim.erresse-shop.it\/Import\/Prodotti\/santos-forno-per-pizza-o-120.jpg","type":"","width":"","height":""},{"url":"https:\/\/interpim.erresse-shop.it\/Import\/Prodotti\/santos-forno-per-pizza-o-120.jpg","width":1024,"height":1024,"type":"image\/jpeg"}],"twitter_card":"summary_large_image","twitter_image":"https:\/\/interpim.erresse-shop.it\/Import\/Prodotti\/santos-forno-per-pizza-o-120.jpg","schema":{"@context":"https:\/\/schema.org","@graph":[{"@type":"WebPage","@id":"https:\/\/dev6.erresse-shop.it\/es\/shop\/pequenos-electrodomesticos\/hornos\/santos-horno-de-pizza-o-120\/","url":"https:\/\/dev6.erresse-shop.it\/es\/shop\/pequenos-electrodomesticos\/hornos\/santos-horno-de-pizza-o-120\/","name":"SANTOS Horno de pizza O-120 - dev6 Erresse","isPartOf":{"@id":"https:\/\/dev6.erresse-shop.it\/#website"},"primaryImageOfPage":{"@id":"https:\/\/dev6.erresse-shop.it\/es\/shop\/pequenos-electrodomesticos\/hornos\/santos-horno-de-pizza-o-120\/#primaryimage"},"image":{"@id":"https:\/\/dev6.erresse-shop.it\/es\/shop\/pequenos-electrodomesticos\/hornos\/santos-horno-de-pizza-o-120\/#primaryimage"},"thumbnailUrl":"https:\/\/i2.wp.com\/interpim.erresse-shop.it\/Import\/Prodotti\/santos-forno-per-pizza-o-120.jpg?ssl=1","datePublished":"2026-04-12T10:30:20+00:00","description":"El nuevo horno de pizza SANTOS O-120 en color negro es el complemento ideal para tu cocina exterior. Con una potencia calor\u00edfica de 4,4KW podr\u00e1s alcanzar","breadcrumb":{"@id":"https:\/\/dev6.erresse-shop.it\/es\/shop\/pequenos-electrodomesticos\/hornos\/santos-horno-de-pizza-o-120\/#breadcrumb"},"inLanguage":"es","potentialAction":[{"@type":"ReadAction","target":["https:\/\/dev6.erresse-shop.it\/es\/shop\/pequenos-electrodomesticos\/hornos\/santos-horno-de-pizza-o-120\/"]}]},{"@type":"ImageObject","inLanguage":"es","@id":"https:\/\/dev6.erresse-shop.it\/es\/shop\/pequenos-electrodomesticos\/hornos\/santos-horno-de-pizza-o-120\/#primaryimage","url":"https:\/\/i2.wp.com\/interpim.erresse-shop.it\/Import\/Prodotti\/santos-forno-per-pizza-o-120.jpg?ssl=1","contentUrl":"https:\/\/i2.wp.com\/interpim.erresse-shop.it\/Import\/Prodotti\/santos-forno-per-pizza-o-120.jpg?ssl=1"},{"@type":"BreadcrumbList","@id":"https:\/\/dev6.erresse-shop.it\/es\/shop\/pequenos-electrodomesticos\/hornos\/santos-horno-de-pizza-o-120\/#breadcrumb","itemListElement":[{"@type":"ListItem","position":1,"name":"Home","item":"https:\/\/dev6.erresse-shop.it\/"},{"@type":"ListItem","position":2,"name":"Tienda","item":"https:\/\/dev6.erresse-shop.it\/shop\/"},{"@type":"ListItem","position":3,"name":"SANTOS Horno de pizza O-120"}]},{"@type":"WebSite","@id":"https:\/\/dev6.erresse-shop.it\/#website","url":"https:\/\/dev6.erresse-shop.it\/","name":"Erresse Shop","description":"","publisher":{"@id":"https:\/\/dev6.erresse-shop.it\/#organization"},"potentialAction":[{"@type":"SearchAction","target":{"@type":"EntryPoint","urlTemplate":"https:\/\/dev6.erresse-shop.it\/?s={search_term_string}"},"query-input":{"@type":"PropertyValueSpecification","valueRequired":true,"valueName":"search_term_string"}}],"inLanguage":"es"},{"@type":"Organization","@id":"https:\/\/dev6.erresse-shop.it\/#organization","name":"Erresse Shop","url":"https:\/\/dev6.erresse-shop.it\/","logo":{"@type":"ImageObject","inLanguage":"es","@id":"https:\/\/dev6.erresse-shop.it\/#\/schema\/logo\/image\/","url":"https:\/\/dev6.erresse-shop.it\/wp-content\/uploads\/2025\/01\/LOGO-ERRESSE-CLASSICO.svg","contentUrl":"https:\/\/dev6.erresse-shop.it\/wp-content\/uploads\/2025\/01\/LOGO-ERRESSE-CLASSICO.svg","caption":"Erresse Shop"},"image":{"@id":"https:\/\/dev6.erresse-shop.it\/#\/schema\/logo\/image\/"}}]}},"df_price":279,"df_sale_price":279,"df_regular_price":299,"df_image_link":"https:\/\/i2.wp.com\/interpim.erresse-shop.it\/Import\/Prodotti\/santos-forno-per-pizza-o-120.jpg?resize=300,300&ssl=1","fifu_image_url":"https:\/\/interpim.erresse-shop.it\/Import\/Prodotti\/santos-forno-per-pizza-o-120.jpg","_links":{"self":[{"href":"https:\/\/dev6.erresse-shop.it\/es\/wp-json\/wp\/v2\/product\/1883085","targetHints":{"allow":["GET"]}}],"collection":[{"href":"https:\/\/dev6.erresse-shop.it\/es\/wp-json\/wp\/v2\/product"}],"about":[{"href":"https:\/\/dev6.erresse-shop.it\/es\/wp-json\/wp\/v2\/types\/product"}],"wp:featuredmedia":[{"embeddable":true,"href":"https:\/\/dev6.erresse-shop.it\/es\/wp-json\/wp\/v2\/media\/6373258"}],"wp:attachment":[{"href":"https:\/\/dev6.erresse-shop.it\/es\/wp-json\/wp\/v2\/media?parent=1883085"}],"wp:term":[{"taxonomy":"product_cat","embeddable":true,"href":"https:\/\/dev6.erresse-shop.it\/es\/wp-json\/wp\/v2\/product_cat?post=1883085"},{"taxonomy":"product_tag","embeddable":true,"href":"https:\/\/dev6.erresse-shop.it\/es\/wp-json\/wp\/v2\/product_tag?post=1883085"}],"curies":[{"name":"wp","href":"https:\/\/api.w.org\/{rel}","templated":true}]}}