{"id":1883077,"date":"2026-04-12T12:30:20","date_gmt":"2026-04-12T10:30:20","guid":{"rendered":"https:\/\/dev6.erresse-shop.it\/shop\/sin%20categor\u00eda\/berkel-cuchillo-santoku-adhoc-18-cm-negro\/"},"modified":"2025-07-05T00:54:27","modified_gmt":"2025-07-04T22:54:27","slug":"berkel-cuchillo-santoku-adhoc-18-cm-negro","status":"publish","type":"product","link":"https:\/\/dev6.erresse-shop.it\/es\/shop\/cocina\/cuchillos\/cuchillos-de-cocina\/berkel-cuchillo-santoku-adhoc-18-cm-negro\/","title":{"rendered":"BERKEL Cuchillo Santoku Adhoc 18 cm Negro"},"content":{"rendered":"<p>El cuchillo para carne, pescado y verduras<\/p>\n<p>Cuchillo robusto con una relaci\u00f3n equilibrada entre peso y rigidez. Con un dise\u00f1o tradicional japon\u00e9s, una herramienta de cocina universal para picar y cortar carne, pescado, frutas y verduras, incluso las de gran tama\u00f1o. Los alv\u00e9olos caracter\u00edsticos facilitan el desprendimiento de las lonchas.<\/p>\n<p>CARACTER\u00cdSTICAS<\/p>\n<p>Cuchillo santoku robusto con remaches en el mango y una relaci\u00f3n equilibrada entre peso y rigidez. Con un dise\u00f1o japon\u00e9s tradicional, este cuchillo santoku de acero inoxidable de hoja lisa est\u00e1 dise\u00f1ado para cortar y picar incluso carne, pescado, frutas y verduras de gran tama\u00f1o. Los alv\u00e9olos caracter\u00edsticos facilitan el desprendimiento de las lonchas, para un corte preciso y exacto.<\/p>\n<p>Hoja fabricada en acero al cromo-molibdeno-vanadio 1.4116-X50 Cr Mo V15 de alta calidad<br \/>\nHoja cortada con l\u00e1ser<br \/>\nMango compuesto por carrilleras de resina ensambladas con remaches de acero AISI 304 sin ranuras para evitar la acumulaci\u00f3n de residuos<br \/>\nNudo de acero para garantizar la m\u00e1xima adherencia entre la hoja y el mango y un perfecto equilibrio del cuchillo durante su uso<br \/>\nLogotipo de Berkel grabado en la hoja<\/p>\n<p>Peso: 258 gr<br \/>\nMaterial de la hoja: Acero inoxidable 1.4116-X50 Cr Mo V15; Dureza despu\u00e9s de T.T: 53-54 HRC; Tarjeta: Buena; Remaches: acero AISI 304<br \/>\nGrip: empu\u00f1aduras de resina ensambladas con remaches<br \/>\nUso y mantenimiento: Recomendamos encarecidamente el lavado a mano con agua caliente para garantizar la integridad del producto y su durabilidad en el tiempo. En cualquier caso, se recomienda secar el cuchillo despu\u00e9s de cada lavado. No utilice pa\u00f1os ni esponjas abrasivas.<\/p>\n","protected":false},"excerpt":{"rendered":"<p>El cuchillo para carne, pescado y verduras Cuchillo robusto con una relaci\u00f3n equilibrada entre peso y rigidez. Con un dise\u00f1o tradicional japon\u00e9s, una herramienta de cocina universal para picar y cortar carne, pescado, frutas y verduras, incluso las de gran tama\u00f1o. Los alv\u00e9olos caracter\u00edsticos facilitan el desprendimiento de las lonchas. CARACTER\u00cdSTICAS Cuchillo santoku robusto con [&hellip;]<\/p>\n","protected":false},"featured_media":6373209,"template":"","meta":{"_acf_changed":false},"product_cat":[11889],"product_tag":[],"class_list":{"0":"post-1883077","1":"product","2":"type-product","3":"status-publish","4":"has-post-thumbnail","6":"product_cat-cuchillos-de-cocina","8":"first","9":"instock","10":"sale","11":"taxable","12":"shipping-taxable","13":"purchasable","14":"product-type-simple","swatches":"rey-swatches","show_selected":"","stretch_labels":"rey-swatches--stretch-labels"},"acf":[],"yoast_head":"<!-- This site is optimized with the Yoast SEO plugin v25.4 - https:\/\/yoast.com\/wordpress\/plugins\/seo\/ -->\n<title>BERKEL Cuchillo Santoku Adhoc 18 cm Negro - dev6 Erresse<\/title>\n<meta name=\"description\" content=\"El cuchillo para carne, pescado y verduras Cuchillo robusto con una relaci\u00f3n equilibrada entre peso y rigidez. Con un dise\u00f1o tradicional japon\u00e9s, una\" \/>\n<meta name=\"robots\" content=\"noindex, follow, max-snippet:-1, max-image-preview:large, max-video-preview:-1\" \/>\n<meta property=\"og:locale\" content=\"es_ES\" \/>\n<meta property=\"og:type\" content=\"article\" \/>\n<meta property=\"og:title\" content=\"BERKEL Cuchillo Santoku Adhoc 18 cm Negro - dev6 Erresse\" \/>\n<meta property=\"og:description\" content=\"El cuchillo para carne, pescado y verduras Cuchillo robusto con una relaci\u00f3n equilibrada entre peso y rigidez. Con un dise\u00f1o tradicional japon\u00e9s, una\" \/>\n<meta property=\"og:url\" content=\"https:\/\/dev6.erresse-shop.it\/es\/shop\/cocina\/cuchillos\/cuchillos-de-cocina\/berkel-cuchillo-santoku-adhoc-18-cm-negro\/\" \/>\n<meta property=\"og:site_name\" content=\"dev6 Erresse\" \/>\n<meta property=\"og:image\" content=\"https:\/\/interpim.erresse-shop.it\/Import\/Prodotti\/berkel-coltello-santoku-adhoc-18-cm-nero.jpg\" \/><meta property=\"og:image\" content=\"https:\/\/interpim.erresse-shop.it\/Import\/Prodotti\/berkel-coltello-santoku-adhoc-18-cm-nero.jpg\" \/>\n\t<meta property=\"og:image:width\" content=\"1024\" \/>\n\t<meta property=\"og:image:height\" content=\"1024\" \/>\n\t<meta property=\"og:image:type\" content=\"image\/jpeg\" \/>\n<meta name=\"twitter:card\" content=\"summary_large_image\" \/>\n<meta name=\"twitter:image\" content=\"https:\/\/interpim.erresse-shop.it\/Import\/Prodotti\/berkel-coltello-santoku-adhoc-18-cm-nero.jpg\" \/>\n<script type=\"application\/ld+json\" class=\"yoast-schema-graph\">{\"@context\":\"https:\/\/schema.org\",\"@graph\":[{\"@type\":\"WebPage\",\"@id\":\"https:\/\/dev6.erresse-shop.it\/es\/shop\/cocina\/cuchillos\/cuchillos-de-cocina\/berkel-cuchillo-santoku-adhoc-18-cm-negro\/\",\"url\":\"https:\/\/dev6.erresse-shop.it\/es\/shop\/cocina\/cuchillos\/cuchillos-de-cocina\/berkel-cuchillo-santoku-adhoc-18-cm-negro\/\",\"name\":\"BERKEL Cuchillo Santoku Adhoc 18 cm Negro - dev6 Erresse\",\"isPartOf\":{\"@id\":\"https:\/\/dev6.erresse-shop.it\/#website\"},\"primaryImageOfPage\":{\"@id\":\"https:\/\/dev6.erresse-shop.it\/es\/shop\/cocina\/cuchillos\/cuchillos-de-cocina\/berkel-cuchillo-santoku-adhoc-18-cm-negro\/#primaryimage\"},\"image\":{\"@id\":\"https:\/\/dev6.erresse-shop.it\/es\/shop\/cocina\/cuchillos\/cuchillos-de-cocina\/berkel-cuchillo-santoku-adhoc-18-cm-negro\/#primaryimage\"},\"thumbnailUrl\":\"https:\/\/i3.wp.com\/interpim.erresse-shop.it\/Import\/Prodotti\/berkel-coltello-santoku-adhoc-18-cm-nero.jpg?ssl=1\",\"datePublished\":\"2026-04-12T10:30:20+00:00\",\"description\":\"El cuchillo para carne, pescado y verduras Cuchillo robusto con una relaci\u00f3n equilibrada entre peso y rigidez. Con un dise\u00f1o tradicional japon\u00e9s, una\",\"breadcrumb\":{\"@id\":\"https:\/\/dev6.erresse-shop.it\/es\/shop\/cocina\/cuchillos\/cuchillos-de-cocina\/berkel-cuchillo-santoku-adhoc-18-cm-negro\/#breadcrumb\"},\"inLanguage\":\"es\",\"potentialAction\":[{\"@type\":\"ReadAction\",\"target\":[\"https:\/\/dev6.erresse-shop.it\/es\/shop\/cocina\/cuchillos\/cuchillos-de-cocina\/berkel-cuchillo-santoku-adhoc-18-cm-negro\/\"]}]},{\"@type\":\"ImageObject\",\"inLanguage\":\"es\",\"@id\":\"https:\/\/dev6.erresse-shop.it\/es\/shop\/cocina\/cuchillos\/cuchillos-de-cocina\/berkel-cuchillo-santoku-adhoc-18-cm-negro\/#primaryimage\",\"url\":\"https:\/\/i3.wp.com\/interpim.erresse-shop.it\/Import\/Prodotti\/berkel-coltello-santoku-adhoc-18-cm-nero.jpg?ssl=1\",\"contentUrl\":\"https:\/\/i3.wp.com\/interpim.erresse-shop.it\/Import\/Prodotti\/berkel-coltello-santoku-adhoc-18-cm-nero.jpg?ssl=1\"},{\"@type\":\"BreadcrumbList\",\"@id\":\"https:\/\/dev6.erresse-shop.it\/es\/shop\/cocina\/cuchillos\/cuchillos-de-cocina\/berkel-cuchillo-santoku-adhoc-18-cm-negro\/#breadcrumb\",\"itemListElement\":[{\"@type\":\"ListItem\",\"position\":1,\"name\":\"Home\",\"item\":\"https:\/\/dev6.erresse-shop.it\/\"},{\"@type\":\"ListItem\",\"position\":2,\"name\":\"Tienda\",\"item\":\"https:\/\/dev6.erresse-shop.it\/shop\/\"},{\"@type\":\"ListItem\",\"position\":3,\"name\":\"BERKEL Cuchillo Santoku Adhoc 18 cm Negro\"}]},{\"@type\":\"WebSite\",\"@id\":\"https:\/\/dev6.erresse-shop.it\/#website\",\"url\":\"https:\/\/dev6.erresse-shop.it\/\",\"name\":\"Erresse Shop\",\"description\":\"\",\"publisher\":{\"@id\":\"https:\/\/dev6.erresse-shop.it\/#organization\"},\"potentialAction\":[{\"@type\":\"SearchAction\",\"target\":{\"@type\":\"EntryPoint\",\"urlTemplate\":\"https:\/\/dev6.erresse-shop.it\/?s={search_term_string}\"},\"query-input\":{\"@type\":\"PropertyValueSpecification\",\"valueRequired\":true,\"valueName\":\"search_term_string\"}}],\"inLanguage\":\"es\"},{\"@type\":\"Organization\",\"@id\":\"https:\/\/dev6.erresse-shop.it\/#organization\",\"name\":\"Erresse Shop\",\"url\":\"https:\/\/dev6.erresse-shop.it\/\",\"logo\":{\"@type\":\"ImageObject\",\"inLanguage\":\"es\",\"@id\":\"https:\/\/dev6.erresse-shop.it\/#\/schema\/logo\/image\/\",\"url\":\"https:\/\/dev6.erresse-shop.it\/wp-content\/uploads\/2025\/01\/LOGO-ERRESSE-CLASSICO.svg\",\"contentUrl\":\"https:\/\/dev6.erresse-shop.it\/wp-content\/uploads\/2025\/01\/LOGO-ERRESSE-CLASSICO.svg\",\"caption\":\"Erresse Shop\"},\"image\":{\"@id\":\"https:\/\/dev6.erresse-shop.it\/#\/schema\/logo\/image\/\"}}]}<\/script>\n<!-- \/ Yoast SEO plugin. -->","yoast_head_json":{"title":"BERKEL Cuchillo Santoku Adhoc 18 cm Negro - dev6 Erresse","description":"El cuchillo para carne, pescado y verduras Cuchillo robusto con una relaci\u00f3n equilibrada entre peso y rigidez. Con un dise\u00f1o tradicional japon\u00e9s, una","robots":{"index":"noindex","follow":"follow","max-snippet":"max-snippet:-1","max-image-preview":"max-image-preview:large","max-video-preview":"max-video-preview:-1"},"og_locale":"es_ES","og_type":"article","og_title":"BERKEL Cuchillo Santoku Adhoc 18 cm Negro - dev6 Erresse","og_description":"El cuchillo para carne, pescado y verduras Cuchillo robusto con una relaci\u00f3n equilibrada entre peso y rigidez. Con un dise\u00f1o tradicional japon\u00e9s, una","og_url":"https:\/\/dev6.erresse-shop.it\/es\/shop\/cocina\/cuchillos\/cuchillos-de-cocina\/berkel-cuchillo-santoku-adhoc-18-cm-negro\/","og_site_name":"dev6 Erresse","og_image":[{"url":"https:\/\/interpim.erresse-shop.it\/Import\/Prodotti\/berkel-coltello-santoku-adhoc-18-cm-nero.jpg","type":"","width":"","height":""},{"url":"https:\/\/interpim.erresse-shop.it\/Import\/Prodotti\/berkel-coltello-santoku-adhoc-18-cm-nero.jpg","width":1024,"height":1024,"type":"image\/jpeg"}],"twitter_card":"summary_large_image","twitter_image":"https:\/\/interpim.erresse-shop.it\/Import\/Prodotti\/berkel-coltello-santoku-adhoc-18-cm-nero.jpg","schema":{"@context":"https:\/\/schema.org","@graph":[{"@type":"WebPage","@id":"https:\/\/dev6.erresse-shop.it\/es\/shop\/cocina\/cuchillos\/cuchillos-de-cocina\/berkel-cuchillo-santoku-adhoc-18-cm-negro\/","url":"https:\/\/dev6.erresse-shop.it\/es\/shop\/cocina\/cuchillos\/cuchillos-de-cocina\/berkel-cuchillo-santoku-adhoc-18-cm-negro\/","name":"BERKEL Cuchillo Santoku Adhoc 18 cm Negro - dev6 Erresse","isPartOf":{"@id":"https:\/\/dev6.erresse-shop.it\/#website"},"primaryImageOfPage":{"@id":"https:\/\/dev6.erresse-shop.it\/es\/shop\/cocina\/cuchillos\/cuchillos-de-cocina\/berkel-cuchillo-santoku-adhoc-18-cm-negro\/#primaryimage"},"image":{"@id":"https:\/\/dev6.erresse-shop.it\/es\/shop\/cocina\/cuchillos\/cuchillos-de-cocina\/berkel-cuchillo-santoku-adhoc-18-cm-negro\/#primaryimage"},"thumbnailUrl":"https:\/\/i3.wp.com\/interpim.erresse-shop.it\/Import\/Prodotti\/berkel-coltello-santoku-adhoc-18-cm-nero.jpg?ssl=1","datePublished":"2026-04-12T10:30:20+00:00","description":"El cuchillo para carne, pescado y verduras Cuchillo robusto con una relaci\u00f3n equilibrada entre peso y rigidez. Con un dise\u00f1o tradicional japon\u00e9s, una","breadcrumb":{"@id":"https:\/\/dev6.erresse-shop.it\/es\/shop\/cocina\/cuchillos\/cuchillos-de-cocina\/berkel-cuchillo-santoku-adhoc-18-cm-negro\/#breadcrumb"},"inLanguage":"es","potentialAction":[{"@type":"ReadAction","target":["https:\/\/dev6.erresse-shop.it\/es\/shop\/cocina\/cuchillos\/cuchillos-de-cocina\/berkel-cuchillo-santoku-adhoc-18-cm-negro\/"]}]},{"@type":"ImageObject","inLanguage":"es","@id":"https:\/\/dev6.erresse-shop.it\/es\/shop\/cocina\/cuchillos\/cuchillos-de-cocina\/berkel-cuchillo-santoku-adhoc-18-cm-negro\/#primaryimage","url":"https:\/\/i3.wp.com\/interpim.erresse-shop.it\/Import\/Prodotti\/berkel-coltello-santoku-adhoc-18-cm-nero.jpg?ssl=1","contentUrl":"https:\/\/i3.wp.com\/interpim.erresse-shop.it\/Import\/Prodotti\/berkel-coltello-santoku-adhoc-18-cm-nero.jpg?ssl=1"},{"@type":"BreadcrumbList","@id":"https:\/\/dev6.erresse-shop.it\/es\/shop\/cocina\/cuchillos\/cuchillos-de-cocina\/berkel-cuchillo-santoku-adhoc-18-cm-negro\/#breadcrumb","itemListElement":[{"@type":"ListItem","position":1,"name":"Home","item":"https:\/\/dev6.erresse-shop.it\/"},{"@type":"ListItem","position":2,"name":"Tienda","item":"https:\/\/dev6.erresse-shop.it\/shop\/"},{"@type":"ListItem","position":3,"name":"BERKEL Cuchillo Santoku Adhoc 18 cm Negro"}]},{"@type":"WebSite","@id":"https:\/\/dev6.erresse-shop.it\/#website","url":"https:\/\/dev6.erresse-shop.it\/","name":"Erresse Shop","description":"","publisher":{"@id":"https:\/\/dev6.erresse-shop.it\/#organization"},"potentialAction":[{"@type":"SearchAction","target":{"@type":"EntryPoint","urlTemplate":"https:\/\/dev6.erresse-shop.it\/?s={search_term_string}"},"query-input":{"@type":"PropertyValueSpecification","valueRequired":true,"valueName":"search_term_string"}}],"inLanguage":"es"},{"@type":"Organization","@id":"https:\/\/dev6.erresse-shop.it\/#organization","name":"Erresse Shop","url":"https:\/\/dev6.erresse-shop.it\/","logo":{"@type":"ImageObject","inLanguage":"es","@id":"https:\/\/dev6.erresse-shop.it\/#\/schema\/logo\/image\/","url":"https:\/\/dev6.erresse-shop.it\/wp-content\/uploads\/2025\/01\/LOGO-ERRESSE-CLASSICO.svg","contentUrl":"https:\/\/dev6.erresse-shop.it\/wp-content\/uploads\/2025\/01\/LOGO-ERRESSE-CLASSICO.svg","caption":"Erresse Shop"},"image":{"@id":"https:\/\/dev6.erresse-shop.it\/#\/schema\/logo\/image\/"}}]}},"df_price":52,"df_sale_price":52,"df_regular_price":59,"df_image_link":"https:\/\/i3.wp.com\/interpim.erresse-shop.it\/Import\/Prodotti\/berkel-coltello-santoku-adhoc-18-cm-nero.jpg?resize=300,300&ssl=1","fifu_image_url":"https:\/\/interpim.erresse-shop.it\/Import\/Prodotti\/berkel-coltello-santoku-adhoc-18-cm-nero.jpg","_links":{"self":[{"href":"https:\/\/dev6.erresse-shop.it\/es\/wp-json\/wp\/v2\/product\/1883077","targetHints":{"allow":["GET"]}}],"collection":[{"href":"https:\/\/dev6.erresse-shop.it\/es\/wp-json\/wp\/v2\/product"}],"about":[{"href":"https:\/\/dev6.erresse-shop.it\/es\/wp-json\/wp\/v2\/types\/product"}],"wp:featuredmedia":[{"embeddable":true,"href":"https:\/\/dev6.erresse-shop.it\/es\/wp-json\/wp\/v2\/media\/6373209"}],"wp:attachment":[{"href":"https:\/\/dev6.erresse-shop.it\/es\/wp-json\/wp\/v2\/media?parent=1883077"}],"wp:term":[{"taxonomy":"product_cat","embeddable":true,"href":"https:\/\/dev6.erresse-shop.it\/es\/wp-json\/wp\/v2\/product_cat?post=1883077"},{"taxonomy":"product_tag","embeddable":true,"href":"https:\/\/dev6.erresse-shop.it\/es\/wp-json\/wp\/v2\/product_tag?post=1883077"}],"curies":[{"name":"wp","href":"https:\/\/api.w.org\/{rel}","templated":true}]}}