{"id":1883067,"date":"2026-04-12T12:30:20","date_gmt":"2026-04-12T10:30:20","guid":{"rendered":"https:\/\/dev6.erresse-shop.it\/shop\/sin%20categor\u00eda\/fratelli-desideri-capsule-collection-tubechef-christian-milone-il-tesoro-di-norcia\/"},"modified":"2025-09-14T09:59:57","modified_gmt":"2025-09-14T07:59:57","slug":"fratelli-desideri-capsule-collection-tubechef-christian-milone-il-tesoro-di-norcia","status":"publish","type":"product","link":"https:\/\/dev6.erresse-shop.it\/es\/shop\/food-es\/fratelli-desideri-capsule-collection-tubechef-christian-milone-il-tesoro-di-norcia\/","title":{"rendered":"FRATELLI DESIDERI Capsule Collection TubeChef Christian Milone Il Tesoro di Norcia"},"content":{"rendered":"<p>LA COLECCI\u00d3N CAPSULE de CHRISTIAN MILONE<\/p>\n<p>The Capsule Collection es la nueva l\u00ednea de kits de comida \u00abPr\u00eat \u00e0 manger\u00bb. Dedicada a quienes no quieren renunciar a un gran plato gourmet, aunque no tengan mucho tiempo (o ganas) de cocinar. Se trata de recetas que tienen como denominador com\u00fan un \u00abtesoro\u00bb, es decir, el ingrediente por excelencia del territorio al que pertenecen, reinterpretado de forma sublime por los grandes Chefs estrella italianos.<\/p>\n<p>El \u00abtesoro\u00bb de esta receta es la trufa.<\/p>\n<p>En esta c\u00e1psula encontrar\u00e1 fideos al huevo, un tarro de mantequilla con trufa de Norcia y un poco de caviar de trufa negra para utilizar como toque final.<\/p>\n<p>Es una receta a la que Christian est\u00e1 muy apegado, ya que Norcia es uno de sus lugares favoritos donde pasa tiempo con sus queridos caballos. Las notas de trufa se imponen en la degustaci\u00f3n, dejando el paladar deliciosamente sorprendido e inmerso en una nota sensorial envolvente que perdura en el final. Adem\u00e1s de realzar el plato desde el punto de vista est\u00e9tico, el caviar de trufa aumenta exponencialmente el empuje ascendente de los aromas.<\/p>\n<p>\u00bfC\u00f3mo se cocina? Se cuecen los fideos, se roc\u00edan con mantequilla de trufa y se termina con caviar de trufa. Y \u00a1listo!<\/p>\n<p>LA PREPARACI\u00d3N1. Verter 2,5 litros de agua en un cazo, a\u00f1adir 25 g de sal gorda y llevar a ebullici\u00f3n.<\/p>\n<p>2. Cuando el agua hierva, echar los fideos de huevo y cocer durante 5 minutos.<\/p>\n<p>3. 3. Mientras tanto, echar el tarro de mantequilla con trufa en una sart\u00e9n y derretir suavemente a fuego muy lento. Una vez derretida la mantequilla, apagar el fuego.<\/p>\n<p>4. Pasados 5 minutos, escurrir los fideos de huevo, reservando un poco del agua de cocci\u00f3n.<\/p>\n<p>5. 5. Verter los fideos en la sart\u00e9n con la mantequilla y a\u00f1adir la mitad del tarro de perlage de trufa, mezcl\u00e1ndolo todo bien (si es necesario, a\u00f1adir un poco de agua de cocci\u00f3n para conseguir el nivel de cremosidad adecuado).<\/p>\n<p>EL PLATO<\/p>\n<p>1. Utiliza platos hondos.<\/p>\n<p>2. Coge un cuchar\u00f3n y un tenedor.<\/p>\n<p>3. Saca una porci\u00f3n de fideos de la sart\u00e9n con el tenedor y envu\u00e9lvela en el cuchar\u00f3n hasta formar un nido.<\/p>\n<p>4. Coloca con cuidado el nido en el centro del plato.<\/p>\n<p>5. Con una cucharilla, colocar la bolita de trufa en el centro del nido.<\/p>\n<p>6. Limpie el borde del plato con un pa\u00f1o para eliminar cualquier mancha.<\/p>\n<p>Ingredientes<\/p>\n<p>Tagliatelle de huevo 150 gr<br \/>\nMantequilla con trufa 30 gr.<br \/>\nPerlage de trufa negra 25 gr.<\/p>\n","protected":false},"excerpt":{"rendered":"<p>LA COLECCI\u00d3N CAPSULE de CHRISTIAN MILONE The Capsule Collection es la nueva l\u00ednea de kits de comida \u00abPr\u00eat \u00e0 manger\u00bb. Dedicada a quienes no quieren renunciar a un gran plato gourmet, aunque no tengan mucho tiempo (o ganas) de cocinar. Se trata de recetas que tienen como denominador com\u00fan un \u00abtesoro\u00bb, es decir, el ingrediente [&hellip;]<\/p>\n","protected":false},"featured_media":6373170,"template":"","meta":{"_acf_changed":false},"product_cat":[11941],"product_tag":[],"class_list":{"0":"post-1883067","1":"product","2":"type-product","3":"status-publish","4":"has-post-thumbnail","6":"product_cat-food-es","8":"first","9":"instock","10":"taxable","11":"shipping-taxable","12":"purchasable","13":"product-type-simple","swatches":"rey-swatches","show_selected":"","stretch_labels":"rey-swatches--stretch-labels"},"acf":[],"yoast_head":"<!-- This site is optimized with the Yoast SEO plugin v25.4 - https:\/\/yoast.com\/wordpress\/plugins\/seo\/ -->\n<title>FRATELLI DESIDERI Capsule Collection TubeChef Christian Milone Il Tesoro di Norcia - dev6 Erresse<\/title>\n<meta name=\"description\" content=\"LA COLECCI\u00d3N CAPSULE de CHRISTIAN MILONE The Capsule Collection es la nueva l\u00ednea de kits de comida \u00abPr\u00eat \u00e0 manger\u00bb. Dedicada a quienes no quieren\" \/>\n<meta name=\"robots\" content=\"noindex, follow, max-snippet:-1, max-image-preview:large, max-video-preview:-1\" \/>\n<meta property=\"og:locale\" content=\"es_ES\" \/>\n<meta property=\"og:type\" content=\"article\" \/>\n<meta property=\"og:title\" content=\"FRATELLI DESIDERI Capsule Collection TubeChef Christian Milone Il Tesoro di Norcia - dev6 Erresse\" \/>\n<meta property=\"og:description\" content=\"LA COLECCI\u00d3N CAPSULE de CHRISTIAN MILONE The Capsule Collection es la nueva l\u00ednea de kits de comida \u00abPr\u00eat \u00e0 manger\u00bb. Dedicada a quienes no quieren\" \/>\n<meta property=\"og:url\" content=\"https:\/\/dev6.erresse-shop.it\/es\/shop\/food-es\/fratelli-desideri-capsule-collection-tubechef-christian-milone-il-tesoro-di-norcia\/\" \/>\n<meta property=\"og:site_name\" content=\"dev6 Erresse\" \/>\n<meta property=\"og:image\" content=\"https:\/\/interpim.erresse-shop.it\/wp-content\/uploads\/2024\/12\/FRATELLI-DESIDERI-Capsule-Collection-Tube-Chef-Christian-Milone-Il-Tesoro-di-Norcia.jpg\/fratelli-desideri-capsule-collection-tube-chef-christian-milone-il-tesoro-di-norcia.jpg\" \/><meta property=\"og:image\" content=\"https:\/\/interpim.erresse-shop.it\/wp-content\/uploads\/2024\/12\/FRATELLI-DESIDERI-Capsule-Collection-Tube-Chef-Christian-Milone-Il-Tesoro-di-Norcia.jpg\/fratelli-desideri-capsule-collection-tube-chef-christian-milone-il-tesoro-di-norcia.jpg\" \/>\n\t<meta property=\"og:image:width\" content=\"1024\" \/>\n\t<meta property=\"og:image:height\" content=\"1024\" \/>\n\t<meta property=\"og:image:type\" content=\"image\/jpeg\" \/>\n<meta name=\"twitter:card\" content=\"summary_large_image\" \/>\n<meta name=\"twitter:image\" content=\"https:\/\/interpim.erresse-shop.it\/wp-content\/uploads\/2024\/12\/FRATELLI-DESIDERI-Capsule-Collection-Tube-Chef-Christian-Milone-Il-Tesoro-di-Norcia.jpg\/fratelli-desideri-capsule-collection-tube-chef-christian-milone-il-tesoro-di-norcia.jpg\" \/>\n<script type=\"application\/ld+json\" class=\"yoast-schema-graph\">{\"@context\":\"https:\/\/schema.org\",\"@graph\":[{\"@type\":\"WebPage\",\"@id\":\"https:\/\/dev6.erresse-shop.it\/es\/shop\/food-es\/fratelli-desideri-capsule-collection-tubechef-christian-milone-il-tesoro-di-norcia\/\",\"url\":\"https:\/\/dev6.erresse-shop.it\/es\/shop\/food-es\/fratelli-desideri-capsule-collection-tubechef-christian-milone-il-tesoro-di-norcia\/\",\"name\":\"FRATELLI DESIDERI Capsule Collection TubeChef Christian Milone Il Tesoro di Norcia - dev6 Erresse\",\"isPartOf\":{\"@id\":\"https:\/\/dev6.erresse-shop.it\/#website\"},\"primaryImageOfPage\":{\"@id\":\"https:\/\/dev6.erresse-shop.it\/es\/shop\/food-es\/fratelli-desideri-capsule-collection-tubechef-christian-milone-il-tesoro-di-norcia\/#primaryimage\"},\"image\":{\"@id\":\"https:\/\/dev6.erresse-shop.it\/es\/shop\/food-es\/fratelli-desideri-capsule-collection-tubechef-christian-milone-il-tesoro-di-norcia\/#primaryimage\"},\"thumbnailUrl\":\"https:\/\/i0.wp.com\/interpim.erresse-shop.it\/wp-content\/uploads\/2024\/12\/FRATELLI-DESIDERI-Capsule-Collection-Tube-Chef-Christian-Milone-Il-Tesoro-di-Norcia.jpg\/fratelli-desideri-capsule-collection-tube-chef-christian-milone-il-tesoro-di-norcia.jpg?ssl=1\",\"datePublished\":\"2026-04-12T10:30:20+00:00\",\"description\":\"LA COLECCI\u00d3N CAPSULE de CHRISTIAN MILONE The Capsule Collection es la nueva l\u00ednea de kits de comida \u00abPr\u00eat \u00e0 manger\u00bb. Dedicada a quienes no quieren\",\"breadcrumb\":{\"@id\":\"https:\/\/dev6.erresse-shop.it\/es\/shop\/food-es\/fratelli-desideri-capsule-collection-tubechef-christian-milone-il-tesoro-di-norcia\/#breadcrumb\"},\"inLanguage\":\"es\",\"potentialAction\":[{\"@type\":\"ReadAction\",\"target\":[\"https:\/\/dev6.erresse-shop.it\/es\/shop\/food-es\/fratelli-desideri-capsule-collection-tubechef-christian-milone-il-tesoro-di-norcia\/\"]}]},{\"@type\":\"ImageObject\",\"inLanguage\":\"es\",\"@id\":\"https:\/\/dev6.erresse-shop.it\/es\/shop\/food-es\/fratelli-desideri-capsule-collection-tubechef-christian-milone-il-tesoro-di-norcia\/#primaryimage\",\"url\":\"https:\/\/i0.wp.com\/interpim.erresse-shop.it\/wp-content\/uploads\/2024\/12\/FRATELLI-DESIDERI-Capsule-Collection-Tube-Chef-Christian-Milone-Il-Tesoro-di-Norcia.jpg\/fratelli-desideri-capsule-collection-tube-chef-christian-milone-il-tesoro-di-norcia.jpg?ssl=1\",\"contentUrl\":\"https:\/\/i0.wp.com\/interpim.erresse-shop.it\/wp-content\/uploads\/2024\/12\/FRATELLI-DESIDERI-Capsule-Collection-Tube-Chef-Christian-Milone-Il-Tesoro-di-Norcia.jpg\/fratelli-desideri-capsule-collection-tube-chef-christian-milone-il-tesoro-di-norcia.jpg?ssl=1\"},{\"@type\":\"BreadcrumbList\",\"@id\":\"https:\/\/dev6.erresse-shop.it\/es\/shop\/food-es\/fratelli-desideri-capsule-collection-tubechef-christian-milone-il-tesoro-di-norcia\/#breadcrumb\",\"itemListElement\":[{\"@type\":\"ListItem\",\"position\":1,\"name\":\"Home\",\"item\":\"https:\/\/dev6.erresse-shop.it\/\"},{\"@type\":\"ListItem\",\"position\":2,\"name\":\"Tienda\",\"item\":\"https:\/\/dev6.erresse-shop.it\/shop\/\"},{\"@type\":\"ListItem\",\"position\":3,\"name\":\"FRATELLI DESIDERI Capsule Collection TubeChef Christian Milone Il Tesoro di Norcia\"}]},{\"@type\":\"WebSite\",\"@id\":\"https:\/\/dev6.erresse-shop.it\/#website\",\"url\":\"https:\/\/dev6.erresse-shop.it\/\",\"name\":\"Erresse Shop\",\"description\":\"\",\"publisher\":{\"@id\":\"https:\/\/dev6.erresse-shop.it\/#organization\"},\"potentialAction\":[{\"@type\":\"SearchAction\",\"target\":{\"@type\":\"EntryPoint\",\"urlTemplate\":\"https:\/\/dev6.erresse-shop.it\/?s={search_term_string}\"},\"query-input\":{\"@type\":\"PropertyValueSpecification\",\"valueRequired\":true,\"valueName\":\"search_term_string\"}}],\"inLanguage\":\"es\"},{\"@type\":\"Organization\",\"@id\":\"https:\/\/dev6.erresse-shop.it\/#organization\",\"name\":\"Erresse Shop\",\"url\":\"https:\/\/dev6.erresse-shop.it\/\",\"logo\":{\"@type\":\"ImageObject\",\"inLanguage\":\"es\",\"@id\":\"https:\/\/dev6.erresse-shop.it\/#\/schema\/logo\/image\/\",\"url\":\"https:\/\/dev6.erresse-shop.it\/wp-content\/uploads\/2025\/01\/LOGO-ERRESSE-CLASSICO.svg\",\"contentUrl\":\"https:\/\/dev6.erresse-shop.it\/wp-content\/uploads\/2025\/01\/LOGO-ERRESSE-CLASSICO.svg\",\"caption\":\"Erresse Shop\"},\"image\":{\"@id\":\"https:\/\/dev6.erresse-shop.it\/#\/schema\/logo\/image\/\"}}]}<\/script>\n<!-- \/ Yoast SEO plugin. -->","yoast_head_json":{"title":"FRATELLI DESIDERI Capsule Collection TubeChef Christian Milone Il Tesoro di Norcia - dev6 Erresse","description":"LA COLECCI\u00d3N CAPSULE de CHRISTIAN MILONE The Capsule Collection es la nueva l\u00ednea de kits de comida \u00abPr\u00eat \u00e0 manger\u00bb. Dedicada a quienes no quieren","robots":{"index":"noindex","follow":"follow","max-snippet":"max-snippet:-1","max-image-preview":"max-image-preview:large","max-video-preview":"max-video-preview:-1"},"og_locale":"es_ES","og_type":"article","og_title":"FRATELLI DESIDERI Capsule Collection TubeChef Christian Milone Il Tesoro di Norcia - dev6 Erresse","og_description":"LA COLECCI\u00d3N CAPSULE de CHRISTIAN MILONE The Capsule Collection es la nueva l\u00ednea de kits de comida \u00abPr\u00eat \u00e0 manger\u00bb. Dedicada a quienes no quieren","og_url":"https:\/\/dev6.erresse-shop.it\/es\/shop\/food-es\/fratelli-desideri-capsule-collection-tubechef-christian-milone-il-tesoro-di-norcia\/","og_site_name":"dev6 Erresse","og_image":[{"url":"https:\/\/interpim.erresse-shop.it\/wp-content\/uploads\/2024\/12\/FRATELLI-DESIDERI-Capsule-Collection-Tube-Chef-Christian-Milone-Il-Tesoro-di-Norcia.jpg\/fratelli-desideri-capsule-collection-tube-chef-christian-milone-il-tesoro-di-norcia.jpg","type":"","width":"","height":""},{"url":"https:\/\/interpim.erresse-shop.it\/wp-content\/uploads\/2024\/12\/FRATELLI-DESIDERI-Capsule-Collection-Tube-Chef-Christian-Milone-Il-Tesoro-di-Norcia.jpg\/fratelli-desideri-capsule-collection-tube-chef-christian-milone-il-tesoro-di-norcia.jpg","width":1024,"height":1024,"type":"image\/jpeg"}],"twitter_card":"summary_large_image","twitter_image":"https:\/\/interpim.erresse-shop.it\/wp-content\/uploads\/2024\/12\/FRATELLI-DESIDERI-Capsule-Collection-Tube-Chef-Christian-Milone-Il-Tesoro-di-Norcia.jpg\/fratelli-desideri-capsule-collection-tube-chef-christian-milone-il-tesoro-di-norcia.jpg","schema":{"@context":"https:\/\/schema.org","@graph":[{"@type":"WebPage","@id":"https:\/\/dev6.erresse-shop.it\/es\/shop\/food-es\/fratelli-desideri-capsule-collection-tubechef-christian-milone-il-tesoro-di-norcia\/","url":"https:\/\/dev6.erresse-shop.it\/es\/shop\/food-es\/fratelli-desideri-capsule-collection-tubechef-christian-milone-il-tesoro-di-norcia\/","name":"FRATELLI DESIDERI Capsule Collection TubeChef Christian Milone Il Tesoro di Norcia - dev6 Erresse","isPartOf":{"@id":"https:\/\/dev6.erresse-shop.it\/#website"},"primaryImageOfPage":{"@id":"https:\/\/dev6.erresse-shop.it\/es\/shop\/food-es\/fratelli-desideri-capsule-collection-tubechef-christian-milone-il-tesoro-di-norcia\/#primaryimage"},"image":{"@id":"https:\/\/dev6.erresse-shop.it\/es\/shop\/food-es\/fratelli-desideri-capsule-collection-tubechef-christian-milone-il-tesoro-di-norcia\/#primaryimage"},"thumbnailUrl":"https:\/\/i0.wp.com\/interpim.erresse-shop.it\/wp-content\/uploads\/2024\/12\/FRATELLI-DESIDERI-Capsule-Collection-Tube-Chef-Christian-Milone-Il-Tesoro-di-Norcia.jpg\/fratelli-desideri-capsule-collection-tube-chef-christian-milone-il-tesoro-di-norcia.jpg?ssl=1","datePublished":"2026-04-12T10:30:20+00:00","description":"LA COLECCI\u00d3N CAPSULE de CHRISTIAN MILONE The Capsule Collection es la nueva l\u00ednea de kits de comida \u00abPr\u00eat \u00e0 manger\u00bb. Dedicada a quienes no quieren","breadcrumb":{"@id":"https:\/\/dev6.erresse-shop.it\/es\/shop\/food-es\/fratelli-desideri-capsule-collection-tubechef-christian-milone-il-tesoro-di-norcia\/#breadcrumb"},"inLanguage":"es","potentialAction":[{"@type":"ReadAction","target":["https:\/\/dev6.erresse-shop.it\/es\/shop\/food-es\/fratelli-desideri-capsule-collection-tubechef-christian-milone-il-tesoro-di-norcia\/"]}]},{"@type":"ImageObject","inLanguage":"es","@id":"https:\/\/dev6.erresse-shop.it\/es\/shop\/food-es\/fratelli-desideri-capsule-collection-tubechef-christian-milone-il-tesoro-di-norcia\/#primaryimage","url":"https:\/\/i0.wp.com\/interpim.erresse-shop.it\/wp-content\/uploads\/2024\/12\/FRATELLI-DESIDERI-Capsule-Collection-Tube-Chef-Christian-Milone-Il-Tesoro-di-Norcia.jpg\/fratelli-desideri-capsule-collection-tube-chef-christian-milone-il-tesoro-di-norcia.jpg?ssl=1","contentUrl":"https:\/\/i0.wp.com\/interpim.erresse-shop.it\/wp-content\/uploads\/2024\/12\/FRATELLI-DESIDERI-Capsule-Collection-Tube-Chef-Christian-Milone-Il-Tesoro-di-Norcia.jpg\/fratelli-desideri-capsule-collection-tube-chef-christian-milone-il-tesoro-di-norcia.jpg?ssl=1"},{"@type":"BreadcrumbList","@id":"https:\/\/dev6.erresse-shop.it\/es\/shop\/food-es\/fratelli-desideri-capsule-collection-tubechef-christian-milone-il-tesoro-di-norcia\/#breadcrumb","itemListElement":[{"@type":"ListItem","position":1,"name":"Home","item":"https:\/\/dev6.erresse-shop.it\/"},{"@type":"ListItem","position":2,"name":"Tienda","item":"https:\/\/dev6.erresse-shop.it\/shop\/"},{"@type":"ListItem","position":3,"name":"FRATELLI DESIDERI Capsule Collection TubeChef Christian Milone Il Tesoro di Norcia"}]},{"@type":"WebSite","@id":"https:\/\/dev6.erresse-shop.it\/#website","url":"https:\/\/dev6.erresse-shop.it\/","name":"Erresse Shop","description":"","publisher":{"@id":"https:\/\/dev6.erresse-shop.it\/#organization"},"potentialAction":[{"@type":"SearchAction","target":{"@type":"EntryPoint","urlTemplate":"https:\/\/dev6.erresse-shop.it\/?s={search_term_string}"},"query-input":{"@type":"PropertyValueSpecification","valueRequired":true,"valueName":"search_term_string"}}],"inLanguage":"es"},{"@type":"Organization","@id":"https:\/\/dev6.erresse-shop.it\/#organization","name":"Erresse Shop","url":"https:\/\/dev6.erresse-shop.it\/","logo":{"@type":"ImageObject","inLanguage":"es","@id":"https:\/\/dev6.erresse-shop.it\/#\/schema\/logo\/image\/","url":"https:\/\/dev6.erresse-shop.it\/wp-content\/uploads\/2025\/01\/LOGO-ERRESSE-CLASSICO.svg","contentUrl":"https:\/\/dev6.erresse-shop.it\/wp-content\/uploads\/2025\/01\/LOGO-ERRESSE-CLASSICO.svg","caption":"Erresse Shop"},"image":{"@id":"https:\/\/dev6.erresse-shop.it\/#\/schema\/logo\/image\/"}}]}},"df_price":28,"df_sale_price":"","df_regular_price":28,"df_image_link":"https:\/\/i0.wp.com\/interpim.erresse-shop.it\/wp-content\/uploads\/2024\/12\/FRATELLI-DESIDERI-Capsule-Collection-Tube-Chef-Christian-Milone-Il-Tesoro-di-Norcia.jpg\/fratelli-desideri-capsule-collection-tube-chef-christian-milone-il-tesoro-di-norcia.jpg?resize=300,300&ssl=1","fifu_image_url":"https:\/\/interpim.erresse-shop.it\/wp-content\/uploads\/2024\/12\/FRATELLI-DESIDERI-Capsule-Collection-Tube-Chef-Christian-Milone-Il-Tesoro-di-Norcia.jpg\/fratelli-desideri-capsule-collection-tube-chef-christian-milone-il-tesoro-di-norcia.jpg","_links":{"self":[{"href":"https:\/\/dev6.erresse-shop.it\/es\/wp-json\/wp\/v2\/product\/1883067","targetHints":{"allow":["GET"]}}],"collection":[{"href":"https:\/\/dev6.erresse-shop.it\/es\/wp-json\/wp\/v2\/product"}],"about":[{"href":"https:\/\/dev6.erresse-shop.it\/es\/wp-json\/wp\/v2\/types\/product"}],"wp:featuredmedia":[{"embeddable":true,"href":"https:\/\/dev6.erresse-shop.it\/es\/wp-json\/wp\/v2\/media\/6373170"}],"wp:attachment":[{"href":"https:\/\/dev6.erresse-shop.it\/es\/wp-json\/wp\/v2\/media?parent=1883067"}],"wp:term":[{"taxonomy":"product_cat","embeddable":true,"href":"https:\/\/dev6.erresse-shop.it\/es\/wp-json\/wp\/v2\/product_cat?post=1883067"},{"taxonomy":"product_tag","embeddable":true,"href":"https:\/\/dev6.erresse-shop.it\/es\/wp-json\/wp\/v2\/product_tag?post=1883067"}],"curies":[{"name":"wp","href":"https:\/\/api.w.org\/{rel}","templated":true}]}}