{"id":1883059,"date":"2026-04-12T14:52:25","date_gmt":"2026-04-12T12:52:25","guid":{"rendered":"https:\/\/dev6.erresse-shop.it\/shop\/sin%20categor\u00eda\/fratelli-desideri-masterchef-mistery-box-sunset-rice-di-tracy\/"},"modified":"2025-09-14T11:01:31","modified_gmt":"2025-09-14T09:01:31","slug":"fratelli-desideri-masterchef-mistery-box-sunset-rice-di-tracy","status":"publish","type":"product","link":"https:\/\/dev6.erresse-shop.it\/es\/shop\/food-es\/fratelli-desideri-masterchef-mistery-box-sunset-rice-di-tracy\/","title":{"rendered":"FRATELLI DESIDERI Masterchef Mistery Box Sunset Rice di Tracy"},"content":{"rendered":"<p>Imagina tener el sol de un africano puesta de sol en el plato, una luz c\u00e1lida y dorada que brilla a trav\u00e9s de los sabores de un plato que cuenta historias lejanas. Con esta receta, Tracy nos invita a emprender un verdadero viaje est\u00e9tico y sensorial entre dos continentes, combinando tradici\u00f3n e innovaci\u00f3n en una experiencia culinaria que va mucho m\u00e1s all\u00e1 del simple comer. Cada ingrediente es elegido cuidadosamente para transportarnos a un mundo donde notas y sabores se entrelazan en una danza que estimula los sentidos y enciende nuestra curiosidad.<\/p>\n<p>Las notas envolventes del azafr\u00e1n, de color dorado y aroma inconfundible, forman el fondo y al mismo tiempo realzan los acentos arom\u00e1ticos del ajo negro, que aporta profundidad y un ligero dulzor ahumado al plato. La combinaci\u00f3n de estos ingredientes crea una base que sorprende y deleita, un equilibrio perfecto entre tradici\u00f3n y modernidad.<\/p>\n<p>Pero la magia no termina ah\u00ed: los dos polvos de chipotle y piment\u00f3n, con su intensidad y versatilidad, dan sensaciones picantes pero a la vez dulces al final, a\u00f1adiendo ese toque de vivacidad que hace de cada bocado una experiencia \u00fanica y memorable. . El picante se revela lentamente, aumentando la intensidad y dando una energ\u00eda que dif\u00edcilmente se puede describir con palabras, pero que se puede sentir en cada sabor.<\/p>\n<p>En este plato, Tracy no s\u00f3lo nos ofrece una receta, sino que nos lleva a una aventura sensorial que combina colores, aromas y sabores. Es una invitaci\u00f3n a descubrir nuevos horizontes culinarios, a abrazar la mezcla de culturas y tradiciones que la comida puede ofrecer. Cada elemento de la receta parece contar una historia de tierras lejanas, de personas que, a trav\u00e9s de la comida, se conectan, se comunican y comparten la belleza del mundo.<\/p>\n<p>Bienvenido al mundo m\u00e1gico de Tracy, donde cada plato es una historia y cada sabor es una promesa de nuevos descubrimientos.<\/p>\n<p>Detalles del producto:<\/p>\n<p>Porciones: 4 personas<br \/>\nTiempo de preparaci\u00f3n: 20 min.<br \/>\nDificultad: Media<\/p>\n","protected":false},"excerpt":{"rendered":"<p>Imagina tener el sol de un africano puesta de sol en el plato, una luz c\u00e1lida y dorada que brilla a trav\u00e9s de los sabores de un plato que cuenta historias lejanas. Con esta receta, Tracy nos invita a emprender un verdadero viaje est\u00e9tico y sensorial entre dos continentes, combinando tradici\u00f3n e innovaci\u00f3n en una [&hellip;]<\/p>\n","protected":false},"featured_media":6381519,"template":"","meta":{"_acf_changed":false},"product_cat":[11941],"product_tag":[],"class_list":{"0":"post-1883059","1":"product","2":"type-product","3":"status-publish","4":"has-post-thumbnail","6":"product_cat-food-es","8":"first","9":"instock","10":"taxable","11":"shipping-taxable","12":"purchasable","13":"product-type-simple","swatches":"rey-swatches","show_selected":"","stretch_labels":"rey-swatches--stretch-labels"},"acf":[],"yoast_head":"<!-- This site is optimized with the Yoast SEO plugin v25.4 - https:\/\/yoast.com\/wordpress\/plugins\/seo\/ -->\n<title>FRATELLI DESIDERI Masterchef Mistery Box Sunset Rice di Tracy - dev6 Erresse<\/title>\n<meta name=\"description\" content=\"Imagina tener el sol de un africano puesta de sol en el plato, una luz c\u00e1lida y dorada que brilla a trav\u00e9s de los sabores de un plato que cuenta historias\" \/>\n<meta name=\"robots\" content=\"noindex, follow, max-snippet:-1, max-image-preview:large, max-video-preview:-1\" \/>\n<meta property=\"og:locale\" content=\"es_ES\" \/>\n<meta property=\"og:type\" content=\"article\" \/>\n<meta property=\"og:title\" content=\"FRATELLI DESIDERI Masterchef Mistery Box Sunset Rice di Tracy - dev6 Erresse\" \/>\n<meta property=\"og:description\" content=\"Imagina tener el sol de un africano puesta de sol en el plato, una luz c\u00e1lida y dorada que brilla a trav\u00e9s de los sabores de un plato que cuenta historias\" \/>\n<meta property=\"og:url\" content=\"https:\/\/dev6.erresse-shop.it\/es\/shop\/food-es\/fratelli-desideri-masterchef-mistery-box-sunset-rice-di-tracy\/\" \/>\n<meta property=\"og:site_name\" content=\"dev6 Erresse\" \/>\n<meta property=\"og:image\" content=\"https:\/\/interpim.erresse-shop.it\/Import\/Prodotti\/fratelli-desideri-masterchef-mistery-box-sunset-rice.jpg\" \/><meta property=\"og:image\" content=\"https:\/\/interpim.erresse-shop.it\/Import\/Prodotti\/fratelli-desideri-masterchef-mistery-box-sunset-rice.jpg\" \/>\n\t<meta property=\"og:image:width\" content=\"1024\" \/>\n\t<meta property=\"og:image:height\" content=\"1024\" \/>\n\t<meta property=\"og:image:type\" content=\"image\/jpeg\" \/>\n<meta name=\"twitter:card\" content=\"summary_large_image\" \/>\n<meta name=\"twitter:image\" content=\"https:\/\/interpim.erresse-shop.it\/Import\/Prodotti\/fratelli-desideri-masterchef-mistery-box-sunset-rice.jpg\" \/>\n<script type=\"application\/ld+json\" class=\"yoast-schema-graph\">{\"@context\":\"https:\/\/schema.org\",\"@graph\":[{\"@type\":\"WebPage\",\"@id\":\"https:\/\/dev6.erresse-shop.it\/es\/shop\/food-es\/fratelli-desideri-masterchef-mistery-box-sunset-rice-di-tracy\/\",\"url\":\"https:\/\/dev6.erresse-shop.it\/es\/shop\/food-es\/fratelli-desideri-masterchef-mistery-box-sunset-rice-di-tracy\/\",\"name\":\"FRATELLI DESIDERI Masterchef Mistery Box Sunset Rice di Tracy - dev6 Erresse\",\"isPartOf\":{\"@id\":\"https:\/\/dev6.erresse-shop.it\/#website\"},\"primaryImageOfPage\":{\"@id\":\"https:\/\/dev6.erresse-shop.it\/es\/shop\/food-es\/fratelli-desideri-masterchef-mistery-box-sunset-rice-di-tracy\/#primaryimage\"},\"image\":{\"@id\":\"https:\/\/dev6.erresse-shop.it\/es\/shop\/food-es\/fratelli-desideri-masterchef-mistery-box-sunset-rice-di-tracy\/#primaryimage\"},\"thumbnailUrl\":\"https:\/\/i2.wp.com\/interpim.erresse-shop.it\/Import\/Prodotti\/fratelli-desideri-masterchef-mistery-box-sunset-rice.jpg?ssl=1\",\"datePublished\":\"2026-04-12T12:52:25+00:00\",\"description\":\"Imagina tener el sol de un africano puesta de sol en el plato, una luz c\u00e1lida y dorada que brilla a trav\u00e9s de los sabores de un plato que cuenta historias\",\"breadcrumb\":{\"@id\":\"https:\/\/dev6.erresse-shop.it\/es\/shop\/food-es\/fratelli-desideri-masterchef-mistery-box-sunset-rice-di-tracy\/#breadcrumb\"},\"inLanguage\":\"es\",\"potentialAction\":[{\"@type\":\"ReadAction\",\"target\":[\"https:\/\/dev6.erresse-shop.it\/es\/shop\/food-es\/fratelli-desideri-masterchef-mistery-box-sunset-rice-di-tracy\/\"]}]},{\"@type\":\"ImageObject\",\"inLanguage\":\"es\",\"@id\":\"https:\/\/dev6.erresse-shop.it\/es\/shop\/food-es\/fratelli-desideri-masterchef-mistery-box-sunset-rice-di-tracy\/#primaryimage\",\"url\":\"https:\/\/i2.wp.com\/interpim.erresse-shop.it\/Import\/Prodotti\/fratelli-desideri-masterchef-mistery-box-sunset-rice.jpg?ssl=1\",\"contentUrl\":\"https:\/\/i2.wp.com\/interpim.erresse-shop.it\/Import\/Prodotti\/fratelli-desideri-masterchef-mistery-box-sunset-rice.jpg?ssl=1\"},{\"@type\":\"BreadcrumbList\",\"@id\":\"https:\/\/dev6.erresse-shop.it\/es\/shop\/food-es\/fratelli-desideri-masterchef-mistery-box-sunset-rice-di-tracy\/#breadcrumb\",\"itemListElement\":[{\"@type\":\"ListItem\",\"position\":1,\"name\":\"Home\",\"item\":\"https:\/\/dev6.erresse-shop.it\/\"},{\"@type\":\"ListItem\",\"position\":2,\"name\":\"Tienda\",\"item\":\"https:\/\/dev6.erresse-shop.it\/shop\/\"},{\"@type\":\"ListItem\",\"position\":3,\"name\":\"FRATELLI DESIDERI Masterchef Mistery Box Sunset Rice di Tracy\"}]},{\"@type\":\"WebSite\",\"@id\":\"https:\/\/dev6.erresse-shop.it\/#website\",\"url\":\"https:\/\/dev6.erresse-shop.it\/\",\"name\":\"Erresse Shop\",\"description\":\"\",\"publisher\":{\"@id\":\"https:\/\/dev6.erresse-shop.it\/#organization\"},\"potentialAction\":[{\"@type\":\"SearchAction\",\"target\":{\"@type\":\"EntryPoint\",\"urlTemplate\":\"https:\/\/dev6.erresse-shop.it\/?s={search_term_string}\"},\"query-input\":{\"@type\":\"PropertyValueSpecification\",\"valueRequired\":true,\"valueName\":\"search_term_string\"}}],\"inLanguage\":\"es\"},{\"@type\":\"Organization\",\"@id\":\"https:\/\/dev6.erresse-shop.it\/#organization\",\"name\":\"Erresse Shop\",\"url\":\"https:\/\/dev6.erresse-shop.it\/\",\"logo\":{\"@type\":\"ImageObject\",\"inLanguage\":\"es\",\"@id\":\"https:\/\/dev6.erresse-shop.it\/#\/schema\/logo\/image\/\",\"url\":\"https:\/\/dev6.erresse-shop.it\/wp-content\/uploads\/2025\/01\/LOGO-ERRESSE-CLASSICO.svg\",\"contentUrl\":\"https:\/\/dev6.erresse-shop.it\/wp-content\/uploads\/2025\/01\/LOGO-ERRESSE-CLASSICO.svg\",\"caption\":\"Erresse Shop\"},\"image\":{\"@id\":\"https:\/\/dev6.erresse-shop.it\/#\/schema\/logo\/image\/\"}}]}<\/script>\n<!-- \/ Yoast SEO plugin. -->","yoast_head_json":{"title":"FRATELLI DESIDERI Masterchef Mistery Box Sunset Rice di Tracy - dev6 Erresse","description":"Imagina tener el sol de un africano puesta de sol en el plato, una luz c\u00e1lida y dorada que brilla a trav\u00e9s de los sabores de un plato que cuenta historias","robots":{"index":"noindex","follow":"follow","max-snippet":"max-snippet:-1","max-image-preview":"max-image-preview:large","max-video-preview":"max-video-preview:-1"},"og_locale":"es_ES","og_type":"article","og_title":"FRATELLI DESIDERI Masterchef Mistery Box Sunset Rice di Tracy - dev6 Erresse","og_description":"Imagina tener el sol de un africano puesta de sol en el plato, una luz c\u00e1lida y dorada que brilla a trav\u00e9s de los sabores de un plato que cuenta historias","og_url":"https:\/\/dev6.erresse-shop.it\/es\/shop\/food-es\/fratelli-desideri-masterchef-mistery-box-sunset-rice-di-tracy\/","og_site_name":"dev6 Erresse","og_image":[{"url":"https:\/\/interpim.erresse-shop.it\/Import\/Prodotti\/fratelli-desideri-masterchef-mistery-box-sunset-rice.jpg","type":"","width":"","height":""},{"url":"https:\/\/interpim.erresse-shop.it\/Import\/Prodotti\/fratelli-desideri-masterchef-mistery-box-sunset-rice.jpg","width":1024,"height":1024,"type":"image\/jpeg"}],"twitter_card":"summary_large_image","twitter_image":"https:\/\/interpim.erresse-shop.it\/Import\/Prodotti\/fratelli-desideri-masterchef-mistery-box-sunset-rice.jpg","schema":{"@context":"https:\/\/schema.org","@graph":[{"@type":"WebPage","@id":"https:\/\/dev6.erresse-shop.it\/es\/shop\/food-es\/fratelli-desideri-masterchef-mistery-box-sunset-rice-di-tracy\/","url":"https:\/\/dev6.erresse-shop.it\/es\/shop\/food-es\/fratelli-desideri-masterchef-mistery-box-sunset-rice-di-tracy\/","name":"FRATELLI DESIDERI Masterchef Mistery Box Sunset Rice di Tracy - dev6 Erresse","isPartOf":{"@id":"https:\/\/dev6.erresse-shop.it\/#website"},"primaryImageOfPage":{"@id":"https:\/\/dev6.erresse-shop.it\/es\/shop\/food-es\/fratelli-desideri-masterchef-mistery-box-sunset-rice-di-tracy\/#primaryimage"},"image":{"@id":"https:\/\/dev6.erresse-shop.it\/es\/shop\/food-es\/fratelli-desideri-masterchef-mistery-box-sunset-rice-di-tracy\/#primaryimage"},"thumbnailUrl":"https:\/\/i2.wp.com\/interpim.erresse-shop.it\/Import\/Prodotti\/fratelli-desideri-masterchef-mistery-box-sunset-rice.jpg?ssl=1","datePublished":"2026-04-12T12:52:25+00:00","description":"Imagina tener el sol de un africano puesta de sol en el plato, una luz c\u00e1lida y dorada que brilla a trav\u00e9s de los sabores de un plato que cuenta historias","breadcrumb":{"@id":"https:\/\/dev6.erresse-shop.it\/es\/shop\/food-es\/fratelli-desideri-masterchef-mistery-box-sunset-rice-di-tracy\/#breadcrumb"},"inLanguage":"es","potentialAction":[{"@type":"ReadAction","target":["https:\/\/dev6.erresse-shop.it\/es\/shop\/food-es\/fratelli-desideri-masterchef-mistery-box-sunset-rice-di-tracy\/"]}]},{"@type":"ImageObject","inLanguage":"es","@id":"https:\/\/dev6.erresse-shop.it\/es\/shop\/food-es\/fratelli-desideri-masterchef-mistery-box-sunset-rice-di-tracy\/#primaryimage","url":"https:\/\/i2.wp.com\/interpim.erresse-shop.it\/Import\/Prodotti\/fratelli-desideri-masterchef-mistery-box-sunset-rice.jpg?ssl=1","contentUrl":"https:\/\/i2.wp.com\/interpim.erresse-shop.it\/Import\/Prodotti\/fratelli-desideri-masterchef-mistery-box-sunset-rice.jpg?ssl=1"},{"@type":"BreadcrumbList","@id":"https:\/\/dev6.erresse-shop.it\/es\/shop\/food-es\/fratelli-desideri-masterchef-mistery-box-sunset-rice-di-tracy\/#breadcrumb","itemListElement":[{"@type":"ListItem","position":1,"name":"Home","item":"https:\/\/dev6.erresse-shop.it\/"},{"@type":"ListItem","position":2,"name":"Tienda","item":"https:\/\/dev6.erresse-shop.it\/shop\/"},{"@type":"ListItem","position":3,"name":"FRATELLI DESIDERI Masterchef Mistery Box Sunset Rice di Tracy"}]},{"@type":"WebSite","@id":"https:\/\/dev6.erresse-shop.it\/#website","url":"https:\/\/dev6.erresse-shop.it\/","name":"Erresse Shop","description":"","publisher":{"@id":"https:\/\/dev6.erresse-shop.it\/#organization"},"potentialAction":[{"@type":"SearchAction","target":{"@type":"EntryPoint","urlTemplate":"https:\/\/dev6.erresse-shop.it\/?s={search_term_string}"},"query-input":{"@type":"PropertyValueSpecification","valueRequired":true,"valueName":"search_term_string"}}],"inLanguage":"es"},{"@type":"Organization","@id":"https:\/\/dev6.erresse-shop.it\/#organization","name":"Erresse Shop","url":"https:\/\/dev6.erresse-shop.it\/","logo":{"@type":"ImageObject","inLanguage":"es","@id":"https:\/\/dev6.erresse-shop.it\/#\/schema\/logo\/image\/","url":"https:\/\/dev6.erresse-shop.it\/wp-content\/uploads\/2025\/01\/LOGO-ERRESSE-CLASSICO.svg","contentUrl":"https:\/\/dev6.erresse-shop.it\/wp-content\/uploads\/2025\/01\/LOGO-ERRESSE-CLASSICO.svg","caption":"Erresse Shop"},"image":{"@id":"https:\/\/dev6.erresse-shop.it\/#\/schema\/logo\/image\/"}}]}},"df_price":48,"df_sale_price":"","df_regular_price":48,"df_image_link":"https:\/\/i2.wp.com\/interpim.erresse-shop.it\/Import\/Prodotti\/fratelli-desideri-masterchef-mistery-box-sunset-rice.jpg?resize=300,300&ssl=1","fifu_image_url":"https:\/\/interpim.erresse-shop.it\/Import\/Prodotti\/fratelli-desideri-masterchef-mistery-box-sunset-rice.jpg","_links":{"self":[{"href":"https:\/\/dev6.erresse-shop.it\/es\/wp-json\/wp\/v2\/product\/1883059","targetHints":{"allow":["GET"]}}],"collection":[{"href":"https:\/\/dev6.erresse-shop.it\/es\/wp-json\/wp\/v2\/product"}],"about":[{"href":"https:\/\/dev6.erresse-shop.it\/es\/wp-json\/wp\/v2\/types\/product"}],"wp:featuredmedia":[{"embeddable":true,"href":"https:\/\/dev6.erresse-shop.it\/es\/wp-json\/wp\/v2\/media\/6381519"}],"wp:attachment":[{"href":"https:\/\/dev6.erresse-shop.it\/es\/wp-json\/wp\/v2\/media?parent=1883059"}],"wp:term":[{"taxonomy":"product_cat","embeddable":true,"href":"https:\/\/dev6.erresse-shop.it\/es\/wp-json\/wp\/v2\/product_cat?post=1883059"},{"taxonomy":"product_tag","embeddable":true,"href":"https:\/\/dev6.erresse-shop.it\/es\/wp-json\/wp\/v2\/product_tag?post=1883059"}],"curies":[{"name":"wp","href":"https:\/\/api.w.org\/{rel}","templated":true}]}}