{"id":1883057,"date":"2026-04-12T12:30:20","date_gmt":"2026-04-12T10:30:20","guid":{"rendered":"https:\/\/dev6.erresse-shop.it\/shop\/sin%20categor\u00eda\/fratelli-desideri-masterchef-mistery-box-gli-gnocchetti-di-zio-bricco\/"},"modified":"2025-09-14T09:59:44","modified_gmt":"2025-09-14T07:59:44","slug":"fratelli-desideri-masterchef-mistery-box-gli-gnocchetti-di-zio-bricco","status":"publish","type":"product","link":"https:\/\/dev6.erresse-shop.it\/es\/shop\/food-es\/fratelli-desideri-masterchef-mistery-box-gli-gnocchetti-di-zio-bricco\/","title":{"rendered":"FRATELLI DESIDERI Masterchef Mistery Box Gli Gnocchetti di Zio Bricco"},"content":{"rendered":"<p>\u00a1Por fin podr\u00e1s vivir la gran emoci\u00f3n de cocinar y divertirte directamente en tu casa con la \u00fanica y original Caja Misteriosa de MasterChef Italia! Una oportunidad \u00fanica para ponerte a prueba en la cocina y crear platos como un aut\u00e9ntico chef, con ingredientes de alta calidad e inspirados en la creatividad y la pasi\u00f3n que caracterizan al famoso programa de televisi\u00f3n.<\/p>\n<p>La persona detr\u00e1s de esta sorprendente Caja Misteriosa es Francesco Aquila, ganador de la d\u00e9cima edici\u00f3n de MasterChef Italia. Su experiencia y talento se reflejan perfectamente en cada detalle de este paquete exclusivo, dise\u00f1ado para ofrecer una experiencia gastron\u00f3mica \u00fanica e inolvidable. Es una aut\u00e9ntica explosi\u00f3n de sabores, que te sorprender\u00e1 y te har\u00e1 descubrir nuevas combinaciones y aromas.<\/p>\n<p>Esta Caja Misteriosa contiene una receta exclusiva SIN GLUTEN, dise\u00f1ada para brindarte sensaciones en el paladar realmente inesperadas. La combinaci\u00f3n de ingredientes cuidadosamente seleccionados har\u00e1 de cada uno de sus platos una experiencia sensorial extraordinaria, capaz de sorprender incluso a los paladares m\u00e1s refinados.<\/p>\n<p>Entre los principales ingredientes de esta obra maestra culinaria destacan la grosella negra, con su frescura y ligereza, el cacao de Ecuador, rico y profundo en sus aromas, y las notas de trufa blanca, que con su elegancia e intensidad completan a la perfecci\u00f3n el plato. . Juntos, estos ingredientes crean una sinfon\u00eda de sabores que cautivar\u00e1n tus sentidos.<\/p>\n<p>\u00bfListo para ponerte a prueba con una receta que har\u00e1 brillar tus habilidades culinarias? No pierdas esta oportunidad de llevar la emoci\u00f3n de MasterChef Italia a tu casa con la Caja Misteriosa dise\u00f1ada por Francesco Aquila.<\/p>\n<p>Detalles del producto:<\/p>\n<p>Porciones: 4 personas<br \/>\nTiempo de preparaci\u00f3n: 10 min.<br \/>\nDificultad: Baja<\/p>\n","protected":false},"excerpt":{"rendered":"<p>\u00a1Por fin podr\u00e1s vivir la gran emoci\u00f3n de cocinar y divertirte directamente en tu casa con la \u00fanica y original Caja Misteriosa de MasterChef Italia! Una oportunidad \u00fanica para ponerte a prueba en la cocina y crear platos como un aut\u00e9ntico chef, con ingredientes de alta calidad e inspirados en la creatividad y la pasi\u00f3n [&hellip;]<\/p>\n","protected":false},"featured_media":6373140,"template":"","meta":{"_acf_changed":false},"product_cat":[11941],"product_tag":[],"class_list":{"0":"post-1883057","1":"product","2":"type-product","3":"status-publish","4":"has-post-thumbnail","6":"product_cat-food-es","8":"first","9":"instock","10":"taxable","11":"shipping-taxable","12":"purchasable","13":"product-type-simple","swatches":"rey-swatches","show_selected":"","stretch_labels":"rey-swatches--stretch-labels"},"acf":[],"yoast_head":"<!-- This site is optimized with the Yoast SEO plugin v25.4 - https:\/\/yoast.com\/wordpress\/plugins\/seo\/ -->\n<title>FRATELLI DESIDERI Masterchef Mistery Box Gli Gnocchetti di Zio Bricco - dev6 Erresse<\/title>\n<meta name=\"description\" content=\"\u00a1Por fin podr\u00e1s vivir la gran emoci\u00f3n de cocinar y divertirte directamente en tu casa con la \u00fanica y original Caja Misteriosa de MasterChef Italia! Una\" \/>\n<meta name=\"robots\" content=\"noindex, follow, max-snippet:-1, max-image-preview:large, max-video-preview:-1\" \/>\n<meta property=\"og:locale\" content=\"es_ES\" \/>\n<meta property=\"og:type\" content=\"article\" \/>\n<meta property=\"og:title\" content=\"FRATELLI DESIDERI Masterchef Mistery Box Gli Gnocchetti di Zio Bricco - dev6 Erresse\" \/>\n<meta property=\"og:description\" content=\"\u00a1Por fin podr\u00e1s vivir la gran emoci\u00f3n de cocinar y divertirte directamente en tu casa con la \u00fanica y original Caja Misteriosa de MasterChef Italia! Una\" \/>\n<meta property=\"og:url\" content=\"https:\/\/dev6.erresse-shop.it\/es\/shop\/food-es\/fratelli-desideri-masterchef-mistery-box-gli-gnocchetti-di-zio-bricco\/\" \/>\n<meta property=\"og:site_name\" content=\"dev6 Erresse\" \/>\n<meta property=\"og:image\" content=\"https:\/\/interpim.erresse-shop.it\/Import\/Prodotti\/fratelli-desideri-masterchef-mistery-box-gli-gnocchetti-di-zio-bricco.jpg\" \/><meta property=\"og:image\" content=\"https:\/\/interpim.erresse-shop.it\/Import\/Prodotti\/fratelli-desideri-masterchef-mistery-box-gli-gnocchetti-di-zio-bricco.jpg\" \/>\n\t<meta property=\"og:image:width\" content=\"1024\" \/>\n\t<meta property=\"og:image:height\" content=\"1024\" \/>\n\t<meta property=\"og:image:type\" content=\"image\/jpeg\" \/>\n<meta name=\"twitter:card\" content=\"summary_large_image\" \/>\n<meta name=\"twitter:image\" content=\"https:\/\/interpim.erresse-shop.it\/Import\/Prodotti\/fratelli-desideri-masterchef-mistery-box-gli-gnocchetti-di-zio-bricco.jpg\" \/>\n<script type=\"application\/ld+json\" class=\"yoast-schema-graph\">{\"@context\":\"https:\/\/schema.org\",\"@graph\":[{\"@type\":\"WebPage\",\"@id\":\"https:\/\/dev6.erresse-shop.it\/es\/shop\/food-es\/fratelli-desideri-masterchef-mistery-box-gli-gnocchetti-di-zio-bricco\/\",\"url\":\"https:\/\/dev6.erresse-shop.it\/es\/shop\/food-es\/fratelli-desideri-masterchef-mistery-box-gli-gnocchetti-di-zio-bricco\/\",\"name\":\"FRATELLI DESIDERI Masterchef Mistery Box Gli Gnocchetti di Zio Bricco - dev6 Erresse\",\"isPartOf\":{\"@id\":\"https:\/\/dev6.erresse-shop.it\/#website\"},\"primaryImageOfPage\":{\"@id\":\"https:\/\/dev6.erresse-shop.it\/es\/shop\/food-es\/fratelli-desideri-masterchef-mistery-box-gli-gnocchetti-di-zio-bricco\/#primaryimage\"},\"image\":{\"@id\":\"https:\/\/dev6.erresse-shop.it\/es\/shop\/food-es\/fratelli-desideri-masterchef-mistery-box-gli-gnocchetti-di-zio-bricco\/#primaryimage\"},\"thumbnailUrl\":\"https:\/\/i2.wp.com\/interpim.erresse-shop.it\/Import\/Prodotti\/fratelli-desideri-masterchef-mistery-box-gli-gnocchetti-di-zio-bricco.jpg?ssl=1\",\"datePublished\":\"2026-04-12T10:30:20+00:00\",\"description\":\"\u00a1Por fin podr\u00e1s vivir la gran emoci\u00f3n de cocinar y divertirte directamente en tu casa con la \u00fanica y original Caja Misteriosa de MasterChef Italia! Una\",\"breadcrumb\":{\"@id\":\"https:\/\/dev6.erresse-shop.it\/es\/shop\/food-es\/fratelli-desideri-masterchef-mistery-box-gli-gnocchetti-di-zio-bricco\/#breadcrumb\"},\"inLanguage\":\"es\",\"potentialAction\":[{\"@type\":\"ReadAction\",\"target\":[\"https:\/\/dev6.erresse-shop.it\/es\/shop\/food-es\/fratelli-desideri-masterchef-mistery-box-gli-gnocchetti-di-zio-bricco\/\"]}]},{\"@type\":\"ImageObject\",\"inLanguage\":\"es\",\"@id\":\"https:\/\/dev6.erresse-shop.it\/es\/shop\/food-es\/fratelli-desideri-masterchef-mistery-box-gli-gnocchetti-di-zio-bricco\/#primaryimage\",\"url\":\"https:\/\/i2.wp.com\/interpim.erresse-shop.it\/Import\/Prodotti\/fratelli-desideri-masterchef-mistery-box-gli-gnocchetti-di-zio-bricco.jpg?ssl=1\",\"contentUrl\":\"https:\/\/i2.wp.com\/interpim.erresse-shop.it\/Import\/Prodotti\/fratelli-desideri-masterchef-mistery-box-gli-gnocchetti-di-zio-bricco.jpg?ssl=1\"},{\"@type\":\"BreadcrumbList\",\"@id\":\"https:\/\/dev6.erresse-shop.it\/es\/shop\/food-es\/fratelli-desideri-masterchef-mistery-box-gli-gnocchetti-di-zio-bricco\/#breadcrumb\",\"itemListElement\":[{\"@type\":\"ListItem\",\"position\":1,\"name\":\"Home\",\"item\":\"https:\/\/dev6.erresse-shop.it\/\"},{\"@type\":\"ListItem\",\"position\":2,\"name\":\"Tienda\",\"item\":\"https:\/\/dev6.erresse-shop.it\/shop\/\"},{\"@type\":\"ListItem\",\"position\":3,\"name\":\"FRATELLI DESIDERI Masterchef Mistery Box Gli Gnocchetti di Zio Bricco\"}]},{\"@type\":\"WebSite\",\"@id\":\"https:\/\/dev6.erresse-shop.it\/#website\",\"url\":\"https:\/\/dev6.erresse-shop.it\/\",\"name\":\"Erresse Shop\",\"description\":\"\",\"publisher\":{\"@id\":\"https:\/\/dev6.erresse-shop.it\/#organization\"},\"potentialAction\":[{\"@type\":\"SearchAction\",\"target\":{\"@type\":\"EntryPoint\",\"urlTemplate\":\"https:\/\/dev6.erresse-shop.it\/?s={search_term_string}\"},\"query-input\":{\"@type\":\"PropertyValueSpecification\",\"valueRequired\":true,\"valueName\":\"search_term_string\"}}],\"inLanguage\":\"es\"},{\"@type\":\"Organization\",\"@id\":\"https:\/\/dev6.erresse-shop.it\/#organization\",\"name\":\"Erresse Shop\",\"url\":\"https:\/\/dev6.erresse-shop.it\/\",\"logo\":{\"@type\":\"ImageObject\",\"inLanguage\":\"es\",\"@id\":\"https:\/\/dev6.erresse-shop.it\/#\/schema\/logo\/image\/\",\"url\":\"https:\/\/dev6.erresse-shop.it\/wp-content\/uploads\/2025\/01\/LOGO-ERRESSE-CLASSICO.svg\",\"contentUrl\":\"https:\/\/dev6.erresse-shop.it\/wp-content\/uploads\/2025\/01\/LOGO-ERRESSE-CLASSICO.svg\",\"caption\":\"Erresse Shop\"},\"image\":{\"@id\":\"https:\/\/dev6.erresse-shop.it\/#\/schema\/logo\/image\/\"}}]}<\/script>\n<!-- \/ Yoast SEO plugin. -->","yoast_head_json":{"title":"FRATELLI DESIDERI Masterchef Mistery Box Gli Gnocchetti di Zio Bricco - dev6 Erresse","description":"\u00a1Por fin podr\u00e1s vivir la gran emoci\u00f3n de cocinar y divertirte directamente en tu casa con la \u00fanica y original Caja Misteriosa de MasterChef Italia! Una","robots":{"index":"noindex","follow":"follow","max-snippet":"max-snippet:-1","max-image-preview":"max-image-preview:large","max-video-preview":"max-video-preview:-1"},"og_locale":"es_ES","og_type":"article","og_title":"FRATELLI DESIDERI Masterchef Mistery Box Gli Gnocchetti di Zio Bricco - dev6 Erresse","og_description":"\u00a1Por fin podr\u00e1s vivir la gran emoci\u00f3n de cocinar y divertirte directamente en tu casa con la \u00fanica y original Caja Misteriosa de MasterChef Italia! Una","og_url":"https:\/\/dev6.erresse-shop.it\/es\/shop\/food-es\/fratelli-desideri-masterchef-mistery-box-gli-gnocchetti-di-zio-bricco\/","og_site_name":"dev6 Erresse","og_image":[{"url":"https:\/\/interpim.erresse-shop.it\/Import\/Prodotti\/fratelli-desideri-masterchef-mistery-box-gli-gnocchetti-di-zio-bricco.jpg","type":"","width":"","height":""},{"url":"https:\/\/interpim.erresse-shop.it\/Import\/Prodotti\/fratelli-desideri-masterchef-mistery-box-gli-gnocchetti-di-zio-bricco.jpg","width":1024,"height":1024,"type":"image\/jpeg"}],"twitter_card":"summary_large_image","twitter_image":"https:\/\/interpim.erresse-shop.it\/Import\/Prodotti\/fratelli-desideri-masterchef-mistery-box-gli-gnocchetti-di-zio-bricco.jpg","schema":{"@context":"https:\/\/schema.org","@graph":[{"@type":"WebPage","@id":"https:\/\/dev6.erresse-shop.it\/es\/shop\/food-es\/fratelli-desideri-masterchef-mistery-box-gli-gnocchetti-di-zio-bricco\/","url":"https:\/\/dev6.erresse-shop.it\/es\/shop\/food-es\/fratelli-desideri-masterchef-mistery-box-gli-gnocchetti-di-zio-bricco\/","name":"FRATELLI DESIDERI Masterchef Mistery Box Gli Gnocchetti di Zio Bricco - dev6 Erresse","isPartOf":{"@id":"https:\/\/dev6.erresse-shop.it\/#website"},"primaryImageOfPage":{"@id":"https:\/\/dev6.erresse-shop.it\/es\/shop\/food-es\/fratelli-desideri-masterchef-mistery-box-gli-gnocchetti-di-zio-bricco\/#primaryimage"},"image":{"@id":"https:\/\/dev6.erresse-shop.it\/es\/shop\/food-es\/fratelli-desideri-masterchef-mistery-box-gli-gnocchetti-di-zio-bricco\/#primaryimage"},"thumbnailUrl":"https:\/\/i2.wp.com\/interpim.erresse-shop.it\/Import\/Prodotti\/fratelli-desideri-masterchef-mistery-box-gli-gnocchetti-di-zio-bricco.jpg?ssl=1","datePublished":"2026-04-12T10:30:20+00:00","description":"\u00a1Por fin podr\u00e1s vivir la gran emoci\u00f3n de cocinar y divertirte directamente en tu casa con la \u00fanica y original Caja Misteriosa de MasterChef Italia! Una","breadcrumb":{"@id":"https:\/\/dev6.erresse-shop.it\/es\/shop\/food-es\/fratelli-desideri-masterchef-mistery-box-gli-gnocchetti-di-zio-bricco\/#breadcrumb"},"inLanguage":"es","potentialAction":[{"@type":"ReadAction","target":["https:\/\/dev6.erresse-shop.it\/es\/shop\/food-es\/fratelli-desideri-masterchef-mistery-box-gli-gnocchetti-di-zio-bricco\/"]}]},{"@type":"ImageObject","inLanguage":"es","@id":"https:\/\/dev6.erresse-shop.it\/es\/shop\/food-es\/fratelli-desideri-masterchef-mistery-box-gli-gnocchetti-di-zio-bricco\/#primaryimage","url":"https:\/\/i2.wp.com\/interpim.erresse-shop.it\/Import\/Prodotti\/fratelli-desideri-masterchef-mistery-box-gli-gnocchetti-di-zio-bricco.jpg?ssl=1","contentUrl":"https:\/\/i2.wp.com\/interpim.erresse-shop.it\/Import\/Prodotti\/fratelli-desideri-masterchef-mistery-box-gli-gnocchetti-di-zio-bricco.jpg?ssl=1"},{"@type":"BreadcrumbList","@id":"https:\/\/dev6.erresse-shop.it\/es\/shop\/food-es\/fratelli-desideri-masterchef-mistery-box-gli-gnocchetti-di-zio-bricco\/#breadcrumb","itemListElement":[{"@type":"ListItem","position":1,"name":"Home","item":"https:\/\/dev6.erresse-shop.it\/"},{"@type":"ListItem","position":2,"name":"Tienda","item":"https:\/\/dev6.erresse-shop.it\/shop\/"},{"@type":"ListItem","position":3,"name":"FRATELLI DESIDERI Masterchef Mistery Box Gli Gnocchetti di Zio Bricco"}]},{"@type":"WebSite","@id":"https:\/\/dev6.erresse-shop.it\/#website","url":"https:\/\/dev6.erresse-shop.it\/","name":"Erresse Shop","description":"","publisher":{"@id":"https:\/\/dev6.erresse-shop.it\/#organization"},"potentialAction":[{"@type":"SearchAction","target":{"@type":"EntryPoint","urlTemplate":"https:\/\/dev6.erresse-shop.it\/?s={search_term_string}"},"query-input":{"@type":"PropertyValueSpecification","valueRequired":true,"valueName":"search_term_string"}}],"inLanguage":"es"},{"@type":"Organization","@id":"https:\/\/dev6.erresse-shop.it\/#organization","name":"Erresse Shop","url":"https:\/\/dev6.erresse-shop.it\/","logo":{"@type":"ImageObject","inLanguage":"es","@id":"https:\/\/dev6.erresse-shop.it\/#\/schema\/logo\/image\/","url":"https:\/\/dev6.erresse-shop.it\/wp-content\/uploads\/2025\/01\/LOGO-ERRESSE-CLASSICO.svg","contentUrl":"https:\/\/dev6.erresse-shop.it\/wp-content\/uploads\/2025\/01\/LOGO-ERRESSE-CLASSICO.svg","caption":"Erresse Shop"},"image":{"@id":"https:\/\/dev6.erresse-shop.it\/#\/schema\/logo\/image\/"}}]}},"df_price":48,"df_sale_price":"","df_regular_price":48,"df_image_link":"https:\/\/i2.wp.com\/interpim.erresse-shop.it\/Import\/Prodotti\/fratelli-desideri-masterchef-mistery-box-gli-gnocchetti-di-zio-bricco.jpg?resize=300,300&ssl=1","fifu_image_url":"https:\/\/interpim.erresse-shop.it\/Import\/Prodotti\/fratelli-desideri-masterchef-mistery-box-gli-gnocchetti-di-zio-bricco.jpg","_links":{"self":[{"href":"https:\/\/dev6.erresse-shop.it\/es\/wp-json\/wp\/v2\/product\/1883057","targetHints":{"allow":["GET"]}}],"collection":[{"href":"https:\/\/dev6.erresse-shop.it\/es\/wp-json\/wp\/v2\/product"}],"about":[{"href":"https:\/\/dev6.erresse-shop.it\/es\/wp-json\/wp\/v2\/types\/product"}],"wp:featuredmedia":[{"embeddable":true,"href":"https:\/\/dev6.erresse-shop.it\/es\/wp-json\/wp\/v2\/media\/6373140"}],"wp:attachment":[{"href":"https:\/\/dev6.erresse-shop.it\/es\/wp-json\/wp\/v2\/media?parent=1883057"}],"wp:term":[{"taxonomy":"product_cat","embeddable":true,"href":"https:\/\/dev6.erresse-shop.it\/es\/wp-json\/wp\/v2\/product_cat?post=1883057"},{"taxonomy":"product_tag","embeddable":true,"href":"https:\/\/dev6.erresse-shop.it\/es\/wp-json\/wp\/v2\/product_tag?post=1883057"}],"curies":[{"name":"wp","href":"https:\/\/api.w.org\/{rel}","templated":true}]}}