{"id":1883053,"date":"2026-04-12T12:30:20","date_gmt":"2026-04-12T10:30:20","guid":{"rendered":"https:\/\/dev6.erresse-shop.it\/shop\/sin%20categor\u00eda\/fratelli-desideri-le-cene-stellate-chef-enrico-bartolini-purple-grain\/"},"modified":"2025-09-14T09:59:32","modified_gmt":"2025-09-14T07:59:32","slug":"fratelli-desideri-le-cene-stellate-chef-enrico-bartolini-purple-grain","status":"publish","type":"product","link":"https:\/\/dev6.erresse-shop.it\/es\/shop\/food-es\/fratelli-desideri-le-cene-stellate-chef-enrico-bartolini-purple-grain\/","title":{"rendered":"FRATELLI DESIDERI Le Cene Stellate Chef Enrico Bartolini Purple Grain"},"content":{"rendered":"<p>Enrico\u2019s Signature es un plato que ha marcado la historia de la gastronom\u00eda internacional, un risotto premiado que encarna a la perfecci\u00f3n la genialidad y maestr\u00eda de Enrico, uno de los m\u00e1s aclamados e innovadores. en el mundo. Este plato, probablemente uno de los m\u00e1s famosos del panorama de la alta cocina, est\u00e1 omnipresente en la carta de Mudec, su restaurante de Mil\u00e1n con tres estrellas Michelin, que desde hace a\u00f1os representa un faro de la cocina contempor\u00e1nea. Un plato que no es s\u00f3lo una explosi\u00f3n de sabores, sino una aut\u00e9ntica obra de arte culinaria, que refleja la extraordinaria visi\u00f3n art\u00edstica del chef.<\/p>\n<p>El risotto, en toda su magnificencia, aparece como un plato que recuerda las formas fluidas e impredecibles de un goteando de Jackson Pollock, el famoso artista americano que revolucion\u00f3 el concepto de pintura. La est\u00e9tica del plato es sencillamente grandiosa, con colores vivos y texturas que se mezclan en un juego de formas y matices, invitando no s\u00f3lo al gusto sino tambi\u00e9n a la vista. Es un plato que cuenta una historia a trav\u00e9s de cada elemento, donde la creatividad y la t\u00e9cnica se unen para crear algo \u00fanico.<\/p>\n<p>En la primera boca, el paladar queda envuelto por las notas dulces de frutos rojos, que explotan delicadamente con su sabor natural, vibrante y afrutado. Su frescura se equilibra maravillosamente con la suavidad de la remolacha, un ingrediente que a\u00f1ade una dimensi\u00f3n terrosa y rica, complementando el dulzor de las frutas con una sensaci\u00f3n aterciopelada que armoniza perfectamente con los dem\u00e1s sabores. Pero es la adici\u00f3n del queso azul -un queso con notas intensas y sabrosas- lo que enriquece el plato con su fuerza, creando un contraste extraordinario con el dulzor de la remolacha y los frutos rojos.<\/p>\n<p>Para completar este trabajo gastron\u00f3mico, la crema de nueces de la guarnici\u00f3n da un toque final de refinamiento, aportando una textura delicada y un sabor ligeramente tostado que armoniza todo el plato, mientras que la incre\u00edble intensidad de cada ingrediente hace que se sent\u00eda en un perfecto equilibrio de gustos.<\/p>\n<p>Pero el verdadero impacto de este plato no est\u00e1 s\u00f3lo en su extraordinario sabor, sino tambi\u00e9n en la experiencia sensorial general que ofrece. El encuentro de sabores, colores y texturas, as\u00ed como el perfecto equilibrio entre dulzor, intensidad y frescura, hacen de este risotto una aut\u00e9ntica memoria gastron\u00f3mica, un plato que queda grabado en la mente y el coraz\u00f3n de quien tienes la suerte de probarlo.<\/p>\n<p>Esta receta no es s\u00f3lo una demostraci\u00f3n del genio absoluto de Enrico en la alta cocina contempor\u00e1nea, sino tambi\u00e9n un testimonio de su capacidad para transformar la comida en arte &gt; , creando un plato que no tiene igual en el panorama culinario mundial. Un plato que est\u00e1 destinado a quedar en la historia de la gastronom\u00eda como una de las obras maestras indiscutibles de nuestro tiempo.<\/p>\n<p>Detalles del producto:<\/p>\n<p>Porciones: 4 personas<br \/>\nTiempo de preparaci\u00f3n: 25 min.<br \/>\nDificultad: Media<\/p>\n","protected":false},"excerpt":{"rendered":"<p>Enrico\u2019s Signature es un plato que ha marcado la historia de la gastronom\u00eda internacional, un risotto premiado que encarna a la perfecci\u00f3n la genialidad y maestr\u00eda de Enrico, uno de los m\u00e1s aclamados e innovadores. en el mundo. Este plato, probablemente uno de los m\u00e1s famosos del panorama de la alta cocina, est\u00e1 omnipresente en [&hellip;]<\/p>\n","protected":false},"featured_media":6373123,"template":"","meta":{"_acf_changed":false},"product_cat":[11941],"product_tag":[],"class_list":{"0":"post-1883053","1":"product","2":"type-product","3":"status-publish","4":"has-post-thumbnail","6":"product_cat-food-es","8":"first","9":"instock","10":"taxable","11":"shipping-taxable","12":"purchasable","13":"product-type-simple","swatches":"rey-swatches","show_selected":"","stretch_labels":"rey-swatches--stretch-labels"},"acf":[],"yoast_head":"<!-- This site is optimized with the Yoast SEO plugin v25.4 - https:\/\/yoast.com\/wordpress\/plugins\/seo\/ -->\n<title>FRATELLI DESIDERI Le Cene Stellate Chef Enrico Bartolini Purple Grain - dev6 Erresse<\/title>\n<meta name=\"description\" content=\"Enrico\u2019s Signature es un plato que ha marcado la historia de la gastronom\u00eda internacional, un risotto premiado que encarna a la perfecci\u00f3n la genialidad y\" \/>\n<meta name=\"robots\" content=\"noindex, follow, max-snippet:-1, max-image-preview:large, max-video-preview:-1\" \/>\n<meta property=\"og:locale\" content=\"es_ES\" \/>\n<meta property=\"og:type\" content=\"article\" \/>\n<meta property=\"og:title\" content=\"FRATELLI DESIDERI Le Cene Stellate Chef Enrico Bartolini Purple Grain - dev6 Erresse\" \/>\n<meta property=\"og:description\" content=\"Enrico\u2019s Signature es un plato que ha marcado la historia de la gastronom\u00eda internacional, un risotto premiado que encarna a la perfecci\u00f3n la genialidad y\" \/>\n<meta property=\"og:url\" content=\"https:\/\/dev6.erresse-shop.it\/es\/shop\/food-es\/fratelli-desideri-le-cene-stellate-chef-enrico-bartolini-purple-grain\/\" \/>\n<meta property=\"og:site_name\" content=\"dev6 Erresse\" \/>\n<meta property=\"og:image\" content=\"https:\/\/interpim.erresse-shop.it\/Import\/Prodotti\/fratelli-desideri-le-cene-stellate-purple-grain.jpg\" \/><meta property=\"og:image\" content=\"https:\/\/interpim.erresse-shop.it\/Import\/Prodotti\/fratelli-desideri-le-cene-stellate-purple-grain.jpg\" \/>\n\t<meta property=\"og:image:width\" content=\"1024\" \/>\n\t<meta property=\"og:image:height\" content=\"1024\" \/>\n\t<meta property=\"og:image:type\" content=\"image\/jpeg\" \/>\n<meta name=\"twitter:card\" content=\"summary_large_image\" \/>\n<meta name=\"twitter:image\" content=\"https:\/\/interpim.erresse-shop.it\/Import\/Prodotti\/fratelli-desideri-le-cene-stellate-purple-grain.jpg\" \/>\n<script type=\"application\/ld+json\" class=\"yoast-schema-graph\">{\"@context\":\"https:\/\/schema.org\",\"@graph\":[{\"@type\":\"WebPage\",\"@id\":\"https:\/\/dev6.erresse-shop.it\/es\/shop\/food-es\/fratelli-desideri-le-cene-stellate-chef-enrico-bartolini-purple-grain\/\",\"url\":\"https:\/\/dev6.erresse-shop.it\/es\/shop\/food-es\/fratelli-desideri-le-cene-stellate-chef-enrico-bartolini-purple-grain\/\",\"name\":\"FRATELLI DESIDERI Le Cene Stellate Chef Enrico Bartolini Purple Grain - dev6 Erresse\",\"isPartOf\":{\"@id\":\"https:\/\/dev6.erresse-shop.it\/#website\"},\"primaryImageOfPage\":{\"@id\":\"https:\/\/dev6.erresse-shop.it\/es\/shop\/food-es\/fratelli-desideri-le-cene-stellate-chef-enrico-bartolini-purple-grain\/#primaryimage\"},\"image\":{\"@id\":\"https:\/\/dev6.erresse-shop.it\/es\/shop\/food-es\/fratelli-desideri-le-cene-stellate-chef-enrico-bartolini-purple-grain\/#primaryimage\"},\"thumbnailUrl\":\"https:\/\/i3.wp.com\/interpim.erresse-shop.it\/Import\/Prodotti\/fratelli-desideri-le-cene-stellate-purple-grain.jpg?ssl=1\",\"datePublished\":\"2026-04-12T10:30:20+00:00\",\"description\":\"Enrico\u2019s Signature es un plato que ha marcado la historia de la gastronom\u00eda internacional, un risotto premiado que encarna a la perfecci\u00f3n la genialidad y\",\"breadcrumb\":{\"@id\":\"https:\/\/dev6.erresse-shop.it\/es\/shop\/food-es\/fratelli-desideri-le-cene-stellate-chef-enrico-bartolini-purple-grain\/#breadcrumb\"},\"inLanguage\":\"es\",\"potentialAction\":[{\"@type\":\"ReadAction\",\"target\":[\"https:\/\/dev6.erresse-shop.it\/es\/shop\/food-es\/fratelli-desideri-le-cene-stellate-chef-enrico-bartolini-purple-grain\/\"]}]},{\"@type\":\"ImageObject\",\"inLanguage\":\"es\",\"@id\":\"https:\/\/dev6.erresse-shop.it\/es\/shop\/food-es\/fratelli-desideri-le-cene-stellate-chef-enrico-bartolini-purple-grain\/#primaryimage\",\"url\":\"https:\/\/i3.wp.com\/interpim.erresse-shop.it\/Import\/Prodotti\/fratelli-desideri-le-cene-stellate-purple-grain.jpg?ssl=1\",\"contentUrl\":\"https:\/\/i3.wp.com\/interpim.erresse-shop.it\/Import\/Prodotti\/fratelli-desideri-le-cene-stellate-purple-grain.jpg?ssl=1\"},{\"@type\":\"BreadcrumbList\",\"@id\":\"https:\/\/dev6.erresse-shop.it\/es\/shop\/food-es\/fratelli-desideri-le-cene-stellate-chef-enrico-bartolini-purple-grain\/#breadcrumb\",\"itemListElement\":[{\"@type\":\"ListItem\",\"position\":1,\"name\":\"Home\",\"item\":\"https:\/\/dev6.erresse-shop.it\/\"},{\"@type\":\"ListItem\",\"position\":2,\"name\":\"Tienda\",\"item\":\"https:\/\/dev6.erresse-shop.it\/shop\/\"},{\"@type\":\"ListItem\",\"position\":3,\"name\":\"FRATELLI DESIDERI Le Cene Stellate Chef Enrico Bartolini Purple Grain\"}]},{\"@type\":\"WebSite\",\"@id\":\"https:\/\/dev6.erresse-shop.it\/#website\",\"url\":\"https:\/\/dev6.erresse-shop.it\/\",\"name\":\"Erresse Shop\",\"description\":\"\",\"publisher\":{\"@id\":\"https:\/\/dev6.erresse-shop.it\/#organization\"},\"potentialAction\":[{\"@type\":\"SearchAction\",\"target\":{\"@type\":\"EntryPoint\",\"urlTemplate\":\"https:\/\/dev6.erresse-shop.it\/?s={search_term_string}\"},\"query-input\":{\"@type\":\"PropertyValueSpecification\",\"valueRequired\":true,\"valueName\":\"search_term_string\"}}],\"inLanguage\":\"es\"},{\"@type\":\"Organization\",\"@id\":\"https:\/\/dev6.erresse-shop.it\/#organization\",\"name\":\"Erresse Shop\",\"url\":\"https:\/\/dev6.erresse-shop.it\/\",\"logo\":{\"@type\":\"ImageObject\",\"inLanguage\":\"es\",\"@id\":\"https:\/\/dev6.erresse-shop.it\/#\/schema\/logo\/image\/\",\"url\":\"https:\/\/dev6.erresse-shop.it\/wp-content\/uploads\/2025\/01\/LOGO-ERRESSE-CLASSICO.svg\",\"contentUrl\":\"https:\/\/dev6.erresse-shop.it\/wp-content\/uploads\/2025\/01\/LOGO-ERRESSE-CLASSICO.svg\",\"caption\":\"Erresse Shop\"},\"image\":{\"@id\":\"https:\/\/dev6.erresse-shop.it\/#\/schema\/logo\/image\/\"}}]}<\/script>\n<!-- \/ Yoast SEO plugin. -->","yoast_head_json":{"title":"FRATELLI DESIDERI Le Cene Stellate Chef Enrico Bartolini Purple Grain - dev6 Erresse","description":"Enrico\u2019s Signature es un plato que ha marcado la historia de la gastronom\u00eda internacional, un risotto premiado que encarna a la perfecci\u00f3n la genialidad y","robots":{"index":"noindex","follow":"follow","max-snippet":"max-snippet:-1","max-image-preview":"max-image-preview:large","max-video-preview":"max-video-preview:-1"},"og_locale":"es_ES","og_type":"article","og_title":"FRATELLI DESIDERI Le Cene Stellate Chef Enrico Bartolini Purple Grain - dev6 Erresse","og_description":"Enrico\u2019s Signature es un plato que ha marcado la historia de la gastronom\u00eda internacional, un risotto premiado que encarna a la perfecci\u00f3n la genialidad y","og_url":"https:\/\/dev6.erresse-shop.it\/es\/shop\/food-es\/fratelli-desideri-le-cene-stellate-chef-enrico-bartolini-purple-grain\/","og_site_name":"dev6 Erresse","og_image":[{"url":"https:\/\/interpim.erresse-shop.it\/Import\/Prodotti\/fratelli-desideri-le-cene-stellate-purple-grain.jpg","type":"","width":"","height":""},{"url":"https:\/\/interpim.erresse-shop.it\/Import\/Prodotti\/fratelli-desideri-le-cene-stellate-purple-grain.jpg","width":1024,"height":1024,"type":"image\/jpeg"}],"twitter_card":"summary_large_image","twitter_image":"https:\/\/interpim.erresse-shop.it\/Import\/Prodotti\/fratelli-desideri-le-cene-stellate-purple-grain.jpg","schema":{"@context":"https:\/\/schema.org","@graph":[{"@type":"WebPage","@id":"https:\/\/dev6.erresse-shop.it\/es\/shop\/food-es\/fratelli-desideri-le-cene-stellate-chef-enrico-bartolini-purple-grain\/","url":"https:\/\/dev6.erresse-shop.it\/es\/shop\/food-es\/fratelli-desideri-le-cene-stellate-chef-enrico-bartolini-purple-grain\/","name":"FRATELLI DESIDERI Le Cene Stellate Chef Enrico Bartolini Purple Grain - dev6 Erresse","isPartOf":{"@id":"https:\/\/dev6.erresse-shop.it\/#website"},"primaryImageOfPage":{"@id":"https:\/\/dev6.erresse-shop.it\/es\/shop\/food-es\/fratelli-desideri-le-cene-stellate-chef-enrico-bartolini-purple-grain\/#primaryimage"},"image":{"@id":"https:\/\/dev6.erresse-shop.it\/es\/shop\/food-es\/fratelli-desideri-le-cene-stellate-chef-enrico-bartolini-purple-grain\/#primaryimage"},"thumbnailUrl":"https:\/\/i3.wp.com\/interpim.erresse-shop.it\/Import\/Prodotti\/fratelli-desideri-le-cene-stellate-purple-grain.jpg?ssl=1","datePublished":"2026-04-12T10:30:20+00:00","description":"Enrico\u2019s Signature es un plato que ha marcado la historia de la gastronom\u00eda internacional, un risotto premiado que encarna a la perfecci\u00f3n la genialidad y","breadcrumb":{"@id":"https:\/\/dev6.erresse-shop.it\/es\/shop\/food-es\/fratelli-desideri-le-cene-stellate-chef-enrico-bartolini-purple-grain\/#breadcrumb"},"inLanguage":"es","potentialAction":[{"@type":"ReadAction","target":["https:\/\/dev6.erresse-shop.it\/es\/shop\/food-es\/fratelli-desideri-le-cene-stellate-chef-enrico-bartolini-purple-grain\/"]}]},{"@type":"ImageObject","inLanguage":"es","@id":"https:\/\/dev6.erresse-shop.it\/es\/shop\/food-es\/fratelli-desideri-le-cene-stellate-chef-enrico-bartolini-purple-grain\/#primaryimage","url":"https:\/\/i3.wp.com\/interpim.erresse-shop.it\/Import\/Prodotti\/fratelli-desideri-le-cene-stellate-purple-grain.jpg?ssl=1","contentUrl":"https:\/\/i3.wp.com\/interpim.erresse-shop.it\/Import\/Prodotti\/fratelli-desideri-le-cene-stellate-purple-grain.jpg?ssl=1"},{"@type":"BreadcrumbList","@id":"https:\/\/dev6.erresse-shop.it\/es\/shop\/food-es\/fratelli-desideri-le-cene-stellate-chef-enrico-bartolini-purple-grain\/#breadcrumb","itemListElement":[{"@type":"ListItem","position":1,"name":"Home","item":"https:\/\/dev6.erresse-shop.it\/"},{"@type":"ListItem","position":2,"name":"Tienda","item":"https:\/\/dev6.erresse-shop.it\/shop\/"},{"@type":"ListItem","position":3,"name":"FRATELLI DESIDERI Le Cene Stellate Chef Enrico Bartolini Purple Grain"}]},{"@type":"WebSite","@id":"https:\/\/dev6.erresse-shop.it\/#website","url":"https:\/\/dev6.erresse-shop.it\/","name":"Erresse Shop","description":"","publisher":{"@id":"https:\/\/dev6.erresse-shop.it\/#organization"},"potentialAction":[{"@type":"SearchAction","target":{"@type":"EntryPoint","urlTemplate":"https:\/\/dev6.erresse-shop.it\/?s={search_term_string}"},"query-input":{"@type":"PropertyValueSpecification","valueRequired":true,"valueName":"search_term_string"}}],"inLanguage":"es"},{"@type":"Organization","@id":"https:\/\/dev6.erresse-shop.it\/#organization","name":"Erresse Shop","url":"https:\/\/dev6.erresse-shop.it\/","logo":{"@type":"ImageObject","inLanguage":"es","@id":"https:\/\/dev6.erresse-shop.it\/#\/schema\/logo\/image\/","url":"https:\/\/dev6.erresse-shop.it\/wp-content\/uploads\/2025\/01\/LOGO-ERRESSE-CLASSICO.svg","contentUrl":"https:\/\/dev6.erresse-shop.it\/wp-content\/uploads\/2025\/01\/LOGO-ERRESSE-CLASSICO.svg","caption":"Erresse Shop"},"image":{"@id":"https:\/\/dev6.erresse-shop.it\/#\/schema\/logo\/image\/"}}]}},"df_price":62,"df_sale_price":"","df_regular_price":62,"df_image_link":"https:\/\/i3.wp.com\/interpim.erresse-shop.it\/Import\/Prodotti\/fratelli-desideri-le-cene-stellate-purple-grain.jpg?resize=300,300&ssl=1","fifu_image_url":"https:\/\/interpim.erresse-shop.it\/Import\/Prodotti\/fratelli-desideri-le-cene-stellate-purple-grain.jpg","_links":{"self":[{"href":"https:\/\/dev6.erresse-shop.it\/es\/wp-json\/wp\/v2\/product\/1883053","targetHints":{"allow":["GET"]}}],"collection":[{"href":"https:\/\/dev6.erresse-shop.it\/es\/wp-json\/wp\/v2\/product"}],"about":[{"href":"https:\/\/dev6.erresse-shop.it\/es\/wp-json\/wp\/v2\/types\/product"}],"wp:featuredmedia":[{"embeddable":true,"href":"https:\/\/dev6.erresse-shop.it\/es\/wp-json\/wp\/v2\/media\/6373123"}],"wp:attachment":[{"href":"https:\/\/dev6.erresse-shop.it\/es\/wp-json\/wp\/v2\/media?parent=1883053"}],"wp:term":[{"taxonomy":"product_cat","embeddable":true,"href":"https:\/\/dev6.erresse-shop.it\/es\/wp-json\/wp\/v2\/product_cat?post=1883053"},{"taxonomy":"product_tag","embeddable":true,"href":"https:\/\/dev6.erresse-shop.it\/es\/wp-json\/wp\/v2\/product_tag?post=1883053"}],"curies":[{"name":"wp","href":"https:\/\/api.w.org\/{rel}","templated":true}]}}