{"id":1883049,"date":"2026-04-10T13:08:50","date_gmt":"2026-04-10T11:08:50","guid":{"rendered":"https:\/\/dev6.erresse-shop.it\/shop\/sin%20categor\u00eda\/fratelli-desideri-le-cene-stellate-chef-carlo-cracco-loro-di-milano\/"},"modified":"2025-09-14T09:59:21","modified_gmt":"2025-09-14T07:59:21","slug":"fratelli-desideri-le-cene-stellate-chef-carlo-cracco-loro-di-milano","status":"publish","type":"product","link":"https:\/\/dev6.erresse-shop.it\/es\/shop\/food-es\/fratelli-desideri-le-cene-stellate-chef-carlo-cracco-loro-di-milano\/","title":{"rendered":"FRATELLI DESIDERI Le Cene Stellate Chef Carlo Cracco L&#8217;Oro di Milano"},"content":{"rendered":"<p>Carlo Cracco (Chef 6 Estrellas Michelin), firma esta extraordinaria reinterpretaci\u00f3n del Risotto alla Milanese, un plato que hunde sus ra\u00edces en la historia de la cocina milanesa y que, a trav\u00e9s de la interpretaci\u00f3n del chef, se enriquece con sabores modernos y refinados. La receta original, que data de 1574, naci\u00f3 en la mesa del vidriero Valerio di Fiandra, personaje ligado a la tradici\u00f3n milanesa, que utilizaba azafr\u00e1n.  &gt; no s\u00f3lo para embellecer los platos, sino tambi\u00e9n para dar a las ventanas de la Catedral de Mil\u00e1n un color extraordinario, s\u00edmbolo de la artesan\u00eda de la \u00e9poca. Hoy en d\u00eda, el azafr\u00e1n, que con el tiempo se ha convertido en uno de los ingredientes m\u00e1s emblem\u00e1ticos de la cocina italiana, sigue brillando en esta creaci\u00f3n gastron\u00f3mica, llevando consigo el rico legado de un plato hist\u00f3rico.<\/p>\n<p>El chef Carlo ha elegido cuidadosamente las materias primas de primera calidad, para ofrecer una versi\u00f3n moderna pero absolutamente fiel a la tradici\u00f3n. Cada ingrediente ha sido seleccionado no s\u00f3lo por su calidad, sino tambi\u00e9n por su poder de guiarte en un viaje sensorial \u00fanico e inolvidable, donde cada bocado cuenta una historia de pasi\u00f3n, maestr\u00eda y refinamiento.<\/p>\n<p>En el coraz\u00f3n de esta receta encontramos el Azafr\u00e1n en pistilos de Safranum, un producto de muy alta calidad que se cultiva en el coraz\u00f3n de las Langhe, una tierra famosa por sus tradiciones agr\u00edcolas y su excelencia gastron\u00f3mica. Su sabor delicado y arom\u00e1tico se ve perfectamente potenciado por la presencia de las notas dulces del preciado cacao ecuatoriano, que a\u00f1aden un sorprendente matiz de profundidad e intensidad al plato. La reuni\u00f3n de estos dos ingredientes, ambos extraordinariamente nobles, es lo que hace del risotto una experiencia \u00fanica, capaz de despertar emociones desde el primer sabor.<\/p>\n<p>Para enriquecer a\u00fan m\u00e1s el plato, una preparaci\u00f3n \u00fanica de caldo de carne, elaborada artesanalmente siguiendo una receta secreta que se remonta a principios del siglo XX, envuelve el risotto con una delicadeza que realza y equilibra los sabores sin dominarlos. La lenta y minuciosa preparaci\u00f3n de este caldo, que se toma su tiempo para fusionar a la perfecci\u00f3n los sabores, es un aut\u00e9ntico homenaje a la cocina tradicional, que sabe respetar tiempos y t\u00e9cnicas para crear algo extraordinario.<\/p>\n<p>En cada degustaci\u00f3n percibir\u00e1s el toque ligeramente \u00e1cido del vinagre de manzana, que aporta al plato un frescor que equilibra la riqueza del risotto, y el aroma envolvente de la brunoise de cebolleta \/strong&gt; &gt;, que a\u00f1ade una nota de dulzura y crujiente, completando armoniosamente esta obra maestra. Cada ingrediente juega un papel esencial en el equilibrio general del plato, creando una sinfon\u00eda de sabores que se combinan perfectamente entre s\u00ed.<\/p>\n<p>Este Risotto alla Milanese revisitado no es s\u00f3lo un plato, sino una verdadera experiencia culinaria que le permitir\u00e1 saborear la historia y la tradici\u00f3n de la cocina milanesa, enriquecida por la maestr\u00eda del chef Carlo, capaz de transformar un cl\u00e1sico. en una obra de arte gastron\u00f3mica.<\/p>\n<p>Detalles del producto:<\/p>\n<p>Porciones: 4 personas<br \/>\nTiempo de preparaci\u00f3n: 25 min.<br \/>\nDificultad: Baja<\/p>\n","protected":false},"excerpt":{"rendered":"<p>Carlo Cracco (Chef 6 Estrellas Michelin), firma esta extraordinaria reinterpretaci\u00f3n del Risotto alla Milanese, un plato que hunde sus ra\u00edces en la historia de la cocina milanesa y que, a trav\u00e9s de la interpretaci\u00f3n del chef, se enriquece con sabores modernos y refinados. La receta original, que data de 1574, naci\u00f3 en la mesa del [&hellip;]<\/p>\n","protected":false},"featured_media":6331468,"template":"","meta":{"_acf_changed":false},"product_cat":[11941],"product_tag":[],"class_list":{"0":"post-1883049","1":"product","2":"type-product","3":"status-publish","4":"has-post-thumbnail","6":"product_cat-food-es","8":"first","9":"instock","10":"sale","11":"taxable","12":"shipping-taxable","13":"purchasable","14":"product-type-simple","swatches":"rey-swatches","show_selected":"","stretch_labels":"rey-swatches--stretch-labels"},"acf":[],"yoast_head":"<!-- This site is optimized with the Yoast SEO plugin v25.4 - https:\/\/yoast.com\/wordpress\/plugins\/seo\/ -->\n<title>FRATELLI DESIDERI Le Cene Stellate Chef Carlo Cracco L&#8217;Oro di Milano - dev6 Erresse<\/title>\n<meta name=\"description\" content=\"Carlo Cracco (Chef 6 Estrellas Michelin), firma esta extraordinaria reinterpretaci\u00f3n del Risotto alla Milanese, un plato que hunde sus ra\u00edces en la\" \/>\n<meta name=\"robots\" content=\"noindex, follow, max-snippet:-1, max-image-preview:large, max-video-preview:-1\" \/>\n<meta property=\"og:locale\" content=\"es_ES\" \/>\n<meta property=\"og:type\" content=\"article\" \/>\n<meta property=\"og:title\" content=\"FRATELLI DESIDERI Le Cene Stellate Chef Carlo Cracco L&#8217;Oro di Milano - dev6 Erresse\" \/>\n<meta property=\"og:description\" content=\"Carlo Cracco (Chef 6 Estrellas Michelin), firma esta extraordinaria reinterpretaci\u00f3n del Risotto alla Milanese, un plato que hunde sus ra\u00edces en la\" \/>\n<meta property=\"og:url\" content=\"https:\/\/dev6.erresse-shop.it\/es\/shop\/food-es\/fratelli-desideri-le-cene-stellate-chef-carlo-cracco-loro-di-milano\/\" \/>\n<meta property=\"og:site_name\" content=\"dev6 Erresse\" \/>\n<meta property=\"og:image\" content=\"https:\/\/interpim.erresse-shop.it\/Import\/Prodotti\/fratelli-desideri-le-cene-stellate-loro-di-milano.jpg\" \/><meta property=\"og:image\" content=\"https:\/\/interpim.erresse-shop.it\/Import\/Prodotti\/fratelli-desideri-le-cene-stellate-loro-di-milano.jpg\" \/>\n\t<meta property=\"og:image:width\" content=\"1024\" \/>\n\t<meta property=\"og:image:height\" content=\"1024\" \/>\n\t<meta property=\"og:image:type\" content=\"image\/jpeg\" \/>\n<meta name=\"twitter:card\" content=\"summary_large_image\" \/>\n<meta name=\"twitter:image\" content=\"https:\/\/interpim.erresse-shop.it\/Import\/Prodotti\/fratelli-desideri-le-cene-stellate-loro-di-milano.jpg\" \/>\n<script type=\"application\/ld+json\" class=\"yoast-schema-graph\">{\"@context\":\"https:\/\/schema.org\",\"@graph\":[{\"@type\":\"WebPage\",\"@id\":\"https:\/\/dev6.erresse-shop.it\/es\/shop\/food-es\/fratelli-desideri-le-cene-stellate-chef-carlo-cracco-loro-di-milano\/\",\"url\":\"https:\/\/dev6.erresse-shop.it\/es\/shop\/food-es\/fratelli-desideri-le-cene-stellate-chef-carlo-cracco-loro-di-milano\/\",\"name\":\"FRATELLI DESIDERI Le Cene Stellate Chef Carlo Cracco L&#8217;Oro di Milano - dev6 Erresse\",\"isPartOf\":{\"@id\":\"https:\/\/dev6.erresse-shop.it\/#website\"},\"primaryImageOfPage\":{\"@id\":\"https:\/\/dev6.erresse-shop.it\/es\/shop\/food-es\/fratelli-desideri-le-cene-stellate-chef-carlo-cracco-loro-di-milano\/#primaryimage\"},\"image\":{\"@id\":\"https:\/\/dev6.erresse-shop.it\/es\/shop\/food-es\/fratelli-desideri-le-cene-stellate-chef-carlo-cracco-loro-di-milano\/#primaryimage\"},\"thumbnailUrl\":\"https:\/\/i3.wp.com\/interpim.erresse-shop.it\/Import\/Prodotti\/fratelli-desideri-le-cene-stellate-loro-di-milano.jpg?ssl=1\",\"datePublished\":\"2026-04-10T11:08:50+00:00\",\"description\":\"Carlo Cracco (Chef 6 Estrellas Michelin), firma esta extraordinaria reinterpretaci\u00f3n del Risotto alla Milanese, un plato que hunde sus ra\u00edces en la\",\"breadcrumb\":{\"@id\":\"https:\/\/dev6.erresse-shop.it\/es\/shop\/food-es\/fratelli-desideri-le-cene-stellate-chef-carlo-cracco-loro-di-milano\/#breadcrumb\"},\"inLanguage\":\"es\",\"potentialAction\":[{\"@type\":\"ReadAction\",\"target\":[\"https:\/\/dev6.erresse-shop.it\/es\/shop\/food-es\/fratelli-desideri-le-cene-stellate-chef-carlo-cracco-loro-di-milano\/\"]}]},{\"@type\":\"ImageObject\",\"inLanguage\":\"es\",\"@id\":\"https:\/\/dev6.erresse-shop.it\/es\/shop\/food-es\/fratelli-desideri-le-cene-stellate-chef-carlo-cracco-loro-di-milano\/#primaryimage\",\"url\":\"https:\/\/i3.wp.com\/interpim.erresse-shop.it\/Import\/Prodotti\/fratelli-desideri-le-cene-stellate-loro-di-milano.jpg?ssl=1\",\"contentUrl\":\"https:\/\/i3.wp.com\/interpim.erresse-shop.it\/Import\/Prodotti\/fratelli-desideri-le-cene-stellate-loro-di-milano.jpg?ssl=1\"},{\"@type\":\"BreadcrumbList\",\"@id\":\"https:\/\/dev6.erresse-shop.it\/es\/shop\/food-es\/fratelli-desideri-le-cene-stellate-chef-carlo-cracco-loro-di-milano\/#breadcrumb\",\"itemListElement\":[{\"@type\":\"ListItem\",\"position\":1,\"name\":\"Home\",\"item\":\"https:\/\/dev6.erresse-shop.it\/\"},{\"@type\":\"ListItem\",\"position\":2,\"name\":\"Tienda\",\"item\":\"https:\/\/dev6.erresse-shop.it\/shop\/\"},{\"@type\":\"ListItem\",\"position\":3,\"name\":\"FRATELLI DESIDERI Le Cene Stellate Chef Carlo Cracco L&#8217;Oro di Milano\"}]},{\"@type\":\"WebSite\",\"@id\":\"https:\/\/dev6.erresse-shop.it\/#website\",\"url\":\"https:\/\/dev6.erresse-shop.it\/\",\"name\":\"Erresse Shop\",\"description\":\"\",\"publisher\":{\"@id\":\"https:\/\/dev6.erresse-shop.it\/#organization\"},\"potentialAction\":[{\"@type\":\"SearchAction\",\"target\":{\"@type\":\"EntryPoint\",\"urlTemplate\":\"https:\/\/dev6.erresse-shop.it\/?s={search_term_string}\"},\"query-input\":{\"@type\":\"PropertyValueSpecification\",\"valueRequired\":true,\"valueName\":\"search_term_string\"}}],\"inLanguage\":\"es\"},{\"@type\":\"Organization\",\"@id\":\"https:\/\/dev6.erresse-shop.it\/#organization\",\"name\":\"Erresse Shop\",\"url\":\"https:\/\/dev6.erresse-shop.it\/\",\"logo\":{\"@type\":\"ImageObject\",\"inLanguage\":\"es\",\"@id\":\"https:\/\/dev6.erresse-shop.it\/#\/schema\/logo\/image\/\",\"url\":\"https:\/\/dev6.erresse-shop.it\/wp-content\/uploads\/2025\/01\/LOGO-ERRESSE-CLASSICO.svg\",\"contentUrl\":\"https:\/\/dev6.erresse-shop.it\/wp-content\/uploads\/2025\/01\/LOGO-ERRESSE-CLASSICO.svg\",\"caption\":\"Erresse Shop\"},\"image\":{\"@id\":\"https:\/\/dev6.erresse-shop.it\/#\/schema\/logo\/image\/\"}}]}<\/script>\n<!-- \/ Yoast SEO plugin. -->","yoast_head_json":{"title":"FRATELLI DESIDERI Le Cene Stellate Chef Carlo Cracco L&#8217;Oro di Milano - dev6 Erresse","description":"Carlo Cracco (Chef 6 Estrellas Michelin), firma esta extraordinaria reinterpretaci\u00f3n del Risotto alla Milanese, un plato que hunde sus ra\u00edces en la","robots":{"index":"noindex","follow":"follow","max-snippet":"max-snippet:-1","max-image-preview":"max-image-preview:large","max-video-preview":"max-video-preview:-1"},"og_locale":"es_ES","og_type":"article","og_title":"FRATELLI DESIDERI Le Cene Stellate Chef Carlo Cracco L&#8217;Oro di Milano - dev6 Erresse","og_description":"Carlo Cracco (Chef 6 Estrellas Michelin), firma esta extraordinaria reinterpretaci\u00f3n del Risotto alla Milanese, un plato que hunde sus ra\u00edces en la","og_url":"https:\/\/dev6.erresse-shop.it\/es\/shop\/food-es\/fratelli-desideri-le-cene-stellate-chef-carlo-cracco-loro-di-milano\/","og_site_name":"dev6 Erresse","og_image":[{"url":"https:\/\/interpim.erresse-shop.it\/Import\/Prodotti\/fratelli-desideri-le-cene-stellate-loro-di-milano.jpg","type":"","width":"","height":""},{"url":"https:\/\/interpim.erresse-shop.it\/Import\/Prodotti\/fratelli-desideri-le-cene-stellate-loro-di-milano.jpg","width":1024,"height":1024,"type":"image\/jpeg"}],"twitter_card":"summary_large_image","twitter_image":"https:\/\/interpim.erresse-shop.it\/Import\/Prodotti\/fratelli-desideri-le-cene-stellate-loro-di-milano.jpg","schema":{"@context":"https:\/\/schema.org","@graph":[{"@type":"WebPage","@id":"https:\/\/dev6.erresse-shop.it\/es\/shop\/food-es\/fratelli-desideri-le-cene-stellate-chef-carlo-cracco-loro-di-milano\/","url":"https:\/\/dev6.erresse-shop.it\/es\/shop\/food-es\/fratelli-desideri-le-cene-stellate-chef-carlo-cracco-loro-di-milano\/","name":"FRATELLI DESIDERI Le Cene Stellate Chef Carlo Cracco L&#8217;Oro di Milano - dev6 Erresse","isPartOf":{"@id":"https:\/\/dev6.erresse-shop.it\/#website"},"primaryImageOfPage":{"@id":"https:\/\/dev6.erresse-shop.it\/es\/shop\/food-es\/fratelli-desideri-le-cene-stellate-chef-carlo-cracco-loro-di-milano\/#primaryimage"},"image":{"@id":"https:\/\/dev6.erresse-shop.it\/es\/shop\/food-es\/fratelli-desideri-le-cene-stellate-chef-carlo-cracco-loro-di-milano\/#primaryimage"},"thumbnailUrl":"https:\/\/i3.wp.com\/interpim.erresse-shop.it\/Import\/Prodotti\/fratelli-desideri-le-cene-stellate-loro-di-milano.jpg?ssl=1","datePublished":"2026-04-10T11:08:50+00:00","description":"Carlo Cracco (Chef 6 Estrellas Michelin), firma esta extraordinaria reinterpretaci\u00f3n del Risotto alla Milanese, un plato que hunde sus ra\u00edces en la","breadcrumb":{"@id":"https:\/\/dev6.erresse-shop.it\/es\/shop\/food-es\/fratelli-desideri-le-cene-stellate-chef-carlo-cracco-loro-di-milano\/#breadcrumb"},"inLanguage":"es","potentialAction":[{"@type":"ReadAction","target":["https:\/\/dev6.erresse-shop.it\/es\/shop\/food-es\/fratelli-desideri-le-cene-stellate-chef-carlo-cracco-loro-di-milano\/"]}]},{"@type":"ImageObject","inLanguage":"es","@id":"https:\/\/dev6.erresse-shop.it\/es\/shop\/food-es\/fratelli-desideri-le-cene-stellate-chef-carlo-cracco-loro-di-milano\/#primaryimage","url":"https:\/\/i3.wp.com\/interpim.erresse-shop.it\/Import\/Prodotti\/fratelli-desideri-le-cene-stellate-loro-di-milano.jpg?ssl=1","contentUrl":"https:\/\/i3.wp.com\/interpim.erresse-shop.it\/Import\/Prodotti\/fratelli-desideri-le-cene-stellate-loro-di-milano.jpg?ssl=1"},{"@type":"BreadcrumbList","@id":"https:\/\/dev6.erresse-shop.it\/es\/shop\/food-es\/fratelli-desideri-le-cene-stellate-chef-carlo-cracco-loro-di-milano\/#breadcrumb","itemListElement":[{"@type":"ListItem","position":1,"name":"Home","item":"https:\/\/dev6.erresse-shop.it\/"},{"@type":"ListItem","position":2,"name":"Tienda","item":"https:\/\/dev6.erresse-shop.it\/shop\/"},{"@type":"ListItem","position":3,"name":"FRATELLI DESIDERI Le Cene Stellate Chef Carlo Cracco L&#8217;Oro di Milano"}]},{"@type":"WebSite","@id":"https:\/\/dev6.erresse-shop.it\/#website","url":"https:\/\/dev6.erresse-shop.it\/","name":"Erresse Shop","description":"","publisher":{"@id":"https:\/\/dev6.erresse-shop.it\/#organization"},"potentialAction":[{"@type":"SearchAction","target":{"@type":"EntryPoint","urlTemplate":"https:\/\/dev6.erresse-shop.it\/?s={search_term_string}"},"query-input":{"@type":"PropertyValueSpecification","valueRequired":true,"valueName":"search_term_string"}}],"inLanguage":"es"},{"@type":"Organization","@id":"https:\/\/dev6.erresse-shop.it\/#organization","name":"Erresse Shop","url":"https:\/\/dev6.erresse-shop.it\/","logo":{"@type":"ImageObject","inLanguage":"es","@id":"https:\/\/dev6.erresse-shop.it\/#\/schema\/logo\/image\/","url":"https:\/\/dev6.erresse-shop.it\/wp-content\/uploads\/2025\/01\/LOGO-ERRESSE-CLASSICO.svg","contentUrl":"https:\/\/dev6.erresse-shop.it\/wp-content\/uploads\/2025\/01\/LOGO-ERRESSE-CLASSICO.svg","caption":"Erresse Shop"},"image":{"@id":"https:\/\/dev6.erresse-shop.it\/#\/schema\/logo\/image\/"}}]}},"df_price":52.95,"df_sale_price":52.95,"df_regular_price":54,"df_image_link":"https:\/\/i3.wp.com\/interpim.erresse-shop.it\/Import\/Prodotti\/fratelli-desideri-le-cene-stellate-loro-di-milano.jpg?resize=300,300&ssl=1","fifu_image_url":"https:\/\/interpim.erresse-shop.it\/Import\/Prodotti\/fratelli-desideri-le-cene-stellate-loro-di-milano.jpg","_links":{"self":[{"href":"https:\/\/dev6.erresse-shop.it\/es\/wp-json\/wp\/v2\/product\/1883049","targetHints":{"allow":["GET"]}}],"collection":[{"href":"https:\/\/dev6.erresse-shop.it\/es\/wp-json\/wp\/v2\/product"}],"about":[{"href":"https:\/\/dev6.erresse-shop.it\/es\/wp-json\/wp\/v2\/types\/product"}],"wp:featuredmedia":[{"embeddable":true,"href":"https:\/\/dev6.erresse-shop.it\/es\/wp-json\/wp\/v2\/media\/6331468"}],"wp:attachment":[{"href":"https:\/\/dev6.erresse-shop.it\/es\/wp-json\/wp\/v2\/media?parent=1883049"}],"wp:term":[{"taxonomy":"product_cat","embeddable":true,"href":"https:\/\/dev6.erresse-shop.it\/es\/wp-json\/wp\/v2\/product_cat?post=1883049"},{"taxonomy":"product_tag","embeddable":true,"href":"https:\/\/dev6.erresse-shop.it\/es\/wp-json\/wp\/v2\/product_tag?post=1883049"}],"curies":[{"name":"wp","href":"https:\/\/api.w.org\/{rel}","templated":true}]}}