{"id":1883019,"date":"2026-04-12T12:28:05","date_gmt":"2026-04-12T10:28:05","guid":{"rendered":"https:\/\/dev6.erresse-shop.it\/shop\/sin%20categor\u00eda\/yaxell-zen-cuchillo-universal-12-cm\/"},"modified":"2025-09-14T09:58:06","modified_gmt":"2025-09-14T07:58:06","slug":"yaxell-zen-cuchillo-universal-12-cm","status":"publish","type":"product","link":"https:\/\/dev6.erresse-shop.it\/es\/shop\/cocina\/cuchillos\/cuchillos-de-cocina\/yaxell-zen-cuchillo-universal-12-cm\/","title":{"rendered":"YAXELL Zen Cuchillo Universal 12 cm"},"content":{"rendered":"<p>El cuchillo multiusos Zen de Yaxell es un pr\u00e1ctico y elegante cuchillo de cocina japon\u00e9s. Con su peque\u00f1a hoja de 12 cm y su bajo peso, este cuchillo es excelente para abrir paquetes r\u00e1pidamente.<\/p>\n<p>Hoja del Yaxell Zen<br \/>\nLa hoja est\u00e1 fabricada con 37 capas de acero damasco y un n\u00facleo de acero japon\u00e9s VG10 endurecido a 61HRC. El VG10 es conocido por ser muy duro y tambi\u00e9n se puede afilar f\u00e1cilmente. El efecto martillado de la hoja es un acabado tradicional que surgi\u00f3 debido a los golpes de martillo del herrero mientras forjaba la hoja. Adem\u00e1s de tener un buen aspecto, los hoyuelos garantizan que la comida no se pegue a la hoja. El acero damasco contrasta muy bien con las l\u00edneas oscuras y claras que recorren toda la longitud de la hoja. Esta combinaci\u00f3n de tipo de acero y acabado garantiza que los cuchillos Yaxell Zen sean a la vez eficientes y llamativos.<\/p>\n<p>Mango Yaxell Zen<br \/>\nLos mangos est\u00e1n hechos de micarta, Micarta es un material compuesto de lino, impregnado con resina epoxi. Como resultado, el material es muy fuerte, puede manejar muchas situaciones diferentes y es resistente al agua. La micarta es conocida por ofrecer mucho agarre. Incluso cuando est\u00e1 mojada. La forma ovalada y redonda del mango ofrece suficiente agarre, por lo que resulta muy c\u00f3modo de usar.<\/p>\n<p>Yaxell: cuchillos de cocina japoneses que enamoran<br \/>\nYaxell lleva fabricando cuchillos de cocina japoneses profesionales para uso diario desde 1932. Lo hacen en la capital japonesa del cuchillo: Seki. Aqu\u00ed combinan t\u00e9cnicas, dise\u00f1os y materiales modernos con los conocimientos hist\u00f3ricos y la experiencia de los fabricantes tradicionales de espadas y cuchillos. Yaxell cree que un cuchillo de cocina es una parte esencial de su vida diaria. Un cuchillo de cocina debe ser asequible y fiable, pero tambi\u00e9n debe inspirar y entusiasmar. Para conseguirlo, Yaxell ha introducido un par de colecciones para todos los gustos. Los materiales utilizados proporcionan un cuchillo fiable y de alta calidad. Cuchillos que le encantar\u00e1 utilizar a diario.<\/p>\n<p>Altura de la hoja 2,5 cm<br \/>\nLongitud de la hoja 12 cm<br \/>\nLongitud total 23,5 Cm<br \/>\nPeso 110 g<\/p>\n<p>Fabricado en Jap\u00f3n<\/p>\n","protected":false},"excerpt":{"rendered":"<p>El cuchillo multiusos Zen de Yaxell es un pr\u00e1ctico y elegante cuchillo de cocina japon\u00e9s. Con su peque\u00f1a hoja de 12 cm y su bajo peso, este cuchillo es excelente para abrir paquetes r\u00e1pidamente. Hoja del Yaxell Zen La hoja est\u00e1 fabricada con 37 capas de acero damasco y un n\u00facleo de acero japon\u00e9s VG10 [&hellip;]<\/p>\n","protected":false},"featured_media":6372970,"template":"","meta":{"_acf_changed":false},"product_cat":[11889],"product_tag":[],"class_list":{"0":"post-1883019","1":"product","2":"type-product","3":"status-publish","4":"has-post-thumbnail","6":"product_cat-cuchillos-de-cocina","8":"first","9":"instock","10":"taxable","11":"shipping-taxable","12":"purchasable","13":"product-type-simple","swatches":"rey-swatches","show_selected":"","stretch_labels":"rey-swatches--stretch-labels"},"acf":[],"yoast_head":"<!-- This site is optimized with the Yoast SEO plugin v25.4 - https:\/\/yoast.com\/wordpress\/plugins\/seo\/ -->\n<title>YAXELL Zen Cuchillo Universal 12 cm - dev6 Erresse<\/title>\n<meta name=\"description\" content=\"El cuchillo multiusos Zen de Yaxell es un pr\u00e1ctico y elegante cuchillo de cocina japon\u00e9s. Con su peque\u00f1a hoja de 12 cm y su bajo peso, este cuchillo es\" \/>\n<meta name=\"robots\" content=\"noindex, follow, max-snippet:-1, max-image-preview:large, max-video-preview:-1\" \/>\n<meta property=\"og:locale\" content=\"es_ES\" \/>\n<meta property=\"og:type\" content=\"article\" \/>\n<meta property=\"og:title\" content=\"YAXELL Zen Cuchillo Universal 12 cm - dev6 Erresse\" \/>\n<meta property=\"og:description\" content=\"El cuchillo multiusos Zen de Yaxell es un pr\u00e1ctico y elegante cuchillo de cocina japon\u00e9s. Con su peque\u00f1a hoja de 12 cm y su bajo peso, este cuchillo es\" \/>\n<meta property=\"og:url\" content=\"https:\/\/dev6.erresse-shop.it\/es\/shop\/cocina\/cuchillos\/cuchillos-de-cocina\/yaxell-zen-cuchillo-universal-12-cm\/\" \/>\n<meta property=\"og:site_name\" content=\"dev6 Erresse\" \/>\n<meta property=\"og:image\" content=\"https:\/\/interpim.erresse-shop.it\/img-catalogo\/yaxell\/yaxell-zen-35502-1.jpg\" \/><meta property=\"og:image\" content=\"https:\/\/interpim.erresse-shop.it\/img-catalogo\/yaxell\/yaxell-zen-35502-1.jpg\" \/>\n\t<meta property=\"og:image:width\" content=\"1024\" \/>\n\t<meta property=\"og:image:height\" content=\"1024\" \/>\n\t<meta property=\"og:image:type\" content=\"image\/jpeg\" \/>\n<meta name=\"twitter:card\" content=\"summary_large_image\" \/>\n<meta name=\"twitter:image\" content=\"https:\/\/interpim.erresse-shop.it\/img-catalogo\/yaxell\/yaxell-zen-35502-1.jpg\" \/>\n<script type=\"application\/ld+json\" class=\"yoast-schema-graph\">{\"@context\":\"https:\/\/schema.org\",\"@graph\":[{\"@type\":\"WebPage\",\"@id\":\"https:\/\/dev6.erresse-shop.it\/es\/shop\/cocina\/cuchillos\/cuchillos-de-cocina\/yaxell-zen-cuchillo-universal-12-cm\/\",\"url\":\"https:\/\/dev6.erresse-shop.it\/es\/shop\/cocina\/cuchillos\/cuchillos-de-cocina\/yaxell-zen-cuchillo-universal-12-cm\/\",\"name\":\"YAXELL Zen Cuchillo Universal 12 cm - dev6 Erresse\",\"isPartOf\":{\"@id\":\"https:\/\/dev6.erresse-shop.it\/#website\"},\"primaryImageOfPage\":{\"@id\":\"https:\/\/dev6.erresse-shop.it\/es\/shop\/cocina\/cuchillos\/cuchillos-de-cocina\/yaxell-zen-cuchillo-universal-12-cm\/#primaryimage\"},\"image\":{\"@id\":\"https:\/\/dev6.erresse-shop.it\/es\/shop\/cocina\/cuchillos\/cuchillos-de-cocina\/yaxell-zen-cuchillo-universal-12-cm\/#primaryimage\"},\"thumbnailUrl\":\"https:\/\/i1.wp.com\/interpim.erresse-shop.it\/img-catalogo\/yaxell\/yaxell-zen-35502-1.jpg?ssl=1\",\"datePublished\":\"2026-04-12T10:28:05+00:00\",\"description\":\"El cuchillo multiusos Zen de Yaxell es un pr\u00e1ctico y elegante cuchillo de cocina japon\u00e9s. Con su peque\u00f1a hoja de 12 cm y su bajo peso, este cuchillo es\",\"breadcrumb\":{\"@id\":\"https:\/\/dev6.erresse-shop.it\/es\/shop\/cocina\/cuchillos\/cuchillos-de-cocina\/yaxell-zen-cuchillo-universal-12-cm\/#breadcrumb\"},\"inLanguage\":\"es\",\"potentialAction\":[{\"@type\":\"ReadAction\",\"target\":[\"https:\/\/dev6.erresse-shop.it\/es\/shop\/cocina\/cuchillos\/cuchillos-de-cocina\/yaxell-zen-cuchillo-universal-12-cm\/\"]}]},{\"@type\":\"ImageObject\",\"inLanguage\":\"es\",\"@id\":\"https:\/\/dev6.erresse-shop.it\/es\/shop\/cocina\/cuchillos\/cuchillos-de-cocina\/yaxell-zen-cuchillo-universal-12-cm\/#primaryimage\",\"url\":\"https:\/\/i1.wp.com\/interpim.erresse-shop.it\/img-catalogo\/yaxell\/yaxell-zen-35502-1.jpg?ssl=1\",\"contentUrl\":\"https:\/\/i1.wp.com\/interpim.erresse-shop.it\/img-catalogo\/yaxell\/yaxell-zen-35502-1.jpg?ssl=1\"},{\"@type\":\"BreadcrumbList\",\"@id\":\"https:\/\/dev6.erresse-shop.it\/es\/shop\/cocina\/cuchillos\/cuchillos-de-cocina\/yaxell-zen-cuchillo-universal-12-cm\/#breadcrumb\",\"itemListElement\":[{\"@type\":\"ListItem\",\"position\":1,\"name\":\"Home\",\"item\":\"https:\/\/dev6.erresse-shop.it\/\"},{\"@type\":\"ListItem\",\"position\":2,\"name\":\"Tienda\",\"item\":\"https:\/\/dev6.erresse-shop.it\/shop\/\"},{\"@type\":\"ListItem\",\"position\":3,\"name\":\"YAXELL Zen Cuchillo Universal 12 cm\"}]},{\"@type\":\"WebSite\",\"@id\":\"https:\/\/dev6.erresse-shop.it\/#website\",\"url\":\"https:\/\/dev6.erresse-shop.it\/\",\"name\":\"Erresse Shop\",\"description\":\"\",\"publisher\":{\"@id\":\"https:\/\/dev6.erresse-shop.it\/#organization\"},\"potentialAction\":[{\"@type\":\"SearchAction\",\"target\":{\"@type\":\"EntryPoint\",\"urlTemplate\":\"https:\/\/dev6.erresse-shop.it\/?s={search_term_string}\"},\"query-input\":{\"@type\":\"PropertyValueSpecification\",\"valueRequired\":true,\"valueName\":\"search_term_string\"}}],\"inLanguage\":\"es\"},{\"@type\":\"Organization\",\"@id\":\"https:\/\/dev6.erresse-shop.it\/#organization\",\"name\":\"Erresse Shop\",\"url\":\"https:\/\/dev6.erresse-shop.it\/\",\"logo\":{\"@type\":\"ImageObject\",\"inLanguage\":\"es\",\"@id\":\"https:\/\/dev6.erresse-shop.it\/#\/schema\/logo\/image\/\",\"url\":\"https:\/\/dev6.erresse-shop.it\/wp-content\/uploads\/2025\/01\/LOGO-ERRESSE-CLASSICO.svg\",\"contentUrl\":\"https:\/\/dev6.erresse-shop.it\/wp-content\/uploads\/2025\/01\/LOGO-ERRESSE-CLASSICO.svg\",\"caption\":\"Erresse Shop\"},\"image\":{\"@id\":\"https:\/\/dev6.erresse-shop.it\/#\/schema\/logo\/image\/\"}}]}<\/script>\n<!-- \/ Yoast SEO plugin. -->","yoast_head_json":{"title":"YAXELL Zen Cuchillo Universal 12 cm - dev6 Erresse","description":"El cuchillo multiusos Zen de Yaxell es un pr\u00e1ctico y elegante cuchillo de cocina japon\u00e9s. Con su peque\u00f1a hoja de 12 cm y su bajo peso, este cuchillo es","robots":{"index":"noindex","follow":"follow","max-snippet":"max-snippet:-1","max-image-preview":"max-image-preview:large","max-video-preview":"max-video-preview:-1"},"og_locale":"es_ES","og_type":"article","og_title":"YAXELL Zen Cuchillo Universal 12 cm - dev6 Erresse","og_description":"El cuchillo multiusos Zen de Yaxell es un pr\u00e1ctico y elegante cuchillo de cocina japon\u00e9s. Con su peque\u00f1a hoja de 12 cm y su bajo peso, este cuchillo es","og_url":"https:\/\/dev6.erresse-shop.it\/es\/shop\/cocina\/cuchillos\/cuchillos-de-cocina\/yaxell-zen-cuchillo-universal-12-cm\/","og_site_name":"dev6 Erresse","og_image":[{"url":"https:\/\/interpim.erresse-shop.it\/img-catalogo\/yaxell\/yaxell-zen-35502-1.jpg","type":"","width":"","height":""},{"url":"https:\/\/interpim.erresse-shop.it\/img-catalogo\/yaxell\/yaxell-zen-35502-1.jpg","width":1024,"height":1024,"type":"image\/jpeg"}],"twitter_card":"summary_large_image","twitter_image":"https:\/\/interpim.erresse-shop.it\/img-catalogo\/yaxell\/yaxell-zen-35502-1.jpg","schema":{"@context":"https:\/\/schema.org","@graph":[{"@type":"WebPage","@id":"https:\/\/dev6.erresse-shop.it\/es\/shop\/cocina\/cuchillos\/cuchillos-de-cocina\/yaxell-zen-cuchillo-universal-12-cm\/","url":"https:\/\/dev6.erresse-shop.it\/es\/shop\/cocina\/cuchillos\/cuchillos-de-cocina\/yaxell-zen-cuchillo-universal-12-cm\/","name":"YAXELL Zen Cuchillo Universal 12 cm - dev6 Erresse","isPartOf":{"@id":"https:\/\/dev6.erresse-shop.it\/#website"},"primaryImageOfPage":{"@id":"https:\/\/dev6.erresse-shop.it\/es\/shop\/cocina\/cuchillos\/cuchillos-de-cocina\/yaxell-zen-cuchillo-universal-12-cm\/#primaryimage"},"image":{"@id":"https:\/\/dev6.erresse-shop.it\/es\/shop\/cocina\/cuchillos\/cuchillos-de-cocina\/yaxell-zen-cuchillo-universal-12-cm\/#primaryimage"},"thumbnailUrl":"https:\/\/i1.wp.com\/interpim.erresse-shop.it\/img-catalogo\/yaxell\/yaxell-zen-35502-1.jpg?ssl=1","datePublished":"2026-04-12T10:28:05+00:00","description":"El cuchillo multiusos Zen de Yaxell es un pr\u00e1ctico y elegante cuchillo de cocina japon\u00e9s. Con su peque\u00f1a hoja de 12 cm y su bajo peso, este cuchillo es","breadcrumb":{"@id":"https:\/\/dev6.erresse-shop.it\/es\/shop\/cocina\/cuchillos\/cuchillos-de-cocina\/yaxell-zen-cuchillo-universal-12-cm\/#breadcrumb"},"inLanguage":"es","potentialAction":[{"@type":"ReadAction","target":["https:\/\/dev6.erresse-shop.it\/es\/shop\/cocina\/cuchillos\/cuchillos-de-cocina\/yaxell-zen-cuchillo-universal-12-cm\/"]}]},{"@type":"ImageObject","inLanguage":"es","@id":"https:\/\/dev6.erresse-shop.it\/es\/shop\/cocina\/cuchillos\/cuchillos-de-cocina\/yaxell-zen-cuchillo-universal-12-cm\/#primaryimage","url":"https:\/\/i1.wp.com\/interpim.erresse-shop.it\/img-catalogo\/yaxell\/yaxell-zen-35502-1.jpg?ssl=1","contentUrl":"https:\/\/i1.wp.com\/interpim.erresse-shop.it\/img-catalogo\/yaxell\/yaxell-zen-35502-1.jpg?ssl=1"},{"@type":"BreadcrumbList","@id":"https:\/\/dev6.erresse-shop.it\/es\/shop\/cocina\/cuchillos\/cuchillos-de-cocina\/yaxell-zen-cuchillo-universal-12-cm\/#breadcrumb","itemListElement":[{"@type":"ListItem","position":1,"name":"Home","item":"https:\/\/dev6.erresse-shop.it\/"},{"@type":"ListItem","position":2,"name":"Tienda","item":"https:\/\/dev6.erresse-shop.it\/shop\/"},{"@type":"ListItem","position":3,"name":"YAXELL Zen Cuchillo Universal 12 cm"}]},{"@type":"WebSite","@id":"https:\/\/dev6.erresse-shop.it\/#website","url":"https:\/\/dev6.erresse-shop.it\/","name":"Erresse Shop","description":"","publisher":{"@id":"https:\/\/dev6.erresse-shop.it\/#organization"},"potentialAction":[{"@type":"SearchAction","target":{"@type":"EntryPoint","urlTemplate":"https:\/\/dev6.erresse-shop.it\/?s={search_term_string}"},"query-input":{"@type":"PropertyValueSpecification","valueRequired":true,"valueName":"search_term_string"}}],"inLanguage":"es"},{"@type":"Organization","@id":"https:\/\/dev6.erresse-shop.it\/#organization","name":"Erresse Shop","url":"https:\/\/dev6.erresse-shop.it\/","logo":{"@type":"ImageObject","inLanguage":"es","@id":"https:\/\/dev6.erresse-shop.it\/#\/schema\/logo\/image\/","url":"https:\/\/dev6.erresse-shop.it\/wp-content\/uploads\/2025\/01\/LOGO-ERRESSE-CLASSICO.svg","contentUrl":"https:\/\/dev6.erresse-shop.it\/wp-content\/uploads\/2025\/01\/LOGO-ERRESSE-CLASSICO.svg","caption":"Erresse Shop"},"image":{"@id":"https:\/\/dev6.erresse-shop.it\/#\/schema\/logo\/image\/"}}]}},"df_price":149,"df_sale_price":"","df_regular_price":149,"df_image_link":"https:\/\/i1.wp.com\/interpim.erresse-shop.it\/img-catalogo\/yaxell\/yaxell-zen-35502-1.jpg?resize=300,300&ssl=1","fifu_image_url":"https:\/\/interpim.erresse-shop.it\/img-catalogo\/yaxell\/yaxell-zen-35502-1.jpg","_links":{"self":[{"href":"https:\/\/dev6.erresse-shop.it\/es\/wp-json\/wp\/v2\/product\/1883019","targetHints":{"allow":["GET"]}}],"collection":[{"href":"https:\/\/dev6.erresse-shop.it\/es\/wp-json\/wp\/v2\/product"}],"about":[{"href":"https:\/\/dev6.erresse-shop.it\/es\/wp-json\/wp\/v2\/types\/product"}],"wp:featuredmedia":[{"embeddable":true,"href":"https:\/\/dev6.erresse-shop.it\/es\/wp-json\/wp\/v2\/media\/6372970"}],"wp:attachment":[{"href":"https:\/\/dev6.erresse-shop.it\/es\/wp-json\/wp\/v2\/media?parent=1883019"}],"wp:term":[{"taxonomy":"product_cat","embeddable":true,"href":"https:\/\/dev6.erresse-shop.it\/es\/wp-json\/wp\/v2\/product_cat?post=1883019"},{"taxonomy":"product_tag","embeddable":true,"href":"https:\/\/dev6.erresse-shop.it\/es\/wp-json\/wp\/v2\/product_tag?post=1883019"}],"curies":[{"name":"wp","href":"https:\/\/api.w.org\/{rel}","templated":true}]}}