{"id":1883013,"date":"2026-04-12T12:28:05","date_gmt":"2026-04-12T10:28:05","guid":{"rendered":"https:\/\/dev6.erresse-shop.it\/shop\/sin%20categor\u00eda\/yaxell-super-gou-kiritsuke-20-cm\/"},"modified":"2025-09-14T09:57:52","modified_gmt":"2025-09-14T07:57:52","slug":"yaxell-super-gou-kiritsuke-20-cm","status":"publish","type":"product","link":"https:\/\/dev6.erresse-shop.it\/es\/shop\/cocina\/cuchillos\/cuchillos-de-cocina\/yaxell-super-gou-kiritsuke-20-cm\/","title":{"rendered":"YAXELL Super Gou Kiritsuke 20 cm"},"content":{"rendered":"<p>El Yaxell Super Gou kiritsuke es un elegante cuchillo de cocina japon\u00e9s con hoja martillada. El kiritsuke est\u00e1 dise\u00f1ado como un cuchillo vers\u00e1til para preparar platos asi\u00e1ticos. Lo hicieron combinando la hoja de un nakiri (cuchillo de verduras) y un sujihiki (cuchillo de pescado). Esta combinaci\u00f3n asegura que con un solo cuchillo se puedan cortar muchos ingredientes diferentes.<\/p>\n<p>Hoja Yaxell Super Gou: 161 capas de acero damasco<br \/>\nLos cuchillos de cocina Yaxell Super Gou est\u00e1n hechos de 161 capas de acero Damasco. \u00bfUna cantidad extra\u00f1a? \u00a1En absoluto! Esto se debe a que cada lado de la hoja tiene 80 capas de acero inoxidable de Damasco, entre las que se encuentra un n\u00facleo de acero en polvo SG2 duro como la roca. Esta combinaci\u00f3n hace que los cuchillos afilados como navajas, inoxidables y de una belleza deslumbrante.<\/p>\n<p>El acero de Damasco se compone de dos aceros inoxidables que se forjan junto con capas. Estos dos tipos de acero tienen un contenido de carbono diferente, lo que hace que el acero cambie de color de manera diferente seg\u00fan c\u00f3mo se grabe. Con el grabado se produce un patr\u00f3n en el acero con la ayuda de un \u00e1cido. El acero inoxidable, ya sea Damasco o no, generalmente no es el tipo de acero m\u00e1s duro. Es por eso que se agreg\u00f3 un n\u00facleo de acero pulverizado SG2. \u00a1El resultado es un borde s\u00f3lido como una roca con una dureza de 63 HRC! El nombre de la colecci\u00f3n est\u00e1 grabado a mano en el lado de la hoja y en la parte posterior del mango.<\/p>\n<p>Mango Yaxell Super Gou<br \/>\nDebido a las formas redondas y los tres remaches, este mango se parece mucho al de un cuchillo de cocina europeo. Esto asegura que el mango no solo sea s\u00f3lido sino tambi\u00e9n c\u00f3modo. El mango est\u00e1 hecho de micarta roja y negra. La micarta es un material compuesto de lino, impregnado de resina epox\u00eddica. Lo que lo convierte en un material muy fuerte. Puede soportar pr\u00e1cticamente todo y tiene una gran resistencia al agua. La micarta es conocida por ofrecer mucho agarre. Incluso cuando est\u00e1 mojada. La forma ovalada y redonda del mango proporciona un buen agarre y es c\u00f3modo de sostener.<\/p>\n<p>Hecho en Jap\u00f3n<\/p>\n","protected":false},"excerpt":{"rendered":"<p>El Yaxell Super Gou kiritsuke es un elegante cuchillo de cocina japon\u00e9s con hoja martillada. El kiritsuke est\u00e1 dise\u00f1ado como un cuchillo vers\u00e1til para preparar platos asi\u00e1ticos. Lo hicieron combinando la hoja de un nakiri (cuchillo de verduras) y un sujihiki (cuchillo de pescado). Esta combinaci\u00f3n asegura que con un solo cuchillo se puedan cortar [&hellip;]<\/p>\n","protected":false},"featured_media":6372928,"template":"","meta":{"_acf_changed":false},"product_cat":[11889],"product_tag":[],"class_list":{"0":"post-1883013","1":"product","2":"type-product","3":"status-publish","4":"has-post-thumbnail","6":"product_cat-cuchillos-de-cocina","8":"first","9":"instock","10":"taxable","11":"shipping-taxable","12":"purchasable","13":"product-type-simple","swatches":"rey-swatches","show_selected":"","stretch_labels":"rey-swatches--stretch-labels"},"acf":[],"yoast_head":"<!-- This site is optimized with the Yoast SEO plugin v25.4 - https:\/\/yoast.com\/wordpress\/plugins\/seo\/ -->\n<title>YAXELL Super Gou Kiritsuke 20 cm - dev6 Erresse<\/title>\n<meta name=\"description\" content=\"El Yaxell Super Gou kiritsuke es un elegante cuchillo de cocina japon\u00e9s con hoja martillada. El kiritsuke est\u00e1 dise\u00f1ado como un cuchillo vers\u00e1til para\" \/>\n<meta name=\"robots\" content=\"noindex, follow, max-snippet:-1, max-image-preview:large, max-video-preview:-1\" \/>\n<meta property=\"og:locale\" content=\"es_ES\" \/>\n<meta property=\"og:type\" content=\"article\" \/>\n<meta property=\"og:title\" content=\"YAXELL Super Gou Kiritsuke 20 cm - dev6 Erresse\" \/>\n<meta property=\"og:description\" content=\"El Yaxell Super Gou kiritsuke es un elegante cuchillo de cocina japon\u00e9s con hoja martillada. El kiritsuke est\u00e1 dise\u00f1ado como un cuchillo vers\u00e1til para\" \/>\n<meta property=\"og:url\" content=\"https:\/\/dev6.erresse-shop.it\/es\/shop\/cocina\/cuchillos\/cuchillos-de-cocina\/yaxell-super-gou-kiritsuke-20-cm\/\" \/>\n<meta property=\"og:site_name\" content=\"dev6 Erresse\" \/>\n<meta property=\"og:image\" content=\"https:\/\/interpim.erresse-shop.it\/img-catalogo\/yaxell\/yaxell-37134-1.jpg\" \/><meta property=\"og:image\" content=\"https:\/\/interpim.erresse-shop.it\/img-catalogo\/yaxell\/yaxell-37134-1.jpg\" \/>\n\t<meta property=\"og:image:width\" content=\"1024\" \/>\n\t<meta property=\"og:image:height\" content=\"1024\" \/>\n\t<meta property=\"og:image:type\" content=\"image\/jpeg\" \/>\n<meta name=\"twitter:card\" content=\"summary_large_image\" \/>\n<meta name=\"twitter:image\" content=\"https:\/\/interpim.erresse-shop.it\/img-catalogo\/yaxell\/yaxell-37134-1.jpg\" \/>\n<script type=\"application\/ld+json\" class=\"yoast-schema-graph\">{\"@context\":\"https:\/\/schema.org\",\"@graph\":[{\"@type\":\"WebPage\",\"@id\":\"https:\/\/dev6.erresse-shop.it\/es\/shop\/cocina\/cuchillos\/cuchillos-de-cocina\/yaxell-super-gou-kiritsuke-20-cm\/\",\"url\":\"https:\/\/dev6.erresse-shop.it\/es\/shop\/cocina\/cuchillos\/cuchillos-de-cocina\/yaxell-super-gou-kiritsuke-20-cm\/\",\"name\":\"YAXELL Super Gou Kiritsuke 20 cm - dev6 Erresse\",\"isPartOf\":{\"@id\":\"https:\/\/dev6.erresse-shop.it\/#website\"},\"primaryImageOfPage\":{\"@id\":\"https:\/\/dev6.erresse-shop.it\/es\/shop\/cocina\/cuchillos\/cuchillos-de-cocina\/yaxell-super-gou-kiritsuke-20-cm\/#primaryimage\"},\"image\":{\"@id\":\"https:\/\/dev6.erresse-shop.it\/es\/shop\/cocina\/cuchillos\/cuchillos-de-cocina\/yaxell-super-gou-kiritsuke-20-cm\/#primaryimage\"},\"thumbnailUrl\":\"https:\/\/i0.wp.com\/interpim.erresse-shop.it\/img-catalogo\/yaxell\/yaxell-37134-1.jpg?ssl=1\",\"datePublished\":\"2026-04-12T10:28:05+00:00\",\"description\":\"El Yaxell Super Gou kiritsuke es un elegante cuchillo de cocina japon\u00e9s con hoja martillada. El kiritsuke est\u00e1 dise\u00f1ado como un cuchillo vers\u00e1til para\",\"breadcrumb\":{\"@id\":\"https:\/\/dev6.erresse-shop.it\/es\/shop\/cocina\/cuchillos\/cuchillos-de-cocina\/yaxell-super-gou-kiritsuke-20-cm\/#breadcrumb\"},\"inLanguage\":\"es\",\"potentialAction\":[{\"@type\":\"ReadAction\",\"target\":[\"https:\/\/dev6.erresse-shop.it\/es\/shop\/cocina\/cuchillos\/cuchillos-de-cocina\/yaxell-super-gou-kiritsuke-20-cm\/\"]}]},{\"@type\":\"ImageObject\",\"inLanguage\":\"es\",\"@id\":\"https:\/\/dev6.erresse-shop.it\/es\/shop\/cocina\/cuchillos\/cuchillos-de-cocina\/yaxell-super-gou-kiritsuke-20-cm\/#primaryimage\",\"url\":\"https:\/\/i0.wp.com\/interpim.erresse-shop.it\/img-catalogo\/yaxell\/yaxell-37134-1.jpg?ssl=1\",\"contentUrl\":\"https:\/\/i0.wp.com\/interpim.erresse-shop.it\/img-catalogo\/yaxell\/yaxell-37134-1.jpg?ssl=1\"},{\"@type\":\"BreadcrumbList\",\"@id\":\"https:\/\/dev6.erresse-shop.it\/es\/shop\/cocina\/cuchillos\/cuchillos-de-cocina\/yaxell-super-gou-kiritsuke-20-cm\/#breadcrumb\",\"itemListElement\":[{\"@type\":\"ListItem\",\"position\":1,\"name\":\"Home\",\"item\":\"https:\/\/dev6.erresse-shop.it\/\"},{\"@type\":\"ListItem\",\"position\":2,\"name\":\"Tienda\",\"item\":\"https:\/\/dev6.erresse-shop.it\/shop\/\"},{\"@type\":\"ListItem\",\"position\":3,\"name\":\"YAXELL Super Gou Kiritsuke 20 cm\"}]},{\"@type\":\"WebSite\",\"@id\":\"https:\/\/dev6.erresse-shop.it\/#website\",\"url\":\"https:\/\/dev6.erresse-shop.it\/\",\"name\":\"Erresse Shop\",\"description\":\"\",\"publisher\":{\"@id\":\"https:\/\/dev6.erresse-shop.it\/#organization\"},\"potentialAction\":[{\"@type\":\"SearchAction\",\"target\":{\"@type\":\"EntryPoint\",\"urlTemplate\":\"https:\/\/dev6.erresse-shop.it\/?s={search_term_string}\"},\"query-input\":{\"@type\":\"PropertyValueSpecification\",\"valueRequired\":true,\"valueName\":\"search_term_string\"}}],\"inLanguage\":\"es\"},{\"@type\":\"Organization\",\"@id\":\"https:\/\/dev6.erresse-shop.it\/#organization\",\"name\":\"Erresse Shop\",\"url\":\"https:\/\/dev6.erresse-shop.it\/\",\"logo\":{\"@type\":\"ImageObject\",\"inLanguage\":\"es\",\"@id\":\"https:\/\/dev6.erresse-shop.it\/#\/schema\/logo\/image\/\",\"url\":\"https:\/\/dev6.erresse-shop.it\/wp-content\/uploads\/2025\/01\/LOGO-ERRESSE-CLASSICO.svg\",\"contentUrl\":\"https:\/\/dev6.erresse-shop.it\/wp-content\/uploads\/2025\/01\/LOGO-ERRESSE-CLASSICO.svg\",\"caption\":\"Erresse Shop\"},\"image\":{\"@id\":\"https:\/\/dev6.erresse-shop.it\/#\/schema\/logo\/image\/\"}}]}<\/script>\n<!-- \/ Yoast SEO plugin. -->","yoast_head_json":{"title":"YAXELL Super Gou Kiritsuke 20 cm - dev6 Erresse","description":"El Yaxell Super Gou kiritsuke es un elegante cuchillo de cocina japon\u00e9s con hoja martillada. El kiritsuke est\u00e1 dise\u00f1ado como un cuchillo vers\u00e1til para","robots":{"index":"noindex","follow":"follow","max-snippet":"max-snippet:-1","max-image-preview":"max-image-preview:large","max-video-preview":"max-video-preview:-1"},"og_locale":"es_ES","og_type":"article","og_title":"YAXELL Super Gou Kiritsuke 20 cm - dev6 Erresse","og_description":"El Yaxell Super Gou kiritsuke es un elegante cuchillo de cocina japon\u00e9s con hoja martillada. El kiritsuke est\u00e1 dise\u00f1ado como un cuchillo vers\u00e1til para","og_url":"https:\/\/dev6.erresse-shop.it\/es\/shop\/cocina\/cuchillos\/cuchillos-de-cocina\/yaxell-super-gou-kiritsuke-20-cm\/","og_site_name":"dev6 Erresse","og_image":[{"url":"https:\/\/interpim.erresse-shop.it\/img-catalogo\/yaxell\/yaxell-37134-1.jpg","type":"","width":"","height":""},{"url":"https:\/\/interpim.erresse-shop.it\/img-catalogo\/yaxell\/yaxell-37134-1.jpg","width":1024,"height":1024,"type":"image\/jpeg"}],"twitter_card":"summary_large_image","twitter_image":"https:\/\/interpim.erresse-shop.it\/img-catalogo\/yaxell\/yaxell-37134-1.jpg","schema":{"@context":"https:\/\/schema.org","@graph":[{"@type":"WebPage","@id":"https:\/\/dev6.erresse-shop.it\/es\/shop\/cocina\/cuchillos\/cuchillos-de-cocina\/yaxell-super-gou-kiritsuke-20-cm\/","url":"https:\/\/dev6.erresse-shop.it\/es\/shop\/cocina\/cuchillos\/cuchillos-de-cocina\/yaxell-super-gou-kiritsuke-20-cm\/","name":"YAXELL Super Gou Kiritsuke 20 cm - dev6 Erresse","isPartOf":{"@id":"https:\/\/dev6.erresse-shop.it\/#website"},"primaryImageOfPage":{"@id":"https:\/\/dev6.erresse-shop.it\/es\/shop\/cocina\/cuchillos\/cuchillos-de-cocina\/yaxell-super-gou-kiritsuke-20-cm\/#primaryimage"},"image":{"@id":"https:\/\/dev6.erresse-shop.it\/es\/shop\/cocina\/cuchillos\/cuchillos-de-cocina\/yaxell-super-gou-kiritsuke-20-cm\/#primaryimage"},"thumbnailUrl":"https:\/\/i0.wp.com\/interpim.erresse-shop.it\/img-catalogo\/yaxell\/yaxell-37134-1.jpg?ssl=1","datePublished":"2026-04-12T10:28:05+00:00","description":"El Yaxell Super Gou kiritsuke es un elegante cuchillo de cocina japon\u00e9s con hoja martillada. El kiritsuke est\u00e1 dise\u00f1ado como un cuchillo vers\u00e1til para","breadcrumb":{"@id":"https:\/\/dev6.erresse-shop.it\/es\/shop\/cocina\/cuchillos\/cuchillos-de-cocina\/yaxell-super-gou-kiritsuke-20-cm\/#breadcrumb"},"inLanguage":"es","potentialAction":[{"@type":"ReadAction","target":["https:\/\/dev6.erresse-shop.it\/es\/shop\/cocina\/cuchillos\/cuchillos-de-cocina\/yaxell-super-gou-kiritsuke-20-cm\/"]}]},{"@type":"ImageObject","inLanguage":"es","@id":"https:\/\/dev6.erresse-shop.it\/es\/shop\/cocina\/cuchillos\/cuchillos-de-cocina\/yaxell-super-gou-kiritsuke-20-cm\/#primaryimage","url":"https:\/\/i0.wp.com\/interpim.erresse-shop.it\/img-catalogo\/yaxell\/yaxell-37134-1.jpg?ssl=1","contentUrl":"https:\/\/i0.wp.com\/interpim.erresse-shop.it\/img-catalogo\/yaxell\/yaxell-37134-1.jpg?ssl=1"},{"@type":"BreadcrumbList","@id":"https:\/\/dev6.erresse-shop.it\/es\/shop\/cocina\/cuchillos\/cuchillos-de-cocina\/yaxell-super-gou-kiritsuke-20-cm\/#breadcrumb","itemListElement":[{"@type":"ListItem","position":1,"name":"Home","item":"https:\/\/dev6.erresse-shop.it\/"},{"@type":"ListItem","position":2,"name":"Tienda","item":"https:\/\/dev6.erresse-shop.it\/shop\/"},{"@type":"ListItem","position":3,"name":"YAXELL Super Gou Kiritsuke 20 cm"}]},{"@type":"WebSite","@id":"https:\/\/dev6.erresse-shop.it\/#website","url":"https:\/\/dev6.erresse-shop.it\/","name":"Erresse Shop","description":"","publisher":{"@id":"https:\/\/dev6.erresse-shop.it\/#organization"},"potentialAction":[{"@type":"SearchAction","target":{"@type":"EntryPoint","urlTemplate":"https:\/\/dev6.erresse-shop.it\/?s={search_term_string}"},"query-input":{"@type":"PropertyValueSpecification","valueRequired":true,"valueName":"search_term_string"}}],"inLanguage":"es"},{"@type":"Organization","@id":"https:\/\/dev6.erresse-shop.it\/#organization","name":"Erresse Shop","url":"https:\/\/dev6.erresse-shop.it\/","logo":{"@type":"ImageObject","inLanguage":"es","@id":"https:\/\/dev6.erresse-shop.it\/#\/schema\/logo\/image\/","url":"https:\/\/dev6.erresse-shop.it\/wp-content\/uploads\/2025\/01\/LOGO-ERRESSE-CLASSICO.svg","contentUrl":"https:\/\/dev6.erresse-shop.it\/wp-content\/uploads\/2025\/01\/LOGO-ERRESSE-CLASSICO.svg","caption":"Erresse Shop"},"image":{"@id":"https:\/\/dev6.erresse-shop.it\/#\/schema\/logo\/image\/"}}]}},"df_price":459,"df_sale_price":"","df_regular_price":459,"df_image_link":"https:\/\/i0.wp.com\/interpim.erresse-shop.it\/img-catalogo\/yaxell\/yaxell-37134-1.jpg?resize=300,300&ssl=1","fifu_image_url":"https:\/\/interpim.erresse-shop.it\/img-catalogo\/yaxell\/yaxell-37134-1.jpg","_links":{"self":[{"href":"https:\/\/dev6.erresse-shop.it\/es\/wp-json\/wp\/v2\/product\/1883013","targetHints":{"allow":["GET"]}}],"collection":[{"href":"https:\/\/dev6.erresse-shop.it\/es\/wp-json\/wp\/v2\/product"}],"about":[{"href":"https:\/\/dev6.erresse-shop.it\/es\/wp-json\/wp\/v2\/types\/product"}],"wp:featuredmedia":[{"embeddable":true,"href":"https:\/\/dev6.erresse-shop.it\/es\/wp-json\/wp\/v2\/media\/6372928"}],"wp:attachment":[{"href":"https:\/\/dev6.erresse-shop.it\/es\/wp-json\/wp\/v2\/media?parent=1883013"}],"wp:term":[{"taxonomy":"product_cat","embeddable":true,"href":"https:\/\/dev6.erresse-shop.it\/es\/wp-json\/wp\/v2\/product_cat?post=1883013"},{"taxonomy":"product_tag","embeddable":true,"href":"https:\/\/dev6.erresse-shop.it\/es\/wp-json\/wp\/v2\/product_tag?post=1883013"}],"curies":[{"name":"wp","href":"https:\/\/api.w.org\/{rel}","templated":true}]}}