{"id":1882977,"date":"2026-04-04T12:22:49","date_gmt":"2026-04-04T10:22:49","guid":{"rendered":"https:\/\/dev6.erresse-shop.it\/shop\/sin%20categor\u00eda\/alessi-plisse-hervidor-electrico-negro-17l\/"},"modified":"2025-09-14T09:56:42","modified_gmt":"2025-09-14T07:56:42","slug":"alessi-plisse-hervidor-electrico-negro-17l","status":"publish","type":"product","link":"https:\/\/dev6.erresse-shop.it\/es\/shop\/pequenos-electrodomesticos\/hervidores-electricos\/alessi-plisse-hervidor-electrico-negro-17l\/","title":{"rendered":"ALESSI Pliss\u00e9 Hervidor el\u00e9ctrico negro 1,7L"},"content":{"rendered":"<p>Dise\u00f1ado por Michele De Lucchi, el hervidor Pliss\u00e9 combina aspectos funcionales con un dise\u00f1o pl\u00e1stico y fascinante que revela la formaci\u00f3n como arquitecto del dise\u00f1ador, as\u00ed como sus pasiones por la artesan\u00eda y la escultura. Como un tejido que un denso plisado transforma en un objeto tridimensional, este hervidor recuerda a un vestido de alta costura, un bello objeto para dejar expuesto en la encimera de la cocina.<\/p>\n<p>Caracter\u00edsticas<br \/>\n\u2013 Enchufe europeo<br \/>\n\u2013 Capacidad: 1,7 l<br \/>\n\u2013 Altura: 29 cm<br \/>\n\u2013 Anchura: 16 cm<\/p>\n<p>Not for sale outside from Europe&lt;\/u<\/p>\n","protected":false},"excerpt":{"rendered":"<p>Dise\u00f1ado por Michele De Lucchi, el hervidor Pliss\u00e9 combina aspectos funcionales con un dise\u00f1o pl\u00e1stico y fascinante que revela la formaci\u00f3n como arquitecto del dise\u00f1ador, as\u00ed como sus pasiones por la artesan\u00eda y la escultura. Como un tejido que un denso plisado transforma en un objeto tridimensional, este hervidor recuerda a un vestido de alta [&hellip;]<\/p>\n","protected":false},"featured_media":6289426,"template":"","meta":{"_acf_changed":false},"product_cat":[11950,11947],"product_tag":[],"class_list":{"0":"post-1882977","1":"product","2":"type-product","3":"status-publish","4":"has-post-thumbnail","6":"product_cat-hervidores-electricos","7":"product_cat-pequenos-electrodomesticos","9":"first","10":"instock","11":"sale","12":"taxable","13":"shipping-taxable","14":"purchasable","15":"product-type-simple","swatches":"rey-swatches","show_selected":"","stretch_labels":"rey-swatches--stretch-labels"},"acf":[],"yoast_head":"<!-- This site is optimized with the Yoast SEO plugin v25.4 - https:\/\/yoast.com\/wordpress\/plugins\/seo\/ -->\n<title>ALESSI Pliss\u00e9 Hervidor el\u00e9ctrico negro 1,7L - dev6 Erresse<\/title>\n<meta name=\"description\" content=\"Dise\u00f1ado por Michele De Lucchi, el hervidor Pliss\u00e9 combina aspectos funcionales con un dise\u00f1o pl\u00e1stico y fascinante que revela la formaci\u00f3n como\" \/>\n<meta name=\"robots\" content=\"noindex, follow, max-snippet:-1, max-image-preview:large, max-video-preview:-1\" \/>\n<meta property=\"og:locale\" content=\"es_ES\" \/>\n<meta property=\"og:type\" content=\"article\" \/>\n<meta property=\"og:title\" content=\"ALESSI Pliss\u00e9 Hervidor el\u00e9ctrico negro 1,7L - dev6 Erresse\" \/>\n<meta property=\"og:description\" content=\"Dise\u00f1ado por Michele De Lucchi, el hervidor Pliss\u00e9 combina aspectos funcionales con un dise\u00f1o pl\u00e1stico y fascinante que revela la formaci\u00f3n como\" \/>\n<meta property=\"og:url\" content=\"https:\/\/dev6.erresse-shop.it\/es\/shop\/pequenos-electrodomesticos\/hervidores-electricos\/alessi-plisse-hervidor-electrico-negro-17l\/\" \/>\n<meta property=\"og:site_name\" content=\"dev6 Erresse\" \/>\n<meta property=\"og:image\" content=\"https:\/\/interpim.erresse-shop.it\/Import\/Prodotti\/alessi-plisse-bollitore-elettrico-nero-17l.jpg\" \/><meta property=\"og:image\" content=\"https:\/\/interpim.erresse-shop.it\/Import\/Prodotti\/alessi-plisse-bollitore-elettrico-nero-17l.jpg\" \/>\n\t<meta property=\"og:image:width\" content=\"1024\" \/>\n\t<meta property=\"og:image:height\" content=\"1024\" \/>\n\t<meta property=\"og:image:type\" content=\"image\/jpeg\" \/>\n<meta name=\"twitter:card\" content=\"summary_large_image\" \/>\n<meta name=\"twitter:image\" content=\"https:\/\/interpim.erresse-shop.it\/Import\/Prodotti\/alessi-plisse-bollitore-elettrico-nero-17l.jpg\" \/>\n<script type=\"application\/ld+json\" class=\"yoast-schema-graph\">{\"@context\":\"https:\/\/schema.org\",\"@graph\":[{\"@type\":\"WebPage\",\"@id\":\"https:\/\/dev6.erresse-shop.it\/es\/shop\/pequenos-electrodomesticos\/hervidores-electricos\/alessi-plisse-hervidor-electrico-negro-17l\/\",\"url\":\"https:\/\/dev6.erresse-shop.it\/es\/shop\/pequenos-electrodomesticos\/hervidores-electricos\/alessi-plisse-hervidor-electrico-negro-17l\/\",\"name\":\"ALESSI Pliss\u00e9 Hervidor el\u00e9ctrico negro 1,7L - dev6 Erresse\",\"isPartOf\":{\"@id\":\"https:\/\/dev6.erresse-shop.it\/#website\"},\"primaryImageOfPage\":{\"@id\":\"https:\/\/dev6.erresse-shop.it\/es\/shop\/pequenos-electrodomesticos\/hervidores-electricos\/alessi-plisse-hervidor-electrico-negro-17l\/#primaryimage\"},\"image\":{\"@id\":\"https:\/\/dev6.erresse-shop.it\/es\/shop\/pequenos-electrodomesticos\/hervidores-electricos\/alessi-plisse-hervidor-electrico-negro-17l\/#primaryimage\"},\"thumbnailUrl\":\"https:\/\/i2.wp.com\/interpim.erresse-shop.it\/Import\/Prodotti\/alessi-plisse-bollitore-elettrico-nero-17l.jpg?ssl=1\",\"datePublished\":\"2026-04-04T10:22:49+00:00\",\"description\":\"Dise\u00f1ado por Michele De Lucchi, el hervidor Pliss\u00e9 combina aspectos funcionales con un dise\u00f1o pl\u00e1stico y fascinante que revela la formaci\u00f3n como\",\"breadcrumb\":{\"@id\":\"https:\/\/dev6.erresse-shop.it\/es\/shop\/pequenos-electrodomesticos\/hervidores-electricos\/alessi-plisse-hervidor-electrico-negro-17l\/#breadcrumb\"},\"inLanguage\":\"es\",\"potentialAction\":[{\"@type\":\"ReadAction\",\"target\":[\"https:\/\/dev6.erresse-shop.it\/es\/shop\/pequenos-electrodomesticos\/hervidores-electricos\/alessi-plisse-hervidor-electrico-negro-17l\/\"]}]},{\"@type\":\"ImageObject\",\"inLanguage\":\"es\",\"@id\":\"https:\/\/dev6.erresse-shop.it\/es\/shop\/pequenos-electrodomesticos\/hervidores-electricos\/alessi-plisse-hervidor-electrico-negro-17l\/#primaryimage\",\"url\":\"https:\/\/i2.wp.com\/interpim.erresse-shop.it\/Import\/Prodotti\/alessi-plisse-bollitore-elettrico-nero-17l.jpg?ssl=1\",\"contentUrl\":\"https:\/\/i2.wp.com\/interpim.erresse-shop.it\/Import\/Prodotti\/alessi-plisse-bollitore-elettrico-nero-17l.jpg?ssl=1\"},{\"@type\":\"BreadcrumbList\",\"@id\":\"https:\/\/dev6.erresse-shop.it\/es\/shop\/pequenos-electrodomesticos\/hervidores-electricos\/alessi-plisse-hervidor-electrico-negro-17l\/#breadcrumb\",\"itemListElement\":[{\"@type\":\"ListItem\",\"position\":1,\"name\":\"Home\",\"item\":\"https:\/\/dev6.erresse-shop.it\/\"},{\"@type\":\"ListItem\",\"position\":2,\"name\":\"Tienda\",\"item\":\"https:\/\/dev6.erresse-shop.it\/shop\/\"},{\"@type\":\"ListItem\",\"position\":3,\"name\":\"ALESSI Pliss\u00e9 Hervidor el\u00e9ctrico negro 1,7L\"}]},{\"@type\":\"WebSite\",\"@id\":\"https:\/\/dev6.erresse-shop.it\/#website\",\"url\":\"https:\/\/dev6.erresse-shop.it\/\",\"name\":\"Erresse Shop\",\"description\":\"\",\"publisher\":{\"@id\":\"https:\/\/dev6.erresse-shop.it\/#organization\"},\"potentialAction\":[{\"@type\":\"SearchAction\",\"target\":{\"@type\":\"EntryPoint\",\"urlTemplate\":\"https:\/\/dev6.erresse-shop.it\/?s={search_term_string}\"},\"query-input\":{\"@type\":\"PropertyValueSpecification\",\"valueRequired\":true,\"valueName\":\"search_term_string\"}}],\"inLanguage\":\"es\"},{\"@type\":\"Organization\",\"@id\":\"https:\/\/dev6.erresse-shop.it\/#organization\",\"name\":\"Erresse Shop\",\"url\":\"https:\/\/dev6.erresse-shop.it\/\",\"logo\":{\"@type\":\"ImageObject\",\"inLanguage\":\"es\",\"@id\":\"https:\/\/dev6.erresse-shop.it\/#\/schema\/logo\/image\/\",\"url\":\"https:\/\/dev6.erresse-shop.it\/wp-content\/uploads\/2025\/01\/LOGO-ERRESSE-CLASSICO.svg\",\"contentUrl\":\"https:\/\/dev6.erresse-shop.it\/wp-content\/uploads\/2025\/01\/LOGO-ERRESSE-CLASSICO.svg\",\"caption\":\"Erresse Shop\"},\"image\":{\"@id\":\"https:\/\/dev6.erresse-shop.it\/#\/schema\/logo\/image\/\"}}]}<\/script>\n<!-- \/ Yoast SEO plugin. -->","yoast_head_json":{"title":"ALESSI Pliss\u00e9 Hervidor el\u00e9ctrico negro 1,7L - dev6 Erresse","description":"Dise\u00f1ado por Michele De Lucchi, el hervidor Pliss\u00e9 combina aspectos funcionales con un dise\u00f1o pl\u00e1stico y fascinante que revela la formaci\u00f3n como","robots":{"index":"noindex","follow":"follow","max-snippet":"max-snippet:-1","max-image-preview":"max-image-preview:large","max-video-preview":"max-video-preview:-1"},"og_locale":"es_ES","og_type":"article","og_title":"ALESSI Pliss\u00e9 Hervidor el\u00e9ctrico negro 1,7L - dev6 Erresse","og_description":"Dise\u00f1ado por Michele De Lucchi, el hervidor Pliss\u00e9 combina aspectos funcionales con un dise\u00f1o pl\u00e1stico y fascinante que revela la formaci\u00f3n como","og_url":"https:\/\/dev6.erresse-shop.it\/es\/shop\/pequenos-electrodomesticos\/hervidores-electricos\/alessi-plisse-hervidor-electrico-negro-17l\/","og_site_name":"dev6 Erresse","og_image":[{"url":"https:\/\/interpim.erresse-shop.it\/Import\/Prodotti\/alessi-plisse-bollitore-elettrico-nero-17l.jpg","type":"","width":"","height":""},{"url":"https:\/\/interpim.erresse-shop.it\/Import\/Prodotti\/alessi-plisse-bollitore-elettrico-nero-17l.jpg","width":1024,"height":1024,"type":"image\/jpeg"}],"twitter_card":"summary_large_image","twitter_image":"https:\/\/interpim.erresse-shop.it\/Import\/Prodotti\/alessi-plisse-bollitore-elettrico-nero-17l.jpg","schema":{"@context":"https:\/\/schema.org","@graph":[{"@type":"WebPage","@id":"https:\/\/dev6.erresse-shop.it\/es\/shop\/pequenos-electrodomesticos\/hervidores-electricos\/alessi-plisse-hervidor-electrico-negro-17l\/","url":"https:\/\/dev6.erresse-shop.it\/es\/shop\/pequenos-electrodomesticos\/hervidores-electricos\/alessi-plisse-hervidor-electrico-negro-17l\/","name":"ALESSI Pliss\u00e9 Hervidor el\u00e9ctrico negro 1,7L - dev6 Erresse","isPartOf":{"@id":"https:\/\/dev6.erresse-shop.it\/#website"},"primaryImageOfPage":{"@id":"https:\/\/dev6.erresse-shop.it\/es\/shop\/pequenos-electrodomesticos\/hervidores-electricos\/alessi-plisse-hervidor-electrico-negro-17l\/#primaryimage"},"image":{"@id":"https:\/\/dev6.erresse-shop.it\/es\/shop\/pequenos-electrodomesticos\/hervidores-electricos\/alessi-plisse-hervidor-electrico-negro-17l\/#primaryimage"},"thumbnailUrl":"https:\/\/i2.wp.com\/interpim.erresse-shop.it\/Import\/Prodotti\/alessi-plisse-bollitore-elettrico-nero-17l.jpg?ssl=1","datePublished":"2026-04-04T10:22:49+00:00","description":"Dise\u00f1ado por Michele De Lucchi, el hervidor Pliss\u00e9 combina aspectos funcionales con un dise\u00f1o pl\u00e1stico y fascinante que revela la formaci\u00f3n como","breadcrumb":{"@id":"https:\/\/dev6.erresse-shop.it\/es\/shop\/pequenos-electrodomesticos\/hervidores-electricos\/alessi-plisse-hervidor-electrico-negro-17l\/#breadcrumb"},"inLanguage":"es","potentialAction":[{"@type":"ReadAction","target":["https:\/\/dev6.erresse-shop.it\/es\/shop\/pequenos-electrodomesticos\/hervidores-electricos\/alessi-plisse-hervidor-electrico-negro-17l\/"]}]},{"@type":"ImageObject","inLanguage":"es","@id":"https:\/\/dev6.erresse-shop.it\/es\/shop\/pequenos-electrodomesticos\/hervidores-electricos\/alessi-plisse-hervidor-electrico-negro-17l\/#primaryimage","url":"https:\/\/i2.wp.com\/interpim.erresse-shop.it\/Import\/Prodotti\/alessi-plisse-bollitore-elettrico-nero-17l.jpg?ssl=1","contentUrl":"https:\/\/i2.wp.com\/interpim.erresse-shop.it\/Import\/Prodotti\/alessi-plisse-bollitore-elettrico-nero-17l.jpg?ssl=1"},{"@type":"BreadcrumbList","@id":"https:\/\/dev6.erresse-shop.it\/es\/shop\/pequenos-electrodomesticos\/hervidores-electricos\/alessi-plisse-hervidor-electrico-negro-17l\/#breadcrumb","itemListElement":[{"@type":"ListItem","position":1,"name":"Home","item":"https:\/\/dev6.erresse-shop.it\/"},{"@type":"ListItem","position":2,"name":"Tienda","item":"https:\/\/dev6.erresse-shop.it\/shop\/"},{"@type":"ListItem","position":3,"name":"ALESSI Pliss\u00e9 Hervidor el\u00e9ctrico negro 1,7L"}]},{"@type":"WebSite","@id":"https:\/\/dev6.erresse-shop.it\/#website","url":"https:\/\/dev6.erresse-shop.it\/","name":"Erresse Shop","description":"","publisher":{"@id":"https:\/\/dev6.erresse-shop.it\/#organization"},"potentialAction":[{"@type":"SearchAction","target":{"@type":"EntryPoint","urlTemplate":"https:\/\/dev6.erresse-shop.it\/?s={search_term_string}"},"query-input":{"@type":"PropertyValueSpecification","valueRequired":true,"valueName":"search_term_string"}}],"inLanguage":"es"},{"@type":"Organization","@id":"https:\/\/dev6.erresse-shop.it\/#organization","name":"Erresse Shop","url":"https:\/\/dev6.erresse-shop.it\/","logo":{"@type":"ImageObject","inLanguage":"es","@id":"https:\/\/dev6.erresse-shop.it\/#\/schema\/logo\/image\/","url":"https:\/\/dev6.erresse-shop.it\/wp-content\/uploads\/2025\/01\/LOGO-ERRESSE-CLASSICO.svg","contentUrl":"https:\/\/dev6.erresse-shop.it\/wp-content\/uploads\/2025\/01\/LOGO-ERRESSE-CLASSICO.svg","caption":"Erresse Shop"},"image":{"@id":"https:\/\/dev6.erresse-shop.it\/#\/schema\/logo\/image\/"}}]}},"df_price":89.95,"df_sale_price":89.95,"df_regular_price":105,"df_image_link":"https:\/\/i2.wp.com\/interpim.erresse-shop.it\/Import\/Prodotti\/alessi-plisse-bollitore-elettrico-nero-17l.jpg?resize=300,300&ssl=1","fifu_image_url":"https:\/\/interpim.erresse-shop.it\/Import\/Prodotti\/alessi-plisse-bollitore-elettrico-nero-17l.jpg","_links":{"self":[{"href":"https:\/\/dev6.erresse-shop.it\/es\/wp-json\/wp\/v2\/product\/1882977","targetHints":{"allow":["GET"]}}],"collection":[{"href":"https:\/\/dev6.erresse-shop.it\/es\/wp-json\/wp\/v2\/product"}],"about":[{"href":"https:\/\/dev6.erresse-shop.it\/es\/wp-json\/wp\/v2\/types\/product"}],"wp:featuredmedia":[{"embeddable":true,"href":"https:\/\/dev6.erresse-shop.it\/es\/wp-json\/wp\/v2\/media\/6289426"}],"wp:attachment":[{"href":"https:\/\/dev6.erresse-shop.it\/es\/wp-json\/wp\/v2\/media?parent=1882977"}],"wp:term":[{"taxonomy":"product_cat","embeddable":true,"href":"https:\/\/dev6.erresse-shop.it\/es\/wp-json\/wp\/v2\/product_cat?post=1882977"},{"taxonomy":"product_tag","embeddable":true,"href":"https:\/\/dev6.erresse-shop.it\/es\/wp-json\/wp\/v2\/product_tag?post=1882977"}],"curies":[{"name":"wp","href":"https:\/\/api.w.org\/{rel}","templated":true}]}}