{"id":1882949,"date":"2026-04-12T12:23:26","date_gmt":"2026-04-12T10:23:26","guid":{"rendered":"https:\/\/dev6.erresse-shop.it\/shop\/sin%20categor\u00eda\/cuisinart-parrilla-de-dos-platos\/"},"modified":"2025-07-05T00:47:35","modified_gmt":"2025-07-04T22:47:35","slug":"cuisinart-parrilla-de-dos-platos","status":"publish","type":"product","link":"https:\/\/dev6.erresse-shop.it\/es\/shop\/cocina\/cuisinart-parrilla-de-dos-platos\/","title":{"rendered":"CUISINART Parrilla de dos platos"},"content":{"rendered":"<p>Esta parrilla es un producto realmente vers\u00e1til para tener en su cocina. Las placas intercambiables, aptas para el lavavajillas, acanaladas y lisas, pueden utilizarse para una gran variedad de recetas, desde sabrosas tortitas hasta deliciosos s\u00e1ndwiches o perfectos filetes.<\/p>\n<p>Forma parte de la colecci\u00f3n Style y es perfecta en cualquier cocina.<\/p>\n<p>Esta parrilla viene con dos juegos de platos extra\u00edbles y aptos para el lavavajillas. Utilice las placas acanaladas para conseguir marcas perfectas en la parrilla en carnes y s\u00e1ndwiches o las placas lisas para huevos y tortitas. Tambi\u00e9n puede tener una parrilla por tipo.<\/p>\n<p>Con una temperatura de 240 \u00b0C, cocina los filetes en minutos. Los diferentes ajustes de calor le permiten un control total de la cocci\u00f3n, incluso de pescados y verduras delicados. El calentamiento r\u00e1pido y la recuperaci\u00f3n del calor le permiten obtener resultados de cocci\u00f3n profesionales sea cual sea su receta. El revestimiento antiadherente de alta calidad s\u00f3lo requiere un poco de aceite y la bandeja integrada recoge c\u00f3modamente el exceso de grasa.<\/p>\n<p>Cuando se utiliza como parrilla cerrada, la bisagra m\u00f3vil se apoya suavemente sobre los alimentos, cocinando la carne de forma r\u00e1pida y uniforme por ambos lados. Al abrirla por completo puede utilizarla para ingredientes m\u00e1s delicados o para una mayor superficie de cocci\u00f3n. Puedes programar el temporizador para que te avise cuando la comida est\u00e9 lista.<\/p>\n<p>ACCESORIOS:<\/p>\n<p>2 juegos de placas acanaladas y lisas<br \/>\nEsp\u00e1tula \/ herramienta de limpieza<br \/>\nBandeja de recogida de aceite extra\u00edble<\/p>\n<p>CARACTER\u00cdSTICAS T\u00c9CNICAS:<\/p>\n<p>2 juegos de platos intercambiables, aptos para el lavavajillas.<br \/>\nRevestimiento antiadherente de alta calidad para facilitar la limpieza.<br \/>\nTemporizador ajustable de 0 a 30 minutos.<br \/>\nControl de temperatura variable hasta 240 \u00b0C.<br \/>\nPuede utilizarse como parrilla cerrada para una cocci\u00f3n m\u00e1s r\u00e1pida o abierta para grandes cantidades e ingredientes delicados.<br \/>\nBisagra m\u00f3vil de hasta 8 cm de grosor<br \/>\nLa bandeja integrada recoge el exceso de grasa para cocinar de forma m\u00e1s saludable.<br \/>\nDimensiones (posici\u00f3n cerrada): H 20 x W 37 x D 33 cm.<\/p>\n<p>5 a\u00f1os de garant\u00eda<br \/>\nNo se vende fuera de Europa<\/p>\n","protected":false},"excerpt":{"rendered":"<p>Esta parrilla es un producto realmente vers\u00e1til para tener en su cocina. Las placas intercambiables, aptas para el lavavajillas, acanaladas y lisas, pueden utilizarse para una gran variedad de recetas, desde sabrosas tortitas hasta deliciosos s\u00e1ndwiches o perfectos filetes. Forma parte de la colecci\u00f3n Style y es perfecta en cualquier cocina. Esta parrilla viene con [&hellip;]<\/p>\n","protected":false},"featured_media":6372577,"template":"","meta":{"_acf_changed":false},"product_cat":[11884],"product_tag":[],"class_list":{"0":"post-1882949","1":"product","2":"type-product","3":"status-publish","4":"has-post-thumbnail","6":"product_cat-cocina","8":"first","9":"instock","10":"taxable","11":"shipping-taxable","12":"product-type-simple","swatches":"rey-swatches","show_selected":"","stretch_labels":"rey-swatches--stretch-labels"},"acf":[],"yoast_head":"<!-- This site is optimized with the Yoast SEO plugin v25.4 - https:\/\/yoast.com\/wordpress\/plugins\/seo\/ -->\n<title>CUISINART Parrilla de dos platos - dev6 Erresse<\/title>\n<meta name=\"description\" content=\"Esta parrilla es un producto realmente vers\u00e1til para tener en su cocina. Las placas intercambiables, aptas para el lavavajillas, acanaladas y lisas,\" \/>\n<meta name=\"robots\" content=\"noindex, follow, max-snippet:-1, max-image-preview:large, max-video-preview:-1\" \/>\n<meta property=\"og:locale\" content=\"es_ES\" \/>\n<meta property=\"og:type\" content=\"article\" \/>\n<meta property=\"og:title\" content=\"CUISINART Parrilla de dos platos - dev6 Erresse\" \/>\n<meta property=\"og:description\" content=\"Esta parrilla es un producto realmente vers\u00e1til para tener en su cocina. Las placas intercambiables, aptas para el lavavajillas, acanaladas y lisas,\" \/>\n<meta property=\"og:url\" content=\"https:\/\/dev6.erresse-shop.it\/es\/shop\/cocina\/cuisinart-parrilla-de-dos-platos\/\" \/>\n<meta property=\"og:site_name\" content=\"dev6 Erresse\" \/>\n<meta property=\"og:image\" content=\"https:\/\/interpim.erresse-shop.it\/wp-content\/uploads\/2022\/10\/CUISINART-Grill-Due-Piastre.jpg\/cuisinart-grill-due-piastre.jpg\" \/><meta property=\"og:image\" content=\"https:\/\/interpim.erresse-shop.it\/wp-content\/uploads\/2022\/10\/CUISINART-Grill-Due-Piastre.jpg\/cuisinart-grill-due-piastre.jpg\" \/>\n\t<meta property=\"og:image:width\" content=\"1024\" \/>\n\t<meta property=\"og:image:height\" content=\"1024\" \/>\n\t<meta property=\"og:image:type\" content=\"image\/jpeg\" \/>\n<meta name=\"twitter:card\" content=\"summary_large_image\" \/>\n<meta name=\"twitter:image\" content=\"https:\/\/interpim.erresse-shop.it\/wp-content\/uploads\/2022\/10\/CUISINART-Grill-Due-Piastre.jpg\/cuisinart-grill-due-piastre.jpg\" \/>\n<script type=\"application\/ld+json\" class=\"yoast-schema-graph\">{\"@context\":\"https:\/\/schema.org\",\"@graph\":[{\"@type\":\"WebPage\",\"@id\":\"https:\/\/dev6.erresse-shop.it\/es\/shop\/cocina\/cuisinart-parrilla-de-dos-platos\/\",\"url\":\"https:\/\/dev6.erresse-shop.it\/es\/shop\/cocina\/cuisinart-parrilla-de-dos-platos\/\",\"name\":\"CUISINART Parrilla de dos platos - dev6 Erresse\",\"isPartOf\":{\"@id\":\"https:\/\/dev6.erresse-shop.it\/#website\"},\"primaryImageOfPage\":{\"@id\":\"https:\/\/dev6.erresse-shop.it\/es\/shop\/cocina\/cuisinart-parrilla-de-dos-platos\/#primaryimage\"},\"image\":{\"@id\":\"https:\/\/dev6.erresse-shop.it\/es\/shop\/cocina\/cuisinart-parrilla-de-dos-platos\/#primaryimage\"},\"thumbnailUrl\":\"https:\/\/i2.wp.com\/interpim.erresse-shop.it\/wp-content\/uploads\/2022\/10\/CUISINART-Grill-Due-Piastre.jpg\/cuisinart-grill-due-piastre.jpg?ssl=1\",\"datePublished\":\"2026-04-12T10:23:26+00:00\",\"description\":\"Esta parrilla es un producto realmente vers\u00e1til para tener en su cocina. Las placas intercambiables, aptas para el lavavajillas, acanaladas y lisas,\",\"breadcrumb\":{\"@id\":\"https:\/\/dev6.erresse-shop.it\/es\/shop\/cocina\/cuisinart-parrilla-de-dos-platos\/#breadcrumb\"},\"inLanguage\":\"es\",\"potentialAction\":[{\"@type\":\"ReadAction\",\"target\":[\"https:\/\/dev6.erresse-shop.it\/es\/shop\/cocina\/cuisinart-parrilla-de-dos-platos\/\"]}]},{\"@type\":\"ImageObject\",\"inLanguage\":\"es\",\"@id\":\"https:\/\/dev6.erresse-shop.it\/es\/shop\/cocina\/cuisinart-parrilla-de-dos-platos\/#primaryimage\",\"url\":\"https:\/\/i2.wp.com\/interpim.erresse-shop.it\/wp-content\/uploads\/2022\/10\/CUISINART-Grill-Due-Piastre.jpg\/cuisinart-grill-due-piastre.jpg?ssl=1\",\"contentUrl\":\"https:\/\/i2.wp.com\/interpim.erresse-shop.it\/wp-content\/uploads\/2022\/10\/CUISINART-Grill-Due-Piastre.jpg\/cuisinart-grill-due-piastre.jpg?ssl=1\"},{\"@type\":\"BreadcrumbList\",\"@id\":\"https:\/\/dev6.erresse-shop.it\/es\/shop\/cocina\/cuisinart-parrilla-de-dos-platos\/#breadcrumb\",\"itemListElement\":[{\"@type\":\"ListItem\",\"position\":1,\"name\":\"Home\",\"item\":\"https:\/\/dev6.erresse-shop.it\/\"},{\"@type\":\"ListItem\",\"position\":2,\"name\":\"Tienda\",\"item\":\"https:\/\/dev6.erresse-shop.it\/shop\/\"},{\"@type\":\"ListItem\",\"position\":3,\"name\":\"CUISINART Parrilla de dos platos\"}]},{\"@type\":\"WebSite\",\"@id\":\"https:\/\/dev6.erresse-shop.it\/#website\",\"url\":\"https:\/\/dev6.erresse-shop.it\/\",\"name\":\"Erresse Shop\",\"description\":\"\",\"publisher\":{\"@id\":\"https:\/\/dev6.erresse-shop.it\/#organization\"},\"potentialAction\":[{\"@type\":\"SearchAction\",\"target\":{\"@type\":\"EntryPoint\",\"urlTemplate\":\"https:\/\/dev6.erresse-shop.it\/?s={search_term_string}\"},\"query-input\":{\"@type\":\"PropertyValueSpecification\",\"valueRequired\":true,\"valueName\":\"search_term_string\"}}],\"inLanguage\":\"es\"},{\"@type\":\"Organization\",\"@id\":\"https:\/\/dev6.erresse-shop.it\/#organization\",\"name\":\"Erresse Shop\",\"url\":\"https:\/\/dev6.erresse-shop.it\/\",\"logo\":{\"@type\":\"ImageObject\",\"inLanguage\":\"es\",\"@id\":\"https:\/\/dev6.erresse-shop.it\/#\/schema\/logo\/image\/\",\"url\":\"https:\/\/dev6.erresse-shop.it\/wp-content\/uploads\/2025\/01\/LOGO-ERRESSE-CLASSICO.svg\",\"contentUrl\":\"https:\/\/dev6.erresse-shop.it\/wp-content\/uploads\/2025\/01\/LOGO-ERRESSE-CLASSICO.svg\",\"caption\":\"Erresse Shop\"},\"image\":{\"@id\":\"https:\/\/dev6.erresse-shop.it\/#\/schema\/logo\/image\/\"}}]}<\/script>\n<!-- \/ Yoast SEO plugin. -->","yoast_head_json":{"title":"CUISINART Parrilla de dos platos - dev6 Erresse","description":"Esta parrilla es un producto realmente vers\u00e1til para tener en su cocina. Las placas intercambiables, aptas para el lavavajillas, acanaladas y lisas,","robots":{"index":"noindex","follow":"follow","max-snippet":"max-snippet:-1","max-image-preview":"max-image-preview:large","max-video-preview":"max-video-preview:-1"},"og_locale":"es_ES","og_type":"article","og_title":"CUISINART Parrilla de dos platos - dev6 Erresse","og_description":"Esta parrilla es un producto realmente vers\u00e1til para tener en su cocina. Las placas intercambiables, aptas para el lavavajillas, acanaladas y lisas,","og_url":"https:\/\/dev6.erresse-shop.it\/es\/shop\/cocina\/cuisinart-parrilla-de-dos-platos\/","og_site_name":"dev6 Erresse","og_image":[{"url":"https:\/\/interpim.erresse-shop.it\/wp-content\/uploads\/2022\/10\/CUISINART-Grill-Due-Piastre.jpg\/cuisinart-grill-due-piastre.jpg","type":"","width":"","height":""},{"url":"https:\/\/interpim.erresse-shop.it\/wp-content\/uploads\/2022\/10\/CUISINART-Grill-Due-Piastre.jpg\/cuisinart-grill-due-piastre.jpg","width":1024,"height":1024,"type":"image\/jpeg"}],"twitter_card":"summary_large_image","twitter_image":"https:\/\/interpim.erresse-shop.it\/wp-content\/uploads\/2022\/10\/CUISINART-Grill-Due-Piastre.jpg\/cuisinart-grill-due-piastre.jpg","schema":{"@context":"https:\/\/schema.org","@graph":[{"@type":"WebPage","@id":"https:\/\/dev6.erresse-shop.it\/es\/shop\/cocina\/cuisinart-parrilla-de-dos-platos\/","url":"https:\/\/dev6.erresse-shop.it\/es\/shop\/cocina\/cuisinart-parrilla-de-dos-platos\/","name":"CUISINART Parrilla de dos platos - dev6 Erresse","isPartOf":{"@id":"https:\/\/dev6.erresse-shop.it\/#website"},"primaryImageOfPage":{"@id":"https:\/\/dev6.erresse-shop.it\/es\/shop\/cocina\/cuisinart-parrilla-de-dos-platos\/#primaryimage"},"image":{"@id":"https:\/\/dev6.erresse-shop.it\/es\/shop\/cocina\/cuisinart-parrilla-de-dos-platos\/#primaryimage"},"thumbnailUrl":"https:\/\/i2.wp.com\/interpim.erresse-shop.it\/wp-content\/uploads\/2022\/10\/CUISINART-Grill-Due-Piastre.jpg\/cuisinart-grill-due-piastre.jpg?ssl=1","datePublished":"2026-04-12T10:23:26+00:00","description":"Esta parrilla es un producto realmente vers\u00e1til para tener en su cocina. Las placas intercambiables, aptas para el lavavajillas, acanaladas y lisas,","breadcrumb":{"@id":"https:\/\/dev6.erresse-shop.it\/es\/shop\/cocina\/cuisinart-parrilla-de-dos-platos\/#breadcrumb"},"inLanguage":"es","potentialAction":[{"@type":"ReadAction","target":["https:\/\/dev6.erresse-shop.it\/es\/shop\/cocina\/cuisinart-parrilla-de-dos-platos\/"]}]},{"@type":"ImageObject","inLanguage":"es","@id":"https:\/\/dev6.erresse-shop.it\/es\/shop\/cocina\/cuisinart-parrilla-de-dos-platos\/#primaryimage","url":"https:\/\/i2.wp.com\/interpim.erresse-shop.it\/wp-content\/uploads\/2022\/10\/CUISINART-Grill-Due-Piastre.jpg\/cuisinart-grill-due-piastre.jpg?ssl=1","contentUrl":"https:\/\/i2.wp.com\/interpim.erresse-shop.it\/wp-content\/uploads\/2022\/10\/CUISINART-Grill-Due-Piastre.jpg\/cuisinart-grill-due-piastre.jpg?ssl=1"},{"@type":"BreadcrumbList","@id":"https:\/\/dev6.erresse-shop.it\/es\/shop\/cocina\/cuisinart-parrilla-de-dos-platos\/#breadcrumb","itemListElement":[{"@type":"ListItem","position":1,"name":"Home","item":"https:\/\/dev6.erresse-shop.it\/"},{"@type":"ListItem","position":2,"name":"Tienda","item":"https:\/\/dev6.erresse-shop.it\/shop\/"},{"@type":"ListItem","position":3,"name":"CUISINART Parrilla de dos platos"}]},{"@type":"WebSite","@id":"https:\/\/dev6.erresse-shop.it\/#website","url":"https:\/\/dev6.erresse-shop.it\/","name":"Erresse Shop","description":"","publisher":{"@id":"https:\/\/dev6.erresse-shop.it\/#organization"},"potentialAction":[{"@type":"SearchAction","target":{"@type":"EntryPoint","urlTemplate":"https:\/\/dev6.erresse-shop.it\/?s={search_term_string}"},"query-input":{"@type":"PropertyValueSpecification","valueRequired":true,"valueName":"search_term_string"}}],"inLanguage":"es"},{"@type":"Organization","@id":"https:\/\/dev6.erresse-shop.it\/#organization","name":"Erresse Shop","url":"https:\/\/dev6.erresse-shop.it\/","logo":{"@type":"ImageObject","inLanguage":"es","@id":"https:\/\/dev6.erresse-shop.it\/#\/schema\/logo\/image\/","url":"https:\/\/dev6.erresse-shop.it\/wp-content\/uploads\/2025\/01\/LOGO-ERRESSE-CLASSICO.svg","contentUrl":"https:\/\/dev6.erresse-shop.it\/wp-content\/uploads\/2025\/01\/LOGO-ERRESSE-CLASSICO.svg","caption":"Erresse Shop"},"image":{"@id":"https:\/\/dev6.erresse-shop.it\/#\/schema\/logo\/image\/"}}]}},"df_price":"","df_sale_price":"","df_regular_price":"","df_image_link":"https:\/\/i2.wp.com\/interpim.erresse-shop.it\/wp-content\/uploads\/2022\/10\/CUISINART-Grill-Due-Piastre.jpg\/cuisinart-grill-due-piastre.jpg?resize=300,300&ssl=1","fifu_image_url":"https:\/\/interpim.erresse-shop.it\/wp-content\/uploads\/2022\/10\/CUISINART-Grill-Due-Piastre.jpg\/cuisinart-grill-due-piastre.jpg","_links":{"self":[{"href":"https:\/\/dev6.erresse-shop.it\/es\/wp-json\/wp\/v2\/product\/1882949","targetHints":{"allow":["GET"]}}],"collection":[{"href":"https:\/\/dev6.erresse-shop.it\/es\/wp-json\/wp\/v2\/product"}],"about":[{"href":"https:\/\/dev6.erresse-shop.it\/es\/wp-json\/wp\/v2\/types\/product"}],"wp:featuredmedia":[{"embeddable":true,"href":"https:\/\/dev6.erresse-shop.it\/es\/wp-json\/wp\/v2\/media\/6372577"}],"wp:attachment":[{"href":"https:\/\/dev6.erresse-shop.it\/es\/wp-json\/wp\/v2\/media?parent=1882949"}],"wp:term":[{"taxonomy":"product_cat","embeddable":true,"href":"https:\/\/dev6.erresse-shop.it\/es\/wp-json\/wp\/v2\/product_cat?post=1882949"},{"taxonomy":"product_tag","embeddable":true,"href":"https:\/\/dev6.erresse-shop.it\/es\/wp-json\/wp\/v2\/product_tag?post=1882949"}],"curies":[{"name":"wp","href":"https:\/\/api.w.org\/{rel}","templated":true}]}}