{"id":1882945,"date":"2026-04-12T12:23:26","date_gmt":"2026-04-12T10:23:26","guid":{"rendered":"https:\/\/dev6.erresse-shop.it\/shop\/sin%20categor\u00eda\/cuisinart-parrilla-de-doble-plato\/"},"modified":"2025-07-05T00:47:24","modified_gmt":"2025-07-04T22:47:24","slug":"cuisinart-parrilla-de-doble-plato","status":"publish","type":"product","link":"https:\/\/dev6.erresse-shop.it\/es\/shop\/cocina\/cuisinart-parrilla-de-doble-plato\/","title":{"rendered":"CUISINART Parrilla de doble plato"},"content":{"rendered":"<p>Esta parrilla Cuisinart es una verdadera placa multifuncional. Las placas de la parrilla son aptas para el lavavajillas y pueden utilizarse para una gran variedad de recetas: verduras a la parrilla, s\u00e1ndwiches, filetes y mucho m\u00e1s.<\/p>\n<p>Su acabado gris met\u00e1lico con detalles en acero inoxidable es bastante compacto y se puede guardar f\u00e1cilmente.<\/p>\n<p>Esta parrilla est\u00e1 equipada con placas acanaladas extra\u00edbles y aptas para el lavavajillas.<\/p>\n<p>La temperatura m\u00e1xima de 240 \u00b0C puede cocinar un filete en pocos minutos, y las diferentes opciones de temperatura permiten una cocci\u00f3n adecuada incluso para alimentos delicados como el pescado y las verduras. Su r\u00e1pido calentamiento y la estabilidad de la temperatura permiten un resultado de cocci\u00f3n profesional, sea cual sea la receta que elija. El revestimiento antiadherente de alta calidad es perfecto para cocinar de forma saludable y con muy poca grasa. tambi\u00e9n cuenta con una bandeja para recoger el exceso de aceite.<\/p>\n<p>Una vez cerrado, las bisagras flotantes permiten que la parte superior presione suavemente los alimentos, sin aplastarlos. Al abrirlo, se puede utilizar para alimentos m\u00e1s fr\u00e1giles, aumentando la superficie de cocci\u00f3n disponible. El temporizador controla el tiempo de cocci\u00f3n.<\/p>\n<p>ACCESORIOS:<\/p>\n<p>Juego de placas acanaladas<br \/>\nEsp\u00e1tula de limpieza<\/p>\n<p>CARACTER\u00cdSTICAS T\u00c9CNICAS:<\/p>\n<p>Juego de platos acanalados extra\u00edbles y lavables a m\u00e1quina.<br \/>\nRevestimiento antiadherente de alta calidad para facilitar la limpieza.<br \/>\nTemporizador de 0 a 30 minutos.<br \/>\nControl de temperatura variable hasta 240 \u00b0C.<br \/>\nPuede utilizarse como parrilla cerrada o abierta.<br \/>\nBisagra ajustable en altura hasta 8 cm.<br \/>\nLa bandeja integrada recoge la grasa para cocinar de forma m\u00e1s saludable.<br \/>\nDimensiones (cerradas): 20 (altura) x 37 (anchura) x 33 (profundidad) cm<\/p>\n<p>5 a\u00f1os de garant\u00eda<br \/>\nNo se vende fuera de Europa<\/p>\n","protected":false},"excerpt":{"rendered":"<p>Esta parrilla Cuisinart es una verdadera placa multifuncional. Las placas de la parrilla son aptas para el lavavajillas y pueden utilizarse para una gran variedad de recetas: verduras a la parrilla, s\u00e1ndwiches, filetes y mucho m\u00e1s. Su acabado gris met\u00e1lico con detalles en acero inoxidable es bastante compacto y se puede guardar f\u00e1cilmente. Esta parrilla [&hellip;]<\/p>\n","protected":false},"featured_media":6372555,"template":"","meta":{"_acf_changed":false},"product_cat":[11884],"product_tag":[],"class_list":{"0":"post-1882945","1":"product","2":"type-product","3":"status-publish","4":"has-post-thumbnail","6":"product_cat-cocina","8":"first","9":"instock","10":"taxable","11":"shipping-taxable","12":"product-type-simple","swatches":"rey-swatches","show_selected":"","stretch_labels":"rey-swatches--stretch-labels"},"acf":[],"yoast_head":"<!-- This site is optimized with the Yoast SEO plugin v25.4 - https:\/\/yoast.com\/wordpress\/plugins\/seo\/ -->\n<title>CUISINART Parrilla de doble plato - dev6 Erresse<\/title>\n<meta name=\"description\" content=\"Esta parrilla Cuisinart es una verdadera placa multifuncional. Las placas de la parrilla son aptas para el lavavajillas y pueden utilizarse para una gran\" \/>\n<meta name=\"robots\" content=\"noindex, follow, max-snippet:-1, max-image-preview:large, max-video-preview:-1\" \/>\n<meta property=\"og:locale\" content=\"es_ES\" \/>\n<meta property=\"og:type\" content=\"article\" \/>\n<meta property=\"og:title\" content=\"CUISINART Parrilla de doble plato - dev6 Erresse\" \/>\n<meta property=\"og:description\" content=\"Esta parrilla Cuisinart es una verdadera placa multifuncional. Las placas de la parrilla son aptas para el lavavajillas y pueden utilizarse para una gran\" \/>\n<meta property=\"og:url\" content=\"https:\/\/dev6.erresse-shop.it\/es\/shop\/cocina\/cuisinart-parrilla-de-doble-plato\/\" \/>\n<meta property=\"og:site_name\" content=\"dev6 Erresse\" \/>\n<meta property=\"og:image\" content=\"https:\/\/interpim.erresse-shop.it\/wp-content\/uploads\/2022\/10\/CUISINART-Grill-Doppia-Piastra.jpg\/cuisinart-grill-doppia-piastra.jpg\" \/><meta property=\"og:image\" content=\"https:\/\/interpim.erresse-shop.it\/wp-content\/uploads\/2022\/10\/CUISINART-Grill-Doppia-Piastra.jpg\/cuisinart-grill-doppia-piastra.jpg\" \/>\n\t<meta property=\"og:image:width\" content=\"1024\" \/>\n\t<meta property=\"og:image:height\" content=\"1024\" \/>\n\t<meta property=\"og:image:type\" content=\"image\/jpeg\" \/>\n<meta name=\"twitter:card\" content=\"summary_large_image\" \/>\n<meta name=\"twitter:image\" content=\"https:\/\/interpim.erresse-shop.it\/wp-content\/uploads\/2022\/10\/CUISINART-Grill-Doppia-Piastra.jpg\/cuisinart-grill-doppia-piastra.jpg\" \/>\n<script type=\"application\/ld+json\" class=\"yoast-schema-graph\">{\"@context\":\"https:\/\/schema.org\",\"@graph\":[{\"@type\":\"WebPage\",\"@id\":\"https:\/\/dev6.erresse-shop.it\/es\/shop\/cocina\/cuisinart-parrilla-de-doble-plato\/\",\"url\":\"https:\/\/dev6.erresse-shop.it\/es\/shop\/cocina\/cuisinart-parrilla-de-doble-plato\/\",\"name\":\"CUISINART Parrilla de doble plato - dev6 Erresse\",\"isPartOf\":{\"@id\":\"https:\/\/dev6.erresse-shop.it\/#website\"},\"primaryImageOfPage\":{\"@id\":\"https:\/\/dev6.erresse-shop.it\/es\/shop\/cocina\/cuisinart-parrilla-de-doble-plato\/#primaryimage\"},\"image\":{\"@id\":\"https:\/\/dev6.erresse-shop.it\/es\/shop\/cocina\/cuisinart-parrilla-de-doble-plato\/#primaryimage\"},\"thumbnailUrl\":\"https:\/\/i0.wp.com\/interpim.erresse-shop.it\/wp-content\/uploads\/2022\/10\/CUISINART-Grill-Doppia-Piastra.jpg\/cuisinart-grill-doppia-piastra.jpg?ssl=1\",\"datePublished\":\"2026-04-12T10:23:26+00:00\",\"description\":\"Esta parrilla Cuisinart es una verdadera placa multifuncional. Las placas de la parrilla son aptas para el lavavajillas y pueden utilizarse para una gran\",\"breadcrumb\":{\"@id\":\"https:\/\/dev6.erresse-shop.it\/es\/shop\/cocina\/cuisinart-parrilla-de-doble-plato\/#breadcrumb\"},\"inLanguage\":\"es\",\"potentialAction\":[{\"@type\":\"ReadAction\",\"target\":[\"https:\/\/dev6.erresse-shop.it\/es\/shop\/cocina\/cuisinart-parrilla-de-doble-plato\/\"]}]},{\"@type\":\"ImageObject\",\"inLanguage\":\"es\",\"@id\":\"https:\/\/dev6.erresse-shop.it\/es\/shop\/cocina\/cuisinart-parrilla-de-doble-plato\/#primaryimage\",\"url\":\"https:\/\/i0.wp.com\/interpim.erresse-shop.it\/wp-content\/uploads\/2022\/10\/CUISINART-Grill-Doppia-Piastra.jpg\/cuisinart-grill-doppia-piastra.jpg?ssl=1\",\"contentUrl\":\"https:\/\/i0.wp.com\/interpim.erresse-shop.it\/wp-content\/uploads\/2022\/10\/CUISINART-Grill-Doppia-Piastra.jpg\/cuisinart-grill-doppia-piastra.jpg?ssl=1\"},{\"@type\":\"BreadcrumbList\",\"@id\":\"https:\/\/dev6.erresse-shop.it\/es\/shop\/cocina\/cuisinart-parrilla-de-doble-plato\/#breadcrumb\",\"itemListElement\":[{\"@type\":\"ListItem\",\"position\":1,\"name\":\"Home\",\"item\":\"https:\/\/dev6.erresse-shop.it\/\"},{\"@type\":\"ListItem\",\"position\":2,\"name\":\"Tienda\",\"item\":\"https:\/\/dev6.erresse-shop.it\/shop\/\"},{\"@type\":\"ListItem\",\"position\":3,\"name\":\"CUISINART Parrilla de doble plato\"}]},{\"@type\":\"WebSite\",\"@id\":\"https:\/\/dev6.erresse-shop.it\/#website\",\"url\":\"https:\/\/dev6.erresse-shop.it\/\",\"name\":\"Erresse Shop\",\"description\":\"\",\"publisher\":{\"@id\":\"https:\/\/dev6.erresse-shop.it\/#organization\"},\"potentialAction\":[{\"@type\":\"SearchAction\",\"target\":{\"@type\":\"EntryPoint\",\"urlTemplate\":\"https:\/\/dev6.erresse-shop.it\/?s={search_term_string}\"},\"query-input\":{\"@type\":\"PropertyValueSpecification\",\"valueRequired\":true,\"valueName\":\"search_term_string\"}}],\"inLanguage\":\"es\"},{\"@type\":\"Organization\",\"@id\":\"https:\/\/dev6.erresse-shop.it\/#organization\",\"name\":\"Erresse Shop\",\"url\":\"https:\/\/dev6.erresse-shop.it\/\",\"logo\":{\"@type\":\"ImageObject\",\"inLanguage\":\"es\",\"@id\":\"https:\/\/dev6.erresse-shop.it\/#\/schema\/logo\/image\/\",\"url\":\"https:\/\/dev6.erresse-shop.it\/wp-content\/uploads\/2025\/01\/LOGO-ERRESSE-CLASSICO.svg\",\"contentUrl\":\"https:\/\/dev6.erresse-shop.it\/wp-content\/uploads\/2025\/01\/LOGO-ERRESSE-CLASSICO.svg\",\"caption\":\"Erresse Shop\"},\"image\":{\"@id\":\"https:\/\/dev6.erresse-shop.it\/#\/schema\/logo\/image\/\"}}]}<\/script>\n<!-- \/ Yoast SEO plugin. -->","yoast_head_json":{"title":"CUISINART Parrilla de doble plato - dev6 Erresse","description":"Esta parrilla Cuisinart es una verdadera placa multifuncional. Las placas de la parrilla son aptas para el lavavajillas y pueden utilizarse para una gran","robots":{"index":"noindex","follow":"follow","max-snippet":"max-snippet:-1","max-image-preview":"max-image-preview:large","max-video-preview":"max-video-preview:-1"},"og_locale":"es_ES","og_type":"article","og_title":"CUISINART Parrilla de doble plato - dev6 Erresse","og_description":"Esta parrilla Cuisinart es una verdadera placa multifuncional. Las placas de la parrilla son aptas para el lavavajillas y pueden utilizarse para una gran","og_url":"https:\/\/dev6.erresse-shop.it\/es\/shop\/cocina\/cuisinart-parrilla-de-doble-plato\/","og_site_name":"dev6 Erresse","og_image":[{"url":"https:\/\/interpim.erresse-shop.it\/wp-content\/uploads\/2022\/10\/CUISINART-Grill-Doppia-Piastra.jpg\/cuisinart-grill-doppia-piastra.jpg","type":"","width":"","height":""},{"url":"https:\/\/interpim.erresse-shop.it\/wp-content\/uploads\/2022\/10\/CUISINART-Grill-Doppia-Piastra.jpg\/cuisinart-grill-doppia-piastra.jpg","width":1024,"height":1024,"type":"image\/jpeg"}],"twitter_card":"summary_large_image","twitter_image":"https:\/\/interpim.erresse-shop.it\/wp-content\/uploads\/2022\/10\/CUISINART-Grill-Doppia-Piastra.jpg\/cuisinart-grill-doppia-piastra.jpg","schema":{"@context":"https:\/\/schema.org","@graph":[{"@type":"WebPage","@id":"https:\/\/dev6.erresse-shop.it\/es\/shop\/cocina\/cuisinart-parrilla-de-doble-plato\/","url":"https:\/\/dev6.erresse-shop.it\/es\/shop\/cocina\/cuisinart-parrilla-de-doble-plato\/","name":"CUISINART Parrilla de doble plato - dev6 Erresse","isPartOf":{"@id":"https:\/\/dev6.erresse-shop.it\/#website"},"primaryImageOfPage":{"@id":"https:\/\/dev6.erresse-shop.it\/es\/shop\/cocina\/cuisinart-parrilla-de-doble-plato\/#primaryimage"},"image":{"@id":"https:\/\/dev6.erresse-shop.it\/es\/shop\/cocina\/cuisinart-parrilla-de-doble-plato\/#primaryimage"},"thumbnailUrl":"https:\/\/i0.wp.com\/interpim.erresse-shop.it\/wp-content\/uploads\/2022\/10\/CUISINART-Grill-Doppia-Piastra.jpg\/cuisinart-grill-doppia-piastra.jpg?ssl=1","datePublished":"2026-04-12T10:23:26+00:00","description":"Esta parrilla Cuisinart es una verdadera placa multifuncional. Las placas de la parrilla son aptas para el lavavajillas y pueden utilizarse para una gran","breadcrumb":{"@id":"https:\/\/dev6.erresse-shop.it\/es\/shop\/cocina\/cuisinart-parrilla-de-doble-plato\/#breadcrumb"},"inLanguage":"es","potentialAction":[{"@type":"ReadAction","target":["https:\/\/dev6.erresse-shop.it\/es\/shop\/cocina\/cuisinart-parrilla-de-doble-plato\/"]}]},{"@type":"ImageObject","inLanguage":"es","@id":"https:\/\/dev6.erresse-shop.it\/es\/shop\/cocina\/cuisinart-parrilla-de-doble-plato\/#primaryimage","url":"https:\/\/i0.wp.com\/interpim.erresse-shop.it\/wp-content\/uploads\/2022\/10\/CUISINART-Grill-Doppia-Piastra.jpg\/cuisinart-grill-doppia-piastra.jpg?ssl=1","contentUrl":"https:\/\/i0.wp.com\/interpim.erresse-shop.it\/wp-content\/uploads\/2022\/10\/CUISINART-Grill-Doppia-Piastra.jpg\/cuisinart-grill-doppia-piastra.jpg?ssl=1"},{"@type":"BreadcrumbList","@id":"https:\/\/dev6.erresse-shop.it\/es\/shop\/cocina\/cuisinart-parrilla-de-doble-plato\/#breadcrumb","itemListElement":[{"@type":"ListItem","position":1,"name":"Home","item":"https:\/\/dev6.erresse-shop.it\/"},{"@type":"ListItem","position":2,"name":"Tienda","item":"https:\/\/dev6.erresse-shop.it\/shop\/"},{"@type":"ListItem","position":3,"name":"CUISINART Parrilla de doble plato"}]},{"@type":"WebSite","@id":"https:\/\/dev6.erresse-shop.it\/#website","url":"https:\/\/dev6.erresse-shop.it\/","name":"Erresse Shop","description":"","publisher":{"@id":"https:\/\/dev6.erresse-shop.it\/#organization"},"potentialAction":[{"@type":"SearchAction","target":{"@type":"EntryPoint","urlTemplate":"https:\/\/dev6.erresse-shop.it\/?s={search_term_string}"},"query-input":{"@type":"PropertyValueSpecification","valueRequired":true,"valueName":"search_term_string"}}],"inLanguage":"es"},{"@type":"Organization","@id":"https:\/\/dev6.erresse-shop.it\/#organization","name":"Erresse Shop","url":"https:\/\/dev6.erresse-shop.it\/","logo":{"@type":"ImageObject","inLanguage":"es","@id":"https:\/\/dev6.erresse-shop.it\/#\/schema\/logo\/image\/","url":"https:\/\/dev6.erresse-shop.it\/wp-content\/uploads\/2025\/01\/LOGO-ERRESSE-CLASSICO.svg","contentUrl":"https:\/\/dev6.erresse-shop.it\/wp-content\/uploads\/2025\/01\/LOGO-ERRESSE-CLASSICO.svg","caption":"Erresse Shop"},"image":{"@id":"https:\/\/dev6.erresse-shop.it\/#\/schema\/logo\/image\/"}}]}},"df_price":"","df_sale_price":"","df_regular_price":"","df_image_link":"https:\/\/i0.wp.com\/interpim.erresse-shop.it\/wp-content\/uploads\/2022\/10\/CUISINART-Grill-Doppia-Piastra.jpg\/cuisinart-grill-doppia-piastra.jpg?resize=300,300&ssl=1","fifu_image_url":"https:\/\/interpim.erresse-shop.it\/wp-content\/uploads\/2022\/10\/CUISINART-Grill-Doppia-Piastra.jpg\/cuisinart-grill-doppia-piastra.jpg","_links":{"self":[{"href":"https:\/\/dev6.erresse-shop.it\/es\/wp-json\/wp\/v2\/product\/1882945","targetHints":{"allow":["GET"]}}],"collection":[{"href":"https:\/\/dev6.erresse-shop.it\/es\/wp-json\/wp\/v2\/product"}],"about":[{"href":"https:\/\/dev6.erresse-shop.it\/es\/wp-json\/wp\/v2\/types\/product"}],"wp:featuredmedia":[{"embeddable":true,"href":"https:\/\/dev6.erresse-shop.it\/es\/wp-json\/wp\/v2\/media\/6372555"}],"wp:attachment":[{"href":"https:\/\/dev6.erresse-shop.it\/es\/wp-json\/wp\/v2\/media?parent=1882945"}],"wp:term":[{"taxonomy":"product_cat","embeddable":true,"href":"https:\/\/dev6.erresse-shop.it\/es\/wp-json\/wp\/v2\/product_cat?post=1882945"},{"taxonomy":"product_tag","embeddable":true,"href":"https:\/\/dev6.erresse-shop.it\/es\/wp-json\/wp\/v2\/product_tag?post=1882945"}],"curies":[{"name":"wp","href":"https:\/\/api.w.org\/{rel}","templated":true}]}}