{"id":1882937,"date":"2026-04-12T12:23:26","date_gmt":"2026-04-12T10:23:26","guid":{"rendered":"https:\/\/dev6.erresse-shop.it\/shop\/sin%20categor\u00eda\/cuisinart-mini-trituradora-rosa\/"},"modified":"2025-07-05T00:47:01","modified_gmt":"2025-07-04T22:47:01","slug":"cuisinart-mini-trituradora-rosa","status":"publish","type":"product","link":"https:\/\/dev6.erresse-shop.it\/es\/shop\/cocina\/cuisinart-mini-trituradora-rosa\/","title":{"rendered":"CUISINART Mini trituradora rosa"},"content":{"rendered":"<p>Este miniprocesador de alimentos forma parte de nuestra colecci\u00f3n Style y es perfecto en cualquier cocina. Combina todas las prestaciones de un robot de cocina con unas dimensiones compactas que ahorran espacio.<\/p>\n<p>Util\u00edcelo para picar, mezclar, batir y batir, perfecto para picar y hacer salsas.<\/p>\n<p>Cuisinart Mini Prep Pro tiene una capacidad de 900 ml, puede picar r\u00e1pida y f\u00e1cilmente cebollas y ajos, as\u00ed como hacer pan rallado y moler frutos secos. Tambi\u00e9n puedes hacer salsas, pesto, hummus y mayonesa. Tambi\u00e9n es ideal para mezclar peque\u00f1as cantidades, como batidos, compotas y alimentos para beb\u00e9s.<\/p>\n<p>Es realmente f\u00e1cil de usar con una sola cuchilla que gira en ambas direcciones para picar\/mezclar o moler. El bol y la cuchilla son aptos para el lavavajillas para facilitar su limpieza.<\/p>\n<p>ACCESORIOS:<\/p>\n<p>Cuchilla<br \/>\nEsp\u00e1tula<\/p>\n<p>CARACTER\u00cdSTICAS T\u00c9CNICAS:<\/p>\n<p>Cuchilla de acero inoxidable de alta calidad y potente motor para un rendimiento \u00f3ptimo y resultados uniformes.<br \/>\nMotor de CA de 250 W.<br \/>\nCapacidad de 900 ml \u2013 tama\u00f1o compacto.<br \/>\nLa cuchilla de doble cara est\u00e1 afilada por un lado para moler y por el otro para batir.<br \/>\nLa cuchilla gira en ambas direcciones, lo que ayuda a mover los ingredientes dentro del bol para obtener resultados uniformes.<br \/>\nDise\u00f1o compacto y ligero.<br \/>\nFuncionamiento por impulsos para un control total.<br \/>\nDise\u00f1o compacto y ligero<br \/>\nEl sistema BladeLock\u2122 mantiene la cuchilla en su sitio durante el vertido.<br \/>\nEl orificio de la tapa permite a\u00f1adir l\u00edquidos lentamente, lo que resulta ideal para la mayonesa.<br \/>\nLa cuchilla, la tapa y el bol son completamente desmontables y aptos para el lavavajillas para facilitar su limpieza.<\/p>\n<p>5 a\u00f1os de garant\u00eda<br \/>\nNo se vende fuera de Europa<\/p>\n","protected":false},"excerpt":{"rendered":"<p>Este miniprocesador de alimentos forma parte de nuestra colecci\u00f3n Style y es perfecto en cualquier cocina. Combina todas las prestaciones de un robot de cocina con unas dimensiones compactas que ahorran espacio. Util\u00edcelo para picar, mezclar, batir y batir, perfecto para picar y hacer salsas. Cuisinart Mini Prep Pro tiene una capacidad de 900 ml, [&hellip;]<\/p>\n","protected":false},"featured_media":6372480,"template":"","meta":{"_acf_changed":false},"product_cat":[11884],"product_tag":[],"class_list":{"0":"post-1882937","1":"product","2":"type-product","3":"status-publish","4":"has-post-thumbnail","6":"product_cat-cocina","8":"first","9":"instock","10":"taxable","11":"shipping-taxable","12":"product-type-simple","swatches":"rey-swatches","show_selected":"","stretch_labels":"rey-swatches--stretch-labels"},"acf":[],"yoast_head":"<!-- This site is optimized with the Yoast SEO plugin v25.4 - https:\/\/yoast.com\/wordpress\/plugins\/seo\/ -->\n<title>CUISINART Mini trituradora rosa - dev6 Erresse<\/title>\n<meta name=\"description\" content=\"Este miniprocesador de alimentos forma parte de nuestra colecci\u00f3n Style y es perfecto en cualquier cocina. Combina todas las prestaciones de un robot de\" \/>\n<meta name=\"robots\" content=\"noindex, follow, max-snippet:-1, max-image-preview:large, max-video-preview:-1\" \/>\n<meta property=\"og:locale\" content=\"es_ES\" \/>\n<meta property=\"og:type\" content=\"article\" \/>\n<meta property=\"og:title\" content=\"CUISINART Mini trituradora rosa - dev6 Erresse\" \/>\n<meta property=\"og:description\" content=\"Este miniprocesador de alimentos forma parte de nuestra colecci\u00f3n Style y es perfecto en cualquier cocina. Combina todas las prestaciones de un robot de\" \/>\n<meta property=\"og:url\" content=\"https:\/\/dev6.erresse-shop.it\/es\/shop\/cocina\/cuisinart-mini-trituradora-rosa\/\" \/>\n<meta property=\"og:site_name\" content=\"dev6 Erresse\" \/>\n<meta property=\"og:image\" content=\"https:\/\/interpim.erresse-shop.it\/Import\/Prodotti\/cuisinart-mini-robot-rosa4.jpg\" \/><meta property=\"og:image\" content=\"https:\/\/interpim.erresse-shop.it\/Import\/Prodotti\/cuisinart-mini-robot-rosa4.jpg\" \/>\n\t<meta property=\"og:image:width\" content=\"1024\" \/>\n\t<meta property=\"og:image:height\" content=\"1024\" \/>\n\t<meta property=\"og:image:type\" content=\"image\/jpeg\" \/>\n<meta name=\"twitter:card\" content=\"summary_large_image\" \/>\n<meta name=\"twitter:image\" content=\"https:\/\/interpim.erresse-shop.it\/Import\/Prodotti\/cuisinart-mini-robot-rosa4.jpg\" \/>\n<script type=\"application\/ld+json\" class=\"yoast-schema-graph\">{\"@context\":\"https:\/\/schema.org\",\"@graph\":[{\"@type\":\"WebPage\",\"@id\":\"https:\/\/dev6.erresse-shop.it\/es\/shop\/cocina\/cuisinart-mini-trituradora-rosa\/\",\"url\":\"https:\/\/dev6.erresse-shop.it\/es\/shop\/cocina\/cuisinart-mini-trituradora-rosa\/\",\"name\":\"CUISINART Mini trituradora rosa - dev6 Erresse\",\"isPartOf\":{\"@id\":\"https:\/\/dev6.erresse-shop.it\/#website\"},\"primaryImageOfPage\":{\"@id\":\"https:\/\/dev6.erresse-shop.it\/es\/shop\/cocina\/cuisinart-mini-trituradora-rosa\/#primaryimage\"},\"image\":{\"@id\":\"https:\/\/dev6.erresse-shop.it\/es\/shop\/cocina\/cuisinart-mini-trituradora-rosa\/#primaryimage\"},\"thumbnailUrl\":\"https:\/\/i1.wp.com\/interpim.erresse-shop.it\/Import\/Prodotti\/cuisinart-mini-robot-rosa4.jpg?ssl=1\",\"datePublished\":\"2026-04-12T10:23:26+00:00\",\"description\":\"Este miniprocesador de alimentos forma parte de nuestra colecci\u00f3n Style y es perfecto en cualquier cocina. Combina todas las prestaciones de un robot de\",\"breadcrumb\":{\"@id\":\"https:\/\/dev6.erresse-shop.it\/es\/shop\/cocina\/cuisinart-mini-trituradora-rosa\/#breadcrumb\"},\"inLanguage\":\"es\",\"potentialAction\":[{\"@type\":\"ReadAction\",\"target\":[\"https:\/\/dev6.erresse-shop.it\/es\/shop\/cocina\/cuisinart-mini-trituradora-rosa\/\"]}]},{\"@type\":\"ImageObject\",\"inLanguage\":\"es\",\"@id\":\"https:\/\/dev6.erresse-shop.it\/es\/shop\/cocina\/cuisinart-mini-trituradora-rosa\/#primaryimage\",\"url\":\"https:\/\/i1.wp.com\/interpim.erresse-shop.it\/Import\/Prodotti\/cuisinart-mini-robot-rosa4.jpg?ssl=1\",\"contentUrl\":\"https:\/\/i1.wp.com\/interpim.erresse-shop.it\/Import\/Prodotti\/cuisinart-mini-robot-rosa4.jpg?ssl=1\"},{\"@type\":\"BreadcrumbList\",\"@id\":\"https:\/\/dev6.erresse-shop.it\/es\/shop\/cocina\/cuisinart-mini-trituradora-rosa\/#breadcrumb\",\"itemListElement\":[{\"@type\":\"ListItem\",\"position\":1,\"name\":\"Home\",\"item\":\"https:\/\/dev6.erresse-shop.it\/\"},{\"@type\":\"ListItem\",\"position\":2,\"name\":\"Tienda\",\"item\":\"https:\/\/dev6.erresse-shop.it\/shop\/\"},{\"@type\":\"ListItem\",\"position\":3,\"name\":\"CUISINART Mini trituradora rosa\"}]},{\"@type\":\"WebSite\",\"@id\":\"https:\/\/dev6.erresse-shop.it\/#website\",\"url\":\"https:\/\/dev6.erresse-shop.it\/\",\"name\":\"Erresse Shop\",\"description\":\"\",\"publisher\":{\"@id\":\"https:\/\/dev6.erresse-shop.it\/#organization\"},\"potentialAction\":[{\"@type\":\"SearchAction\",\"target\":{\"@type\":\"EntryPoint\",\"urlTemplate\":\"https:\/\/dev6.erresse-shop.it\/?s={search_term_string}\"},\"query-input\":{\"@type\":\"PropertyValueSpecification\",\"valueRequired\":true,\"valueName\":\"search_term_string\"}}],\"inLanguage\":\"es\"},{\"@type\":\"Organization\",\"@id\":\"https:\/\/dev6.erresse-shop.it\/#organization\",\"name\":\"Erresse Shop\",\"url\":\"https:\/\/dev6.erresse-shop.it\/\",\"logo\":{\"@type\":\"ImageObject\",\"inLanguage\":\"es\",\"@id\":\"https:\/\/dev6.erresse-shop.it\/#\/schema\/logo\/image\/\",\"url\":\"https:\/\/dev6.erresse-shop.it\/wp-content\/uploads\/2025\/01\/LOGO-ERRESSE-CLASSICO.svg\",\"contentUrl\":\"https:\/\/dev6.erresse-shop.it\/wp-content\/uploads\/2025\/01\/LOGO-ERRESSE-CLASSICO.svg\",\"caption\":\"Erresse Shop\"},\"image\":{\"@id\":\"https:\/\/dev6.erresse-shop.it\/#\/schema\/logo\/image\/\"}}]}<\/script>\n<!-- \/ Yoast SEO plugin. -->","yoast_head_json":{"title":"CUISINART Mini trituradora rosa - dev6 Erresse","description":"Este miniprocesador de alimentos forma parte de nuestra colecci\u00f3n Style y es perfecto en cualquier cocina. Combina todas las prestaciones de un robot de","robots":{"index":"noindex","follow":"follow","max-snippet":"max-snippet:-1","max-image-preview":"max-image-preview:large","max-video-preview":"max-video-preview:-1"},"og_locale":"es_ES","og_type":"article","og_title":"CUISINART Mini trituradora rosa - dev6 Erresse","og_description":"Este miniprocesador de alimentos forma parte de nuestra colecci\u00f3n Style y es perfecto en cualquier cocina. Combina todas las prestaciones de un robot de","og_url":"https:\/\/dev6.erresse-shop.it\/es\/shop\/cocina\/cuisinart-mini-trituradora-rosa\/","og_site_name":"dev6 Erresse","og_image":[{"url":"https:\/\/interpim.erresse-shop.it\/Import\/Prodotti\/cuisinart-mini-robot-rosa4.jpg","type":"","width":"","height":""},{"url":"https:\/\/interpim.erresse-shop.it\/Import\/Prodotti\/cuisinart-mini-robot-rosa4.jpg","width":1024,"height":1024,"type":"image\/jpeg"}],"twitter_card":"summary_large_image","twitter_image":"https:\/\/interpim.erresse-shop.it\/Import\/Prodotti\/cuisinart-mini-robot-rosa4.jpg","schema":{"@context":"https:\/\/schema.org","@graph":[{"@type":"WebPage","@id":"https:\/\/dev6.erresse-shop.it\/es\/shop\/cocina\/cuisinart-mini-trituradora-rosa\/","url":"https:\/\/dev6.erresse-shop.it\/es\/shop\/cocina\/cuisinart-mini-trituradora-rosa\/","name":"CUISINART Mini trituradora rosa - dev6 Erresse","isPartOf":{"@id":"https:\/\/dev6.erresse-shop.it\/#website"},"primaryImageOfPage":{"@id":"https:\/\/dev6.erresse-shop.it\/es\/shop\/cocina\/cuisinart-mini-trituradora-rosa\/#primaryimage"},"image":{"@id":"https:\/\/dev6.erresse-shop.it\/es\/shop\/cocina\/cuisinart-mini-trituradora-rosa\/#primaryimage"},"thumbnailUrl":"https:\/\/i1.wp.com\/interpim.erresse-shop.it\/Import\/Prodotti\/cuisinart-mini-robot-rosa4.jpg?ssl=1","datePublished":"2026-04-12T10:23:26+00:00","description":"Este miniprocesador de alimentos forma parte de nuestra colecci\u00f3n Style y es perfecto en cualquier cocina. Combina todas las prestaciones de un robot de","breadcrumb":{"@id":"https:\/\/dev6.erresse-shop.it\/es\/shop\/cocina\/cuisinart-mini-trituradora-rosa\/#breadcrumb"},"inLanguage":"es","potentialAction":[{"@type":"ReadAction","target":["https:\/\/dev6.erresse-shop.it\/es\/shop\/cocina\/cuisinart-mini-trituradora-rosa\/"]}]},{"@type":"ImageObject","inLanguage":"es","@id":"https:\/\/dev6.erresse-shop.it\/es\/shop\/cocina\/cuisinart-mini-trituradora-rosa\/#primaryimage","url":"https:\/\/i1.wp.com\/interpim.erresse-shop.it\/Import\/Prodotti\/cuisinart-mini-robot-rosa4.jpg?ssl=1","contentUrl":"https:\/\/i1.wp.com\/interpim.erresse-shop.it\/Import\/Prodotti\/cuisinart-mini-robot-rosa4.jpg?ssl=1"},{"@type":"BreadcrumbList","@id":"https:\/\/dev6.erresse-shop.it\/es\/shop\/cocina\/cuisinart-mini-trituradora-rosa\/#breadcrumb","itemListElement":[{"@type":"ListItem","position":1,"name":"Home","item":"https:\/\/dev6.erresse-shop.it\/"},{"@type":"ListItem","position":2,"name":"Tienda","item":"https:\/\/dev6.erresse-shop.it\/shop\/"},{"@type":"ListItem","position":3,"name":"CUISINART Mini trituradora rosa"}]},{"@type":"WebSite","@id":"https:\/\/dev6.erresse-shop.it\/#website","url":"https:\/\/dev6.erresse-shop.it\/","name":"Erresse Shop","description":"","publisher":{"@id":"https:\/\/dev6.erresse-shop.it\/#organization"},"potentialAction":[{"@type":"SearchAction","target":{"@type":"EntryPoint","urlTemplate":"https:\/\/dev6.erresse-shop.it\/?s={search_term_string}"},"query-input":{"@type":"PropertyValueSpecification","valueRequired":true,"valueName":"search_term_string"}}],"inLanguage":"es"},{"@type":"Organization","@id":"https:\/\/dev6.erresse-shop.it\/#organization","name":"Erresse Shop","url":"https:\/\/dev6.erresse-shop.it\/","logo":{"@type":"ImageObject","inLanguage":"es","@id":"https:\/\/dev6.erresse-shop.it\/#\/schema\/logo\/image\/","url":"https:\/\/dev6.erresse-shop.it\/wp-content\/uploads\/2025\/01\/LOGO-ERRESSE-CLASSICO.svg","contentUrl":"https:\/\/dev6.erresse-shop.it\/wp-content\/uploads\/2025\/01\/LOGO-ERRESSE-CLASSICO.svg","caption":"Erresse Shop"},"image":{"@id":"https:\/\/dev6.erresse-shop.it\/#\/schema\/logo\/image\/"}}]}},"df_price":"","df_sale_price":"","df_regular_price":"","df_image_link":"https:\/\/i1.wp.com\/interpim.erresse-shop.it\/Import\/Prodotti\/cuisinart-mini-robot-rosa4.jpg?resize=300,300&ssl=1","fifu_image_url":"https:\/\/interpim.erresse-shop.it\/Import\/Prodotti\/cuisinart-mini-robot-rosa4.jpg","_links":{"self":[{"href":"https:\/\/dev6.erresse-shop.it\/es\/wp-json\/wp\/v2\/product\/1882937","targetHints":{"allow":["GET"]}}],"collection":[{"href":"https:\/\/dev6.erresse-shop.it\/es\/wp-json\/wp\/v2\/product"}],"about":[{"href":"https:\/\/dev6.erresse-shop.it\/es\/wp-json\/wp\/v2\/types\/product"}],"wp:featuredmedia":[{"embeddable":true,"href":"https:\/\/dev6.erresse-shop.it\/es\/wp-json\/wp\/v2\/media\/6372480"}],"wp:attachment":[{"href":"https:\/\/dev6.erresse-shop.it\/es\/wp-json\/wp\/v2\/media?parent=1882937"}],"wp:term":[{"taxonomy":"product_cat","embeddable":true,"href":"https:\/\/dev6.erresse-shop.it\/es\/wp-json\/wp\/v2\/product_cat?post=1882937"},{"taxonomy":"product_tag","embeddable":true,"href":"https:\/\/dev6.erresse-shop.it\/es\/wp-json\/wp\/v2\/product_tag?post=1882937"}],"curies":[{"name":"wp","href":"https:\/\/api.w.org\/{rel}","templated":true}]}}