{"id":1882933,"date":"2026-04-12T12:23:26","date_gmt":"2026-04-12T10:23:26","guid":{"rendered":"https:\/\/dev6.erresse-shop.it\/shop\/sin%20categor\u00eda\/cuisinart-abridor-de-vino-electrico\/"},"modified":"2025-07-05T00:46:50","modified_gmt":"2025-07-04T22:46:50","slug":"cuisinart-abridor-de-vino-electrico","status":"publish","type":"product","link":"https:\/\/dev6.erresse-shop.it\/es\/shop\/cocina\/cuisinart-abridor-de-vino-electrico\/","title":{"rendered":"CUISINART Abridor de vino el\u00e9ctrico"},"content":{"rendered":"<p>COLECCI\u00d3N SIN CABLES<\/p>\n<p>Este elegante abridor autom\u00e1tico, que forma parte de nuestra colecci\u00f3n inal\u00e1mbrica, abrir\u00e1 sus botellas favoritas con facilidad. Detecta, extrae y expulsa el corcho en una sola acci\u00f3n y viene con todos los accesorios necesarios para abrir, verter y almacenar el vino.<\/p>\n<p>Abrir sus botellas de vino favoritas no puede ser m\u00e1s f\u00e1cil con nuestro abrebotellas autom\u00e1tico inal\u00e1mbrico. Viene con un cortador incorporado para quitar el envoltorio de la botella. Una vez colocado, detecta autom\u00e1ticamente el corcho y lo retira en un solo paso.<\/p>\n<p>Tambi\u00e9n se incluye una boquilla para verter el vino: basta con introducirla en la botella abierta para que el vino se airee y mejore su sabor al servirlo. Tambi\u00e9n dispone de un sellador al vac\u00edo con indicador de fecha para preservar la frescura de cualquier vino inacabado y recordar la fecha en que se abri\u00f3 la botella por primera vez.<\/p>\n<p>Alimentado por bater\u00edas de iones de litio y un cargador USB, este abrebotellas autom\u00e1tico inal\u00e1mbrico estar\u00e1 siempre listo cuando lo necesite, ya que puede abrir hasta 50 botellas con una carga completa de 2\u00bd horas. Con la tecnolog\u00eda de iones de litio, le ofrecer\u00e1 un rendimiento inigualable incluso cuando el nivel de la bater\u00eda sea bajo.<\/p>\n<p>La luz indicadora del nivel de la bater\u00eda te permite saber cu\u00e1ndo se est\u00e1 agotando la carga.<\/p>\n<p>Nuestro abrebotellas autom\u00e1tico sin cable es el regalo perfecto para los amantes del vino y funciona tanto con corchos naturales como sint\u00e9ticos.<\/p>\n<p>CARACTER\u00cdSTICAS T\u00c9CNICAS:<\/p>\n<p>Abre autom\u00e1ticamente los corchos naturales y sint\u00e9ticos<br \/>\nSin cables para una m\u00e1xima flexibilidad y facilidad de uso<br \/>\nTama\u00f1o compacto<br \/>\nRecarga completa en 2\u00bd horas para abrir hasta 50 botellas<br \/>\nBater\u00eda de iones de litio para un rendimiento constante y de alta potencia<br \/>\nLos indicadores luminosos de la bater\u00eda muestran el nivel de la misma<br \/>\nCable USB y adaptador incluidos<br \/>\nCortador de c\u00e1psulas incluido<br \/>\nPico vertedor de vino incluido<br \/>\nSellador de vac\u00edo con indicador de fecha incluido, para conservar el sabor de los vinos sin terminar<\/p>\n<p>2 a\u00f1os de garant\u00eda<br \/>\nNo se vende fuera de Europa<\/p>\n","protected":false},"excerpt":{"rendered":"<p>COLECCI\u00d3N SIN CABLES Este elegante abridor autom\u00e1tico, que forma parte de nuestra colecci\u00f3n inal\u00e1mbrica, abrir\u00e1 sus botellas favoritas con facilidad. Detecta, extrae y expulsa el corcho en una sola acci\u00f3n y viene con todos los accesorios necesarios para abrir, verter y almacenar el vino. Abrir sus botellas de vino favoritas no puede ser m\u00e1s f\u00e1cil [&hellip;]<\/p>\n","protected":false},"featured_media":6372445,"template":"","meta":{"_acf_changed":false},"product_cat":[11884],"product_tag":[],"class_list":{"0":"post-1882933","1":"product","2":"type-product","3":"status-publish","4":"has-post-thumbnail","6":"product_cat-cocina","8":"first","9":"instock","10":"taxable","11":"shipping-taxable","12":"product-type-simple","swatches":"rey-swatches","show_selected":"","stretch_labels":"rey-swatches--stretch-labels"},"acf":[],"yoast_head":"<!-- This site is optimized with the Yoast SEO plugin v25.4 - https:\/\/yoast.com\/wordpress\/plugins\/seo\/ -->\n<title>CUISINART Abridor de vino el\u00e9ctrico - dev6 Erresse<\/title>\n<meta name=\"description\" content=\"COLECCI\u00d3N SIN CABLES Este elegante abridor autom\u00e1tico, que forma parte de nuestra colecci\u00f3n inal\u00e1mbrica, abrir\u00e1 sus botellas favoritas con facilidad.\" \/>\n<meta name=\"robots\" content=\"noindex, follow, max-snippet:-1, max-image-preview:large, max-video-preview:-1\" \/>\n<meta property=\"og:locale\" content=\"es_ES\" \/>\n<meta property=\"og:type\" content=\"article\" \/>\n<meta property=\"og:title\" content=\"CUISINART Abridor de vino el\u00e9ctrico - dev6 Erresse\" \/>\n<meta property=\"og:description\" content=\"COLECCI\u00d3N SIN CABLES Este elegante abridor autom\u00e1tico, que forma parte de nuestra colecci\u00f3n inal\u00e1mbrica, abrir\u00e1 sus botellas favoritas con facilidad.\" \/>\n<meta property=\"og:url\" content=\"https:\/\/dev6.erresse-shop.it\/es\/shop\/cocina\/cuisinart-abridor-de-vino-electrico\/\" \/>\n<meta property=\"og:site_name\" content=\"dev6 Erresse\" \/>\n<meta property=\"og:image\" content=\"https:\/\/interpim.erresse-shop.it\/Import\/Prodotti\/apri-vino-amb-1-rwo100e-image-4.jpg\" \/><meta property=\"og:image\" content=\"https:\/\/interpim.erresse-shop.it\/Import\/Prodotti\/apri-vino-amb-1-rwo100e-image-4.jpg\" \/>\n\t<meta property=\"og:image:width\" content=\"1024\" \/>\n\t<meta property=\"og:image:height\" content=\"1024\" \/>\n\t<meta property=\"og:image:type\" content=\"image\/jpeg\" \/>\n<meta name=\"twitter:card\" content=\"summary_large_image\" \/>\n<meta name=\"twitter:image\" content=\"https:\/\/interpim.erresse-shop.it\/Import\/Prodotti\/apri-vino-amb-1-rwo100e-image-4.jpg\" \/>\n<script type=\"application\/ld+json\" class=\"yoast-schema-graph\">{\"@context\":\"https:\/\/schema.org\",\"@graph\":[{\"@type\":\"WebPage\",\"@id\":\"https:\/\/dev6.erresse-shop.it\/es\/shop\/cocina\/cuisinart-abridor-de-vino-electrico\/\",\"url\":\"https:\/\/dev6.erresse-shop.it\/es\/shop\/cocina\/cuisinart-abridor-de-vino-electrico\/\",\"name\":\"CUISINART Abridor de vino el\u00e9ctrico - dev6 Erresse\",\"isPartOf\":{\"@id\":\"https:\/\/dev6.erresse-shop.it\/#website\"},\"primaryImageOfPage\":{\"@id\":\"https:\/\/dev6.erresse-shop.it\/es\/shop\/cocina\/cuisinart-abridor-de-vino-electrico\/#primaryimage\"},\"image\":{\"@id\":\"https:\/\/dev6.erresse-shop.it\/es\/shop\/cocina\/cuisinart-abridor-de-vino-electrico\/#primaryimage\"},\"thumbnailUrl\":\"https:\/\/i3.wp.com\/interpim.erresse-shop.it\/Import\/Prodotti\/apri-vino-amb-1-rwo100e-image-4.jpg?ssl=1\",\"datePublished\":\"2026-04-12T10:23:26+00:00\",\"description\":\"COLECCI\u00d3N SIN CABLES Este elegante abridor autom\u00e1tico, que forma parte de nuestra colecci\u00f3n inal\u00e1mbrica, abrir\u00e1 sus botellas favoritas con facilidad.\",\"breadcrumb\":{\"@id\":\"https:\/\/dev6.erresse-shop.it\/es\/shop\/cocina\/cuisinart-abridor-de-vino-electrico\/#breadcrumb\"},\"inLanguage\":\"es\",\"potentialAction\":[{\"@type\":\"ReadAction\",\"target\":[\"https:\/\/dev6.erresse-shop.it\/es\/shop\/cocina\/cuisinart-abridor-de-vino-electrico\/\"]}]},{\"@type\":\"ImageObject\",\"inLanguage\":\"es\",\"@id\":\"https:\/\/dev6.erresse-shop.it\/es\/shop\/cocina\/cuisinart-abridor-de-vino-electrico\/#primaryimage\",\"url\":\"https:\/\/i3.wp.com\/interpim.erresse-shop.it\/Import\/Prodotti\/apri-vino-amb-1-rwo100e-image-4.jpg?ssl=1\",\"contentUrl\":\"https:\/\/i3.wp.com\/interpim.erresse-shop.it\/Import\/Prodotti\/apri-vino-amb-1-rwo100e-image-4.jpg?ssl=1\"},{\"@type\":\"BreadcrumbList\",\"@id\":\"https:\/\/dev6.erresse-shop.it\/es\/shop\/cocina\/cuisinart-abridor-de-vino-electrico\/#breadcrumb\",\"itemListElement\":[{\"@type\":\"ListItem\",\"position\":1,\"name\":\"Home\",\"item\":\"https:\/\/dev6.erresse-shop.it\/\"},{\"@type\":\"ListItem\",\"position\":2,\"name\":\"Tienda\",\"item\":\"https:\/\/dev6.erresse-shop.it\/shop\/\"},{\"@type\":\"ListItem\",\"position\":3,\"name\":\"CUISINART Abridor de vino el\u00e9ctrico\"}]},{\"@type\":\"WebSite\",\"@id\":\"https:\/\/dev6.erresse-shop.it\/#website\",\"url\":\"https:\/\/dev6.erresse-shop.it\/\",\"name\":\"Erresse Shop\",\"description\":\"\",\"publisher\":{\"@id\":\"https:\/\/dev6.erresse-shop.it\/#organization\"},\"potentialAction\":[{\"@type\":\"SearchAction\",\"target\":{\"@type\":\"EntryPoint\",\"urlTemplate\":\"https:\/\/dev6.erresse-shop.it\/?s={search_term_string}\"},\"query-input\":{\"@type\":\"PropertyValueSpecification\",\"valueRequired\":true,\"valueName\":\"search_term_string\"}}],\"inLanguage\":\"es\"},{\"@type\":\"Organization\",\"@id\":\"https:\/\/dev6.erresse-shop.it\/#organization\",\"name\":\"Erresse Shop\",\"url\":\"https:\/\/dev6.erresse-shop.it\/\",\"logo\":{\"@type\":\"ImageObject\",\"inLanguage\":\"es\",\"@id\":\"https:\/\/dev6.erresse-shop.it\/#\/schema\/logo\/image\/\",\"url\":\"https:\/\/dev6.erresse-shop.it\/wp-content\/uploads\/2025\/01\/LOGO-ERRESSE-CLASSICO.svg\",\"contentUrl\":\"https:\/\/dev6.erresse-shop.it\/wp-content\/uploads\/2025\/01\/LOGO-ERRESSE-CLASSICO.svg\",\"caption\":\"Erresse Shop\"},\"image\":{\"@id\":\"https:\/\/dev6.erresse-shop.it\/#\/schema\/logo\/image\/\"}}]}<\/script>\n<!-- \/ Yoast SEO plugin. -->","yoast_head_json":{"title":"CUISINART Abridor de vino el\u00e9ctrico - dev6 Erresse","description":"COLECCI\u00d3N SIN CABLES Este elegante abridor autom\u00e1tico, que forma parte de nuestra colecci\u00f3n inal\u00e1mbrica, abrir\u00e1 sus botellas favoritas con facilidad.","robots":{"index":"noindex","follow":"follow","max-snippet":"max-snippet:-1","max-image-preview":"max-image-preview:large","max-video-preview":"max-video-preview:-1"},"og_locale":"es_ES","og_type":"article","og_title":"CUISINART Abridor de vino el\u00e9ctrico - dev6 Erresse","og_description":"COLECCI\u00d3N SIN CABLES Este elegante abridor autom\u00e1tico, que forma parte de nuestra colecci\u00f3n inal\u00e1mbrica, abrir\u00e1 sus botellas favoritas con facilidad.","og_url":"https:\/\/dev6.erresse-shop.it\/es\/shop\/cocina\/cuisinart-abridor-de-vino-electrico\/","og_site_name":"dev6 Erresse","og_image":[{"url":"https:\/\/interpim.erresse-shop.it\/Import\/Prodotti\/apri-vino-amb-1-rwo100e-image-4.jpg","type":"","width":"","height":""},{"url":"https:\/\/interpim.erresse-shop.it\/Import\/Prodotti\/apri-vino-amb-1-rwo100e-image-4.jpg","width":1024,"height":1024,"type":"image\/jpeg"}],"twitter_card":"summary_large_image","twitter_image":"https:\/\/interpim.erresse-shop.it\/Import\/Prodotti\/apri-vino-amb-1-rwo100e-image-4.jpg","schema":{"@context":"https:\/\/schema.org","@graph":[{"@type":"WebPage","@id":"https:\/\/dev6.erresse-shop.it\/es\/shop\/cocina\/cuisinart-abridor-de-vino-electrico\/","url":"https:\/\/dev6.erresse-shop.it\/es\/shop\/cocina\/cuisinart-abridor-de-vino-electrico\/","name":"CUISINART Abridor de vino el\u00e9ctrico - dev6 Erresse","isPartOf":{"@id":"https:\/\/dev6.erresse-shop.it\/#website"},"primaryImageOfPage":{"@id":"https:\/\/dev6.erresse-shop.it\/es\/shop\/cocina\/cuisinart-abridor-de-vino-electrico\/#primaryimage"},"image":{"@id":"https:\/\/dev6.erresse-shop.it\/es\/shop\/cocina\/cuisinart-abridor-de-vino-electrico\/#primaryimage"},"thumbnailUrl":"https:\/\/i3.wp.com\/interpim.erresse-shop.it\/Import\/Prodotti\/apri-vino-amb-1-rwo100e-image-4.jpg?ssl=1","datePublished":"2026-04-12T10:23:26+00:00","description":"COLECCI\u00d3N SIN CABLES Este elegante abridor autom\u00e1tico, que forma parte de nuestra colecci\u00f3n inal\u00e1mbrica, abrir\u00e1 sus botellas favoritas con facilidad.","breadcrumb":{"@id":"https:\/\/dev6.erresse-shop.it\/es\/shop\/cocina\/cuisinart-abridor-de-vino-electrico\/#breadcrumb"},"inLanguage":"es","potentialAction":[{"@type":"ReadAction","target":["https:\/\/dev6.erresse-shop.it\/es\/shop\/cocina\/cuisinart-abridor-de-vino-electrico\/"]}]},{"@type":"ImageObject","inLanguage":"es","@id":"https:\/\/dev6.erresse-shop.it\/es\/shop\/cocina\/cuisinart-abridor-de-vino-electrico\/#primaryimage","url":"https:\/\/i3.wp.com\/interpim.erresse-shop.it\/Import\/Prodotti\/apri-vino-amb-1-rwo100e-image-4.jpg?ssl=1","contentUrl":"https:\/\/i3.wp.com\/interpim.erresse-shop.it\/Import\/Prodotti\/apri-vino-amb-1-rwo100e-image-4.jpg?ssl=1"},{"@type":"BreadcrumbList","@id":"https:\/\/dev6.erresse-shop.it\/es\/shop\/cocina\/cuisinart-abridor-de-vino-electrico\/#breadcrumb","itemListElement":[{"@type":"ListItem","position":1,"name":"Home","item":"https:\/\/dev6.erresse-shop.it\/"},{"@type":"ListItem","position":2,"name":"Tienda","item":"https:\/\/dev6.erresse-shop.it\/shop\/"},{"@type":"ListItem","position":3,"name":"CUISINART Abridor de vino el\u00e9ctrico"}]},{"@type":"WebSite","@id":"https:\/\/dev6.erresse-shop.it\/#website","url":"https:\/\/dev6.erresse-shop.it\/","name":"Erresse Shop","description":"","publisher":{"@id":"https:\/\/dev6.erresse-shop.it\/#organization"},"potentialAction":[{"@type":"SearchAction","target":{"@type":"EntryPoint","urlTemplate":"https:\/\/dev6.erresse-shop.it\/?s={search_term_string}"},"query-input":{"@type":"PropertyValueSpecification","valueRequired":true,"valueName":"search_term_string"}}],"inLanguage":"es"},{"@type":"Organization","@id":"https:\/\/dev6.erresse-shop.it\/#organization","name":"Erresse Shop","url":"https:\/\/dev6.erresse-shop.it\/","logo":{"@type":"ImageObject","inLanguage":"es","@id":"https:\/\/dev6.erresse-shop.it\/#\/schema\/logo\/image\/","url":"https:\/\/dev6.erresse-shop.it\/wp-content\/uploads\/2025\/01\/LOGO-ERRESSE-CLASSICO.svg","contentUrl":"https:\/\/dev6.erresse-shop.it\/wp-content\/uploads\/2025\/01\/LOGO-ERRESSE-CLASSICO.svg","caption":"Erresse Shop"},"image":{"@id":"https:\/\/dev6.erresse-shop.it\/#\/schema\/logo\/image\/"}}]}},"df_price":"","df_sale_price":"","df_regular_price":"","df_image_link":"https:\/\/i3.wp.com\/interpim.erresse-shop.it\/Import\/Prodotti\/apri-vino-amb-1-rwo100e-image-4.jpg?resize=300,300&ssl=1","fifu_image_url":"https:\/\/interpim.erresse-shop.it\/Import\/Prodotti\/apri-vino-amb-1-rwo100e-image-4.jpg","_links":{"self":[{"href":"https:\/\/dev6.erresse-shop.it\/es\/wp-json\/wp\/v2\/product\/1882933","targetHints":{"allow":["GET"]}}],"collection":[{"href":"https:\/\/dev6.erresse-shop.it\/es\/wp-json\/wp\/v2\/product"}],"about":[{"href":"https:\/\/dev6.erresse-shop.it\/es\/wp-json\/wp\/v2\/types\/product"}],"wp:featuredmedia":[{"embeddable":true,"href":"https:\/\/dev6.erresse-shop.it\/es\/wp-json\/wp\/v2\/media\/6372445"}],"wp:attachment":[{"href":"https:\/\/dev6.erresse-shop.it\/es\/wp-json\/wp\/v2\/media?parent=1882933"}],"wp:term":[{"taxonomy":"product_cat","embeddable":true,"href":"https:\/\/dev6.erresse-shop.it\/es\/wp-json\/wp\/v2\/product_cat?post=1882933"},{"taxonomy":"product_tag","embeddable":true,"href":"https:\/\/dev6.erresse-shop.it\/es\/wp-json\/wp\/v2\/product_tag?post=1882933"}],"curies":[{"name":"wp","href":"https:\/\/api.w.org\/{rel}","templated":true}]}}