{"id":1882927,"date":"2026-04-12T12:21:09","date_gmt":"2026-04-12T10:21:09","guid":{"rendered":"https:\/\/dev6.erresse-shop.it\/shop\/sin%20categor\u00eda\/cuisinart-batidora-de-inmersion-sin-cable\/"},"modified":"2025-07-05T00:46:34","modified_gmt":"2025-07-04T22:46:34","slug":"cuisinart-batidora-de-inmersion-sin-cable","status":"publish","type":"product","link":"https:\/\/dev6.erresse-shop.it\/es\/shop\/cocina\/cuisinart-batidora-de-inmersion-sin-cable\/","title":{"rendered":"CUISINART Batidora de inmersi\u00f3n sin cable"},"content":{"rendered":"<p>COLECCI\u00d3N SIN CABLES<\/p>\n<p>Esta batidora de inmersi\u00f3n sin cable, que forma parte de nuestra Colecci\u00f3n Cordless, con su gama de accesorios, es perfecta para preparar m\u00faltiples recetas, ayud\u00e1ndole a mezclar, batir, picar y licuar.<\/p>\n<p>Al ser inal\u00e1mbrico, no tiene que preocuparse de tener una toma de corriente libre cerca: puede preparar su receta en cualquier lugar de la cocina, desde la isla hasta la placa o la encimera, sin que los cables se interpongan.<\/p>\n<p>Esta batidora de inmersi\u00f3n ofrece la m\u00e1xima comodidad de uso. Utilice la batidora de acero inoxidable, junto con la jarra sin BPA incluida, para crear salsas, batidos y c\u00f3cteles. Este accesorio se puede utilizar con ingredientes de hasta 100\u00b0C, por lo que tambi\u00e9n es perfecto para las sopas.<\/p>\n<p>El accesorio batidor es perfecto para montar nata, crear batidos y merengues. Tambi\u00e9n puede utilizar simplemente el accesorio para picar para agilizar las tareas cotidianas, como picar verduras y hierbas, hacer pan rallado, salsas y aderezos.<\/p>\n<p>Alimentada por bater\u00edas de iones de litio y un cargador USB, esta potente batidora de inmersi\u00f3n le proporcionar\u00e1 un rendimiento inigualable incluso cuando el nivel de la bater\u00eda sea bajo. Una carga completa de 130 minutos le da suficiente energ\u00eda para unos 30 minutos de uso continuo.<\/p>\n<p>La luz indicadora del nivel de la bater\u00eda te permite saber cu\u00e1ndo se est\u00e1 agotando la carga.<\/p>\n<p>Todos los accesorios se pueden lavar en el lavavajillas para facilitar la limpieza.<\/p>\n<p>CARACTER\u00cdSTICAS T\u00c9CNICAS:<\/p>\n<p>Sin cables para una m\u00e1xima flexibilidad y facilidad de uso<br \/>\nTama\u00f1o compacto<br \/>\nBatidora de inmersi\u00f3n de acero inoxidable, segura para usar con ingredientes de hasta 100\u00b0C<br \/>\nJarra para batidora sin BPA<br \/>\nBatidor<br \/>\nMini procesador de alimentos con capacidad de 250 ml<br \/>\nUna carga completa de 130 minutos garantiza un uso continuo de aproximadamente 30 minutos<br \/>\nBater\u00eda de iones de litio para un rendimiento constante y de alta potencia<br \/>\nLos indicadores luminosos de la bater\u00eda muestran el nivel de la misma<br \/>\nCable USB y adaptador incluidos<br \/>\nAccesorios aptos para el lavavajillas<br \/>\nSistema de cierre de seguridad<\/p>\n<p>2 a\u00f1os de garant\u00eda<br \/>\nNo se vende fuera de Europa<\/p>\n","protected":false},"excerpt":{"rendered":"<p>COLECCI\u00d3N SIN CABLES Esta batidora de inmersi\u00f3n sin cable, que forma parte de nuestra Colecci\u00f3n Cordless, con su gama de accesorios, es perfecta para preparar m\u00faltiples recetas, ayud\u00e1ndole a mezclar, batir, picar y licuar. Al ser inal\u00e1mbrico, no tiene que preocuparse de tener una toma de corriente libre cerca: puede preparar su receta en cualquier [&hellip;]<\/p>\n","protected":false},"featured_media":6372387,"template":"","meta":{"_acf_changed":false},"product_cat":[11884],"product_tag":[],"class_list":{"0":"post-1882927","1":"product","2":"type-product","3":"status-publish","4":"has-post-thumbnail","6":"product_cat-cocina","8":"first","9":"instock","10":"taxable","11":"shipping-taxable","12":"product-type-simple","swatches":"rey-swatches","show_selected":"","stretch_labels":"rey-swatches--stretch-labels"},"acf":[],"yoast_head":"<!-- This site is optimized with the Yoast SEO plugin v25.4 - https:\/\/yoast.com\/wordpress\/plugins\/seo\/ -->\n<title>CUISINART Batidora de inmersi\u00f3n sin cable - dev6 Erresse<\/title>\n<meta name=\"description\" content=\"COLECCI\u00d3N SIN CABLES Esta batidora de inmersi\u00f3n sin cable, que forma parte de nuestra Colecci\u00f3n Cordless, con su gama de accesorios, es perfecta para\" \/>\n<meta name=\"robots\" content=\"noindex, follow, max-snippet:-1, max-image-preview:large, max-video-preview:-1\" \/>\n<meta property=\"og:locale\" content=\"es_ES\" \/>\n<meta property=\"og:type\" content=\"article\" \/>\n<meta property=\"og:title\" content=\"CUISINART Batidora de inmersi\u00f3n sin cable - dev6 Erresse\" \/>\n<meta property=\"og:description\" content=\"COLECCI\u00d3N SIN CABLES Esta batidora de inmersi\u00f3n sin cable, que forma parte de nuestra Colecci\u00f3n Cordless, con su gama de accesorios, es perfecta para\" \/>\n<meta property=\"og:url\" content=\"https:\/\/dev6.erresse-shop.it\/es\/shop\/cocina\/cuisinart-batidora-de-inmersion-sin-cable\/\" \/>\n<meta property=\"og:site_name\" content=\"dev6 Erresse\" \/>\n<meta property=\"og:image\" content=\"https:\/\/interpim.erresse-shop.it\/Import\/Prodotti\/cusinart-frullatore-immersione-rhb100e-image-1.jpg\" \/><meta property=\"og:image\" content=\"https:\/\/interpim.erresse-shop.it\/Import\/Prodotti\/cusinart-frullatore-immersione-rhb100e-image-1.jpg\" \/>\n\t<meta property=\"og:image:width\" content=\"1024\" \/>\n\t<meta property=\"og:image:height\" content=\"1024\" \/>\n\t<meta property=\"og:image:type\" content=\"image\/jpeg\" \/>\n<meta name=\"twitter:card\" content=\"summary_large_image\" \/>\n<meta name=\"twitter:image\" content=\"https:\/\/interpim.erresse-shop.it\/Import\/Prodotti\/cusinart-frullatore-immersione-rhb100e-image-1.jpg\" \/>\n<script type=\"application\/ld+json\" class=\"yoast-schema-graph\">{\"@context\":\"https:\/\/schema.org\",\"@graph\":[{\"@type\":\"WebPage\",\"@id\":\"https:\/\/dev6.erresse-shop.it\/es\/shop\/cocina\/cuisinart-batidora-de-inmersion-sin-cable\/\",\"url\":\"https:\/\/dev6.erresse-shop.it\/es\/shop\/cocina\/cuisinart-batidora-de-inmersion-sin-cable\/\",\"name\":\"CUISINART Batidora de inmersi\u00f3n sin cable - dev6 Erresse\",\"isPartOf\":{\"@id\":\"https:\/\/dev6.erresse-shop.it\/#website\"},\"primaryImageOfPage\":{\"@id\":\"https:\/\/dev6.erresse-shop.it\/es\/shop\/cocina\/cuisinart-batidora-de-inmersion-sin-cable\/#primaryimage\"},\"image\":{\"@id\":\"https:\/\/dev6.erresse-shop.it\/es\/shop\/cocina\/cuisinart-batidora-de-inmersion-sin-cable\/#primaryimage\"},\"thumbnailUrl\":\"https:\/\/i1.wp.com\/interpim.erresse-shop.it\/Import\/Prodotti\/cusinart-frullatore-immersione-rhb100e-image-1.jpg?ssl=1\",\"datePublished\":\"2026-04-12T10:21:09+00:00\",\"description\":\"COLECCI\u00d3N SIN CABLES Esta batidora de inmersi\u00f3n sin cable, que forma parte de nuestra Colecci\u00f3n Cordless, con su gama de accesorios, es perfecta para\",\"breadcrumb\":{\"@id\":\"https:\/\/dev6.erresse-shop.it\/es\/shop\/cocina\/cuisinart-batidora-de-inmersion-sin-cable\/#breadcrumb\"},\"inLanguage\":\"es\",\"potentialAction\":[{\"@type\":\"ReadAction\",\"target\":[\"https:\/\/dev6.erresse-shop.it\/es\/shop\/cocina\/cuisinart-batidora-de-inmersion-sin-cable\/\"]}]},{\"@type\":\"ImageObject\",\"inLanguage\":\"es\",\"@id\":\"https:\/\/dev6.erresse-shop.it\/es\/shop\/cocina\/cuisinart-batidora-de-inmersion-sin-cable\/#primaryimage\",\"url\":\"https:\/\/i1.wp.com\/interpim.erresse-shop.it\/Import\/Prodotti\/cusinart-frullatore-immersione-rhb100e-image-1.jpg?ssl=1\",\"contentUrl\":\"https:\/\/i1.wp.com\/interpim.erresse-shop.it\/Import\/Prodotti\/cusinart-frullatore-immersione-rhb100e-image-1.jpg?ssl=1\"},{\"@type\":\"BreadcrumbList\",\"@id\":\"https:\/\/dev6.erresse-shop.it\/es\/shop\/cocina\/cuisinart-batidora-de-inmersion-sin-cable\/#breadcrumb\",\"itemListElement\":[{\"@type\":\"ListItem\",\"position\":1,\"name\":\"Home\",\"item\":\"https:\/\/dev6.erresse-shop.it\/\"},{\"@type\":\"ListItem\",\"position\":2,\"name\":\"Tienda\",\"item\":\"https:\/\/dev6.erresse-shop.it\/shop\/\"},{\"@type\":\"ListItem\",\"position\":3,\"name\":\"CUISINART Batidora de inmersi\u00f3n sin cable\"}]},{\"@type\":\"WebSite\",\"@id\":\"https:\/\/dev6.erresse-shop.it\/#website\",\"url\":\"https:\/\/dev6.erresse-shop.it\/\",\"name\":\"Erresse Shop\",\"description\":\"\",\"publisher\":{\"@id\":\"https:\/\/dev6.erresse-shop.it\/#organization\"},\"potentialAction\":[{\"@type\":\"SearchAction\",\"target\":{\"@type\":\"EntryPoint\",\"urlTemplate\":\"https:\/\/dev6.erresse-shop.it\/?s={search_term_string}\"},\"query-input\":{\"@type\":\"PropertyValueSpecification\",\"valueRequired\":true,\"valueName\":\"search_term_string\"}}],\"inLanguage\":\"es\"},{\"@type\":\"Organization\",\"@id\":\"https:\/\/dev6.erresse-shop.it\/#organization\",\"name\":\"Erresse Shop\",\"url\":\"https:\/\/dev6.erresse-shop.it\/\",\"logo\":{\"@type\":\"ImageObject\",\"inLanguage\":\"es\",\"@id\":\"https:\/\/dev6.erresse-shop.it\/#\/schema\/logo\/image\/\",\"url\":\"https:\/\/dev6.erresse-shop.it\/wp-content\/uploads\/2025\/01\/LOGO-ERRESSE-CLASSICO.svg\",\"contentUrl\":\"https:\/\/dev6.erresse-shop.it\/wp-content\/uploads\/2025\/01\/LOGO-ERRESSE-CLASSICO.svg\",\"caption\":\"Erresse Shop\"},\"image\":{\"@id\":\"https:\/\/dev6.erresse-shop.it\/#\/schema\/logo\/image\/\"}}]}<\/script>\n<!-- \/ Yoast SEO plugin. -->","yoast_head_json":{"title":"CUISINART Batidora de inmersi\u00f3n sin cable - dev6 Erresse","description":"COLECCI\u00d3N SIN CABLES Esta batidora de inmersi\u00f3n sin cable, que forma parte de nuestra Colecci\u00f3n Cordless, con su gama de accesorios, es perfecta para","robots":{"index":"noindex","follow":"follow","max-snippet":"max-snippet:-1","max-image-preview":"max-image-preview:large","max-video-preview":"max-video-preview:-1"},"og_locale":"es_ES","og_type":"article","og_title":"CUISINART Batidora de inmersi\u00f3n sin cable - dev6 Erresse","og_description":"COLECCI\u00d3N SIN CABLES Esta batidora de inmersi\u00f3n sin cable, que forma parte de nuestra Colecci\u00f3n Cordless, con su gama de accesorios, es perfecta para","og_url":"https:\/\/dev6.erresse-shop.it\/es\/shop\/cocina\/cuisinart-batidora-de-inmersion-sin-cable\/","og_site_name":"dev6 Erresse","og_image":[{"url":"https:\/\/interpim.erresse-shop.it\/Import\/Prodotti\/cusinart-frullatore-immersione-rhb100e-image-1.jpg","type":"","width":"","height":""},{"url":"https:\/\/interpim.erresse-shop.it\/Import\/Prodotti\/cusinart-frullatore-immersione-rhb100e-image-1.jpg","width":1024,"height":1024,"type":"image\/jpeg"}],"twitter_card":"summary_large_image","twitter_image":"https:\/\/interpim.erresse-shop.it\/Import\/Prodotti\/cusinart-frullatore-immersione-rhb100e-image-1.jpg","schema":{"@context":"https:\/\/schema.org","@graph":[{"@type":"WebPage","@id":"https:\/\/dev6.erresse-shop.it\/es\/shop\/cocina\/cuisinart-batidora-de-inmersion-sin-cable\/","url":"https:\/\/dev6.erresse-shop.it\/es\/shop\/cocina\/cuisinart-batidora-de-inmersion-sin-cable\/","name":"CUISINART Batidora de inmersi\u00f3n sin cable - dev6 Erresse","isPartOf":{"@id":"https:\/\/dev6.erresse-shop.it\/#website"},"primaryImageOfPage":{"@id":"https:\/\/dev6.erresse-shop.it\/es\/shop\/cocina\/cuisinart-batidora-de-inmersion-sin-cable\/#primaryimage"},"image":{"@id":"https:\/\/dev6.erresse-shop.it\/es\/shop\/cocina\/cuisinart-batidora-de-inmersion-sin-cable\/#primaryimage"},"thumbnailUrl":"https:\/\/i1.wp.com\/interpim.erresse-shop.it\/Import\/Prodotti\/cusinart-frullatore-immersione-rhb100e-image-1.jpg?ssl=1","datePublished":"2026-04-12T10:21:09+00:00","description":"COLECCI\u00d3N SIN CABLES Esta batidora de inmersi\u00f3n sin cable, que forma parte de nuestra Colecci\u00f3n Cordless, con su gama de accesorios, es perfecta para","breadcrumb":{"@id":"https:\/\/dev6.erresse-shop.it\/es\/shop\/cocina\/cuisinart-batidora-de-inmersion-sin-cable\/#breadcrumb"},"inLanguage":"es","potentialAction":[{"@type":"ReadAction","target":["https:\/\/dev6.erresse-shop.it\/es\/shop\/cocina\/cuisinart-batidora-de-inmersion-sin-cable\/"]}]},{"@type":"ImageObject","inLanguage":"es","@id":"https:\/\/dev6.erresse-shop.it\/es\/shop\/cocina\/cuisinart-batidora-de-inmersion-sin-cable\/#primaryimage","url":"https:\/\/i1.wp.com\/interpim.erresse-shop.it\/Import\/Prodotti\/cusinart-frullatore-immersione-rhb100e-image-1.jpg?ssl=1","contentUrl":"https:\/\/i1.wp.com\/interpim.erresse-shop.it\/Import\/Prodotti\/cusinart-frullatore-immersione-rhb100e-image-1.jpg?ssl=1"},{"@type":"BreadcrumbList","@id":"https:\/\/dev6.erresse-shop.it\/es\/shop\/cocina\/cuisinart-batidora-de-inmersion-sin-cable\/#breadcrumb","itemListElement":[{"@type":"ListItem","position":1,"name":"Home","item":"https:\/\/dev6.erresse-shop.it\/"},{"@type":"ListItem","position":2,"name":"Tienda","item":"https:\/\/dev6.erresse-shop.it\/shop\/"},{"@type":"ListItem","position":3,"name":"CUISINART Batidora de inmersi\u00f3n sin cable"}]},{"@type":"WebSite","@id":"https:\/\/dev6.erresse-shop.it\/#website","url":"https:\/\/dev6.erresse-shop.it\/","name":"Erresse Shop","description":"","publisher":{"@id":"https:\/\/dev6.erresse-shop.it\/#organization"},"potentialAction":[{"@type":"SearchAction","target":{"@type":"EntryPoint","urlTemplate":"https:\/\/dev6.erresse-shop.it\/?s={search_term_string}"},"query-input":{"@type":"PropertyValueSpecification","valueRequired":true,"valueName":"search_term_string"}}],"inLanguage":"es"},{"@type":"Organization","@id":"https:\/\/dev6.erresse-shop.it\/#organization","name":"Erresse Shop","url":"https:\/\/dev6.erresse-shop.it\/","logo":{"@type":"ImageObject","inLanguage":"es","@id":"https:\/\/dev6.erresse-shop.it\/#\/schema\/logo\/image\/","url":"https:\/\/dev6.erresse-shop.it\/wp-content\/uploads\/2025\/01\/LOGO-ERRESSE-CLASSICO.svg","contentUrl":"https:\/\/dev6.erresse-shop.it\/wp-content\/uploads\/2025\/01\/LOGO-ERRESSE-CLASSICO.svg","caption":"Erresse Shop"},"image":{"@id":"https:\/\/dev6.erresse-shop.it\/#\/schema\/logo\/image\/"}}]}},"df_price":"","df_sale_price":"","df_regular_price":"","df_image_link":"https:\/\/i1.wp.com\/interpim.erresse-shop.it\/Import\/Prodotti\/cusinart-frullatore-immersione-rhb100e-image-1.jpg?resize=300,300&ssl=1","fifu_image_url":"https:\/\/interpim.erresse-shop.it\/Import\/Prodotti\/cusinart-frullatore-immersione-rhb100e-image-1.jpg","_links":{"self":[{"href":"https:\/\/dev6.erresse-shop.it\/es\/wp-json\/wp\/v2\/product\/1882927","targetHints":{"allow":["GET"]}}],"collection":[{"href":"https:\/\/dev6.erresse-shop.it\/es\/wp-json\/wp\/v2\/product"}],"about":[{"href":"https:\/\/dev6.erresse-shop.it\/es\/wp-json\/wp\/v2\/types\/product"}],"wp:featuredmedia":[{"embeddable":true,"href":"https:\/\/dev6.erresse-shop.it\/es\/wp-json\/wp\/v2\/media\/6372387"}],"wp:attachment":[{"href":"https:\/\/dev6.erresse-shop.it\/es\/wp-json\/wp\/v2\/media?parent=1882927"}],"wp:term":[{"taxonomy":"product_cat","embeddable":true,"href":"https:\/\/dev6.erresse-shop.it\/es\/wp-json\/wp\/v2\/product_cat?post=1882927"},{"taxonomy":"product_tag","embeddable":true,"href":"https:\/\/dev6.erresse-shop.it\/es\/wp-json\/wp\/v2\/product_tag?post=1882927"}],"curies":[{"name":"wp","href":"https:\/\/api.w.org\/{rel}","templated":true}]}}