{"id":1882921,"date":"2026-04-04T12:18:23","date_gmt":"2026-04-04T10:18:23","guid":{"rendered":"https:\/\/dev6.erresse-shop.it\/shop\/sin%20categor\u00eda\/berkel-teknica-cuchillo-de-filetear-19-cm-rojo\/"},"modified":"2025-09-14T09:55:47","modified_gmt":"2025-09-14T07:55:47","slug":"berkel-teknica-cuchillo-de-filetear-19-cm-rojo","status":"publish","type":"product","link":"https:\/\/dev6.erresse-shop.it\/es\/shop\/cocina\/cuchillos\/cuchillos-de-cocina\/berkel-teknica-cuchillo-de-filetear-19-cm-rojo\/","title":{"rendered":"BERKEL Teknica Cuchillo de Filetear 19 cm Rojo"},"content":{"rendered":"<p class=\"p1\">El cuchillo para obtener el mejor filete<br \/>\nCuchillo flexible y de f\u00e1cil manejo. Permite obtener f\u00e1cilmente el mejor filete siguiendo delicadamente la forma del alimento. Gracias a la hoja afilada y a la forma curva, es ideal para deshuesar y retirar la piel del pescado sin desgarrar ni estropear la carne. La extrema precisi\u00f3n de corte asegura la reducci\u00f3n de desperdicios incluso en piezas peque\u00f1as.<\/p>\n<p>CARACTER\u00cdSTICAS<br \/>\nPeso: 207 gr<br \/>\nTama\u00f1o de la hoja: 19 cm<br \/>\nLongitud total: 33 cm<br \/>\nMaterial de la hoja: acero inoxidable 1.4116-X50 Cr Mo V15 forjado; Dureza Despu\u00e9s de T.T: 59 HRC; Certificado Catra: Muy Bueno<br \/>\nMango: Resina con acabado satinado<br \/>\nUso y mantenimiento: Recomendamos encarecidamente el lavado a mano con agua caliente para garantizar la integridad del producto y su durabilidad en el tiempo. En cualquier caso, se recomienda secar el cuchillo despu\u00e9s de cada lavado. No utilizar telas ni esponjas abrasivas.<\/p>\n","protected":false},"excerpt":{"rendered":"<p>El cuchillo para obtener el mejor filete Cuchillo flexible y de f\u00e1cil manejo. Permite obtener f\u00e1cilmente el mejor filete siguiendo delicadamente la forma del alimento. Gracias a la hoja afilada y a la forma curva, es ideal para deshuesar y retirar la piel del pescado sin desgarrar ni estropear la carne. La extrema precisi\u00f3n de [&hellip;]<\/p>\n","protected":false},"featured_media":6289076,"template":"","meta":{"_acf_changed":false},"product_cat":[11884,11889],"product_tag":[],"class_list":{"0":"post-1882921","1":"product","2":"type-product","3":"status-publish","4":"has-post-thumbnail","6":"product_cat-cocina","7":"product_cat-cuchillos-de-cocina","9":"first","10":"instock","11":"sale","12":"taxable","13":"shipping-taxable","14":"purchasable","15":"product-type-simple","swatches":"rey-swatches","show_selected":"","stretch_labels":"rey-swatches--stretch-labels"},"acf":[],"yoast_head":"<!-- This site is optimized with the Yoast SEO plugin v25.4 - https:\/\/yoast.com\/wordpress\/plugins\/seo\/ -->\n<title>BERKEL Teknica Cuchillo de Filetear 19 cm Rojo - dev6 Erresse<\/title>\n<meta name=\"description\" content=\"El cuchillo para obtener el mejor filete Cuchillo flexible y de f\u00e1cil manejo. Permite obtener f\u00e1cilmente el mejor filete siguiendo delicadamente la forma\" \/>\n<meta name=\"robots\" content=\"noindex, follow, max-snippet:-1, max-image-preview:large, max-video-preview:-1\" \/>\n<meta property=\"og:locale\" content=\"es_ES\" \/>\n<meta property=\"og:type\" content=\"article\" \/>\n<meta property=\"og:title\" content=\"BERKEL Teknica Cuchillo de Filetear 19 cm Rojo - dev6 Erresse\" \/>\n<meta property=\"og:description\" content=\"El cuchillo para obtener el mejor filete Cuchillo flexible y de f\u00e1cil manejo. Permite obtener f\u00e1cilmente el mejor filete siguiendo delicadamente la forma\" \/>\n<meta property=\"og:url\" content=\"https:\/\/dev6.erresse-shop.it\/es\/shop\/cocina\/cuchillos\/cuchillos-de-cocina\/berkel-teknica-cuchillo-de-filetear-19-cm-rojo\/\" \/>\n<meta property=\"og:site_name\" content=\"dev6 Erresse\" \/>\n<meta property=\"og:image\" content=\"https:\/\/interpim.erresse-shop.it\/Import\/Prodotti\/berkel-teknica-coltello-per-sfilettare-19-cm-rosso.jpg\" \/><meta property=\"og:image\" content=\"https:\/\/interpim.erresse-shop.it\/Import\/Prodotti\/berkel-teknica-coltello-per-sfilettare-19-cm-rosso.jpg\" \/>\n\t<meta property=\"og:image:width\" content=\"1024\" \/>\n\t<meta property=\"og:image:height\" content=\"1024\" \/>\n\t<meta property=\"og:image:type\" content=\"image\/jpeg\" \/>\n<meta name=\"twitter:card\" content=\"summary_large_image\" \/>\n<meta name=\"twitter:image\" content=\"https:\/\/interpim.erresse-shop.it\/Import\/Prodotti\/berkel-teknica-coltello-per-sfilettare-19-cm-rosso.jpg\" \/>\n<script type=\"application\/ld+json\" class=\"yoast-schema-graph\">{\"@context\":\"https:\/\/schema.org\",\"@graph\":[{\"@type\":\"WebPage\",\"@id\":\"https:\/\/dev6.erresse-shop.it\/es\/shop\/cocina\/cuchillos\/cuchillos-de-cocina\/berkel-teknica-cuchillo-de-filetear-19-cm-rojo\/\",\"url\":\"https:\/\/dev6.erresse-shop.it\/es\/shop\/cocina\/cuchillos\/cuchillos-de-cocina\/berkel-teknica-cuchillo-de-filetear-19-cm-rojo\/\",\"name\":\"BERKEL Teknica Cuchillo de Filetear 19 cm Rojo - dev6 Erresse\",\"isPartOf\":{\"@id\":\"https:\/\/dev6.erresse-shop.it\/#website\"},\"primaryImageOfPage\":{\"@id\":\"https:\/\/dev6.erresse-shop.it\/es\/shop\/cocina\/cuchillos\/cuchillos-de-cocina\/berkel-teknica-cuchillo-de-filetear-19-cm-rojo\/#primaryimage\"},\"image\":{\"@id\":\"https:\/\/dev6.erresse-shop.it\/es\/shop\/cocina\/cuchillos\/cuchillos-de-cocina\/berkel-teknica-cuchillo-de-filetear-19-cm-rojo\/#primaryimage\"},\"thumbnailUrl\":\"https:\/\/i1.wp.com\/interpim.erresse-shop.it\/Import\/Prodotti\/berkel-teknica-coltello-per-sfilettare-19-cm-rosso.jpg?ssl=1\",\"datePublished\":\"2026-04-04T10:18:23+00:00\",\"description\":\"El cuchillo para obtener el mejor filete Cuchillo flexible y de f\u00e1cil manejo. Permite obtener f\u00e1cilmente el mejor filete siguiendo delicadamente la forma\",\"breadcrumb\":{\"@id\":\"https:\/\/dev6.erresse-shop.it\/es\/shop\/cocina\/cuchillos\/cuchillos-de-cocina\/berkel-teknica-cuchillo-de-filetear-19-cm-rojo\/#breadcrumb\"},\"inLanguage\":\"es\",\"potentialAction\":[{\"@type\":\"ReadAction\",\"target\":[\"https:\/\/dev6.erresse-shop.it\/es\/shop\/cocina\/cuchillos\/cuchillos-de-cocina\/berkel-teknica-cuchillo-de-filetear-19-cm-rojo\/\"]}]},{\"@type\":\"ImageObject\",\"inLanguage\":\"es\",\"@id\":\"https:\/\/dev6.erresse-shop.it\/es\/shop\/cocina\/cuchillos\/cuchillos-de-cocina\/berkel-teknica-cuchillo-de-filetear-19-cm-rojo\/#primaryimage\",\"url\":\"https:\/\/i1.wp.com\/interpim.erresse-shop.it\/Import\/Prodotti\/berkel-teknica-coltello-per-sfilettare-19-cm-rosso.jpg?ssl=1\",\"contentUrl\":\"https:\/\/i1.wp.com\/interpim.erresse-shop.it\/Import\/Prodotti\/berkel-teknica-coltello-per-sfilettare-19-cm-rosso.jpg?ssl=1\"},{\"@type\":\"BreadcrumbList\",\"@id\":\"https:\/\/dev6.erresse-shop.it\/es\/shop\/cocina\/cuchillos\/cuchillos-de-cocina\/berkel-teknica-cuchillo-de-filetear-19-cm-rojo\/#breadcrumb\",\"itemListElement\":[{\"@type\":\"ListItem\",\"position\":1,\"name\":\"Home\",\"item\":\"https:\/\/dev6.erresse-shop.it\/\"},{\"@type\":\"ListItem\",\"position\":2,\"name\":\"Tienda\",\"item\":\"https:\/\/dev6.erresse-shop.it\/shop\/\"},{\"@type\":\"ListItem\",\"position\":3,\"name\":\"BERKEL Teknica Cuchillo de Filetear 19 cm Rojo\"}]},{\"@type\":\"WebSite\",\"@id\":\"https:\/\/dev6.erresse-shop.it\/#website\",\"url\":\"https:\/\/dev6.erresse-shop.it\/\",\"name\":\"Erresse Shop\",\"description\":\"\",\"publisher\":{\"@id\":\"https:\/\/dev6.erresse-shop.it\/#organization\"},\"potentialAction\":[{\"@type\":\"SearchAction\",\"target\":{\"@type\":\"EntryPoint\",\"urlTemplate\":\"https:\/\/dev6.erresse-shop.it\/?s={search_term_string}\"},\"query-input\":{\"@type\":\"PropertyValueSpecification\",\"valueRequired\":true,\"valueName\":\"search_term_string\"}}],\"inLanguage\":\"es\"},{\"@type\":\"Organization\",\"@id\":\"https:\/\/dev6.erresse-shop.it\/#organization\",\"name\":\"Erresse Shop\",\"url\":\"https:\/\/dev6.erresse-shop.it\/\",\"logo\":{\"@type\":\"ImageObject\",\"inLanguage\":\"es\",\"@id\":\"https:\/\/dev6.erresse-shop.it\/#\/schema\/logo\/image\/\",\"url\":\"https:\/\/dev6.erresse-shop.it\/wp-content\/uploads\/2025\/01\/LOGO-ERRESSE-CLASSICO.svg\",\"contentUrl\":\"https:\/\/dev6.erresse-shop.it\/wp-content\/uploads\/2025\/01\/LOGO-ERRESSE-CLASSICO.svg\",\"caption\":\"Erresse Shop\"},\"image\":{\"@id\":\"https:\/\/dev6.erresse-shop.it\/#\/schema\/logo\/image\/\"}}]}<\/script>\n<!-- \/ Yoast SEO plugin. -->","yoast_head_json":{"title":"BERKEL Teknica Cuchillo de Filetear 19 cm Rojo - dev6 Erresse","description":"El cuchillo para obtener el mejor filete Cuchillo flexible y de f\u00e1cil manejo. Permite obtener f\u00e1cilmente el mejor filete siguiendo delicadamente la forma","robots":{"index":"noindex","follow":"follow","max-snippet":"max-snippet:-1","max-image-preview":"max-image-preview:large","max-video-preview":"max-video-preview:-1"},"og_locale":"es_ES","og_type":"article","og_title":"BERKEL Teknica Cuchillo de Filetear 19 cm Rojo - dev6 Erresse","og_description":"El cuchillo para obtener el mejor filete Cuchillo flexible y de f\u00e1cil manejo. Permite obtener f\u00e1cilmente el mejor filete siguiendo delicadamente la forma","og_url":"https:\/\/dev6.erresse-shop.it\/es\/shop\/cocina\/cuchillos\/cuchillos-de-cocina\/berkel-teknica-cuchillo-de-filetear-19-cm-rojo\/","og_site_name":"dev6 Erresse","og_image":[{"url":"https:\/\/interpim.erresse-shop.it\/Import\/Prodotti\/berkel-teknica-coltello-per-sfilettare-19-cm-rosso.jpg","type":"","width":"","height":""},{"url":"https:\/\/interpim.erresse-shop.it\/Import\/Prodotti\/berkel-teknica-coltello-per-sfilettare-19-cm-rosso.jpg","width":1024,"height":1024,"type":"image\/jpeg"}],"twitter_card":"summary_large_image","twitter_image":"https:\/\/interpim.erresse-shop.it\/Import\/Prodotti\/berkel-teknica-coltello-per-sfilettare-19-cm-rosso.jpg","schema":{"@context":"https:\/\/schema.org","@graph":[{"@type":"WebPage","@id":"https:\/\/dev6.erresse-shop.it\/es\/shop\/cocina\/cuchillos\/cuchillos-de-cocina\/berkel-teknica-cuchillo-de-filetear-19-cm-rojo\/","url":"https:\/\/dev6.erresse-shop.it\/es\/shop\/cocina\/cuchillos\/cuchillos-de-cocina\/berkel-teknica-cuchillo-de-filetear-19-cm-rojo\/","name":"BERKEL Teknica Cuchillo de Filetear 19 cm Rojo - dev6 Erresse","isPartOf":{"@id":"https:\/\/dev6.erresse-shop.it\/#website"},"primaryImageOfPage":{"@id":"https:\/\/dev6.erresse-shop.it\/es\/shop\/cocina\/cuchillos\/cuchillos-de-cocina\/berkel-teknica-cuchillo-de-filetear-19-cm-rojo\/#primaryimage"},"image":{"@id":"https:\/\/dev6.erresse-shop.it\/es\/shop\/cocina\/cuchillos\/cuchillos-de-cocina\/berkel-teknica-cuchillo-de-filetear-19-cm-rojo\/#primaryimage"},"thumbnailUrl":"https:\/\/i1.wp.com\/interpim.erresse-shop.it\/Import\/Prodotti\/berkel-teknica-coltello-per-sfilettare-19-cm-rosso.jpg?ssl=1","datePublished":"2026-04-04T10:18:23+00:00","description":"El cuchillo para obtener el mejor filete Cuchillo flexible y de f\u00e1cil manejo. Permite obtener f\u00e1cilmente el mejor filete siguiendo delicadamente la forma","breadcrumb":{"@id":"https:\/\/dev6.erresse-shop.it\/es\/shop\/cocina\/cuchillos\/cuchillos-de-cocina\/berkel-teknica-cuchillo-de-filetear-19-cm-rojo\/#breadcrumb"},"inLanguage":"es","potentialAction":[{"@type":"ReadAction","target":["https:\/\/dev6.erresse-shop.it\/es\/shop\/cocina\/cuchillos\/cuchillos-de-cocina\/berkel-teknica-cuchillo-de-filetear-19-cm-rojo\/"]}]},{"@type":"ImageObject","inLanguage":"es","@id":"https:\/\/dev6.erresse-shop.it\/es\/shop\/cocina\/cuchillos\/cuchillos-de-cocina\/berkel-teknica-cuchillo-de-filetear-19-cm-rojo\/#primaryimage","url":"https:\/\/i1.wp.com\/interpim.erresse-shop.it\/Import\/Prodotti\/berkel-teknica-coltello-per-sfilettare-19-cm-rosso.jpg?ssl=1","contentUrl":"https:\/\/i1.wp.com\/interpim.erresse-shop.it\/Import\/Prodotti\/berkel-teknica-coltello-per-sfilettare-19-cm-rosso.jpg?ssl=1"},{"@type":"BreadcrumbList","@id":"https:\/\/dev6.erresse-shop.it\/es\/shop\/cocina\/cuchillos\/cuchillos-de-cocina\/berkel-teknica-cuchillo-de-filetear-19-cm-rojo\/#breadcrumb","itemListElement":[{"@type":"ListItem","position":1,"name":"Home","item":"https:\/\/dev6.erresse-shop.it\/"},{"@type":"ListItem","position":2,"name":"Tienda","item":"https:\/\/dev6.erresse-shop.it\/shop\/"},{"@type":"ListItem","position":3,"name":"BERKEL Teknica Cuchillo de Filetear 19 cm Rojo"}]},{"@type":"WebSite","@id":"https:\/\/dev6.erresse-shop.it\/#website","url":"https:\/\/dev6.erresse-shop.it\/","name":"Erresse Shop","description":"","publisher":{"@id":"https:\/\/dev6.erresse-shop.it\/#organization"},"potentialAction":[{"@type":"SearchAction","target":{"@type":"EntryPoint","urlTemplate":"https:\/\/dev6.erresse-shop.it\/?s={search_term_string}"},"query-input":{"@type":"PropertyValueSpecification","valueRequired":true,"valueName":"search_term_string"}}],"inLanguage":"es"},{"@type":"Organization","@id":"https:\/\/dev6.erresse-shop.it\/#organization","name":"Erresse Shop","url":"https:\/\/dev6.erresse-shop.it\/","logo":{"@type":"ImageObject","inLanguage":"es","@id":"https:\/\/dev6.erresse-shop.it\/#\/schema\/logo\/image\/","url":"https:\/\/dev6.erresse-shop.it\/wp-content\/uploads\/2025\/01\/LOGO-ERRESSE-CLASSICO.svg","contentUrl":"https:\/\/dev6.erresse-shop.it\/wp-content\/uploads\/2025\/01\/LOGO-ERRESSE-CLASSICO.svg","caption":"Erresse Shop"},"image":{"@id":"https:\/\/dev6.erresse-shop.it\/#\/schema\/logo\/image\/"}}]}},"df_price":84,"df_sale_price":84,"df_regular_price":109,"df_image_link":"https:\/\/i1.wp.com\/interpim.erresse-shop.it\/Import\/Prodotti\/berkel-teknica-coltello-per-sfilettare-19-cm-rosso.jpg?resize=300,300&ssl=1","fifu_image_url":"https:\/\/interpim.erresse-shop.it\/Import\/Prodotti\/berkel-teknica-coltello-per-sfilettare-19-cm-rosso.jpg","_links":{"self":[{"href":"https:\/\/dev6.erresse-shop.it\/es\/wp-json\/wp\/v2\/product\/1882921","targetHints":{"allow":["GET"]}}],"collection":[{"href":"https:\/\/dev6.erresse-shop.it\/es\/wp-json\/wp\/v2\/product"}],"about":[{"href":"https:\/\/dev6.erresse-shop.it\/es\/wp-json\/wp\/v2\/types\/product"}],"wp:featuredmedia":[{"embeddable":true,"href":"https:\/\/dev6.erresse-shop.it\/es\/wp-json\/wp\/v2\/media\/6289076"}],"wp:attachment":[{"href":"https:\/\/dev6.erresse-shop.it\/es\/wp-json\/wp\/v2\/media?parent=1882921"}],"wp:term":[{"taxonomy":"product_cat","embeddable":true,"href":"https:\/\/dev6.erresse-shop.it\/es\/wp-json\/wp\/v2\/product_cat?post=1882921"},{"taxonomy":"product_tag","embeddable":true,"href":"https:\/\/dev6.erresse-shop.it\/es\/wp-json\/wp\/v2\/product_tag?post=1882921"}],"curies":[{"name":"wp","href":"https:\/\/api.w.org\/{rel}","templated":true}]}}